{"id":61,"date":"2020-06-14T11:56:47","date_gmt":"2020-06-14T11:56:47","guid":{"rendered":"http:\/\/haitises.com\/product\/import-placeholder-for-9252\/"},"modified":"2024-04-24T05:04:08","modified_gmt":"2024-04-24T05:04:08","slug":"hiking-boca-del-diablo-mouth-of-the-devil-to-fronton-beach-samana-day-trip","status":"publish","type":"product","link":"https:\/\/haitises.com\/vi\/rieng-tu\/hiking-boca-del-diablo-mouth-of-the-devil-to-fronton-beach-samana-day-trip\/","title":{"rendered":"\u0110i b\u1ed9 Boca del Diablo &#039;Mi\u1ec7ng c\u1ee7a qu\u1ef7&#039;, \u0111\u1ebfn B\u00e3i bi\u1ec3n Fronton, chuy\u1ebfn \u0111i trong ng\u00e0y Samana."},"content":{"rendered":"<div class=\"vc_row wpb_row vc_row-fluid\" ><div class=\"wpb_column vc_column_container vc_col-sm-12\"><div class=\"vc_column-inner\"><div class=\"wpb_wrapper\"><\/div><\/div><\/div><\/div><div class=\"vc_row wpb_row vc_row-fluid\" ><div class=\"wpb_column vc_column_container vc_col-sm-12\"><div class=\"vc_column-inner\"><div class=\"wpb_wrapper\">[mkdf_section_title title_tag=\u00bb\u00bb disable_break_words=\u00bbno\u00bb subtitle_tag=\u00bb\u00bb title=\u00bbBoca del Diablo \u2018Mouth of the Devil\u2019, to Fronton Beach, Samana day trip.\u00bb subtitle=\u00bbHiking\u00bb]\n\t<div class=\"wpb_text_column wpb_content_element\" >\n\t\t<div class=\"wpb_wrapper\">\n\t\t\t<h3>Hiking Boca del Diablo \u2018Mouth of the Devil\u2019, to Fronton Beach, Samana day trip.<\/h3>\n<h4><b><i>T\u1ed5ng quan <\/i><\/b><\/h4>\n<p>The trip start at our meeting point in Las Galeras, Samana. The most expectacular hiking in Samana. Visiting the Mouth of the devil in spanish Boca Del Diablo, Noise that make the glifs with a presion of water unders the rocks. After visiting the marmolite caves and Boca del Diablo we continue our hiking trough the coconut forest and beutifull views to the ocean until one of the most amazing beach in Dominican Republic. Fronton Beach.<\/p>\n<p>After this experience, you will get Back to hiking to our Meeting point in Las Galeras Community.<\/p>\n<ul>\n<li style=\"font-weight: 400;\">\u0110\u00e3 bao g\u1ed3m ph\u00ed<\/li>\n<li>\u0110\u1ed3 \u0103n nh\u1eb9<\/li>\n<li style=\"font-weight: 400;\">H\u01b0\u1edbng d\u1eabn vi\u00ean \u0111\u1ecba ph\u01b0\u01a1ng b\u1eb1ng ti\u1ebfng Anh ho\u1eb7c ti\u1ebfng Ph\u00e1p<\/li>\n<li>\u0110i b\u1ed9 \u0111\u01b0\u1eddng d\u00e0i<\/li>\n<\/ul>\n<p>&nbsp;<\/p>\n<h4><b>Bao g\u1ed3m &amp; Lo\u1ea1i tr\u1eeb<\/b><\/h4>\n<p>&nbsp;<\/p>\n<p><b>Bao g\u1ed3m<\/b><\/p>\n<ol>\n<li style=\"font-weight: 400;\">Boca del Diablo<\/li>\n<li>Marmolite Caves<\/li>\n<li>Fronton Beach<\/li>\n<li style=\"font-weight: 400;\"><span style=\"font-weight: 400;\">T\u1ea5t c\u1ea3 c\u00e1c lo\u1ea1i thu\u1ebf, ph\u00ed v\u00e0 ph\u00ed x\u1eed l\u00fd<\/span><\/li>\n<li style=\"font-weight: 400;\"><span style=\"font-weight: 400;\">Thu\u1ebf \u0111\u1ecba ph\u01b0\u01a1ng<\/span><\/li>\n<li>\u0110\u1ed3 \u0103n nh\u1eb9<\/li>\n<li>\u0110i b\u1ed9 \u0111\u01b0\u1eddng d\u00e0i<\/li>\n<li style=\"font-weight: 400;\"><span style=\"font-weight: 400;\">M\u1ecdi ho\u1ea1t \u0111\u1ed9ng<\/span><\/li>\n<li style=\"font-weight: 400;\"><span style=\"font-weight: 400;\">H\u01b0\u1edbng d\u1eabn \u0111\u1ecba ph\u01b0\u01a1ng<\/span><\/li>\n<\/ol>\n<p><b> Lo\u1ea1i tr\u1eeb<\/b><\/p>\n<ol>\n<li style=\"font-weight: 400;\"><span style=\"font-weight: 400;\">Ti\u1ec1n th\u01b0\u1edfng<\/span><\/li>\n<li>V\u1eadn t\u1ea3i<\/li>\n<li>B\u1eefa tr\u01b0a<\/li>\n<li style=\"font-weight: 400;\"><span style=\"font-weight: 400;\">\u0110\u1ed3 u\u1ed1ng c\u00f3 c\u1ed3n<\/span><\/li>\n<\/ol>\n<p>&nbsp;<\/p>\n<h4><em><strong>Kh\u1edfi h\u00e0nh &amp; Tr\u1edf v\u1ec1<\/strong><\/em><\/h4>\n<p><span style=\"font-weight: 400;\">Du kh\u00e1ch s\u1ebd c\u00f3 \u0111i\u1ec3m t\u1eadp trung sau qu\u00e1 tr\u00ecnh \u0111\u1eb7t ch\u1ed7. Chuy\u1ebfn tham quan b\u1eaft \u0111\u1ea7u v\u00e0 k\u1ebft th\u00fac t\u1ea1i \u0111i\u1ec3m h\u1eb9n c\u1ee7a b\u1ea1n.<\/span><\/p>\n<p>&nbsp;<\/p>\n<h3><\/h3>\n<h4><b><i>Nh\u1eefng g\u00ec mong \u0111\u1ee3i?<\/i><\/b><\/h4>\n<p><em><strong>Nh\u1eadn v\u00e9 c\u1ee7a b\u1ea1n<\/strong><\/em> for visiting Boca del diablo and Fronton Beach in Samana. Day Trip. Starting from Las Galeras, understory coconuts trees, views, mountains, birds and one of the most beutiful beaches in the Dominican Republic.<\/p>\n<p>The tour, organized by \u00abBooking Adventures\u00bb starts at the meeting point set with the Tour Guide. Come with Booking Adventures and start in boca del diablo a cavern with a vent where large waves\u00a0<img decoding=\"async\" class=\"emoji\" draggable=\"false\" src=\"http:\/\/twemoji.maxcdn.com\/16x16\/1f30a.png\" alt=\"\ud83c\udf0a\" title=\"\">\u00a0come crashing int and sea water is blasted\u00a0<img decoding=\"async\" class=\"emoji\" draggable=\"false\" src=\"http:\/\/twemoji.maxcdn.com\/16x16\/1f4a8.png\" alt=\"\ud83d\udca8\" title=\"\">\u00a0<img decoding=\"async\" class=\"emoji\" draggable=\"false\" src=\"http:\/\/twemoji.maxcdn.com\/16x16\/1f4a6.png\" alt=\"\ud83d\udca6\" title=\"\">\u00a0out of the vent. The big waves would make a lasting cloud of salty water droplets that would blow quite a way inland. The waves state was wild when we were there and we got quite a show.<\/p>\n<div class=\"body-description secondary\">\n<p>After this experiencie we hike 1 30 min to Fronton Beach one of the most beautiful beaches, its thousands of shades of colors that paint its different landscapes&#8230; and here on the beach fronton there is no exception. You have everything around you. . How could I not feel the calm\u2026 the stillness from where I was&#8230; a magical landscape from the sea &#8230; from the ancient mountains&#8230; sun kissed by our eternal sun and it\u2019s never-ending horizon\u2026 the sky above us. and yet theres still more to savor\u2026 this is what we feel there.<\/p>\n<p>We can set lunch and Boat trip back with a extra Cost.\u00a0 After swimming in Fronton Beach we hike back to our meeting point.<\/p>\n<p>&nbsp;<\/p>\n<p>&nbsp;<\/p>\n<\/div>\n<h4><em><strong>B\u1ea1n n\u00ean mang theo nh\u1eefng g\u00ec?<\/strong><\/em><\/h4>\n<ul>\n<li style=\"font-weight: 400;\"><span style=\"font-weight: 400;\">M\u00e1y \u1ea3nh<\/span><\/li>\n<li style=\"font-weight: 400;\"><span style=\"font-weight: 400;\">Ch\u1ed3i \u0111u\u1ed5i<\/span><\/li>\n<li style=\"font-weight: 400;\"><span style=\"font-weight: 400;\">kem ch\u1ed1ng n\u1eafng<\/span><\/li>\n<li>Ph\u00f2ng v\u1ec7 sinh<\/li>\n<li style=\"font-weight: 400;\"><span style=\"font-weight: 400;\">M\u0169<\/span><\/li>\n<li style=\"font-weight: 400;\"><span style=\"font-weight: 400;\">Qu\u1ea7n tho\u1ea3i m\u00e1i<\/span><\/li>\n<li style=\"font-weight: 400;\"><span style=\"font-weight: 400;\">Gi\u00e0y \u0111i r\u1eebng<\/span><\/li>\n<li style=\"font-weight: 400;\"><span style=\"font-weight: 400;\">D\u00e9p \u0111\u1ebfn mi\u1ec1n Xu\u00e2n.<\/span><\/li>\n<li style=\"font-weight: 400;\"><span style=\"font-weight: 400;\">\u0110\u1ed3 b\u01a1i<\/span><\/li>\n<\/ul>\n<p>&nbsp;<\/p>\n<h4><b><i>\u0110\u00f3n kh\u00e1ch s\u1ea1n <\/i><\/b><\/h4>\n<p><span style=\"font-weight: 400;\">D\u1ecbch v\u1ee5 \u0111\u00f3n kh\u00e1ch t\u1ea1i kh\u00e1ch s\u1ea1n kh\u00f4ng \u0111\u01b0\u1ee3c cung c\u1ea5p cho tour n\u00e0y. <\/span><\/p>\n<p>&nbsp;<\/p>\n<p><b>Ghi ch\u00fa:<\/b><span style=\"font-weight: 400;\"> If you are booking within 24 hours of the tour\/Excursion departure time, we can arrangements hotel pick-up with extra Charges. Once your purchase is complete, we will send you complete contact information (phone number, email address, etc.) for our local Tour guide to organize pick-up arrangements.<\/span><\/p>\n<h4><b><i>X\u00e1c nh\u1eadn th\u00f4ng tin b\u1ed5 sung <\/i><\/b><\/h4>\n<ol>\n<li>V\u00e9 l\u00e0 Bi\u00ean lai sau khi thanh to\u00e1n Chuy\u1ebfn tham quan n\u00e0y. B\u1ea1n c\u00f3 th\u1ec3 hi\u1ec3n th\u1ecb kho\u1ea3n thanh to\u00e1n tr\u00ean \u0111i\u1ec7n tho\u1ea1i c\u1ee7a m\u00ecnh.<\/li>\n<li style=\"font-weight: 400;\"><span style=\"font-weight: 400;\">\u0110i\u1ec3m t\u1eadp trung s\u1ebd \u0111\u01b0\u1ee3c nh\u1eadn sau qu\u00e1 tr\u00ecnh \u0111\u1eb7t ch\u1ed7.<\/span><\/li>\n<li style=\"font-weight: 400;\"><span style=\"font-weight: 400;\">Tr\u1ebb em ph\u1ea3i \u0111i c\u00f9ng ng\u01b0\u1eddi l\u1edbn.<\/span><\/li>\n<li style=\"font-weight: 400;\"><span style=\"font-weight: 400;\"> Kh\u00f4ng th\u1ec3 s\u1eed d\u1ee5ng xe l\u0103n <\/span><\/li>\n<li style=\"font-weight: 400;\"><span style=\"font-weight: 400;\">Tr\u1ebb s\u01a1 sinh ph\u1ea3i ng\u1ed3i tr\u00ean \u0111\u00f9i <\/span><\/li>\n<li style=\"font-weight: 400;\"><span style=\"font-weight: 400;\">Kh\u00f4ng khuy\u1ebfn kh\u00edch cho du kh\u00e1ch c\u00f3 v\u1ea5n \u0111\u1ec1 v\u1ec1 l\u01b0ng<\/span><\/li>\n<li style=\"font-weight: 400;\"><span style=\"font-weight: 400;\">Kh\u00f4ng khuy\u1ebfn kh\u00edch cho du kh\u00e1ch mang thai <\/span><\/li>\n<li style=\"font-weight: 400;\"><span style=\"font-weight: 400;\"> Kh\u00f4ng c\u00f3 v\u1ea5n \u0111\u1ec1 v\u1ec1 tim ho\u1eb7c c\u00e1c t\u00ecnh tr\u1ea1ng b\u1ec7nh l\u00fd nghi\u00eam tr\u1ecdng kh\u00e1c <\/span><\/li>\n<li style=\"font-weight: 400;\"><span style=\"font-weight: 400;\">H\u1ea7u h\u1ebft du kh\u00e1ch c\u00f3 th\u1ec3 tham gia<\/span><\/li>\n<\/ol>\n<h4><b><i>Ch\u00ednh s\u00e1ch h\u1ee7y<\/i><\/b><\/h4>\n<p><span style=\"font-weight: 400;\">\u0110\u1ec3 \u0111\u01b0\u1ee3c ho\u00e0n \u0111\u1ee7 ti\u1ec1n, h\u00e3y h\u1ee7y \u00edt nh\u1ea5t 24 gi\u1edd tr\u01b0\u1edbc ng\u00e0y b\u1eaft \u0111\u1ea7u tr\u1ea3i nghi\u1ec7m. Ti\u1ec1n s\u1ebd b\u1ecb m\u1ea5t n\u1ebfu vi\u1ec7c \u0111\u1eb7t ch\u1ed7 b\u1ecb h\u1ee7y trong c\u00f9ng ng\u00e0y c\u1ee7a chuy\u1ebfn \u0111i.<\/span><\/p>\n\n\t\t<\/div>\n\t<\/div>\n<\/div><\/div><\/div><\/div><div class=\"vc_row wpb_row vc_row-fluid\" ><div class=\"wpb_column vc_column_container vc_col-sm-12\"><div class=\"vc_column-inner\"><div class=\"wpb_wrapper\">\n\t<div class=\"wpb_video_widget wpb_content_element vc_clearfix   vc_video-aspect-ratio-169 vc_video-el-width-100 vc_video-align-left\" >\n\t\t<div class=\"wpb_wrapper\">\n\t\t\t<h2 class=\"wpb_heading wpb_video_heading\">Boca del diablo and Fronton beach<\/h2>\n\t\t\t<div class=\"wpb_video_wrapper\"><iframe loading=\"lazy\" title=\"The Saman\u00e1 Peninsula, Dominican Republic (DJI Phantom 4 4K)\" width=\"1100\" height=\"619\" src=\"https:\/\/www.youtube.com\/embed\/DYDXVm8Q_iM?feature=oembed\" frameborder=\"0\" allow=\"accelerometer; autoplay; encrypted-media; gyroscope; picture-in-picture\" allowfullscreen><\/iframe><\/div>\n\t\t<\/div>\n\t<\/div>\n<\/div><\/div><\/div><\/div><div class=\"vc_row wpb_row vc_row-fluid\" ><div class=\"wpb_column vc_column_container vc_col-sm-12\"><div class=\"vc_column-inner\"><div class=\"wpb_wrapper\"><div class=\"vc_empty_space\"   style=\"height: 32px\"><span class=\"vc_empty_space_inner\"><\/span><\/div>\n\t<div class=\"wpb_text_column wpb_content_element\" >\n\t\t<div class=\"wpb_wrapper\">\n\t\t\t<h4>Li\u00ean h\u1ec7 ch\u00fang t\u00f4i?<\/h4>\n<h5>\u0110\u1eb7t ch\u1ed7 cu\u1ed9c phi\u00eau l\u01b0u<\/h5>\n<p><em><strong>Ng\u01b0\u1eddi d\u00e2n \u0111\u1ecba ph\u01b0\u01a1ng<\/strong>\u00a0V\u00e0\u00a0<strong>Qu\u1ed1c t\u1ecbch<\/strong>\u00a0H\u01b0\u1edbng d\u1eabn vi\u00ean du l\u1ecbch &amp; D\u1ecbch v\u1ee5 kh\u00e1ch h\u00e0ng<\/em><\/p>\n<p><span class=\"text-turquoise\">\u0110\u1eb7t ch\u1ed7:<\/span>\u00a0Chuy\u1ebfn tham quan &amp; tham quan t\u1ea1i Dom. Rep.<\/p>\n<p><img decoding=\"async\" class=\"emoji\" draggable=\"false\" src=\"https:\/\/s.w.org\/images\/core\/emoji\/11.2.0\/svg\/1f4de.svg\" alt=\"\ud83d\udcde\" title=\"\">\u00a0\u0110i\u1ec7n tho\u1ea1i\/Whatsapp\u00a0\u00a0<a href=\"tel:+1-809-720-6035\">+1-809-720-6035<\/a>.<\/p>\n<p><img decoding=\"async\" class=\"emoji\" draggable=\"false\" src=\"https:\/\/s.w.org\/images\/core\/emoji\/11.2.0\/svg\/1f4e9.svg\" alt=\"\ud83d\udce9\" title=\"\">\u00a0<a href=\"mailto:info@bookingadventures.com.do\">info@bookingadventures.com.do<\/a><\/p>\n<p><strong>Ch\u00fang t\u00f4i linh ho\u1ea1t thi\u1ebft l\u1eadp c\u00e1c chuy\u1ebfn tham quan ri\u00eang b\u1eb1ng Whatsapp:\u00a0<a href=\"tel:+18097206035\">+18097206035.<\/a><\/strong><\/p>\n\n\t\t<\/div>\n\t<\/div>\n<div class=\"vc_empty_space\"   style=\"height: 32px\"><span class=\"vc_empty_space_inner\"><\/span><\/div><\/div><\/div><\/div><\/div>","protected":false},"excerpt":{"rendered":"<p>The trip starts at our meeting point in Las Galeras, Samana. The most spectacular hiking in Samana. Visiting the Mouth of the devil in Spanish Boca Del Diablo, Noise that makes the glifs with a precion of water under the rocks. After visiting the marmolite caves and Boca del Diablo we continue our hiking trough the coconut forest and beautiful views to the ocean until one of the most amazing beaches in Dominican Republic. Fronton Beach.<\/p>\n<p>&nbsp;<\/p>\n<p><strong>Vui l\u00f2ng ch\u1ecdn ng\u00e0y tham quan:\u00a0<\/strong><\/p>","protected":false},"featured_media":337,"template":"","meta":[],"product_brand":[],"product_cat":[96,124],"product_tag":[206,225,132,133,146,226],"class_list":{"0":"post-61","1":"product","2":"type-product","3":"status-publish","4":"has-post-thumbnail","6":"product_cat-hiking","7":"product_cat-tours-excursions-samana-bay-dominican-republic","8":"product_tag-caves-los-haitises","9":"product_tag-las-terrenas","10":"product_tag-los-haitises","11":"product_tag-los-haitises-national-park","12":"product_tag-mangroves-los-haitises","13":"product_tag-transportation-los-haitises","15":"first","16":"instock","17":"sale","18":"sold-individually","19":"shipping-taxable","20":"product-type-external"},"_links":{"self":[{"href":"https:\/\/haitises.com\/vi\/wp-json\/wp\/v2\/product\/61","targetHints":{"allow":["GET"]}}],"collection":[{"href":"https:\/\/haitises.com\/vi\/wp-json\/wp\/v2\/product"}],"about":[{"href":"https:\/\/haitises.com\/vi\/wp-json\/wp\/v2\/types\/product"}],"wp:featuredmedia":[{"embeddable":true,"href":"https:\/\/haitises.com\/vi\/wp-json\/wp\/v2\/media\/337"}],"wp:attachment":[{"href":"https:\/\/haitises.com\/vi\/wp-json\/wp\/v2\/media?parent=61"}],"wp:term":[{"taxonomy":"product_brand","embeddable":true,"href":"https:\/\/haitises.com\/vi\/wp-json\/wp\/v2\/product_brand?post=61"},{"taxonomy":"product_cat","embeddable":true,"href":"https:\/\/haitises.com\/vi\/wp-json\/wp\/v2\/product_cat?post=61"},{"taxonomy":"product_tag","embeddable":true,"href":"https:\/\/haitises.com\/vi\/wp-json\/wp\/v2\/product_tag?post=61"}],"curies":[{"name":"wp","href":"https:\/\/api.w.org\/{rel}","templated":true}]}}