{"id":609,"date":"2020-07-12T21:58:33","date_gmt":"2020-07-12T21:58:33","guid":{"rendered":"http:\/\/haitises.com\/?post_type=product&#038;p=609"},"modified":"2024-04-16T03:11:10","modified_gmt":"2024-04-16T03:11:10","slug":"ca-voi-samana-cayo-raiseo-dao-bacardi-chuyen-tham-quan-thac-nuoc-el-limon-tu-khach-san-punta-cana","status":"publish","type":"product","link":"https:\/\/haitises.com\/vi\/rieng-tu\/ca-voi-samana-cayo-raiseo-dao-bacardi-chuyen-tham-quan-thac-nuoc-el-limon-tu-khach-san-punta-cana\/","title":{"rendered":"Tour tham quan c\u00e1 voi Saman\u00e1 + Cayo Levantado (\u0110\u1ea3o Bacardi) + Th\u00e1c El Lim\u00f3n t\u1eeb kh\u00e1ch s\u1ea1n Punta Cana"},"content":{"rendered":"<div class=\"vc_row wpb_row vc_row-fluid\" ><div class=\"wpb_column vc_column_container vc_col-sm-12\"><div class=\"vc_column-inner\"><div class=\"wpb_wrapper\">[mkdf_section_title title_tag=\u00bb\u00bb disable_break_words=\u00bbno\u00bb subtitle_tag=\u00bb\u00bb title=\u00bbObservaci\u00f3n de Ballenas 2021 de Punta Cana a La Bah\u00eda de Saman\u00e1\u00bb subtitle=\u00bbCayo Levantado (Bacardi Island) + Cascada El Lim\u00f3n desde los hoteles de Punta Cana.\u00bb]<\/div><\/div><\/div><\/div><div class=\"vc_row wpb_row vc_row-fluid\" ><div class=\"wpb_column vc_column_container vc_col-sm-12\"><div class=\"vc_column-inner\"><div class=\"wpb_wrapper\">\n\t<div class=\"wpb_text_column wpb_content_element\" >\n\t\t<div class=\"wpb_wrapper\">\n\t\t\t<div class=\"vc_row wpb_row vc_row-fluid\">\n<div class=\"wpb_column vc_column_container vc_col-sm-12\">\n<div class=\"vc_column-inner\">\n<div class=\"wpb_wrapper\">\n<div class=\"wpb_text_column wpb_content_element\">\n<div class=\"wpb_wrapper\">\n<div class=\"vc_row wpb_row vc_row-fluid\">\n<div class=\"wpb_column vc_column_container vc_col-sm-12\">\n<div class=\"vc_column-inner\">\n<div class=\"wpb_wrapper\">\n<div class=\"wpb_text_column wpb_content_element\">\n<div class=\"wpb_wrapper\"><\/div>\n<\/div>\n<\/div>\n<\/div>\n<\/div>\n<\/div>\n<\/div>\n<\/div>\n<\/div>\n<\/div>\n<\/div>\n<\/div>\n<div class=\"vc_row wpb_row vc_row-fluid\">\n<div class=\"wpb_column vc_column_container vc_col-sm-12\">\n<div class=\"vc_column-inner\">\n<div class=\"wpb_wrapper\">\n<div class=\"wpb_text_column wpb_content_element\">\n<div class=\"wpb_wrapper\">\n<h3>S\u1ef1 mi\u00eau t\u1ea3<\/h3>\n<p>Ng\u1eafm c\u00e1 voi Punta Cana, ng\u1eafm c\u00e1 voi \u1edf V\u1ecbnh Saman\u00e1 v\u00e0 tham quan Cayo Levantado c\u1ed9ng v\u1edbi El Lim\u00f3n Falls Safari trong chuy\u1ebfn tham quan c\u1ea3 ng\u00e0y t\u1eeb c\u00e1c kh\u00e1ch s\u1ea1n \u1edf Punta Cana \u0110i \u0111\u1ebfn V\u1ecbnh Saman\u00e1 tr\u00ean chi\u1ebfc xe bu\u00fdt c\u00f3 m\u00e1y l\u1ea1nh tho\u1ea3i m\u00e1i, sau \u0111\u00f3 l\u00ean t\u00e0u catamaran ho\u1eb7c thuy\u1ec1n. \u1edf Miches. Du ngo\u1ea1n tr\u00ean v\u00f9ng bi\u1ec3n r\u1ed9ng m\u1edf \u0111\u1ec3 t\u00ecm ki\u1ebfm nh\u1eefng \u0111\u00e0n c\u00e1 voi l\u01b0ng g\u00f9 \u0111\u1ebfn sinh s\u1ea3n v\u00e0 sinh con trong khu v\u1ef1c. T\u00ecm hi\u1ec3u v\u1ec1 h\u00e0nh vi v\u00e0 sinh h\u1ecdc c\u1ee7a nh\u1eefng lo\u00e0i \u0111\u1ed9ng v\u1eadt c\u00f3 v\u00fa d\u01b0\u1edbi bi\u1ec3n n\u00e0y t\u1eeb h\u01b0\u1edbng d\u1eabn vi\u00ean chuy\u00ean nghi\u1ec7p v\u1ec1 t\u1ef1 nhi\u00ean h\u1ecdc c\u1ee7a b\u1ea1n. Ti\u1ebfp t\u1ee5c \u0111\u1ebfn Cayo Levantado\/\u0110\u1ea3o Bacardi, \u0103n tr\u01b0a tr\u00ean b\u00e3i bi\u1ec3n v\u00e0 ng\u00e2m m\u00ecnh trong l\u00e0n n\u01b0\u1edbc trong xanh sau chuy\u1ebfn \u0111i s\u0103n \u0111\u1ebfn th\u00e1c n\u01b0\u1edbc Lim\u00f3n v\u1edbi ng\u1ef1a c\u01b0\u1ee1i qua r\u1eebng d\u1eeba tr\u01b0\u1edbc khi quay tr\u1edf l\u1ea1i Punta Cana.<\/p>\n<p><strong>Ghi ch\u00fa:<\/strong> Chuy\u1ebfn tham quan n\u00e0y kh\u00f4ng ri\u00eang t\u01b0. Chuy\u1ebfn tham quan n\u00e0y bao g\u1ed3m m\u1ed9t \u0111i\u1ec3m d\u1eebng \u1edf th\u00e1c Lim\u00f3n. \u0110\u1ec3 \u0111\u1eb7t chuy\u1ebfn \u0111i t\u01b0\u01a1ng t\u1ef1 v\u00e0 kh\u00f4ng \u0111i th\u00e1c n\u01b0\u1edbc, B\u1ea4M V\u00c0O \u0110\u00c2Y.<\/p>\n<ul>\n<li>xem c\u00e1 voi<\/li>\n<li>\u0110\u1ea3o Bacardi \/ Cayo Levantado<\/li>\n<li>V\u00e9 v\u00e0o c\u1ed5ng \u0111\u00e0i quan s\u00e1t<\/li>\n<li>Samana Safari<\/li>\n<li>Th\u00e1c n\u01b0\u1edbc El Limon C\u01b0\u1ee1i ng\u1ef1a<\/li>\n<li>Bao g\u1ed3m b\u1eefa tr\u01b0a buffet tr\u00ean b\u00e3i bi\u1ec3n.<\/li>\n<li>V\u1eadn t\u1ea3i bi\u1ec3n (t\u00e0u)<\/li>\n<li>Thuy\u1ec1n tr\u01b0\u1edfng cung c\u1ea5p h\u01b0\u1edbng d\u1eabn v\u00e0 gi\u00e1m s\u00e1t.<\/li>\n<li>H\u01b0\u1edbng d\u1eabn vi\u00ean du l\u1ecbch<\/li>\n<\/ul>\n<p>&nbsp;<\/p>\n<h3><em>Bao g\u1ed3m v\u00e0 lo\u1ea1i tr\u1eeb<\/em><\/h3>\n<h4>Bao g\u1ed3m<\/h4>\n<ol>\n<li>Buffet tr\u01b0a tr\u00ean b\u00e3i bi\u1ec3n.<\/li>\n<li>Chuy\u1ec3n t\u1eeb kh\u00e1ch s\u1ea1n<\/li>\n<li>H\u01b0\u1edbng d\u1eabn vi\u00ean du l\u1ecbch<\/li>\n<li>\u0110i thuy\u1ec1n catamaran ho\u1eb7c \u0111i thuy\u1ec1n<\/li>\n<li>T\u1ea5t c\u1ea3 c\u00e1c lo\u1ea1i thu\u1ebf, ph\u00ed v\u00e0 ph\u00ed x\u1eed l\u00fd<\/li>\n<li>Thu\u1ebf \u0111\u1ecba ph\u01b0\u01a1ng<\/li>\n<li>\u0110\u00f4\u0340 u\u00f4\u0341ng<\/li>\n<\/ol>\n<h4>Lo\u1ea1i tr\u1eeb<\/h4>\n<ol>\n<li>L\u1eddi khuy\u00ean<\/li>\n<\/ol>\n<h3>Kh\u1edfi h\u00e0nh v\u00e0 tr\u1edf v\u1ec1<\/h3>\n<p>D\u1ecbch v\u1ee5 \u0111\u00f3n kh\u00e1ch t\u1ea1i kh\u00e1ch s\u1ea1n \u0111\u01b0\u1ee3c cung c\u1ea5p cho chuy\u1ebfn tham quan n\u00e0y. Trong ph\u1ea7n ghi ch\u00fa ch\u1ec9 c\u1ea7n ghi t\u00ean kh\u00e1ch s\u1ea1n \u0111\u1ec3 \u0111\u00f3n. Ch\u00fang t\u00f4i \u0111\u00f3n t\u1eeb t\u1ea5t c\u1ea3 c\u00e1c kh\u00e1ch s\u1ea1n \u1edf Punta Cana.<\/p>\n<h3>Ng\u1eafm c\u00e1 voi Saman\u00e1 + Cayo Levantado (\u0110\u1ea3o Bacardi) + Th\u00e1c n\u01b0\u1edbc Lim\u00f3n t\u1eeb c\u00e1c kh\u00e1ch s\u1ea1n \u1edf Punta Cana.<\/h3>\n<h3><em>Nh\u1eefng g\u00ec mong \u0111\u1ee3i?<\/em><\/h3>\n<p>\u0110\u1ebfn g\u1ea7n nh\u1eefng sinh v\u1eadt kh\u1ed5ng l\u1ed3 hi\u1ec1n l\u00e0nh c\u1ee7a bi\u1ec3n C\u1ed9ng h\u00f2a Dominica trong chuy\u1ebfn tham quan ng\u1eafm c\u00e1 voi l\u01b0ng g\u00f9 k\u00e9o d\u00e0i 12 gi\u1edd \u1edf V\u1ecbnh S\u00e1mana. H\u00e3y d\u00e0nh m\u1ed9t ng\u00e0y kh\u00f3 qu\u00ean \u0111\u1ec3 ng\u1eafm nh\u00ecn h\u00e0ng ngh\u00ecn con c\u00e1 voi \u0111\u1ebfn \u0111\u1ea3o m\u1ed7i n\u0103m \u0111\u1ec3 giao ph\u1ed1i, ki\u1ebfm \u0103n v\u00e0 ch\u01a1i \u0111\u00f9a trong v\u00f9ng n\u01b0\u1edbc nhi\u1ec7t \u0111\u1edbi \u1ea5m \u00e1p. Khi quan s\u00e1t nh\u1eefng sinh v\u1eadt xinh \u0111\u1eb9p n\u00e0y, b\u1ea1n s\u1ebd \u0111\u01b0\u1ee3c t\u1eadn h\u01b0\u1edfng c\u00e1i nh\u00ecn s\u00e2u s\u1eafc \u0111\u1ed9c \u0111\u00e1o t\u1eeb h\u01b0\u1edbng d\u1eabn vi\u00ean chuy\u00ean nghi\u1ec7p quan s\u00e1t c\u00e1 voi c\u1ee7a m\u00ecnh. K\u1ebft th\u00fac m\u1ed9t ng\u00e0y v\u1edbi b\u1eefa tr\u01b0a v\u00e0 th\u1eddi gian \u0111i bi\u1ec3n tr\u00ean h\u00f2n \u0111\u1ea3o Cayo Levantado xinh \u0111\u1eb9p. V\u1eadn chuy\u1ec3n kh\u00e1ch s\u1ea1n kh\u1ee9 h\u1ed3i c\u0169ng \u0111\u01b0\u1ee3c bao g\u1ed3m.<\/p>\n<p>T\u1eeb 9:00 s\u00e1ng \u0111\u1ebfn 12:00 tr\u01b0a \u0110\u00e0i quan s\u00e1t c\u00e1 voi v\u00e0 sau chuy\u1ebfn \u0111i n\u00e0y ch\u00fang ta s\u1ebd gh\u00e9 th\u0103m \u0110\u1ea3o Bacardi \/ Cayo Levantado. Tr\u00ean \u0111\u1ea3o Bacardi, b\u1eefa tr\u01b0a t\u1ef1 ch\u1ecdn ki\u1ec3u Dominica \u0111i\u1ec3n h\u00ecnh s\u1ebd \u0111\u01b0\u1ee3c cung c\u1ea5p (c\u01a1m, \u0111\u1eadu, c\u00e1, salad\u2026). Khi \u0103n tr\u01b0a xong, b\u1ea1n \u0111\u01b0\u1ee3c ph\u00e9p b\u01a1i v\u00e0 chu\u1ea9n b\u1ecb \u0111\u1ebfn th\u00e1c El Lim\u00f3n cho \u0111\u1ebfn 4:30 chi\u1ec1u. Chuy\u1ebfn tham quan s\u1ebd k\u1ebft th\u00fac l\u00fac 5:00 chi\u1ec1u t\u1ea1i c\u00f9ng m\u1ed9t b\u1ebfn c\u1ea3ng n\u01a1i b\u1ea1n s\u1ebd b\u1eaft \u0111\u1ea7u tr\u00ean t\u00e0u catamaran c\u1ee7a ch\u00fang t\u00f4i v\u00e0 xe \u0111\u01b0a \u0111\u00f3n c\u1ee7a b\u1ea1n Tr\u1edf v\u1ec1. \u0111\u1ebfn c\u00e1c kh\u00e1ch s\u1ea1n \u1edf Punta Cana.<\/p>\n<p><strong>L\u1ecbch tr\u00ecnh:<\/strong><\/p>\n<ul>\n<li>6:00 \u2013 7:00 \u0110\u00f3n kh\u00e1ch t\u1eeb c\u00e1c kh\u00e1ch s\u1ea1n kh\u00e1c nhau.<\/li>\n<li>07:00 Kh\u1edfi h\u00e0nh \u0111\u1ebfn Las Canitas \u1edf Sabana de la Mar<\/li>\n<li>08:15 \u0110\u1ebfn b\u1ebfn t\u00e0u ri\u00eang<\/li>\n<li>08:15 \u2013 8:40 \u0102n s\u00e1ng (b\u00e1nh m\u00ec, b\u00e1nh n\u01b0\u1edbng x\u1ed1p, tr\u00e0, c\u00e0 ph\u00ea, n\u01b0\u1edbc tr\u00e1i c\u00e2y)<\/li>\n<li>8:45 L\u00ean m\u00e1y bay \u0111\u1ec3 b\u1eaft \u0111\u1ea7u chuy\u1ebfn \u0111i \u0111\u1ebfn khu b\u1ea3o t\u1ed3n c\u00e1 voi l\u01b0ng g\u00f9 \u1edf Saman\u00e1<\/li>\n<li>11:00 T\u00ecm ki\u1ebfm c\u00e1 voi trong kho\u1ea3ng th\u1eddi gian 45 ph\u00fat. \u0110\u00e2y l\u00e0 th\u1eddi gian tu\u00e2n theo c\u00e1c quy \u0111\u1ecbnh c\u1ee7a ch\u00ednh ph\u1ee7.<\/li>\n<li>11:45 \u0110i \u0111\u1ebfn Cayo Levantado \u1edf V\u1ecbnh Saman\u00e1<\/li>\n<li>12:30 \u0110\u1ebfn Cayo Levantado<\/li>\n<li>13:00 \u0102n tr\u01b0a (b\u1eefa tr\u01b0a t\u1ef1 ch\u1ecdn, \u0111i\u1ec3n h\u00ecnh c\u1ee7a ng\u01b0\u1eddi Dominica) *<\/li>\n<li>13:45 \u2013 15:30 T\u1ef1 do \u1edf Cayo Levantado<\/li>\n<li>15:00 \u2013 15:45 L\u00ean t\u00e0u \u0111i Miches<\/li>\n<li>17:00 \u0110\u1ebfn Miches v\u00e0 kh\u1edfi h\u00e0nh v\u1ec1 kh\u00e1ch s\u1ea1n \u1edf Punta Cana<\/li>\n<li>19:30 \u2013 20:00 \u0110\u1ebfn kh\u00e1ch s\u1ea1n \u1edf Punta Cana<\/li>\n<\/ul>\n<p>* Th\u1ef1c \u0111\u01a1n b\u1eefa tr\u01b0a (\u0111i\u1ec3n h\u00ecnh c\u1ee7a ng\u01b0\u1eddi Dominica)<br \/>\nC\u01a1m, g\u00e0 n\u01b0\u1edbng ho\u1eb7c c\u00e1 n\u01b0\u1edbng, salad, rau c\u1ee7, tr\u00e1i c\u00e2y t\u01b0\u01a1i.<\/p>\n<p>*Nh\u1eefng kh\u00e1ch h\u00e0ng ch\u1ecdn th\u00eam \u0111i\u1ec3m d\u1eebng \u1edf th\u00e1c El Lim\u00f3n sau khi xem c\u00e1 voi s\u1ebd di chuy\u1ec3n \u0111\u1ebfn th\u00e1c v\u00e0 c\u00f3 \u00edt th\u1eddi gian \u1edf Cayo Levantado h\u01a1n.<\/p>\n<p>Chuy\u1ebfn tham quan n\u00e0y bao g\u1ed3m m\u1ed9t \u0111i\u1ec3m d\u1eebng \u1edf th\u00e1c Lim\u00f3n. \u0110\u1ec3 \u0111\u1eb7t chuy\u1ebfn \u0111i t\u01b0\u01a1ng t\u1ef1 v\u00e0 kh\u00f4ng \u0111i th\u00e1c n\u01b0\u1edbc, B\u1ea4M V\u00c0O \u0110\u00c2Y.<\/p>\n<h3><em>B\u1ea1n n\u00ean mang theo nh\u1eefng g\u00ec?<\/em><\/h3>\n<ul>\n<li>M\u00e1y \u1ea3nh<\/li>\n<li>Thu\u1ed1c \u0111u\u1ed5i<\/li>\n<li>kem ch\u1ed1ng n\u1eafng<\/li>\n<li>M\u0169<\/li>\n<li>Qu\u1ea7n tho\u1ea3i m\u00e1i<\/li>\n<li>D\u00e9p \u0111i bi\u1ec3n<\/li>\n<li>\u0110\u1ed3 b\u01a1i<\/li>\n<li>Ti\u1ec1n m\u1eb7t \u0111\u1ec3 mua qu\u00e0 l\u01b0u ni\u1ec7m v\u00e0 ti\u1ec1n boa<\/li>\n<\/ul>\n<h3><em>\u0110\u00f3n kh\u00e1ch s\u1ea1n<\/em><\/h3>\n<p>D\u1ecbch v\u1ee5 \u0111\u00f3n kh\u00e1ch t\u1ea1i kh\u00e1ch s\u1ea1n \u0111\u01b0\u1ee3c cung c\u1ea5p cho chuy\u1ebfn tham quan n\u00e0y. Trong ph\u1ea7n ghi ch\u00fa ch\u1ec9 c\u1ea7n ghi t\u00ean kh\u00e1ch s\u1ea1n \u0111\u1ec3 \u0111\u00f3n. Ch\u00fang t\u00f4i \u0111\u00f3n t\u1eeb t\u1ea5t c\u1ea3 c\u00e1c kh\u00e1ch s\u1ea1n \u1edf Punta Cana.<\/p>\n<p><strong>Ghi ch\u00fa:<\/strong> N\u1ebfu b\u1ea1n \u0111\u1eb7t v\u00e9 trong v\u00f2ng 24 gi\u1edd tr\u01b0\u1edbc gi\u1edd kh\u1edfi h\u00e0nh chuy\u1ebfn tham quan\/chuy\u1ebfn tham quan, ch\u00fang t\u00f4i c\u00f3 th\u1ec3 s\u1eafp x\u1ebfp \u0111\u00f3n kh\u00e1ch t\u1ea1i kh\u00e1ch s\u1ea1n. Sau khi vi\u1ec7c mua h\u00e0ng c\u1ee7a b\u1ea1n ho\u00e0n t\u1ea5t, ch\u00fang t\u00f4i s\u1ebd g\u1eedi cho b\u1ea1n th\u00f4ng tin li\u00ean h\u1ec7 \u0111\u1ea7y \u0111\u1ee7 (s\u1ed1 \u0111i\u1ec7n tho\u1ea1i, \u0111\u1ecba ch\u1ec9 email, v.v.) \u0111\u1ec3 h\u01b0\u1edbng d\u1eabn vi\u00ean du l\u1ecbch \u0111\u1ecba ph\u01b0\u01a1ng c\u1ee7a ch\u00fang t\u00f4i s\u1eafp x\u1ebfp vi\u1ec7c \u0111\u00f3n.<\/p>\n<h3><em>X\u00e1c nh\u1eadn th\u00f4ng tin b\u1ed5 sung<\/em><\/h3>\n<ul>\n<li>V\u00e9 l\u00e0 Bi\u00ean lai sau khi thanh to\u00e1n cho Chuy\u1ebfn tham quan n\u00e0y. B\u1ea1n c\u00f3 th\u1ec3 hi\u1ec3n th\u1ecb kho\u1ea3n thanh to\u00e1n tr\u00ean \u0111i\u1ec7n tho\u1ea1i c\u1ee7a m\u00ecnh.<\/li>\n<li>\u0110i\u1ec3m t\u1eadp trung s\u1ebd \u0111\u01b0\u1ee3c nh\u1eadn sau qu\u00e1 tr\u00ecnh \u0111\u1eb7t ch\u1ed7.<\/li>\n<li>Tr\u1ebb em ph\u1ea3i \u0111i c\u00f9ng ng\u01b0\u1eddi l\u1edbn.<\/li>\n<li>C\u00f3 th\u1ec3 s\u1eed d\u1ee5ng cho xe l\u0103n<\/li>\n<li>Tr\u1ebb s\u01a1 sinh n\u00ean ng\u1ed3i tr\u00ean \u0111\u00f9i<\/li>\n<li>H\u1ea7u h\u1ebft du kh\u00e1ch c\u00f3 th\u1ec3 tham gia.<\/li>\n<\/ul>\n<h3><em>Ch\u00ednh s\u00e1ch h\u1ee7y<\/em><\/h3>\n<p>\u0110\u1ec3 \u0111\u01b0\u1ee3c ho\u00e0n \u0111\u1ee7 ti\u1ec1n, h\u00e3y h\u1ee7y \u00edt nh\u1ea5t 24 gi\u1edd tr\u01b0\u1edbc ng\u00e0y b\u1eaft \u0111\u1ea7u tr\u1ea3i nghi\u1ec7m.<\/p>\n<h4>Li\u00ean h\u1ec7 v\u1edbi ch\u00fang t\u00f4i!<br \/>\nTOUR C\u00c1 NH\u00c1 SAMANA<\/h4>\n<p>H\u01b0\u1edbng d\u1eabn vi\u00ean du l\u1ecbch <strong>M\u1eb7t b\u1eb1ng<\/strong> V\u00e0 <strong>qu\u1ed1c gia<\/strong> v\u00e0 d\u1ecbch v\u1ee5 kh\u00e1ch<\/p>\n<p>\u0110\u1eb7t ch\u1ed7: C\u00e1c chuy\u1ebfn tham quan v\u00e0 du ngo\u1ea1n t\u1ea1i Dom. Rep.<\/p>\n<p>\u0110i\u1ec7n tho\u1ea1i\/Whatsapp +1-809-720-6035.<\/p>\n<p>info@bookingadventures.com.do<\/p>\n<p><em>Ch\u00fang t\u00f4i thi\u1ebft l\u1eadp linh ho\u1ea1t cho c\u00e1c chuy\u1ebfn tham quan ri\u00eang<\/em>\u00a0<strong>WhatsApp:\u00a0<a href=\"tel:+18097206035\">+18097206035.<\/a><\/strong><\/p>\n<\/div>\n<\/div>\n<\/div>\n<\/div>\n<\/div>\n<\/div>\n\n\t\t<\/div>\n\t<\/div>\n<\/div><\/div><\/div><\/div>","protected":false},"excerpt":{"rendered":"<p>T\u1eeb c\u00e1c kh\u00e1ch s\u1ea1n \u1edf Punta Cana, ch\u00fang ta s\u1ebd t\u1eadn h\u01b0\u1edfng c\u1ea3nh quan tuy\u1ec7t \u0111\u1eb9p c\u1ee7a \u0110\u00f4ng Cordillera khi l\u00e1i xe v\u1ec1 ph\u00eda b\u1eafc Punta Cana tr\u01b0\u1edbc khi \u0111\u1ebfn th\u1ecb tr\u1ea5n \u0111\u00e1nh c\u00e1 nh\u1ecf Miches, tr\u00ean b\u1edd bi\u1ec3n ph\u00eda nam c\u1ee7a V\u1ecbnh Saman\u00e1. \u1ede \u0111\u00f3 b\u1ea1n c\u00f3 th\u1ec3 th\u01b0\u1edfng th\u1ee9c b\u1eefa s\u00e1ng nhanh tr\u01b0\u1edbc khi l\u00ean thuy\u1ec1n \u0111\u1ebfn Saman\u00e1. Ch\u00fang ta s\u1ebd \u0111i thuy\u1ec1n s\u00e2u v\u00e0o v\u1ecbnh \u0111\u1ec3 ng\u1eafm c\u00e1 voi. \u0110\u1ea7u ti\u00ean ch\u00fang ta s\u1ebd \u0111\u1ebfn Cayo Levantado, c\u00f2n \u0111\u01b0\u1ee3c g\u1ecdi l\u00e0 \u0110\u1ea3o Bacardi do n\u00f3 r\u1ea5t gi\u1ed1ng v\u1edbi nh\u1eefng b\u00e3i bi\u1ec3n m\u00e0 r\u01b0\u1ee3u rum Bacardi t\u1eebng s\u1eed d\u1ee5ng cho c\u00e1c qu\u1ea3ng c\u00e1o n\u1ed5i ti\u1ebfng c\u1ee7a m\u00ecnh. Cayo Levantado l\u00e0 m\u1ed9t \u1ed1c \u0111\u1ea3o nhi\u1ec7t \u0111\u1edbi: m\u1ed9t h\u00f2n \u0111\u1ea3o nh\u1ecf gi\u1eefa \u0111\u1ea1i d\u01b0\u01a1ng v\u1edbi l\u00e0n n\u01b0\u1edbc trong xanh v\u00e0 b\u00e3i c\u00e1t tr\u1eafng. Sau \u0111\u00f3, \u0111o\u00e0n Safari trong c\u1ed9ng \u0111\u1ed3ng Saman\u00e1 s\u1ebd \u0111\u1ebfn th\u00e1c n\u01b0\u1edbc. T\u1ea1i th\u00e1c, Lim\u00f3n chu\u1ea9n b\u1ecb c\u01b0\u1ee1i ng\u1ef1a ho\u1eb7c \u0111i b\u1ed9 \u0111\u01b0\u1eddng d\u00e0i. \u0110\u00e2y l\u00e0 m\u1ed9t cu\u1ed9c phi\u00eau l\u01b0u ho\u00e0n ch\u1ec9nh \u0111\u1ed9c \u0111\u00e1o.<\/p>\n<p>Chuy\u1ebfn tham quan n\u00e0y bao g\u1ed3m m\u1ed9t \u0111i\u1ec3m d\u1eebng \u1edf th\u00e1c Lim\u00f3n. \u0110\u1ec3 \u0111\u1eb7t chuy\u1ebfn \u0111i t\u01b0\u01a1ng t\u1ef1 v\u00e0 kh\u00f4ng \u0111i th\u00e1c n\u01b0\u1edbc, B\u1ea4M V\u00c0O \u0110\u00c2Y.<\/p>\n<p><strong>Vui l\u00f2ng ch\u1ecdn ng\u00e0y tham quan:<\/strong><\/p>","protected":false},"featured_media":427,"template":"","meta":[],"product_brand":[],"product_cat":[120,443,232],"product_tag":[390,137,162,364,260,283,345,420,201,141,391,228,147,392,357,271,421,393,234,280,394,236,395],"class_list":{"0":"post-609","1":"product","2":"type-product","3":"status-publish","4":"has-post-thumbnail","6":"product_cat-fees-entrace","7":"product_cat-tours-y-excursiones-es","8":"product_cat-whale-watching-samana","9":"product_tag-390","10":"product_tag-bacardi-island","11":"product_tag-cayo-levantado-day-pass","12":"product_tag-cheap-punta-cana-excursions","13":"product_tag-day-trip-punta-cana","14":"product_tag-el-limon-waterfall-and-bacardi-island-tour-from-punta-cana","15":"product_tag-half-day-whale-watching-miches","16":"product_tag-limon-from-punta-cana","17":"product_tag-private-tours-samana","18":"product_tag-punta-cana","19":"product_tag-punta-cana-activities","20":"product_tag-punta-cana-tours","21":"product_tag-samana-bay","22":"product_tag-samana-day-trip","23":"product_tag-samana-day-trip-from-punta-cana","24":"product_tag-samana-whale-watching","25":"product_tag-waterfalls-punta-cana","26":"product_tag-whale-punta-cana","27":"product_tag-whale-samana","28":"product_tag-whale-watching-2020","29":"product_tag-whale-watching-2020-in-punta-cana-to-samana-bay-cayo-levantado-bacardi-island-from-hotels","30":"product_tag-whale-watching-dominican-republic","31":"product_tag-whale-watching-punta-cana","33":"first","34":"instock","35":"sale","36":"sold-individually","37":"shipping-taxable","38":"product-type-external"},"_links":{"self":[{"href":"https:\/\/haitises.com\/vi\/wp-json\/wp\/v2\/product\/609","targetHints":{"allow":["GET"]}}],"collection":[{"href":"https:\/\/haitises.com\/vi\/wp-json\/wp\/v2\/product"}],"about":[{"href":"https:\/\/haitises.com\/vi\/wp-json\/wp\/v2\/types\/product"}],"wp:featuredmedia":[{"embeddable":true,"href":"https:\/\/haitises.com\/vi\/wp-json\/wp\/v2\/media\/427"}],"wp:attachment":[{"href":"https:\/\/haitises.com\/vi\/wp-json\/wp\/v2\/media?parent=609"}],"wp:term":[{"taxonomy":"product_brand","embeddable":true,"href":"https:\/\/haitises.com\/vi\/wp-json\/wp\/v2\/product_brand?post=609"},{"taxonomy":"product_cat","embeddable":true,"href":"https:\/\/haitises.com\/vi\/wp-json\/wp\/v2\/product_cat?post=609"},{"taxonomy":"product_tag","embeddable":true,"href":"https:\/\/haitises.com\/vi\/wp-json\/wp\/v2\/product_tag?post=609"}],"curies":[{"name":"wp","href":"https:\/\/api.w.org\/{rel}","templated":true}]}}