{"id":568,"date":"2020-06-27T20:23:04","date_gmt":"2020-06-27T20:23:04","guid":{"rendered":"http:\/\/haitises.com\/?post_type=product&#038;p=568"},"modified":"2024-04-16T21:12:55","modified_gmt":"2024-04-16T21:12:55","slug":"excursion-cascada-el-limon-y-almuerzo-en-playa-de-las-terrenas","status":"publish","type":"product","link":"https:\/\/haitises.com\/vi\/rieng-tu\/excursion-cascada-el-limon-y-almuerzo-en-playa-de-las-terrenas\/","title":{"rendered":"Chuy\u1ebfn tham quan th\u00e1c El Lim\u00f3n v\u00e0 \u0103n tr\u01b0a t\u1ea1i b\u00e3i bi\u1ec3n Las Terrenas"},"content":{"rendered":"<div class=\"vc_row wpb_row vc_row-fluid\" ><div class=\"wpb_column vc_column_container vc_col-sm-12\"><div class=\"vc_column-inner\"><div class=\"wpb_wrapper\">[mkdf_section_title subtitle_tag=\u00bb\u00bb subtitle=\u00bbCaballos + Cascadas + Playa\u00bb]<\/div><\/div><\/div><\/div><div class=\"vc_row wpb_row vc_row-fluid\" ><div class=\"wpb_column vc_column_container vc_col-sm-12\"><div class=\"vc_column-inner\"><div class=\"wpb_wrapper\">\n\t<div class=\"wpb_text_column wpb_content_element\" >\n\t\t<div class=\"wpb_wrapper\">\n\t\t\t<h2>Cascadas El Lim\u00f3n + Las Terrenas con almuerzo en la playa<\/h2>\n<h3>S\u1ef1 mi\u00eau t\u1ea3<\/h3>\n<p>Este es un tour privado a la Cascada El Lim\u00f3n con paseos a caballo o senderismo. Visitando el bosque de cacao y caf\u00e9 bajo el cultivo de cocos. Cuando llegue a las cascadas, podr\u00e1 nadar y establecer la hora con su gu\u00eda local. Despu\u00e9s de disfrutar de un almuerzo t\u00edpico en la playa de Las Terrenas.<\/p>\n<p>Aprenda con los lugare\u00f1os y disfrute de un viaje seguro. Obtenga sus entradas en oferta hoy.<\/p>\n<ul>\n<li>Incluye almuerzo en la playa<\/li>\n<li>Caballos o senderismo<\/li>\n<li>El gu\u00eda proporciona instrucciones y supervisi\u00f3n.<\/li>\n<li>Tarifas al Parque Nacional<\/li>\n<\/ul>\n<h3>Bao g\u1ed3m v\u00e0 lo\u1ea1i tr\u1eeb<\/h3>\n<h4>Bao g\u1ed3m<\/h4>\n<ol>\n<li>Buffet tr\u01b0a tr\u00ean b\u00e3i bi\u1ec3n.<\/li>\n<li>Excursi\u00f3n a pie o a caballo<\/li>\n<li>T\u1ea5t c\u1ea3 c\u00e1c lo\u1ea1i thu\u1ebf, ph\u00ed v\u00e0 ph\u00ed x\u1eed l\u00fd<\/li>\n<li>Thu\u1ebf \u0111\u1ecba ph\u01b0\u01a1ng<\/li>\n<li>\u0110\u00f4\u0340 u\u00f4\u0341ng<\/li>\n<li>T\u1ea5t c\u1ea3 c\u00e1c ho\u1ea1t \u0111\u1ed9ng<\/li>\n<li>H\u01b0\u1edbng d\u1eabn \u0111\u1ecba ph\u01b0\u01a1ng<\/li>\n<\/ol>\n<h4>Lo\u1ea1i tr\u1eeb<\/h4>\n<ol>\n<li>L\u1eddi khuy\u00ean<\/li>\n<li>Chuy\u00ean ch\u1edf<\/li>\n<li>\u0110\u1ed3 u\u1ed1ng c\u00f3 c\u1ed3n<\/li>\n<\/ol>\n<h3><em>Kh\u1edfi h\u00e0nh v\u00e0 tr\u1edf v\u1ec1<\/em><\/h3>\n<p>Du kh\u00e1ch s\u1ebd c\u00f3 \u0111i\u1ec3m t\u1eadp trung sau qu\u00e1 tr\u00ecnh \u0111\u1eb7t ph\u00f2ng. Chuy\u1ebfn tham quan b\u1eaft \u0111\u1ea7u v\u00e0 k\u1ebft th\u00fac t\u1ea1i \u0111i\u1ec3m h\u1eb9n c\u1ee7a ch\u00fang t\u00f4i.<\/p>\n<h3><em>Nh\u1eefng g\u00ec mong \u0111\u1ee3i?<\/em><\/h3>\n<p>Obtenga sus boletos para visitar La cascada El Lim\u00f3n en Saman\u00e1, adem\u00e1s de un maravilloso almuerzo y tiempo de playa en la playa de Las Terrenas.<\/p>\n<p>El recorrido organizado por \u00abBooking Adventures\u00bb, comienza en el punto de encuentro establecido con el gu\u00eda tur\u00edstico.<\/p>\n<p>Los mejores viajes privados a las cascadas de El Lim\u00f3n con un gu\u00eda tur\u00edstico local. Reserve un viaje a caballo por el bosque, rodeando el r\u00edo Lim\u00f3n, visitando plantaciones de cacao y caf\u00e9 bajo las palmeras de sombra de coco.<\/p>\n<p>Primero, det\u00e9ngase en la peque\u00f1a cascada donde generalmente no hay mucha gente y puede nadar. Luego continuamos hacia la gran cascada donde nos quedaremos durante una hora o m\u00e1s si lo desea.<\/p>\n<p>Llevar los caballos de vuelta al restaurante donde disfrutaremos de un almuerzo t\u00edpico en la playa. Pescado frito con Tostones y Ensalada o puede obtener otras opciones en el men\u00fa con cargos adicionales.<\/p>\n<p>Despu\u00e9s de la hora de playa nuestro recorrido termina.<\/p>\n<p>Almuerza en la playa y puedes quedarte todo el tiempo que quieras nadando. Se ofrecen Pescado frito y Tostones! Si eres vegano, tambi\u00e9n podemos prepararte algo de comida.<\/p>\n<h3><em>B\u1ea1n n\u00ean mang theo nh\u1eefng g\u00ec?<\/em><\/h3>\n<ul>\n<li>M\u00e1y \u1ea3nh<\/li>\n<li>Thu\u1ed1c \u0111u\u1ed5i<\/li>\n<li>Kem ch\u1ed1ng n\u1eafng<\/li>\n<li>M\u0169<\/li>\n<li>Qu\u1ea7n tho\u1ea3i m\u00e1i<\/li>\n<li>Gi\u00e0y \u0111i r\u1eebng<\/li>\n<li>Sandalias de playa<\/li>\n<li>\u0110\u1ed3 b\u01a1i<\/li>\n<\/ul>\n<h3><em>\u0110\u00f3n kh\u00e1ch s\u1ea1n<\/em><\/h3>\n<p>D\u1ecbch v\u1ee5 \u0111\u00f3n kh\u00e1ch t\u1ea1i kh\u00e1ch s\u1ea1n kh\u00f4ng \u0111\u01b0\u1ee3c cung c\u1ea5p cho chuy\u1ebfn tham quan n\u00e0y.<\/p>\n<p><strong>Ghi ch\u00fa:<\/strong> Si realiza la reserva dentro de las 24 horas de la hora de salida del tour \/ excursi\u00f3n, podemos organizar la recogida en el hotel con cargos adicionales. Una vez que se complete su compra, le enviaremos informaci\u00f3n de contacto completa (n\u00famero de tel\u00e9fono, direcci\u00f3n de correo electr\u00f3nico, etc.) para que nuestro gu\u00eda tur\u00edstico local organice los arreglos de recogida.<\/p>\n<h3><em>X\u00e1c nh\u1eadn th\u00f4ng tin b\u1ed5 sung<\/em><\/h3>\n<ul>\n<li>V\u00e9 l\u00e0 Bi\u00ean lai sau khi thanh to\u00e1n cho Chuy\u1ebfn tham quan n\u00e0y. B\u1ea1n c\u00f3 th\u1ec3 hi\u1ec3n th\u1ecb kho\u1ea3n thanh to\u00e1n tr\u00ean \u0111i\u1ec7n tho\u1ea1i c\u1ee7a m\u00ecnh.<\/li>\n<li>\u0110i\u1ec3m t\u1eadp trung s\u1ebd \u0111\u01b0\u1ee3c nh\u1eadn sau qu\u00e1 tr\u00ecnh \u0111\u1eb7t ch\u1ed7.<\/li>\n<li>Tr\u1ebb em ph\u1ea3i \u0111i c\u00f9ng ng\u01b0\u1eddi l\u1edbn.<\/li>\n<li>Kh\u00f4ng th\u1ec3 s\u1eed d\u1ee5ng xe l\u0103n<\/li>\n<li>Tr\u1ebb s\u01a1 sinh n\u00ean ng\u1ed3i tr\u00ean gh\u1ebf em b\u00e9 ho\u1eb7c ng\u1ed3i c\u00f9ng ng\u01b0\u1eddi l\u1edbn<\/li>\n<li>Kh\u00f4ng n\u00ean d\u00f9ng cho du kh\u00e1ch c\u00f3 v\u1ea5n \u0111\u1ec1 v\u1ec1 l\u01b0ng.<\/li>\n<li>Kh\u00f4ng n\u00ean d\u00f9ng cho ph\u1ee5 n\u1eef mang thai.<\/li>\n<li>Kh\u00f4ng c\u00f3 v\u1ea5n \u0111\u1ec1 v\u1ec1 tim ho\u1eb7c c\u00e1c t\u00ecnh tr\u1ea1ng b\u1ec7nh l\u00fd nghi\u00eam tr\u1ecdng kh\u00e1c.<\/li>\n<li>H\u1ea7u h\u1ebft du kh\u00e1ch c\u00f3 th\u1ec3 tham gia.<\/li>\n<\/ul>\n<h3><em>Ch\u00ednh s\u00e1ch h\u1ee7y<\/em><\/h3>\n<p>\u0110\u1ec3 \u0111\u01b0\u1ee3c ho\u00e0n \u0111\u1ee7 ti\u1ec1n, h\u00e3y h\u1ee7y \u00edt nh\u1ea5t 24 gi\u1edd tr\u01b0\u1edbc ng\u00e0y b\u1eaft \u0111\u1ea7u tr\u1ea3i nghi\u1ec7m.<\/p>\n\n\t\t<\/div>\n\t<\/div>\n<\/div><\/div><\/div><\/div><div class=\"vc_row wpb_row vc_row-fluid\" ><div class=\"wpb_column vc_column_container vc_col-sm-12\"><div class=\"vc_column-inner\"><div class=\"wpb_wrapper\"><div class=\"vc_empty_space\"   style=\"height: 32px\"><span class=\"vc_empty_space_inner\"><\/span><\/div><\/div><\/div><\/div><\/div><div class=\"vc_row wpb_row vc_row-fluid\" ><div class=\"wpb_column vc_column_container vc_col-sm-12\"><div class=\"vc_column-inner\"><div class=\"wpb_wrapper\">\n\t<div class=\"wpb_text_column wpb_content_element\" >\n\t\t<div class=\"wpb_wrapper\">\n\t\t\t<h4>Li\u00ean h\u1ec7 ch\u00fang t\u00f4i?<\/h4>\n<h3><em>Li\u00ean h\u1ec7 ch\u00fang t\u00f4i?<\/em><\/h3>\n<p>\u0110\u1eb7t ch\u1ed7 phi\u00eau l\u01b0u<br \/>\nH\u01b0\u1edbng d\u1eabn vi\u00ean v\u00e0 d\u1ecbch v\u1ee5 du l\u1ecbch trong n\u01b0\u1edbc v\u00e0 \u0111\u1ecba ph\u01b0\u01a1ng<\/p>\n<p>\u0110\u1eb7t ch\u1ed7: C\u00e1c chuy\u1ebfn tham quan v\u00e0 du ngo\u1ea1n t\u1ea1i Dom. Reps.<\/p>\n<p>\ud83d\udcde \u0110i\u1ec7n tho\u1ea1i\/Whatsapp +1-809-720-6035.<\/p>\n<p>\ud83d\udce9 info@bookingadventures.com.do<\/p>\n<p>Hacemos tours privados de con flexibilidad por Whatsapp: +18097206035.<\/p>\n\n\t\t<\/div>\n\t<\/div>\n<\/div><\/div><\/div><\/div>","protected":false},"excerpt":{"rendered":"<p>Este es un tour privado a las cascadas El Lim\u00f3n con paseos a caballo o senderismo. Visitando el bosque de cacao y caf\u00e9 bajo los cultivos de coco. Cuando llegue a las cascadas, podr\u00e1 nadar y establecer la hora con su gu\u00eda local. Despu\u00e9s de disfrutar de un almuerzo t\u00edpico en la playa de Las Terrenas.<\/p>\n<p>Aprenda con los locales y disfrute de un viaje seguro. Obtenga sus entradas en oferta hoy.<\/p>\n<p><strong>Vui l\u00f2ng ch\u1ecdn ng\u00e0y cho chuy\u1ebfn tham quan:<\/strong><\/p>","protected":false},"featured_media":226,"template":"","meta":[],"product_brand":[],"product_cat":[97,194,122,443,123,124],"product_tag":[137,138,140,142,143],"class_list":{"0":"post-568","1":"product","2":"type-product","3":"status-publish","4":"has-post-thumbnail","6":"product_cat-horse-riding-to-waterfalls","7":"product_cat-salto-el-limon-samana-dominican-republic","8":"product_cat-tours-and-excursions","9":"product_cat-tours-y-excursiones-es","10":"product_cat-tours-excursions-los-haitises-national-park","11":"product_cat-tours-excursions-samana-bay-dominican-republic","12":"product_tag-bacardi-island","13":"product_tag-beach-time","14":"product_tag-el-limon-waterfalls","15":"product_tag-samana","16":"product_tag-samana-tours","18":"first","19":"instock","20":"sale","21":"sold-individually","22":"shipping-taxable","23":"product-type-external"},"_links":{"self":[{"href":"https:\/\/haitises.com\/vi\/wp-json\/wp\/v2\/product\/568","targetHints":{"allow":["GET"]}}],"collection":[{"href":"https:\/\/haitises.com\/vi\/wp-json\/wp\/v2\/product"}],"about":[{"href":"https:\/\/haitises.com\/vi\/wp-json\/wp\/v2\/types\/product"}],"wp:featuredmedia":[{"embeddable":true,"href":"https:\/\/haitises.com\/vi\/wp-json\/wp\/v2\/media\/226"}],"wp:attachment":[{"href":"https:\/\/haitises.com\/vi\/wp-json\/wp\/v2\/media?parent=568"}],"wp:term":[{"taxonomy":"product_brand","embeddable":true,"href":"https:\/\/haitises.com\/vi\/wp-json\/wp\/v2\/product_brand?post=568"},{"taxonomy":"product_cat","embeddable":true,"href":"https:\/\/haitises.com\/vi\/wp-json\/wp\/v2\/product_cat?post=568"},{"taxonomy":"product_tag","embeddable":true,"href":"https:\/\/haitises.com\/vi\/wp-json\/wp\/v2\/product_tag?post=568"}],"curies":[{"name":"wp","href":"https:\/\/api.w.org\/{rel}","templated":true}]}}