{"id":564,"date":"2020-06-27T01:33:01","date_gmt":"2020-06-27T01:33:01","guid":{"rendered":"http:\/\/haitises.com\/?post_type=product&#038;p=564"},"modified":"2024-04-17T17:19:20","modified_gmt":"2024-04-17T17:19:20","slug":"chuyen-tham-quan-bang-thuyen-kayak-los-haitises-2-gio","status":"publish","type":"product","link":"https:\/\/haitises.com\/vi\/rieng-tu\/chuyen-tham-quan-bang-thuyen-kayak-los-haitises-2-gio\/","title":{"rendered":"Chuy\u1ebfn tham quan b\u1eb1ng thuy\u1ec1n kayak \u1edf Los Haitises 2 gi\u1edd"},"content":{"rendered":"<div class=\"vc_row wpb_row vc_row-fluid\" ><div class=\"wpb_column vc_column_container vc_col-sm-12\"><div class=\"vc_column-inner\"><div class=\"wpb_wrapper\">[mkdf_section_title subtitle_tag=\u00bb\u00bb subtitle=\u00bbKayaks y gu\u00eda local\u00bb]<\/div><\/div><\/div><\/div><div class=\"vc_row wpb_row vc_row-fluid\" ><div class=\"wpb_column vc_column_container vc_col-sm-12\"><div class=\"vc_column-inner\"><div class=\"wpb_wrapper\"><div class=\"vc_empty_space\"   style=\"height: 32px\"><span class=\"vc_empty_space_inner\"><\/span><\/div><\/div><\/div><\/div><\/div><div class=\"vc_row wpb_row vc_row-fluid\" ><div class=\"wpb_column vc_column_container vc_col-sm-12\"><div class=\"vc_column-inner\"><div class=\"wpb_wrapper\">\n\t<div class=\"wpb_text_column wpb_content_element\" >\n\t\t<div class=\"wpb_wrapper\">\n\t\t\t<div class=\"vc_row wpb_row vc_row-fluid\">\n<div class=\"wpb_column vc_column_container vc_col-sm-12\">\n<div class=\"vc_column-inner\">\n<div class=\"wpb_wrapper\">\n<div class=\"mkdf-section-title-holder\">\n<div class=\"mkdf-st-inner\">\n<h2>Ch\u00e8o thuy\u1ec1n kayak \u1edf C\u00f4ng vi\u00ean Qu\u1ed1c gia Los Haitises v\u1edbi h\u01b0\u1edbng d\u1eabn vi\u00ean du l\u1ecbch Ca\u00f1o Hondo 2 gi\u1edd<\/h2>\n<h3>S\u1ef1 mi\u00eau t\u1ea3<\/h3>\n<p>Ch\u00e8o thuy\u1ec1n kayak trong r\u1eebng ng\u1eadp m\u1eb7n \u1edf C\u00f4ng vi\u00ean Qu\u1ed1c gia Los Haitises v\u1edbi h\u01b0\u1edbng d\u1eabn vi\u00ean \u0111\u1ecba ph\u01b0\u01a1ng trong 2 gi\u1edd. Tham quan r\u1eebng ng\u1eadp m\u1eb7n tr\u00ean s\u00f4ng Ca\u00f1o Hondo c\u1ed9ng v\u1edbi t\u1ed5ng quan v\u1ec1 V\u1ecbnh San Lorenzo \u1edf C\u00f4ng vi\u00ean Qu\u1ed1c gia Los Haitises, khu v\u1ef1c Sabana de la Mar Ca\u00f1o Hondo. Trong tr\u01b0\u1eddng h\u1ee3p b\u1ea1n th\u00edch chuy\u1ebfn tham quan d\u00e0i h\u01a1n: Ch\u00e8o thuy\u1ec1n kayak 4 gi\u1edd \u1edf Los Haitises.<\/p>\n<ul>\n<li>H\u01b0\u1edbng d\u1eabn cung c\u1ea5p h\u01b0\u1edbng d\u1eabn v\u00e0 gi\u00e1m s\u00e1t.<\/li>\n<li>Thuy\u1ec1n kayak v\u00e0 m\u00e1i ch\u00e8o c\u00f3 s\u1eb5n \u0110\u00f4i cho hai ng\u01b0\u1eddi v\u00e0 \u0110\u01a1n gi\u1ea3n cho m\u1ed9t ng\u01b0\u1eddi.<\/li>\n<\/ul>\n<h3>Bao g\u1ed3m v\u00e0 lo\u1ea1i tr\u1eeb<\/h3>\n<h4>Bao g\u1ed3m<\/h4>\n<ol>\n<li>chuy\u1ebfn \u0111i ch\u00e8o thuy\u1ec1n kayak<\/li>\n<li>T\u1ea5t c\u1ea3 c\u00e1c lo\u1ea1i thu\u1ebf, ph\u00ed v\u00e0 ph\u00ed x\u1eed l\u00fd<\/li>\n<li>Thu\u1ebf \u0111\u1ecba ph\u01b0\u01a1ng<\/li>\n<li>H\u01b0\u1edbng d\u1eabn \u0111\u1ecba ph\u01b0\u01a1ng<\/li>\n<\/ol>\n<h4>Lo\u1ea1i tr\u1eeb<\/h4>\n<ol>\n<li>L\u1eddi khuy\u00ean<\/li>\n<li>Chuy\u00ean ch\u1edf<\/li>\n<li>B\u1eefa tr\u01b0a <em>KH\u00d4NG<\/em> n\u00f3 \u0111\u01b0\u1ee3c bao g\u1ed3m.<\/li>\n<li>C\u00e1c hang \u0111\u1ed9ng <em>KH\u00d4NG<\/em> ch\u00fang \u0111\u01b0\u1ee3c bao g\u1ed3m<\/li>\n<li>\u0110\u1ed3 u\u1ed1ng c\u00f3 c\u1ed3n<\/li>\n<\/ol>\n<h3><em>Kh\u1edfi h\u00e0nh v\u00e0 tr\u1edf v\u1ec1<\/em><\/h3>\n<p>Du kh\u00e1ch s\u1ebd c\u00f3 \u0111i\u1ec3m t\u1eadp trung sau qu\u00e1 tr\u00ecnh \u0111\u1eb7t ph\u00f2ng. Chuy\u1ebfn tham quan b\u1eaft \u0111\u1ea7u v\u00e0 k\u1ebft th\u00fac t\u1ea1i \u0111i\u1ec3m h\u1eb9n c\u1ee7a ch\u00fang t\u00f4i.<\/p>\n<h3>Nh\u1eefng g\u00ec mong \u0111\u1ee3i?<\/h3>\n<p>Nh\u1eadn v\u00e9 tham gia chuy\u1ebfn tham quan b\u1eb1ng thuy\u1ec1n kayak k\u00e9o d\u00e0i 2 gi\u1edd t\u1edbi R\u1eebng S\u00f4ng Ca\u00f1o Hondo (r\u1eebng ng\u1eadp m\u1eb7n) c\u00f9ng h\u01b0\u1edbng d\u1eabn vi\u00ean du l\u1ecbch \u0111\u1ecba ph\u01b0\u01a1ng.<\/p>\n<p>Khi ch\u00fang t\u00f4i c\u00f3 \u0111\u01b0\u1ee3c t\u1ea5t c\u1ea3 c\u00e1c lo\u1ea1i thi\u1ebft b\u1ecb c\u1ea7n thi\u1ebft cho s\u1ef1 an to\u00e0n c\u1ee7a b\u1ea1n (\u00e1o phao, v.v.), h\u00e0nh \u0111\u1ed9ng s\u1ebd b\u1eaft \u0111\u1ea7u ch\u00e8o thuy\u1ec1n kayak tr\u00ean S\u00f4ng Ca\u00f1o Hondo.<\/p>\n<p>El recorrido, organizado por \u00abBooking Adventures\u00bb, comienza en el punto de encuentro establecido con el gu\u00eda tur\u00edstico. Tomando kayaks y atravesando manglares, pasando por antiguas cuevas piratas y en bosques protegidos en esta pintoresca reserva a partir del \u00e1rea de los Hoteles Ca\u00f1o Hondo o de Sabana de la Mar.<\/p>\n<p>H\u00e3y \u0111\u1ebfn v\u1edbi Booking Adventures v\u00e0 b\u1eaft \u0111\u1ea7u kh\u00e1m ph\u00e1 m\u1ed9t s\u1ed1 khu r\u1eebng ng\u1eadp m\u1eb7n \u0111\u1ea7y chim, nh\u1eefng ng\u1ecdn \u0111\u1ed3i tr\u1ea3i d\u00e0i v\u1edbi th\u1ea3m th\u1ef1c v\u1eadt t\u01b0\u01a1i t\u1ed1t v\u00e0 hang \u0111\u1ed9ng c\u1ee7a C\u00f4ng vi\u00ean Qu\u1ed1c gia Los Haitises. Tham gia chuy\u1ebfn du ngo\u1ea1n b\u1eb1ng thuy\u1ec1n kayak t\u1eeb S\u00f4ng Ca\u00f1o Hondo, Sabana de la Mar. B\u0103ng qua r\u1eebng ng\u1eadp m\u1eb7n v\u00e0 \u0111\u1ea5t li\u1ec1n v\u00e0o v\u1ecbnh San Lorenzo r\u1ed9ng m\u1edf, t\u1eeb \u0111\u00f3 b\u1ea1n c\u00f3 th\u1ec3 ch\u1ee5p \u1ea3nh phong c\u1ea3nh r\u1eebng r\u1eadm g\u1ed3 gh\u1ec1. Nh\u00ecn ra m\u1eb7t n\u01b0\u1edbc \u0111\u1ec3 ng\u1eafm l\u1ee3n bi\u1ec3n, \u0111\u1ed9ng v\u1eadt gi\u00e1p x\u00e1c v\u00e0 c\u00e1 heo.<\/p>\n<p>Trong tr\u01b0\u1eddng h\u1ee3p b\u1ea1n th\u00edch chuy\u1ebfn \u0111i n\u00e0y, ch\u00fang t\u00f4i c\u00f3 l\u1ef1a ch\u1ecdn th\u1ee9 hai: ch\u00e8o thuy\u1ec1n kayak \u1edf Los Haitises 4 gi\u1edd<\/p>\n<p>Chuy\u1ebfn tham quan k\u1ebft th\u00fac t\u1ea1i \u0111i\u1ec3m xu\u1ea5t ph\u00e1t \u1edf C\u00f4ng vi\u00ean Qu\u1ed1c gia Los Haitises. Ch\u00fang t\u00f4i khuy\u00ean b\u1ea1n n\u00ean th\u1ef1c hi\u1ec7n chuy\u1ebfn \u0111i n\u00e0y l\u00fac 6:00 s\u00e1ng trong tr\u01b0\u1eddng h\u1ee3p b\u1ea1n mu\u1ed1n xem l\u1ee3n bi\u1ec3n, \u0111\u1ed9ng v\u1eadt gi\u00e1p x\u00e1c v\u00e0 c\u00e1 heo.<\/p>\n<p>6:00 s\u00e1ng c\u00f2n s\u1edbm n\u00ean ch\u01b0a c\u00f3 thuy\u1ec1n n\u00e0o \u1edf V\u01b0\u1eddn Qu\u1ed1c gia Los Haitises.<\/p>\n<h3><em>B\u1ea1n n\u00ean mang theo nh\u1eefng g\u00ec?<\/em><\/h3>\n<ul>\n<li>M\u00e1y \u1ea3nh<\/li>\n<li>Thu\u1ed1c \u0111u\u1ed5i<\/li>\n<li>Kem ch\u1ed1ng n\u1eafng<\/li>\n<li>M\u0169<\/li>\n<li>Qu\u1ea7n tho\u1ea3i m\u00e1i<\/li>\n<li>D\u00e9p x\u0103ng \u0111an<\/li>\n<li>\u0110\u1ed3 b\u01a1i<\/li>\n<\/ul>\n<h3><em>\u0110\u00f3n kh\u00e1ch s\u1ea1n<\/em><\/h3>\n<p>D\u1ecbch v\u1ee5 \u0111\u00f3n kh\u00e1ch t\u1ea1i kh\u00e1ch s\u1ea1n kh\u00f4ng \u0111\u01b0\u1ee3c cung c\u1ea5p cho chuy\u1ebfn tham quan n\u00e0y.<\/p>\n<p><strong>Ghi ch\u00fa:<\/strong> N\u1ebfu b\u1ea1n \u0111\u1eb7t v\u00e9 trong v\u00f2ng 24 gi\u1edd tr\u01b0\u1edbc gi\u1edd kh\u1edfi h\u00e0nh chuy\u1ebfn tham quan\/chuy\u1ebfn tham quan, ch\u00fang t\u00f4i c\u00f3 th\u1ec3 s\u1eafp x\u1ebfp \u0111\u00f3n kh\u00e1ch t\u1ea1i kh\u00e1ch s\u1ea1n v\u1edbi m\u1ed9t kho\u1ea3n ph\u1ee5 ph\u00ed. Sau khi vi\u1ec7c mua h\u00e0ng c\u1ee7a b\u1ea1n ho\u00e0n t\u1ea5t, ch\u00fang t\u00f4i s\u1ebd g\u1eedi cho b\u1ea1n th\u00f4ng tin li\u00ean h\u1ec7 \u0111\u1ea7y \u0111\u1ee7 (s\u1ed1 \u0111i\u1ec7n tho\u1ea1i, \u0111\u1ecba ch\u1ec9 email, v.v.) \u0111\u1ec3 h\u01b0\u1edbng d\u1eabn vi\u00ean du l\u1ecbch \u0111\u1ecba ph\u01b0\u01a1ng c\u1ee7a ch\u00fang t\u00f4i s\u1eafp x\u1ebfp vi\u1ec7c \u0111\u00f3n.<\/p>\n<h3><em>X\u00e1c nh\u1eadn th\u00f4ng tin b\u1ed5 sung<\/em><\/h3>\n<ul>\n<li>V\u00e9 l\u00e0 Bi\u00ean lai sau khi thanh to\u00e1n cho Chuy\u1ebfn tham quan n\u00e0y. B\u1ea1n c\u00f3 th\u1ec3 hi\u1ec3n th\u1ecb kho\u1ea3n thanh to\u00e1n tr\u00ean \u0111i\u1ec7n tho\u1ea1i c\u1ee7a m\u00ecnh.<\/li>\n<li>\u0110i\u1ec3m t\u1eadp trung s\u1ebd \u0111\u01b0\u1ee3c nh\u1eadn sau qu\u00e1 tr\u00ecnh \u0111\u1eb7t ch\u1ed7.<\/li>\n<li>Tr\u1ebb em ph\u1ea3i \u0111i c\u00f9ng ng\u01b0\u1eddi l\u1edbn.<\/li>\n<li>Kh\u00f4ng th\u1ec3 s\u1eed d\u1ee5ng xe l\u0103n<\/li>\n<li>Tr\u1ebb s\u01a1 sinh n\u00ean ng\u1ed3i tr\u00ean gh\u1ebf em b\u00e9 ho\u1eb7c ng\u1ed3i c\u00f9ng ng\u01b0\u1eddi l\u1edbn<\/li>\n<li>Kh\u00f4ng n\u00ean d\u00f9ng cho du kh\u00e1ch c\u00f3 v\u1ea5n \u0111\u1ec1 v\u1ec1 l\u01b0ng.<\/li>\n<li>Kh\u00f4ng n\u00ean d\u00f9ng cho ph\u1ee5 n\u1eef mang thai.<\/li>\n<li>Kh\u00f4ng c\u00f3 v\u1ea5n \u0111\u1ec1 v\u1ec1 tim ho\u1eb7c c\u00e1c t\u00ecnh tr\u1ea1ng b\u1ec7nh l\u00fd nghi\u00eam tr\u1ecdng kh\u00e1c.<\/li>\n<li>H\u1ea7u h\u1ebft du kh\u00e1ch c\u00f3 th\u1ec3 tham gia<\/li>\n<\/ul>\n<h3><em>Ch\u00ednh s\u00e1ch h\u1ee7y<\/em><\/h3>\n<p>\u0110\u1ec3 \u0111\u01b0\u1ee3c ho\u00e0n \u0111\u1ee7 ti\u1ec1n, h\u00e3y h\u1ee7y \u00edt nh\u1ea5t 24 gi\u1edd tr\u01b0\u1edbc ng\u00e0y b\u1eaft \u0111\u1ea7u tr\u1ea3i nghi\u1ec7m.<\/p>\n<h3><em>Li\u00ean h\u1ec7 ch\u00fang t\u00f4i?<\/em><\/h3>\n<p>\u0110\u1eb7t ch\u1ed7 phi\u00eau l\u01b0u<br \/>\nH\u01b0\u1edbng d\u1eabn vi\u00ean v\u00e0 d\u1ecbch v\u1ee5 du l\u1ecbch trong n\u01b0\u1edbc v\u00e0 \u0111\u1ecba ph\u01b0\u01a1ng<\/p>\n<p>\u0110\u1eb7t ch\u1ed7: C\u00e1c chuy\u1ebfn tham quan v\u00e0 du ngo\u1ea1n t\u1ea1i Dom. Reps.<\/p>\n<p>\ud83d\udcde \u0110i\u1ec7n tho\u1ea1i\/Whatsapp +1-809-720-6035.<\/p>\n<p>\ud83d\udce9 info@bookingadventures.com.do<\/p>\n<p>Ch\u00fang t\u00f4i th\u1ef1c hi\u1ec7n c\u00e1c chuy\u1ebfn tham quan ri\u00eang m\u1ed9t c\u00e1ch linh ho\u1ea1t b\u1eb1ng Whatsapp: +18097206035.<\/p>\n<\/div>\n<\/div>\n<\/div>\n<\/div>\n<\/div>\n<\/div>\n<div class=\"vc_row wpb_row vc_row-fluid\">\n<div class=\"wpb_column vc_column_container vc_col-sm-12\">\n<div class=\"vc_column-inner\">\n<div class=\"wpb_wrapper\">\n<div class=\"wpb_text_column wpb_content_element\">\n<div class=\"wpb_wrapper\"><\/div>\n<\/div>\n<\/div>\n<\/div>\n<\/div>\n<\/div>\n\n\t\t<\/div>\n\t<\/div>\n<\/div><\/div><\/div><\/div>","protected":false},"excerpt":{"rendered":"<p>Chuy\u1ebfn tham quan \u0111\u1ebfn C\u00f4ng vi\u00ean Qu\u1ed1c gia Los Haitises t\u1eeb Kh\u00e1ch s\u1ea1n Sabana de la Mar ho\u1eb7c Ca\u00f1o Hondo. Ch\u00e8o thuy\u1ec1n kayak trong r\u1eebng ng\u1eadp m\u1eb7n \u1edf C\u00f4ng vi\u00ean Qu\u1ed1c gia Los Haitises v\u1edbi h\u01b0\u1edbng d\u1eabn vi\u00ean du l\u1ecbch \u0111\u1ecba ph\u01b0\u01a1ng. Tham quan r\u1eebng ng\u1eadp m\u1eb7n tr\u00ean s\u00f4ng Ca\u00f1o Hondo c\u1ed9ng v\u1edbi t\u1ed5ng quan v\u1ec1 V\u1ecbnh San Lorenzo \u1edf C\u00f4ng vi\u00ean Qu\u1ed1c gia Los Haitises, khu v\u1ef1c Sabana de la Mar, Ca\u00f1o Hondo. N\u1ebfu b\u1ea1n c\u0169ng mu\u1ed1n tham quan c\u00e1c hang \u0111\u1ed9ng, h\u00e3y \u0111\u1eb7t chuy\u1ebfn \u0111i ch\u00e8o thuy\u1ec1n kayak k\u00e9o d\u00e0i 4 gi\u1edd t\u1ea1i \u0111\u00e2y.<\/p>\n<ul>\n<li>H\u01b0\u1edbng d\u1eabn cung c\u1ea5p h\u01b0\u1edbng d\u1eabn v\u00e0 gi\u00e1m s\u00e1t.<\/li>\n<li>Thuy\u1ec1n kayak v\u00e0 m\u00e1i ch\u00e8o c\u00f3 s\u1eb5n \u0110\u00f4i cho hai ng\u01b0\u1eddi v\u00e0 \u0110\u01a1n gi\u1ea3n cho m\u1ed9t ng\u01b0\u1eddi.<\/li>\n<\/ul>\n<p>H\u00e3y t\u1ed5 ch\u1ee9c chuy\u1ebfn tham quan n\u00e0y b\u1eb1ng m\u1ed9t tuy\u1ebfn \u0111\u01b0\u1eddng \u0111i b\u1ed9 \u0111\u01b0\u1eddng d\u00e0i v\u00e0 t\u00ecm hi\u1ec3u v\u1ec1 l\u1ecbch s\u1eed c\u1ee7a C\u00f4ng vi\u00ean Qu\u1ed1c gia Los Haitises c\u00f9ng ng\u01b0\u1eddi d\u00e2n \u0111\u1ecba ph\u01b0\u01a1ng.<\/p>\n<p><strong>Vui l\u00f2ng ch\u1ecdn ng\u00e0y cho chuy\u1ebfn tham quan:<\/strong><\/p>","protected":false},"featured_media":113,"template":"","meta":[],"product_brand":[],"product_cat":[119,96,144,98,121,99,122,443,123,124],"product_tag":[126,127,149,145,150,151,152,153,132,133,114,148,143],"class_list":{"0":"post-564","1":"product","2":"type-product","3":"status-publish","4":"has-post-thumbnail","6":"product_cat-caves","7":"product_cat-hiking","8":"product_cat-kayaking","9":"product_cat-local-tour-guides","10":"product_cat-mangroves","11":"product_cat-swimming-natural-springs","12":"product_cat-tours-and-excursions","13":"product_cat-tours-y-excursiones-es","14":"product_cat-tours-excursions-los-haitises-national-park","15":"product_cat-tours-excursions-samana-bay-dominican-republic","16":"product_tag-cano-hondo","17":"product_tag-cano-hondo-hotel","18":"product_tag-cano-hondo-river","19":"product_tag-day-tour-cano-hondo","20":"product_tag-kayak-dominican-republic","21":"product_tag-kayak-los-haitises","22":"product_tag-kayak-tour","23":"product_tag-kayaking","24":"product_tag-los-haitises","25":"product_tag-los-haitises-national-park","26":"product_tag-sabana-de-la-mar","27":"product_tag-samana-excursions","28":"product_tag-samana-tours","30":"first","31":"instock","32":"sale","33":"sold-individually","34":"shipping-taxable","35":"product-type-external"},"_links":{"self":[{"href":"https:\/\/haitises.com\/vi\/wp-json\/wp\/v2\/product\/564","targetHints":{"allow":["GET"]}}],"collection":[{"href":"https:\/\/haitises.com\/vi\/wp-json\/wp\/v2\/product"}],"about":[{"href":"https:\/\/haitises.com\/vi\/wp-json\/wp\/v2\/types\/product"}],"wp:featuredmedia":[{"embeddable":true,"href":"https:\/\/haitises.com\/vi\/wp-json\/wp\/v2\/media\/113"}],"wp:attachment":[{"href":"https:\/\/haitises.com\/vi\/wp-json\/wp\/v2\/media?parent=564"}],"wp:term":[{"taxonomy":"product_brand","embeddable":true,"href":"https:\/\/haitises.com\/vi\/wp-json\/wp\/v2\/product_brand?post=564"},{"taxonomy":"product_cat","embeddable":true,"href":"https:\/\/haitises.com\/vi\/wp-json\/wp\/v2\/product_cat?post=564"},{"taxonomy":"product_tag","embeddable":true,"href":"https:\/\/haitises.com\/vi\/wp-json\/wp\/v2\/product_tag?post=564"}],"curies":[{"name":"wp","href":"https:\/\/api.w.org\/{rel}","templated":true}]}}