{"id":48,"date":"2020-06-14T11:56:47","date_gmt":"2020-06-14T11:56:47","guid":{"rendered":"http:\/\/haitises.com\/product\/import-placeholder-for-8856\/"},"modified":"2024-04-22T18:03:02","modified_gmt":"2024-04-22T18:03:02","slug":"los-haitises-national-park-lunch-at-cano-hondo-from-sabana-de-la-mar","status":"publish","type":"product","link":"https:\/\/haitises.com\/vi\/rieng-tu\/los-haitises-national-park-lunch-at-cano-hondo-from-sabana-de-la-mar\/","title":{"rendered":"C\u00f4ng vi\u00ean qu\u1ed1c gia Los Haitises + \u0102n tr\u01b0a t\u1ea1i Ca\u00f1o Hondo t\u1eeb Sabana de la Mar"},"content":{"rendered":"<div class=\"vc_row wpb_row vc_row-fluid\" ><div class=\"wpb_column vc_column_container vc_col-sm-12\"><div class=\"vc_column-inner\"><div class=\"wpb_wrapper\">[mkdf_section_title title_tag=\u00bb\u00bb disable_break_words=\u00bbno\u00bb subtitle_tag=\u00bb\u00bb title=\u00bbLos Haitises National Park + Lunch at Cano Hondo from Sabana de la Mar\u00bb subtitle=\u00bbLunch &amp; Swimming at Natural Springs\u00bb]<\/div><\/div><\/div><\/div><div class=\"vc_row wpb_row vc_row-fluid\" ><div class=\"wpb_column vc_column_container vc_col-sm-12\"><div class=\"vc_column-inner\"><div class=\"wpb_wrapper\"><div class=\"vc_empty_space\"   style=\"height: 32px\"><span class=\"vc_empty_space_inner\"><\/span><\/div><\/div><\/div><\/div><\/div><div class=\"vc_row wpb_row vc_row-fluid\" ><div class=\"wpb_column vc_column_container vc_col-sm-12\"><div class=\"vc_column-inner\"><div class=\"wpb_wrapper\">\n\t<div class=\"wpb_text_column wpb_content_element\" >\n\t\t<div class=\"wpb_wrapper\">\n\t\t\t<h4><b><i>T\u1ed5ng quan <\/i><\/b><\/h4>\n<p>Chuy\u1ebfn \u0111i c\u1ea3 ng\u00e0y C\u00f4ng vi\u00ean Qu\u1ed1c gia Los Haitises v\u00e0 \u0102n tr\u01b0a t\u1ea1i Ca\u00f1o Hondo c\u1ed9ng v\u1edbi B\u01a1i l\u1ed9i \u1edf Su\u1ed1i T\u1ef1 nhi\u00ean. H\u00e3y c\u00f9ng ch\u00fang t\u00f4i tham quan c\u00f4ng vi\u00ean qu\u1ed1c gia \u0111\u1eb9p nh\u1ea5t C\u1ed9ng h\u00f2a Dominica, Tham quan R\u1eebng ng\u1eadp m\u1eb7n, Hang \u0111\u1ed9ng v\u00e0 V\u1ecbnh San Lorenzo. H\u1ecd quay l\u1ea1i C\u1ea3ng Ca\u00f1o Hondo \u0111\u1ec3 \u0111i b\u1ed9 15 ph\u00fat v\u00e0 th\u01b0\u1edfng th\u1ee9c B\u1eefa tr\u01b0a \u0111i\u1ec3n h\u00ecnh v\u1edbi t\u1ea7m nh\u00ecn ra Bi\u1ec3n \u0111\u1ebfn C\u00f4ng vi\u00ean Qu\u1ed1c gia Los Haitises. Sau \u0111\u00f3 B\u01a1i trong su\u1ed1i t\u1ef1 nhi\u00ean cho \u0111\u1ebfn 4:30 chi\u1ec1u.<\/p>\n<p>Sau tr\u1ea3i nghi\u1ec7m n\u00e0y, b\u1ea1n s\u1ebd c\u00f3 th\u1eddi gian tr\u00ean b\u00e3i bi\u1ec3n c\u1ed9ng v\u1edbi b\u1eefa tr\u01b0a \u0111\u1ecba ph\u01b0\u01a1ng tr\u00ean b\u00e3i bi\u1ec3n.<\/p>\n<ul>\n<li style=\"font-weight: 400;\"><span style=\"font-weight: 400;\">Bao g\u1ed3m b\u1eefa tr\u01b0a t\u1ef1 ch\u1ecdn\u00a0<\/span><\/li>\n<li>B\u01a1i \u1edf su\u1ed1i t\u1ef1 nhi\u00ean<\/li>\n<li style=\"font-weight: 400;\">\u0110\u00e3 bao g\u1ed3m ph\u00ed<\/li>\n<li style=\"font-weight: 400;\"><span style=\"font-weight: 400;\">H\u01b0\u1edbng d\u1eabn cung c\u1ea5p h\u01b0\u1edbng d\u1eabn v\u00e0 gi\u00e1m s\u00e1t<\/span><\/li>\n<\/ul>\n<p>&nbsp;<\/p>\n<h4><b>Bao g\u1ed3m &amp; Lo\u1ea1i tr\u1eeb<\/b><\/h4>\n<p>&nbsp;<\/p>\n<p><b>Bao g\u1ed3m<\/b><\/p>\n<ol>\n<li style=\"font-weight: 400;\"><span style=\"font-weight: 400;\">\u00a0\u0103n tr\u01b0a t\u1ea1i Ecolodge<\/span><\/li>\n<li style=\"font-weight: 400;\">Tour Los Haitises + Hang \u0110\u1ed9ng v\u00e0 Ch\u1eef T\u01b0\u1ee3ng H\u00ecnh<\/li>\n<li style=\"font-weight: 400;\"><span style=\"font-weight: 400;\">T\u1ea5t c\u1ea3 c\u00e1c lo\u1ea1i thu\u1ebf, ph\u00ed v\u00e0 ph\u00ed x\u1eed l\u00fd<\/span><\/li>\n<li style=\"font-weight: 400;\"><span style=\"font-weight: 400;\">Thu\u1ebf \u0111\u1ecba ph\u01b0\u01a1ng<\/span><\/li>\n<li style=\"font-weight: 400;\"><span style=\"font-weight: 400;\">\u0110\u1ed3 u\u1ed1ng<\/span><\/li>\n<li style=\"font-weight: 400;\"><span style=\"font-weight: 400;\">M\u1ecdi ho\u1ea1t \u0111\u1ed9ng<\/span><\/li>\n<li style=\"font-weight: 400;\"><span style=\"font-weight: 400;\">H\u01b0\u1edbng d\u1eabn \u0111\u1ecba ph\u01b0\u01a1ng<\/span><\/li>\n<\/ol>\n<p><b> Lo\u1ea1i tr\u1eeb<\/b><\/p>\n<ol>\n<li style=\"font-weight: 400;\"><span style=\"font-weight: 400;\">Ti\u1ec1n th\u01b0\u1edfng<\/span><\/li>\n<li style=\"font-weight: 400;\"><span style=\"font-weight: 400;\">Chuy\u1ec3n kho\u1ea3n<\/span><\/li>\n<li style=\"font-weight: 400;\"><span style=\"font-weight: 400;\">\u0110\u1ed3 u\u1ed1ng c\u00f3 c\u1ed3n<\/span><\/li>\n<\/ol>\n<p>&nbsp;<\/p>\n<h4><em><strong>Kh\u1edfi h\u00e0nh &amp; Tr\u1edf v\u1ec1<\/strong><\/em><\/h4>\n<p><span style=\"font-weight: 400;\">Du kh\u00e1ch s\u1ebd c\u00f3 \u0111i\u1ec3m t\u1eadp trung sau qu\u00e1 tr\u00ecnh \u0111\u1eb7t ch\u1ed7. Chuy\u1ebfn tham quan b\u1eaft \u0111\u1ea7u v\u00e0 k\u1ebft th\u00fac t\u1ea1i \u0111i\u1ec3m g\u1eb7p g\u1ee1 c\u1ee7a ch\u00fang t\u00f4i.<\/span><\/p>\n<p>&nbsp;<\/p>\n<h4><b><i>Nh\u1eefng g\u00ec mong \u0111\u1ee3i?<\/i><\/b><\/h4>\n<p>&nbsp;<\/p>\n<p><em><strong>Nh\u1eadn v\u00e9 c\u1ee7a b\u1ea1n<\/strong><\/em> v\u00ec \u0111\u00e3 gh\u00e9 th\u0103m C\u00f4ng vi\u00ean Qu\u1ed1c gia Los Haitises v\u1edbi b\u1eefa tr\u01b0a tuy\u1ec7t v\u1eddi t\u1ea1i Cano Hondo v\u00e0 B\u01a1i l\u1ed9i t\u1ea1i Su\u1ed1i t\u1ef1 nhi\u00ean. Th\u1ef1c hi\u1ec7n chuy\u1ebfn tham quan b\u1eb1ng thuy\u1ec1n qua \u0111\u1ea7m l\u1ea7y ng\u1eadp m\u1eb7n, qua hang \u0111\u1ed9ng c\u01b0\u1edbp bi\u1ec3n c\u1ed5 x\u01b0a v\u00e0 v\u00e0o c\u00e1c khu r\u1eebng \u0111\u01b0\u1ee3c b\u1ea3o v\u1ec7 trong khu b\u1ea3o t\u1ed3n \u0111\u1eb9p nh\u01b0 tranh v\u1ebd n\u00e0y b\u1eaft \u0111\u1ea7u t\u1eeb khu v\u1ef1c Kh\u00e1ch s\u1ea1n Ca\u00f1o Hondo ho\u1eb7c t\u1eeb Sabana de la Mar.<\/p>\n<p>The tour, organized by \u00abBooking Adventures\u00bb starts at the meeting point set with the Tour Guide. Come with Booking Adventures and start checking some bird-filled mangroves, rolling hills of lush vegetation and caves of <em><strong>V\u01b0\u1eddn qu\u1ed1c gia Los Haitises<\/strong><\/em>. \u0110i thuy\u1ec1n Tham quan t\u1eeb s\u00f4ng Ca\u00f1o Hondo, Sabana de la Mar.<\/p>\n<p>Xuy\u00ean qua r\u1eebng ng\u1eadp m\u1eb7n v\u00e0 v\u00f9ng \u0111\u1ea5t li\u1ec1n t\u1ea1i V\u1ecbnh San Lorenzo r\u1ed9ng m\u1edf, t\u1eeb \u0111\u00f3 b\u1ea1n c\u00f3 th\u1ec3 ch\u1ee5p \u1ea3nh phong c\u1ea3nh r\u1eebng g\u1ed3 gh\u1ec1. Nh\u00ecn v\u00e0o n\u01b0\u1edbc \u0111\u1ec3 ph\u00e1t hi\u1ec7n <em><strong>l\u1ee3n bi\u1ec3n<\/strong><\/em>, gi\u00e1p x\u00e1c v\u00e0 <em><strong>C\u00e1 heo.<\/strong><\/em><\/p>\n<div class=\"body-description secondary\">\n<p>T\u00ean c\u1ee7a v\u01b0\u1eddn qu\u1ed1c gia xu\u1ea5t ph\u00e1t t\u1eeb c\u01b0 d\u00e2n ban \u0111\u1ea7u c\u1ee7a n\u00f3, ng\u01b0\u1eddi da \u0111\u1ecf Taino. Trong ng\u00f4n ng\u1eef c\u1ee7a h\u1ecd, \u201cHaitises\u201d c\u00f3 ngh\u0129a l\u00e0 v\u00f9ng cao nguy\u00ean ho\u1eb7c \u0110\u1ed3i, \u00e1m ch\u1ec9 s\u1ef1 h\u00ecnh th\u00e0nh \u0111\u1ecba ch\u1ea5t d\u1ed1c c\u1ee7a b\u1edd bi\u1ec3n v\u1edbi \u0110\u00e1 v\u00f4i. Phi\u00eau l\u01b0u s\u00e2u h\u01a1n v\u00e0o c\u00f4ng vi\u00ean \u0111\u1ec3 kh\u00e1m ph\u00e1 nh\u1eefng hang \u0111\u1ed9ng nh\u01b0 <em><strong>Hang C\u00e1t<\/strong><\/em> V\u00e0 <strong><em>Hang d\u00f2ng.<\/em><\/strong> C\u00e1c hang \u0111\u1ed9ng trong khu b\u1ea3o t\u1ed3n \u0111\u01b0\u1ee3c ng\u01b0\u1eddi da \u0111\u1ecf Taino s\u1eed d\u1ee5ng l\u00e0m n\u01a1i tr\u00fa \u1ea9n v\u00e0 sau \u0111\u00f3 l\u00e0 n\u01a1i \u1ea9n n\u00e1u c\u1ee7a b\u1ecdn c\u01b0\u1edbp bi\u1ec3n. H\u00e3y t\u00ecm nh\u1eefng b\u1ee9c v\u1ebd c\u1ee7a ng\u01b0\u1eddi \u1ea4n \u0110\u1ed9 trang tr\u00ed m\u1ed9t s\u1ed1 b\u1ee9c t\u01b0\u1eddng. Sau khi tham quan C\u00f4ng vi\u00ean Qu\u1ed1c gia Los Haitises ch\u00fang ta s\u1ebd \u0111\u1ebfn Ca\u00f1o Hondo. \u1ede Ca\u00f1o Hondo t\u00ecm hi\u1ec3u v\u1ec1 l\u1ecbch s\u1eed khu sinh th\u00e1i n\u00e0y v\u00e0 Gi\u1edd \u0103n tr\u01b0a v\u1edbi c\u00e1c m\u00f3n \u0103n \u0111\u1eb7c tr\u01b0ng c\u1ee7a C\u1ed9ng \u0111\u1ed3ng Sabana de la Mar.<\/p>\n<p>B\u1eefa tr\u01b0a s\u1ebd r\u1ea5t ngon nh\u01b0ng ch\u00fang ta v\u1eabn ch\u01b0a \u0103n xong. Sau gi\u1edd \u0103n tr\u01b0a, ch\u00fang ta s\u1ebd b\u01a1i trong Su\u1ed1i T\u1ef1 nhi\u00ean t\u1eeb S\u00f4ng Jibales, m\u1ed9t con s\u00f4ng l\u00e2u n\u0103m \u0111\u1ebfn S\u00f4ng Ca\u00f1o Hondo. \u1ede l\u1ea1i Ca\u00f1o Hondo \u0111\u1ebfn 6 gi\u1edd chi\u1ec1u n\u1ebfu b\u1ea1n mu\u1ed1n ho\u1eb7c \u00edt h\u01a1n.<\/p>\n<\/div>\n<p>T\u1ea1i Pools Natural Spring, b\u1ea1n c\u00f3 th\u1ec3 \u1edf l\u1ea1i bao l\u00e2u t\u00f9y th\u00edch \u0111\u1ec3 b\u01a1i l\u1ed9i v\u00e0 \u0111i b\u1ed9 xung quanh. N\u1ebfu b\u1ea1n l\u00e0 ng\u01b0\u1eddi \u0103n chay, ch\u00fang t\u00f4i c\u0169ng c\u00f3 th\u1ec3 chu\u1ea9n b\u1ecb m\u1ed9t s\u1ed1 m\u00f3n \u0103n cho b\u1ea1n.<\/p>\n<p>&nbsp;<\/p>\n<h4><em><strong>B\u1ea1n n\u00ean mang theo nh\u1eefng g\u00ec?<\/strong><\/em><\/h4>\n<ul>\n<li style=\"font-weight: 400;\"><span style=\"font-weight: 400;\">M\u00e1y \u1ea3nh<\/span><\/li>\n<li style=\"font-weight: 400;\"><span style=\"font-weight: 400;\">Ch\u1ed3i \u0111u\u1ed5i<\/span><\/li>\n<li style=\"font-weight: 400;\"><span style=\"font-weight: 400;\">kem ch\u1ed1ng n\u1eafng<\/span><\/li>\n<li style=\"font-weight: 400;\"><span style=\"font-weight: 400;\">M\u0169<\/span><\/li>\n<li style=\"font-weight: 400;\"><span style=\"font-weight: 400;\">Qu\u1ea7n tho\u1ea3i m\u00e1i<\/span><\/li>\n<li style=\"font-weight: 400;\"><span style=\"font-weight: 400;\">Gi\u00e0y \u0111i r\u1eebng<\/span><\/li>\n<li style=\"font-weight: 400;\"><span style=\"font-weight: 400;\">D\u00e9p \u0111\u1ebfn mi\u1ec1n Xu\u00e2n.<\/span><\/li>\n<li style=\"font-weight: 400;\"><span style=\"font-weight: 400;\">\u0110\u1ed3 b\u01a1i<\/span><\/li>\n<\/ul>\n<p>&nbsp;<\/p>\n<h4><b><i>\u0110\u00f3n kh\u00e1ch s\u1ea1n <\/i><\/b><\/h4>\n<p><span style=\"font-weight: 400;\">D\u1ecbch v\u1ee5 \u0111\u00f3n kh\u00e1ch t\u1ea1i kh\u00e1ch s\u1ea1n kh\u00f4ng \u0111\u01b0\u1ee3c cung c\u1ea5p cho tour n\u00e0y. <\/span><\/p>\n<p>&nbsp;<\/p>\n<p><b>Ghi ch\u00fa:<\/b><span style=\"font-weight: 400;\"> N\u1ebfu b\u1ea1n \u0111\u01b0\u1ee3c \u0111\u1eb7t trong v\u00f2ng 24 gi\u1edd k\u1ec3 t\u1eeb gi\u1edd kh\u1edfi h\u00e0nh chuy\u1ebfn tham quan\/Chuy\u1ebfn tham quan, ch\u00fang t\u00f4i c\u00f3 th\u1ec3 s\u1eafp x\u1ebfp \u0111\u00f3n kh\u00e1ch t\u1ea1i kh\u00e1ch s\u1ea1n v\u1edbi m\u1ed9t kho\u1ea3n ph\u1ee5 ph\u00ed. Sau khi vi\u1ec7c mua h\u00e0ng c\u1ee7a b\u1ea1n ho\u00e0n t\u1ea5t, ch\u00fang t\u00f4i s\u1ebd g\u1eedi cho b\u1ea1n th\u00f4ng tin li\u00ean h\u1ec7 \u0111\u1ea7y \u0111\u1ee7 (s\u1ed1 \u0111i\u1ec7n tho\u1ea1i, \u0111\u1ecba ch\u1ec9 email, v.v.) \u0111\u1ec3 h\u01b0\u1edbng d\u1eabn vi\u00ean du l\u1ecbch \u0111\u1ecba ph\u01b0\u01a1ng c\u1ee7a ch\u00fang t\u00f4i s\u1eafp x\u1ebfp vi\u1ec7c \u0111\u00f3n kh\u00e1ch.<\/span><\/p>\n<h4><b><i>X\u00e1c nh\u1eadn th\u00f4ng tin b\u1ed5 sung <\/i><\/b><\/h4>\n<ol>\n<li>V\u00e9 l\u00e0 Bi\u00ean lai sau khi thanh to\u00e1n Chuy\u1ebfn tham quan n\u00e0y. B\u1ea1n c\u00f3 th\u1ec3 hi\u1ec3n th\u1ecb kho\u1ea3n thanh to\u00e1n tr\u00ean \u0111i\u1ec7n tho\u1ea1i c\u1ee7a m\u00ecnh.<\/li>\n<li style=\"font-weight: 400;\"><span style=\"font-weight: 400;\">\u0110i\u1ec3m t\u1eadp trung s\u1ebd \u0111\u01b0\u1ee3c nh\u1eadn sau qu\u00e1 tr\u00ecnh \u0111\u1eb7t ch\u1ed7.<\/span><\/li>\n<li style=\"font-weight: 400;\"><span style=\"font-weight: 400;\">Tr\u1ebb em ph\u1ea3i \u0111i c\u00f9ng ng\u01b0\u1eddi l\u1edbn.<\/span><\/li>\n<li style=\"font-weight: 400;\"><span style=\"font-weight: 400;\"> Kh\u00f4ng th\u1ec3 s\u1eed d\u1ee5ng xe l\u0103n <\/span><\/li>\n<li style=\"font-weight: 400;\"><span style=\"font-weight: 400;\">Tr\u1ebb s\u01a1 sinh ph\u1ea3i ng\u1ed3i tr\u00ean \u0111\u00f9i <\/span><\/li>\n<li style=\"font-weight: 400;\"><span style=\"font-weight: 400;\">Kh\u00f4ng khuy\u1ebfn kh\u00edch cho du kh\u00e1ch c\u00f3 v\u1ea5n \u0111\u1ec1 v\u1ec1 l\u01b0ng<\/span><\/li>\n<li style=\"font-weight: 400;\"><span style=\"font-weight: 400;\">Kh\u00f4ng khuy\u1ebfn kh\u00edch cho du kh\u00e1ch mang thai <\/span><\/li>\n<li style=\"font-weight: 400;\"><span style=\"font-weight: 400;\"> Kh\u00f4ng c\u00f3 v\u1ea5n \u0111\u1ec1 v\u1ec1 tim ho\u1eb7c c\u00e1c t\u00ecnh tr\u1ea1ng b\u1ec7nh l\u00fd nghi\u00eam tr\u1ecdng kh\u00e1c <\/span><\/li>\n<li style=\"font-weight: 400;\"><span style=\"font-weight: 400;\">H\u1ea7u h\u1ebft du kh\u00e1ch c\u00f3 th\u1ec3 tham gia<\/span><\/li>\n<\/ol>\n<h4><b><i>Ch\u00ednh s\u00e1ch h\u1ee7y<\/i><\/b><\/h4>\n<p><span style=\"font-weight: 400;\">\u0110\u1ec3 \u0111\u01b0\u1ee3c ho\u00e0n \u0111\u1ee7 ti\u1ec1n, h\u00e3y h\u1ee7y \u00edt nh\u1ea5t 24 gi\u1edd tr\u01b0\u1edbc ng\u00e0y b\u1eaft \u0111\u1ea7u tr\u1ea3i nghi\u1ec7m.<\/span><\/p>\n\n\t\t<\/div>\n\t<\/div>\n<\/div><\/div><\/div><\/div><div class=\"vc_row wpb_row vc_row-fluid\" ><div class=\"wpb_column vc_column_container vc_col-sm-12\"><div class=\"vc_column-inner\"><div class=\"wpb_wrapper\">\n\t<div class=\"wpb_video_widget wpb_content_element vc_clearfix   vc_video-aspect-ratio-169 vc_video-el-width-100 vc_video-align-left\" >\n\t\t<div class=\"wpb_wrapper\">\n\t\t\t\n\t\t\t<div class=\"wpb_video_wrapper\"><iframe loading=\"lazy\" title=\"C\u00f4ng vi\u00ean qu\u1ed1c gia Los Haitises, c\u00e1c chuy\u1ebfn tham quan &amp; du ngo\u1ea1n t\u1eeb Samana ho\u1eb7c Sabana de la Mar. \u0110\u1eb7t v\u00e9 t\u1ea1i \u0111\u00e2y:\" src=\"https:\/\/player.vimeo.com\/video\/346508015?dnt=1&amp;app_id=122963\" width=\"1100\" height=\"619\" frameborder=\"0\" allow=\"autoplay; fullscreen\" allowfullscreen><\/iframe><\/div>\n\t\t<\/div>\n\t<\/div>\n<\/div><\/div><\/div><\/div><div class=\"vc_row wpb_row vc_row-fluid\" ><div class=\"wpb_column vc_column_container vc_col-sm-12\"><div class=\"vc_column-inner\"><div class=\"wpb_wrapper\"><div class=\"vc_empty_space\"   style=\"height: 32px\"><span class=\"vc_empty_space_inner\"><\/span><\/div>\n\t<div class=\"wpb_text_column wpb_content_element\" >\n\t\t<div class=\"wpb_wrapper\">\n\t\t\t<h4>Li\u00ean h\u1ec7 ch\u00fang t\u00f4i?<\/h4>\n<h5><em><strong>\u0110\u1eb7t ch\u1ed7 cu\u1ed9c phi\u00eau l\u01b0u<\/strong><\/em><\/h5>\n<p><em><strong>Ng\u01b0\u1eddi d\u00e2n \u0111\u1ecba ph\u01b0\u01a1ng<\/strong> V\u00e0 <strong>Qu\u1ed1c t\u1ecbch<\/strong> H\u01b0\u1edbng d\u1eabn vi\u00ean du l\u1ecbch &amp; D\u1ecbch v\u1ee5 kh\u00e1ch h\u00e0ng<\/em><\/p>\n<p><span class=\"text-turquoise\">\u0110\u1eb7t ch\u1ed7:<\/span> Chuy\u1ebfn tham quan &amp; tham quan t\u1ea1i Dom. Rep.<\/p>\n<p><img decoding=\"async\" class=\"emoji\" draggable=\"false\" src=\"https:\/\/s.w.org\/images\/core\/emoji\/11.2.0\/svg\/1f4de.svg\" alt=\"\ud83d\udcde\" title=\"\"> \u0110i\u1ec7n tho\u1ea1i\/Whatsapp\u00a0 <a href=\"tel:+1-809-720-6035\">+1-809-720-6035<\/a>.<\/p>\n<p><img decoding=\"async\" class=\"emoji\" draggable=\"false\" src=\"https:\/\/s.w.org\/images\/core\/emoji\/11.2.0\/svg\/1f4e9.svg\" alt=\"\ud83d\udce9\" title=\"\"> <a href=\"mailto:info@bookingadventures.com.do\">info@bookingadventures.com.do<\/a><\/p>\n<p><strong>Ch\u00fang t\u00f4i linh ho\u1ea1t thi\u1ebft l\u1eadp c\u00e1c chuy\u1ebfn tham quan ri\u00eang b\u1eb1ng Whatsapp: <a href=\"tel:+18097206035\">+18097206035.<\/a><\/strong><\/p>\n\n\t\t<\/div>\n\t<\/div>\n<div class=\"vc_empty_space\"   style=\"height: 32px\"><span class=\"vc_empty_space_inner\"><\/span><\/div><\/div><\/div><\/div><\/div>","protected":false},"excerpt":{"rendered":"<p>Chuy\u1ebfn tham quan \u0111\u1ebfn C\u00f4ng vi\u00ean Qu\u1ed1c gia Los Haitises b\u1eaft \u0111\u1ea7u t\u1eeb Sabana de la Mar, Tham quan r\u1eebng ng\u1eadp m\u1eb7n, Hang \u0111\u1ed9ng, Ch\u1eef t\u01b0\u1ee3ng h\u00ecnh + \u0102n tr\u01b0a t\u1ea1i c\u00e1c chuy\u1ebfn tham quan Can\u00f1o Hondo v\u00e0 B\u1ec3 b\u01a1i.<\/p>\n<p>H\u00e3y t\u1ed5 ch\u1ee9c chuy\u1ebfn tham quan n\u00e0y b\u1eb1ng \u0110\u01b0\u1eddng \u0111i b\u1ed9 v\u00e0 t\u00ecm hi\u1ec3u v\u1ec1 l\u1ecbch s\u1eed c\u1ee7a C\u00f4ng vi\u00ean Qu\u1ed1c gia Los Haitises v\u1edbi ng\u01b0\u1eddi d\u00e2n \u0111\u1ecba ph\u01b0\u01a1ng.<\/p>\n<p>&nbsp;<\/p>\n<p><strong>Vui l\u00f2ng ch\u1ecdn ng\u00e0y cho chuy\u1ebfn tham quan\u00a0<\/strong><\/p>","protected":false},"featured_media":82,"template":"","meta":[],"product_brand":[],"product_cat":[123,124],"product_tag":[126,127,128,145,202,203,132,133,146,114,204],"class_list":{"0":"post-48","1":"product","2":"type-product","3":"status-publish","4":"has-post-thumbnail","6":"product_cat-tours-excursions-los-haitises-national-park","7":"product_cat-tours-excursions-samana-bay-dominican-republic","8":"product_tag-cano-hondo","9":"product_tag-cano-hondo-hotel","10":"product_tag-cano-hondo-tours","11":"product_tag-day-tour-cano-hondo","12":"product_tag-la-arena-cave","13":"product_tag-line-cave","14":"product_tag-los-haitises","15":"product_tag-los-haitises-national-park","16":"product_tag-mangroves-los-haitises","17":"product_tag-sabana-de-la-mar","18":"product_tag-san-lorenzo-bay","20":"first","21":"instock","22":"sale","23":"sold-individually","24":"shipping-taxable","25":"product-type-external"},"_links":{"self":[{"href":"https:\/\/haitises.com\/vi\/wp-json\/wp\/v2\/product\/48","targetHints":{"allow":["GET"]}}],"collection":[{"href":"https:\/\/haitises.com\/vi\/wp-json\/wp\/v2\/product"}],"about":[{"href":"https:\/\/haitises.com\/vi\/wp-json\/wp\/v2\/types\/product"}],"wp:featuredmedia":[{"embeddable":true,"href":"https:\/\/haitises.com\/vi\/wp-json\/wp\/v2\/media\/82"}],"wp:attachment":[{"href":"https:\/\/haitises.com\/vi\/wp-json\/wp\/v2\/media?parent=48"}],"wp:term":[{"taxonomy":"product_brand","embeddable":true,"href":"https:\/\/haitises.com\/vi\/wp-json\/wp\/v2\/product_brand?post=48"},{"taxonomy":"product_cat","embeddable":true,"href":"https:\/\/haitises.com\/vi\/wp-json\/wp\/v2\/product_cat?post=48"},{"taxonomy":"product_tag","embeddable":true,"href":"https:\/\/haitises.com\/vi\/wp-json\/wp\/v2\/product_tag?post=48"}],"curies":[{"name":"wp","href":"https:\/\/api.w.org\/{rel}","templated":true}]}}