{"id":11636,"date":"2023-10-04T07:39:46","date_gmt":"2023-10-04T07:39:46","guid":{"rendered":"http:\/\/haitises.com\/?post_type=product&#038;p=11636"},"modified":"2024-04-02T15:00:49","modified_gmt":"2024-04-02T15:00:49","slug":"los-haitises-national-park-lunch-at-cano-hondo-tu-sabana-de-la-mar","status":"publish","type":"product","link":"https:\/\/haitises.com\/vi\/rieng-tu\/los-haitises-national-park-lunch-at-cano-hondo-tu-sabana-de-la-mar\/","title":{"rendered":"C\u00f4ng vi\u00ean qu\u1ed1c gia Los Haitises + \u0102n tr\u01b0a t\u1ea1i Ca\u00f1o Hondo t\u1eeb Sabana de la Mar"},"content":{"rendered":"<div class=\"vc_row wpb_row vc_row-fluid\" ><div class=\"wpb_column vc_column_container vc_col-sm-12\"><div class=\"vc_column-inner\"><div class=\"wpb_wrapper\"><div class=\"vc_btn3-container vc_btn3-inline\" ><button class=\"vc_general vc_btn3 vc_btn3-size-md vc_btn3-shape-rounded vc_btn3-style-modern vc_btn3-color-green\">\u0110\u0102\u0323T B\u00c2Y GI\u1edc<\/button><\/div>[mkdf_section_title title_tag=\u00bb\u00bb disable_break_words=\u00bbno\u00bb subtitle_tag=\u00bb\u00bb title=\u00bbLos Haitises National Park + Lunch at Cano Hondo from Sabana de la Mar\u00bb subtitle=\u00bbLunch &amp; Swimming at Natural Springs\u00bb]<\/div><\/div><\/div><\/div><div class=\"vc_row wpb_row vc_row-fluid\" ><div class=\"wpb_column vc_column_container vc_col-sm-12\"><div class=\"vc_column-inner\"><div class=\"wpb_wrapper\"><div class=\"vc_empty_space\"   style=\"height: 32px\"><span class=\"vc_empty_space_inner\"><\/span><\/div><\/div><\/div><\/div><\/div><div class=\"vc_row wpb_row vc_row-fluid\" ><\/div><div class=\"wpb_column vc_column_container vc_col-sm-12\"><div class=\"vc_column-inner\"><div class=\"wpb_wrapper\"><\/div><\/div><\/div><div class=\"vc_row wpb_row vc_row-fluid\" ><\/div><div class=\"wpb_column vc_column_container vc_col-sm-12\"><div class=\"vc_column-inner\"><div class=\"wpb_wrapper\"><div class=\"vc_btn3-container vc_btn3-inline\" ><button class=\"vc_general vc_btn3 vc_btn3-size-md vc_btn3-shape-rounded vc_btn3-style-modern vc_btn3-color-green\">\u0110\u0102\u0323T B\u00c2Y GI\u1edc<\/button><\/div><\/div><\/div><\/div>\n\t<div class=\"wpb_video_widget wpb_content_element vc_clearfix   vc_video-aspect-ratio-169 vc_video-el-width-100 vc_video-align-left\" >\n\t\t<div class=\"wpb_wrapper\">\n\t\t\t\n\t\t\t<div class=\"wpb_video_wrapper\"><iframe loading=\"lazy\" title=\"C\u00f4ng vi\u00ean qu\u1ed1c gia Los Haitises, c\u00e1c chuy\u1ebfn tham quan &amp; du ngo\u1ea1n t\u1eeb Samana ho\u1eb7c Sabana de la Mar. \u0110\u1eb7t v\u00e9 t\u1ea1i \u0111\u00e2y:\" src=\"https:\/\/player.vimeo.com\/video\/346508015?dnt=1&amp;app_id=122963\" width=\"1100\" height=\"619\" frameborder=\"0\" allow=\"autoplay; fullscreen; picture-in-picture\"><\/iframe><\/div>\n\t\t<\/div>\n\t<\/div>\n<div class=\"vc_row wpb_row vc_row-fluid\" ><\/div><div class=\"wpb_column vc_column_container vc_col-sm-12\"><div class=\"vc_column-inner\"><div class=\"wpb_wrapper\"><\/div><\/div><\/div><div class=\"vc_empty_space\"   style=\"height: 32px\"><span class=\"vc_empty_space_inner\"><\/span><\/div><div class=\"vc_empty_space\"   style=\"height: 32px\"><span class=\"vc_empty_space_inner\"><\/span><\/div><div class=\"vc_row wpb_row vc_row-fluid\" ><div class=\"wpb_column vc_column_container vc_col-sm-12\"><div class=\"vc_column-inner\"><div class=\"wpb_wrapper\"><div class=\"vc_btn3-container vc_btn3-inline\" ><button class=\"vc_general vc_btn3 vc_btn3-size-md vc_btn3-shape-rounded vc_btn3-style-modern vc_btn3-color-green\">\u0110\u0102\u0323T B\u00c2Y GI\u1edc<\/button><\/div><\/div><\/div><\/div><\/div>","protected":false},"excerpt":{"rendered":"<p><span style=\"vertical-align: inherit;\"><span style=\"vertical-align: inherit;\">Chuy\u1ebfn tham quan \u0111\u1ebfn C\u00f4ng vi\u00ean Qu\u1ed1c gia Los Haitises b\u1eaft \u0111\u1ea7u t\u1eeb Sabana de la Mar, Tham quan r\u1eebng ng\u1eadp m\u1eb7n, Hang \u0111\u1ed9ng, Ch\u1eef t\u01b0\u1ee3ng h\u00ecnh + \u0102n tr\u01b0a trong c\u00e1c chuy\u1ebfn tham quan Can\u00f1o Hondo v\u00e0 H\u1ed3 b\u01a1i.<\/span><\/span><\/p>\n<p><span style=\"vertical-align: inherit;\"><span style=\"vertical-align: inherit;\">H\u00e3y t\u1ed5 ch\u1ee9c chuy\u1ebfn tham quan n\u00e0y b\u1eb1ng m\u1ed9t tuy\u1ebfn \u0111\u01b0\u1eddng \u0111i b\u1ed9 \u0111\u01b0\u1eddng d\u00e0i v\u00e0 t\u00ecm hi\u1ec3u v\u1ec1 l\u1ecbch s\u1eed c\u1ee7a C\u00f4ng vi\u00ean Qu\u1ed1c gia Los Haitises c\u00f9ng ng\u01b0\u1eddi d\u00e2n \u0111\u1ecba ph\u01b0\u01a1ng.<\/span><\/span><\/p>\n<p>&nbsp;<\/p>\n<p><strong><span style=\"vertical-align: inherit;\"><span style=\"vertical-align: inherit;\">Ch\u1ecdn ng\u00e0y cho chuy\u1ebfn tham quan\u00a0<\/span><\/span><\/strong><\/p>","protected":false},"featured_media":11653,"template":"","meta":[],"product_brand":[],"product_cat":[565,566,572,123,124],"product_tag":[126,127,128,145,202,203,132,133,146,114,204],"class_list":{"0":"post-11636","1":"product","2":"type-product","3":"status-publish","4":"has-post-thumbnail","6":"product_cat-1-sabana-de-la-mar","7":"product_cat-boat-trip-los-haitises","8":"product_cat-natural-pools-los-haitises","9":"product_cat-tours-excursions-los-haitises-national-park","10":"product_cat-tours-excursions-samana-bay-dominican-republic","11":"product_tag-cano-hondo","12":"product_tag-cano-hondo-hotel","13":"product_tag-cano-hondo-tours","14":"product_tag-day-tour-cano-hondo","15":"product_tag-la-arena-cave","16":"product_tag-line-cave","17":"product_tag-los-haitises","18":"product_tag-los-haitises-national-park","19":"product_tag-mangroves-los-haitises","20":"product_tag-sabana-de-la-mar","21":"product_tag-san-lorenzo-bay","23":"first","24":"instock","25":"sale","26":"sold-individually","27":"shipping-taxable","28":"product-type-external"},"_links":{"self":[{"href":"https:\/\/haitises.com\/vi\/wp-json\/wp\/v2\/product\/11636","targetHints":{"allow":["GET"]}}],"collection":[{"href":"https:\/\/haitises.com\/vi\/wp-json\/wp\/v2\/product"}],"about":[{"href":"https:\/\/haitises.com\/vi\/wp-json\/wp\/v2\/types\/product"}],"wp:featuredmedia":[{"embeddable":true,"href":"https:\/\/haitises.com\/vi\/wp-json\/wp\/v2\/media\/11653"}],"wp:attachment":[{"href":"https:\/\/haitises.com\/vi\/wp-json\/wp\/v2\/media?parent=11636"}],"wp:term":[{"taxonomy":"product_brand","embeddable":true,"href":"https:\/\/haitises.com\/vi\/wp-json\/wp\/v2\/product_brand?post=11636"},{"taxonomy":"product_cat","embeddable":true,"href":"https:\/\/haitises.com\/vi\/wp-json\/wp\/v2\/product_cat?post=11636"},{"taxonomy":"product_tag","embeddable":true,"href":"https:\/\/haitises.com\/vi\/wp-json\/wp\/v2\/product_tag?post=11636"}],"curies":[{"name":"wp","href":"https:\/\/api.w.org\/{rel}","templated":true}]}}