{"id":11370,"date":"2021-08-15T20:09:01","date_gmt":"2021-08-15T20:09:01","guid":{"rendered":"http:\/\/haitises.com\/?post_type=product&#038;p=11370"},"modified":"2024-04-04T19:57:44","modified_gmt":"2024-04-04T19:57:44","slug":"pico-duarte-hike-with-local-experts-duarte-peak-camping-trekking-2","status":"publish","type":"product","link":"https:\/\/haitises.com\/vi\/rieng-tu\/pico-duarte-hike-with-local-experts-duarte-peak-camping-trekking-2\/","title":{"rendered":"\u0110i b\u1ed9 Pico Duarte v\u1edbi c\u00e1c chuy\u00ean gia \u0111\u1ecba ph\u01b0\u01a1ng \u2013 C\u1eafm tr\u1ea1i &amp; leo n\u00fai tr\u00ean \u0111\u1ec9nh Duarte"},"content":{"rendered":"<div class=\"vc_row wpb_row vc_row-fluid\" ><div class=\"wpb_column vc_column_container vc_col-sm-12\"><div class=\"vc_column-inner\"><div class=\"wpb_wrapper\"><div class=\"vc_empty_space\"   style=\"height: 32px\"><span class=\"vc_empty_space_inner\"><\/span><\/div>[mkdf_section_title title_tag=\u00bb\u00bb disable_break_words=\u00bbno\u00bb subtitle_tag=\u00bb\u00bb title=\u00bbPico Duarte Hike with Local Experts\u00bb subtitle=\u00bbDuarte Peak Camping &amp; Trekking\u00bb]<div class=\"vc_empty_space\"   style=\"height: 32px\"><span class=\"vc_empty_space_inner\"><\/span><\/div><div class=\"vc_message_box vc_message_box-standard vc_message_box-rounded vc_color-info\" ><div class=\"vc_message_box-icon\"><i class=\"fas fa-info-circle\"><\/i><\/div><p>Please Book ( 7) days before the due Day.<\/p>\n<\/div><div class=\"vc_empty_space\"   style=\"height: 32px\"><span class=\"vc_empty_space_inner\"><\/span><\/div><\/div><\/div><\/div><\/div><div class=\"vc_row wpb_row vc_row-fluid\" ><div class=\"wpb_column vc_column_container vc_col-sm-12\"><div class=\"vc_column-inner\"><div class=\"wpb_wrapper\">\n\t<div class=\"wpb_text_column wpb_content_element\" >\n\t\t<div class=\"wpb_wrapper\">\n\t\t\t<div class=\"vc_row wpb_row vc_row-fluid\">\n<div class=\"wpb_column vc_column_container vc_col-sm-12\">\n<div class=\"vc_column-inner\">\n<div class=\"wpb_wrapper\">\n<div class=\"wpb_text_column wpb_content_element\">\n<div class=\"wpb_wrapper\">\n<div class=\"vc_row wpb_row vc_row-fluid\">\n<div class=\"wpb_column vc_column_container vc_col-sm-12\">\n<div class=\"vc_column-inner\">\n<div class=\"wpb_wrapper\">\n<div class=\"wpb_text_column wpb_content_element\">\n<div class=\"wpb_wrapper\">\n<h2><span style=\"font-weight: 400;\">Pico Duarte Trekking\u00a0<\/span><\/h2>\n<p><span style=\"font-weight: 400;\">Join us to climb the tallest point of the caribbean at J. Almando Bermudez National located in the Central Mountain Range of the country. <\/span><span style=\"font-weight: 400;\">The tour will go from a tropical forest to the pine forest of J. Armando Bermudez National Park, walking on trails through thousands of ferns, you will see parrots, goldfinches and other exotic birds.\u00a0<\/span><\/p>\n<p><span style=\"font-weight: 400;\">This National Park was established in 1956, the Armando Berm\u00fadez National Park stretches 767 square kilometers (296 square miles), and together with the neighboring Jos\u00e9 del Carmen Ram\u00edrez National Park.<\/span><\/p>\n<p><span style=\"font-weight: 400;\">It is the source of the Yaque del Norte river, as well as several more river sources. The two parks cover the surface of the entire Cordillera Central mountain range. You\u2019ll spot unique flora at this altitude, where temperatures range from 12\u00baC (53\u00baF) to -8\u00baC (17\u00baF) at night.<\/span><\/p>\n<\/div>\n<h4><strong>Tour Guides:\u00a0<\/strong><\/h4>\n<div class=\"wpb_wrapper\">\n<p><span style=\"font-weight: 400;\">With the company of a professional guide, you will make this journey through the largest mountain range with more than 250 km in length and 60 km of light, Pico Duarte is the highest peak\u00a0 in the Caribbean with (3&#8217;098 m) which is about 10,164 feets.<\/span><\/p>\n<p>&nbsp;<\/p>\n<p><span style=\"font-weight: 400;\">Pico Duarte (Duarte peak) is named after Juan Pablo Duarte, considered one of the founding fathers of the Dominican Republic. <\/span><span style=\"font-weight: 400;\">You\u2019ll hike\u00a0 28-mile (46-kilometer) round-trip,\u00a0 this tour\u00a0 can be completed in three days, with well-maintained mountain lodges providing overnight accommodations.<\/span><\/p>\n<p><span style=\"font-weight: 400;\">This three days hike is led by local Dominican guides\u00a0 who are in charge to take you both ways. They also have horses for those who don&#8217;t want to walk the distance and can ride mules. As you walk, take in the stunning scenery and watch for local wildlife.\u00a0<\/span><\/p>\n<p><span style=\"font-weight: 400;\">The mountains and landscape are populated with a variety of birds and iguanas that inhabit the rugged terrain. Enjoy being surrounded by shady trees and water springs where you can cool off after a hard day of hiking.<\/span><\/p>\n<p>&nbsp;<\/p>\n<h2><b>Itinerary:\u00a0<\/b><\/h2>\n<p>&nbsp;<\/p>\n<h4><b>Day 1<\/b><span style=\"font-weight: 400;\">&#8211; <\/span><\/h4>\n<p><span style=\"font-weight: 400;\">Meeting Point you must be at 9:30 am at Jarabacoa. Lunch in Jarabacoa (this meal is not included) Arrival at the Cienaga de Jarabacoa. Walk to Caseta de Los Tablones, inside the Park (4kms soft). Dinner. Asleep<\/span><\/p>\n<p>&nbsp;<\/p>\n<h4><b>Day 2- <\/b><\/h4>\n<p><span style=\"font-weight: 400;\">This morning we\u2019ll get up early . We had breakfast. Beginning of the walk at 5 am towards La Caseta de Compartici\u00f3n for about 13 kms. Short rest break. Some snacks. We continue towards the top of the Peak, passing through Valle de Lil\u00eds (6kms from Compartici\u00f3n to the top). There will be specific resting points. From la Cima, we return to La Compartici\u00f3n to have lunch \/ dinner, rest, bathe, have tea at the campfire and sleep.<\/span><\/p>\n<p>&nbsp;<\/p>\n<h4><b>Day 3-<\/b><\/h4>\n<p><span style=\"font-weight: 400;\"> We get up at 6 am. We have breakfast and we go back to La Ci\u00e9naga, for about 17 kms. Typical lunch before the return.<\/span><\/p>\n<p>&nbsp;<\/p>\n<p><span style=\"font-weight: 400;\">Note: Each participant must carry in their backpack their snacks from the walk (hydrating, sweet and salty, edible of their choice, water bottles to fill on the way).\u00a0<\/span><\/p>\n<p><span style=\"font-weight: 400;\">The people to participate must be in optimal health, physical and mental conditions. People with a health condition that can affect prolonged efforts, such as asthma, pressure problems, diabetes, or other ailments related to this type of physical activity that could endanger should not participate.<\/span><\/p>\n<p>&nbsp;<\/p>\n<h4><b>Bao g\u1ed3m &amp; Lo\u1ea1i tr\u1eeb<\/b><\/h4>\n<p><b>Bao g\u1ed3m<\/b><\/p>\n<ul>\n<li style=\"font-weight: 400;\"><span style=\"font-weight: 400;\">Three Days Trekking<\/span><\/li>\n<li style=\"font-weight: 400;\"><span style=\"font-weight: 400;\">Local Guide<\/span><\/li>\n<li style=\"font-weight: 400;\"><span style=\"font-weight: 400;\">Mules to Carry Stuffs<\/span><\/li>\n<li style=\"font-weight: 400;\"><span style=\"font-weight: 400;\">Ph\u00f2ng v\u1ec7 sinh\u00a0<\/span><\/li>\n<li style=\"font-weight: 400;\"><span style=\"font-weight: 400;\">Fruits\u00a0<\/span><\/li>\n<li style=\"font-weight: 400;\"><span style=\"font-weight: 400;\">National Park Taxes\u00a0<\/span><\/li>\n<li style=\"font-weight: 400;\"><span style=\"font-weight: 400;\">Juice, Coffee, Hot Chocolate<\/span><\/li>\n<\/ul>\n<p><b>Lo\u1ea1i tr\u1eeb<\/b><\/p>\n<ol>\n<li>Ti\u1ec1n th\u01b0\u1edfng<\/li>\n<li>Chuy\u1ec3n xe<\/li>\n<li>Camping Tends<\/li>\n<li>Back Pack<\/li>\n<li>Meals<\/li>\n<li>\u0110\u1ed3 u\u1ed1ng c\u00f3 c\u1ed3n<\/li>\n<\/ol>\n<h4><em><strong>Kh\u1edfi h\u00e0nh &amp; Tr\u1edf v\u1ec1<\/strong><\/em><\/h4>\n<p>This trip starts at 9:30 Am and finishes 2 days later around 4:00 PM.<\/p>\n<p>The traveler will get a meeting point after the Reservation Process. Tours start and Finish in our meeting points.<\/p>\n<p><strong>Th\u1eddi gian bi\u1ec3u:<\/strong><\/p>\n<p>3 DAYS TRIP<\/p>\n<p>&nbsp;<\/p>\n<h4><em><strong>B\u1ea1n n\u00ean mang theo nh\u1eefng g\u00ec?<\/strong><\/em><\/h4>\n<ul>\n<li>M\u00e1y \u1ea3nh<\/li>\n<li>Towel<\/li>\n<li>Sun protection<\/li>\n<li>M\u0169<\/li>\n<li>Food<\/li>\n<li>Camping tents<\/li>\n<li>Comfortable pants and shoes<\/li>\n<li>\u0110\u1ed3 b\u01a1i<\/li>\n<li>Ti\u1ec1n m\u1eb7t mua qu\u00e0 l\u01b0u ni\u1ec7m<\/li>\n<\/ul>\n<p>&nbsp;<\/p>\n<h4><b><i>\u0110\u00f3n kh\u00e1ch s\u1ea1n<\/i><\/b><\/h4>\n<p>D\u1ecbch v\u1ee5 \u0111\u00f3n kh\u00e1ch t\u1ea1i kh\u00e1ch s\u1ea1n kh\u00f4ng \u0111\u01b0\u1ee3c cung c\u1ea5p cho tour n\u00e0y.<\/p>\n<p><b>Ghi ch\u00fa:<\/b> if you are booking within 24 hours of the tour\/Excursion departure time, we can arrangements hotel pick-up with extra Charges From any place of Dominican Republic. Once your purchase is complete, we will send you complete contact information (phone number, email address, etc.) for our local Tour guide to organize pick-up arrangements.<\/p>\n<h4><b><i>X\u00e1c nh\u1eadn th\u00f4ng tin b\u1ed5 sung<\/i><\/b><\/h4>\n<ol>\n<li>V\u00e9 l\u00e0 Bi\u00ean lai sau khi thanh to\u00e1n Chuy\u1ebfn tham quan n\u00e0y. B\u1ea1n c\u00f3 th\u1ec3 hi\u1ec3n th\u1ecb kho\u1ea3n thanh to\u00e1n tr\u00ean \u0111i\u1ec7n tho\u1ea1i c\u1ee7a m\u00ecnh.<\/li>\n<li>\u0110i\u1ec3m t\u1eadp trung s\u1ebd \u0111\u01b0\u1ee3c nh\u1eadn sau qu\u00e1 tr\u00ecnh \u0111\u1eb7t ch\u1ed7.<\/li>\n<li>Tr\u1ebb em ph\u1ea3i \u0111i c\u00f9ng ng\u01b0\u1eddi l\u1edbn.<\/li>\n<li>Xe l\u0103n cho ng\u01b0\u1eddi khuy\u1ebft<\/li>\n<li>Tr\u1ebb s\u01a1 sinh ph\u1ea3i ng\u1ed3i tr\u00ean \u0111\u00f9i<\/li>\n<li>H\u1ea7u h\u1ebft du kh\u00e1ch c\u00f3 th\u1ec3 tham gia<\/li>\n<li>Pregnant Woman&#8217;s are not recommend to participate<\/li>\n<\/ol>\n<h4><b><i>Ch\u00ednh s\u00e1ch h\u1ee7y<\/i><\/b><\/h4>\n<p>For a full refund, cancel at least 14 days\u00a0 in advance of the start date of the experience.<\/p>\n<\/div>\n<\/div>\n<\/div>\n<\/div>\n<\/div>\n<\/div>\n<\/div>\n<\/div>\n<\/div>\n<\/div>\n<\/div>\n<\/div>\n<div class=\"vc_row wpb_row vc_row-fluid\">\n<div class=\"wpb_column vc_column_container vc_col-sm-12\">\n<div class=\"vc_column-inner\">\n<div class=\"wpb_wrapper\">\n<div class=\"vc_empty_space\"><\/div>\n<div class=\"wpb_text_column wpb_content_element\">\n<div class=\"wpb_wrapper\">\n<h4>Li\u00ean h\u1ec7 ch\u00fang t\u00f4i?<\/h4>\n<h5><b><i>\u0110\u1eb7t ch\u1ed7 cu\u1ed9c phi\u00eau l\u01b0u<\/i><\/b><\/h5>\n<p><em><strong>Ng\u01b0\u1eddi d\u00e2n \u0111\u1ecba ph\u01b0\u01a1ng<\/strong>\u00a0V\u00e0\u00a0<strong>Qu\u1ed1c t\u1ecbch<\/strong>\u00a0H\u01b0\u1edbng d\u1eabn vi\u00ean du l\u1ecbch &amp; D\u1ecbch v\u1ee5 kh\u00e1ch h\u00e0ng<\/em><\/p>\n<p><span class=\"text-turquoise\">\u0110\u1eb7t ch\u1ed7:<\/span>\u00a0Chuy\u1ebfn tham quan &amp; tham quan t\u1ea1i Dom. Rep.<\/p>\n<p><img decoding=\"async\" class=\"emoji\" draggable=\"false\" src=\"https:\/\/s.w.org\/images\/core\/emoji\/11.2.0\/svg\/1f4de.svg\" alt=\"\ud83d\udcde\" title=\"\">\u00a0\u0110i\u1ec7n tho\u1ea1i\/Whatsapp\u00a0\u00a0<a href=\"tel:+1-809-720-6035\">+1-809-720-6035<\/a>.<\/p>\n<p><img decoding=\"async\" class=\"emoji\" draggable=\"false\" src=\"https:\/\/s.w.org\/images\/core\/emoji\/11.2.0\/svg\/1f4e9.svg\" alt=\"\ud83d\udce9\" title=\"\">\u00a0<a href=\"mailto:info@bookingadventures.com.do\">info@bookingadventures.com.do<\/a><\/p>\n<p><strong>Ch\u00fang t\u00f4i linh ho\u1ea1t thi\u1ebft l\u1eadp c\u00e1c chuy\u1ebfn tham quan ri\u00eang b\u1eb1ng Whatsapp:\u00a0<a href=\"tel:+18097206035\">+18097206035.<\/a><\/strong><\/p>\n<\/div>\n<\/div>\n<\/div>\n<\/div>\n<\/div>\n<\/div>\n\n\t\t<\/div>\n\t<\/div>\n<div class=\"vc_empty_space\"   style=\"height: 32px\"><span class=\"vc_empty_space_inner\"><\/span><\/div><div class=\"vc_message_box vc_message_box-standard vc_message_box-rounded vc_color-info\" ><div class=\"vc_message_box-icon\"><i class=\"fas fa-info-circle\"><\/i><\/div><p>Please Book ( 7) days before the due Day.<\/p>\n<\/div><div class=\"vc_empty_space\"   style=\"height: 32px\"><span class=\"vc_empty_space_inner\"><\/span><\/div><\/div><\/div><\/div><\/div>","protected":false},"excerpt":{"rendered":"<p>&nbsp;<\/p>\n<p><span style=\"font-weight: 400;\">Join us to climb the tallest point of the Caribbean at J. Almando Bermudez National located in the Central Mountain Range of the country.<\/span><\/p>\n<p><span style=\"font-weight: 400;\">The tour will go from a tropical forest to the pine forest of J. Armando Bermudez National Park, walking on trails through thousands of ferns, you will see parrots, goldfinches and other exotic birds. <\/span><\/p>\n<p><em><strong>Please Select the date to start\u00a0 The Trip:<\/strong><\/em><\/p>","protected":false},"featured_media":11128,"template":"","meta":[],"product_brand":[],"product_cat":[465],"product_tag":[466,467,468],"class_list":{"0":"post-11370","1":"product","2":"type-product","3":"status-publish","4":"has-post-thumbnail","6":"product_cat-pico-duarte-hike-with-local-experts-duarte-peak-camping-trekking","7":"product_tag-camping-trekking","8":"product_tag-duarte-peak","9":"product_tag-pico-duarte-hike-with-local-experts-duarte-peak-camping-trekking","11":"first","12":"instock","13":"sale","14":"sold-individually","15":"shipping-taxable","16":"product-type-external"},"_links":{"self":[{"href":"https:\/\/haitises.com\/vi\/wp-json\/wp\/v2\/product\/11370","targetHints":{"allow":["GET"]}}],"collection":[{"href":"https:\/\/haitises.com\/vi\/wp-json\/wp\/v2\/product"}],"about":[{"href":"https:\/\/haitises.com\/vi\/wp-json\/wp\/v2\/types\/product"}],"wp:featuredmedia":[{"embeddable":true,"href":"https:\/\/haitises.com\/vi\/wp-json\/wp\/v2\/media\/11128"}],"wp:attachment":[{"href":"https:\/\/haitises.com\/vi\/wp-json\/wp\/v2\/media?parent=11370"}],"wp:term":[{"taxonomy":"product_brand","embeddable":true,"href":"https:\/\/haitises.com\/vi\/wp-json\/wp\/v2\/product_brand?post=11370"},{"taxonomy":"product_cat","embeddable":true,"href":"https:\/\/haitises.com\/vi\/wp-json\/wp\/v2\/product_cat?post=11370"},{"taxonomy":"product_tag","embeddable":true,"href":"https:\/\/haitises.com\/vi\/wp-json\/wp\/v2\/product_tag?post=11370"}],"curies":[{"name":"wp","href":"https:\/\/api.w.org\/{rel}","templated":true}]}}