{"id":11350,"date":"2021-08-15T20:08:48","date_gmt":"2021-08-15T20:08:48","guid":{"rendered":"http:\/\/haitises.com\/?post_type=product&#038;p=11350"},"modified":"2024-04-05T21:12:32","modified_gmt":"2024-04-05T21:12:32","slug":"bahia-de-las-aguilas-beach-day-trip-by-boat-day-pass-snorkeling-lunch-2","status":"publish","type":"product","link":"https:\/\/haitises.com\/vi\/rieng-tu\/bahia-de-las-aguilas-beach-day-trip-by-boat-day-pass-snorkeling-lunch-2\/","title":{"rendered":"Bah\u00eda de las Aguilas: Chuy\u1ebfn \u0111i trong ng\u00e0y tr\u00ean b\u00e3i bi\u1ec3n b\u1eb1ng thuy\u1ec1n - V\u00e9 ng\u00e0y \u2013 L\u1eb7n v\u1edbi \u1ed1ng th\u1edf &amp; \u0102n tr\u01b0a"},"content":{"rendered":"<div class=\"vc_row wpb_row vc_row-fluid\" ><div class=\"wpb_column vc_column_container vc_col-sm-12\"><div class=\"vc_column-inner\"><div class=\"wpb_wrapper\">[mkdf_section_title title_tag=\u00bb\u00bb disable_break_words=\u00bbno\u00bb subtitle_tag=\u00bb\u00bb title=\u00bbBah\u00eda de las Aguilas: Beach Day Trip by Boat\u00bb subtitle=\u00bbDay Pass &#8211; Snorkeling &amp; Lunch\u00bb]<\/div><\/div><\/div><\/div><div class=\"vc_row wpb_row vc_row-fluid\" ><div class=\"wpb_column vc_column_container vc_col-sm-12\"><div class=\"vc_column-inner\"><div class=\"wpb_wrapper\">\n\t<div class=\"wpb_text_column wpb_content_element\" >\n\t\t<div class=\"wpb_wrapper\">\n\t\t\t<h4><b><i>T\u1ed5ng quan<\/i><\/b><\/h4>\n<p>Enjoy a day at the beach and let your spirits flow, far away from the touristy areas and all the stress. Come and discover the Jaragua National park and Bahia de las \u00c1guilas. Drive along a beautiful road with breathtaking views of the small port and fishing village Cabo Rojo. In Las Cuevas you board a boat that takes you on a 15-minute ride to one of the most beautiful natural beaches of the world. The sands of Bah\u00eda de las Aguilas is pristine and the bay covers 8 km. Experience an exceptional coastal landscape with crystal clear water shining in shades reaching from turquoise to opal-blue melting into the horizon. Lunch is served at the beach, go swimming or snorkeling and explore this untouched natural paradise.<\/p>\n<p>&nbsp;<\/p>\n<ul>\n<li>H\u01b0\u1edbng d\u1eabn vi\u00ean \u0111\u1ecba ph\u01b0\u01a1ng c\u00f3 kinh nghi\u1ec7m v\u1ec1 An to\u00e0n trong khu v\u1ef1c.<\/li>\n<li>Ph\u01b0\u01a1ng ti\u1ec7n di chuy\u1ec3n c\u00e1 nh\u00e2n<\/li>\n<li>\u0110\u00e3 bao g\u1ed3m ph\u00ed<\/li>\n<li>B\u1eefa tr\u01b0a<\/li>\n<li>H\u01b0\u1edbng d\u1eabn vi\u00ean \u0111\u1ecba ph\u01b0\u01a1ng b\u1eb1ng ti\u1ebfng T\u00e2y Ban Nha, ti\u1ebfng Anh ho\u1eb7c ti\u1ebfng Ph\u00e1p.<\/li>\n<li>\u0110i b\u1ed9 \u0111\u01b0\u1eddng d\u00e0i<\/li>\n<li>L\u1eb7n v\u1edbi \u1ed1ng th\u1edf<\/li>\n<\/ul>\n<h4><b>Bao g\u1ed3m &amp; Lo\u1ea1i tr\u1eeb<\/b><\/h4>\n<p>&nbsp;<\/p>\n<p><b>Bao g\u1ed3m<\/b><\/p>\n<ol>\n<li>H\u01b0\u1edbng d\u1eabn vi\u00ean \u0111\u1ecba ph\u01b0\u01a1ng c\u00f3 kinh nghi\u1ec7m v\u1ec1 An to\u00e0n trong khu v\u1ef1c.<\/li>\n<li>Ph\u01b0\u01a1ng ti\u1ec7n di chuy\u1ec3n c\u00e1 nh\u00e2n cho nh\u00f3m nh\u1ecf<\/li>\n<li>T\u1ea5t c\u1ea3 c\u00e1c lo\u1ea1i thu\u1ebf, ph\u00ed v\u00e0 ph\u00ed x\u1eed l\u00fd<\/li>\n<li>Thu\u1ebf \u0111\u1ecba ph\u01b0\u01a1ng<\/li>\n<li>B\u1eefa tr\u01b0a<\/li>\n<li>\u0110i b\u1ed9 \u0111\u01b0\u1eddng d\u00e0i<\/li>\n<li>Natural Pools<\/li>\n<li>L\u1eb7n v\u1edbi \u1ed1ng th\u1edf<\/li>\n<li>M\u1ecdi ho\u1ea1t \u0111\u1ed9ng<\/li>\n<\/ol>\n<p><b>Lo\u1ea1i tr\u1eeb<\/b><\/p>\n<ol>\n<li>Ti\u1ec1n th\u01b0\u1edfng<\/li>\n<li>T\u1ea5t c\u1ea3 \u0111\u1ed3 u\u1ed1ng<\/li>\n<\/ol>\n<h4><em><strong>Kh\u1edfi h\u00e0nh &amp; Tr\u1edf v\u1ec1<\/strong><\/em><\/h4>\n<p>Du kh\u00e1ch s\u1ebd c\u00f3 \u0111i\u1ec3m t\u1eadp trung sau qu\u00e1 tr\u00ecnh \u0111\u1eb7t ch\u1ed7. Chuy\u1ebfn tham quan b\u1eaft \u0111\u1ea7u v\u00e0 k\u1ebft th\u00fac t\u1ea1i \u0111i\u1ec3m h\u1eb9n c\u1ee7a b\u1ea1n.<\/p>\n<h2 class=\"styles__heading___mD4_3\" data-radium=\"true\">Bah\u00eda de las Aguilas: Beach Day Trip by Boat -Day Pass &#8211; Snorkeling &amp; Lunch<\/h2>\n<h4><em>Nh\u1eefng g\u00ec mong \u0111\u1ee3i?<\/em><\/h4>\n<p>Playa de las Aguilas was named after the indigenous eagle. It is famously known as the most beautiful beach of the entire country. The park climate is very arid and the vegetation mainly composed of cacti and other desert plants. The red dirt road that runs along the bay is comparable to an African savanna landscape.<br \/>\nDiscover this paradise for fishermen and lovers of white sand beaches and crystal-clear water. But first, travel to the village La Cueva, where local fishermen live inside caves.<\/p>\n<p>Is there anything missing from this picture perfect moment?<\/p>\n<p>The calm sea and light wind will keep you from suffering too much from the sun and heat. Become an explorer for the day and discover an ecological, natural, and totally unspoiled paradise. You can observe more than 130 species of birds, 76 of which live permanently in the bay, 10 are endemic and 47 are migrants.<\/p>\n<p>08.00 \u2013 Departure from your hotel<br \/>\n09.30 \u2013 Short stop at the Laguna de Oviedo to enjoy the view from the viewing platform<br \/>\n11.00 \u2013 Departure by boat from the village La Cueva to the Bahia de las Aguilas<br \/>\n12.30 \u2013 Typical lunch on the beach<br \/>\n03.00 \u2013 Return to La Cueva<br \/>\n06.00 \u2013 Arrival at your hotel<\/p>\n<h4><em><strong>B\u1ea1n n\u00ean mang theo nh\u1eefng g\u00ec?<\/strong><\/em><\/h4>\n<ul>\n<li>M\u00e1y \u1ea3nh<\/li>\n<li>Ch\u1ed3i \u0111u\u1ed5i<\/li>\n<li>kem ch\u1ed1ng n\u1eafng<\/li>\n<li>Ph\u00f2ng v\u1ec7 sinh<\/li>\n<li>M\u0169<\/li>\n<li>Qu\u1ea7n tho\u1ea3i m\u00e1i<\/li>\n<li>Gi\u00e0y \u0111i r\u1eebng<\/li>\n<li>D\u00e9p \u0111\u1ebfn mi\u1ec1n Xu\u00e2n.<\/li>\n<li>\u0110\u1ed3 b\u01a1i<\/li>\n<\/ul>\n<p>&nbsp;<\/p>\n<h4><b><i>\u0110\u00f3n kh\u00e1ch s\u1ea1n<\/i><\/b><\/h4>\n<p>Hotel pick-up is offered for this tour. Pickup\/Transportation from your hotel (area of Barahona\/Paraiso\/Los Patos).<\/p>\n<p><b>Ghi ch\u00fa:<\/b>\u00a0N\u1ebfu b\u1ea1n \u0111\u01b0\u1ee3c \u0111\u1eb7t trong v\u00f2ng 24 gi\u1edd k\u1ec3 t\u1eeb gi\u1edd kh\u1edfi h\u00e0nh chuy\u1ebfn tham quan\/chuy\u1ebfn tham quan, ch\u00fang t\u00f4i c\u00f3 th\u1ec3 s\u1eafp x\u1ebfp \u0111\u00f3n kh\u00e1ch t\u1ea1i kh\u00e1ch s\u1ea1n. Ch\u00fang t\u00f4i ch\u1ec9 \u0111\u00f3n \u1edf khu v\u1ef1c Samana. Sau khi vi\u1ec7c mua h\u00e0ng c\u1ee7a b\u1ea1n ho\u00e0n t\u1ea5t, ch\u00fang t\u00f4i s\u1ebd g\u1eedi cho b\u1ea1n th\u00f4ng tin li\u00ean h\u1ec7 \u0111\u1ea7y \u0111\u1ee7 (s\u1ed1 \u0111i\u1ec7n tho\u1ea1i, \u0111\u1ecba ch\u1ec9 email, v.v.) \u0111\u1ec3 h\u01b0\u1edbng d\u1eabn vi\u00ean du l\u1ecbch \u0111\u1ecba ph\u01b0\u01a1ng c\u1ee7a ch\u00fang t\u00f4i s\u1eafp x\u1ebfp vi\u1ec7c \u0111\u00f3n kh\u00e1ch.<\/p>\n<h4><b><i>X\u00e1c nh\u1eadn th\u00f4ng tin b\u1ed5 sung<\/i><\/b><\/h4>\n<ol>\n<li>V\u00e9 l\u00e0 Bi\u00ean lai sau khi thanh to\u00e1n Chuy\u1ebfn tham quan n\u00e0y. B\u1ea1n c\u00f3 th\u1ec3 hi\u1ec3n th\u1ecb kho\u1ea3n thanh to\u00e1n tr\u00ean \u0111i\u1ec7n tho\u1ea1i c\u1ee7a m\u00ecnh.<\/li>\n<li>\u0110i\u1ec3m t\u1eadp trung s\u1ebd \u0111\u01b0\u1ee3c nh\u1eadn sau qu\u00e1 tr\u00ecnh \u0111\u1eb7t ch\u1ed7.<\/li>\n<li>Tr\u1ebb em ph\u1ea3i \u0111i c\u00f9ng ng\u01b0\u1eddi l\u1edbn.<\/li>\n<li>Kh\u00f4ng th\u1ec3 s\u1eed d\u1ee5ng xe l\u0103n<\/li>\n<li>Tr\u1ebb s\u01a1 sinh ph\u1ea3i ng\u1ed3i tr\u00ean \u0111\u00f9i<\/li>\n<li>Kh\u00f4ng khuy\u1ebfn kh\u00edch cho du kh\u00e1ch c\u00f3 v\u1ea5n \u0111\u1ec1 v\u1ec1 l\u01b0ng<\/li>\n<li>Kh\u00f4ng khuy\u1ebfn kh\u00edch cho du kh\u00e1ch mang thai<\/li>\n<li>Kh\u00f4ng c\u00f3 v\u1ea5n \u0111\u1ec1 v\u1ec1 tim ho\u1eb7c c\u00e1c t\u00ecnh tr\u1ea1ng b\u1ec7nh l\u00fd nghi\u00eam tr\u1ecdng kh\u00e1c<\/li>\n<li>H\u1ea7u h\u1ebft du kh\u00e1ch c\u00f3 th\u1ec3 tham gia<\/li>\n<\/ol>\n<h4><b><i>Ch\u00ednh s\u00e1ch h\u1ee7y<\/i><\/b><\/h4>\n<p>\u0110\u1ec3 \u0111\u01b0\u1ee3c ho\u00e0n \u0111\u1ee7 ti\u1ec1n, h\u00e3y h\u1ee7y \u00edt nh\u1ea5t 24 gi\u1edd tr\u01b0\u1edbc ng\u00e0y b\u1eaft \u0111\u1ea7u tr\u1ea3i nghi\u1ec7m. Ti\u1ec1n s\u1ebd b\u1ecb m\u1ea5t n\u1ebfu vi\u1ec7c \u0111\u1eb7t ch\u1ed7 b\u1ecb h\u1ee7y trong c\u00f9ng ng\u00e0y c\u1ee7a chuy\u1ebfn \u0111i.<\/p>\n\n\t\t<\/div>\n\t<\/div>\n<\/div><\/div><\/div><\/div>","protected":false},"excerpt":{"rendered":"<p>Buy a Day Pass Tickets to Bahia las Aguilas from Barahona. Driving through the national park Jaragua and heading to Cabo Rojo, where a boat awaits you. After a 15-minute ride with the boat, you will be reaching the beautiful and isolated Bah\u00eda de las \u00c1guilas, which is considered to be the most beautiful beach in the country. Lunch will be served at the beach and you have the chance to go swimming or just relax on the beach. Enjoy the pristine white sand of this 8 km long beach.<\/p>\n<p>&nbsp;<\/p>\n<p><strong>Select the day for this trip:<\/strong><\/p>","protected":false},"featured_media":500,"template":"","meta":[],"product_brand":[],"product_cat":[396,135],"product_tag":[397,398,399,400,401,402,403,404,405,406,407,408,409,410,411],"class_list":{"0":"post-11350","1":"product","2":"type-product","3":"status-publish","4":"has-post-thumbnail","6":"product_cat-bahia-de-las-aguilas-dominican-republic","7":"product_cat-lunch","8":"product_tag-bahia-de-las-aguilas","9":"product_tag-bahia-de-las-aguilas-pedernales","10":"product_tag-bahia-de-las-aguilas-beach-tour","11":"product_tag-bahia-de-las-aguilas-hoteles","12":"product_tag-bahia-de-las-aguilas-map","13":"product_tag-bahia-de-las-aguilas-private-tour","14":"product_tag-bahia-de-las-aguilas-republica-dominicana-hotel","15":"product_tag-bahia-de-las-aguilas-tour-from-punta-cana","16":"product_tag-bahia-de-las-aguilas-beach-day-trip-by-boat","17":"product_tag-bahia-las-aguilas-tours","18":"product_tag-barahona-tours","19":"product_tag-closest-airport-to-bahia-de-las-aguilas","20":"product_tag-hotel-barahona","21":"product_tag-playa-bahia-de-las-aguilas-dominican-republic","22":"product_tag-tours-a-bahia-de-las-aguilas-desde-santo-domingo","24":"first","25":"instock","26":"sale","27":"sold-individually","28":"shipping-taxable","29":"product-type-external"},"_links":{"self":[{"href":"https:\/\/haitises.com\/vi\/wp-json\/wp\/v2\/product\/11350","targetHints":{"allow":["GET"]}}],"collection":[{"href":"https:\/\/haitises.com\/vi\/wp-json\/wp\/v2\/product"}],"about":[{"href":"https:\/\/haitises.com\/vi\/wp-json\/wp\/v2\/types\/product"}],"wp:featuredmedia":[{"embeddable":true,"href":"https:\/\/haitises.com\/vi\/wp-json\/wp\/v2\/media\/500"}],"wp:attachment":[{"href":"https:\/\/haitises.com\/vi\/wp-json\/wp\/v2\/media?parent=11350"}],"wp:term":[{"taxonomy":"product_brand","embeddable":true,"href":"https:\/\/haitises.com\/vi\/wp-json\/wp\/v2\/product_brand?post=11350"},{"taxonomy":"product_cat","embeddable":true,"href":"https:\/\/haitises.com\/vi\/wp-json\/wp\/v2\/product_cat?post=11350"},{"taxonomy":"product_tag","embeddable":true,"href":"https:\/\/haitises.com\/vi\/wp-json\/wp\/v2\/product_tag?post=11350"}],"curies":[{"name":"wp","href":"https:\/\/api.w.org\/{rel}","templated":true}]}}