{"id":11064,"date":"2021-04-09T10:46:12","date_gmt":"2021-04-09T10:46:12","guid":{"rendered":"http:\/\/haitises.com\/product\/import-placeholder-for-11566\/"},"modified":"2024-04-12T17:22:43","modified_gmt":"2024-04-12T17:22:43","slug":"samana-day-trip-from-bayahibe-el-limon-waterfall-and-bacardi-island","status":"publish","type":"product","link":"https:\/\/haitises.com\/vi\/rieng-tu\/samana-day-trip-from-bayahibe-el-limon-waterfall-and-bacardi-island\/","title":{"rendered":"Chuy\u1ebfn \u0111i trong ng\u00e0y c\u1ee7a Samana t\u1eeb Bayahibe \u2013 Th\u00e1c El Limon v\u00e0 \u0110\u1ea3o Bacardi"},"content":{"rendered":"<div class=\"vc_row wpb_row vc_row-fluid\" ><div class=\"wpb_column vc_column_container vc_col-sm-12\"><div class=\"vc_column-inner\"><div class=\"wpb_wrapper\">[mkdf_section_title title_tag=\u00bb\u00bb disable_break_words=\u00bbno\u00bb subtitle_tag=\u00bb\u00bb title=\u00bbSamana Day Trip From Bayahibe &#8211; El Limon Waterfall and Bacardi Island\u00bb subtitle=\u00bb(Pick-up in Bayahibe Hotels)\u00bb]<\/div><\/div><\/div><\/div><div class=\"vc_row wpb_row vc_row-fluid\" ><div class=\"wpb_column vc_column_container vc_col-sm-12\"><div class=\"vc_column-inner\"><div class=\"wpb_wrapper\">\n\t<div class=\"wpb_text_column wpb_content_element\" >\n\t\t<div class=\"wpb_wrapper\">\n\t\t\t<h4><b><i>T\u1ed5ng quan <\/i><\/b><\/h4>\n<p>If you are in Bayahibe, Punta Cana or Bavaro, and wants to have a day trip paying less than usual, go ahead and book this trip. Within this trip, we will take you to Samana, where on a catamaran, you will be taken to Sabana de la Mar, a township of Hato Mayor the house of \u00a0Los Haitises National Park. This journey includes visiting the communities of Samana and El Limon where you will be able to do Horse Riding or Hiking to a waterfall right after crossing Samana Bay. The lunch will be served at Bacardi Island. The trips begins at 6:00am and ends by 6:30pm. Do your reservation now!<\/p>\n<p>After this experience,\u00a0 we will drop you off at Your Hotel.<\/p>\n<ul>\n<li style=\"font-weight: 400;\">\u0110\u00e3 bao g\u1ed3m ph\u00ed<\/li>\n<li>Lunch at the beach included<\/li>\n<li>Transfer incluided<\/li>\n<li style=\"font-weight: 400;\"><span style=\"font-weight: 400;\">H\u01b0\u1edbng d\u1eabn cung c\u1ea5p h\u01b0\u1edbng d\u1eabn v\u00e0 gi\u00e1m s\u00e1t<\/span><\/li>\n<\/ul>\n<p>&nbsp;<\/p>\n<h4><b>Bao g\u1ed3m &amp; Lo\u1ea1i tr\u1eeb<\/b><\/h4>\n<p>&nbsp;<\/p>\n<p><b>Bao g\u1ed3m<\/b><\/p>\n<p>&nbsp;<\/p>\n<ol>\n<li style=\"font-weight: 400;\">Hotel pick up<\/li>\n<li style=\"font-weight: 400;\">Saman\u00e1 Bay<\/li>\n<li>Bacardi Island, Beach, and Lunch<\/li>\n<li>Safari to El Lim\u00f3n<\/li>\n<li>Horse riding or Hiking to Waterfalls<\/li>\n<li>Dominicans Cocktails<\/li>\n<li style=\"font-weight: 400;\"><span style=\"font-weight: 400;\">T\u1ea5t c\u1ea3 c\u00e1c lo\u1ea1i thu\u1ebf, ph\u00ed v\u00e0 ph\u00ed x\u1eed l\u00fd<\/span><\/li>\n<li style=\"font-weight: 400;\"><span style=\"font-weight: 400;\">Thu\u1ebf \u0111\u1ecba ph\u01b0\u01a1ng<\/span><\/li>\n<li style=\"font-weight: 400;\"><span style=\"font-weight: 400;\">\u0110\u1ed3 u\u1ed1ng<\/span><\/li>\n<li style=\"font-weight: 400;\"><span style=\"font-weight: 400;\">M\u1ecdi ho\u1ea1t \u0111\u1ed9ng<\/span><\/li>\n<li style=\"font-weight: 400;\"><span style=\"font-weight: 400;\">H\u01b0\u1edbng d\u1eabn \u0111\u1ecba ph\u01b0\u01a1ng<\/span><\/li>\n<\/ol>\n<p><b> Lo\u1ea1i tr\u1eeb<\/b><\/p>\n<ol>\n<li style=\"font-weight: 400;\"><span style=\"font-weight: 400;\">Ti\u1ec1n th\u01b0\u1edfng<\/span><\/li>\n<li style=\"font-weight: 400;\"><span style=\"font-weight: 400;\">Alcoholic Drinks after Cocktails\u00a0<\/span><\/li>\n<\/ol>\n<p>&nbsp;<\/p>\n<h4><em><strong>Kh\u1edfi h\u00e0nh &amp; Tr\u1edf v\u1ec1<\/strong><\/em><\/h4>\n<p><span style=\"font-weight: 400;\">Du kh\u00e1ch s\u1ebd c\u00f3 \u0111i\u1ec3m t\u1eadp trung sau qu\u00e1 tr\u00ecnh \u0111\u1eb7t ch\u1ed7. Chuy\u1ebfn tham quan b\u1eaft \u0111\u1ea7u v\u00e0 k\u1ebft th\u00fac t\u1ea1i \u0111i\u1ec3m g\u1eb7p g\u1ee1 c\u1ee7a ch\u00fang t\u00f4i.<\/span><\/p>\n<p>&nbsp;<\/p>\n<h3>Chuy\u1ebfn \u0111i trong ng\u00e0y c\u1ee7a Samana t\u1eeb Bayahibe \u2013 Th\u00e1c El Limon v\u00e0 \u0110\u1ea3o Bacardi<\/h3>\n<h4><b><i>Nh\u1eefng g\u00ec mong \u0111\u1ee3i?<\/i><\/b><\/h4>\n<p>&nbsp;<\/p>\n<p><strong>Get your tickets now<\/strong>. The waterfalls, Horse Riding, Hiking, and Safari Tour, Swimming at Natural Springs, lunch at Bacardi Island, and others fun activities are waiting for you.<\/p>\n<p>Departing Bayahibe on a bus, we will head to Samana Bay port. Once at the port, we will get onboard of a boat or Catamaran with local tour guides who will direct you to the community of Samana. In this community a Safari Tour will take you around teaching you about the history of this town. \u00a0But this is not all, El Limon waterfall is next, here you will be able swim and hike or do horse riding. \u00a0El Limon waterfall is a fantastic natural monument with a tropical forest and clear natural springs. On the way back to Samana we will have a stop at Bacardi Island where a lunch will be served and you are going to be able to swim in one of the most natural pools of Dominican Republic.<\/p>\n<p>&nbsp;<\/p>\n<p>In case you would like to adjust this trip so it is shorter or longer, please contact us.<\/p>\n<p>&nbsp;<\/p>\n<h4><em><strong>B\u1ea1n n\u00ean mang theo nh\u1eefng g\u00ec?<\/strong><\/em><\/h4>\n<ul>\n<li style=\"font-weight: 400;\"><span style=\"font-weight: 400;\">M\u00e1y \u1ea3nh<\/span><\/li>\n<li style=\"font-weight: 400;\"><span style=\"font-weight: 400;\">Ch\u1ed3i \u0111u\u1ed5i<\/span><\/li>\n<li style=\"font-weight: 400;\"><span style=\"font-weight: 400;\">kem ch\u1ed1ng n\u1eafng<\/span><\/li>\n<li style=\"font-weight: 400;\"><span style=\"font-weight: 400;\">M\u0169<\/span><\/li>\n<li style=\"font-weight: 400;\"><span style=\"font-weight: 400;\">Qu\u1ea7n tho\u1ea3i m\u00e1i<\/span><\/li>\n<li style=\"font-weight: 400;\"><span style=\"font-weight: 400;\">Gi\u00e0y \u0111i r\u1eebng<\/span><\/li>\n<li style=\"font-weight: 400;\"><span style=\"font-weight: 400;\">D\u00e9p \u0111\u1ebfn mi\u1ec1n Xu\u00e2n.<\/span><\/li>\n<li style=\"font-weight: 400;\"><span style=\"font-weight: 400;\">\u0110\u1ed3 b\u01a1i<\/span><\/li>\n<\/ul>\n<p>&nbsp;<\/p>\n<h4><b><i>\u0110\u00f3n kh\u00e1ch s\u1ea1n <\/i><\/b><\/h4>\n<p><span style=\"font-weight: 400;\">Traveler pickup is offered!<\/span><\/p>\n<p><span style=\"font-weight: 400;\">We do pick up from all the Hotels in Bayahibe. Pick up Location is Hotel Lobby<br \/>\nIf you are staying at a condo in the area, we will be picking you up at the condo or at the entrance of the closest resort.. We set Pick up contacting us by Whatsapp.<\/span><\/p>\n<p><b>Ghi ch\u00fa:<\/b><span style=\"font-weight: 400;\"> N\u1ebfu b\u1ea1n \u0111\u01b0\u1ee3c \u0111\u1eb7t trong v\u00f2ng 24 gi\u1edd k\u1ec3 t\u1eeb gi\u1edd kh\u1edfi h\u00e0nh chuy\u1ebfn tham quan\/chuy\u1ebfn tham quan, ch\u00fang t\u00f4i c\u00f3 th\u1ec3 s\u1eafp x\u1ebfp \u0111\u00f3n kh\u00e1ch t\u1ea1i kh\u00e1ch s\u1ea1n. Sau khi vi\u1ec7c mua h\u00e0ng c\u1ee7a b\u1ea1n ho\u00e0n t\u1ea5t, ch\u00fang t\u00f4i s\u1ebd g\u1eedi cho b\u1ea1n th\u00f4ng tin li\u00ean h\u1ec7 \u0111\u1ea7y \u0111\u1ee7 (s\u1ed1 \u0111i\u1ec7n tho\u1ea1i, \u0111\u1ecba ch\u1ec9 email, v.v.) \u0111\u1ec3 h\u01b0\u1edbng d\u1eabn vi\u00ean du l\u1ecbch \u0111\u1ecba ph\u01b0\u01a1ng c\u1ee7a ch\u00fang t\u00f4i s\u1eafp x\u1ebfp vi\u1ec7c \u0111\u00f3n kh\u00e1ch.<\/span><\/p>\n<h4><b><i>X\u00e1c nh\u1eadn th\u00f4ng tin b\u1ed5 sung <\/i><\/b><\/h4>\n<ol>\n<li>V\u00e9 l\u00e0 Bi\u00ean lai sau khi thanh to\u00e1n Chuy\u1ebfn tham quan n\u00e0y. B\u1ea1n c\u00f3 th\u1ec3 hi\u1ec3n th\u1ecb kho\u1ea3n thanh to\u00e1n tr\u00ean \u0111i\u1ec7n tho\u1ea1i c\u1ee7a m\u00ecnh.<\/li>\n<li style=\"font-weight: 400;\"><span style=\"font-weight: 400;\">\u0110i\u1ec3m t\u1eadp trung s\u1ebd \u0111\u01b0\u1ee3c nh\u1eadn sau qu\u00e1 tr\u00ecnh \u0111\u1eb7t ch\u1ed7.<\/span><\/li>\n<li style=\"font-weight: 400;\"><span style=\"font-weight: 400;\">Tr\u1ebb em ph\u1ea3i \u0111i c\u00f9ng ng\u01b0\u1eddi l\u1edbn.<\/span><\/li>\n<li style=\"font-weight: 400;\"><span style=\"font-weight: 400;\"> Kh\u00f4ng th\u1ec3 s\u1eed d\u1ee5ng xe l\u0103n <\/span><\/li>\n<li style=\"font-weight: 400;\"><span style=\"font-weight: 400;\">Tr\u1ebb s\u01a1 sinh ph\u1ea3i ng\u1ed3i tr\u00ean \u0111\u00f9i <\/span><\/li>\n<li style=\"font-weight: 400;\"><span style=\"font-weight: 400;\">Kh\u00f4ng khuy\u1ebfn kh\u00edch cho du kh\u00e1ch c\u00f3 v\u1ea5n \u0111\u1ec1 v\u1ec1 l\u01b0ng<\/span><\/li>\n<li style=\"font-weight: 400;\"><span style=\"font-weight: 400;\">Kh\u00f4ng khuy\u1ebfn kh\u00edch cho du kh\u00e1ch mang thai <\/span><\/li>\n<li style=\"font-weight: 400;\"><span style=\"font-weight: 400;\"> Kh\u00f4ng c\u00f3 v\u1ea5n \u0111\u1ec1 v\u1ec1 tim ho\u1eb7c c\u00e1c t\u00ecnh tr\u1ea1ng b\u1ec7nh l\u00fd nghi\u00eam tr\u1ecdng kh\u00e1c <\/span><\/li>\n<li style=\"font-weight: 400;\"><span style=\"font-weight: 400;\">H\u1ea7u h\u1ebft du kh\u00e1ch c\u00f3 th\u1ec3 tham gia<\/span><\/li>\n<\/ol>\n<h4><b><i>Ch\u00ednh s\u00e1ch h\u1ee7y<\/i><\/b><\/h4>\n<p><span style=\"font-weight: 400;\">\u0110\u1ec3 \u0111\u01b0\u1ee3c ho\u00e0n \u0111\u1ee7 ti\u1ec1n, h\u00e3y h\u1ee7y \u00edt nh\u1ea5t 24 gi\u1edd tr\u01b0\u1edbc ng\u00e0y b\u1eaft \u0111\u1ea7u tr\u1ea3i nghi\u1ec7m.<\/span><\/p>\n\n\t\t<\/div>\n\t<\/div>\n<\/div><\/div><\/div><\/div><div class=\"vc_row wpb_row vc_row-fluid\" ><div class=\"wpb_column vc_column_container vc_col-sm-12\"><div class=\"vc_column-inner\"><div class=\"wpb_wrapper\"><div class=\"vc_empty_space\"   style=\"height: 32px\"><span class=\"vc_empty_space_inner\"><\/span><\/div>\n\t<div class=\"wpb_text_column wpb_content_element\" >\n\t\t<div class=\"wpb_wrapper\">\n\t\t\t<h4>Li\u00ean h\u1ec7 ch\u00fang t\u00f4i?<\/h4>\n<h5><em><strong>\u0110\u1eb7t ch\u1ed7 cu\u1ed9c phi\u00eau l\u01b0u<\/strong><\/em><\/h5>\n<p><em><strong>Ng\u01b0\u1eddi d\u00e2n \u0111\u1ecba ph\u01b0\u01a1ng<\/strong> V\u00e0 <strong>Qu\u1ed1c t\u1ecbch<\/strong> H\u01b0\u1edbng d\u1eabn vi\u00ean du l\u1ecbch &amp; D\u1ecbch v\u1ee5 kh\u00e1ch h\u00e0ng<\/em><\/p>\n<p><span class=\"text-turquoise\">\u0110\u1eb7t ch\u1ed7:<\/span> Chuy\u1ebfn tham quan &amp; tham quan t\u1ea1i Dom. Rep.<\/p>\n<p><img decoding=\"async\" class=\"emoji\" draggable=\"false\" src=\"https:\/\/s.w.org\/images\/core\/emoji\/11.2.0\/svg\/1f4de.svg\" alt=\"\ud83d\udcde\" title=\"\"> \u0110i\u1ec7n tho\u1ea1i\/Whatsapp\u00a0 <a href=\"tel:+1-809-720-6035\">+1-809-720-6035<\/a>.<\/p>\n<p><img decoding=\"async\" class=\"emoji\" draggable=\"false\" src=\"https:\/\/s.w.org\/images\/core\/emoji\/11.2.0\/svg\/1f4e9.svg\" alt=\"\ud83d\udce9\" title=\"\"> <a href=\"mailto:info@bookingadventures.com.do\">info@bookingadventures.com.do<\/a><\/p>\n<p><strong>Ch\u00fang t\u00f4i linh ho\u1ea1t thi\u1ebft l\u1eadp c\u00e1c chuy\u1ebfn tham quan ri\u00eang b\u1eb1ng Whatsapp: <a href=\"tel:+18097206035\">+18097206035.<\/a><\/strong><\/p>\n\n\t\t<\/div>\n\t<\/div>\n<div class=\"vc_empty_space\"   style=\"height: 32px\"><span class=\"vc_empty_space_inner\"><\/span><\/div><\/div><\/div><\/div><\/div>","protected":false},"excerpt":{"rendered":"<p>If you are in Punta Cana or Bavaro, and wants to have a day trip paying less than usual, go ahead and book this trip. Within this trip, we will take you to Samana, where on a catamaran, you will be taken to Sabana de la Mar, a township of Hato Mayor the house of \u00a0Los Haitises National Park. This trip includes Safari Tour, Catamaran, Waterfall and Beach swimming, and more. Trip begins at 6:00 am and ends at 6:30 pm. Do not miss it!<\/p>\n<p>&nbsp;<\/p>\n<p>&nbsp;<\/p>\n<p><strong>Vui l\u00f2ng ch\u1ecdn ng\u00e0y cho chuy\u1ebfn tham quan\u00a0<\/strong><\/p>","protected":false},"featured_media":11085,"template":"","meta":[],"product_brand":[],"product_cat":[464,122],"product_tag":[137,138,281,139,282,283,140,284,141,114,285,142,357,358,148,143],"class_list":{"0":"post-11064","1":"product","2":"type-product","3":"status-publish","4":"has-post-thumbnail","6":"product_cat-bayahibe-to-samana","7":"product_cat-tours-and-excursions","8":"product_tag-bacardi-island","9":"product_tag-beach-time","10":"product_tag-cascada-el-limon-salto-el-limon-samana-republica-dominicana","11":"product_tag-cayo-levantado","12":"product_tag-el-limon-waterfall-bacardi-island-from-punta-cana","13":"product_tag-el-limon-waterfall-and-bacardi-island-tour-from-punta-cana","14":"product_tag-el-limon-waterfalls","15":"product_tag-guided-adventures","16":"product_tag-punta-cana","17":"product_tag-sabana-de-la-mar","18":"product_tag-salto-de-limon-punta-cana","19":"product_tag-samana","20":"product_tag-samana-day-trip-from-punta-cana","21":"product_tag-samana-day-trip-from-punta-cana-el-limon-waterfall-and-bacardi-island","22":"product_tag-samana-excursions","23":"product_tag-samana-tours","25":"first","26":"instock","27":"sale","28":"sold-individually","29":"shipping-taxable","30":"product-type-external"},"_links":{"self":[{"href":"https:\/\/haitises.com\/vi\/wp-json\/wp\/v2\/product\/11064","targetHints":{"allow":["GET"]}}],"collection":[{"href":"https:\/\/haitises.com\/vi\/wp-json\/wp\/v2\/product"}],"about":[{"href":"https:\/\/haitises.com\/vi\/wp-json\/wp\/v2\/types\/product"}],"wp:featuredmedia":[{"embeddable":true,"href":"https:\/\/haitises.com\/vi\/wp-json\/wp\/v2\/media\/11085"}],"wp:attachment":[{"href":"https:\/\/haitises.com\/vi\/wp-json\/wp\/v2\/media?parent=11064"}],"wp:term":[{"taxonomy":"product_brand","embeddable":true,"href":"https:\/\/haitises.com\/vi\/wp-json\/wp\/v2\/product_brand?post=11064"},{"taxonomy":"product_cat","embeddable":true,"href":"https:\/\/haitises.com\/vi\/wp-json\/wp\/v2\/product_cat?post=11064"},{"taxonomy":"product_tag","embeddable":true,"href":"https:\/\/haitises.com\/vi\/wp-json\/wp\/v2\/product_tag?post=11064"}],"curies":[{"name":"wp","href":"https:\/\/api.w.org\/{rel}","templated":true}]}}