{"id":10913,"date":"2020-07-19T00:16:18","date_gmt":"2020-07-19T00:16:18","guid":{"rendered":"http:\/\/haitises.com\/?post_type=product&#038;p=10913"},"modified":"2024-04-15T18:40:08","modified_gmt":"2024-04-15T18:40:08","slug":"bahia-de-las-aguilas-dia-de-playa-y-tour-en-bote-pasa-dia-esnorquel-almuerzo","status":"publish","type":"product","link":"https:\/\/haitises.com\/vi\/rieng-tu\/bahia-de-las-aguilas-dia-de-playa-y-tour-en-bote-pasa-dia-esnorquel-almuerzo\/","title":{"rendered":"Bah\u00eda de las Aguilas: Ng\u00e0y \u0111i bi\u1ec3n v\u00e0 chuy\u1ebfn tham quan b\u1eb1ng thuy\u1ec1n \u2013 V\u00e9 ng\u00e0y \u2013 L\u1eb7n v\u1edbi \u1ed1ng th\u1edf &amp; \u0102n tr\u01b0a"},"content":{"rendered":"<div class=\"vc_row wpb_row vc_row-fluid\" ><div class=\"wpb_column vc_column_container vc_col-sm-12\"><div class=\"vc_column-inner\"><div class=\"wpb_wrapper\">[mkdf_section_title title_tag=\u00bb\u00bb disable_break_words=\u00bbno\u00bb subtitle_tag=\u00bb\u00bb title=\u00bbBah\u00eda de las \u00c1guilas: D\u00eda de playa y viaje en bote\u00bb subtitle=\u00bbPasa d\u00eda &#8211; Esn\u00f3rquel &amp; Almuerzo\u00bb]<\/div><\/div><\/div><\/div><div class=\"vc_row wpb_row vc_row-fluid\" ><div class=\"wpb_column vc_column_container vc_col-sm-12\"><div class=\"vc_column-inner\"><div class=\"wpb_wrapper\">\n\t<div class=\"wpb_text_column wpb_content_element\" >\n\t\t<div class=\"wpb_wrapper\">\n\t\t\t<h3>S\u1ef1 mi\u00eau t\u1ea3<\/h3>\n<p>Disfruta de un d\u00eda en la playa y deja que tu esp\u00edritu fluya, lejos de las zonas tur\u00edsticas y de todo el estr\u00e9s. Ven y descubre el Parque Nacional Jaragua y Bah\u00eda de las \u00c1guilas. Conduzca por un hermoso camino con impresionantes vistas del peque\u00f1o puerto y el pueblo pesquero de Cabo Rojo. En Las Cuevas abordas un bote que te lleva en un viaje de 15 minutos a una de las playas naturales m\u00e1s bellas del mundo. Las arenas de la Bah\u00eda de las \u00c1guilas son v\u00edrgenes y la bah\u00eda cubre 8 km. Experimente un paisaje costero excepcional con aguas cristalinas que brillan en tonos que van desde el azul turquesa hasta el azul \u00f3palo derriti\u00e9ndose en el horizonte. El almuerzo se sirve en la playa, nada o practica snorkel y explora este para\u00edso natural virgen.<\/p>\n<ul>\n<li>Gu\u00eda local con experiencia en seguridad en la zona.<\/li>\n<li>Transporte privado<\/li>\n<li>Bao g\u1ed3m thu\u1ebf<\/li>\n<li>Almuerzo<\/li>\n<li>Gu\u00eda de turismo local en espa\u00f1ol, ingl\u00e9s o franc\u00e9s.<\/li>\n<li>Excursionismo<\/li>\n<li>Bucear<\/li>\n<\/ul>\n<h3>Bao g\u1ed3m v\u00e0 lo\u1ea1i tr\u1eeb<\/h3>\n<h4>Bao g\u1ed3m<\/h4>\n<ol>\n<li>Gu\u00eda local con experiencia en seguridad en la zona.<\/li>\n<li>Transporte privado para grupos peque\u00f1os.<\/li>\n<li>T\u1ea5t c\u1ea3 c\u00e1c lo\u1ea1i thu\u1ebf, ph\u00ed v\u00e0 ph\u00ed x\u1eed l\u00fd<\/li>\n<li>Thu\u1ebf \u0111\u1ecba ph\u01b0\u01a1ng<\/li>\n<li>Almuerzo<\/li>\n<li>Excursionismo<\/li>\n<li>Piscinas Naturales<\/li>\n<li>Bucear<\/li>\n<li>T\u1ea5t c\u1ea3 c\u00e1c ho\u1ea1t \u0111\u1ed9ng<\/li>\n<\/ol>\n<h4>Lo\u1ea1i tr\u1eeb<\/h4>\n<ol>\n<li>L\u1eddi khuy\u00ean<\/li>\n<li>Todas las bebidas<\/li>\n<\/ol>\n<h3><em>Kh\u1edfi h\u00e0nh v\u00e0 tr\u1edf v\u1ec1<\/em><\/h3>\n<p>El viajero obtendr\u00e1 un punto de encuentro despu\u00e9s del proceso de reserva. Los recorridos comienzan y finalizan en sus puntos de encuentro.<\/p>\n<p>Bah\u00eda de las Aguilas: excursi\u00f3n de un d\u00eda a la playa en bote &#8211; Pase de un d\u00eda &#8211; Snorkeling y almuerzo<\/p>\n<h3><em>Nh\u1eefng g\u00ec mong \u0111\u1ee3i?<\/em><\/h3>\n<p>Playa de las Aguilas lleva el nombre del \u00e1guila ind\u00edgena. Es conocida como la playa m\u00e1s hermosa de todo el pa\u00eds. El clima del parque es muy \u00e1rido y la vegetaci\u00f3n se compone principalmente de cactus y otras plantas del desierto. El camino de tierra roja que corre a lo largo de la bah\u00eda es comparable a un paisaje de sabana africana.<br \/>\nDescubra este para\u00edso para los pescadores y amantes de las playas de arena blanca y aguas cristalinas. Pero primero, viaja al pueblo La Cueva, donde los pescadores locales viven dentro de las cuevas.<\/p>\n<p>\u00bfFalta algo en este momento perfecto de la imagen?<\/p>\n<p>El mar en calma y el viento suave evitar\u00e1n que sufras demasiado por el sol y el calor. Convi\u00e9rtete en un explorador por el d\u00eda y descubre un para\u00edso ecol\u00f3gico, natural y totalmente virgen. Puede observar m\u00e1s de 130 especies de aves, 76 de las cuales viven permanentemente en la bah\u00eda, 10 son end\u00e9micas y 47 son migrantes.<\/p>\n<p><strong>L\u1ecbch tr\u00ecnh:<\/strong><\/p>\n<ul>\n<li>08.00 &#8211; Salida desde su hotel<\/li>\n<li>09.30 &#8211; Parada corta en la Laguna de Oviedo para disfrutar de la vista desde la plataforma de observaci\u00f3n.<\/li>\n<li>11.00 &#8211; Salida en bote desde el pueblo La Cueva hacia la Bah\u00eda de las Aguilas<\/li>\n<li>12.30 &#8211; Almuerzo t\u00edpico en la playa.<\/li>\n<li>03.00 &#8211; Regreso a La Cueva<\/li>\n<li>06.00 &#8211; Llegada a su hotel<\/li>\n<\/ul>\n<h3><em>B\u1ea1n n\u00ean mang theo nh\u1eefng g\u00ec?<\/em><\/h3>\n<ul>\n<li>M\u00e1y \u1ea3nh<\/li>\n<li>Thu\u1ed1c \u0111u\u1ed5i<\/li>\n<li>Kem ch\u1ed1ng n\u1eafng<\/li>\n<li>Agua<\/li>\n<li>M\u0169<\/li>\n<li>Qu\u1ea7n tho\u1ea3i m\u00e1i<\/li>\n<li>Gi\u00e0y \u0111i r\u1eebng<\/li>\n<li>D\u00e9p \u0111\u1ebfn mi\u1ec1n xu\u00e2n.<\/li>\n<li>\u0110\u1ed3 b\u01a1i<\/li>\n<\/ul>\n<h3><em>\u0110\u00f3n kh\u00e1ch s\u1ea1n<\/em><\/h3>\n<p>Se ofrece recogida en el hotel para este recorrido. Recogida \/ Transporte desde su hotel (\u00e1rea de Barahona \/ Paraiso \/ Los Patos).<\/p>\n<p><strong>Ghi ch\u00fa:<\/strong> Si realiza la reserva dentro de las 24 horas de la hora de salida del tour \/ excursi\u00f3n, podemos organizar la recogida en el hotel. Acabamos de recoger en el \u00e1rea de Saman\u00e1. Una vez que se complete su compra, le enviaremos informaci\u00f3n de contacto completa (n\u00famero de tel\u00e9fono, direcci\u00f3n de correo electr\u00f3nico, etc.) para que nuestro gu\u00eda tur\u00edstico local organice los arreglos de recogida.<\/p>\n<h3><em>X\u00e1c nh\u1eadn th\u00f4ng tin b\u1ed5 sung<\/em><\/h3>\n<ol>\n<li>V\u00e9 l\u00e0 Bi\u00ean lai sau khi thanh to\u00e1n cho Chuy\u1ebfn tham quan n\u00e0y. B\u1ea1n c\u00f3 th\u1ec3 hi\u1ec3n th\u1ecb kho\u1ea3n thanh to\u00e1n tr\u00ean \u0111i\u1ec7n tho\u1ea1i c\u1ee7a m\u00ecnh.<\/li>\n<li>\u0110i\u1ec3m t\u1eadp trung s\u1ebd \u0111\u01b0\u1ee3c nh\u1eadn sau qu\u00e1 tr\u00ecnh \u0111\u1eb7t ch\u1ed7.<\/li>\n<li>Tr\u1ebb em ph\u1ea3i \u0111i c\u00f9ng ng\u01b0\u1eddi l\u1edbn.<\/li>\n<li>Kh\u00f4ng th\u1ec3 s\u1eed d\u1ee5ng xe l\u0103n<\/li>\n<li>Tr\u1ebb s\u01a1 sinh n\u00ean ng\u1ed3i tr\u00ean \u0111\u00f9i<\/li>\n<li>Kh\u00f4ng n\u00ean d\u00f9ng cho du kh\u00e1ch c\u00f3 v\u1ea5n \u0111\u1ec1 v\u1ec1 l\u01b0ng.<\/li>\n<li>No recomendado para muejeres embarazadas.<\/li>\n<li>Kh\u00f4ng c\u00f3 v\u1ea5n \u0111\u1ec1 v\u1ec1 tim ho\u1eb7c c\u00e1c t\u00ecnh tr\u1ea1ng b\u1ec7nh l\u00fd nghi\u00eam tr\u1ecdng kh\u00e1c.<\/li>\n<li>H\u1ea7u h\u1ebft du kh\u00e1ch c\u00f3 th\u1ec3 tham gia.<\/li>\n<\/ol>\n<h3><em>Ch\u00ednh s\u00e1ch h\u1ee7y<\/em><\/h3>\n<p>Para obtener un reembolso completo, cancele al menos 24 horas antes de la fecha de inicio de la experiencia. Los fondos se perder\u00e1n si la reserva se cancela el mismo d\u00eda del viaje.<\/p>\n<p>&nbsp;<\/p>\n<p>&nbsp;<\/p>\n<h4>Cont\u00e1ctenos<\/h4>\n<h5>Reserva de Aventuras<\/h5>\n<p><em>H\u01b0\u1edbng d\u1eabn vi\u00ean du l\u1ecbch <strong>M\u1eb7t b\u1eb1ng<\/strong> V\u00e0 <strong>qu\u1ed1c gia<\/strong> v\u00e0 d\u1ecbch v\u1ee5 kh\u00e1ch<\/em><\/p>\n<p>\u0110\u1eb7t ch\u1ed7: C\u00e1c chuy\u1ebfn tham quan v\u00e0 du ngo\u1ea1n t\u1ea1i Dom. Rep.<\/p>\n<p>\u0110i\u1ec7n tho\u1ea1i\/Whatsapp +1-809-720-6035.<\/p>\n<p>info@bookingadventures.com.do<\/p>\n<p>Somos flexibles Configurando tours privados por<strong>\u00a0WhatsApp: <a href=\"tel:+18097206035\">+18097206035.<\/a><\/strong><\/p>\n\n\t\t<\/div>\n\t<\/div>\n<\/div><\/div><\/div><\/div>","protected":false},"excerpt":{"rendered":"<p>La mejor actividad\u00a0 para visitar Bah\u00eda Las Aguilas desde Barahona. Conduce por el parque nacional Jaragua y dir\u00edgete a Cabo Rojo, donde te espera un bote. Despu\u00e9s de un paseo de 15 minutos con el bote, llegar\u00e1 a la hermosa y aislada Bah\u00eda de las \u00c1guilas, que se considera la playa m\u00e1s hermosa del pa\u00eds. El almuerzo se servir\u00e1 en la playa y tendr\u00e1 la oportunidad de nadar o simplemente relajarse en la playa. Disfruta de la arena blanca de esta playa de 8 km de largo.<\/p>\n<p>&nbsp;<\/p>\n<p><strong>Seleccione la fecha para este Tour:<\/strong><\/p>","protected":false},"featured_media":500,"template":"","meta":[],"product_brand":[],"product_cat":[396,135,443],"product_tag":[397,398,399,400,401,402,403,404,405,406,407,408,409,410,411],"class_list":{"0":"post-10913","1":"product","2":"type-product","3":"status-publish","4":"has-post-thumbnail","6":"product_cat-bahia-de-las-aguilas-dominican-republic","7":"product_cat-lunch","8":"product_cat-tours-y-excursiones-es","9":"product_tag-bahia-de-las-aguilas","10":"product_tag-bahia-de-las-aguilas-pedernales","11":"product_tag-bahia-de-las-aguilas-beach-tour","12":"product_tag-bahia-de-las-aguilas-hoteles","13":"product_tag-bahia-de-las-aguilas-map","14":"product_tag-bahia-de-las-aguilas-private-tour","15":"product_tag-bahia-de-las-aguilas-republica-dominicana-hotel","16":"product_tag-bahia-de-las-aguilas-tour-from-punta-cana","17":"product_tag-bahia-de-las-aguilas-beach-day-trip-by-boat","18":"product_tag-bahia-las-aguilas-tours","19":"product_tag-barahona-tours","20":"product_tag-closest-airport-to-bahia-de-las-aguilas","21":"product_tag-hotel-barahona","22":"product_tag-playa-bahia-de-las-aguilas-dominican-republic","23":"product_tag-tours-a-bahia-de-las-aguilas-desde-santo-domingo","25":"first","26":"instock","27":"sale","28":"sold-individually","29":"shipping-taxable","30":"product-type-external"},"_links":{"self":[{"href":"https:\/\/haitises.com\/vi\/wp-json\/wp\/v2\/product\/10913","targetHints":{"allow":["GET"]}}],"collection":[{"href":"https:\/\/haitises.com\/vi\/wp-json\/wp\/v2\/product"}],"about":[{"href":"https:\/\/haitises.com\/vi\/wp-json\/wp\/v2\/types\/product"}],"wp:featuredmedia":[{"embeddable":true,"href":"https:\/\/haitises.com\/vi\/wp-json\/wp\/v2\/media\/500"}],"wp:attachment":[{"href":"https:\/\/haitises.com\/vi\/wp-json\/wp\/v2\/media?parent=10913"}],"wp:term":[{"taxonomy":"product_brand","embeddable":true,"href":"https:\/\/haitises.com\/vi\/wp-json\/wp\/v2\/product_brand?post=10913"},{"taxonomy":"product_cat","embeddable":true,"href":"https:\/\/haitises.com\/vi\/wp-json\/wp\/v2\/product_cat?post=10913"},{"taxonomy":"product_tag","embeddable":true,"href":"https:\/\/haitises.com\/vi\/wp-json\/wp\/v2\/product_tag?post=10913"}],"curies":[{"name":"wp","href":"https:\/\/api.w.org\/{rel}","templated":true}]}}