{"id":10908,"date":"2020-07-18T19:49:40","date_gmt":"2020-07-18T19:49:40","guid":{"rendered":"http:\/\/haitises.com\/?post_type=product&#038;p=10908"},"modified":"2024-04-15T23:28:53","modified_gmt":"2024-04-15T23:28:53","slug":"playa-ermitano-y-playa-onda-tour-en-bote-de-medio-dia-samana-republica-dominicana","status":"publish","type":"product","link":"https:\/\/haitises.com\/vi\/rieng-tu\/playa-ermitano-y-playa-onda-tour-en-bote-de-medio-dia-samana-republica-dominicana\/","title":{"rendered":"B\u00e3i bi\u1ec3n Ermita\u00f1o v\u00e0 B\u00e3i bi\u1ec3n Honda, Tour du l\u1ecbch b\u1eb1ng thuy\u1ec1n n\u1eeda ng\u00e0y, Saman\u00e1 \u2013 C\u1ed9ng h\u00f2a Dominica"},"content":{"rendered":"<div class=\"vc_row wpb_row vc_row-fluid\" ><div class=\"wpb_column vc_column_container vc_col-sm-12\"><div class=\"vc_column-inner\"><div class=\"wpb_wrapper\">[mkdf_section_title title_tag=\u00bb\u00bb disable_break_words=\u00bbno\u00bb subtitle_tag=\u00bb\u00bb title=\u00bbPlaya Rinc\u00f3n, Playa Fronton + Playa Madame, Saman\u00e1 &#8211; Rep\u00fablica Dominicana.\u00bb subtitle=\u00bbAlmuerzo, Tour en bote y transporte desde los Hoteles.\u00bb]\n\t<div class=\"wpb_text_column wpb_content_element\" >\n\t\t<div class=\"wpb_wrapper\">\n\t\t\t<h2>Excursi\u00f3n en barco a Playa Ermita\u00f1o y viaje privado a Playa Onda.<\/h2>\n<h3>S\u1ef1 mi\u00eau t\u1ea3<\/h3>\n<p>El viaje comienza con recogida en su hotel o en el aeropuerto en el \u00e1rea de Saman\u00e1 o Las Galeras. Comienza tu experiencia en Playa El Valle, una hermosa y \u00fanica playa cerca de Saman\u00e1. Disfrute de un paseo en bote de 25 minutos a Playa Ermita\u00f1o, que es una playa a\u00fan inexplorada y aislada con aguas azul turquesa. Disfruta el agua fresca de coco. Descubra la belleza real e intacta de la Rep\u00fablica Dominicana y sum\u00e9rjase en la naturaleza, mientras explora la cueva secreta cercana. Qu\u00e9dese en Playa Ermita\u00f1o todo el tiempo que desee y visite Playa Onda, otra hermosa playa salvaje, a solo 15 minutos en bote. Regrese a Playa El Valle y luego proceda a Saman\u00e1, ver\u00e1 casas locales y aprender\u00e1 sobre la vida real dominicana.<\/p>\n<ul>\n<li>Gu\u00eda local con experiencia en seguridad en la zona.<\/li>\n<li>Transporte privado<\/li>\n<li>Bao g\u1ed3m thu\u1ebf<\/li>\n<li>Almuerzo en la playa<\/li>\n<li>Gu\u00eda de turismo local en espa\u00f1ol, ingl\u00e9s o franc\u00e9s.<\/li>\n<li>Excursionismo<\/li>\n<\/ul>\n<h3>Bao g\u1ed3m v\u00e0 lo\u1ea1i tr\u1eeb<\/h3>\n<h4>Bao g\u1ed3m<\/h4>\n<ol>\n<li>Gu\u00eda local con experiencia en seguridad en la zona.<\/li>\n<li>Transporte privado para grupos peque\u00f1os.<\/li>\n<li>Playa El Rinc\u00f3n<\/li>\n<li>Rancho Dominicano<\/li>\n<li>R\u00edo Cano Frio<\/li>\n<li>T\u1ea5t c\u1ea3 c\u00e1c lo\u1ea1i thu\u1ebf, ph\u00ed v\u00e0 ph\u00ed x\u1eed l\u00fd<\/li>\n<li>Thu\u1ebf \u0111\u1ecba ph\u01b0\u01a1ng<\/li>\n<li>Almuerzo en la playa<\/li>\n<li>Excursionismo<\/li>\n<li>T\u1ea5t c\u1ea3 c\u00e1c ho\u1ea1t \u0111\u1ed9ng<\/li>\n<\/ol>\n<h4>Lo\u1ea1i tr\u1eeb<\/h4>\n<p>&nbsp;<\/p>\n<ol>\n<li>L\u1eddi khuy\u00ean<\/li>\n<li>Todas las bebidas<\/li>\n<\/ol>\n<h3><em>Kh\u1edfi h\u00e0nh v\u00e0 tr\u1edf v\u1ec1<\/em><\/h3>\n<p>El viajero obtendr\u00e1 un punto de encuentro despu\u00e9s del proceso de reserva. Los recorridos comienzan y finalizan en sus puntos de encuentro.<\/p>\n<h3>(Playa Ermitano) Excursi\u00f3n en barco a Playa Ermita\u00f1o y viaje privado a Playa Onda.<\/h3>\n<h3><em>Nh\u1eefng g\u00ec mong \u0111\u1ee3i?<\/em><\/h3>\n<p>Despu\u00e9s de salir de la zona de hoteles de Saman\u00e1 y conducir por las calles dominicanas, ver\u00e1 y aprender\u00e1 sobre el estilo de vida local. Esta playa se encuentra entre Playa Honda y Playa El Valle, en la pen\u00ednsula de Saman\u00e1. Tiene una longitud de 400 metros y est\u00e1 rodeada de arrecifes. La \u00fanica forma de acceder a esta playa es caminando, a trav\u00e9s de un denso sendero selv\u00e1tico o en bote.<\/p>\n<p>La historia de su nombre es tan fascinante e interesante &#8230; Juan El Ermita\u00f1o aparentemente era un pirata franc\u00e9s que, arrepentido, aterriz\u00f3 un d\u00eda en esta playa de Saman\u00e1. La historia dice que hab\u00eda estado solo y aislado del mundo durante el a\u00f1o 1780. La leyenda dice que despu\u00e9s de 22 a\u00f1os de exilio, fue descubierto por sorpresa por sus antiguos compa\u00f1eros corsarios que lo creyeron muerto. Pero los espa\u00f1oles, asombrados por su austeridad y constancia, le concedieron el perd\u00f3n, consider\u00e1ndolo casi un santo. Pero como con cualquier historia de piratas que se jacta, Juan El Ermita\u00f1o mantuvo un gran secreto: mantuvo un precioso bot\u00edn de su tiempo como pirata que se escondi\u00f3 en esta playa.<\/p>\n<p>Al llegar all\u00ed ver\u00e1s frente a ti un paisaje perfecto de postal. Tendr\u00e1 la impresi\u00f3n de ser \u00fanico en el mundo en este lugar m\u00e1gico de su vegetaci\u00f3n exuberante y tropical y por la belleza de sus aguas cristalinas. Esta playa hace realidad una experiencia incre\u00edble.<\/p>\n<p>La versi\u00f3n turca y sueca de la serie de televisi\u00f3n Survivor fue filmada en esta playa.<\/p>\n<p>Este recorrido, organizado por \u00abBooking Adventures\u00bb, comienza en el punto de encuentro establecido con nuestro gu\u00eda tur\u00edstico. Ven con Booking Adventures, almuerza en la playa y disfruta de una de las playas m\u00e1s incre\u00edbles de Saman\u00e1, Rep\u00fablica Dominicana.<\/p>\n<h3><em>B\u1ea1n n\u00ean mang theo nh\u1eefng g\u00ec?<\/em><\/h3>\n<ul>\n<li>M\u00e1y \u1ea3nh<\/li>\n<li>Thu\u1ed1c \u0111u\u1ed5i<\/li>\n<li>Kem ch\u1ed1ng n\u1eafng<\/li>\n<li>Agua<\/li>\n<li>M\u0169<\/li>\n<li>Qu\u1ea7n tho\u1ea3i m\u00e1i<\/li>\n<li>Gi\u00e0y \u0111i r\u1eebng<\/li>\n<li>D\u00e9p \u0111\u1ebfn mi\u1ec1n xu\u00e2n.<\/li>\n<li>\u0110\u1ed3 b\u01a1i<\/li>\n<\/ul>\n<h3><em>\u0110\u00f3n kh\u00e1ch s\u1ea1n<\/em><\/h3>\n<p>Se ofrece recogida en el hotel para este recorrido.<\/p>\n<p><strong>Ghi ch\u00fa:<\/strong> Si realiza la reserva dentro de las 24 horas de la hora de salida del tour \/ excursi\u00f3n, podemos organizar la recogida en el hotel. Recogemos en el \u00e1rea de Saman\u00e1. Una vez que se complete su compra, le enviaremos informaci\u00f3n de contacto completa (n\u00famero de tel\u00e9fono, direcci\u00f3n de correo electr\u00f3nico, etc.) para que nuestro gu\u00eda tur\u00edstico local organice los arreglos de recogida.<\/p>\n<h3><em>X\u00e1c nh\u1eadn th\u00f4ng tin b\u1ed5 sung<\/em><\/h3>\n<ol>\n<li>V\u00e9 l\u00e0 Bi\u00ean lai sau khi thanh to\u00e1n cho Chuy\u1ebfn tham quan n\u00e0y. B\u1ea1n c\u00f3 th\u1ec3 hi\u1ec3n th\u1ecb kho\u1ea3n thanh to\u00e1n tr\u00ean \u0111i\u1ec7n tho\u1ea1i c\u1ee7a m\u00ecnh.<\/li>\n<li>\u0110i\u1ec3m t\u1eadp trung s\u1ebd \u0111\u01b0\u1ee3c nh\u1eadn sau qu\u00e1 tr\u00ecnh \u0111\u1eb7t ch\u1ed7.<\/li>\n<li>Tr\u1ebb em ph\u1ea3i \u0111i c\u00f9ng ng\u01b0\u1eddi l\u1edbn.<\/li>\n<li>Kh\u00f4ng th\u1ec3 s\u1eed d\u1ee5ng xe l\u0103n<\/li>\n<li>Tr\u1ebb s\u01a1 sinh n\u00ean ng\u1ed3i tr\u00ean \u0111\u00f9i<\/li>\n<li>Kh\u00f4ng n\u00ean d\u00f9ng cho du kh\u00e1ch c\u00f3 v\u1ea5n \u0111\u1ec1 v\u1ec1 l\u01b0ng.<\/li>\n<li>Kh\u00f4ng n\u00ean d\u00f9ng cho ph\u1ee5 n\u1eef mang thai.<\/li>\n<li>Kh\u00f4ng c\u00f3 v\u1ea5n \u0111\u1ec1 v\u1ec1 tim ho\u1eb7c c\u00e1c t\u00ecnh tr\u1ea1ng b\u1ec7nh l\u00fd nghi\u00eam tr\u1ecdng kh\u00e1c.<\/li>\n<li>H\u1ea7u h\u1ebft du kh\u00e1ch c\u00f3 th\u1ec3 tham gia.<\/li>\n<\/ol>\n<h3><em>Ch\u00ednh s\u00e1ch h\u1ee7y<\/em><\/h3>\n<p>Para obtener un reembolso completo, cancele al menos 24 horas antes de la fecha de inicio de la experiencia. Los fondos se perder\u00e1n si la reserva se cancela el mismo d\u00eda del viaje.<\/p>\n\n\t\t<\/div>\n\t<\/div>\n<\/div><\/div><\/div><\/div><div class=\"vc_row wpb_row vc_row-fluid\" ><div class=\"wpb_column vc_column_container vc_col-sm-12\"><div class=\"vc_column-inner\"><div class=\"wpb_wrapper\">\n\t<div class=\"wpb_video_widget wpb_content_element vc_clearfix   vc_video-aspect-ratio-169 vc_video-el-width-100 vc_video-align-left\" >\n\t\t<div class=\"wpb_wrapper\">\n\t\t\t<h2 class=\"wpb_heading wpb_video_heading\">Xem video:<\/h2>\n\t\t\t<div class=\"wpb_video_wrapper\"><iframe loading=\"lazy\" title=\"B\u00e3i bi\u1ec3n Ermita\u00f1o - Saman\u00e1, C\u1ed9ng h\u00f2a Dominica\" src=\"https:\/\/player.vimeo.com\/video\/263076708?dnt=1&amp;app_id=122963\" width=\"1100\" height=\"619\" frameborder=\"0\" allow=\"autoplay; fullscreen\" allowfullscreen><\/iframe><\/div>\n\t\t<\/div>\n\t<\/div>\n<\/div><\/div><\/div><\/div><div class=\"vc_row wpb_row vc_row-fluid\" ><div class=\"wpb_column vc_column_container vc_col-sm-12\"><div class=\"vc_column-inner\"><div class=\"wpb_wrapper\"><div class=\"vc_empty_space\"   style=\"height: 32px\"><span class=\"vc_empty_space_inner\"><\/span><\/div>\n\t<div class=\"wpb_text_column wpb_content_element\" >\n\t\t<div class=\"wpb_wrapper\">\n\t\t\t<h4>Cont\u00e1ctenos<\/h4>\n<h5><em>Reserva de Aventuras<\/em><\/h5>\n<p><em>Gu\u00edas tur\u00edsticos Locales y nacionales y servicios para hu\u00e9spedes<\/em><\/p>\n<p>\u0110\u1eb7t ch\u1ed7: C\u00e1c chuy\u1ebfn tham quan v\u00e0 du ngo\u1ea1n t\u1ea1i Dom. Rep.<\/p>\n<p>\u0110i\u1ec7n tho\u1ea1i\/Whatsapp +1-809-720-6035.<\/p>\n<p>info@bookingadventures.com.do<\/p>\n<p>Somos flexibles Configurando tours privados por<strong>\u00a0WhatsApp: <a href=\"tel:+18097206035\">+18097206035.<\/a><\/strong><\/p>\n\n\t\t<\/div>\n\t<\/div>\n<div class=\"vc_empty_space\"   style=\"height: 32px\"><span class=\"vc_empty_space_inner\"><\/span><\/div><\/div><\/div><\/div><\/div>","protected":false},"excerpt":{"rendered":"<p>El viaje comienza con recogida en su hotel o en el aeropuerto en el \u00e1rea de Saman\u00e1 de Las Galeras. Comience su experiencia en Playa El Valle, una hermosa y \u00fanica playa cerca de Saman\u00e1. Disfrute de un paseo en bote de 25 minutos a Playa Ermita\u00f1o, que es una playa a\u00fan inexplorada y aislada con aguas azul turquesa. Disfruta el agua fresca de coco. Descubra la belleza real e intacta de la Rep\u00fablica Dominicana y sum\u00e9rjase en la naturaleza, mientras explora la cueva secreta cercana. Qu\u00e9dese en Playa Ermita\u00f1o todo el tiempo que desee y visite Playa Honda, otra hermosa playa salvaje, a solo 15 minutos en bote. Regrese a Playa El Valle y luego proceda a Saman\u00e1, ver\u00e1 casas locales y aprender\u00e1 sobre la vida real dominicana. Esta es una experiencia de medio d\u00eda de la verdadera Saman\u00e1 en la Rep\u00fablica Dominicana.<\/p>\n<p><strong>Vui l\u00f2ng ch\u1ecdn ng\u00e0y cho chuy\u1ebfn tham quan:<\/strong><\/p>","protected":false},"featured_media":484,"template":"","meta":[],"product_brand":[],"product_cat":[356,98,135,443,124],"product_tag":[376,377,378,379,380,381,382,383,384,385,386,387,388,389,201,270,148,143],"class_list":{"0":"post-10908","1":"product","2":"type-product","3":"status-publish","4":"has-post-thumbnail","6":"product_cat-day-trips","7":"product_cat-local-tour-guides","8":"product_cat-lunch","9":"product_cat-tours-y-excursiones-es","10":"product_cat-tours-excursions-samana-bay-dominican-republic","11":"product_tag-ermitano-beach-playa-ermitano-boat-tour-and-playa-onda-private-trip","12":"product_tag-ermitano-beach","13":"product_tag-ermitano-excursion","14":"product_tag-ermitano-samana","15":"product_tag-ermitano-tour","16":"product_tag-las-terrenas-excursions","17":"product_tag-las-terrenas-tours","18":"product_tag-onda-beach","19":"product_tag-playa-ermitano-and-playa-onda-private-boat-tour","20":"product_tag-playa-ermitano-tour","21":"product_tag-playa-honda-samana","22":"product_tag-playa-onda","23":"product_tag-playa-onda-location","24":"product_tag-playa-onda-samana-maps","25":"product_tag-private-tours-samana","26":"product_tag-samana-dominican-republic","27":"product_tag-samana-excursions","28":"product_tag-samana-tours","30":"first","31":"instock","32":"sale","33":"sold-individually","34":"shipping-taxable","35":"product-type-external"},"_links":{"self":[{"href":"https:\/\/haitises.com\/vi\/wp-json\/wp\/v2\/product\/10908","targetHints":{"allow":["GET"]}}],"collection":[{"href":"https:\/\/haitises.com\/vi\/wp-json\/wp\/v2\/product"}],"about":[{"href":"https:\/\/haitises.com\/vi\/wp-json\/wp\/v2\/types\/product"}],"wp:featuredmedia":[{"embeddable":true,"href":"https:\/\/haitises.com\/vi\/wp-json\/wp\/v2\/media\/484"}],"wp:attachment":[{"href":"https:\/\/haitises.com\/vi\/wp-json\/wp\/v2\/media?parent=10908"}],"wp:term":[{"taxonomy":"product_brand","embeddable":true,"href":"https:\/\/haitises.com\/vi\/wp-json\/wp\/v2\/product_brand?post=10908"},{"taxonomy":"product_cat","embeddable":true,"href":"https:\/\/haitises.com\/vi\/wp-json\/wp\/v2\/product_cat?post=10908"},{"taxonomy":"product_tag","embeddable":true,"href":"https:\/\/haitises.com\/vi\/wp-json\/wp\/v2\/product_tag?post=10908"}],"curies":[{"name":"wp","href":"https:\/\/api.w.org\/{rel}","templated":true}]}}