{"id":10900,"date":"2020-07-15T20:24:07","date_gmt":"2020-07-15T20:24:07","guid":{"rendered":"http:\/\/haitises.com\/Republica-Dominicana\/import-placeholder-for-9686\/"},"modified":"2024-04-16T01:30:31","modified_gmt":"2024-04-16T01:30:31","slug":"ermitano-beach-playa-ermitano-boat-tour-and-playa-onda-half-day-trip-samana-dominican-republic-2","status":"publish","type":"product","link":"https:\/\/haitises.com\/vi\/rieng-tu\/ermitano-beach-playa-ermitano-boat-tour-and-playa-onda-half-day-trip-samana-dominican-republic-2\/","title":{"rendered":"(B\u00e3i bi\u1ec3n Ermitano) Chuy\u1ebfn tham quan b\u1eb1ng thuy\u1ec1n Playa Ermita\u00f1o v\u00e0 Playa Honda, Chuy\u1ebfn \u0111i n\u1eeda ng\u00e0y, Saman\u00e1 \u2013 C\u1ed9ng h\u00f2a Dominica."},"content":{"rendered":"<div class=\"vc_row wpb_row vc_row-fluid\" ><div class=\"wpb_column vc_column_container vc_col-sm-12\"><div class=\"vc_column-inner\"><div class=\"wpb_wrapper\">[mkdf_section_title title_tag=\u00bb\u00bb disable_break_words=\u00bbno\u00bb subtitle_tag=\u00bb\u00bb title=\u00bbPlaya Rinc\u00f3n, Playa Fronton + Playa Madame Beach, Saman\u00e1 &#8211; Dominican Republic.\u00bb subtitle=\u00bbLunch, Boat Ride and Private Transportation From Hotels.\u00bb]\n\t<div class=\"wpb_text_column wpb_content_element\" >\n\t\t<div class=\"wpb_wrapper\">\n\t\t\t<h2 class=\"styles__heading___mD4_3\" data-radium=\"true\">(B\u00e3i bi\u1ec3n Ermitano) Chuy\u1ebfn tham quan b\u1eb1ng thuy\u1ec1n \u1edf Playa Ermita\u00f1o v\u00e0 Chuy\u1ebfn \u0111i ri\u00eang \u1edf Playa Onda.<\/h2>\n<h4><b><i>T\u1ed5ng quan <\/i><\/b><\/h4>\n<p>Chuy\u1ebfn \u0111i b\u1eaft \u0111\u1ea7u \u0111\u00f3n b\u1ea1n t\u1ea1i kh\u00e1ch s\u1ea1n ho\u1eb7c t\u1ea1i s\u00e2n bay \u1edf khu v\u1ef1c Samana ho\u1eb7c Las Galeras. B\u1eaft \u0111\u1ea7u tr\u1ea3i nghi\u1ec7m c\u1ee7a b\u1ea1n t\u1ea1i Playa El Valle, m\u1ed9t b\u00e3i bi\u1ec3n \u0111\u1eb9p v\u00e0 \u0111\u1ed9c \u0111\u00e1o g\u1ea7n Saman\u00e1. T\u1eadn h\u01b0\u1edfng chuy\u1ebfn \u0111i thuy\u1ec1n 25 ph\u00fat \u0111\u1ebfn Playa Ermita\u00f1o, m\u1ed9t b\u00e3i bi\u1ec3n bi\u1ec7t l\u1eadp v\u00e0 ch\u01b0a \u0111\u01b0\u1ee3c kh\u00e1m ph\u00e1 v\u1edbi l\u00e0n n\u01b0\u1edbc trong xanh nh\u01b0 ng\u1ecdc. Th\u01b0\u1edfng th\u1ee9c n\u01b0\u1edbc d\u1eeba t\u01b0\u01a1i. Kh\u00e1m ph\u00e1 v\u1ebb \u0111\u1eb9p th\u1ef1c s\u1ef1 v\u00e0 hoang s\u01a1 c\u1ee7a C\u1ed9ng h\u00f2a Dominica v\u00e0 h\u00f2a m\u00ecnh v\u00e0o thi\u00ean nhi\u00ean khi kh\u00e1m ph\u00e1 hang \u0111\u1ed9ng b\u00ed m\u1eadt g\u1ea7n \u0111\u00f3. H\u00e3y l\u01b0u tr\u00fa t\u1ea1i Playa Ermita\u00f1o bao l\u00e2u t\u00f9y th\u00edch v\u00e0 gh\u00e9 th\u0103m Playa Onda, m\u1ed9t b\u00e3i bi\u1ec3n hoang s\u01a1 tuy\u1ec7t \u0111\u1eb9p kh\u00e1c, ch\u1ec9 c\u00e1ch \u0111\u00f3 15 ph\u00fat \u0111i thuy\u1ec1n. Quay tr\u1edf l\u1ea1i Playa El Valle v\u00e0 sau \u0111\u00f3 \u0111i \u0111\u1ebfn Saman\u00e1, b\u1ea1n s\u1ebd th\u1ea5y nh\u1eefng ng\u00f4i nh\u00e0 \u0111\u1ecba ph\u01b0\u01a1ng v\u00e0 t\u00ecm hi\u1ec3u v\u1ec1 cu\u1ed9c s\u1ed1ng th\u1ef1c t\u1ebf c\u1ee7a ng\u01b0\u1eddi Dominica.<\/p>\n<p>&nbsp;<\/p>\n<ul>\n<li>H\u01b0\u1edbng d\u1eabn vi\u00ean \u0111\u1ecba ph\u01b0\u01a1ng c\u00f3 kinh nghi\u1ec7m v\u1ec1 An to\u00e0n trong khu v\u1ef1c.<\/li>\n<li>Ph\u01b0\u01a1ng ti\u1ec7n di chuy\u1ec3n c\u00e1 nh\u00e2n<\/li>\n<li>\u0110\u00e3 bao g\u1ed3m ph\u00ed<\/li>\n<li>\u0102n tr\u01b0a t\u1ea1i b\u00e3i bi\u1ec3n<\/li>\n<li>H\u01b0\u1edbng d\u1eabn vi\u00ean \u0111\u1ecba ph\u01b0\u01a1ng b\u1eb1ng ti\u1ebfng T\u00e2y Ban Nha, ti\u1ebfng Anh ho\u1eb7c ti\u1ebfng Ph\u00e1p.<\/li>\n<li>\u0110i b\u1ed9 \u0111\u01b0\u1eddng d\u00e0i<\/li>\n<\/ul>\n<h4><b>Bao g\u1ed3m &amp; Lo\u1ea1i tr\u1eeb<\/b><\/h4>\n<p>&nbsp;<\/p>\n<p><b>Bao g\u1ed3m<\/b><\/p>\n<ol>\n<li><span style=\"font-weight: 400;\">H\u01b0\u1edbng d\u1eabn vi\u00ean \u0111\u1ecba ph\u01b0\u01a1ng c\u00f3 kinh nghi\u1ec7m v\u1ec1 An to\u00e0n trong khu v\u1ef1c.<\/span><\/li>\n<li>Ph\u01b0\u01a1ng ti\u1ec7n di chuy\u1ec3n c\u00e1 nh\u00e2n cho nh\u00f3m nh\u1ecf<\/li>\n<li style=\"font-weight: 400;\">B\u00e3i bi\u1ec3n El Rincon<\/li>\n<li>Trang tr\u1ea1i Nh\u00e0 Dominica<\/li>\n<li>S\u00f4ng Cano Frio<\/li>\n<li style=\"font-weight: 400;\"><span style=\"font-weight: 400;\">T\u1ea5t c\u1ea3 c\u00e1c lo\u1ea1i thu\u1ebf, ph\u00ed v\u00e0 ph\u00ed x\u1eed l\u00fd<\/span><\/li>\n<li style=\"font-weight: 400;\"><span style=\"font-weight: 400;\">Thu\u1ebf \u0111\u1ecba ph\u01b0\u01a1ng<\/span><\/li>\n<li>\u0102n tr\u01b0a t\u1ea1i b\u00e3i bi\u1ec3n<\/li>\n<li>\u0110i b\u1ed9 \u0111\u01b0\u1eddng d\u00e0i<\/li>\n<li style=\"font-weight: 400;\"><span style=\"font-weight: 400;\">M\u1ecdi ho\u1ea1t \u0111\u1ed9ng<\/span><\/li>\n<\/ol>\n<p><b> Lo\u1ea1i tr\u1eeb<\/b><\/p>\n<ol>\n<li style=\"font-weight: 400;\"><span style=\"font-weight: 400;\">Ti\u1ec1n th\u01b0\u1edfng<\/span><\/li>\n<li>T\u1ea5t c\u1ea3 \u0111\u1ed3 u\u1ed1ng<\/li>\n<\/ol>\n<h4><em><strong>Kh\u1edfi h\u00e0nh &amp; Tr\u1edf v\u1ec1<\/strong><\/em><\/h4>\n<p><span style=\"font-weight: 400;\">Du kh\u00e1ch s\u1ebd c\u00f3 \u0111i\u1ec3m t\u1eadp trung sau qu\u00e1 tr\u00ecnh \u0111\u1eb7t ch\u1ed7. Chuy\u1ebfn tham quan b\u1eaft \u0111\u1ea7u v\u00e0 k\u1ebft th\u00fac t\u1ea1i \u0111i\u1ec3m h\u1eb9n c\u1ee7a b\u1ea1n.<\/span><\/p>\n<h2 class=\"styles__heading___mD4_3\" data-radium=\"true\">(B\u00e3i bi\u1ec3n Ermitano) Chuy\u1ebfn tham quan b\u1eb1ng thuy\u1ec1n \u1edf Playa Ermita\u00f1o v\u00e0 Chuy\u1ebfn \u0111i ri\u00eang \u1edf Playa Onda.<\/h2>\n<h4><em>Nh\u1eefng g\u00ec mong \u0111\u1ee3i?<\/em><\/h4>\n<p>Sau khi r\u1eddi kh\u1ecfi khu v\u1ef1c kh\u00e1ch s\u1ea1n Samana v\u00e0 l\u00e1i xe qua c\u00e1c \u0111\u01b0\u1eddng ph\u1ed1 \u1edf Dominica, b\u1ea1n s\u1ebd th\u1ea5y v\u00e0 t\u00ecm hi\u1ec3u v\u1ec1 phong c\u00e1ch s\u1ed1ng c\u1ee7a ng\u01b0\u1eddi d\u00e2n \u0111\u1ecba ph\u01b0\u01a1ng. B\u00e3i bi\u1ec3n n\u00e0y n\u1eb1m gi\u1eefa Playa Honda v\u00e0 Playa El Valle \u1edf B\u00e1n \u0111\u1ea3o Samana. N\u00f3 c\u00f3 chi\u1ec1u d\u00e0i 400 m\u00e9t v\u00e0 \u0111\u01b0\u1ee3c bao quanh b\u1edfi c\u00e1c r\u1ea1n san h\u00f4. C\u00e1ch duy nh\u1ea5t \u0111\u1ec3 \u0111\u1ebfn b\u00e3i bi\u1ec3n n\u00e0y l\u00e0 \u0111i b\u1ed9 \u0111\u01b0\u1eddng d\u00e0i, b\u0103ng qua con \u0111\u01b0\u1eddng m\u00f2n r\u1eadm r\u1ea1p nh\u01b0 r\u1eebng r\u1eadm ho\u1eb7c b\u1eb1ng thuy\u1ec1n.<\/p>\n<p>C\u00e2u chuy\u1ec7n v\u1ec1 t\u00ean c\u1ee7a anh \u1ea5y th\u1eadt h\u1ea5p d\u1eabn v\u00e0 th\u00fa v\u1ecb\u2026 Juan El Ermita\u00f1o r\u00f5 r\u00e0ng l\u00e0 m\u1ed9t t\u00ean c\u01b0\u1edbp bi\u1ec3n ng\u01b0\u1eddi Ph\u00e1p, ng\u01b0\u1eddi \u0111\u00e3 \u0103n n\u0103n h\u1ed1i c\u1ea3i v\u00e0 m\u1ed9t ng\u00e0y n\u1ecd \u0111\u00e3 c\u1eadp b\u1ebfn b\u00e3i bi\u1ec3n n\u00e0y \u1edf Samana. C\u00e2u chuy\u1ec7n k\u1ec3 r\u1eb1ng \u00f4ng \u0111\u00e3 \u1edf m\u1ed9t m\u00ecnh v\u00e0 b\u1ecb c\u00f4 l\u1eadp kh\u1ecfi th\u1ebf gi\u1edbi trong n\u0103m 1780. Truy\u1ec1n thuy\u1ebft k\u1ec3 r\u1eb1ng sau 22 n\u0103m s\u1ed1ng l\u01b0u vong, \u00f4ng b\u1ecb nh\u1eefng \u0111\u1ed3ng \u0111\u1ed9i c\u0169 c\u1ee7a m\u00ecnh b\u1ea5t ng\u1edd ph\u00e1t hi\u1ec7n v\u00e0 tin r\u1eb1ng \u00f4ng \u0111\u00e3 ch\u1ebft. Nh\u01b0ng ng\u01b0\u1eddi T\u00e2y Ban Nha, v\u1ed1n kinh ng\u1ea1c tr\u01b0\u1edbc s\u1ef1 kh\u1eafc kh\u1ed5 v\u00e0 ki\u00ean \u0111\u1ecbnh c\u1ee7a \u00f4ng, \u0111\u00e3 tha th\u1ee9 cho \u00f4ng v\u00e0 coi \u00f4ng g\u1ea7n nh\u01b0 m\u1ed9t v\u1ecb th\u00e1nh. Nh\u01b0ng gi\u1ed1ng nh\u01b0 b\u1ea5t k\u1ef3 l\u1ecbch s\u1eed c\u01b0\u1edbp bi\u1ec3n n\u00e0o \u0111\u00e1ng t\u1ef1 h\u00e0o, Juan El Ermita\u00f1o gi\u1eef m\u1ed9t b\u00ed m\u1eadt l\u1edbn: anh ta gi\u1eef m\u1ed9t chi\u1ebfn l\u1ee3i ph\u1ea9m qu\u00fd gi\u00e1 trong th\u1eddi gian c\u00f2n l\u00e0 m\u1ed9t t\u00ean c\u01b0\u1edbp bi\u1ec3n \u0111\u00e3 \u1ea9n n\u00e1u tr\u00ean b\u00e3i bi\u1ec3n n\u00e0y.<\/p>\n<p>Khi \u0111\u1ebfn \u0111\u00f3 b\u1ea1n s\u1ebd th\u1ea5y tr\u01b0\u1edbc m\u1eb7t m\u00ecnh m\u1ed9t t\u1ea5m b\u01b0u thi\u1ebfp phong c\u1ea3nh ho\u00e0n h\u1ea3o. B\u1ea1n s\u1ebd c\u00f3 \u1ea5n t\u01b0\u1ee3ng l\u00e0 ng\u01b0\u1eddi \u0111\u1ed9c nh\u1ea5t tr\u00ean th\u1ebf gi\u1edbi \u1edf n\u01a1i huy\u1ec1n di\u1ec7u n\u00e0y v\u1edbi th\u1ea3m th\u1ef1c v\u1eadt nhi\u1ec7t \u0111\u1edbi t\u01b0\u01a1i t\u1ed1t c\u0169ng nh\u01b0 v\u1ebb \u0111\u1eb9p c\u1ee7a l\u00e0n n\u01b0\u1edbc trong v\u1eaft. B\u00e3i bi\u1ec3n n\u00e0y bi\u1ebfn tr\u1ea3i nghi\u1ec7m tuy\u1ec7t v\u1eddi tr\u1edf th\u00e0nh hi\u1ec7n th\u1ef1c.<\/p>\n<p>Phi\u00ean b\u1ea3n Th\u1ed5 Nh\u0129 K\u1ef3 v\u00e0 Th\u1ee5y \u0110i\u1ec3n c\u1ee7a lo\u1ea1t phim truy\u1ec1n h\u00ecnh Survivor \u0111\u01b0\u1ee3c quay tr\u00ean b\u00e3i bi\u1ec3n n\u00e0y<\/p>\n<p>This tour, organized by \u00abBooking Adventures\u00bb starts at the meeting point set with our Tour Guide. Come with Booking Adventures and have lunch at the beach and enjoy the one of the\u00a0most amazing beaches in Samana, Dominican Republic.<\/p>\n<h4><em><strong>B\u1ea1n n\u00ean mang theo nh\u1eefng g\u00ec?<\/strong><\/em><\/h4>\n<ul>\n<li style=\"font-weight: 400;\"><span style=\"font-weight: 400;\">M\u00e1y \u1ea3nh<\/span><\/li>\n<li style=\"font-weight: 400;\"><span style=\"font-weight: 400;\">Ch\u1ed3i \u0111u\u1ed5i<\/span><\/li>\n<li style=\"font-weight: 400;\"><span style=\"font-weight: 400;\">kem ch\u1ed1ng n\u1eafng<\/span><\/li>\n<li>Ph\u00f2ng v\u1ec7 sinh<\/li>\n<li style=\"font-weight: 400;\"><span style=\"font-weight: 400;\">M\u0169<\/span><\/li>\n<li style=\"font-weight: 400;\"><span style=\"font-weight: 400;\">Qu\u1ea7n tho\u1ea3i m\u00e1i<\/span><\/li>\n<li style=\"font-weight: 400;\"><span style=\"font-weight: 400;\">Gi\u00e0y \u0111i r\u1eebng<\/span><\/li>\n<li style=\"font-weight: 400;\"><span style=\"font-weight: 400;\">D\u00e9p \u0111\u1ebfn mi\u1ec1n Xu\u00e2n.<\/span><\/li>\n<li style=\"font-weight: 400;\"><span style=\"font-weight: 400;\">\u0110\u1ed3 b\u01a1i<\/span><\/li>\n<\/ul>\n<p>&nbsp;<\/p>\n<h4><b><i>\u0110\u00f3n kh\u00e1ch s\u1ea1n <\/i><\/b><\/h4>\n<p><span style=\"font-weight: 400;\">D\u1ecbch v\u1ee5 \u0111\u00f3n kh\u00e1ch t\u1ea1i kh\u00e1ch s\u1ea1n \u0111\u01b0\u1ee3c cung c\u1ea5p cho chuy\u1ebfn tham quan n\u00e0y. <\/span><\/p>\n<p>&nbsp;<\/p>\n<p><b>Ghi ch\u00fa:<\/b><span style=\"font-weight: 400;\"> N\u1ebfu b\u1ea1n \u0111\u01b0\u1ee3c \u0111\u1eb7t trong v\u00f2ng 24 gi\u1edd k\u1ec3 t\u1eeb gi\u1edd kh\u1edfi h\u00e0nh chuy\u1ebfn tham quan\/chuy\u1ebfn tham quan, ch\u00fang t\u00f4i c\u00f3 th\u1ec3 s\u1eafp x\u1ebfp \u0111\u00f3n kh\u00e1ch t\u1ea1i kh\u00e1ch s\u1ea1n. Ch\u00fang t\u00f4i ch\u1ec9 \u0111\u00f3n \u1edf khu v\u1ef1c Samana. Sau khi vi\u1ec7c mua h\u00e0ng c\u1ee7a b\u1ea1n ho\u00e0n t\u1ea5t, ch\u00fang t\u00f4i s\u1ebd g\u1eedi cho b\u1ea1n th\u00f4ng tin li\u00ean h\u1ec7 \u0111\u1ea7y \u0111\u1ee7 (s\u1ed1 \u0111i\u1ec7n tho\u1ea1i, \u0111\u1ecba ch\u1ec9 email, v.v.) \u0111\u1ec3 h\u01b0\u1edbng d\u1eabn vi\u00ean du l\u1ecbch \u0111\u1ecba ph\u01b0\u01a1ng c\u1ee7a ch\u00fang t\u00f4i s\u1eafp x\u1ebfp vi\u1ec7c \u0111\u00f3n kh\u00e1ch.<\/span><\/p>\n<h4><b><i>X\u00e1c nh\u1eadn th\u00f4ng tin b\u1ed5 sung <\/i><\/b><\/h4>\n<ol>\n<li>V\u00e9 l\u00e0 Bi\u00ean lai sau khi thanh to\u00e1n Chuy\u1ebfn tham quan n\u00e0y. B\u1ea1n c\u00f3 th\u1ec3 hi\u1ec3n th\u1ecb kho\u1ea3n thanh to\u00e1n tr\u00ean \u0111i\u1ec7n tho\u1ea1i c\u1ee7a m\u00ecnh.<\/li>\n<li style=\"font-weight: 400;\"><span style=\"font-weight: 400;\">\u0110i\u1ec3m t\u1eadp trung s\u1ebd \u0111\u01b0\u1ee3c nh\u1eadn sau qu\u00e1 tr\u00ecnh \u0111\u1eb7t ch\u1ed7.<\/span><\/li>\n<li style=\"font-weight: 400;\"><span style=\"font-weight: 400;\">Tr\u1ebb em ph\u1ea3i \u0111i c\u00f9ng ng\u01b0\u1eddi l\u1edbn.<\/span><\/li>\n<li style=\"font-weight: 400;\"><span style=\"font-weight: 400;\"> Kh\u00f4ng th\u1ec3 s\u1eed d\u1ee5ng xe l\u0103n <\/span><\/li>\n<li style=\"font-weight: 400;\"><span style=\"font-weight: 400;\">Tr\u1ebb s\u01a1 sinh ph\u1ea3i ng\u1ed3i tr\u00ean \u0111\u00f9i <\/span><\/li>\n<li style=\"font-weight: 400;\"><span style=\"font-weight: 400;\">Kh\u00f4ng khuy\u1ebfn kh\u00edch cho du kh\u00e1ch c\u00f3 v\u1ea5n \u0111\u1ec1 v\u1ec1 l\u01b0ng<\/span><\/li>\n<li style=\"font-weight: 400;\"><span style=\"font-weight: 400;\">Kh\u00f4ng khuy\u1ebfn kh\u00edch cho du kh\u00e1ch mang thai <\/span><\/li>\n<li style=\"font-weight: 400;\"><span style=\"font-weight: 400;\"> Kh\u00f4ng c\u00f3 v\u1ea5n \u0111\u1ec1 v\u1ec1 tim ho\u1eb7c c\u00e1c t\u00ecnh tr\u1ea1ng b\u1ec7nh l\u00fd nghi\u00eam tr\u1ecdng kh\u00e1c <\/span><\/li>\n<li style=\"font-weight: 400;\"><span style=\"font-weight: 400;\">H\u1ea7u h\u1ebft du kh\u00e1ch c\u00f3 th\u1ec3 tham gia<\/span><\/li>\n<\/ol>\n<h4><b><i>Ch\u00ednh s\u00e1ch h\u1ee7y<\/i><\/b><\/h4>\n<p><span style=\"font-weight: 400;\">\u0110\u1ec3 \u0111\u01b0\u1ee3c ho\u00e0n \u0111\u1ee7 ti\u1ec1n, h\u00e3y h\u1ee7y \u00edt nh\u1ea5t 24 gi\u1edd tr\u01b0\u1edbc ng\u00e0y b\u1eaft \u0111\u1ea7u tr\u1ea3i nghi\u1ec7m. Ti\u1ec1n s\u1ebd b\u1ecb m\u1ea5t n\u1ebfu vi\u1ec7c \u0111\u1eb7t ch\u1ed7 b\u1ecb h\u1ee7y trong c\u00f9ng ng\u00e0y c\u1ee7a chuy\u1ebfn \u0111i.<\/span><\/p>\n\n\t\t<\/div>\n\t<\/div>\n<\/div><\/div><\/div><\/div><div class=\"vc_row wpb_row vc_row-fluid\" ><div class=\"wpb_column vc_column_container vc_col-sm-12\"><div class=\"vc_column-inner\"><div class=\"wpb_wrapper\">\n\t<div class=\"wpb_video_widget wpb_content_element vc_clearfix   vc_video-aspect-ratio-169 vc_video-el-width-100 vc_video-align-left\" >\n\t\t<div class=\"wpb_wrapper\">\n\t\t\t<h2 class=\"wpb_heading wpb_video_heading\">Xem video:<\/h2>\n\t\t\t<div class=\"wpb_video_wrapper\"><iframe loading=\"lazy\" title=\"B\u00e3i bi\u1ec3n Ermita\u00f1o - Saman\u00e1, C\u1ed9ng h\u00f2a Dominica\" src=\"https:\/\/player.vimeo.com\/video\/263076708?dnt=1&amp;app_id=122963\" width=\"1100\" height=\"619\" frameborder=\"0\" allow=\"autoplay; fullscreen\" allowfullscreen><\/iframe><\/div>\n\t\t<\/div>\n\t<\/div>\n<\/div><\/div><\/div><\/div><div class=\"vc_row wpb_row vc_row-fluid\" ><div class=\"wpb_column vc_column_container vc_col-sm-12\"><div class=\"vc_column-inner\"><div class=\"wpb_wrapper\"><div class=\"vc_empty_space\"   style=\"height: 32px\"><span class=\"vc_empty_space_inner\"><\/span><\/div>\n\t<div class=\"wpb_text_column wpb_content_element\" >\n\t\t<div class=\"wpb_wrapper\">\n\t\t\t<h4>Li\u00ean h\u1ec7 ch\u00fang t\u00f4i?<\/h4>\n<h5>\u0110\u1eb7t ch\u1ed7 cu\u1ed9c phi\u00eau l\u01b0u<\/h5>\n<p><em><strong>Ng\u01b0\u1eddi d\u00e2n \u0111\u1ecba ph\u01b0\u01a1ng<\/strong>\u00a0V\u00e0\u00a0<strong>Qu\u1ed1c t\u1ecbch<\/strong>\u00a0H\u01b0\u1edbng d\u1eabn vi\u00ean du l\u1ecbch &amp; D\u1ecbch v\u1ee5 kh\u00e1ch h\u00e0ng<\/em><\/p>\n<p><span class=\"text-turquoise\">\u0110\u1eb7t ch\u1ed7:<\/span>\u00a0Chuy\u1ebfn tham quan &amp; tham quan t\u1ea1i Dom. Rep.<\/p>\n<p><img decoding=\"async\" class=\"emoji\" draggable=\"false\" src=\"https:\/\/s.w.org\/images\/core\/emoji\/11.2.0\/svg\/1f4de.svg\" alt=\"\ud83d\udcde\" title=\"\">\u00a0\u0110i\u1ec7n tho\u1ea1i\/Whatsapp\u00a0\u00a0<a href=\"tel:+1-809-720-6035\">+1-809-720-6035<\/a>.<\/p>\n<p><img decoding=\"async\" class=\"emoji\" draggable=\"false\" src=\"https:\/\/s.w.org\/images\/core\/emoji\/11.2.0\/svg\/1f4e9.svg\" alt=\"\ud83d\udce9\" title=\"\">\u00a0<a href=\"mailto:info@bookingadventures.com.do\">info@bookingadventures.com.do<\/a><\/p>\n<p><strong>Ch\u00fang t\u00f4i linh ho\u1ea1t thi\u1ebft l\u1eadp c\u00e1c chuy\u1ebfn tham quan ri\u00eang b\u1eb1ng Whatsapp:\u00a0<a href=\"tel:+18097206035\">+18097206035.<\/a><\/strong><\/p>\n\n\t\t<\/div>\n\t<\/div>\n<div class=\"vc_empty_space\"   style=\"height: 32px\"><span class=\"vc_empty_space_inner\"><\/span><\/div><\/div><\/div><\/div><\/div>","protected":false},"excerpt":{"rendered":"<p>Chuy\u1ebfn \u0111i b\u1eaft \u0111\u1ea7u \u0111\u00f3n b\u1ea1n t\u1ea1i kh\u00e1ch s\u1ea1n ho\u1eb7c t\u1ea1i s\u00e2n bay \u1edf khu v\u1ef1c Samana c\u1ee7a Las Galeras. B\u1eaft \u0111\u1ea7u tr\u1ea3i nghi\u1ec7m c\u1ee7a b\u1ea1n t\u1ea1i Playa El Valle, m\u1ed9t b\u00e3i bi\u1ec3n \u0111\u1eb9p v\u00e0 \u0111\u1ed9c \u0111\u00e1o g\u1ea7n Saman\u00e1. T\u1eadn h\u01b0\u1edfng chuy\u1ebfn \u0111i thuy\u1ec1n 25 ph\u00fat \u0111\u1ebfn Playa Ermita\u00f1o, m\u1ed9t b\u00e3i bi\u1ec3n bi\u1ec7t l\u1eadp v\u00e0 ch\u01b0a \u0111\u01b0\u1ee3c kh\u00e1m ph\u00e1 v\u1edbi l\u00e0n n\u01b0\u1edbc trong xanh nh\u01b0 ng\u1ecdc. Th\u01b0\u1edfng th\u1ee9c n\u01b0\u1edbc d\u1eeba t\u01b0\u01a1i. Kh\u00e1m ph\u00e1 v\u1ebb \u0111\u1eb9p th\u1ef1c s\u1ef1 v\u00e0 hoang s\u01a1 c\u1ee7a C\u1ed9ng h\u00f2a Dominica v\u00e0 h\u00f2a m\u00ecnh v\u00e0o thi\u00ean nhi\u00ean khi kh\u00e1m ph\u00e1 hang \u0111\u1ed9ng b\u00ed m\u1eadt g\u1ea7n \u0111\u00f3. H\u00e3y l\u01b0u tr\u00fa t\u1ea1i Playa Ermita\u00f1o bao l\u00e2u t\u00f9y th\u00edch v\u00e0 gh\u00e9 th\u0103m Playa Onda, m\u1ed9t b\u00e3i bi\u1ec3n hoang s\u01a1 tuy\u1ec7t \u0111\u1eb9p kh\u00e1c, ch\u1ec9 c\u00e1ch \u0111\u00f3 15 ph\u00fat \u0111i thuy\u1ec1n. Quay tr\u1edf l\u1ea1i Playa El Valle v\u00e0 sau \u0111\u00f3 \u0111i \u0111\u1ebfn Saman\u00e1, b\u1ea1n s\u1ebd th\u1ea5y nh\u1eefng ng\u00f4i nh\u00e0 \u0111\u1ecba ph\u01b0\u01a1ng v\u00e0 t\u00ecm hi\u1ec3u v\u1ec1 cu\u1ed9c s\u1ed1ng th\u1ef1c t\u1ebf c\u1ee7a ng\u01b0\u1eddi Dominica. \u0110\u00e2y l\u00e0 tr\u1ea3i nghi\u1ec7m k\u00e9o d\u00e0i n\u1eeda ng\u00e0y c\u1ee7a Samana th\u1ef1c s\u1ef1 \u1edf C\u1ed9ng h\u00f2a Dominica.<\/p>\n<p>&nbsp;<\/p>\n<p><strong>Vui l\u00f2ng ch\u1ecdn ng\u00e0y tham quan:\u00a0<\/strong><\/p>","protected":false},"featured_media":484,"template":"","meta":[],"product_brand":[],"product_cat":[356,98,135,124],"product_tag":[376,377,378,379,380,381,382,383,384,385,386,387,388,389,201,270,148,143],"class_list":{"0":"post-10900","1":"product","2":"type-product","3":"status-publish","4":"has-post-thumbnail","6":"product_cat-day-trips","7":"product_cat-local-tour-guides","8":"product_cat-lunch","9":"product_cat-tours-excursions-samana-bay-dominican-republic","10":"product_tag-ermitano-beach-playa-ermitano-boat-tour-and-playa-onda-private-trip","11":"product_tag-ermitano-beach","12":"product_tag-ermitano-excursion","13":"product_tag-ermitano-samana","14":"product_tag-ermitano-tour","15":"product_tag-las-terrenas-excursions","16":"product_tag-las-terrenas-tours","17":"product_tag-onda-beach","18":"product_tag-playa-ermitano-and-playa-onda-private-boat-tour","19":"product_tag-playa-ermitano-tour","20":"product_tag-playa-honda-samana","21":"product_tag-playa-onda","22":"product_tag-playa-onda-location","23":"product_tag-playa-onda-samana-maps","24":"product_tag-private-tours-samana","25":"product_tag-samana-dominican-republic","26":"product_tag-samana-excursions","27":"product_tag-samana-tours","29":"first","30":"instock","31":"sale","32":"sold-individually","33":"shipping-taxable","34":"product-type-external"},"_links":{"self":[{"href":"https:\/\/haitises.com\/vi\/wp-json\/wp\/v2\/product\/10900","targetHints":{"allow":["GET"]}}],"collection":[{"href":"https:\/\/haitises.com\/vi\/wp-json\/wp\/v2\/product"}],"about":[{"href":"https:\/\/haitises.com\/vi\/wp-json\/wp\/v2\/types\/product"}],"wp:featuredmedia":[{"embeddable":true,"href":"https:\/\/haitises.com\/vi\/wp-json\/wp\/v2\/media\/484"}],"wp:attachment":[{"href":"https:\/\/haitises.com\/vi\/wp-json\/wp\/v2\/media?parent=10900"}],"wp:term":[{"taxonomy":"product_brand","embeddable":true,"href":"https:\/\/haitises.com\/vi\/wp-json\/wp\/v2\/product_brand?post=10900"},{"taxonomy":"product_cat","embeddable":true,"href":"https:\/\/haitises.com\/vi\/wp-json\/wp\/v2\/product_cat?post=10900"},{"taxonomy":"product_tag","embeddable":true,"href":"https:\/\/haitises.com\/vi\/wp-json\/wp\/v2\/product_tag?post=10900"}],"curies":[{"name":"wp","href":"https:\/\/api.w.org\/{rel}","templated":true}]}}