{"id":595,"date":"2020-07-02T12:43:09","date_gmt":"2020-07-02T12:43:09","guid":{"rendered":"http:\/\/haitises.com\/?post_type=product&#038;p=595"},"modified":"2024-04-16T18:46:40","modified_gmt":"2024-04-16T18:46:40","slug":"excursion-cascada-el-limon-con-caballos","status":"publish","type":"product","link":"https:\/\/haitises.com\/uz\/xususiy\/excursion-cascada-el-limon-con-caballos\/","title":{"rendered":"Excursi\u00f3n Cascada El Lim\u00f3n con Caballos"},"content":{"rendered":"<div class=\"vc_row wpb_row vc_row-fluid\" ><div class=\"wpb_column vc_column_container vc_col-sm-12\"><div class=\"vc_column-inner\"><div class=\"wpb_wrapper\">[mkdf_section_title subtitle_tag=\u00bb\u00bb subtitle=\u00bbViaje normal pero privado\u00bb]<\/div><\/div><\/div><\/div><div class=\"vc_row wpb_row vc_row-fluid\" ><div class=\"wpb_column vc_column_container vc_col-sm-12\"><div class=\"vc_column-inner\"><div class=\"wpb_wrapper\">\n\t<div class=\"wpb_text_column wpb_content_element\" >\n\t\t<div class=\"wpb_wrapper\">\n\t\t\t<h2>Tour a las cascadas de El Lim\u00f3n (caballos y nataci\u00f3n) + almuerzo<\/h2>\n<h3>Tavsif<\/h3>\n<p>Este es un tour privado a las cascadas El Lim\u00f3n con paseos a caballo o senderismo. Visitando el bosque de cacao y caf\u00e9 bajo las plantas de cocos. Cuando llegue a las cascadas, podr\u00e1 nadar y establecer la hora con su gu\u00eda local. Despu\u00e9s disfrutar de un almuerzo t\u00edpico en la comunidad de El Lim\u00f3n.<\/p>\n<p>Aprenda con los locales y obtenga un viaje seguro. Obtenga sus entradas en oferta hoy.<\/p>\n<ul>\n<li>Incluye almuerzo<\/li>\n<li>A caballo o senderismo<\/li>\n<li>El gu\u00eda proporciona instrucciones y supervisi\u00f3n.<\/li>\n<li>Tarifas al Parque Nacional<\/li>\n<\/ul>\n<h3>Qo&#039;shimchalar va istisnolar<\/h3>\n<h4>Qo&#039;shimchalar<\/h4>\n<ol>\n<li>Almuerzo Buffet en El Lim\u00f3n.<\/li>\n<li>Excursi\u00f3n a pie o a caballo<\/li>\n<li>Barcha soliqlar, yig&#039;imlar va ishlov berish to&#039;lovlari<\/li>\n<li>Mahalliy soliqlar<\/li>\n<li>Ichimliklar<\/li>\n<li>Barcha tadbirlar<\/li>\n<li>Mahalliy yo&#039;lboshchi<\/li>\n<\/ol>\n<h3>Istisnolar<\/h3>\n<ol>\n<li>Maslahatlar<\/li>\n<li>Transport<\/li>\n<li>Spirtli ichimliklar<\/li>\n<li>Comida en la playa<\/li>\n<\/ol>\n<h3><em>Ketish va qaytish<\/em><\/h3>\n<p>Sayohatchi bronlash jarayonidan so&#039;ng uchrashuv nuqtasini oladi. Ekskursiyalar bizning uchrashuv nuqtalarimizda boshlanadi va tugaydi.<\/p>\n<h3><em>Nimani kutish kerak?<\/em><\/h3>\n<p>Obtenga sus boletos para visitar Las Cascacadas El Lim\u00f3n en Saman\u00e1 y un maravilloso almuerzo en el restaurante El Lim\u00f3n.<\/p>\n<p>El recorrido, organizado por \u00abBooking Adventures\u00bb, comienza en el punto de encuentro establecido con el gu\u00eda tur\u00edstico.<\/p>\n<p>Los mejores viajes privados a las cascadas de El Lim\u00f3n con un gu\u00eda tur\u00edstico local. Reserve un viaje a caballo por el bosque, rodeando el r\u00edo Lim\u00f3n, visitando plantaciones de cacao y caf\u00e9 bajo la sombra de coco.<\/p>\n<p>Primero, det\u00e9ngase en la peque\u00f1a cascada donde generalmente no hay mucha gente y puede nadar. Luego continuamos hacia la gran cascada donde nos quedaremos durante una hora o m\u00e1s si lo desea.<\/p>\n<p>Llevar los caballos de vuelta al restaurante donde disfrutaremos de un almuerzo t\u00edpico en la playa. Pescado frito con Tostones y Ensalada o puede obtener otras opciones en el men\u00fa con cargos adicionales.<\/p>\n<p>Almuerce en el restaurante de la comunidad de El Lim\u00f3n y podr\u00e1 quedarse todo el tiempo que quiera nadando. Si eres vegano, tambi\u00e9n podemos prepararte algo de comida.<\/p>\n<h3><em>Nimani olib kelish kerak?<\/em><\/h3>\n<ul>\n<li>Kamera<\/li>\n<li>Repelentlar<\/li>\n<li>quyosh kremi<\/li>\n<li>Shlyapa<\/li>\n<li>Qulay shimlar<\/li>\n<li>O&#039;rmon yurish poyabzali<\/li>\n<li>Mayo<\/li>\n<\/ul>\n<h3><em>Mehmonxonadan olib ketish<\/em><\/h3>\n<p>Bu tur uchun mehmonxonadan olib ketish taklif etilmaydi.<\/p>\n<p><strong>Eslatma:<\/strong> Agar siz tur\/ekskursiya jo\u2018nash vaqtidan keyin 24 soat ichida band qilsangiz, biz qo\u2018shimcha haq evaziga mehmonxonadan olib ketishni tashkil qilishimiz mumkin. Xaridingiz tugallangandan so&#039;ng, biz sizni olib ketishni tartibga solish uchun mahalliy ekskursiya yo&#039;riqnomamiz uchun to&#039;liq aloqa ma&#039;lumotlarini (telefon raqami, elektron pochta manzili va boshqalar) yuboramiz.<\/p>\n<h3><em>Qo&#039;shimcha ma&#039;lumotni tasdiqlash<\/em><\/h3>\n<ul>\n<li>Chiptalar ushbu tur uchun to&#039;langanidan keyin kvitansiya hisoblanadi. To&#039;lovni telefoningizda ko&#039;rsatishingiz mumkin.<\/li>\n<li>Uchrashuv nuqtasi bronlash jarayonidan so&#039;ng qabul qilinadi.<\/li>\n<li>Bolalar kattalar bilan birga bo&#039;lishi kerak.<\/li>\n<li>Nogironlar aravachasiga kira olmaydi<\/li>\n<li>Los infantes deben sentarse en un asiento para beb\u00e9s ocon un adulto<\/li>\n<li>Orqa muammolari bo&#039;lgan sayohatchilar uchun tavsiya etilmaydi.<\/li>\n<li>Homilador ayollar uchun tavsiya etilmaydi.<\/li>\n<li>Yurak muammosi yoki boshqa jiddiy tibbiy sharoitlar yo&#039;q.<\/li>\n<li>Aksariyat sayohatchilar qatnashishi mumkin.<\/li>\n<\/ul>\n<h3><em>Bekor qilish siyosati<\/em><\/h3>\n<p>To\u02bblovni to\u02bbliq qaytarish uchun tajriba boshlanishidan kamida 24 soat oldin bekor qiling.<\/p>\n\n\t\t<\/div>\n\t<\/div>\n<\/div><\/div><\/div><\/div><div class=\"vc_row wpb_row vc_row-fluid\" ><div class=\"wpb_column vc_column_container vc_col-sm-12\"><div class=\"vc_column-inner\"><div class=\"wpb_wrapper\"><div class=\"vc_empty_space\"   style=\"height: 32px\"><span class=\"vc_empty_space_inner\"><\/span><\/div>\n\t<div class=\"wpb_text_column wpb_content_element\" >\n\t\t<div class=\"wpb_wrapper\">\n\t\t\t<h4>Cont\u00e1ctenos<\/h4>\n<h5>Sarguzashtlarni bron qilish<\/h5>\n<p><em><strong>Mahalliy va milliy ekskursiyalar va mehmonlarga xizmat ko&#039;rsatish<\/strong><\/em><\/p>\n<p>Rezervasyonlar: Dom.Rep.da turlar va ekskursiyalar.<\/p>\n<p>Tel\/Whatsapp +1-809-720-6035.<\/p>\n<p>info@bookingadventures.com.do<\/p>\n<p>Biz Whatsapp orqali moslashuvchan konfiguratsiya bilan shaxsiy turlar qilamiz: +18097206035.<\/p>\n\n\t\t<\/div>\n\t<\/div>\n<div class=\"vc_empty_space\"   style=\"height: 32px\"><span class=\"vc_empty_space_inner\"><\/span><\/div><\/div><\/div><\/div><\/div>","protected":false},"excerpt":{"rendered":"<p><strong>Iltimos, sayohat sanasini tanlang:<\/strong><\/p>","protected":false},"featured_media":131,"template":"","meta":[],"product_brand":[],"product_cat":[120,96,97,135,136,122,443,123,124],"product_tag":[138,140,155,156,142,143],"class_list":{"0":"post-595","1":"product","2":"type-product","3":"status-publish","4":"has-post-thumbnail","6":"product_cat-fees-entrace","7":"product_cat-hiking","8":"product_cat-horse-riding-to-waterfalls","9":"product_cat-lunch","10":"product_cat-safari-samana","11":"product_cat-tours-and-excursions","12":"product_cat-tours-y-excursiones-es","13":"product_cat-tours-excursions-los-haitises-national-park","14":"product_cat-tours-excursions-samana-bay-dominican-republic","15":"product_tag-beach-time","16":"product_tag-el-limon-waterfalls","17":"product_tag-hiking-el-limon","18":"product_tag-horses-el-limon","19":"product_tag-samana","20":"product_tag-samana-tours","22":"first","23":"instock","24":"sale","25":"featured","26":"sold-individually","27":"shipping-taxable","28":"product-type-external"},"_links":{"self":[{"href":"https:\/\/haitises.com\/uz\/wp-json\/wp\/v2\/product\/595","targetHints":{"allow":["GET"]}}],"collection":[{"href":"https:\/\/haitises.com\/uz\/wp-json\/wp\/v2\/product"}],"about":[{"href":"https:\/\/haitises.com\/uz\/wp-json\/wp\/v2\/types\/product"}],"wp:featuredmedia":[{"embeddable":true,"href":"https:\/\/haitises.com\/uz\/wp-json\/wp\/v2\/media\/131"}],"wp:attachment":[{"href":"https:\/\/haitises.com\/uz\/wp-json\/wp\/v2\/media?parent=595"}],"wp:term":[{"taxonomy":"product_brand","embeddable":true,"href":"https:\/\/haitises.com\/uz\/wp-json\/wp\/v2\/product_brand?post=595"},{"taxonomy":"product_cat","embeddable":true,"href":"https:\/\/haitises.com\/uz\/wp-json\/wp\/v2\/product_cat?post=595"},{"taxonomy":"product_tag","embeddable":true,"href":"https:\/\/haitises.com\/uz\/wp-json\/wp\/v2\/product_tag?post=595"}],"curies":[{"name":"wp","href":"https:\/\/api.w.org\/{rel}","templated":true}]}}