{"id":551,"date":"2020-06-19T20:10:32","date_gmt":"2020-06-19T20:10:32","guid":{"rendered":"http:\/\/haitises.com\/?post_type=product&#038;p=551"},"modified":"2023-10-14T21:50:12","modified_gmt":"2023-10-14T21:50:12","slug":"samana-shahridan-los-gaitises-va-kano-xondoga-ekskursiya","status":"publish","type":"product","link":"https:\/\/haitises.com\/uz\/xususiy\/samana-shahridan-los-gaitises-va-kano-xondoga-ekskursiya\/","title":{"rendered":"Samana shahridan Los Gaitises va Kano Xondoga ekskursiya"},"content":{"rendered":"<div class=\"vc_row wpb_row vc_row-fluid\" ><div class=\"wpb_column vc_column_container vc_col-sm-12\"><div class=\"vc_column-inner\"><div class=\"wpb_wrapper\">[mkdf_section_title subtitle_tag=\u00bb\u00bb subtitle=\u00bbAlmuerzo y Nataci\u00f3n en Piscinas Naturales\u00bb]<\/div><\/div><\/div><\/div><div class=\"vc_row wpb_row vc_row-fluid\" ><div class=\"wpb_column vc_column_container vc_col-sm-12\"><div class=\"vc_column-inner\"><div class=\"wpb_wrapper\">\n\t<div class=\"wpb_text_column wpb_content_element\" >\n\t\t<div class=\"wpb_wrapper\">\n\t\t\t<h2>Los Gaitises milliy bog&#039;i + Samana portidan Cano Hondoda tushlik.<\/h2>\n<h3><em>Tavsif<\/em><\/h3>\n<p>Samana portidan boshlanadigan Los-Gaitises milliy bog&#039;i, shuningdek, Ka\u00f1o Hondo Ecolodge-da ajoyib tushlik va tabiiy buloqlarda suzish. Biz bilan keling va Dominikan Respublikasidagi eng go&#039;zal milliy bog&#039;ga tashrif buyuring, mangrovlar, g&#039;orlar va San-Lorenso ko&#039;rfaziga tashrif buyuring, shuningdek, go&#039;zal Samana ko&#039;rfazini kesib o&#039;ting. Kano Xondoda tushlik qilganingizdan so&#039;ng, siz tabiiy hovuzlarda bir necha soat suzish va keyin Samana portiga qaytish imkoniga ega bo&#039;lasiz.<\/p>\n<p>Ushbu tajribadan so&#039;ng siz Samana portiga qaytasiz.<\/p>\n<ul>\n<li>Soliqlar kiritilgan<\/li>\n<li>Qo&#039;llanma ko&#039;rsatma va nazoratni ta&#039;minlaydi.<\/li>\n<\/ul>\n<h3>Qo&#039;shimchalar va istisnolar<\/h3>\n<h4>Qo&#039;shimchalar<\/h4>\n<ol>\n<li>Los Haitises sayohati + g&#039;orlar va piktogrammalar<\/li>\n<li>Kano Xondoda tushlik<\/li>\n<li>Tabiiy hovuzlarda suzing<\/li>\n<li>Barcha soliqlar, yig&#039;imlar va ishlov berish to&#039;lovlari.<\/li>\n<li>Mahalliy soliqlar<\/li>\n<li>Ichimliklar<\/li>\n<li>Barcha tadbirlar<\/li>\n<li>Mahalliy yo&#039;lboshchi<\/li>\n<\/ol>\n<h4>Istisnolar<\/h4>\n<ol>\n<li>Maslahatlar<\/li>\n<li>Transfer<\/li>\n<li>Spirtli ichimliklar<\/li>\n<\/ol>\n<h3><em>Ketish va qaytish<\/em><\/h3>\n<p>Sayohatchi bronlash jarayonidan so&#039;ng uchrashuv nuqtasini oladi. Ekskursiyalar bizning uchrashuv nuqtalarimizda boshlanadi va tugaydi.<\/p>\n<h3><em>Nimani kutish kerak?<\/em><\/h3>\n<p>Ca\u00f1o Hondoda ajoyib tushlik va tabiiy hovuzlarda suzish bilan Los-Gaitises milliy bog&#039;iga tashrif buyurish uchun chiptalarni oling.<\/p>\n<p>Samana portidan qayiq yoki katamaranda mahalliy ekskursiya gid bilan biz Dominikan Respublikasidagi eng go&#039;zal milliy bog&#039;lardan biriga tashrif buyurish uchun Sabana de la Mar yonidagi Samana ko&#039;rfazidan o&#039;tamiz.<\/p>\n<h5>Los Gaitises milliy bog&#039;i.<\/h5>\n<p>Qushlar bilan orolga tashrif buyurish. Uya qo&#039;yish mavsumida biz hatto uyalarda pelikan jo&#039;jalarini ham ko&#039;rishimiz mumkin. Toshli orollarga chuqurroq kirib, mahalliy xalqning piktogrammalari va petrogliflari bo&#039;lgan g&#039;orlarga tashrif buyuring.<\/p>\n<p>El recorrido, organizado por \u00abBooking Adventures\u00bb, comienza en el punto de encuentro establecido con el gu\u00eda tur\u00edstico. Ven con Booking Adventures y comienza a observar algunos manglares llenos de aves, colinas onduladas de exuberante vegetaci\u00f3n y cuevas del Parque Nacional Los Haitises.<\/p>\n<p>El nombre del parque nacional proviene de sus habitantes originales, los indios ta\u00ednos. En su idioma, \u00abHaitises\u00bb se traduce a tierras altas o colinas, una referencia a las empinadas formaciones geol\u00f3gicas de la costa con calizas. Avent\u00farate en el parque para explorar cuevas como la Cueva de la Arena y la Cueva de la L\u00ednea.<\/p>\n<p>Qo&#039;riqxonadagi g&#039;orlardan Taino hindulari va keyinchalik yashirin qaroqchilar boshpana sifatida foydalanilgan. Ba&#039;zi devorlarni bezatgan hindlarning rasmlarini qidiring.<\/p>\n<p>Los-Haitises milliy bog&#039;iga tashrif buyurganimizdan so&#039;ng biz Kano Xondoga boramiz. Cano Hondo-da siz ushbu ekologik tarix haqida bilib olasiz va Sabana de la mar jamoasining odatiy taomlari bilan tushlik qilasiz.<\/p>\n<p>Tushlik mazali bo&#039;ladi, lekin biz hali tayyor emasmiz. Tushlikdan so&#039;ng biz Jibales daryosidan Kano Xondo daryosigacha bo&#039;lgan daryodan tabiiy hovuzlarda suzamiz. Kano Xondoda soat 16:00 gacha qolib, Samana portiga qaytib, biz yana mangrovlardan o&#039;tib, San-Lorensoning ochiq qo&#039;ltig&#039;iga yetib boramiz, u erdan qo&#039;pol o&#039;rmon manzarasini suratga olishingiz mumkin. Manat, qisqichbaqasimonlar va delfinlarni ko&#039;rish uchun suvga qarang.<\/p>\n<p>Hozirgacha siz ekskursiya gid bilan hal bo&#039;lasiz va shundan so&#039;ng Kano Xondo portiga boring va qayiqda Samana ko&#039;rfazidan o&#039;tib, 30 daqiqada Samana portiga qaytib boring.<\/p>\n<p>Agar sizga ushbu sayohat ko&#039;proq yoqqan bo&#039;lsa, bizda quyidagi variantlar mavjud:<\/p>\n<p>Samana portidan Los Haitises + Cayo Levantado.<\/p>\n<h3><em>Nimani olib kelish kerak?<\/em><\/h3>\n<ul>\n<li>Kamera<\/li>\n<li>Repelentlar<\/li>\n<li>quyosh kremi<\/li>\n<li>Shlyapa<\/li>\n<li>Qulay shimlar<\/li>\n<li>O&#039;rmon yurish poyabzali<\/li>\n<li>Bahor joylariga sandallar.<\/li>\n<li>Mayo<\/li>\n<\/ul>\n<h3><em>Mehmonxonadan olib ketish<\/em><\/h3>\n<p>Bu tur uchun mehmonxonadan olib ketish taklif etilmaydi.<\/p>\n<p><strong>Eslatma:<\/strong> Agar siz tur\/ekskursiya jo\u2018nash vaqtidan keyin 24 soat ichida band qilsangiz, biz qo\u2018shimcha haq evaziga mehmonxonadan olib ketishni tashkil qilishimiz mumkin. Xaridingiz tugallangandan so&#039;ng, biz sizni olib ketishni tartibga solish uchun mahalliy ekskursiya yo&#039;riqnomamiz uchun to&#039;liq aloqa ma&#039;lumotlarini (telefon raqami, elektron pochta manzili va boshqalar) yuboramiz.<\/p>\n<h3>Qo&#039;shimcha ma&#039;lumotni tasdiqlash<\/h3>\n<ol>\n<li>Chiptalar ushbu tur uchun to&#039;langanidan keyin kvitansiya hisoblanadi. To&#039;lovni telefoningizda ko&#039;rsatishingiz mumkin.<\/li>\n<li>Uchrashuv nuqtasi bronlash jarayonidan so&#039;ng qabul qilinadi.<\/li>\n<li>Bolalar kattalar bilan birga bo&#039;lishi kerak.<\/li>\n<li>Nogironlar aravachasiga kira olmaydi<\/li>\n<li>Chaqaloqlar chaqaloq o&#039;rindiqlarida yoki kattalar bilan o&#039;tirishlari kerak<\/li>\n<li>Orqa muammolari bo&#039;lgan sayohatchilar uchun tavsiya etilmaydi.<\/li>\n<li>Homilador ayollar uchun tavsiya etilmaydi.<\/li>\n<li>Yurak muammosi yoki boshqa jiddiy tibbiy sharoitlar yo&#039;q.<\/li>\n<li>Aksariyat sayohatchilar qatnashishi mumkin.<\/li>\n<\/ol>\n<h3><em>Bekor qilish siyosati<\/em><\/h3>\n<p>To\u02bblovni to\u02bbliq qaytarish uchun tajriba boshlanishidan kamida 24 soat oldin bekor qiling.<\/p>\n\n\t\t<\/div>\n\t<\/div>\n<\/div><\/div><\/div><\/div><div class=\"vc_row wpb_row vc_row-fluid\" ><div class=\"wpb_column vc_column_container vc_col-sm-12\"><div class=\"vc_column-inner\"><div class=\"wpb_wrapper\"><div class=\"vc_empty_space\"   style=\"height: 32px\"><span class=\"vc_empty_space_inner\"><\/span><\/div>\n\t<div class=\"wpb_video_widget wpb_content_element vc_clearfix   vc_video-aspect-ratio-169 vc_video-el-width-100 vc_video-align-left\" >\n\t\t<div class=\"wpb_wrapper\">\n\t\t\t\n\t\t\t<div class=\"wpb_video_wrapper\"><iframe loading=\"lazy\" title=\"Los-Gaitises milliy bog&#039;i, Samana yoki Sabana de la Mar shahridan sayohatlar va ekskursiyalar. Bu yerda bron qiling:\" src=\"https:\/\/player.vimeo.com\/video\/346508015?dnt=1&amp;app_id=122963\" width=\"1100\" height=\"619\" frameborder=\"0\" allow=\"autoplay; fullscreen\" allowfullscreen><\/iframe><\/div>\n\t\t<\/div>\n\t<\/div>\n<\/div><\/div><\/div><\/div><div class=\"vc_row wpb_row vc_row-fluid\" ><div class=\"wpb_column vc_column_container vc_col-sm-12\"><div class=\"vc_column-inner\"><div class=\"wpb_wrapper\"><div class=\"vc_empty_space\"   style=\"height: 32px\"><span class=\"vc_empty_space_inner\"><\/span><\/div>\n\t<div class=\"wpb_text_column wpb_content_element\" >\n\t\t<div class=\"wpb_wrapper\">\n\t\t\t<h4>Biz bilan bog&#039;lanish?<\/h4>\n<h5>Sarguzashtlarni bron qilish<\/h5>\n<p><em>Turistlar<\/em> <em><strong>mahalliy<\/strong><\/em> va <strong><em>milliy<\/em><\/strong> &amp;<em>\u00a0mehmon xizmatlari<\/em><\/p>\n<p>Rezervasyonlar: Dom.Rep.da turlar va ekskursiyalar.<\/p>\n<p>Tel\/Whatsapp +1-809-720-6035.<\/p>\n<p>info@bookingadventures.com.do<\/p>\n<p>Biz Whatsapp orqali moslashuvchan konfiguratsiyaga ega shaxsiy turlarmiz: +18097206035.<\/p>\n\n\t\t<\/div>\n\t<\/div>\n<div class=\"vc_empty_space\"   style=\"height: 32px\"><span class=\"vc_empty_space_inner\"><\/span><\/div><\/div><\/div><\/div><\/div>","protected":false},"excerpt":{"rendered":"<p><strong>Iltimos, sayohat sanasini tanlang\u00a0<\/strong><\/p>","protected":false},"featured_media":104,"template":"","meta":[],"product_brand":[],"product_cat":[119,96,144,98,135,121,99,122,443,123,124],"product_tag":[126,127,128,145,132,133,146,147,148,143],"class_list":{"0":"post-551","1":"product","2":"type-product","3":"status-publish","4":"has-post-thumbnail","6":"product_cat-caves","7":"product_cat-hiking","8":"product_cat-kayaking","9":"product_cat-local-tour-guides","10":"product_cat-lunch","11":"product_cat-mangroves","12":"product_cat-swimming-natural-springs","13":"product_cat-tours-and-excursions","14":"product_cat-tours-y-excursiones-es","15":"product_cat-tours-excursions-los-haitises-national-park","16":"product_cat-tours-excursions-samana-bay-dominican-republic","17":"product_tag-cano-hondo","18":"product_tag-cano-hondo-hotel","19":"product_tag-cano-hondo-tours","20":"product_tag-day-tour-cano-hondo","21":"product_tag-los-haitises","22":"product_tag-los-haitises-national-park","23":"product_tag-mangroves-los-haitises","24":"product_tag-samana-bay","25":"product_tag-samana-excursions","26":"product_tag-samana-tours","28":"first","29":"instock","30":"sale","31":"sold-individually","32":"shipping-taxable","33":"product-type-external"},"_links":{"self":[{"href":"https:\/\/haitises.com\/uz\/wp-json\/wp\/v2\/product\/551","targetHints":{"allow":["GET"]}}],"collection":[{"href":"https:\/\/haitises.com\/uz\/wp-json\/wp\/v2\/product"}],"about":[{"href":"https:\/\/haitises.com\/uz\/wp-json\/wp\/v2\/types\/product"}],"wp:featuredmedia":[{"embeddable":true,"href":"https:\/\/haitises.com\/uz\/wp-json\/wp\/v2\/media\/104"}],"wp:attachment":[{"href":"https:\/\/haitises.com\/uz\/wp-json\/wp\/v2\/media?parent=551"}],"wp:term":[{"taxonomy":"product_brand","embeddable":true,"href":"https:\/\/haitises.com\/uz\/wp-json\/wp\/v2\/product_brand?post=551"},{"taxonomy":"product_cat","embeddable":true,"href":"https:\/\/haitises.com\/uz\/wp-json\/wp\/v2\/product_cat?post=551"},{"taxonomy":"product_tag","embeddable":true,"href":"https:\/\/haitises.com\/uz\/wp-json\/wp\/v2\/product_tag?post=551"}],"curies":[{"name":"wp","href":"https:\/\/api.w.org\/{rel}","templated":true}]}}