{"id":548,"date":"2020-06-15T15:48:44","date_gmt":"2020-06-15T15:48:44","guid":{"rendered":"http:\/\/haitises.com\/?post_type=product&#038;p=548"},"modified":"2024-04-19T15:58:28","modified_gmt":"2024-04-19T15:58:28","slug":"los-haitises-milliy-bogida-kayak-va-piyoda-sayohat","status":"publish","type":"product","link":"https:\/\/haitises.com\/uz\/xususiy\/los-haitises-milliy-bogida-kayak-va-piyoda-sayohat\/","title":{"rendered":"Los-Gaitses milliy bog&#039;ida kayak va piyoda ekskursiya"},"content":{"rendered":"<div class=\"vc_row wpb_row vc_row-fluid\" ><div class=\"wpb_column vc_column_container vc_col-sm-12\"><div class=\"vc_column-inner\"><div class=\"wpb_wrapper\">\n\t<div class=\"wpb_text_column wpb_content_element\" >\n\t\t<div class=\"wpb_wrapper\">\n\t\t\t<h3>Tavsif<\/h3>\n<p>Bu piyoda sayohat + kayak marshruti Kano Xondo \/ Sabana de La Mar portidan boshlanadi. Biz Los-Gaitises milliy bog&#039;idagi nam o&#039;rmon bo&#039;ylab taxminan 3 soat yuramiz. Siz ushbu hududning dorivor o&#039;simliklari haqida bilib olasiz, Los-Gaitises milliy bog&#039;i tog&#039;laridagi birlamchi va ikkilamchi keng bargli o&#039;rmonlarni ko&#039;rasiz va shu bilan birga Jivales daryosining manbasiga etib borasiz, u erdan Eko- tabiiy hovuzlarning suvlari. Xondo Ka\u00f1o. Keyin biz sizning xavfsizligingiz uchun zarur jihozlarni (qutqaruv jiletlari va boshqalar), baydarkalarni olib, mangrovlarni kesib o&#039;tamiz. Siz qushlar bilan to&#039;ldirilgan mangrovlarni, yam-yashil tepaliklarni ko&#039;rasiz. Mangrovlar va San-Lorensoning ochiq ko&#039;rfazidagi quruqlik orqali, u erdan ajoyib o&#039;rmon manzarasini suratga olishingiz mumkin.<\/p>\n<p>Ushbu tajribadan so&#039;ng siz Cano Hondo yoki Sabana de la marga qaytasiz.<\/p>\n<ul>\n<li>Soliqlar kiritilgan<\/li>\n<li>Los-Haitises milliy bog&#039;iga piyoda ekskursiya<\/li>\n<li>Qo&#039;llanma ko&#039;rsatma va nazoratni ta&#039;minlaydi.<\/li>\n<\/ul>\n<h3>Qo&#039;shimchalar va istisnolar<\/h3>\n<h4>Qo&#039;shimchalar<\/h4>\n<ol>\n<li>Los-Gaitses milliy bog&#039;i<\/li>\n<li>Piyoda + kayak<\/li>\n<li>Barcha soliqlar, yig&#039;imlar va ishlov berish to&#039;lovlari.<\/li>\n<li>Mahalliy soliqlar<\/li>\n<li>Ichimliklar<\/li>\n<li>Barcha tadbirlar<\/li>\n<li>Mahalliy yo&#039;lboshchi<\/li>\n<\/ol>\n<h4>Istisnolar<\/h4>\n<ol>\n<li>Maslahatlar<\/li>\n<li>Transport<\/li>\n<li>Tushlik<\/li>\n<li>Spirtli ichimliklar<\/li>\n<\/ol>\n<h3><em>Ketish va qaytish<\/em><\/h3>\n<p>Sayohatchi bronlash jarayonidan so&#039;ng uchrashuv nuqtasini oladi. Ekskursiyalar bizning uchrashuv nuqtalarimizda boshlanadi va tugaydi.<\/p>\n<h2>Sayohat + Kayak Los Haitises milliy bog&#039;i<\/h2>\n<h3><em>Nimani kutish kerak?<\/em><\/h3>\n<p>El nombre del parque nacional proviene de sus habitantes originales, los indios ta\u00ednos. En su idioma, \u00abHaitises\u00bb se traduce en tierras altas o colinas, una referencia a las empinadas formaciones geol\u00f3gicas de la costa con calizas. La actividad en Kayak es de 2 horas.<\/p>\n<p>Aprender sobre la historia y la naturaleza con gu\u00edas tur\u00edsticos locales que crecen como protectores y voluntarios ambientales dentro de esta \u00e1rea del proyecto. El recorrido, organizado por \u00abBooking Adventures\u00bb comienza en el punto de encuentro establecido con el gu\u00eda tur\u00edstico.<\/p>\n<p>Dalalar va qishloq xo&#039;jaligi erlari bo&#039;ylab dastlabki sayr qilganingizdan so&#039;ng, siz hindiston yong&#039;og&#039;i va Kakao o&#039;rmonlari bo&#039;ylab yurishni boshlaysiz. Los Haitises milliy bog&#039;idagi asosiy va noyob o&#039;rmon hududida har daqiqada bo&#039;ling. Booking Adventures bilan keling va qushlar, sutemizuvchilar va o&#039;simliklarning ba&#039;zi endemik turlarini, yam-yashil o&#039;simliklardan iborat tepaliklarni va Los-Gaitises milliy bog&#039;idagi g&#039;orlarni ko&#039;rishni boshlang.<\/p>\n<p>El nombre del parque nacional proviene de sus habitantes originales, los indios ta\u00ednos. En su idioma, \u00abHaitises\u00bb se traduce en tierras altas o colinas, una referencia a las empinadas formaciones geol\u00f3gicas de la costa con calizas. Avent\u00farate en el parque para explorar cuevas como la Cueva de la Arena y la Cueva de la L\u00ednea. Puede combinar el recorrido en barco con el viaje de senderismo. Solo cont\u00e1ctenos.<\/p>\n<p>Qo&#039;riqxonadagi g&#039;orlardan Taino hindulari va keyinchalik yashirin qaroqchilar boshpana sifatida foydalanilgan. Ba&#039;zi devorlarni bezatgan hindlarning rasmlarini qidiring. Yomg&#039;ir o&#039;rmonida 700 dan ortiq turdagi o&#039;simliklar mavjud, biz tashrif buyuruvchilarga ushbu yurish yo&#039;lida biz biladigan barcha dorivor o&#039;simliklarni o&#039;rgatishga harakat qilamiz.<\/p>\n<p>Keling, o&#039;rganing, sayr qiling va Los Haitises milliy bog&#039;ining asl tabiatidan zavqlaning.<\/p>\n<h3><em>Nimani olib kelish kerak?<\/em><\/h3>\n<ul>\n<li>Kamera<\/li>\n<li>Repelentlar<\/li>\n<li>Quyosh kremi<\/li>\n<li>Shlyapa<\/li>\n<li>Qulay shimlar<\/li>\n<li>O&#039;rmon yurish poyabzali<\/li>\n<li>Bahor joylariga sandallar.<\/li>\n<li>Mayo<\/li>\n<\/ul>\n<h3><em>Mehmonxonadan olib ketish<\/em><\/h3>\n<p>Bu tur uchun mehmonxonadan olib ketish taklif etilmaydi. Faqat Cano Hondo mehmonxonasida yoki Sabana de la Mar hududidagi mehmonxonalarda bo&#039;lsangiz.<\/p>\n<p><strong>Eslatma<\/strong>: Agar siz ekskursiya\/ekskursiya jo\u2018nash vaqtidan keyin 24 soat ichida band qilsangiz, biz Dominikan Respublikasining istalgan joyidan qo\u2018shimcha haq evaziga mehmonxonadan olib ketishni tashkil qilishimiz mumkin. Xaridingiz tugallangandan so&#039;ng, biz sizni olib ketishni tartibga solish uchun mahalliy ekskursiya yo&#039;riqnomamiz uchun to&#039;liq aloqa ma&#039;lumotlarini (telefon raqami, elektron pochta manzili va boshqalar) yuboramiz.<\/p>\n<h3><em>Qo&#039;shimcha ma&#039;lumotni tasdiqlash<\/em><\/h3>\n<ol>\n<li>Chiptalar ushbu tur uchun to&#039;langanidan keyin kvitansiya hisoblanadi. To&#039;lovni telefoningizda ko&#039;rsatishingiz mumkin.<\/li>\n<li>Uchrashuv nuqtasi bronlash jarayonidan so&#039;ng qabul qilinadi.<\/li>\n<li>Bolalar kattalar bilan birga bo&#039;lishi kerak.<\/li>\n<li>Nogironlar aravachasiga kira olmaydi<\/li>\n<li>Chaqaloqlar bolalar o&#039;rindiqlarida yoki ota-onalari bilan o&#039;tirishlari kerak<\/li>\n<li>Orqa muammolari bo&#039;lgan sayohatchilar uchun tavsiya etilmaydi.<\/li>\n<li>Homilador ayollar uchun tavsiya etilmaydi.<\/li>\n<li>Yurak muammosi yoki boshqa jiddiy tibbiy sharoitlar yo&#039;q.<\/li>\n<li>Aksariyat sayohatchilar qatnashishi mumkin.<\/li>\n<\/ol>\n<h3><em>Bekor qilish siyosati<\/em><\/h3>\n<p>To\u02bblovni to\u02bbliq qaytarish uchun tajriba boshlanishidan kamida 24 soat oldin bekor qiling. Sayohatning o&#039;sha kunida bron bekor qilinsa, mablag&#039; yo&#039;qoladi.<\/p>\n<h2>Yomg&#039;irli o&#039;rmonda yurish va kayaking<br \/>\nSayohat + Kayak Los Haitises milliy bog&#039;i<\/h2>\n<p>Ushbu tajriba kamida 2 ishtirokchini talab qiladi. Agar siz 2 yoshga to&#039;lmagan bo&#039;lsangiz, iltimos biz bilan bog&#039;laning!<\/p>\n<h3>Biz bilan bog&#039;lanish?<\/h3>\n<p><em>Sarguzashtlarni bron qilish<\/em><br \/>\nMahalliy va milliy ekskursiyalar va mehmonlarga xizmat ko&#039;rsatish<\/p>\n<p>Rezervasyonlar: Dom.Reps bo&#039;ylab sayohatlar va ekskursiyalar.<\/p>\n<p>\ud83d\udcde Tel\/Whatsapp +1-809-720-6035.<\/p>\n<p>\ud83d\udce9 info@bookingadventures.com.do<\/p>\n<p>Biz Whatsapp orqali moslashuvchan konfiguratsiyaga ega shaxsiy turlarmiz: +18097206035.<\/p>\n\n\t\t<\/div>\n\t<\/div>\n<\/div><\/div><\/div><\/div>","protected":false},"excerpt":{"rendered":"<p>Sabana de la mardan mahalliy gid bilan Los-Gaitises milliy bog&#039;idagi mangrovlarda 3 soatlik piyoda va kayak. Yomg&#039;ir o&#039;rmonlari, hindiston yong&#039;og&#039;i, qahva va kakao joylariga tashrif buyurish. Los Haitises milliy bog&#039;ining asl tarixi haqida bilib oling.<\/p>\n<p><strong>Piyoda sayohat qilish sanasini tanlang:<\/strong><\/p>","protected":false},"featured_media":515,"template":"","meta":[],"product_brand":[],"product_cat":[356,96,443,123,124],"product_tag":[341,206,129,130,412,413,221,414,415,152,153,198,133,416,215,217,417,223,114,418,148,143,419],"class_list":{"0":"post-548","1":"product","2":"type-product","3":"status-publish","4":"has-post-thumbnail","6":"product_cat-day-trips","7":"product_cat-hiking","8":"product_cat-tours-y-excursiones-es","9":"product_cat-tours-excursions-los-haitises-national-park","10":"product_cat-tours-excursions-samana-bay-dominican-republic","11":"product_tag-cano-hondo-sabana-de-la-mar","12":"product_tag-caves-los-haitises","13":"product_tag-eco-tours","14":"product_tag-excursion","15":"product_tag-hike-kayak","16":"product_tag-hike-kayak-los-haitises-national-park","17":"product_tag-hiking-los-haitises","18":"product_tag-hiking-sabana-de-la-mar","19":"product_tag-hiking-samana","20":"product_tag-kayak-tour","21":"product_tag-kayaking","22":"product_tag-kayaking-los-haitises","23":"product_tag-los-haitises-national-park","24":"product_tag-los-haitises-national-park-entrance-fee","25":"product_tag-los-haitises-national-park-tour-from-las-terrenas","26":"product_tag-los-haitises-national-park-tour-from-santo-domingo","27":"product_tag-los-haitises-national-park-weather","28":"product_tag-los-haitises-sabana-de-la-mar","29":"product_tag-sabana-de-la-mar","30":"product_tag-sabana-de-la-mar-tour","31":"product_tag-samana-excursions","32":"product_tag-samana-tours","33":"product_tag-secrets-of-los-haitises","35":"first","36":"instock","37":"sale","38":"sold-individually","39":"shipping-taxable","40":"product-type-external"},"_links":{"self":[{"href":"https:\/\/haitises.com\/uz\/wp-json\/wp\/v2\/product\/548","targetHints":{"allow":["GET"]}}],"collection":[{"href":"https:\/\/haitises.com\/uz\/wp-json\/wp\/v2\/product"}],"about":[{"href":"https:\/\/haitises.com\/uz\/wp-json\/wp\/v2\/types\/product"}],"wp:featuredmedia":[{"embeddable":true,"href":"https:\/\/haitises.com\/uz\/wp-json\/wp\/v2\/media\/515"}],"wp:attachment":[{"href":"https:\/\/haitises.com\/uz\/wp-json\/wp\/v2\/media?parent=548"}],"wp:term":[{"taxonomy":"product_brand","embeddable":true,"href":"https:\/\/haitises.com\/uz\/wp-json\/wp\/v2\/product_brand?post=548"},{"taxonomy":"product_cat","embeddable":true,"href":"https:\/\/haitises.com\/uz\/wp-json\/wp\/v2\/product_cat?post=548"},{"taxonomy":"product_tag","embeddable":true,"href":"https:\/\/haitises.com\/uz\/wp-json\/wp\/v2\/product_tag?post=548"}],"curies":[{"name":"wp","href":"https:\/\/api.w.org\/{rel}","templated":true}]}}