{"id":11669,"date":"2023-10-04T07:40:09","date_gmt":"2023-10-04T07:40:09","guid":{"rendered":"http:\/\/haitises.com\/?post_type=product&#038;p=11669"},"modified":"2024-03-29T21:01:22","modified_gmt":"2024-03-29T21:01:22","slug":"ermitano-beach-playa-ermitano-boat-tour-and-playa-onda-half-day-trip-samana-dominican-republic-4","status":"publish","type":"product","link":"https:\/\/haitises.com\/uz\/xususiy\/ermitano-beach-playa-ermitano-boat-tour-and-playa-onda-half-day-trip-samana-dominican-republic-4\/","title":{"rendered":"(Ermitano plyaji) Playa Ermitano qayiq safari va Playa Onda, yarim kunlik sayohat, Samana - Dominikan Respublikasi."},"content":{"rendered":"<div class=\"vc_row wpb_row vc_row-fluid\" ><div class=\"wpb_column vc_column_container vc_col-sm-12\"><div class=\"vc_column-inner\"><div class=\"wpb_wrapper\"><div class=\"vc_btn3-container vc_btn3-inline\" ><button class=\"vc_general vc_btn3 vc_btn3-size-md vc_btn3-shape-rounded vc_btn3-style-modern vc_btn3-color-green\">HOZIR BAZIRLASH<\/button><\/div>[mkdf_section_title title_tag=\u00bb\u00bb disable_break_words=\u00bbno\u00bb subtitle_tag=\u00bb\u00bb title=\u00bbPlaya Rinc\u00f3n, Playa Fronton + Playa Madame Beach, Saman\u00e1 &#8211; Dominican Republic.\u00bb subtitle=\u00bbLunch, Boat Ride and Private Transportation From Hotels.\u00bb]\n\t<div class=\"wpb_text_column wpb_content_element\" >\n\t\t<div class=\"wpb_wrapper\">\n\t\t\t<h2 class=\"styles__heading___mD4_3\" data-radium=\"true\">(Ermitano plyaji) Playa Ermitano qayiq safari va Playa Onda shaxsiy sayohati.<\/h2>\n<h4><b><i>Umumiy ko\u02bbrinish <\/i><\/b><\/h4>\n<p>Sayohat sizni mehmonxonangizda yoki Samana yoki Las Galeras aeroportida kutib olishni boshlaydi. Tajribangizni Samana yaqinidagi go&#039;zal va noyob plyaj bo&#039;lgan Playa El Valleda boshlang. Hali o&#039;rganilmagan va firuza moviy suvi bilan ajralib turadigan plyaj bo&#039;lgan Playa Ermitanoga 25 daqiqalik qayiqda sayohat qiling. Yangi kokos suvidan zavqlaning. Dominikan Respublikasining haqiqiy va tegmagan go&#039;zalligini kashf eting va yaqin atrofdagi yashirin g&#039;orni o&#039;rganayotganda tabiat qo&#039;yniga tushing. Playa Ermitanoda xohlagancha qoling va yana bir go&#039;zal yovvoyi plyaj bo&#039;lgan Playa Ondaga tashrif buyuring, qayiqda atigi 15 daqiqa. Playa El Valle-ga qayting va keyin Samana shahriga boring, siz mahalliy uylarni ko&#039;rasiz va Dominikanning haqiqiy hayoti haqida bilib olasiz.<\/p>\n<p>&nbsp;<\/p>\n<ul>\n<li>Hududda xavfsizlik bo&#039;yicha tajribaga ega mahalliy gid.<\/li>\n<li>Xususiy transport<\/li>\n<li>To&#039;lovlar kiritilgan<\/li>\n<li>Sohilda tushlik<\/li>\n<li>Ispan, ingliz yoki frantsuz tillarida mahalliy sayohat bo&#039;yicha qo&#039;llanma.<\/li>\n<li>Piyoda yurish<\/li>\n<\/ul>\n<h4><b>Qo&#039;shimchalar va istisnolar<\/b><\/h4>\n<p>&nbsp;<\/p>\n<p><b>Qo&#039;shimchalar<\/b><\/p>\n<ol>\n<li><span style=\"font-weight: 400;\">Hududda xavfsizlik bo&#039;yicha tajribaga ega mahalliy gid.<\/span><\/li>\n<li>Kichik guruhlar uchun shaxsiy transport<\/li>\n<li style=\"font-weight: 400;\">El-Rinkon plyaji<\/li>\n<li>Dominikan uy ranchosi<\/li>\n<li>Kano Frio daryosi<\/li>\n<li style=\"font-weight: 400;\"><span style=\"font-weight: 400;\">Barcha soliqlar, yig&#039;imlar va ishlov berish to&#039;lovlari<\/span><\/li>\n<li style=\"font-weight: 400;\"><span style=\"font-weight: 400;\">Mahalliy soliqlar<\/span><\/li>\n<li>Sohilda tushlik<\/li>\n<li>Piyoda yurish<\/li>\n<li style=\"font-weight: 400;\"><span style=\"font-weight: 400;\">Barcha tadbirlar<\/span><\/li>\n<\/ol>\n<p><b> Istisnolar<\/b><\/p>\n<ol>\n<li style=\"font-weight: 400;\"><span style=\"font-weight: 400;\">Imkoniyatlar<\/span><\/li>\n<li>Barcha ichimliklar<\/li>\n<\/ol>\n<h4><em><strong>Ketish va qaytish<\/strong><\/em><\/h4>\n<p><span style=\"font-weight: 400;\">Sayohatchi bronlash jarayonidan so&#039;ng uchrashuv nuqtasini oladi. Ekskursiyalar uchrashuv nuqtalarida boshlanadi va tugaydi.<\/span><\/p>\n<h2 class=\"styles__heading___mD4_3\" data-radium=\"true\">(Ermitano plyaji) Playa Ermitano qayiq safari va Playa Onda shaxsiy sayohati.<\/h2>\n<h4><em>Nimani kutish kerak?<\/em><\/h4>\n<p>Samana mehmonxonalari hududidan chiqib, Dominikan ko&#039;chalari bo&#039;ylab haydab o&#039;tganingizdan so&#039;ng siz mahalliy aholining turmush tarzini ko&#039;rasiz va bilib olasiz. Bu plyaj Samana yarimorolidagi Playa Honda va Playa El Valle o&#039;rtasida joylashgan. Uning uzunligi 400 metr bo&#039;lib, riflar bilan o&#039;ralgan. Ushbu plyajga kirishning yagona yo&#039;li - o&#039;rmonga o&#039;xshash zich yo&#039;l yoki qayiqda piyoda yurish.<\/p>\n<p><span style=\"vertical-align: inherit;\"><span style=\"vertical-align: inherit;\">La historia de su nombre es tan fascinante e interesante\u2026 Juan El Ermita\u00f1o aparentemente era un pirata franc\u00e9s que, arrepentido, desembarc\u00f3 un d\u00eda en esta playa de Saman\u00e1. <\/span><span style=\"vertical-align: inherit;\">Cuenta la historia que hab\u00eda estado solo y aislado del mundo durante el a\u00f1o 1780. La leyenda dice que despu\u00e9s de 22 a\u00f1os de exilio, fue descubierto por sorpresa por sus antiguos compa\u00f1eros corsarios que lo creyeron muerto. <\/span><span style=\"vertical-align: inherit;\">Pero los espa\u00f1oles, asombrados por su austeridad y constancia, le concedieron el perd\u00f3n, consider\u00e1ndolo casi un santo. <\/span><span style=\"vertical-align: inherit;\">Pero como toda historia de piratas que se precie, Juan El Ermita\u00f1o guardaba un gran secreto: guardaba un precioso bot\u00edn de su \u00e9poca de pirata que se escond\u00eda en esta playa.<\/span><\/span><\/p>\n<p>U erga kelganingizda, sizning oldingizda otkritkaning ajoyib manzarasini ko&#039;rasiz. Uning yam-yashil va tropik o&#039;simliklari va tiniq suvlari go&#039;zalligidan iborat bu sehrli joyda siz dunyoda yagona bo&#039;lgandek taassurot qoldiradi. Ushbu plyaj ajoyib tajribani amalga oshiradi.<\/p>\n<p>Survivor teleserialining turk va shved versiyasi shu plyajda suratga olingan<\/p>\n<p>This tour, organized by \u00abBooking Adventures\u00bb starts at the meeting point set with our Tour Guide. Come with Booking Adventures and have lunch at the beach and enjoy the one of the\u00a0most amazing beaches in Samana, Dominican Republic.<\/p>\n<h4><em><strong>Nimani olib kelish kerak?<\/strong><\/em><\/h4>\n<ul>\n<li style=\"font-weight: 400;\"><span style=\"font-weight: 400;\">kamera<\/span><\/li>\n<li style=\"font-weight: 400;\"><span style=\"font-weight: 400;\">Repelent kurtaklar<\/span><\/li>\n<li style=\"font-weight: 400;\"><span style=\"font-weight: 400;\">quyosh kremi<\/span><\/li>\n<li>Hojatxona<\/li>\n<li style=\"font-weight: 400;\"><span style=\"font-weight: 400;\">Shlyapa<\/span><\/li>\n<li style=\"font-weight: 400;\"><span style=\"font-weight: 400;\">Qulay shimlar<\/span><\/li>\n<li style=\"font-weight: 400;\"><span style=\"font-weight: 400;\">O&#039;rmon uchun poyafzal<\/span><\/li>\n<li style=\"font-weight: 400;\"><span style=\"font-weight: 400;\">Bahor hududlari uchun sandallar.<\/span><\/li>\n<li style=\"font-weight: 400;\"><span style=\"font-weight: 400;\">Suzish kiyimi<\/span><\/li>\n<\/ul>\n<p>&nbsp;<\/p>\n<h4><b><i>Mehmonxonadan olib ketish <\/i><\/b><\/h4>\n<p><span style=\"font-weight: 400;\">Ushbu tur uchun mehmonxonadan olib ketish taklif etiladi. <\/span><\/p>\n<p>&nbsp;<\/p>\n<p><b>Eslatma:<\/b><span style=\"font-weight: 400;\"> Agar siz tur\/ekskursiya jo&#039;nab ketganidan keyin 24 soat ichida band bo&#039;lsangiz, biz mehmonxonani qabul qilishni tashkil qilishimiz mumkin. Biz Samana hududidan olib ketamiz. Xaridingiz tugallangandan so&#039;ng, biz sizni olib ketishni tashkil qilish uchun mahalliy sayyohlik qo&#039;llanmamiz uchun to&#039;liq aloqa ma&#039;lumotlarini (telefon raqami, elektron pochta manzili va boshqalar) yuboramiz.<\/span><\/p>\n<h4><b><i>Qo&#039;shimcha ma&#039;lumotni tasdiqlash <\/i><\/b><\/h4>\n<ol>\n<li>Chiptalar - bu turni to&#039;lashdan keyin kvitansiya. To&#039;lovni telefoningizda ko&#039;rsatishingiz mumkin.<\/li>\n<li style=\"font-weight: 400;\"><span style=\"font-weight: 400;\">Uchrashuv nuqtasi bronlash jarayonidan keyin olinadi.<\/span><\/li>\n<li style=\"font-weight: 400;\"><span style=\"font-weight: 400;\">Bolalar kattalar bilan birga bo&#039;lishi kerak.<\/span><\/li>\n<li style=\"font-weight: 400;\"><span style=\"font-weight: 400;\"> Nogironlar aravachasiga kira olmaydi <\/span><\/li>\n<li style=\"font-weight: 400;\"><span style=\"font-weight: 400;\">Chaqaloqlar tizzalariga o&#039;tirishlari kerak <\/span><\/li>\n<li style=\"font-weight: 400;\"><span style=\"font-weight: 400;\">Orqa muammolari bo&#039;lgan sayohatchilar uchun tavsiya etilmaydi<\/span><\/li>\n<li style=\"font-weight: 400;\"><span style=\"font-weight: 400;\">Homilador sayohatchilar uchun tavsiya etilmaydi <\/span><\/li>\n<li style=\"font-weight: 400;\"><span style=\"font-weight: 400;\"> Yurak muammosi yoki boshqa jiddiy tibbiy sharoitlar yo&#039;q <\/span><\/li>\n<li style=\"font-weight: 400;\"><span style=\"font-weight: 400;\">Aksariyat sayohatchilar qatnashishi mumkin<\/span><\/li>\n<\/ol>\n<h4><b><i>Bekor qilish siyosati<\/i><\/b><\/h4>\n<p>To\u02bblovni to\u02bbliq qaytarish uchun Bekor qilish qoidalari bilan tanishib chiqing\u00a0<a href=\"https:\/\/www.ticketswhales.com\/online-booking\/\" target=\"_blank\" rel=\"noopener\" data-saferedirecturl=\"https:\/\/www.google.com\/url?q=https:\/\/www.ticketswhales.com\/online-booking\/&amp;source=gmail&amp;ust=1672532492004000&amp;usg=AOvVaw3ylqI1cdbIPTimEqEWneyd\">bu yerni bosing<\/a>. Rezervasyon safarning o&#039;sha kuni bekor qilinsa, mablag&#039; yo&#039;qoladi.<\/p>\n\n\t\t<\/div>\n\t<\/div>\n<\/div><\/div><\/div><\/div><div class=\"vc_row wpb_row vc_row-fluid\" ><div class=\"wpb_column vc_column_container vc_col-sm-12\"><div class=\"vc_column-inner\"><div class=\"wpb_wrapper\">\n\t<div class=\"wpb_video_widget wpb_content_element vc_clearfix   vc_video-aspect-ratio-169 vc_video-el-width-100 vc_video-align-left\" >\n\t\t<div class=\"wpb_wrapper\">\n\t\t\t<h2 class=\"wpb_heading wpb_video_heading\">Videoni tomosha qiling:<\/h2>\n\t\t\t<div class=\"wpb_video_wrapper\"><a href=\"https:\/\/vimeo.com\/263076708\" target=\"_blank\" rel=\"noopener\">https:\/\/vimeo.com\/263076708<\/a><\/div>\n\t\t<\/div>\n\t<\/div>\n<\/div><\/div><\/div><\/div><div class=\"vc_row wpb_row vc_row-fluid\" ><div class=\"wpb_column vc_column_container vc_col-sm-12\"><div class=\"vc_column-inner\"><div class=\"wpb_wrapper\"><div class=\"vc_empty_space\"   style=\"height: 32px\"><span class=\"vc_empty_space_inner\"><\/span><\/div>\n\t<div class=\"wpb_text_column wpb_content_element\" >\n\t\t<div class=\"wpb_wrapper\">\n\t\t\t<h4>Biz bilan bog&#039;lanish?<\/h4>\n<h5>Sarguzashtlarni bron qilish<\/h5>\n<p><em><strong>Mahalliy aholi<\/strong>\u00a0va\u00a0<strong>Milliylar<\/strong>\u00a0Turistlar va mehmonlarga xizmatlar<\/em><\/p>\n<p><span class=\"text-turquoise\">Rezervasyonlar:<\/span>\u00a0Dom.Rep.da turlar va ekskursiyalar.<\/p>\n<p><img decoding=\"async\" class=\"emoji\" draggable=\"false\" src=\"https:\/\/s.w.org\/images\/core\/emoji\/11.2.0\/svg\/1f4de.svg\" alt=\"\ud83d\udcde\" title=\"\">\u00a0Tel\/Whatsapp\u00a0\u00a0<a href=\"tel:+1-809-720-6035\">+1-809-720-6035<\/a>.<\/p>\n<p><img decoding=\"async\" class=\"emoji\" draggable=\"false\" src=\"https:\/\/s.w.org\/images\/core\/emoji\/11.2.0\/svg\/1f4e9.svg\" alt=\"\ud83d\udce9\" title=\"\">\u00a0<a href=\"mailto:info@bookingadventures.com.do\">info@bookingadventures.com.do<\/a><\/p>\n<p><strong>Biz Whatsapp orqali xususiy sayohatlarni sozlashimiz mumkin:\u00a0<a href=\"tel:+18097206035\">+18097206035.<\/a><\/strong><\/p>\n\n\t\t<\/div>\n\t<\/div>\n<div class=\"vc_empty_space\"   style=\"height: 32px\"><span class=\"vc_empty_space_inner\"><\/span><\/div><\/div><\/div><\/div><\/div><div class=\"vc_row wpb_row vc_row-fluid\" ><div class=\"wpb_column vc_column_container vc_col-sm-12\"><div class=\"vc_column-inner\"><div class=\"wpb_wrapper\"><div class=\"vc_btn3-container vc_btn3-inline\" ><button class=\"vc_general vc_btn3 vc_btn3-size-md vc_btn3-shape-rounded vc_btn3-style-modern vc_btn3-color-green\">HOZIR BAZIRLASH<\/button><\/div><\/div><\/div><\/div><\/div>","protected":false},"excerpt":{"rendered":"<p><span style=\"vertical-align: inherit;\"><span style=\"vertical-align: inherit;\">El viaje comienza recogi\u00e9ndolo en su hotel o en el aeropuerto en el \u00e1rea de Saman\u00e1 de Las Galeras. <\/span><span style=\"vertical-align: inherit;\">Comience su experiencia en Playa El Valle, una hermosa y \u00fanica playa cerca de Saman\u00e1. <\/span><span style=\"vertical-align: inherit;\">Disfrute de un viaje en bote de 25 minutos a Playa Ermita\u00f1o, que es una playa a\u00fan inexplorada y aislada con agua azul turquesa. <\/span><span style=\"vertical-align: inherit;\">Disfruta del agua de coco fresca. <\/span><span style=\"vertical-align: inherit;\">Descubra la belleza real e intacta de la Rep\u00fablica Dominicana y sum\u00e9rjase en la naturaleza mientras explora la cueva secreta cercana. <\/span><span style=\"vertical-align: inherit;\">Qu\u00e9dese en Playa Ermita\u00f1o todo el tiempo que desee y visite Playa Onda, otra hermosa playa salvaje, a solo 15 minutos en bote. <\/span><span style=\"vertical-align: inherit;\">Regrese a Playa El Valle y luego proceda a Saman\u00e1, ver\u00e1 casas locales y aprender\u00e1 sobre la vida real dominicana. <\/span><span style=\"vertical-align: inherit;\">Esta es una experiencia de medio d\u00eda de la verdadera Saman\u00e1 en la Rep\u00fablica Dominicana.<\/span><\/span><\/p>\n<p>&nbsp;<\/p>\n<p><strong><span style=\"vertical-align: inherit;\"><span style=\"vertical-align: inherit;\">Seleccione la fecha para el Tour:\u00a0<\/span><\/span><\/strong><\/p>","protected":false},"featured_media":495,"template":"","meta":[],"product_brand":[],"product_cat":[571,356,98,135,124],"product_tag":[376,377,378,379,380,381,382,383,384,385,386,387,388,389,201,270,148,143],"class_list":{"0":"post-11669","1":"product","2":"type-product","3":"status-publish","4":"has-post-thumbnail","6":"product_cat-1-samana","7":"product_cat-day-trips","8":"product_cat-local-tour-guides","9":"product_cat-lunch","10":"product_cat-tours-excursions-samana-bay-dominican-republic","11":"product_tag-ermitano-beach-playa-ermitano-boat-tour-and-playa-onda-private-trip","12":"product_tag-ermitano-beach","13":"product_tag-ermitano-excursion","14":"product_tag-ermitano-samana","15":"product_tag-ermitano-tour","16":"product_tag-las-terrenas-excursions","17":"product_tag-las-terrenas-tours","18":"product_tag-onda-beach","19":"product_tag-playa-ermitano-and-playa-onda-private-boat-tour","20":"product_tag-playa-ermitano-tour","21":"product_tag-playa-honda-samana","22":"product_tag-playa-onda","23":"product_tag-playa-onda-location","24":"product_tag-playa-onda-samana-maps","25":"product_tag-private-tours-samana","26":"product_tag-samana-dominican-republic","27":"product_tag-samana-excursions","28":"product_tag-samana-tours","30":"first","31":"instock","32":"sale","33":"sold-individually","34":"shipping-taxable","35":"product-type-external"},"_links":{"self":[{"href":"https:\/\/haitises.com\/uz\/wp-json\/wp\/v2\/product\/11669","targetHints":{"allow":["GET"]}}],"collection":[{"href":"https:\/\/haitises.com\/uz\/wp-json\/wp\/v2\/product"}],"about":[{"href":"https:\/\/haitises.com\/uz\/wp-json\/wp\/v2\/types\/product"}],"wp:featuredmedia":[{"embeddable":true,"href":"https:\/\/haitises.com\/uz\/wp-json\/wp\/v2\/media\/495"}],"wp:attachment":[{"href":"https:\/\/haitises.com\/uz\/wp-json\/wp\/v2\/media?parent=11669"}],"wp:term":[{"taxonomy":"product_brand","embeddable":true,"href":"https:\/\/haitises.com\/uz\/wp-json\/wp\/v2\/product_brand?post=11669"},{"taxonomy":"product_cat","embeddable":true,"href":"https:\/\/haitises.com\/uz\/wp-json\/wp\/v2\/product_cat?post=11669"},{"taxonomy":"product_tag","embeddable":true,"href":"https:\/\/haitises.com\/uz\/wp-json\/wp\/v2\/product_tag?post=11669"}],"curies":[{"name":"wp","href":"https:\/\/api.w.org\/{rel}","templated":true}]}}