{"id":11666,"date":"2023-10-04T07:40:09","date_gmt":"2023-10-04T07:40:09","guid":{"rendered":"http:\/\/haitises.com\/?post_type=product&#038;p=11666"},"modified":"2024-03-29T18:17:03","modified_gmt":"2024-03-29T18:17:03","slug":"parasailing-tour-from-punta-cana-95-usd-3","status":"publish","type":"product","link":"https:\/\/haitises.com\/uz\/xususiy\/parasailing-tour-from-punta-cana-95-usd-3\/","title":{"rendered":"Parasailing Tour from Punta Cana 95 USD."},"content":{"rendered":"<div class=\"vc_row wpb_row vc_row-fluid\" ><div class=\"wpb_column vc_column_container vc_col-sm-12\"><div class=\"vc_column-inner\"><div class=\"wpb_wrapper\">\n\t<div class=\"wpb_text_column wpb_content_element\" >\n\t\t<div class=\"wpb_wrapper\">\n\t\t\t<p>u<\/p>\n\n\t\t<\/div>\n\t<\/div>\n<\/div><\/div><\/div><\/div><div class=\"vc_row wpb_row vc_row-fluid\" ><div class=\"wpb_column vc_column_container vc_col-sm-12\"><div class=\"vc_column-inner\"><div class=\"wpb_wrapper\">[mkdf_section_title title_tag=\u00bb\u00bb disable_break_words=\u00bbno\u00bb subtitle_tag=\u00bb\u00bb text_font_weight=\u00bb\u00bb title=\u00bbParasailing Tour from Punta Cana\u00bb subtitle=\u00bbFrom Punta Cana Hotels\u00bb text=\u00bbNote: This tour starts at 7: 00 am Depending where is the Pickup Hotels Time may Change. Extras cost for Pick up in Areas not listed in Our Description.\u00bb]<\/div><\/div><\/div><\/div><div class=\"vc_row wpb_row vc_row-fluid\" ><div class=\"wpb_column vc_column_container vc_col-sm-12\"><div class=\"vc_column-inner\"><div class=\"wpb_wrapper\"><div class=\"vc_empty_space\"   style=\"height: 32px\"><span class=\"vc_empty_space_inner\"><\/span><\/div><\/div><\/div><\/div><\/div><div class=\"vc_row wpb_row vc_row-fluid\" ><div class=\"wpb_column vc_column_container vc_col-sm-12\"><div class=\"vc_column-inner\"><div class=\"wpb_wrapper\"><div class=\"vc_btn3-container vc_btn3-inline\" ><button class=\"vc_general vc_btn3 vc_btn3-size-md vc_btn3-shape-rounded vc_btn3-style-modern vc_btn3-color-green\">HOZIR BAZIRLASH<\/button><\/div>\n\t<div class=\"wpb_text_column wpb_content_element\" >\n\t\t<div class=\"wpb_wrapper\">\n\t\t\t<h4><b><i>Umumiy ko\u02bbrinish <\/i><\/b><\/h4>\n<div>\n<p>Parasail over the Punta Cana\/Bavaro coastline during this 40-minute activity departing from Punta Cana.\u00a0Benefit from the expertise of one of the most experienced parasail companies in the Dominican Republic, wiith over 60,000 flights since 2001. Get breathtaking views of the beaches, turquoise waters and sprawling resorts that line the shore while flying hundreds of feet in the air. Bring sunscreen, a bathing suit and a sense of adventure. Scenic air tour Travel by boat and see the sights from the water Choice of morning or afternoon departure Free hotel pickup and drop-off included<\/p>\n<\/div>\n<ul class=\"vcs-highlights\">\n<li>Choice of several departures throughout the day<\/li>\n<li>Enjoy fantastic aerial views<\/li>\n<li>Family friendly<\/li>\n<li>Pickup from a centrally located meeting point<\/li>\n<li>Romantic experience, perfect for couples<\/li>\n<\/ul>\n<p>&nbsp;<\/p>\n<h4><b>Qo&#039;shimchalar va istisnolar<\/b><\/h4>\n<p>&nbsp;<\/p>\n<p><b>Qo&#039;shimchalar<\/b><\/p>\n<p>&nbsp;<\/p>\n<ol>\n<li>Parasaling Tour<\/li>\n<li>Bus pick up from Your Hotel<\/li>\n<li style=\"font-weight: 400;\"><span style=\"font-weight: 400;\">Barcha soliqlar, yig&#039;imlar va ishlov berish to&#039;lovlari<\/span><\/li>\n<li style=\"font-weight: 400;\"><span style=\"font-weight: 400;\">Mahalliy soliqlar<\/span><\/li>\n<li style=\"font-weight: 400;\"><span style=\"font-weight: 400;\">Ichimliklar<\/span><\/li>\n<\/ol>\n<p><b> Istisnolar<\/b><\/p>\n<ol>\n<li style=\"font-weight: 400;\"><span style=\"font-weight: 400;\">Imkoniyatlar<\/span><\/li>\n<li>Tushlik<\/li>\n<\/ol>\n<p>&nbsp;<\/p>\n<h4><em><strong>Ketish va qaytish<\/strong><\/em><\/h4>\n<p><span style=\"font-weight: 400;\">Sayohatchi bronlash jarayonidan so&#039;ng uchrashuv nuqtasini oladi. Turlar bizning uchrashuv nuqtalarimizda boshlanadi va tugadi.<\/span><\/p>\n<p>&nbsp;<\/p>\n<h4><b><i>Nimani kutish kerak?<\/i><\/b><\/h4>\n<p>Imagine being raised 150 feet in the air, the cool wind caressing your face while relaxing with a spectacular view of the coast of Bavaro &#8211; Punta Cana. Stop imagining and join us in the exciting ride of parasailing, a truly unforgettable experience. You only need sunscreen and bathing suit, while enjoying the thrill of the ride. Fly with the premiere parasail company of the Dominican Republic. With over 60,000 flights since 2001, our skilled captains and crew are among the most experienced in the business.<\/p>\n<p><strong>Jadval:<\/strong><\/p>\n<p>7:00 AM &#8211; 7:00 PM&#8230; Time change depending on were in Punta Cana you are located.<\/p>\n<p>&nbsp;<\/p>\n<h4><em><strong>Nimani olib kelish kerak?<\/strong><\/em><\/h4>\n<ul>\n<li style=\"font-weight: 400;\"><span style=\"font-weight: 400;\">kamera<\/span><\/li>\n<li style=\"font-weight: 400;\"><span style=\"font-weight: 400;\">Repelent kurtaklar<\/span><\/li>\n<li style=\"font-weight: 400;\"><span style=\"font-weight: 400;\">quyosh kremi<\/span><\/li>\n<li style=\"font-weight: 400;\"><span style=\"font-weight: 400;\">Shlyapa<\/span><\/li>\n<li style=\"font-weight: 400;\"><span style=\"font-weight: 400;\">Qulay shimlar<\/span><\/li>\n<li style=\"font-weight: 400;\"><span style=\"font-weight: 400;\">O&#039;rmon uchun poyafzal<\/span><\/li>\n<li style=\"font-weight: 400;\"><span style=\"font-weight: 400;\">Plyajga sandal<\/span><\/li>\n<li style=\"font-weight: 400;\"><span style=\"font-weight: 400;\">Suzish kiyimi<\/span><\/li>\n<li>Esdalik sovg&#039;alari uchun naqd pul<\/li>\n<\/ul>\n<p>&nbsp;<\/p>\n<h4><b><i>Mehmonxonadan olib ketish <\/i><\/b><\/h4>\n<p><span style=\"font-weight: 400;\">Traveler pickup is offered!<\/span><\/p>\n<p><span style=\"font-weight: 400;\">We do pick up from all the Hotels in Punta Cana. Pick up Location is Hotel Lobby<br \/>\nIf you are staying at a condo in the area, we will be picking you up at the condo or at the entrance of the closest resort.. We set Pick up contacting us by Whatsapp.<\/span><\/p>\n<p><b>Eslatma:<\/b><span style=\"font-weight: 400;\"> Agar siz tur\/ekskursiya jo&#039;nab ketganidan keyin 24 soat ichida band bo&#039;lsangiz, biz mehmonxonani qabul qilishni tashkil qilishimiz mumkin. Xaridingiz tugallangandan so&#039;ng, biz sizni olib ketishni tashkil qilish uchun mahalliy sayyohlik qo&#039;llanmamiz uchun to&#039;liq aloqa ma&#039;lumotlarini (telefon raqami, elektron pochta manzili va boshqalar) yuboramiz.<\/span><\/p>\n<h4><b><i>Qo&#039;shimcha ma&#039;lumotni tasdiqlash <\/i><\/b><\/h4>\n<ol>\n<li>Chiptalar - bu turni to&#039;lashdan keyin kvitansiya. To&#039;lovni telefoningizda ko&#039;rsatishingiz mumkin.<\/li>\n<li style=\"font-weight: 400;\"><span style=\"font-weight: 400;\">Uchrashuv nuqtasi bronlash jarayonidan keyin olinadi.<\/span><\/li>\n<li style=\"font-weight: 400;\"><span style=\"font-weight: 400;\">Bolalar kattalar bilan birga bo&#039;lishi kerak.<\/span><\/li>\n<li style=\"font-weight: 400;\"><span style=\"font-weight: 400;\">nogironlar aravachasiga kirish mumkin <\/span><\/li>\n<li style=\"font-weight: 400;\"><span style=\"font-weight: 400;\">Chaqaloqlar tizzalariga o&#039;tirishlari kerak <\/span><\/li>\n<li style=\"font-weight: 400;\"><span style=\"font-weight: 400;\">Aksariyat sayohatchilar qatnashishi mumkin<\/span><\/li>\n<\/ol>\n<h4><b><i>Bekor qilish siyosati<\/i><\/b><\/h4>\n<p>To\u02bblovni to\u02bbliq qaytarish uchun Bekor qilish qoidalari bilan tanishib chiqing\u00a0<a href=\"https:\/\/www.ticketswhales.com\/online-booking\/\" target=\"_blank\" rel=\"noopener\" data-saferedirecturl=\"https:\/\/www.google.com\/url?q=https:\/\/www.ticketswhales.com\/online-booking\/&amp;source=gmail&amp;ust=1672532492004000&amp;usg=AOvVaw3ylqI1cdbIPTimEqEWneyd\">bu yerni bosing<\/a>. Rezervasyon safarning o&#039;sha kuni bekor qilinsa, mablag&#039; yo&#039;qoladi.<\/p>\n\n\t\t<\/div>\n\t<\/div>\n<\/div><\/div><\/div><\/div><div class=\"vc_row wpb_row vc_row-fluid\" ><div class=\"wpb_column vc_column_container vc_col-sm-12\"><div class=\"vc_column-inner\"><div class=\"wpb_wrapper\">\n\t<div class=\"wpb_text_column wpb_content_element\" >\n\t\t<div class=\"wpb_wrapper\">\n\t\t\t<h4>Biz bilan bog&#039;lanish?<\/h4>\n<h5><em><strong>Sarguzashtlarni bron qilish<\/strong><\/em><\/h5>\n<p><em><strong>Mahalliy aholi<\/strong> va <strong>Milliylar<\/strong> Turistlar va mehmonlarga xizmatlar<\/em><\/p>\n<p><span class=\"text-turquoise\">Rezervasyonlar:<\/span> Dom.Rep.da turlar va ekskursiyalar.<\/p>\n\n\t\t<\/div>\n\t<\/div>\n<\/div><\/div><\/div><\/div><div class=\"vc_row wpb_row vc_row-fluid\" ><\/div><div class=\"wpb_column vc_column_container vc_col-sm-12\"><div class=\"vc_column-inner\"><div class=\"wpb_wrapper\"><\/div><\/div><\/div>\n\t<div class=\"wpb_text_column wpb_content_element\" >\n\t\t<div class=\"wpb_wrapper\">\n\t\t\t<p>I am text block. Click edit button to change this text. Lorem ipsum dolor sit amet, consectetur adipiscing elit. Ut elit tellus, luctus nec ullamcorper mattis, pulvinar dapibus leo.<\/p>\n\n\t\t<\/div>\n\t<\/div>\n<div class=\"vc_empty_space\"   style=\"height: 32px\"><span class=\"vc_empty_space_inner\"><\/span><\/div><div class=\"vc_row wpb_row vc_row-fluid\" ><div class=\"wpb_column vc_column_container vc_col-sm-12\"><div class=\"vc_column-inner\"><div class=\"wpb_wrapper\"><div class=\"vc_btn3-container vc_btn3-inline\" ><button class=\"vc_general vc_btn3 vc_btn3-size-md vc_btn3-shape-rounded vc_btn3-style-modern vc_btn3-color-green\">HOZIR BAZIRLASH<\/button><\/div><\/div><\/div><\/div><\/div>","protected":false},"excerpt":{"rendered":"<p><span style=\"vertical-align: inherit;\"><span style=\"vertical-align: inherit;\">Parasailing en Punta Cana es una aventura incre\u00edble y una de las mejores cosas para hacer en Punta Cana. <\/span><span style=\"vertical-align: inherit;\">La costa desde 200 pies en el aire, mientras navega, es absolutamente impresionante.<\/span><\/span><\/p>\n<p><span style=\"vertical-align: inherit;\"><span style=\"vertical-align: inherit;\">El parasailing es una experiencia sencilla y divertida para todos los miembros de la familia. <\/span><span style=\"vertical-align: inherit;\">Como la principal empresa de parasailing y aventura en Rep\u00fablica Dominicana, nuestro equipo de Parasailing se encuentra entre los m\u00e1s experimentados en Punta Cana, con m\u00e1s de 16 a\u00f1os de experiencia en vuelos. <\/span><span style=\"vertical-align: inherit;\">Puede disfrutar de unos 15 minutos de vuelo mientras disfruta de la hermosa vista panor\u00e1mica.<\/span><\/span><\/p>\n<p>&nbsp;<\/p>\n<p><em><strong><span style=\"vertical-align: inherit;\"><span style=\"vertical-align: inherit;\">Ekskursiya sanasini tanlang\u00a0<\/span><\/span><\/strong><\/em><\/p>","protected":false},"featured_media":454,"template":"","meta":[],"product_brand":[],"product_cat":[576,359,569,305,122,259],"product_tag":[167,360,361,141,362,228,171],"class_list":{"0":"post-11666","1":"product","2":"type-product","3":"status-publish","4":"has-post-thumbnail","6":"product_cat-1-punta-cana","7":"product_cat-parasaling","8":"product_cat-punta-cana-group-tours","9":"product_cat-tours-and-excursion-punta-cana","10":"product_cat-tours-and-excursions","11":"product_cat-tours-excursions-punta-cana-dominican-republic","12":"product_tag-catamaran","13":"product_tag-parasail-punta-cana","14":"product_tag-parasailing-in-punta-cana","15":"product_tag-punta-cana","16":"product_tag-punta-cana-catamaran-party-with-snorkeling-and-parasailing","17":"product_tag-punta-cana-tours","18":"product_tag-saona-island","20":"first","21":"instock","22":"sale","23":"featured","24":"sold-individually","25":"shipping-taxable","26":"product-type-external"},"_links":{"self":[{"href":"https:\/\/haitises.com\/uz\/wp-json\/wp\/v2\/product\/11666","targetHints":{"allow":["GET"]}}],"collection":[{"href":"https:\/\/haitises.com\/uz\/wp-json\/wp\/v2\/product"}],"about":[{"href":"https:\/\/haitises.com\/uz\/wp-json\/wp\/v2\/types\/product"}],"wp:featuredmedia":[{"embeddable":true,"href":"https:\/\/haitises.com\/uz\/wp-json\/wp\/v2\/media\/454"}],"wp:attachment":[{"href":"https:\/\/haitises.com\/uz\/wp-json\/wp\/v2\/media?parent=11666"}],"wp:term":[{"taxonomy":"product_brand","embeddable":true,"href":"https:\/\/haitises.com\/uz\/wp-json\/wp\/v2\/product_brand?post=11666"},{"taxonomy":"product_cat","embeddable":true,"href":"https:\/\/haitises.com\/uz\/wp-json\/wp\/v2\/product_cat?post=11666"},{"taxonomy":"product_tag","embeddable":true,"href":"https:\/\/haitises.com\/uz\/wp-json\/wp\/v2\/product_tag?post=11666"}],"curies":[{"name":"wp","href":"https:\/\/api.w.org\/{rel}","templated":true}]}}