{"id":11304,"date":"2021-08-15T20:08:36","date_gmt":"2021-08-15T20:08:36","guid":{"rendered":"http:\/\/haitises.com\/?post_type=product&#038;p=11304"},"modified":"2024-04-09T17:21:46","modified_gmt":"2024-04-09T17:21:46","slug":"el-limon-waterfalls-bacardi-island-excursion-from-punta-cana-area-meeting-point-sabana-de-la-mar-2","status":"publish","type":"product","link":"https:\/\/haitises.com\/uz\/xususiy\/el-limon-waterfalls-bacardi-island-excursion-from-punta-cana-area-meeting-point-sabana-de-la-mar-2\/","title":{"rendered":"El Limon sharsharalari va Bakardi oroli - Punta-Kana hududidan ekskursiya (Uchrashuv joyi Sabana de la Mar)"},"content":{"rendered":"<div class=\"vc_row wpb_row vc_row-fluid\" ><div class=\"wpb_column vc_column_container vc_col-sm-12\"><div class=\"vc_column-inner\"><div class=\"wpb_wrapper\">[mkdf_section_title title_tag=\u00bb\u00bb disable_break_words=\u00bbno\u00bb subtitle_tag=\u00bb\u00bb title=\u00bbEl Limon Waterfalls &amp; Bacardi Island &#8211; Excursion from Punta Cana area\u00bb subtitle=\u00bb(Meeting point Sabana de la mar)\u00bb]<\/div><\/div><\/div><\/div><div class=\"vc_row wpb_row vc_row-fluid\" ><div class=\"wpb_column vc_column_container vc_col-sm-12\"><div class=\"vc_column-inner\"><div class=\"wpb_wrapper\">\n\t<div class=\"wpb_text_column wpb_content_element\" >\n\t\t<div class=\"wpb_wrapper\">\n\t\t\t<h4><b><i>Umumiy ko\u02bbrinish <\/i><\/b><\/h4>\n<p>If you are in Punta Cana or Bavaro, Looking for a day trip paying less than normal. Just book this trip starting from Sabana de la Mar area. Visiting Samana community on Safari to arrive in El Lim\u00f3n Comunity, Horse riding or Hiking to the Waterfalls after crossing Samana Bay and Luch time at Bacardi Island. This trip Starts at 9: 00 am and finish at 4:30 pm.<\/p>\n<p>After this experience, you will get Back to Sabana de la Mar port.<\/p>\n<ul>\n<li style=\"font-weight: 400;\">To&#039;lovlar kiritilgan<\/li>\n<li>Lunch at the beach included<\/li>\n<li style=\"font-weight: 400;\"><span style=\"font-weight: 400;\">Qo&#039;llanma ko&#039;rsatma va nazoratni ta&#039;minlaydi<\/span><\/li>\n<\/ul>\n<p>&nbsp;<\/p>\n<h4><b>Qo&#039;shimchalar va istisnolar<\/b><\/h4>\n<p>&nbsp;<\/p>\n<p><b>Qo&#039;shimchalar<\/b><\/p>\n<ol>\n<li style=\"font-weight: 400;\">Saman\u00e1 Bay<\/li>\n<li>Bacardi Island, Beach, and Lunch<\/li>\n<li>Safari to El Lim\u00f3n<\/li>\n<li>Horse riding or Hiking to Waterfalls<\/li>\n<li>Dominicans Cocktails<\/li>\n<li style=\"font-weight: 400;\"><span style=\"font-weight: 400;\">Barcha soliqlar, yig&#039;imlar va ishlov berish to&#039;lovlari<\/span><\/li>\n<li style=\"font-weight: 400;\"><span style=\"font-weight: 400;\">Mahalliy soliqlar<\/span><\/li>\n<li style=\"font-weight: 400;\"><span style=\"font-weight: 400;\">Ichimliklar<\/span><\/li>\n<li style=\"font-weight: 400;\"><span style=\"font-weight: 400;\">Barcha tadbirlar<\/span><\/li>\n<li style=\"font-weight: 400;\"><span style=\"font-weight: 400;\">Mahalliy yo&#039;lboshchi<\/span><\/li>\n<\/ol>\n<p><b> Istisnolar<\/b><\/p>\n<ol>\n<li style=\"font-weight: 400;\"><span style=\"font-weight: 400;\">Imkoniyatlar<\/span><\/li>\n<li style=\"font-weight: 400;\"><span style=\"font-weight: 400;\">Transfers from Punta Cana not included<\/span><\/li>\n<li style=\"font-weight: 400;\"><span style=\"font-weight: 400;\">Alcoholic Drinks after Cocktails\u00a0<\/span><\/li>\n<\/ol>\n<p>&nbsp;<\/p>\n<h4><em><strong>Ketish va qaytish<\/strong><\/em><\/h4>\n<p><span style=\"font-weight: 400;\">Sayohatchi bronlash jarayonidan so&#039;ng uchrashuv nuqtasini oladi. Turlar bizning uchrashuv nuqtalarimizda boshlanadi va tugadi.<\/span><\/p>\n<p>&nbsp;<\/p>\n<h4><b><i>Nimani kutish kerak?<\/i><\/b><\/h4>\n<p>&nbsp;<\/p>\n<p><em><strong>Chiptalaringizni oling<\/strong><\/em> for visiting The Waterfalls on Horses riding or Hiking, Safari Saman\u00e1, Swimming at the Natural Springs from the waterfalls lunch at Bacardi island plus Beach Time.<\/p>\n<p>Starting from Sabana de la Mar ports onboard of a Boat or Catamaran with a Local tour guide we pass Saman\u00e1 Bay to Saman\u00e1 community. Taking a Safari with a local tour guide to talk about Saman\u00e1 history until arrive in El Limon Comunity. In El Lim\u00f3n Comunity we start hiking or Horse riding by El Limon waterfalls forest to the El Lim\u00f3n Waterfalls. Where when we arrive we can swim!\u00a0 After back to Safari to go to Samana port. Visit Bacardi island for lunch on the beach and swimming in one of the most beautiful islands from the Dominican Republic.<\/p>\n<p>Agar sizga bu sayohat uzoqroq yoki qisqaroq yoqsa, bizda quyidagi variantlar mavjud:<\/p>\n<ol>\n<li><a href=\"https:\/\/www.ticketswhales.com\/tour\/los-haitises-national-park-tour-from-samana-port\/\" target=\"_blank\" rel=\"noopener\">Los Haitises + Cayo Levantado from Samana Port.<\/a><\/li>\n<li><a href=\"https:\/\/www.ticketswhales.com\/tour\/los-haitises-national-park-lunch-at-cano-hondo-from-samana-port\/\" target=\"_blank\" rel=\"noopener\">Los Haitises + Cano Hondo from Samana Port.<\/a><\/li>\n<\/ol>\n<p>&nbsp;<\/p>\n<h4><em><strong>Nimani olib kelish kerak?<\/strong><\/em><\/h4>\n<ul>\n<li style=\"font-weight: 400;\"><span style=\"font-weight: 400;\">kamera<\/span><\/li>\n<li style=\"font-weight: 400;\"><span style=\"font-weight: 400;\">Repelent kurtaklar<\/span><\/li>\n<li style=\"font-weight: 400;\"><span style=\"font-weight: 400;\">quyosh kremi<\/span><\/li>\n<li style=\"font-weight: 400;\"><span style=\"font-weight: 400;\">Shlyapa<\/span><\/li>\n<li style=\"font-weight: 400;\"><span style=\"font-weight: 400;\">Qulay shimlar<\/span><\/li>\n<li style=\"font-weight: 400;\"><span style=\"font-weight: 400;\">O&#039;rmon uchun poyafzal<\/span><\/li>\n<li style=\"font-weight: 400;\"><span style=\"font-weight: 400;\">Bahor hududlari uchun sandallar.<\/span><\/li>\n<li style=\"font-weight: 400;\"><span style=\"font-weight: 400;\">Suzish kiyimi<\/span><\/li>\n<\/ul>\n<p>&nbsp;<\/p>\n<h4><b><i>Mehmonxonadan olib ketish <\/i><\/b><\/h4>\n<p><span style=\"font-weight: 400;\">Hotel pick-up is not offered for this tour. But if you contact us we can talk about it.<\/span><\/p>\n<p>&nbsp;<\/p>\n<p><b>Eslatma:<\/b><span style=\"font-weight: 400;\"> Agar siz ekskursiya\/ekskursiya jo&#039;nash vaqtidan keyin 24 soat ichida band bo&#039;lsangiz, biz qo&#039;shimcha haq evaziga mehmonxonani olib ketishni tashkil qilishimiz mumkin. Xaridingiz tugallangandan so&#039;ng, biz sizni olib ketishni tashkil qilish uchun mahalliy sayyohlik qo&#039;llanmamiz uchun to&#039;liq aloqa ma&#039;lumotlarini (telefon raqami, elektron pochta manzili va boshqalar) yuboramiz.<\/span><\/p>\n<h4><b><i>Qo&#039;shimcha ma&#039;lumotni tasdiqlash <\/i><\/b><\/h4>\n<ol>\n<li>Chiptalar - bu turni to&#039;lashdan keyin kvitansiya. To&#039;lovni telefoningizda ko&#039;rsatishingiz mumkin.<\/li>\n<li style=\"font-weight: 400;\"><span style=\"font-weight: 400;\">Uchrashuv nuqtasi bronlash jarayonidan keyin olinadi.<\/span><\/li>\n<li style=\"font-weight: 400;\"><span style=\"font-weight: 400;\">Bolalar kattalar bilan birga bo&#039;lishi kerak.<\/span><\/li>\n<li style=\"font-weight: 400;\"><span style=\"font-weight: 400;\"> Nogironlar aravachasiga kira olmaydi <\/span><\/li>\n<li style=\"font-weight: 400;\"><span style=\"font-weight: 400;\">Chaqaloqlar tizzalariga o&#039;tirishlari kerak <\/span><\/li>\n<li style=\"font-weight: 400;\"><span style=\"font-weight: 400;\">Orqa muammolari bo&#039;lgan sayohatchilar uchun tavsiya etilmaydi<\/span><\/li>\n<li style=\"font-weight: 400;\"><span style=\"font-weight: 400;\">Homilador sayohatchilar uchun tavsiya etilmaydi <\/span><\/li>\n<li style=\"font-weight: 400;\"><span style=\"font-weight: 400;\"> Yurak muammosi yoki boshqa jiddiy tibbiy sharoitlar yo&#039;q <\/span><\/li>\n<li style=\"font-weight: 400;\"><span style=\"font-weight: 400;\">Aksariyat sayohatchilar qatnashishi mumkin<\/span><\/li>\n<\/ol>\n<h4><b><i>Bekor qilish siyosati<\/i><\/b><\/h4>\n<p><span style=\"font-weight: 400;\">To\u02bblovni to\u02bbliq qaytarish uchun tajriba boshlanishidan kamida 24 soat oldin bekor qiling.<\/span><\/p>\n\n\t\t<\/div>\n\t<\/div>\n<\/div><\/div><\/div><\/div><div class=\"vc_row wpb_row vc_row-fluid\" ><div class=\"wpb_column vc_column_container vc_col-sm-12\"><div class=\"vc_column-inner\"><div class=\"wpb_wrapper\"><div class=\"vc_empty_space\"   style=\"height: 32px\"><span class=\"vc_empty_space_inner\"><\/span><\/div>\n\t<div class=\"wpb_text_column wpb_content_element\" >\n\t\t<div class=\"wpb_wrapper\">\n\t\t\t<h4>Biz bilan bog&#039;lanish?<\/h4>\n<h5><em><strong>Sarguzashtlarni bron qilish<\/strong><\/em><\/h5>\n<p><em><strong>Mahalliy aholi<\/strong> va <strong>Milliylar<\/strong> Turistlar va mehmonlarga xizmatlar<\/em><\/p>\n<p><span class=\"text-turquoise\">Rezervasyonlar:<\/span> Dom.Rep.da turlar va ekskursiyalar.<\/p>\n<p><img decoding=\"async\" class=\"emoji\" draggable=\"false\" src=\"https:\/\/s.w.org\/images\/core\/emoji\/11.2.0\/svg\/1f4de.svg\" alt=\"\ud83d\udcde\" title=\"\"> Tel\/Whatsapp\u00a0 <a href=\"tel:+1-809-720-6035\">+1-809-720-6035<\/a>.<\/p>\n<p><img decoding=\"async\" class=\"emoji\" draggable=\"false\" src=\"https:\/\/s.w.org\/images\/core\/emoji\/11.2.0\/svg\/1f4e9.svg\" alt=\"\ud83d\udce9\" title=\"\"> <a href=\"mailto:info@bookingadventures.com.do\">info@bookingadventures.com.do<\/a><\/p>\n<p><strong>Biz Whatsapp orqali xususiy sayohatlarni sozlashimiz mumkin: <a href=\"tel:+18097206035\">+18097206035.<\/a><\/strong><\/p>\n\n\t\t<\/div>\n\t<\/div>\n<div class=\"vc_empty_space\"   style=\"height: 32px\"><span class=\"vc_empty_space_inner\"><\/span><\/div><\/div><\/div><\/div><\/div>","protected":false},"excerpt":{"rendered":"<p><strong>Iltimos, sayohat sanasini tanlang\u00a0<\/strong><\/p>","protected":false},"featured_media":94,"template":"","meta":[],"product_brand":[],"product_cat":[96,97,135,136,122,123,124],"product_tag":[137,138,139,140,141,114,142,143],"class_list":{"0":"post-11304","1":"product","2":"type-product","3":"status-publish","4":"has-post-thumbnail","6":"product_cat-hiking","7":"product_cat-horse-riding-to-waterfalls","8":"product_cat-lunch","9":"product_cat-safari-samana","10":"product_cat-tours-and-excursions","11":"product_cat-tours-excursions-los-haitises-national-park","12":"product_cat-tours-excursions-samana-bay-dominican-republic","13":"product_tag-bacardi-island","14":"product_tag-beach-time","15":"product_tag-cayo-levantado","16":"product_tag-el-limon-waterfalls","17":"product_tag-punta-cana","18":"product_tag-sabana-de-la-mar","19":"product_tag-samana","20":"product_tag-samana-tours","22":"first","23":"instock","24":"sale","25":"sold-individually","26":"shipping-taxable","27":"product-type-external"},"_links":{"self":[{"href":"https:\/\/haitises.com\/uz\/wp-json\/wp\/v2\/product\/11304","targetHints":{"allow":["GET"]}}],"collection":[{"href":"https:\/\/haitises.com\/uz\/wp-json\/wp\/v2\/product"}],"about":[{"href":"https:\/\/haitises.com\/uz\/wp-json\/wp\/v2\/types\/product"}],"wp:featuredmedia":[{"embeddable":true,"href":"https:\/\/haitises.com\/uz\/wp-json\/wp\/v2\/media\/94"}],"wp:attachment":[{"href":"https:\/\/haitises.com\/uz\/wp-json\/wp\/v2\/media?parent=11304"}],"wp:term":[{"taxonomy":"product_brand","embeddable":true,"href":"https:\/\/haitises.com\/uz\/wp-json\/wp\/v2\/product_brand?post=11304"},{"taxonomy":"product_cat","embeddable":true,"href":"https:\/\/haitises.com\/uz\/wp-json\/wp\/v2\/product_cat?post=11304"},{"taxonomy":"product_tag","embeddable":true,"href":"https:\/\/haitises.com\/uz\/wp-json\/wp\/v2\/product_tag?post=11304"}],"curies":[{"name":"wp","href":"https:\/\/api.w.org\/{rel}","templated":true}]}}