{"id":551,"date":"2020-06-19T20:10:32","date_gmt":"2020-06-19T20:10:32","guid":{"rendered":"http:\/\/haitises.com\/?post_type=product&#038;p=551"},"modified":"2023-10-14T21:50:12","modified_gmt":"2023-10-14T21:50:12","slug":"excursion-al-los-haitises-y-cano-hondo-desde-samana","status":"publish","type":"product","link":"https:\/\/haitises.com\/ur\/\u0646\u062c\u06cc\/excursion-al-los-haitises-y-cano-hondo-desde-samana\/","title":{"rendered":"Saman\u00e1 \u0633\u06d2 Los Haitises \u0627\u0648\u0631 Ca\u00f1o Hondo \u06a9\u06cc \u0633\u06cc\u0631"},"content":{"rendered":"<div class=\"vc_row wpb_row vc_row-fluid\" ><div class=\"wpb_column vc_column_container vc_col-sm-12\"><div class=\"vc_column-inner\"><div class=\"wpb_wrapper\">[mkdf_section_title subtitle_tag=\u00bb\u00bb subtitle=\u00bbAlmuerzo y Nataci\u00f3n en Piscinas Naturales\u00bb]<\/div><\/div><\/div><\/div><div class=\"vc_row wpb_row vc_row-fluid\" ><div class=\"wpb_column vc_column_container vc_col-sm-12\"><div class=\"vc_column-inner\"><div class=\"wpb_wrapper\">\n\t<div class=\"wpb_text_column wpb_content_element\" >\n\t\t<div class=\"wpb_wrapper\">\n\t\t\t<h2>\u0644\u0627\u0633 \u06c1\u06cc\u0679\u06cc\u0633\u0633 \u0646\u06cc\u0634\u0646\u0644 \u067e\u0627\u0631\u06a9 + \u0633\u0645\u0627\u0646\u0627 \u06a9\u06cc \u0628\u0646\u062f\u0631\u06af\u0627\u06c1 \u0633\u06d2 \u06a9\u06cc\u0646\u0648 \u06c1\u0648\u0646\u0688\u0648 \u0645\u06cc\u06ba \u0644\u0646\u0686\u06d4<\/h2>\n<h3><em>\u062a\u0641\u0635\u06cc\u0644<\/em><\/h3>\n<p>\u0644\u0627\u0633 \u06c1\u06cc\u0679\u06cc\u0633\u0633 \u0646\u06cc\u0634\u0646\u0644 \u067e\u0627\u0631\u06a9 \u0633\u0645\u0627\u0646\u0627 \u06a9\u06cc \u0628\u0646\u062f\u0631\u06af\u0627\u06c1 \u0633\u06d2 \u0634\u0631\u0648\u0639 \u06c1\u0648\u0646\u06d2 \u06a9\u06d2 \u0639\u0644\u0627\u0648\u06c1 Ca\u00f1o Hondo Ecolodge \u0645\u06cc\u06ba \u0642\u062f\u0631\u062a\u06cc \u0686\u0634\u0645\u0648\u06ba \u0645\u06cc\u06ba \u0627\u06cc\u06a9 \u0634\u0627\u0646\u062f\u0627\u0631 \u0644\u0646\u0686 \u0627\u0648\u0631 \u062a\u06cc\u0631\u0627\u06a9\u06cc\u06d4 \u06c1\u0645\u0627\u0631\u06d2 \u0633\u0627\u062a\u06be \u0622\u0626\u06cc\u06ba \u0627\u0648\u0631 \u0688\u0648\u0645\u06cc\u0646\u06cc\u06a9\u0646 \u0631\u06cc\u067e\u0628\u0644\u06a9 \u06a9\u06d2 \u0633\u0628 \u0633\u06d2 \u062e\u0648\u0628\u0635\u0648\u0631\u062a \u0646\u06cc\u0634\u0646\u0644 \u067e\u0627\u0631\u06a9 \u06a9\u0627 \u062f\u0648\u0631\u06c1 \u06a9\u0631\u06cc\u06ba\u060c \u0645\u06cc\u0646\u06af\u0631\u0648\u0648\u0632\u060c \u063a\u0627\u0631\u0648\u06ba \u0627\u0648\u0631 \u0633\u0627\u0646 \u0644\u0648\u0631\u06cc\u0646\u0632\u0648 \u0628\u06d2 \u06a9\u0627 \u062f\u0648\u0631\u06c1 \u06a9\u0631\u0646\u06d2 \u06a9\u06d2 \u0633\u0627\u062a\u06be \u0633\u0627\u062a\u06be \u062e\u0648\u0628\u0635\u0648\u0631\u062a \u0633\u0645\u0627\u0646\u0627 \u0628\u06d2 \u06a9\u0648 \u0639\u0628\u0648\u0631 \u06a9\u0631\u06cc\u06ba\u06d4 Ca\u00f1o Hondo \u0645\u06cc\u06ba \u062f\u0648\u067e\u06c1\u0631 \u06a9\u0627 \u06a9\u06be\u0627\u0646\u0627 \u06a9\u06be\u0627\u0646\u06d2 \u06a9\u06d2 \u0628\u0639\u062f\u060c \u0622\u067e \u06a9\u0648 \u0642\u062f\u0631\u062a\u06cc \u062a\u0627\u0644\u0627\u0628\u0648\u06ba \u0645\u06cc\u06ba \u0686\u0646\u062f \u06af\u06be\u0646\u0679\u0648\u06ba \u06a9\u06d2 \u0644\u06cc\u06d2 \u062a\u06cc\u0631\u0646\u06d2 \u06a9\u0627 \u0645\u0648\u0642\u0639 \u0645\u0644\u06d2 \u06af\u0627 \u0627\u0648\u0631 \u067e\u06be\u0631 \u0633\u0645\u0627\u0646\u0627 \u06a9\u06cc \u0628\u0646\u062f\u0631\u06af\u0627\u06c1 \u067e\u0631 \u0648\u0627\u067e\u0633 \u0622 \u062c\u0627\u0626\u06cc\u06ba \u06af\u06d2\u06d4<\/p>\n<p>\u0627\u0633 \u062a\u062c\u0631\u0628\u06d2 \u06a9\u06d2 \u0628\u0639\u062f\u060c \u0622\u067e \u0633\u0645\u0627\u0646\u0627 \u06a9\u06cc \u0628\u0646\u062f\u0631\u06af\u0627\u06c1 \u067e\u0631 \u0648\u0627\u067e\u0633 \u0622\u062c\u0627\u0626\u06cc\u06ba \u06af\u06d2\u06d4<\/p>\n<ul>\n<li>\u0679\u06cc\u06a9\u0633 \u0634\u0627\u0645\u0644 \u06c1\u06cc\u06ba\u06d4<\/li>\n<li>\u06af\u0627\u0626\u06cc\u0688 \u06c1\u062f\u0627\u06cc\u0627\u062a \u0627\u0648\u0631 \u0646\u06af\u0631\u0627\u0646\u06cc \u0641\u0631\u0627\u06c1\u0645 \u06a9\u0631\u062a\u0627 \u06c1\u06d2\u06d4<\/li>\n<\/ul>\n<h3>\u0634\u0645\u0648\u0644\u06cc\u062a \u0627\u0648\u0631 \u0627\u062e\u0631\u0627\u062c<\/h3>\n<h4>\u0634\u0645\u0648\u0644\u06cc\u062a<\/h4>\n<ol>\n<li>\u0644\u0627\u0633 \u06c1\u06cc\u0679\u06cc\u0633\u0633 \u0679\u0648\u0631 + \u063a\u0627\u0631 \u0627\u0648\u0631 \u062a\u0635\u0648\u06cc\u0631\u06cc\u06ba<\/li>\n<li>Ca\u00f1o Hondo \u0645\u06cc\u06ba \u062f\u0648\u067e\u06c1\u0631 \u06a9\u0627 \u06a9\u06be\u0627\u0646\u0627<\/li>\n<li>\u0642\u062f\u0631\u062a\u06cc \u062a\u0627\u0644\u0627\u0628\u0648\u06ba \u0645\u06cc\u06ba \u062a\u06cc\u0631\u0646\u0627<\/li>\n<li>\u062a\u0645\u0627\u0645 \u0679\u06cc\u06a9\u0633\u060c \u0641\u06cc\u0633 \u0627\u0648\u0631 \u06c1\u06cc\u0646\u0688\u0644\u0646\u06af \u0686\u0627\u0631\u062c\u0632\u06d4<\/li>\n<li>\u0645\u0642\u0627\u0645\u06cc \u0679\u06cc\u06a9\u0633<\/li>\n<li>\u0645\u0634\u0631\u0648\u0628\u0627\u062a<\/li>\n<li>\u062a\u0645\u0627\u0645 \u0633\u0631\u06af\u0631\u0645\u06cc\u0627\u06ba<\/li>\n<li>\u0645\u0642\u0627\u0645\u06cc \u06af\u0627\u0626\u06cc\u0688<\/li>\n<\/ol>\n<h4>\u0627\u062e\u0631\u0627\u062c\u0627\u062a<\/h4>\n<ol>\n<li>\u062a\u062c\u0627\u0648\u06cc\u0632<\/li>\n<li>\u0645\u0646\u062a\u0642\u0644\u06cc<\/li>\n<li>\u0627\u0644\u06a9\u062d\u0644 \u0645\u0634\u0631\u0648\u0628\u0627\u062a<\/li>\n<\/ol>\n<h3><em>\u0631\u0648\u0627\u0646\u06af\u06cc \u0627\u0648\u0631 \u0648\u0627\u067e\u0633\u06cc\u06d4<\/em><\/h3>\n<p>\u0628\u06a9\u0646\u06af \u06a9\u06d2 \u0639\u0645\u0644 \u06a9\u06d2 \u0628\u0639\u062f \u0645\u0633\u0627\u0641\u0631 \u06a9\u0648 \u0645\u06cc\u0679\u0646\u06af \u067e\u0648\u0627\u0626\u0646\u0679 \u0645\u0644\u06d2 \u06af\u0627\u06d4 \u062f\u0648\u0631\u06d2 \u06c1\u0645\u0627\u0631\u06d2 \u0645\u06cc\u0679\u0646\u06af \u067e\u0648\u0627\u0626\u0646\u0679\u0633 \u067e\u0631 \u0634\u0631\u0648\u0639 \u0627\u0648\u0631 \u062e\u062a\u0645 \u06c1\u0648\u062a\u06d2 \u06c1\u06cc\u06ba\u06d4<\/p>\n<h3><em>\u06a9\u06cc\u0627 \u062a\u0648\u0642\u0639 \u06a9\u06cc \u062c\u0627\u0626\u06d2\u061f<\/em><\/h3>\n<p>Ca\u00f1o Hondo \u0645\u06cc\u06ba \u0634\u0627\u0646\u062f\u0627\u0631 \u0644\u0646\u0686 \u0627\u0648\u0631 \u0642\u062f\u0631\u062a\u06cc \u062a\u0627\u0644\u0627\u0628\u0648\u06ba \u0645\u06cc\u06ba \u062a\u06cc\u0631\u0627\u06a9\u06cc \u06a9\u06d2 \u0633\u0627\u062a\u06be Los Haitises National Park \u062c\u0627\u0646\u06d2 \u06a9\u06d2 \u0644\u06cc\u06d2 \u0627\u067e\u0646\u06d2 \u0679\u06a9\u0679 \u062d\u0627\u0635\u0644 \u06a9\u0631\u06cc\u06ba\u06d4<\/p>\n<p>\u0627\u06cc\u06a9 \u0645\u0642\u0627\u0645\u06cc \u0679\u0648\u0631 \u06af\u0627\u0626\u06cc\u0688 \u06a9\u06d2 \u0633\u0627\u062a\u06be \u0627\u06cc\u06a9 \u06a9\u0634\u062a\u06cc \u06cc\u0627 \u06a9\u06cc\u0679\u0627\u0645\u0627\u0631\u0627\u0646 \u067e\u0631 \u0633\u0648\u0627\u0631 \u0633\u0645\u0627\u0646\u0627 \u06a9\u06cc \u0628\u0646\u062f\u0631\u06af\u0627\u06c1 \u0633\u06d2 \u0634\u0631\u0648\u0639 \u06a9\u0631\u062a\u06d2 \u06c1\u0648\u0626\u06d2\u060c \u06c1\u0645 \u0688\u0648\u0645\u06cc\u0646\u06cc\u06a9\u0646 \u0631\u06cc\u067e\u0628\u0644\u06a9 \u06a9\u06d2 \u0633\u0628 \u0633\u06d2 \u062e\u0648\u0628\u0635\u0648\u0631\u062a \u0642\u0648\u0645\u06cc \u067e\u0627\u0631\u06a9\u0648\u06ba \u0645\u06cc\u06ba \u0633\u06d2 \u0627\u06cc\u06a9 \u06a9\u0648 \u062f\u06cc\u06a9\u06be\u0646\u06d2 \u06a9\u06d2 \u0644\u06cc\u06d2 Sabana de la Mar \u06a9\u06d2 \u0622\u06af\u06d2 Saman\u00e1 \u06a9\u06cc \u062e\u0644\u06cc\u062c \u0633\u06d2 \u06af\u0632\u0631\u062a\u06d2 \u06c1\u06cc\u06ba\u06d4<\/p>\n<h5>\u0644\u0627\u0633 \u06c1\u06cc\u0679\u06cc\u0632 \u0646\u06cc\u0634\u0646\u0644 \u067e\u0627\u0631\u06a9\u06d4<\/h5>\n<p>\u0627\u0631\u062f \u06af\u0631\u062f \u067e\u0631\u0646\u062f\u0648\u06ba \u06a9\u06d2 \u0633\u0627\u062a\u06be \u062c\u0632\u06cc\u0631\u06d2 \u06a9\u0627 \u062f\u0648\u0631\u06c1. \u06af\u06be\u0648\u0646\u0633\u0644\u06d2 \u06a9\u06d2 \u0645\u0648\u0633\u0645 \u0645\u06cc\u06ba\u060c \u06c1\u0645 \u06af\u06be\u0648\u0646\u0633\u0644\u0648\u06ba \u0645\u06cc\u06ba \u067e\u06cc\u0644\u06cc\u06a9\u0646 \u0686\u0648\u0632\u0648\u06ba \u06a9\u0648 \u0628\u06be\u06cc \u062f\u06cc\u06a9\u06be \u0633\u06a9\u062a\u06d2 \u06c1\u06cc\u06ba\u06d4 \u0686\u0679\u0627\u0646\u06cc \u062c\u0632\u06cc\u0631\u0648\u06ba \u06a9\u06cc \u06af\u06c1\u0631\u0627\u0626\u06cc \u0645\u06cc\u06ba \u062c\u0627\u0626\u06cc\u06ba \u0627\u0648\u0631 \u0645\u0642\u0627\u0645\u06cc \u0644\u0648\u06af\u0648\u06ba \u06a9\u06cc \u062a\u0635\u0648\u06cc\u0631\u0648\u06ba \u0627\u0648\u0631 \u067e\u06cc\u0679\u0631\u0648\u06af\u0644\u06cc\u0641\u0633 \u06a9\u06d2 \u0633\u0627\u062a\u06be \u063a\u0627\u0631\u0648\u06ba \u06a9\u0627 \u062f\u0648\u0631\u06c1 \u06a9\u0631\u06cc\u06ba\u06d4<\/p>\n<p>El recorrido, organizado por \u00abBooking Adventures\u00bb, comienza en el punto de encuentro establecido con el gu\u00eda tur\u00edstico. Ven con Booking Adventures y comienza a observar algunos manglares llenos de aves, colinas onduladas de exuberante vegetaci\u00f3n y cuevas del Parque Nacional Los Haitises.<\/p>\n<p>El nombre del parque nacional proviene de sus habitantes originales, los indios ta\u00ednos. En su idioma, \u00abHaitises\u00bb se traduce a tierras altas o colinas, una referencia a las empinadas formaciones geol\u00f3gicas de la costa con calizas. Avent\u00farate en el parque para explorar cuevas como la Cueva de la Arena y la Cueva de la L\u00ednea.<\/p>\n<p>\u0631\u06cc\u0632\u0631\u0648 \u0645\u06cc\u06ba \u0645\u0648\u062c\u0648\u062f \u063a\u0627\u0631\u0648\u06ba \u06a9\u0648 Ta\u00edno \u06c1\u0646\u062f\u0648\u0633\u062a\u0627\u0646\u06cc\u0648\u06ba \u0627\u0648\u0631 \u0628\u0639\u062f \u0645\u06cc\u06ba \u0686\u06be\u067e\u06d2 \u06c1\u0648\u0626\u06d2 \u0642\u0632\u0627\u0642\u0648\u06ba \u0646\u06d2 \u067e\u0646\u0627\u06c1 \u06af\u0627\u06c1 \u06a9\u06d2 \u0637\u0648\u0631 \u067e\u0631 \u0627\u0633\u062a\u0639\u0645\u0627\u0644 \u06a9\u06cc\u0627\u06d4 \u06a9\u0686\u06be \u062f\u06cc\u0648\u0627\u0631\u0648\u06ba \u06a9\u0648 \u0633\u062c\u0627\u0646\u06d2 \u0648\u0627\u0644\u06d2 \u06c1\u0646\u062f\u0648\u0633\u062a\u0627\u0646\u06cc\u0648\u06ba \u06a9\u06cc \u0688\u0631\u0627\u0626\u0646\u06af \u062a\u0644\u0627\u0634 \u06a9\u0631\u06cc\u06ba\u06d4<\/p>\n<p>\u0644\u0627\u0633 \u06c1\u06cc\u0679\u06cc\u0633\u0633 \u0646\u06cc\u0634\u0646\u0644 \u067e\u0627\u0631\u06a9 \u06a9\u0627 \u062f\u0648\u0631\u06c1 \u06a9\u0631\u0646\u06d2 \u06a9\u06d2 \u0628\u0639\u062f \u06c1\u0645 \u06a9\u06cc\u0646\u0648 \u06c1\u0648\u0646\u0688\u0648 \u062c\u0627\u0626\u06cc\u06ba \u06af\u06d2\u06d4 \u06a9\u06cc\u0646\u0648 \u06c1\u0648\u0646\u0688\u0648 \u0645\u06cc\u06ba \u0622\u067e \u0627\u0633 \u0645\u0627\u062d\u0648\u0644\u06cc\u0627\u062a\u06cc \u062a\u0627\u0631\u06cc\u062e \u06a9\u06d2 \u0628\u0627\u0631\u06d2 \u0645\u06cc\u06ba \u062c\u0627\u0646\u06cc\u06ba \u06af\u06d2 \u0627\u0648\u0631 \u0633\u0628\u0627\u0646\u0627 \u0688\u06cc \u0644\u0627 \u0645\u0627\u0631 \u06a9\u0645\u06cc\u0648\u0646\u0679\u06cc \u06a9\u06d2 \u0645\u062e\u0635\u0648\u0635 \u06a9\u06be\u0627\u0646\u06d2 \u06a9\u06d2 \u0633\u0627\u062a\u06be \u0644\u0646\u0686 \u06a9\u0627 \u0648\u0642\u062a \u06af\u0632\u0627\u0631\u06cc\u06ba \u06af\u06d2\u06d4<\/p>\n<p>\u062f\u0648\u067e\u06c1\u0631 \u06a9\u0627 \u06a9\u06be\u0627\u0646\u0627 \u0645\u0632\u06cc\u062f\u0627\u0631 \u06c1\u0648\u06af\u0627 \u0644\u06cc\u06a9\u0646 \u06c1\u0645 \u0646\u06d2 \u0627\u0628\u06be\u06cc \u062a\u06a9 \u06a9\u0627\u0645 \u0646\u06c1\u06cc\u06ba \u06a9\u06cc\u0627 \u06c1\u06d2\u06d4 \u062f\u0648\u067e\u06c1\u0631 \u06a9\u06d2 \u06a9\u06be\u0627\u0646\u06d2 \u06a9\u06d2 \u0628\u0639\u062f\u060c \u06c1\u0645 \u062f\u0631\u06cc\u0627\u0626\u06d2 \u062c\u0628\u06cc\u0644\u0633 \u0633\u06d2 \u0642\u062f\u0631\u062a\u06cc \u062a\u0627\u0644\u0627\u0628\u0648\u06ba \u0645\u06cc\u06ba \u062a\u06cc\u0631\u0627\u06a9\u06cc \u06a9\u0631\u06cc\u06ba \u06af\u06d2\u060c \u0627\u06cc\u06a9 \u062f\u0631\u06cc\u0627 \u0633\u06d2 \u062f\u0631\u06cc\u0627\u0626\u06d2 Ca\u00f1o Hondo \u062a\u06a9\u06d4 Ca\u00f1o Hondo \u0645\u06cc\u06ba \u0634\u0627\u0645 4:00 \u0628\u062c\u06d2 \u062a\u06a9 \u0642\u06cc\u0627\u0645 \u0627\u0648\u0631 \u0633\u0645\u0627\u0646\u0627 \u06a9\u06cc \u0628\u0646\u062f\u0631\u06af\u0627\u06c1 \u067e\u0631 \u0648\u0627\u067e\u0633\u06cc\u060c \u06c1\u0645 \u062f\u0648\u0628\u0627\u0631\u06c1 \u0645\u06cc\u0646\u06af\u0631\u0648\u0648\u0632 \u0633\u06d2 \u06af\u0632\u0631\u06cc\u06ba \u06af\u06d2 \u0627\u0648\u0631 \u0633\u0627\u0646 \u0644\u0648\u0631\u06cc\u0646\u0632\u0648 \u06a9\u06cc \u06a9\u06be\u0644\u06cc \u062e\u0644\u06cc\u062c \u067e\u0631 \u067e\u06c1\u0646\u0686\u06cc\u06ba \u06af\u06d2\u060c \u062c\u06c1\u0627\u06ba \u0633\u06d2 \u0622\u067e \u062c\u0646\u06af\u0644 \u06a9\u06d2 \u0646\u0627\u06c1\u0645\u0648\u0627\u0631 \u0645\u0646\u0627\u0638\u0631 \u06a9\u06cc \u062a\u0635\u0648\u06cc\u0631 \u06a9\u0634\u06cc \u06a9\u0631 \u0633\u06a9\u062a\u06d2 \u06c1\u06cc\u06ba\u06d4 \u0645\u06cc\u0646\u0679\u06cc\u0632\u060c \u06a9\u0631\u0633\u0679\u06cc\u0634\u06cc\u0646\u0632 \u0627\u0648\u0631 \u0688\u0648\u0644\u0641\u0646\u0632 \u06a9\u0648 \u062f\u06cc\u06a9\u06be\u0646\u06d2 \u06a9\u06d2 \u0644\u06cc\u06d2 \u067e\u0627\u0646\u06cc \u0645\u06cc\u06ba \u062c\u06be\u0627\u0646\u06a9\u06cc\u06ba\u06d4<\/p>\n<p>\u0627\u0633 \u0644\u0645\u062d\u06d2 \u062a\u06a9 \u0622\u067e \u0679\u0648\u0631 \u06af\u0627\u0626\u06cc\u0688 \u06a9\u06d2 \u0633\u0627\u062a\u06be \u0637\u06d2 \u06a9\u0631\u06cc\u06ba \u06af\u06d2 \u0627\u0648\u0631 \u0627\u0633 \u06a9\u06d2 \u0628\u0639\u062f \u06a9\u06cc\u0646\u0648 \u06c1\u0648\u0646\u0688\u0648 \u06a9\u06cc \u0628\u0646\u062f\u0631\u06af\u0627\u06c1 \u067e\u0631 \u062c\u0627\u0626\u06cc\u06ba \u0627\u0648\u0631 30 \u0645\u0646\u0679 \u067e\u0631 \u0633\u0645\u0627\u0646\u0627 \u06a9\u06cc \u062e\u0644\u06cc\u062c \u0633\u06d2 \u06af\u0632\u0631\u062a\u06d2 \u06c1\u0648\u0626\u06d2 \u0633\u0645\u0627\u0646\u06c1 \u06a9\u06cc \u0628\u0646\u062f\u0631\u06af\u0627\u06c1 \u067e\u0631 \u0648\u0627\u067e\u0633 \u06a9\u0634\u062a\u06cc \u0644\u06d2 \u062c\u0627\u0626\u06cc\u06ba\u06d4<\/p>\n<p>\u0627\u06af\u0631 \u0622\u067e \u06a9\u0648 \u06cc\u06c1 \u0633\u0641\u0631 \u0632\u06cc\u0627\u062f\u06c1 \u067e\u0633\u0646\u062f \u06c1\u06d2\u060c \u062a\u0648 \u06c1\u0645\u0627\u0631\u06d2 \u067e\u0627\u0633 \u06cc\u06c1 \u0627\u062e\u062a\u06cc\u0627\u0631\u0627\u062a \u06c1\u06cc\u06ba:<\/p>\n<p>Los Haitises + Cayo Levantado Saman\u00e1 \u06a9\u06cc \u0628\u0646\u062f\u0631\u06af\u0627\u06c1 \u0633\u06d2\u06d4<\/p>\n<h3><em>\u0622\u067e \u06a9\u0648 \u06a9\u06cc\u0627 \u0644\u0627\u0646\u0627 \u0686\u0627\u06c1\u0626\u06d2\u061f<\/em><\/h3>\n<ul>\n<li>\u06a9\u06cc\u0645\u0631\u06c1<\/li>\n<li>\u0628\u06be\u06af\u0627\u0646\u06d2 \u0648\u0627\u0644\u06d2<\/li>\n<li>\u0633\u0646\u0633\u06a9\u0631\u06cc\u0646<\/li>\n<li>\u0679\u0648\u067e\u06cc<\/li>\n<li>\u0622\u0631\u0627\u0645 \u062f\u06c1 \u067e\u062a\u0644\u0648\u0646<\/li>\n<li>\u062c\u0646\u06af\u0644 \u0645\u06cc\u06ba \u067e\u06cc\u062f\u0644 \u0633\u0641\u0631 \u06a9\u06d2 \u062c\u0648\u062a\u06d2<\/li>\n<li>\u0645\u0648\u0633\u0645 \u0628\u06c1\u0627\u0631 \u06a9\u06d2 \u0639\u0644\u0627\u0642\u0648\u06ba \u0645\u06cc\u06ba \u0633\u06cc\u0646\u0688\u0644.<\/li>\n<li>\u067e\u06cc\u0631\u0627\u06a9\u06cc \u06a9\u0627 \u0644\u0628\u0627\u0633<\/li>\n<\/ul>\n<h3><em>\u06c1\u0648\u0679\u0644 \u067e\u06a9 \u0627\u067e<\/em><\/h3>\n<p>\u0627\u0633 \u0679\u0648\u0631 \u06a9\u06d2 \u0644\u06cc\u06d2 \u06c1\u0648\u0679\u0644 \u067e\u06a9 \u0627\u067e \u06a9\u06cc \u067e\u06cc\u0634\u06a9\u0634 \u0646\u06c1\u06cc\u06ba \u06a9\u06cc \u062c\u0627\u062a\u06cc \u06c1\u06d2\u06d4<\/p>\n<p><strong>\u0646\u0648\u0679:<\/strong> \u0627\u06af\u0631 \u0622\u067e \u0679\u0648\u0631\/ \u0633\u06cc\u0631 \u06a9\u06cc \u0631\u0648\u0627\u0646\u06af\u06cc \u06a9\u06d2 \u0648\u0642\u062a \u06a9\u06d2 24 \u06af\u06be\u0646\u0679\u0648\u06ba \u06a9\u06d2 \u0627\u0646\u062f\u0631 \u0628\u06a9 \u06a9\u0631\u062a\u06d2 \u06c1\u06cc\u06ba\u060c \u062a\u0648 \u06c1\u0645 \u0627\u0636\u0627\u0641\u06cc \u0686\u0627\u0631\u062c\u0632 \u06a9\u06d2 \u0633\u0627\u062a\u06be \u06c1\u0648\u0679\u0644 \u067e\u06a9 \u0627\u067e \u06a9\u0627 \u0628\u0646\u062f\u0648\u0628\u0633\u062a \u06a9\u0631 \u0633\u06a9\u062a\u06d2 \u06c1\u06cc\u06ba\u06d4 \u0627\u06cc\u06a9 \u0628\u0627\u0631 \u062c\u0628 \u0622\u067e \u06a9\u06cc \u062e\u0631\u06cc\u062f\u0627\u0631\u06cc \u0645\u06a9\u0645\u0644 \u06c1\u0648 \u062c\u0627\u0626\u06d2 \u06af\u06cc\u060c \u06c1\u0645 \u0622\u067e \u06a9\u0648 \u067e\u06a9 \u0627\u067e \u06a9\u06d2 \u0627\u0646\u062a\u0638\u0627\u0645\u0627\u062a \u06a9\u0631\u0646\u06d2 \u06a9\u06d2 \u0644\u06cc\u06d2 \u0627\u067e\u0646\u06d2 \u0645\u0642\u0627\u0645\u06cc \u0679\u0648\u0631 \u06af\u0627\u0626\u06cc\u0688 \u06a9\u06d2 \u0644\u06cc\u06d2 \u0631\u0627\u0628\u0637\u06c1 \u06a9\u06cc \u0645\u06a9\u0645\u0644 \u0645\u0639\u0644\u0648\u0645\u0627\u062a (\u0641\u0648\u0646 \u0646\u0645\u0628\u0631\u060c \u0627\u06cc \u0645\u06cc\u0644 \u0627\u06cc\u0688\u0631\u06cc\u0633 \u0648\u063a\u06cc\u0631\u06c1) \u0628\u06be\u06cc\u062c\u06cc\u06ba \u06af\u06d2\u06d4<\/p>\n<h3>\u0627\u0636\u0627\u0641\u06cc \u0645\u0639\u0644\u0648\u0645\u0627\u062a \u06a9\u06cc \u062a\u0635\u062f\u06cc\u0642<\/h3>\n<ol>\n<li>\u0679\u06a9\u0679 \u0627\u0633 \u0679\u0648\u0631 \u06a9\u06cc \u0627\u062f\u0627\u0626\u06cc\u06af\u06cc \u06a9\u06d2 \u0628\u0639\u062f \u06a9\u06cc \u0631\u0633\u06cc\u062f \u06c1\u06cc\u06ba\u06d4 \u0622\u067e \u0627\u067e\u0646\u06d2 \u0641\u0648\u0646 \u067e\u0631 \u0627\u062f\u0627\u0626\u06cc\u06af\u06cc \u062f\u06a9\u06be\u0627 \u0633\u06a9\u062a\u06d2 \u06c1\u06cc\u06ba\u06d4<\/li>\n<li>\u0631\u06cc\u0632\u0631\u0648\u06cc\u0634\u0646 \u06a9\u06d2 \u0639\u0645\u0644 \u06a9\u06d2 \u0628\u0639\u062f \u0645\u06cc\u0679\u0646\u06af \u067e\u0648\u0627\u0626\u0646\u0679 \u0645\u0648\u0635\u0648\u0644 \u06c1\u0648\u06af\u0627\u06d4<\/li>\n<li>\u0628\u0686\u0648\u06ba \u06a9\u06d2 \u0633\u0627\u062a\u06be \u0627\u06cc\u06a9 \u0628\u0627\u0644\u063a \u06a9\u0627 \u06c1\u0648\u0646\u0627 \u0636\u0631\u0648\u0631\u06cc \u06c1\u06d2\u06d4<\/li>\n<li>\u0648\u06c1\u06cc\u0644 \u0686\u06cc\u0626\u0631 \u0642\u0627\u0628\u0644 \u0631\u0633\u0627\u0626\u06cc \u0646\u06c1\u06cc\u06ba \u06c1\u06d2\u06d4<\/li>\n<li>\u0628\u0686\u0648\u06ba \u06a9\u0648 \u0634\u06cc\u0631 \u062e\u0648\u0627\u0631 \u0646\u0634\u0633\u062a\u0648\u06ba \u067e\u0631 \u06cc\u0627 \u06a9\u0633\u06cc \u0628\u0627\u0644\u063a \u06a9\u06d2 \u0633\u0627\u062a\u06be \u0628\u06cc\u0679\u06be\u0646\u0627 \u0686\u0627\u06c1\u06cc\u06d2\u06d4<\/li>\n<li>\u06a9\u0645\u0631 \u06a9\u06cc \u067e\u0631\u06cc\u0634\u0627\u0646\u06cc\u0648\u06ba \u0648\u0627\u0644\u06d2 \u0645\u0633\u0627\u0641\u0631\u0648\u06ba \u06a9\u06d2 \u0644\u0626\u06d2 \u0633\u0641\u0627\u0631\u0634 \u0646\u06c1\u06cc\u06ba \u06a9\u06cc \u062c\u0627\u062a\u06cc \u06c1\u06d2\u06d4<\/li>\n<li>\u062d\u0627\u0645\u0644\u06c1 \u062e\u0648\u0627\u062a\u06cc\u0646 \u06a9\u06d2 \u0644\u0626\u06d2 \u0633\u0641\u0627\u0631\u0634 \u0646\u06c1\u06cc\u06ba \u06a9\u06cc \u062c\u0627\u062a\u06cc \u06c1\u06d2.<\/li>\n<li>\u062f\u0644 \u06a9\u06cc \u06a9\u0648\u0626\u06cc \u067e\u0631\u06cc\u0634\u0627\u0646\u06cc \u06cc\u0627 \u062f\u06cc\u06af\u0631 \u0633\u0646\u06af\u06cc\u0646 \u0637\u0628\u06cc \u062d\u0627\u0644\u0627\u062a \u0646\u06c1\u06cc\u06ba\u06d4<\/li>\n<li>\u0632\u06cc\u0627\u062f\u06c1 \u062a\u0631 \u0645\u0633\u0627\u0641\u0631 \u0634\u0631\u06a9\u062a \u06a9\u0631 \u0633\u06a9\u062a\u06d2 \u06c1\u06cc\u06ba\u06d4<\/li>\n<\/ol>\n<h3><em>\u0645\u0646\u0633\u0648\u062e \u06a9\u0631\u0646\u06d2 \u06a9\u06cc \u062d\u06a9\u0645\u062a \u0639\u0645\u0644\u06cc<\/em><\/h3>\n<p>\u0645\u06a9\u0645\u0644 \u0631\u0642\u0645 \u06a9\u06cc \u0648\u0627\u067e\u0633\u06cc \u06a9\u06d2 \u0644\u06cc\u06d2\u060c \u062a\u062c\u0631\u0628\u06c1 \u0634\u0631\u0648\u0639 \u06c1\u0648\u0646\u06d2 \u06a9\u06cc \u062a\u0627\u0631\u06cc\u062e \u0633\u06d2 \u06a9\u0645 \u0627\u0632 \u06a9\u0645 24 \u06af\u06be\u0646\u0679\u06d2 \u067e\u06c1\u0644\u06d2 \u0645\u0646\u0633\u0648\u062e \u06a9\u0631\u06cc\u06ba\u06d4<\/p>\n\n\t\t<\/div>\n\t<\/div>\n<\/div><\/div><\/div><\/div><div class=\"vc_row wpb_row vc_row-fluid\" ><div class=\"wpb_column vc_column_container vc_col-sm-12\"><div class=\"vc_column-inner\"><div class=\"wpb_wrapper\"><div class=\"vc_empty_space\"   style=\"height: 32px\"><span class=\"vc_empty_space_inner\"><\/span><\/div>\n\t<div class=\"wpb_video_widget wpb_content_element vc_clearfix   vc_video-aspect-ratio-169 vc_video-el-width-100 vc_video-align-left\" >\n\t\t<div class=\"wpb_wrapper\">\n\t\t\t\n\t\t\t<div class=\"wpb_video_wrapper\"><iframe loading=\"lazy\" title=\"\u0644\u0627\u0633 \u06c1\u06cc\u0679\u06cc\u0633\u0633 \u0646\u06cc\u0634\u0646\u0644 \u067e\u0627\u0631\u06a9\u060c \u0633\u0645\u0627\u0646\u0627 \u06cc\u0627 \u0633\u0628\u0627\u0646\u0627 \u0688\u06cc \u0644\u0627 \u0645\u0627\u0631 \u0633\u06d2 \u0679\u0648\u0631 \u0627\u0648\u0631 \u0633\u06cc\u0631 \u06cc\u06c1\u0627\u06ba \u0628\u06a9 \u06a9\u0631\u06cc\u06ba:\" src=\"https:\/\/player.vimeo.com\/video\/346508015?dnt=1&amp;app_id=122963\" width=\"1100\" height=\"619\" frameborder=\"0\" allow=\"autoplay; fullscreen\" allowfullscreen><\/iframe><\/div>\n\t\t<\/div>\n\t<\/div>\n<\/div><\/div><\/div><\/div><div class=\"vc_row wpb_row vc_row-fluid\" ><div class=\"wpb_column vc_column_container vc_col-sm-12\"><div class=\"vc_column-inner\"><div class=\"wpb_wrapper\"><div class=\"vc_empty_space\"   style=\"height: 32px\"><span class=\"vc_empty_space_inner\"><\/span><\/div>\n\t<div class=\"wpb_text_column wpb_content_element\" >\n\t\t<div class=\"wpb_wrapper\">\n\t\t\t<h4>\u06c1\u0645 \u0633\u06d2 \u0631\u0627\u0628\u0637\u06c1 \u06a9\u0631\u06cc\u06ba\u061f<\/h4>\n<h5>\u0627\u06cc\u0688\u0648\u0646\u0686\u0631 \u0631\u06cc\u0632\u0631\u0648\u06cc\u0634\u0646\u0632<\/h5>\n<p><em>\u0633\u06cc\u0627\u062d\u062a\u06cc \u0631\u06c1\u0646\u0645\u0627\u060c \u0633\u06cc\u0627\u062d\u062a\u06cc \u0631\u06c1\u0628\u0631<\/em> <em><strong>\u0645\u0642\u0627\u0645\u06cc<\/strong><\/em> \u0627\u0648\u0631 <strong><em>\u0642\u0648\u0645\u06cc<\/em><\/strong> \u0627\u0648\u0631<em>\u00a0\u0645\u06c1\u0645\u0627\u0646 \u06a9\u06cc \u062e\u062f\u0645\u0627\u062a<\/em><\/p>\n<p>\u0631\u06cc\u0632\u0631\u0648\u06cc\u0634\u0646\u0632: \u0688\u0648\u0645 \u0645\u06cc\u06ba \u0679\u0648\u0631 \u0627\u0648\u0631 \u0633\u06cc\u0631\u06d4<\/p>\n<p>Tel\/Whatsapp +1-809-720-6035\u06d4<\/p>\n<p>info@bookingadventures.com.do<\/p>\n<p>\u06c1\u0645 \u0648\u0627\u0679\u0633 \u0627\u06cc\u067e \u06a9\u06d2 \u0630\u0631\u06cc\u0639\u06d2 \u0644\u0686\u06a9\u062f\u0627\u0631 \u062a\u0631\u062a\u06cc\u0628 \u06a9\u06d2 \u0633\u0627\u062a\u06be \u0646\u062c\u06cc \u062f\u0648\u0631\u06d2 \u06c1\u06cc\u06ba: +18097206035\u06d4<\/p>\n\n\t\t<\/div>\n\t<\/div>\n<div class=\"vc_empty_space\"   style=\"height: 32px\"><span class=\"vc_empty_space_inner\"><\/span><\/div><\/div><\/div><\/div><\/div>","protected":false},"excerpt":{"rendered":"<p><strong>\u0628\u0631\u0627\u06c1 \u06a9\u0631\u0645 \u0679\u0648\u0631 \u06a9\u06d2 \u0644\u06cc\u06d2 \u062a\u0627\u0631\u06cc\u062e \u0645\u0646\u062a\u062e\u0628 \u06a9\u0631\u06cc\u06ba\u06d4\u00a0<\/strong><\/p>","protected":false},"featured_media":104,"template":"","meta":[],"product_brand":[],"product_cat":[119,96,144,98,135,121,99,122,443,123,124],"product_tag":[126,127,128,145,132,133,146,147,148,143],"class_list":{"0":"post-551","1":"product","2":"type-product","3":"status-publish","4":"has-post-thumbnail","6":"product_cat-caves","7":"product_cat-hiking","8":"product_cat-kayaking","9":"product_cat-local-tour-guides","10":"product_cat-lunch","11":"product_cat-mangroves","12":"product_cat-swimming-natural-springs","13":"product_cat-tours-and-excursions","14":"product_cat-tours-y-excursiones-es","15":"product_cat-tours-excursions-los-haitises-national-park","16":"product_cat-tours-excursions-samana-bay-dominican-republic","17":"product_tag-cano-hondo","18":"product_tag-cano-hondo-hotel","19":"product_tag-cano-hondo-tours","20":"product_tag-day-tour-cano-hondo","21":"product_tag-los-haitises","22":"product_tag-los-haitises-national-park","23":"product_tag-mangroves-los-haitises","24":"product_tag-samana-bay","25":"product_tag-samana-excursions","26":"product_tag-samana-tours","28":"first","29":"instock","30":"sale","31":"sold-individually","32":"shipping-taxable","33":"product-type-external"},"_links":{"self":[{"href":"https:\/\/haitises.com\/ur\/wp-json\/wp\/v2\/product\/551","targetHints":{"allow":["GET"]}}],"collection":[{"href":"https:\/\/haitises.com\/ur\/wp-json\/wp\/v2\/product"}],"about":[{"href":"https:\/\/haitises.com\/ur\/wp-json\/wp\/v2\/types\/product"}],"wp:featuredmedia":[{"embeddable":true,"href":"https:\/\/haitises.com\/ur\/wp-json\/wp\/v2\/media\/104"}],"wp:attachment":[{"href":"https:\/\/haitises.com\/ur\/wp-json\/wp\/v2\/media?parent=551"}],"wp:term":[{"taxonomy":"product_brand","embeddable":true,"href":"https:\/\/haitises.com\/ur\/wp-json\/wp\/v2\/product_brand?post=551"},{"taxonomy":"product_cat","embeddable":true,"href":"https:\/\/haitises.com\/ur\/wp-json\/wp\/v2\/product_cat?post=551"},{"taxonomy":"product_tag","embeddable":true,"href":"https:\/\/haitises.com\/ur\/wp-json\/wp\/v2\/product_tag?post=551"}],"curies":[{"name":"wp","href":"https:\/\/api.w.org\/{rel}","templated":true}]}}