{"id":551,"date":"2020-06-19T20:10:32","date_gmt":"2020-06-19T20:10:32","guid":{"rendered":"http:\/\/haitises.com\/?post_type=product&#038;p=551"},"modified":"2023-10-14T21:50:12","modified_gmt":"2023-10-14T21:50:12","slug":"excursion-al-los-haitises-y-cano-hondo-desde-samana","status":"publish","type":"product","link":"https:\/\/haitises.com\/uk\/\u043f\u0440\u0438\u0432\u0430\u0442\u043d\u0438\u0439\/excursion-al-los-haitises-y-cano-hondo-desde-samana\/","title":{"rendered":"\u0415\u043a\u0441\u043a\u0443\u0440\u0441\u0456\u044f \u0432 \u041b\u043e\u0441-\u0410\u0457\u0442\u0456\u0441\u0435\u0441 \u0456 \u041a\u0430\u043d\u044c\u043e-\u0425\u043e\u043d\u0434\u043e \u0437 \u0421\u0430\u043c\u0430\u043d\u0438"},"content":{"rendered":"<div class=\"vc_row wpb_row vc_row-fluid\" ><div class=\"wpb_column vc_column_container vc_col-sm-12\"><div class=\"vc_column-inner\"><div class=\"wpb_wrapper\">[mkdf_section_title subtitle_tag=\u00bb\u00bb subtitle=\u00bbAlmuerzo y Nataci\u00f3n en Piscinas Naturales\u00bb]<\/div><\/div><\/div><\/div><div class=\"vc_row wpb_row vc_row-fluid\" ><div class=\"wpb_column vc_column_container vc_col-sm-12\"><div class=\"vc_column-inner\"><div class=\"wpb_wrapper\">\n\t<div class=\"wpb_text_column wpb_content_element\" >\n\t\t<div class=\"wpb_wrapper\">\n\t\t\t<h2>\u041d\u0430\u0446\u0456\u043e\u043d\u0430\u043b\u044c\u043d\u0438\u0439 \u043f\u0430\u0440\u043a \u041b\u043e\u0441-\u0425\u0430\u0439\u0442\u0456\u0441\u0435\u0441 + \u043e\u0431\u0456\u0434 \u0432 \u041a\u0430\u043d\u043e \u0425\u043e\u043d\u0434\u043e \u0437 \u043f\u043e\u0440\u0442\u0443 \u0421\u0430\u043c\u0430\u043d\u0430.<\/h2>\n<h3><em>\u043e\u043f\u0438\u0441<\/em><\/h3>\n<p>\u041d\u0430\u0446\u0456\u043e\u043d\u0430\u043b\u044c\u043d\u0438\u0439 \u043f\u0430\u0440\u043a \u041b\u043e\u0441-\u0425\u0430\u0439\u0442\u0456\u0441\u0435\u0441, \u044f\u043a\u0438\u0439 \u043f\u043e\u0447\u0438\u043d\u0430\u0454\u0442\u044c\u0441\u044f \u0432\u0456\u0434 \u043f\u043e\u0440\u0442\u0443 \u0421\u0430\u043c\u0430\u043d\u0430, \u0430 \u0442\u0430\u043a\u043e\u0436 \u0447\u0443\u0434\u043e\u0432\u0438\u0439 \u043e\u0431\u0456\u0434 \u0456 \u043a\u0443\u043f\u0430\u043d\u043d\u044f \u0432 \u043f\u0440\u0438\u0440\u043e\u0434\u043d\u0438\u0445 \u0434\u0436\u0435\u0440\u0435\u043b\u0430\u0445 \u0443 Ca\u00f1o Hondo Ecolodge. \u041f\u043e\u0457\u0434\u044c\u0442\u0435 \u0437 \u043d\u0430\u043c\u0438 \u0442\u0430 \u0432\u0456\u0434\u0432\u0456\u0434\u0430\u0439\u0442\u0435 \u043d\u0430\u0439\u043a\u0440\u0430\u0441\u0438\u0432\u0456\u0448\u0438\u0439 \u043d\u0430\u0446\u0456\u043e\u043d\u0430\u043b\u044c\u043d\u0438\u0439 \u043f\u0430\u0440\u043a \u0414\u043e\u043c\u0456\u043d\u0456\u043a\u0430\u043d\u0441\u044c\u043a\u043e\u0457 \u0420\u0435\u0441\u043f\u0443\u0431\u043b\u0456\u043a\u0438, \u0432\u0456\u0434\u0432\u0456\u0434\u0430\u0439\u0442\u0435 \u043c\u0430\u043d\u0433\u0440\u043e\u0432\u0456 \u0437\u0430\u0440\u043e\u0441\u0442\u0456, \u043f\u0435\u0447\u0435\u0440\u0438 \u0442\u0430 \u0437\u0430\u0442\u043e\u043a\u0443 \u0421\u0430\u043d-\u041b\u043e\u0440\u0435\u043d\u0446\u043e, \u0430 \u0442\u0430\u043a\u043e\u0436 \u043f\u0435\u0440\u0435\u0442\u043d\u0456\u0442\u044c \u043f\u0440\u0435\u043a\u0440\u0430\u0441\u043d\u0443 \u0437\u0430\u0442\u043e\u043a\u0443 \u0421\u0430\u043c\u0430\u043d\u0430. \u041f\u0456\u0441\u043b\u044f \u043e\u0431\u0456\u0434\u0443 \u0432 Ca\u00f1o Hondo \u0443 \u0432\u0430\u0441 \u0431\u0443\u0434\u0435 \u043c\u043e\u0436\u043b\u0438\u0432\u0456\u0441\u0442\u044c \u043a\u0456\u043b\u044c\u043a\u0430 \u0433\u043e\u0434\u0438\u043d \u043f\u043e\u043f\u043b\u0430\u0432\u0430\u0442\u0438 \u0432 \u043f\u0440\u0438\u0440\u043e\u0434\u043d\u0438\u0445 \u0431\u0430\u0441\u0435\u0439\u043d\u0430\u0445, \u0430 \u043f\u043e\u0442\u0456\u043c \u043f\u043e\u0432\u0435\u0440\u043d\u0443\u0442\u0438\u0441\u044f \u0432 \u043f\u043e\u0440\u0442 \u0421\u0430\u043c\u0430\u043d\u0438.<\/p>\n<p>\u041f\u0456\u0441\u043b\u044f \u0446\u044c\u043e\u0433\u043e \u0434\u043e\u0441\u0432\u0456\u0434\u0443 \u0432\u0438 \u043f\u043e\u0432\u0435\u0440\u043d\u0435\u0442\u0435\u0441\u044f \u0432 \u043f\u043e\u0440\u0442 \u0421\u0430\u043c\u0430\u043d\u0430.<\/p>\n<ul>\n<li>\u041f\u043e\u0434\u0430\u0442\u043a\u0438 \u0432\u043a\u043b\u044e\u0447\u0435\u043d\u0456<\/li>\n<li>\u041a\u0435\u0440\u0456\u0432\u043d\u0438\u043a \u043f\u0440\u043e\u0432\u043e\u0434\u0438\u0442\u044c \u0456\u043d\u0441\u0442\u0440\u0443\u043a\u0442\u0430\u0436 \u0456 \u0441\u043f\u043e\u0441\u0442\u0435\u0440\u0435\u0436\u0435\u043d\u043d\u044f.<\/li>\n<\/ul>\n<h3>\u0412\u043a\u043b\u044e\u0447\u0435\u043d\u043d\u044f \u0442\u0430 \u0432\u0438\u043a\u043b\u044e\u0447\u0435\u043d\u043d\u044f<\/h3>\n<h4>\u0432\u043a\u043b\u044e\u0447\u0435\u043d\u043d\u044f<\/h4>\n<ol>\n<li>\u0415\u043a\u0441\u043a\u0443\u0440\u0441\u0456\u044f \u041b\u043e\u0441-\u0410\u0457\u0442\u0456\u0441\u0435\u0441 + \u043f\u0435\u0447\u0435\u0440\u0438 \u0442\u0430 \u043f\u0456\u043a\u0442\u043e\u0433\u0440\u0430\u043c\u0438<\/li>\n<li>\u041e\u0431\u0456\u0434 \u0443 \u041a\u0430\u043d\u044c\u043e \u0425\u043e\u043d\u0434\u043e<\/li>\n<li>\u041f\u043b\u0430\u0432\u0430\u0442\u0438 \u0432 \u043f\u0440\u0438\u0440\u043e\u0434\u043d\u0438\u0445 \u0431\u0430\u0441\u0435\u0439\u043d\u0430\u0445<\/li>\n<li>\u0423\u0441\u0456 \u043f\u043e\u0434\u0430\u0442\u043a\u0438, \u0437\u0431\u043e\u0440\u0438 \u0442\u0430 \u043f\u043b\u0430\u0442\u0430 \u0437\u0430 \u043e\u0431\u0440\u043e\u0431\u043a\u0443.<\/li>\n<li>\u041c\u0456\u0441\u0446\u0435\u0432\u0456 \u043f\u043e\u0434\u0430\u0442\u043a\u0438<\/li>\n<li>\u041d\u0430\u043f\u043e\u0457<\/li>\n<li>\u0412\u0441\u0456 \u0437\u0430\u0445\u043e\u0434\u0438<\/li>\n<li>\u041c\u0456\u0441\u0446\u0435\u0432\u0438\u0439 \u0433\u0456\u0434<\/li>\n<\/ol>\n<h4>\u0412\u0438\u043d\u044f\u0442\u043a\u0438<\/h4>\n<ol>\n<li>\u041f\u043e\u0440\u0430\u0434\u0438<\/li>\n<li>\u0422\u0440\u0430\u043d\u0441\u0444\u0435\u0440<\/li>\n<li>\u0410\u043b\u043a\u043e\u0433\u043e\u043b\u044c\u043d\u0456 \u043d\u0430\u043f\u043e\u0457<\/li>\n<\/ol>\n<h3><em>\u0412\u0456\u0434&#039;\u0457\u0437\u0434 \u0456 \u043f\u043e\u0432\u0435\u0440\u043d\u0435\u043d\u043d\u044f<\/em><\/h3>\n<p>\u041c\u0430\u043d\u0434\u0440\u0456\u0432\u043d\u0438\u043a \u043e\u0442\u0440\u0438\u043c\u0430\u0454 \u043c\u0456\u0441\u0446\u0435 \u0437\u0443\u0441\u0442\u0440\u0456\u0447\u0456 \u043f\u0456\u0441\u043b\u044f \u0431\u0440\u043e\u043d\u044e\u0432\u0430\u043d\u043d\u044f. \u0415\u043a\u0441\u043a\u0443\u0440\u0441\u0456\u0457 \u043f\u043e\u0447\u0438\u043d\u0430\u044e\u0442\u044c\u0441\u044f \u0456 \u0437\u0430\u043a\u0456\u043d\u0447\u0443\u044e\u0442\u044c\u0441\u044f \u0432 \u043d\u0430\u0448\u0438\u0445 \u043c\u0456\u0441\u0446\u044f\u0445 \u0437\u0443\u0441\u0442\u0440\u0456\u0447\u0456.<\/p>\n<h3><em>\u0427\u043e\u0433\u043e \u043e\u0447\u0456\u043a\u0443\u0432\u0430\u0442\u0438?<\/em><\/h3>\n<p>\u041e\u0442\u0440\u0438\u043c\u0430\u0439\u0442\u0435 \u043a\u0432\u0438\u0442\u043a\u0438 \u043d\u0430 \u0432\u0456\u0434\u0432\u0456\u0434\u0443\u0432\u0430\u043d\u043d\u044f \u043d\u0430\u0446\u0456\u043e\u043d\u0430\u043b\u044c\u043d\u043e\u0433\u043e \u043f\u0430\u0440\u043a\u0443 \u041b\u043e\u0441-\u0425\u0430\u0439\u0442\u0456\u0441\u0435\u0441 \u0456\u0437 \u0447\u0443\u0434\u043e\u0432\u0438\u043c \u043e\u0431\u0456\u0434\u043e\u043c \u0443 Ca\u00f1o Hondo \u0442\u0430 \u043a\u0443\u043f\u0430\u043d\u043d\u044f\u043c \u0443 \u043f\u0440\u0438\u0440\u043e\u0434\u043d\u0438\u0445 \u0431\u0430\u0441\u0435\u0439\u043d\u0430\u0445.<\/p>\n<p>\u041f\u043e\u0447\u0438\u043d\u0430\u044e\u0447\u0438 \u0437 \u043f\u043e\u0440\u0442\u0443 \u0421\u0430\u043c\u0430\u043d\u0430 \u043d\u0430 \u0431\u043e\u0440\u0442\u0443 \u0447\u043e\u0432\u043d\u0430 \u0430\u0431\u043e \u043a\u0430\u0442\u0430\u043c\u0430\u0440\u0430\u043d\u0430 \u0437 \u043c\u0456\u0441\u0446\u0435\u0432\u0438\u043c \u0433\u0456\u0434\u043e\u043c, \u043c\u0438 \u043f\u0440\u043e\u043c\u0438\u043d\u0435\u043c\u043e \u0437\u0430\u0442\u043e\u043a\u0443 \u0421\u0430\u043c\u0430\u043d\u0430 \u043f\u043e\u0440\u0443\u0447 \u0456\u0437 \u0421\u0430\u0431\u0430\u043d\u0430-\u0434\u0435-\u043b\u0430-\u041c\u0430\u0440, \u0449\u043e\u0431 \u0432\u0456\u0434\u0432\u0456\u0434\u0430\u0442\u0438 \u043e\u0434\u0438\u043d \u0456\u0437 \u043d\u0430\u0439\u043a\u0440\u0430\u0441\u0438\u0432\u0456\u0448\u0438\u0445 \u043d\u0430\u0446\u0456\u043e\u043d\u0430\u043b\u044c\u043d\u0438\u0445 \u043f\u0430\u0440\u043a\u0456\u0432 \u0414\u043e\u043c\u0456\u043d\u0456\u043a\u0430\u043d\u0441\u044c\u043a\u043e\u0457 \u0420\u0435\u0441\u043f\u0443\u0431\u043b\u0456\u043a\u0438.<\/p>\n<h5>\u041d\u0430\u0446\u0456\u043e\u043d\u0430\u043b\u044c\u043d\u0438\u0439 \u043f\u0430\u0440\u043a \u041b\u043e\u0441-\u0425\u0430\u0439\u0442\u0456\u0441\u0435\u0441.<\/h5>\n<p>\u0412\u0456\u0434\u0432\u0456\u0434\u0443\u0432\u0430\u043d\u043d\u044f \u043e\u0441\u0442\u0440\u043e\u0432\u0430 \u0437 \u043f\u0442\u0430\u0445\u0430\u043c\u0438 \u043d\u0430\u0432\u043a\u043e\u043b\u043e. \u0423 \u0433\u043d\u0456\u0437\u0434\u043e\u0432\u0438\u0439 \u043f\u0435\u0440\u0456\u043e\u0434 \u043c\u0438 \u043d\u0430\u0432\u0456\u0442\u044c \u043c\u043e\u0436\u0435\u043c\u043e \u043f\u043e\u0431\u0430\u0447\u0438\u0442\u0438 \u043f\u0442\u0430\u0448\u0435\u043d\u044f\u0442 \u043f\u0435\u043b\u0456\u043a\u0430\u043d\u0456\u0432 \u0443 \u0433\u043d\u0456\u0437\u0434\u0430\u0445. \u0417\u0430\u0433\u043b\u0438\u0431\u0442\u0435\u0441\u044c \u0443 \u0441\u043a\u0435\u043b\u044f\u0441\u0442\u0456 \u043e\u0441\u0442\u0440\u043e\u0432\u0438 \u0442\u0430 \u0432\u0456\u0434\u0432\u0456\u0434\u0430\u0439\u0442\u0435 \u043f\u0435\u0447\u0435\u0440\u0438 \u0437 \u043f\u0456\u043a\u0442\u043e\u0433\u0440\u0430\u043c\u0430\u043c\u0438 \u0442\u0430 \u043f\u0435\u0442\u0440\u043e\u0433\u043b\u0456\u0444\u0430\u043c\u0438 \u043a\u043e\u0440\u0456\u043d\u043d\u0438\u0445 \u0436\u0438\u0442\u0435\u043b\u0456\u0432.<\/p>\n<p>El recorrido, organizado por \u00abBooking Adventures\u00bb, comienza en el punto de encuentro establecido con el gu\u00eda tur\u00edstico. Ven con Booking Adventures y comienza a observar algunos manglares llenos de aves, colinas onduladas de exuberante vegetaci\u00f3n y cuevas del Parque Nacional Los Haitises.<\/p>\n<p>El nombre del parque nacional proviene de sus habitantes originales, los indios ta\u00ednos. En su idioma, \u00abHaitises\u00bb se traduce a tierras altas o colinas, una referencia a las empinadas formaciones geol\u00f3gicas de la costa con calizas. Avent\u00farate en el parque para explorar cuevas como la Cueva de la Arena y la Cueva de la L\u00ednea.<\/p>\n<p>\u041f\u0435\u0447\u0435\u0440\u0438 \u0432 \u0437\u0430\u043f\u043e\u0432\u0456\u0434\u043d\u0438\u043a\u0443 \u0432\u0438\u043a\u043e\u0440\u0438\u0441\u0442\u043e\u0432\u0443\u0432\u0430\u043b\u0438 \u044f\u043a \u043f\u0440\u0438\u0442\u0443\u043b\u043e\u043a \u0456\u043d\u0434\u0456\u0430\u043d\u0446\u0456 \u0442\u0430\u0457\u043d\u043e, \u0430 \u0437\u0433\u043e\u0434\u043e\u043c \u043f\u0440\u0438\u0445\u043e\u0432\u0430\u043d\u0456 \u043f\u0456\u0440\u0430\u0442\u0438. \u0417\u043d\u0430\u0439\u0434\u0456\u0442\u044c \u043c\u0430\u043b\u044e\u043d\u043a\u0438 \u0456\u043d\u0434\u0456\u0430\u043d\u0446\u0456\u0432, \u044f\u043a\u0456 \u043f\u0440\u0438\u043a\u0440\u0430\u0448\u0430\u044e\u0442\u044c \u0434\u0435\u044f\u043a\u0456 \u0441\u0442\u0456\u043d\u0438.<\/p>\n<p>\u041f\u0456\u0441\u043b\u044f \u0432\u0456\u0434\u0432\u0456\u0434\u0438\u043d \u043d\u0430\u0446\u0456\u043e\u043d\u0430\u043b\u044c\u043d\u043e\u0433\u043e \u043f\u0430\u0440\u043a\u0443 \u041b\u043e\u0441-\u0425\u0430\u0439\u0442\u0456\u0441\u0435\u0441 \u043c\u0438 \u0432\u0438\u0440\u0443\u0448\u0438\u043c\u043e \u0432 \u041a\u0430\u043d\u043e \u0425\u043e\u043d\u0434\u043e. \u0423 \u041a\u0430\u043d\u043e \u0425\u043e\u043d\u0434\u043e \u0432\u0438 \u0434\u0456\u0437\u043d\u0430\u0454\u0442\u0435\u0441\u044c \u043f\u0440\u043e \u0446\u044e \u0435\u043a\u043e\u043b\u043e\u0433\u0456\u0447\u043d\u0443 \u0456\u0441\u0442\u043e\u0440\u0456\u044e \u0442\u0430 \u043f\u043e\u043e\u0431\u0456\u0434\u0430\u0454\u0442\u0435 \u0442\u0438\u043f\u043e\u0432\u043e\u044e \u0457\u0436\u0435\u044e \u0441\u043f\u0456\u043b\u044c\u043d\u043e\u0442\u0438 \u0421\u0430\u0431\u0430\u043d\u0430 \u0434\u0435 \u043b\u0430 \u041c\u0430\u0440.<\/p>\n<p>\u041e\u0431\u0456\u0434 \u0431\u0443\u0434\u0435 \u0441\u043c\u0430\u0447\u043d\u0438\u043c, \u0430\u043b\u0435 \u043c\u0438 \u0449\u0435 \u043d\u0435 \u0437\u0430\u043a\u0456\u043d\u0447\u0438\u043b\u0438. \u041f\u0456\u0441\u043b\u044f \u043e\u0431\u0456\u0434\u0443 \u043c\u0438 \u043f\u043e\u043f\u043b\u0430\u0432\u0430\u0454\u043c\u043e \u0432 \u043f\u0440\u0438\u0440\u043e\u0434\u043d\u0438\u0445 \u0431\u0430\u0441\u0435\u0439\u043d\u0430\u0445 \u0432\u0456\u0434 \u0440\u0456\u0447\u043a\u0438 \u0414\u0436\u0456\u0431\u0430\u043b\u0435\u0441 \u0434\u043e \u0440\u0456\u0447\u043a\u0438 \u041a\u0430\u043d\u044c\u043e \u0425\u043e\u043d\u0434\u043e. \u041f\u0440\u043e\u0431\u0443\u0432\u0448\u0438 \u0432 Ca\u00f1o Hondo \u0434\u043e 16:00 \u0456 \u043f\u043e\u0432\u0435\u0440\u043d\u0443\u0432\u0448\u0438\u0441\u044c \u0434\u043e \u043f\u043e\u0440\u0442\u0443 \u0421\u0430\u043c\u0430\u043d\u0430, \u043c\u0438 \u0437\u043d\u043e\u0432\u0443 \u043f\u0440\u043e\u0439\u0434\u0435\u043c\u043e \u0447\u0435\u0440\u0435\u0437 \u043c\u0430\u043d\u0433\u0440\u043e\u0432\u0456 \u0437\u0430\u0440\u043e\u0441\u0442\u0456 \u0442\u0430 \u043f\u0440\u0438\u0431\u0443\u0434\u0435\u043c\u043e \u0434\u043e \u0432\u0456\u0434\u043a\u0440\u0438\u0442\u043e\u0457 \u0431\u0443\u0445\u0442\u0438 \u0421\u0430\u043d-\u041b\u043e\u0440\u0435\u043d\u0446\u043e, \u0437\u0432\u0456\u0434\u043a\u0438 \u043c\u043e\u0436\u043d\u0430 \u0441\u0444\u043e\u0442\u043e\u0433\u0440\u0430\u0444\u0443\u0432\u0430\u0442\u0438 \u0441\u0443\u0432\u043e\u0440\u0438\u0439 \u043b\u0456\u0441\u043e\u0432\u0438\u0439 \u043b\u0430\u043d\u0434\u0448\u0430\u0444\u0442. \u041f\u043e\u0434\u0438\u0432\u0456\u0442\u044c\u0441\u044f \u0443 \u0432\u043e\u0434\u0443, \u0449\u043e\u0431 \u043f\u043e\u0431\u0430\u0447\u0438\u0442\u0438 \u043b\u0430\u043c\u0430\u043d\u0442\u0438\u043d\u0456\u0432, \u0440\u0430\u043a\u043e\u043f\u043e\u0434\u0456\u0431\u043d\u0438\u0445 \u0456 \u0434\u0435\u043b\u044c\u0444\u0456\u043d\u0456\u0432.<\/p>\n<p>\u0414\u043e \u0446\u044c\u043e\u0433\u043e \u043c\u043e\u043c\u0435\u043d\u0442\u0443 \u0432\u0438 \u0440\u043e\u0437\u0440\u0430\u0445\u043e\u0432\u0443\u0454\u0442\u0435\u0441\u044f \u0437 \u0435\u043a\u0441\u043a\u0443\u0440\u0441\u043e\u0432\u043e\u0434\u043e\u043c, \u0430 \u043f\u0456\u0441\u043b\u044f \u0446\u044c\u043e\u0433\u043e \u043f\u0440\u044f\u043c\u0443\u0454\u0442\u0435 \u0434\u043e \u043f\u043e\u0440\u0442\u0443 \u041a\u0430\u043d\u043e \u0425\u043e\u043d\u0434\u043e \u0442\u0430 \u0441\u0456\u0434\u0430\u0454\u0442\u0435 \u043d\u0430 \u0447\u043e\u0432\u043d\u0456 \u043d\u0430\u0437\u0430\u0434 \u0434\u043e \u043f\u043e\u0440\u0442\u0443 \u0421\u0430\u043c\u0430\u043d\u0430, \u043f\u0440\u043e\u0457\u0436\u0434\u0436\u0430\u044e\u0447\u0438 \u0447\u0435\u0440\u0435\u0437 \u0437\u0430\u0442\u043e\u043a\u0443 \u0421\u0430\u043c\u0430\u043d\u0430 30 \u0445\u0432\u0438\u043b\u0438\u043d.<\/p>\n<p>\u042f\u043a\u0449\u043e \u0432\u0430\u043c \u0431\u0456\u043b\u044c\u0448\u0435 \u043f\u043e\u0434\u043e\u0431\u0430\u0454\u0442\u044c\u0441\u044f \u0446\u044f \u043f\u043e\u0434\u043e\u0440\u043e\u0436, \u0443 \u043d\u0430\u0441 \u0454 \u0442\u0430\u043a\u0456 \u0432\u0430\u0440\u0456\u0430\u043d\u0442\u0438:<\/p>\n<p>Los Haitises + Cayo Levantado \u0437 \u043f\u043e\u0440\u0442\u0443 \u0421\u0430\u043c\u0430\u043d\u0430.<\/p>\n<h3><em>\u0429\u043e \u043f\u043e\u0442\u0440\u0456\u0431\u043d\u043e \u0432\u0437\u044f\u0442\u0438 \u0437 \u0441\u043e\u0431\u043e\u044e?<\/em><\/h3>\n<ul>\n<li>\u041a\u0430\u043c\u0435\u0440\u0430<\/li>\n<li>\u0420\u0435\u043f\u0435\u043b\u0435\u043d\u0442\u0438<\/li>\n<li>\u0441\u043e\u043d\u0446\u0435\u0437\u0430\u0445\u0438\u0441\u043d\u0438\u0439 \u043a\u0440\u0435\u043c<\/li>\n<li>\u041a\u0430\u043f\u0435\u043b\u044e\u0445<\/li>\n<li>\u0417\u0440\u0443\u0447\u043d\u0456 \u0448\u0442\u0430\u043d\u0438<\/li>\n<li>\u0412\u0437\u0443\u0442\u0442\u044f \u0434\u043b\u044f \u043f\u043e\u0445\u043e\u0434\u0456\u0432 \u0443 \u043b\u0456\u0441<\/li>\n<li>\u0411\u043e\u0441\u043e\u043d\u0456\u0436\u043a\u0438 \u0434\u043b\u044f \u0432\u0435\u0441\u043d\u044f\u043d\u0438\u0445 \u043d\u0430\u043f\u0440\u044f\u043c\u043a\u0456\u0432.<\/li>\n<li>\u041a\u0443\u043f\u0430\u043b\u044c\u043d\u0438\u043a<\/li>\n<\/ul>\n<h3><em>\u0422\u0440\u0430\u043d\u0441\u0444\u0435\u0440 \u0437 \u0433\u043e\u0442\u0435\u043b\u044e<\/em><\/h3>\n<p>\u0422\u0440\u0430\u043d\u0441\u0444\u0435\u0440 \u0437 \u0433\u043e\u0442\u0435\u043b\u044e \u0434\u043b\u044f \u0446\u044c\u043e\u0433\u043e \u0442\u0443\u0440\u0443 \u043d\u0435 \u043d\u0430\u0434\u0430\u0454\u0442\u044c\u0441\u044f.<\/p>\n<p><strong>\u041f\u0440\u0438\u043c\u0456\u0442\u043a\u0430:<\/strong> \u042f\u043a\u0449\u043e \u0432\u0438 \u0431\u0440\u043e\u043d\u044e\u0454\u0442\u0435 \u043f\u0440\u043e\u0442\u044f\u0433\u043e\u043c 24 \u0433\u043e\u0434\u0438\u043d \u0434\u043e \u0447\u0430\u0441\u0443 \u0432\u0456\u0434\u043f\u0440\u0430\u0432\u043b\u0435\u043d\u043d\u044f \u0442\u0443\u0440\u0443\/\u0435\u043a\u0441\u043a\u0443\u0440\u0441\u0456\u0457, \u043c\u0438 \u043c\u043e\u0436\u0435\u043c\u043e \u043e\u0440\u0433\u0430\u043d\u0456\u0437\u0443\u0432\u0430\u0442\u0438 \u0442\u0440\u0430\u043d\u0441\u0444\u0435\u0440 \u0456\u0437 \u0433\u043e\u0442\u0435\u043b\u044e \u0437\u0430 \u0434\u043e\u0434\u0430\u0442\u043a\u043e\u0432\u0443 \u043f\u043b\u0430\u0442\u0443. \u041f\u0456\u0441\u043b\u044f \u0437\u0430\u0432\u0435\u0440\u0448\u0435\u043d\u043d\u044f \u043f\u043e\u043a\u0443\u043f\u043a\u0438 \u043c\u0438 \u043d\u0430\u0434\u0456\u0448\u043b\u0435\u043c\u043e \u0432\u0430\u043c \u043f\u043e\u0432\u043d\u0443 \u043a\u043e\u043d\u0442\u0430\u043a\u0442\u043d\u0443 \u0456\u043d\u0444\u043e\u0440\u043c\u0430\u0446\u0456\u044e (\u043d\u043e\u043c\u0435\u0440 \u0442\u0435\u043b\u0435\u0444\u043e\u043d\u0443, \u0430\u0434\u0440\u0435\u0441\u0443 \u0435\u043b\u0435\u043a\u0442\u0440\u043e\u043d\u043d\u043e\u0457 \u043f\u043e\u0448\u0442\u0438 \u0442\u043e\u0449\u043e), \u0449\u043e\u0431 \u043d\u0430\u0448 \u043c\u0456\u0441\u0446\u0435\u0432\u0438\u0439 \u0433\u0456\u0434 \u043c\u0456\u0433 \u043e\u0440\u0433\u0430\u043d\u0456\u0437\u0443\u0432\u0430\u0442\u0438 \u0442\u0440\u0430\u043d\u0441\u0444\u0435\u0440.<\/p>\n<h3>\u041f\u0456\u0434\u0442\u0432\u0435\u0440\u0434\u0436\u0435\u043d\u043d\u044f \u0434\u043e\u0434\u0430\u0442\u043a\u043e\u0432\u043e\u0457 \u0456\u043d\u0444\u043e\u0440\u043c\u0430\u0446\u0456\u0457<\/h3>\n<ol>\n<li>\u041a\u0432\u0438\u0442\u043a\u0438 \u0454 \u043a\u0432\u0438\u0442\u0430\u043d\u0446\u0456\u0454\u044e \u043f\u0456\u0441\u043b\u044f \u043e\u043f\u043b\u0430\u0442\u0438 \u0446\u044c\u043e\u0433\u043e \u0442\u0443\u0440\u0443. \u041f\u043e\u043a\u0430\u0437\u0430\u0442\u0438 \u043e\u043f\u043b\u0430\u0442\u0443 \u043c\u043e\u0436\u043d\u0430 \u043d\u0430 \u0442\u0435\u043b\u0435\u0444\u043e\u043d\u0456.<\/li>\n<li>\u041c\u0456\u0441\u0446\u0435 \u0437\u0443\u0441\u0442\u0440\u0456\u0447\u0456 \u0431\u0443\u0434\u0435 \u043e\u0442\u0440\u0438\u043c\u0430\u043d\u043e \u043f\u0456\u0441\u043b\u044f \u043f\u0440\u043e\u0446\u0435\u0441\u0443 \u0431\u0440\u043e\u043d\u044e\u0432\u0430\u043d\u043d\u044f.<\/li>\n<li>\u0414\u0456\u0442\u0438 \u043f\u043e\u0432\u0438\u043d\u043d\u0456 \u0431\u0443\u0442\u0438 \u0432 \u0441\u0443\u043f\u0440\u043e\u0432\u043e\u0434\u0456 \u0434\u043e\u0440\u043e\u0441\u043b\u043e\u0433\u043e.<\/li>\n<li>\u041d\u0435\u043c\u0430\u0454 \u0434\u043e\u0441\u0442\u0443\u043f\u0443 \u0434\u043b\u044f \u0456\u043d\u0432\u0430\u043b\u0456\u0434\u043d\u0438\u0445 \u0432\u0456\u0437\u043a\u0456\u0432<\/li>\n<li>\u041d\u0435\u043c\u043e\u0432\u043b\u044f\u0442\u0430 \u043f\u043e\u0432\u0438\u043d\u043d\u0456 \u0441\u0438\u0434\u0456\u0442\u0438 \u0432 \u0434\u0438\u0442\u044f\u0447\u0438\u0445 \u043a\u0440\u0456\u0441\u043b\u0430\u0445 \u0430\u0431\u043e \u0437 \u0434\u043e\u0440\u043e\u0441\u043b\u0438\u043c<\/li>\n<li>\u041d\u0435 \u0440\u0435\u043a\u043e\u043c\u0435\u043d\u0434\u0443\u0454\u0442\u044c\u0441\u044f \u043c\u0430\u043d\u0434\u0440\u0456\u0432\u043d\u0438\u043a\u0430\u043c \u0437 \u043f\u0440\u043e\u0431\u043b\u0435\u043c\u0430\u043c\u0438 \u0441\u043f\u0438\u043d\u0438.<\/li>\n<li>\u041d\u0435 \u0440\u0435\u043a\u043e\u043c\u0435\u043d\u0434\u0443\u0454\u0442\u044c\u0441\u044f \u0432\u0430\u0433\u0456\u0442\u043d\u0438\u043c.<\/li>\n<li>\u041d\u0435\u043c\u0430\u0454 \u043f\u0440\u043e\u0431\u043b\u0435\u043c \u0456\u0437 \u0441\u0435\u0440\u0446\u0435\u043c \u0447\u0438 \u0456\u043d\u0448\u0438\u0445 \u0441\u0435\u0440\u0439\u043e\u0437\u043d\u0438\u0445 \u0437\u0430\u0445\u0432\u043e\u0440\u044e\u0432\u0430\u043d\u044c.<\/li>\n<li>\u0411\u0456\u043b\u044c\u0448\u0456\u0441\u0442\u044c \u043c\u0430\u043d\u0434\u0440\u0456\u0432\u043d\u0438\u043a\u0456\u0432 \u043c\u043e\u0436\u0443\u0442\u044c \u0431\u0440\u0430\u0442\u0438 \u0443\u0447\u0430\u0441\u0442\u044c.<\/li>\n<\/ol>\n<h3><em>\u041f\u043e\u043b\u0456\u0442\u0438\u043a\u0430 \u0441\u043a\u0430\u0441\u0443\u0432\u0430\u043d\u043d\u044f<\/em><\/h3>\n<p>\u0429\u043e\u0431 \u043e\u0442\u0440\u0438\u043c\u0430\u0442\u0438 \u043f\u043e\u0432\u043d\u0435 \u0432\u0456\u0434\u0448\u043a\u043e\u0434\u0443\u0432\u0430\u043d\u043d\u044f, \u0441\u043a\u0430\u0441\u0443\u0439\u0442\u0435 \u043f\u0440\u0438\u043d\u0430\u0439\u043c\u043d\u0456 \u0437\u0430 24 \u0433\u043e\u0434\u0438\u043d\u0438 \u0434\u043e \u0434\u0430\u0442\u0438 \u043f\u043e\u0447\u0430\u0442\u043a\u0443 \u0434\u043e\u0441\u0432\u0456\u0434\u0443.<\/p>\n\n\t\t<\/div>\n\t<\/div>\n<\/div><\/div><\/div><\/div><div class=\"vc_row wpb_row vc_row-fluid\" ><div class=\"wpb_column vc_column_container vc_col-sm-12\"><div class=\"vc_column-inner\"><div class=\"wpb_wrapper\"><div class=\"vc_empty_space\"   style=\"height: 32px\"><span class=\"vc_empty_space_inner\"><\/span><\/div>\n\t<div class=\"wpb_video_widget wpb_content_element vc_clearfix   vc_video-aspect-ratio-169 vc_video-el-width-100 vc_video-align-left\" >\n\t\t<div class=\"wpb_wrapper\">\n\t\t\t\n\t\t\t<div class=\"wpb_video_wrapper\"><iframe loading=\"lazy\" title=\"\u041d\u0430\u0446\u0456\u043e\u043d\u0430\u043b\u044c\u043d\u0438\u0439 \u043f\u0430\u0440\u043a \u041b\u043e\u0441-\u0425\u0430\u0439\u0442\u0456\u0441\u0435\u0441, \u0442\u0443\u0440\u0438 \u0442\u0430 \u0435\u043a\u0441\u043a\u0443\u0440\u0441\u0456\u0457 \u0437 \u0421\u0430\u043c\u0430\u043d\u0438 \u0430\u0431\u043e \u0421\u0430\u0431\u0430\u043d\u0430-\u0434\u0435-\u043b\u0430-\u041c\u0430\u0440. \u0411\u0440\u043e\u043d\u044e\u0439\u0442\u0435 \u0442\u0443\u0442:\" src=\"https:\/\/player.vimeo.com\/video\/346508015?dnt=1&amp;app_id=122963\" width=\"1100\" height=\"619\" frameborder=\"0\" allow=\"autoplay; fullscreen\" allowfullscreen><\/iframe><\/div>\n\t\t<\/div>\n\t<\/div>\n<\/div><\/div><\/div><\/div><div class=\"vc_row wpb_row vc_row-fluid\" ><div class=\"wpb_column vc_column_container vc_col-sm-12\"><div class=\"vc_column-inner\"><div class=\"wpb_wrapper\"><div class=\"vc_empty_space\"   style=\"height: 32px\"><span class=\"vc_empty_space_inner\"><\/span><\/div>\n\t<div class=\"wpb_text_column wpb_content_element\" >\n\t\t<div class=\"wpb_wrapper\">\n\t\t\t<h4>\u0417\u0432&#039;\u044f\u0436\u0456\u0442\u044c\u0441\u044f \u0437 \u043d\u0430\u043c\u0438?<\/h4>\n<h5>\u0411\u0440\u043e\u043d\u044e\u0432\u0430\u043d\u043d\u044f \u043f\u0440\u0438\u0433\u043e\u0434<\/h5>\n<p><em>\u0415\u043a\u0441\u043a\u0443\u0440\u0441\u043e\u0432\u043e\u0434\u0438<\/em> <em><strong>\u043c\u0456\u0441\u0446\u0435\u0432\u0438\u0439<\/strong><\/em> \u0456 <strong><em>\u043d\u0430\u0446\u0456\u043e\u043d\u0430\u043b\u044c\u043d\u0438\u0439<\/em><\/strong> &amp;<em>\u00a0\u043e\u0431\u0441\u043b\u0443\u0433\u043e\u0432\u0443\u0432\u0430\u043d\u043d\u044f \u0433\u043e\u0441\u0442\u0435\u0439<\/em><\/p>\n<p>\u0411\u0440\u043e\u043d\u044e\u0432\u0430\u043d\u043d\u044f: \u0422\u0443\u0440\u0438 \u0442\u0430 \u0415\u043a\u0441\u043a\u0443\u0440\u0441\u0456\u0457 \u0432 \u0414\u043e\u043c \u0420\u0435\u0441\u043f.<\/p>\n<p>\u0422\u0435\u043b\u0435\u0444\u043e\u043d\/Whatsapp +1-809-720-6035.<\/p>\n<p>info@bookingadventures.com.do<\/p>\n<p>\u041c\u0438 \u043f\u0440\u0438\u0432\u0430\u0442\u043d\u0456 \u0442\u0443\u0440\u0438 \u0437 \u0433\u043d\u0443\u0447\u043a\u043e\u044e \u043a\u043e\u043d\u0444\u0456\u0433\u0443\u0440\u0430\u0446\u0456\u0454\u044e \u043f\u043e Whatsapp: +18097206035.<\/p>\n\n\t\t<\/div>\n\t<\/div>\n<div class=\"vc_empty_space\"   style=\"height: 32px\"><span class=\"vc_empty_space_inner\"><\/span><\/div><\/div><\/div><\/div><\/div>","protected":false},"excerpt":{"rendered":"<p><strong>\u0411\u0443\u0434\u044c \u043b\u0430\u0441\u043a\u0430, \u0432\u0438\u0431\u0435\u0440\u0456\u0442\u044c \u0434\u0430\u0442\u0443 \u0442\u0443\u0440\u0443\u00a0<\/strong><\/p>","protected":false},"featured_media":104,"template":"","meta":[],"product_brand":[],"product_cat":[119,96,144,98,135,121,99,122,443,123,124],"product_tag":[126,127,128,145,132,133,146,147,148,143],"class_list":{"0":"post-551","1":"product","2":"type-product","3":"status-publish","4":"has-post-thumbnail","6":"product_cat-caves","7":"product_cat-hiking","8":"product_cat-kayaking","9":"product_cat-local-tour-guides","10":"product_cat-lunch","11":"product_cat-mangroves","12":"product_cat-swimming-natural-springs","13":"product_cat-tours-and-excursions","14":"product_cat-tours-y-excursiones-es","15":"product_cat-tours-excursions-los-haitises-national-park","16":"product_cat-tours-excursions-samana-bay-dominican-republic","17":"product_tag-cano-hondo","18":"product_tag-cano-hondo-hotel","19":"product_tag-cano-hondo-tours","20":"product_tag-day-tour-cano-hondo","21":"product_tag-los-haitises","22":"product_tag-los-haitises-national-park","23":"product_tag-mangroves-los-haitises","24":"product_tag-samana-bay","25":"product_tag-samana-excursions","26":"product_tag-samana-tours","28":"first","29":"instock","30":"sale","31":"sold-individually","32":"shipping-taxable","33":"product-type-external"},"_links":{"self":[{"href":"https:\/\/haitises.com\/uk\/wp-json\/wp\/v2\/product\/551","targetHints":{"allow":["GET"]}}],"collection":[{"href":"https:\/\/haitises.com\/uk\/wp-json\/wp\/v2\/product"}],"about":[{"href":"https:\/\/haitises.com\/uk\/wp-json\/wp\/v2\/types\/product"}],"wp:featuredmedia":[{"embeddable":true,"href":"https:\/\/haitises.com\/uk\/wp-json\/wp\/v2\/media\/104"}],"wp:attachment":[{"href":"https:\/\/haitises.com\/uk\/wp-json\/wp\/v2\/media?parent=551"}],"wp:term":[{"taxonomy":"product_brand","embeddable":true,"href":"https:\/\/haitises.com\/uk\/wp-json\/wp\/v2\/product_brand?post=551"},{"taxonomy":"product_cat","embeddable":true,"href":"https:\/\/haitises.com\/uk\/wp-json\/wp\/v2\/product_cat?post=551"},{"taxonomy":"product_tag","embeddable":true,"href":"https:\/\/haitises.com\/uk\/wp-json\/wp\/v2\/product_tag?post=551"}],"curies":[{"name":"wp","href":"https:\/\/api.w.org\/{rel}","templated":true}]}}