{"id":38,"date":"2020-06-14T11:56:46","date_gmt":"2020-06-14T11:56:46","guid":{"rendered":"http:\/\/haitises.com\/product\/import-placeholder-for-8264\/"},"modified":"2024-04-24T18:43:27","modified_gmt":"2024-04-24T18:43:27","slug":"el-limon-waterfalls-tour-horse-riding-swimming-lunch","status":"publish","type":"product","link":"https:\/\/haitises.com\/uk\/\u043f\u0440\u0438\u0432\u0430\u0442\u043d\u0438\u0439\/el-limon-waterfalls-tour-horse-riding-swimming-lunch\/","title":{"rendered":"\u0415\u043a\u0441\u043a\u0443\u0440\u0441\u0456\u044f \u043d\u0430 \u0432\u043e\u0434\u043e\u0441\u043f\u0430\u0434\u0438 \u0415\u043b\u044c \u041b\u0456\u043c\u043e\u043d (\u0432\u0435\u0440\u0445\u043e\u0432\u0430 \u0457\u0437\u0434\u0430 \u0442\u0430 \u043a\u0443\u043f\u0430\u043d\u043d\u044f) + \u043e\u0431\u0456\u0434"},"content":{"rendered":"<div class=\"vc_row wpb_row vc_row-fluid\" ><div class=\"wpb_column vc_column_container vc_col-sm-12\"><div class=\"vc_column-inner\"><div class=\"wpb_wrapper\">[mkdf_section_title title_tag=\u00bb\u00bb disable_break_words=\u00bbno\u00bb subtitle_tag=\u00bb\u00bb title=\u00bbEl Lim\u00f3n waterfalls Tour (horse riding &amp; swimming) + lunch\u00bb subtitle=\u00bbNormal trip but Private\u00bb]<\/div><\/div><\/div><\/div><div class=\"vc_row wpb_row vc_row-fluid\" ><div class=\"wpb_column vc_column_container vc_col-sm-12\"><div class=\"vc_column-inner\"><div class=\"wpb_wrapper\">\n\t<div class=\"wpb_text_column wpb_content_element\" >\n\t\t<div class=\"wpb_wrapper\">\n\t\t\t<h4><b><i>\u041e\u0433\u043b\u044f\u0434 <\/i><\/b><\/h4>\n<p>\u0426\u0435 \u043f\u0440\u0438\u0432\u0430\u0442\u043d\u0438\u0439 \u0442\u0443\u0440 \u0434\u043e <strong>\u0412\u043e\u0434\u043e\u0441\u043f\u0430\u0434\u0438 \u0415\u043b\u044c \u041b\u0456\u043c\u043e\u043d<\/strong> with Riding on Horses or Hiking. Visiting cacao and Coffe forest under Coconuts Palms Canopy. When you arrive at the Waterfalls you are allowed to swim and Set the time with your Local Guide. After enjoying a Typical Lunch in El Lim\u00f3n Community.<\/p>\n<p>\u0412\u0447\u0456\u0442\u044c\u0441\u044f \u0437 \u043c\u0456\u0441\u0446\u0435\u0432\u0438\u043c\u0438 \u0436\u0438\u0442\u0435\u043b\u044f\u043c\u0438 \u0442\u0430 \u043e\u0442\u0440\u0438\u043c\u0443\u0439\u0442\u0435 \u0431\u0435\u0437\u043f\u0435\u0447\u043d\u0443 \u043f\u043e\u0434\u043e\u0440\u043e\u0436. \u041f\u0440\u0438\u0434\u0431\u0430\u0439\u0442\u0435 \u043a\u0432\u0438\u0442\u043a\u0438 \u043f\u043e \u0430\u043a\u0446\u0456\u0457 \u0432\u0436\u0435 \u0441\u044c\u043e\u0433\u043e\u0434\u043d\u0456.<\/p>\n<ul>\n<li style=\"font-weight: 400;\"><span style=\"font-weight: 400;\">\u0412\u043a\u043b\u044e\u0447\u0430\u0454 \u043e\u0431\u0456\u0434\u00a0<\/span><\/li>\n<li>\u0412\u0435\u0440\u0445\u043e\u0432\u0430 \u0457\u0437\u0434\u0430 \u0430\u0431\u043e \u043f\u0456\u0448\u0456 \u043f\u0440\u043e\u0433\u0443\u043b\u044f\u043d\u043a\u0438<\/li>\n<li style=\"font-weight: 400;\"><span style=\"font-weight: 400;\">\u041f\u043e\u0441\u0456\u0431\u043d\u0438\u043a \u043c\u0456\u0441\u0442\u0438\u0442\u044c \u0456\u043d\u0441\u0442\u0440\u0443\u043a\u0446\u0456\u0457 \u0442\u0430 \u043d\u0430\u0433\u043b\u044f\u0434<\/span><\/li>\n<li>\u041f\u043b\u0430\u0442\u0430 \u0437\u0430 \u0432\u0456\u0434\u0432\u0456\u0434\u0443\u0432\u0430\u043d\u043d\u044f \u043d\u0430\u0446\u0456\u043e\u043d\u0430\u043b\u044c\u043d\u043e\u0433\u043e \u043f\u0430\u0440\u043a\u0443<\/li>\n<\/ul>\n<p>&nbsp;<\/p>\n<h4><b>\u0412\u043a\u043b\u044e\u0447\u0435\u043d\u043d\u044f \u0442\u0430 \u0432\u0438\u043a\u043b\u044e\u0447\u0435\u043d\u043d\u044f<\/b><\/h4>\n<p>&nbsp;<\/p>\n<p><b>\u0412\u043a\u043b\u044e\u0447\u0435\u043d\u043d\u044f<\/b><\/p>\n<ol>\n<li style=\"font-weight: 400;\"><span style=\"font-weight: 400;\">\u041e\u0431\u0456\u0434 \"\u0448\u0432\u0435\u0434\u0441\u044c\u043a\u0438\u0439 \u0441\u0442\u0456\u043b\" \u0432 \u0415\u043b\u044c-\u041b\u0456\u043c\u043e\u043d\u0456<\/span><\/li>\n<li style=\"font-weight: 400;\"><span style=\"font-weight: 400;\">\u041f\u0456\u0448\u043e\u0445\u0456\u0434\u043d\u0438\u0439 \u0430\u0431\u043e \u043a\u0456\u043d\u043d\u0438\u0439 \u0442\u0443\u0440<\/span><\/li>\n<li style=\"font-weight: 400;\"><span style=\"font-weight: 400;\">\u0423\u0441\u0456 \u043f\u043e\u0434\u0430\u0442\u043a\u0438, \u0437\u0431\u043e\u0440\u0438 \u0442\u0430 \u0432\u0438\u0442\u0440\u0430\u0442\u0438 \u043d\u0430 \u043e\u0431\u0441\u043b\u0443\u0433\u043e\u0432\u0443\u0432\u0430\u043d\u043d\u044f<\/span><\/li>\n<li style=\"font-weight: 400;\"><span style=\"font-weight: 400;\">\u041c\u0456\u0441\u0446\u0435\u0432\u0456 \u043f\u043e\u0434\u0430\u0442\u043a\u0438<\/span><\/li>\n<li style=\"font-weight: 400;\"><span style=\"font-weight: 400;\">\u041d\u0430\u043f\u043e\u0457<\/span><\/li>\n<li style=\"font-weight: 400;\"><span style=\"font-weight: 400;\">\u0412\u0441\u0456 \u0437\u0430\u0445\u043e\u0434\u0438<\/span><\/li>\n<li style=\"font-weight: 400;\"><span style=\"font-weight: 400;\">\u041c\u0456\u0441\u0446\u0435\u0432\u0438\u0439 \u0433\u0456\u0434<\/span><\/li>\n<\/ol>\n<p><b> \u0412\u0438\u043d\u044f\u0442\u043a\u0438<\/b><\/p>\n<ol>\n<li style=\"font-weight: 400;\"><span style=\"font-weight: 400;\">\u0427\u0430\u0439\u043e\u0432\u0456<\/span><\/li>\n<li style=\"font-weight: 400;\"><span style=\"font-weight: 400;\">\u041f\u0435\u0440\u0435\u043a\u0430\u0437<\/span><\/li>\n<li style=\"font-weight: 400;\"><span style=\"font-weight: 400;\">\u0410\u043b\u043a\u043e\u0433\u043e\u043b\u044c\u043d\u0456 \u043d\u0430\u043f\u043e\u0457<\/span><\/li>\n<li>Food on the Beach<\/li>\n<\/ol>\n<p>&nbsp;<\/p>\n<h4><em><strong>\u0412\u0438\u0457\u0437\u0434 \u0442\u0430 \u043f\u043e\u0432\u0435\u0440\u043d\u0435\u043d\u043d\u044f<\/strong><\/em><\/h4>\n<p><span style=\"font-weight: 400;\">\u041c\u0430\u043d\u0434\u0440\u0456\u0432\u043d\u0438\u043a \u043e\u0442\u0440\u0438\u043c\u0430\u0454 \u043c\u0456\u0441\u0446\u0435 \u0437\u0443\u0441\u0442\u0440\u0456\u0447\u0456 \u043f\u0456\u0441\u043b\u044f \u043f\u0440\u043e\u0446\u0435\u0441\u0443 \u0431\u0440\u043e\u043d\u044e\u0432\u0430\u043d\u043d\u044f. \u0415\u043a\u0441\u043a\u0443\u0440\u0441\u0456\u0457 \u043f\u043e\u0447\u0438\u043d\u0430\u044e\u0442\u044c\u0441\u044f \u0456 \u0437\u0430\u043a\u0456\u043d\u0447\u0443\u044e\u0442\u044c\u0441\u044f \u0432 \u043d\u0430\u0448\u0438\u0445 \u043c\u0456\u0441\u0446\u044f\u0445 \u0437\u0443\u0441\u0442\u0440\u0456\u0447\u0456.<\/span><\/p>\n<p>&nbsp;<\/p>\n<h4><b><i>\u0427\u043e\u0433\u043e \u043e\u0447\u0456\u043a\u0443\u0432\u0430\u0442\u0438?<\/i><\/b><\/h4>\n<p>&nbsp;<\/p>\n<p><em><strong>\u041a\u0443\u043f\u0443\u0439\u0442\u0435 \u043a\u0432\u0438\u0442\u043a\u0438.<\/strong><\/em> for visiting The Waterfalls El Lim\u00f3n in Saman\u00e1 plus a wonderful lunch in El Lim\u00f3n Restaurant.<\/p>\n<p><span style=\"font-weight: 400;\">The tour, organized by \u00abBooking Adventures\u00bb starts at the meeting point set with the Tour Guide.<\/span><\/p>\n<p>\u041d\u0430\u0439\u043a\u0440\u0430\u0449\u0456 \u043f\u0440\u0438\u0432\u0430\u0442\u043d\u0456 \u0435\u043a\u0441\u043a\u0443\u0440\u0441\u0456\u0457 \u0434\u043e \u0432\u043e\u0434\u043e\u0441\u043f\u0430\u0434\u0456\u0432 \u0415\u043b\u044c-\u041b\u0456\u043c\u043e\u043d \u0437 \u043c\u0456\u0441\u0446\u0435\u0432\u0438\u043c \u0433\u0456\u0434\u043e\u043c. \u0417\u0430\u0431\u0440\u043e\u043d\u044e\u0439\u0442\u0435 \u043a\u0456\u043d\u043d\u0443 \u043f\u0440\u043e\u0433\u0443\u043b\u044f\u043d\u043a\u0443 \u043b\u0456\u0441\u043e\u043c, \u0449\u043e \u043e\u0433\u0438\u043d\u0430\u0454 \u043a\u0440\u0430\u0439 \u0440\u0456\u0447\u043a\u0438 \u041b\u0456\u043c\u043e\u043d, \u0437 \u0432\u0456\u0434\u0432\u0456\u0434\u0443\u0432\u0430\u043d\u043d\u044f\u043c \u043f\u043b\u0430\u043d\u0442\u0430\u0446\u0456\u0439 \u043a\u0430\u043a\u0430\u043e \u0442\u0430 \u043a\u0430\u0432\u0438 \u043f\u0456\u0434 \u043a\u043e\u043a\u043e\u0441\u043e\u0432\u0438\u043c\u0438 \u043f\u0430\u043b\u044c\u043c\u0430\u043c\u0438 \u0432 \u0442\u0456\u043d\u0456 \u043a\u043e\u043a\u043e\u0441\u0456\u0432.<\/p>\n<p>\u0421\u043f\u043e\u0447\u0430\u0442\u043a\u0443 \u0437\u0443\u043f\u0438\u043d\u0438\u043c\u043e\u0441\u044f \u0431\u0456\u043b\u044f \u041c\u0430\u043b\u043e\u0433\u043e \u0432\u043e\u0434\u043e\u0441\u043f\u0430\u0434\u0443, \u0434\u0435 \u0437\u0430\u0437\u0432\u0438\u0447\u0430\u0439 \u043d\u0435 \u0442\u0430\u043a \u0431\u0430\u0433\u0430\u0442\u043e \u043b\u044e\u0434\u0435\u0439 \u0456 \u043c\u043e\u0436\u043d\u0430 \u043f\u043e\u043f\u043b\u0430\u0432\u0430\u0442\u0438 \u043d\u0430\u0432\u043a\u043e\u043b\u043e. \u041f\u0456\u0441\u043b\u044f \u0446\u044c\u043e\u0433\u043e \u043c\u0438 \u043f\u0440\u043e\u0434\u043e\u0432\u0436\u0438\u043c\u043e \u0448\u043b\u044f\u0445 \u0434\u043e \u0432\u0435\u043b\u0438\u043a\u043e\u0433\u043e \u0432\u043e\u0434\u043e\u0441\u043f\u0430\u0434\u0443, \u0434\u0435 \u0437\u0430\u043b\u0438\u0448\u0438\u043c\u043e\u0441\u044f \u043d\u0430 \u0433\u043e\u0434\u0438\u043d\u0443 \u0430\u0431\u043e \u0431\u0456\u043b\u044c\u0448\u0435, \u044f\u043a\u0449\u043e \u0432\u0438 \u0437\u0430\u0445\u043e\u0447\u0435\u0442\u0435.<\/p>\n<p>\u041f\u043e\u0432\u0435\u0440\u043d\u0435\u043d\u043d\u044f \u043a\u043e\u043d\u0435\u0439 \u0434\u043e \u0440\u0435\u0441\u0442\u043e\u0440\u0430\u043d\u0443, \u0434\u0435 \u043c\u0438 \u0431\u0443\u0434\u0435\u043c\u043e \u043d\u0430\u0441\u043e\u043b\u043e\u0434\u0436\u0443\u0432\u0430\u0442\u0438\u0441\u044f \u0442\u0438\u043f\u043e\u0432\u0438\u043c \u043e\u0431\u0456\u0434\u043e\u043c \u043d\u0430 \u043f\u043b\u044f\u0436\u0456. \u0420\u0438\u0431\u0430 \u0444\u0440\u0456 \u0437 \u0442\u043e\u0441\u0442\u043e\u043d\u0430\u043c\u0438 \u0456 \u0441\u0430\u043b\u0430\u0442, \u0430\u0431\u043e \u0432\u0438 \u043c\u043e\u0436\u0435\u0442\u0435 \u0437\u0430\u043c\u043e\u0432\u0438\u0442\u0438 \u0456\u043d\u0448\u0456 \u0432\u0430\u0440\u0456\u0430\u043d\u0442\u0438 \u0437 \u043c\u0435\u043d\u044e \u0437\u0430 \u0434\u043e\u0434\u0430\u0442\u043a\u043e\u0432\u0443 \u043f\u043b\u0430\u0442\u0443.<\/p>\n<p>\u041f\u043e\u043e\u0431\u0456\u0434\u0430\u0439\u0442\u0435 \u0432 \u0440\u0435\u0441\u0442\u043e\u0440\u0430\u043d\u0456 \u0432 \u0440\u0430\u0439\u043e\u043d\u0456 \u0415\u043b\u044c-\u041b\u0456\u043c\u043e\u043d, \u0456 \u0432\u0438 \u043c\u043e\u0436\u0435\u0442\u0435 \u0437\u0430\u043b\u0438\u0448\u0430\u0442\u0438\u0441\u044f \u0442\u0430\u043c \u0441\u0442\u0456\u043b\u044c\u043a\u0438, \u0441\u043a\u0456\u043b\u044c\u043a\u0438 \u0437\u0430\u0445\u043e\u0447\u0435\u0442\u0435, \u043f\u043b\u0430\u0432\u0430\u044e\u0447\u0438 \u043d\u0430\u0432\u043a\u043e\u043b\u043e.  \u042f\u043a\u0449\u043e \u0432\u0438 \u0432\u0435\u0433\u0430\u043d, \u043c\u0438 \u0442\u0430\u043a\u043e\u0436 \u043c\u043e\u0436\u0435\u043c\u043e \u043f\u0440\u0438\u0433\u043e\u0442\u0443\u0432\u0430\u0442\u0438 \u0434\u043b\u044f \u0432\u0430\u0441 \u0457\u0436\u0443.<\/p>\n<p>&nbsp;<\/p>\n<h4><em><strong>\u0429\u043e \u043f\u043e\u0442\u0440\u0456\u0431\u043d\u043e \u0432\u0437\u044f\u0442\u0438 \u0437 \u0441\u043e\u0431\u043e\u044e?<\/strong><\/em><\/h4>\n<ul>\n<li style=\"font-weight: 400;\"><span style=\"font-weight: 400;\">\u041a\u0430\u043c\u0435\u0440\u0430<\/span><\/li>\n<li style=\"font-weight: 400;\"><span style=\"font-weight: 400;\">\u0420\u0435\u043f\u0435\u043b\u0435\u043d\u0442\u043d\u0456 \u0431\u0440\u0443\u043d\u044c\u043a\u0438<\/span><\/li>\n<li style=\"font-weight: 400;\"><span style=\"font-weight: 400;\">\u0441\u043e\u043d\u0446\u0435\u0437\u0430\u0445\u0438\u0441\u043d\u0438\u0439 \u043a\u0440\u0435\u043c<\/span><\/li>\n<li style=\"font-weight: 400;\"><span style=\"font-weight: 400;\">\u041a\u0430\u043f\u0435\u043b\u044e\u0445<\/span><\/li>\n<li style=\"font-weight: 400;\"><span style=\"font-weight: 400;\">\u0417\u0440\u0443\u0447\u043d\u0456 \u0448\u0442\u0430\u043d\u0438<\/span><\/li>\n<li style=\"font-weight: 400;\"><span style=\"font-weight: 400;\">\u0422\u0443\u0440\u0438\u0441\u0442\u0438\u0447\u043d\u0435 \u0432\u0437\u0443\u0442\u0442\u044f \u0434\u043b\u044f \u043b\u0456\u0441\u0443<\/span><\/li>\n<li style=\"font-weight: 400;\"><span style=\"font-weight: 400;\">\u041a\u0443\u043f\u0430\u043b\u044c\u043d\u0438\u043a\u0438<\/span><\/li>\n<\/ul>\n<p>&nbsp;<\/p>\n<h4><b><i>Pickup Hotel <\/i><\/b><\/h4>\n<p><span style=\"font-weight: 400;\">\u0412 \u0440\u0430\u043c\u043a\u0430\u0445 \u0446\u044c\u043e\u0433\u043e \u0442\u0443\u0440\u0443 \u0442\u0440\u0430\u043d\u0441\u0444\u0435\u0440 \u0437 \u0433\u043e\u0442\u0435\u043b\u044e \u043d\u0435 \u043f\u0440\u043e\u043f\u043e\u043d\u0443\u0454\u0442\u044c\u0441\u044f. <\/span><\/p>\n<p>&nbsp;<\/p>\n<p><b>\u0417\u0430\u0443\u0432\u0430\u0436\u0442\u0435:<\/b><span style=\"font-weight: 400;\"> \u044f\u043a\u0449\u043e \u0432\u0438 \u0437\u0434\u0456\u0439\u0441\u043d\u044e\u0454\u0442\u0435 \u0431\u0440\u043e\u043d\u044e\u0432\u0430\u043d\u043d\u044f \u043f\u0440\u043e\u0442\u044f\u0433\u043e\u043c 24 \u0433\u043e\u0434\u0438\u043d \u0434\u043e \u043f\u043e\u0447\u0430\u0442\u043a\u0443 \u0442\u0443\u0440\u0443\/\u0435\u043a\u0441\u043a\u0443\u0440\u0441\u0456\u0457, \u043c\u0438 \u043c\u043e\u0436\u0435\u043c\u043e \u043e\u0440\u0433\u0430\u043d\u0456\u0437\u0443\u0432\u0430\u0442\u0438 \u0442\u0440\u0430\u043d\u0441\u0444\u0435\u0440 \u0437 \u0433\u043e\u0442\u0435\u043b\u044e \u0437\u0430 \u0434\u043e\u0434\u0430\u0442\u043a\u043e\u0432\u0443 \u043f\u043b\u0430\u0442\u0443. \u041f\u0456\u0441\u043b\u044f \u0437\u0430\u0432\u0435\u0440\u0448\u0435\u043d\u043d\u044f \u043f\u043e\u043a\u0443\u043f\u043a\u0438 \u043c\u0438 \u043d\u0430\u0434\u0456\u0448\u043b\u0435\u043c\u043e \u0432\u0430\u043c \u043f\u043e\u0432\u043d\u0443 \u043a\u043e\u043d\u0442\u0430\u043a\u0442\u043d\u0443 \u0456\u043d\u0444\u043e\u0440\u043c\u0430\u0446\u0456\u044e (\u043d\u043e\u043c\u0435\u0440 \u0442\u0435\u043b\u0435\u0444\u043e\u043d\u0443, \u0430\u0434\u0440\u0435\u0441\u0443 \u0435\u043b\u0435\u043a\u0442\u0440\u043e\u043d\u043d\u043e\u0457 \u043f\u043e\u0448\u0442\u0438 \u0442\u043e\u0449\u043e), \u0449\u043e\u0431 \u043d\u0430\u0448 \u043c\u0456\u0441\u0446\u0435\u0432\u0438\u0439 \u0433\u0456\u0434 \u043c\u0456\u0433 \u043e\u0440\u0433\u0430\u043d\u0456\u0437\u0443\u0432\u0430\u0442\u0438 \u0437\u0443\u0441\u0442\u0440\u0456\u0447.<\/span><\/p>\n<h4><b><i>\u041f\u0456\u0434\u0442\u0432\u0435\u0440\u0434\u0436\u0435\u043d\u043d\u044f \u0434\u043e\u0434\u0430\u0442\u043a\u043e\u0432\u043e\u0457 \u0456\u043d\u0444\u043e\u0440\u043c\u0430\u0446\u0456\u0457 <\/i><\/b><\/h4>\n<ol>\n<li>\u041a\u0432\u0438\u0442\u043a\u0438 - \u0446\u0435 \u043a\u0432\u0438\u0442\u0430\u043d\u0446\u0456\u044f \u043f\u0456\u0441\u043b\u044f \u043e\u043f\u043b\u0430\u0442\u0438 \u0446\u044c\u043e\u0433\u043e \u0442\u0443\u0440\u0443. \u0412\u0438 \u043c\u043e\u0436\u0435\u0442\u0435 \u043f\u043e\u043a\u0430\u0437\u0430\u0442\u0438 \u043f\u043b\u0430\u0442\u0456\u0436 \u043d\u0430 \u0441\u0432\u043e\u0454\u043c\u0443 \u0442\u0435\u043b\u0435\u0444\u043e\u043d\u0456.<\/li>\n<li style=\"font-weight: 400;\"><span style=\"font-weight: 400;\">\u041c\u0456\u0441\u0446\u0435 \u0437\u0443\u0441\u0442\u0440\u0456\u0447\u0456 \u0431\u0443\u0434\u0435 \u043f\u043e\u0432\u0456\u0434\u043e\u043c\u043b\u0435\u043d\u043e \u043f\u0456\u0441\u043b\u044f \u0437\u0430\u0432\u0435\u0440\u0448\u0435\u043d\u043d\u044f \u043f\u0440\u043e\u0446\u0435\u0441\u0443 \u0431\u0440\u043e\u043d\u044e\u0432\u0430\u043d\u043d\u044f.<\/span><\/li>\n<li style=\"font-weight: 400;\"><span style=\"font-weight: 400;\">\u0414\u0456\u0442\u0438 \u043f\u043e\u0432\u0438\u043d\u043d\u0456 \u0431\u0443\u0442\u0438 \u0432 \u0441\u0443\u043f\u0440\u043e\u0432\u043e\u0434\u0456 \u0434\u043e\u0440\u043e\u0441\u043b\u0438\u0445.<\/span><\/li>\n<li style=\"font-weight: 400;\"><span style=\"font-weight: 400;\"> \u041d\u0435 \u043f\u0440\u0438\u0441\u0442\u043e\u0441\u043e\u0432\u0430\u043d\u043e \u0434\u043b\u044f \u0456\u043d\u0432\u0430\u043b\u0456\u0434\u043d\u0438\u0445 \u0432\u0456\u0437\u043a\u0456\u0432 <\/span><\/li>\n<li style=\"font-weight: 400;\"><span style=\"font-weight: 400;\">\u041d\u0435\u043c\u043e\u0432\u043b\u044f\u0442\u0430 \u043f\u043e\u0432\u0438\u043d\u043d\u0456 \u0441\u0438\u0434\u0456\u0442\u0438 \u043d\u0430 \u043a\u043e\u043b\u0456\u043d\u0430\u0445 <\/span><\/li>\n<li style=\"font-weight: 400;\"><span style=\"font-weight: 400;\">\u041d\u0435 \u0440\u0435\u043a\u043e\u043c\u0435\u043d\u0434\u0443\u0454\u0442\u044c\u0441\u044f \u043c\u0430\u043d\u0434\u0440\u0456\u0432\u043d\u0438\u043a\u0430\u043c \u0456\u0437 \u043f\u0440\u043e\u0431\u043b\u0435\u043c\u0430\u043c\u0438 \u0441\u043f\u0438\u043d\u0438<\/span><\/li>\n<li style=\"font-weight: 400;\"><span style=\"font-weight: 400;\">\u041d\u0435 \u0440\u0435\u043a\u043e\u043c\u0435\u043d\u0434\u0443\u0454\u0442\u044c\u0441\u044f \u0434\u043b\u044f \u0432\u0430\u0433\u0456\u0442\u043d\u0438\u0445 \u043c\u0430\u043d\u0434\u0440\u0456\u0432\u043d\u0438\u0446\u044c <\/span><\/li>\n<li style=\"font-weight: 400;\"><span style=\"font-weight: 400;\"> \u0412\u0456\u0434\u0441\u0443\u0442\u043d\u0456\u0441\u0442\u044c \u043f\u0440\u043e\u0431\u043b\u0435\u043c \u0456\u0437 \u0441\u0435\u0440\u0446\u0435\u043c \u0430\u0431\u043e \u0456\u043d\u0448\u0438\u0445 \u0441\u0435\u0440\u0439\u043e\u0437\u043d\u0438\u0445 \u0437\u0430\u0445\u0432\u043e\u0440\u044e\u0432\u0430\u043d\u044c <\/span><\/li>\n<li style=\"font-weight: 400;\"><span style=\"font-weight: 400;\">\u0411\u0456\u043b\u044c\u0448\u0456\u0441\u0442\u044c \u043c\u0430\u043d\u0434\u0440\u0456\u0432\u043d\u0438\u043a\u0456\u0432 \u043c\u043e\u0436\u0443\u0442\u044c \u0432\u0437\u044f\u0442\u0438 \u0443\u0447\u0430\u0441\u0442\u044c<\/span><\/li>\n<\/ol>\n<h4><b><i>\u041f\u043e\u043b\u0456\u0442\u0438\u043a\u0430 \u0430\u043d\u0443\u043b\u044f\u0446\u0456\u0457<\/i><\/b><\/h4>\n<p><span style=\"font-weight: 400;\">\u0429\u043e\u0431 \u043e\u0442\u0440\u0438\u043c\u0430\u0442\u0438 \u043f\u043e\u0432\u043d\u0435 \u0432\u0456\u0434\u0448\u043a\u043e\u0434\u0443\u0432\u0430\u043d\u043d\u044f, \u0441\u043a\u0430\u0441\u0443\u0439\u0442\u0435 \u0431\u0440\u043e\u043d\u044e\u0432\u0430\u043d\u043d\u044f \u0449\u043e\u043d\u0430\u0439\u043c\u0435\u043d\u0448\u0435 \u0437\u0430 24 \u0433\u043e\u0434\u0438\u043d\u0438 \u0434\u043e \u0434\u0430\u0442\u0438 \u043f\u043e\u0447\u0430\u0442\u043a\u0443 \u0434\u043e\u0441\u0432\u0456\u0434\u0443.<\/span><\/p>\n\n\t\t<\/div>\n\t<\/div>\n<\/div><\/div><\/div><\/div><div class=\"vc_row wpb_row vc_row-fluid\" ><div class=\"wpb_column vc_column_container vc_col-sm-12\"><div class=\"vc_column-inner\"><div class=\"wpb_wrapper\"><div class=\"vc_empty_space\"   style=\"height: 32px\"><span class=\"vc_empty_space_inner\"><\/span><\/div>\n\t<div class=\"wpb_text_column wpb_content_element\" >\n\t\t<div class=\"wpb_wrapper\">\n\t\t\t<h4>\u0417\u0432'\u044f\u0437\u0430\u0442\u0438\u0441\u044f \u0437 \u043d\u0430\u043c\u0438?<\/h4>\n<h5><em><strong>\u0411\u0440\u043e\u043d\u044e\u0432\u0430\u043d\u043d\u044f \u043f\u0440\u0438\u0433\u043e\u0434<\/strong><\/em><\/h5>\n<p><em><strong>\u041c\u0456\u0441\u0446\u0435\u0432\u0456 \u0436\u0438\u0442\u0435\u043b\u0456<\/strong> \u0456 <strong>\u0413\u0440\u043e\u043c\u0430\u0434\u044f\u043d\u0438<\/strong> \u0415\u043a\u0441\u043a\u0443\u0440\u0441\u043e\u0432\u043e\u0434\u0438 \u0442\u0430 \u043e\u0431\u0441\u043b\u0443\u0433\u043e\u0432\u0443\u0432\u0430\u043d\u043d\u044f \u0433\u043e\u0441\u0442\u0435\u0439<\/em><\/p>\n<p><span class=\"text-turquoise\">\u0411\u0440\u043e\u043d\u044e\u0432\u0430\u043d\u043d\u044f:<\/span> \u0422\u0443\u0440\u0438 \u0442\u0430 \u0435\u043a\u0441\u043a\u0443\u0440\u0441\u0456\u0457 \u0432 \u0414\u043e\u043c. Rep.<\/p>\n<p><img decoding=\"async\" class=\"emoji\" draggable=\"false\" src=\"https:\/\/s.w.org\/images\/core\/emoji\/11.2.0\/svg\/1f4de.svg\" alt=\"\ud83d\udcde\" title=\"\"> \u0422\u0435\u043b \/ Whatsapp\u00a0 <a href=\"tel:+1-809-720-6035\">+1-809-720-6035<\/a>.<\/p>\n<p><img decoding=\"async\" class=\"emoji\" draggable=\"false\" src=\"https:\/\/s.w.org\/images\/core\/emoji\/11.2.0\/svg\/1f4e9.svg\" alt=\"\ud83d\udce9\" title=\"\"> <a href=\"mailto:info@bookingadventures.com.do\">info@bookingadventures.com.do<\/a><\/p>\n<p><strong>\u041c\u0438 \u0433\u043d\u0443\u0447\u043a\u043e \u043d\u0430\u043b\u0430\u0448\u0442\u043e\u0432\u0443\u0454\u043c\u043e \u043f\u0440\u0438\u0432\u0430\u0442\u043d\u0456 \u0442\u0443\u0440\u0438 \u043f\u043e Whatsapp: <a href=\"tel:+18097206035\">+18097206035.<\/a><\/strong><\/p>\n\n\t\t<\/div>\n\t<\/div>\n<div class=\"vc_empty_space\"   style=\"height: 32px\"><span class=\"vc_empty_space_inner\"><\/span><\/div><\/div><\/div><\/div><\/div>","protected":false},"excerpt":{"rendered":"<p><strong>\u0411\u0443\u0434\u044c \u043b\u0430\u0441\u043a\u0430, \u0432\u0438\u0431\u0435\u0440\u0456\u0442\u044c \u0434\u0430\u0442\u0443 \u0442\u0443\u0440\u0443\u00a0<\/strong><\/p>","protected":false},"featured_media":131,"template":"","meta":[],"product_brand":[],"product_cat":[120,96,97,135,136,122,123,124],"product_tag":[138,140,155,156,142,143],"class_list":{"0":"post-38","1":"product","2":"type-product","3":"status-publish","4":"has-post-thumbnail","6":"product_cat-fees-entrace","7":"product_cat-hiking","8":"product_cat-horse-riding-to-waterfalls","9":"product_cat-lunch","10":"product_cat-safari-samana","11":"product_cat-tours-and-excursions","12":"product_cat-tours-excursions-los-haitises-national-park","13":"product_cat-tours-excursions-samana-bay-dominican-republic","14":"product_tag-beach-time","15":"product_tag-el-limon-waterfalls","16":"product_tag-hiking-el-limon","17":"product_tag-horses-el-limon","18":"product_tag-samana","19":"product_tag-samana-tours","21":"first","22":"instock","23":"sale","24":"featured","25":"sold-individually","26":"shipping-taxable","27":"product-type-external"},"_links":{"self":[{"href":"https:\/\/haitises.com\/uk\/wp-json\/wp\/v2\/product\/38","targetHints":{"allow":["GET"]}}],"collection":[{"href":"https:\/\/haitises.com\/uk\/wp-json\/wp\/v2\/product"}],"about":[{"href":"https:\/\/haitises.com\/uk\/wp-json\/wp\/v2\/types\/product"}],"wp:featuredmedia":[{"embeddable":true,"href":"https:\/\/haitises.com\/uk\/wp-json\/wp\/v2\/media\/131"}],"wp:attachment":[{"href":"https:\/\/haitises.com\/uk\/wp-json\/wp\/v2\/media?parent=38"}],"wp:term":[{"taxonomy":"product_brand","embeddable":true,"href":"https:\/\/haitises.com\/uk\/wp-json\/wp\/v2\/product_brand?post=38"},{"taxonomy":"product_cat","embeddable":true,"href":"https:\/\/haitises.com\/uk\/wp-json\/wp\/v2\/product_cat?post=38"},{"taxonomy":"product_tag","embeddable":true,"href":"https:\/\/haitises.com\/uk\/wp-json\/wp\/v2\/product_tag?post=38"}],"curies":[{"name":"wp","href":"https:\/\/api.w.org\/{rel}","templated":true}]}}