{"id":11657,"date":"2023-10-04T07:40:08","date_gmt":"2023-10-04T07:40:08","guid":{"rendered":"http:\/\/haitises.com\/?post_type=product&#038;p=11657"},"modified":"2024-03-31T23:53:14","modified_gmt":"2024-03-31T23:53:14","slug":"santo-domingo-city-tour-from-punta-cana-all-inclusive-day-trip-3","status":"publish","type":"product","link":"https:\/\/haitises.com\/uk\/\u043f\u0440\u0438\u0432\u0430\u0442\u043d\u0438\u0439\/santo-domingo-city-tour-from-punta-cana-all-inclusive-day-trip-3\/","title":{"rendered":"\u0415\u043a\u0441\u043a\u0443\u0440\u0441\u0456\u044f \u0432 \u0421\u0430\u043d\u0442\u043e-\u0414\u043e\u043c\u0456\u043d\u0433\u043e \u0437 \u041f\u0443\u043d\u0442\u0430-\u041a\u0430\u043d\u0438. \u041e\u0434\u043d\u043e\u0434\u0435\u043d\u043d\u0430 \u0435\u043a\u0441\u043a\u0443\u0440\u0441\u0456\u044f \"\u0412\u0441\u0435 \u0432\u043a\u043b\u044e\u0447\u0435\u043d\u043e\"."},"content":{"rendered":"<div class=\"vc_row wpb_row vc_row-fluid\" ><div class=\"wpb_column vc_column_container vc_col-sm-12\"><div class=\"vc_column-inner\"><div class=\"wpb_wrapper\">[mkdf_section_title title_tag=\u00bb\u00bb disable_break_words=\u00bbno\u00bb subtitle_tag=\u00bb\u00bb title=\u00bbSanto Domingo City Tour From Punta Cana. All-Inclusive Day Trip.\u00bb subtitle=\u00bbTransportation &amp; Lunch Included\u00bb]<\/div><\/div><\/div><\/div><div class=\"vc_row wpb_row vc_row-fluid\" ><div class=\"wpb_column vc_column_container vc_col-sm-12\"><div class=\"vc_column-inner\"><div class=\"wpb_wrapper\"><div class=\"vc_btn3-container vc_btn3-inline\" ><button class=\"vc_general vc_btn3 vc_btn3-size-md vc_btn3-shape-rounded vc_btn3-style-modern vc_btn3-color-green\">\u0420\u0415\u0417\u0415\u0420\u0412\u0423\u0412\u0410\u0422\u0418 \u0417\u0410\u0420\u0410\u0417<\/button><\/div>\n\t<div class=\"wpb_text_column wpb_content_element\" >\n\t\t<div class=\"wpb_wrapper\">\n\t\t\t<h3 class=\"ui_header h1 attractions-product-info-ProductTitle__title--1qM0o\"><\/h3>\n<h4><b><i>\u041e\u0433\u043b\u044f\u0434 <\/i><\/b><\/h4>\n<p>\u041f\u0440\u043e\u0432\u0435\u0434\u0456\u0442\u044c \u0434\u0435\u043d\u044c \u0443 \u043a\u043e\u043b\u043e\u043d\u0456\u0430\u043b\u044c\u043d\u0456\u0439 \u0456\u0441\u0442\u043e\u0440\u0438\u0447\u043d\u0456\u0439 \u0437\u043e\u043d\u0456 \u043d\u0430\u0439\u0441\u0442\u0430\u0440\u0456\u0448\u043e\u0433\u043e \u043c\u0456\u0441\u0442\u0430 \u041b\u0430\u0442\u0438\u043d\u0441\u044c\u043a\u043e\u0457 \u0410\u043c\u0435\u0440\u0438\u043a\u0438.  \u0414\u043e\u0441\u043b\u0456\u0434\u0456\u0442\u044c \u0442\u0430\u043a\u0456 \u0432\u0438\u0437\u043d\u0430\u0447\u043d\u0456 \u043f\u0430\u043c'\u044f\u0442\u043a\u0438, \u044f\u043a \u041f\u043b\u043e\u0449\u0430 \u0406\u0441\u043f\u0430\u043d\u0456\u0457, \u041d\u0430\u0446\u0456\u043e\u043d\u0430\u043b\u044c\u043d\u0438\u0439 \u043f\u0430\u043b\u0430\u0446, \u043c\u0430\u044f\u043a \u041a\u043e\u043b\u0443\u043c\u0431\u0430 \u0442\u0430 \u041a\u043e\u043b\u043e\u043d\u0456\u0430\u043b\u044c\u043d\u0430 \u0437\u043e\u043d\u0430.<\/p>\n<p>\u0417\u0443\u043f\u0438\u043d\u0456\u0442\u044c\u0441\u044f \u0432 \u041d\u0430\u0446\u0456\u043e\u043d\u0430\u043b\u044c\u043d\u043e\u043c\u0443 \u043f\u0430\u0440\u043a\u0443 Tree Eyes \u0456 \u043f\u043e\u0434\u0438\u0432\u0456\u0442\u044c\u0441\u044f \u043d\u0430 \u043f\u0456\u0434\u0437\u0435\u043c\u043d\u0456 \u043f\u0435\u0447\u0435\u0440\u0438 \u0456 \u043b\u0430\u0433\u0443\u043d\u0438, \u044f\u043a\u0438\u043c\u0438 \u043a\u043e\u0440\u0438\u0441\u0442\u0443\u0432\u0430\u043b\u0438\u0441\u044f \u0456\u043d\u0434\u0456\u0430\u043d\u0446\u0456 \u0442\u0430\u0457\u043d\u043e. \u0421\u043f\u043e\u0447\u0430\u0442\u043a\u0443 \u0432\u0430\u0441 \u0437\u0430\u0431\u0435\u0440\u0443\u0442\u044c \u0437 \u0433\u043e\u0442\u0435\u043b\u044e \u0430\u0432\u0442\u043e\u0431\u0443\u0441\u043e\u043c.<\/p>\n<p>\u0415\u043a\u0441\u043a\u0443\u0440\u0441\u0456\u044f \u0440\u043e\u0437\u043f\u043e\u0447\u043d\u0435\u0442\u044c\u0441\u044f \u0456\u0437 \u0437\u0443\u0441\u0442\u0440\u0456\u0447\u0456 \u0437 \u043f\u0440\u043e\u0444\u0435\u0441\u0456\u0439\u043d\u0438\u043c \u0433\u0456\u0434\u043e\u043c, \u044f\u043a\u0438\u0439 \u043d\u0430\u0434\u0430\u0441\u0442\u044c \u0432\u0430\u043c \u0434\u0435\u044f\u043a\u0443 \u0456\u043d\u0444\u043e\u0440\u043c\u0430\u0446\u0456\u044e \u043f\u0440\u043e \u043e\u0441\u0442\u0440\u0456\u0432 \u0442\u0430 \u0434\u043e\u043c\u0456\u043d\u0456\u043a\u0430\u043d\u0441\u044c\u043a\u0443 \u043a\u0443\u043b\u044c\u0442\u0443\u0440\u0443, \u0457\u0436\u0443, \u043c\u0443\u0437\u0438\u043a\u0443 \u0442\u0430 \u0431\u0430\u0433\u0430\u0442\u043e \u0456\u043d\u0448\u043e\u0433\u043e. \u041e\u0431\u0456\u0434 \u0443 \u0442\u0438\u043f\u043e\u0432\u043e\u043c\u0443 \u0434\u043e\u043c\u0456\u043d\u0456\u043a\u0430\u043d\u0441\u044c\u043a\u043e\u043c\u0443 \u0440\u0435\u0441\u0442\u043e\u0440\u0430\u043d\u0456 \u0432\u043a\u043b\u044e\u0447\u0435\u043d\u0438\u0439 \u0443 \u0432\u0430\u0440\u0442\u0456\u0441\u0442\u044c \u0442\u0443\u0440\u0443. \u0426\u044f \u0435\u043a\u0441\u043a\u0443\u0440\u0441\u0456\u044f, \u0431\u0435\u0437\u0443\u043c\u043e\u0432\u043d\u043e, \u0434\u0430\u0441\u0442\u044c \u0432\u0430\u043c \u0441\u043f\u0440\u0430\u0432\u0436\u043d\u044e \u0456\u0441\u0442\u043e\u0440\u0456\u044e \u0446\u044c\u043e\u0433\u043e \u043e\u0441\u0442\u0440\u043e\u0432\u0430!<\/p>\n<p>\u041f\u0456\u0441\u043b\u044f \u0446\u044c\u043e\u0433\u043e \u0434\u043e\u0441\u0432\u0456\u0434\u0443 \u0432\u0438 \u043f\u043e\u0432\u0435\u0440\u043d\u0435\u0442\u0435\u0441\u044c \u0434\u043e \u043b\u043e\u043a\u0430\u0446\u0456\u0457, \u0434\u0435 \u0437\u0443\u0441\u0442\u0440\u0456\u043d\u0435\u0442\u0435\u0441\u044c \u0437 \u0433\u0456\u0434\u043e\u043c<\/p>\n<p>&nbsp;<\/p>\n<h4><b>\u0412\u043a\u043b\u044e\u0447\u0435\u043d\u043d\u044f \u0442\u0430 \u0432\u0438\u043a\u043b\u044e\u0447\u0435\u043d\u043d\u044f<\/b><\/h4>\n<p><b>\u0412\u043a\u043b\u044e\u0447\u0435\u043d\u043d\u044f<\/b><\/p>\n<ol>\n<li>\u041e\u0431\u0456\u0434\u043d\u0456\u0439 \u0448\u0432\u0435\u0434\u0441\u044c\u043a\u0438\u0439 \u0441\u0442\u0456\u043b<\/li>\n<li>\u041c\u0430\u044f\u043a \u041a\u043e\u043b\u0443\u043c\u0431\u0430<\/li>\n<li>\u041e\u0434\u043d\u043e\u0434\u0435\u043d\u043d\u0430 \u043f\u043e\u0457\u0437\u0434\u043a\u0430 \u0432 \u0421\u0430\u043d\u0442\u043e-\u0414\u043e\u043c\u0456\u043d\u0433\u043e<\/li>\n<li>\u041d\u0430\u0446\u0456\u043e\u043d\u0430\u043b\u044c\u043d\u0438\u0439 \u043f\u0430\u0440\u043a \u041b\u043e\u0441-\u0422\u0440\u0435\u0441-\u041e\u0445\u043e\u0441<\/li>\n<li>\u041f\u0440\u043e\u0433\u0443\u043b\u044f\u043d\u043a\u0430 \u043a\u043e\u043b\u043e\u043d\u0456\u0430\u043b\u044c\u043d\u043e\u044e \u0437\u043e\u043d\u043e\u044e<\/li>\n<li>\u041d\u0430\u0446\u0456\u043e\u043d\u0430\u043b\u044c\u043d\u0438\u0439 \u043f\u0430\u043b\u0430\u0446<\/li>\n<li>\u00a0\u041f\u043b\u043e\u0449\u0430 \u0406\u0441\u043f\u0430\u043d\u0456\u0457<\/li>\n<li style=\"font-weight: 400;\"><span style=\"font-weight: 400;\">\u0423\u0441\u0456 \u043f\u043e\u0434\u0430\u0442\u043a\u0438, \u0437\u0431\u043e\u0440\u0438 \u0442\u0430 \u0432\u0438\u0442\u0440\u0430\u0442\u0438 \u043d\u0430 \u043e\u0431\u0441\u043b\u0443\u0433\u043e\u0432\u0443\u0432\u0430\u043d\u043d\u044f<\/span><\/li>\n<li style=\"font-weight: 400;\"><span style=\"font-weight: 400;\">\u041c\u0456\u0441\u0446\u0435\u0432\u0456 \u043f\u043e\u0434\u0430\u0442\u043a\u0438<\/span><\/li>\n<li style=\"font-weight: 400;\"><span style=\"font-weight: 400;\">\u041d\u0430\u043f\u043e\u0457<\/span><\/li>\n<li>\u0417\u0430\u043a\u0443\u0441\u043a\u0438<\/li>\n<li style=\"font-weight: 400;\"><span style=\"font-weight: 400;\">\u041c\u0456\u0441\u0446\u0435\u0432\u0438\u0439 \u0433\u0456\u0434<\/span><\/li>\n<\/ol>\n<p><b> \u0412\u0438\u043d\u044f\u0442\u043a\u0438<\/b><\/p>\n<ol>\n<li style=\"font-weight: 400;\"><span style=\"font-weight: 400;\">\u0427\u0430\u0439\u043e\u0432\u0456<\/span><\/li>\n<li style=\"font-weight: 400;\"><span style=\"font-weight: 400;\">\u0410\u043b\u043a\u043e\u0433\u043e\u043b\u044c\u043d\u0456 \u043d\u0430\u043f\u043e\u0457<\/span><\/li>\n<\/ol>\n<p>&nbsp;<\/p>\n<h4><em><strong>\u0412\u0438\u0457\u0437\u0434 \u0442\u0430 \u043f\u043e\u0432\u0435\u0440\u043d\u0435\u043d\u043d\u044f<\/strong><\/em><\/h4>\n<p><span style=\"font-weight: 400;\">\u041c\u0430\u043d\u0434\u0440\u0456\u0432\u043d\u0438\u043a \u043e\u0442\u0440\u0438\u043c\u0430\u0454 \u043c\u0456\u0441\u0446\u0435 \u0437\u0443\u0441\u0442\u0440\u0456\u0447\u0456 \u043f\u0456\u0441\u043b\u044f \u043f\u0440\u043e\u0446\u0435\u0441\u0443 \u0431\u0440\u043e\u043d\u044e\u0432\u0430\u043d\u043d\u044f. \u0415\u043a\u0441\u043a\u0443\u0440\u0441\u0456\u0457 \u043f\u043e\u0447\u0438\u043d\u0430\u044e\u0442\u044c\u0441\u044f \u0456 \u0437\u0430\u043a\u0456\u043d\u0447\u0443\u044e\u0442\u044c\u0441\u044f \u0443 \u0432\u0430\u0448\u043e\u043c\u0443 \u043c\u0456\u0441\u0446\u0456 \u0437\u0443\u0441\u0442\u0440\u0456\u0447\u0456.<\/span><\/p>\n<h3><\/h3>\n<h3 class=\"ui_header h1 attractions-product-info-ProductTitle__title--1qM0o\">\u0415\u043a\u0441\u043a\u0443\u0440\u0441\u0456\u044f \u0432 \u0421\u0430\u043d\u0442\u043e-\u0414\u043e\u043c\u0456\u043d\u0433\u043e \u0437 \u041f\u0443\u043d\u0442\u0430-\u041a\u0430\u043d\u0438. \u041e\u0434\u043d\u043e\u0434\u0435\u043d\u043d\u0430 \u0435\u043a\u0441\u043a\u0443\u0440\u0441\u0456\u044f \"\u0412\u0441\u0435 \u0432\u043a\u043b\u044e\u0447\u0435\u043d\u043e\".<\/h3>\n<h4><b><i>\u0427\u043e\u0433\u043e \u043e\u0447\u0456\u043a\u0443\u0432\u0430\u0442\u0438?<\/i><\/b><\/h4>\n<div class=\"apd_content_block\" data-tab=\"TABS_OVERVIEW\">\n<div class=\"ui_card section attractions-product-details-Overview__sectionMargin--uHktd attractions-product-details-Overview__cleanslateOverrideDT--39Ov7\"><\/div>\n<\/div>\n<div data-tab=\"TABS_WHAT_TO_EXPECT\">\n<div class=\"ui_card attractions-card-CollapsibleProductDetailsCard__cardContainer--3r2wk attractions-card-CollapsibleProductDetailsCard__cleanslateOverrideDT--2AJh0\">\n<div class=\"attractions-card-CollapsibleCard__header--IDA3r\">\n<div class=\"attractions-card-CollapsibleCard__headerSection--3gTKb\"><\/div>\n<\/div>\n<div class=\"attractions-card-CollapsibleCard__content--2Ws8q\">\n<div class=\"attractions-card-CollapsibleCard__contentWrap--374jk attractions-card-CollapsibleCard__titleUnderline--1uHze\">\n<div class=\"attractions-card-CollapsibleProductDetailsCard__cardContent--23ext\">\n<div class=\"common-text-ReadMore__readMore--3Iu8c common-text-ReadMore__variantFadeOut--1tInd\">\n<div class=\"common-text-ReadMore__content--2X4LR\">\n<div class=\"ui_columns is-desktop\">\n<div class=\"ui_column\">\u0421\u0430\u043d\u0442\u043e-\u0414\u043e\u043c\u0456\u043d\u0433\u043e - \u0447\u0430\u0440\u0456\u0432\u043d\u0435 \u043c\u0456\u0441\u0442\u043e, \u0441\u043f\u043e\u0432\u043d\u0435\u043d\u0435 \u0456\u0441\u0442\u043e\u0440\u0456\u0457, \u043a\u0443\u043b\u044c\u0442\u0443\u0440\u0438 \u0442\u0430 \u0434\u0438\u0432\u043e\u0432\u0438\u0436\u043d\u0438\u0445 \u043f\u0435\u0439\u0437\u0430\u0436\u0456\u0432. \u041f\u0440\u043e\u0433\u0443\u043b\u044f\u043d\u043a\u0430 \u043d\u0430\u0439\u0441\u0442\u0430\u0440\u0456\u0448\u043e\u044e \u0441\u0442\u043e\u043b\u0438\u0446\u0435\u044e \"\u041d\u043e\u0432\u043e\u0433\u043e\" \u0421\u0432\u0456\u0442\u0443; \u0421\u0430\u043d\u0442\u043e-\u0414\u043e\u043c\u0456\u043d\u0433\u043e - \u043f\u0435\u0440\u0448\u0435 \u043c\u0456\u0441\u0442\u043e, \u0437\u0430\u0441\u043d\u043e\u0432\u0430\u043d\u0435 \u0432 \u0410\u043c\u0435\u0440\u0438\u0446\u0456.<\/div>\n<div>\u0423 1992 \u0440\u043e\u0446\u0456 \u0421\u0430\u043d\u0442\u043e-\u0414\u043e\u043c\u0456\u043d\u0433\u043e, \u043d\u0430\u0439\u0441\u0442\u0430\u0440\u0456\u0448\u0435 \u043c\u0456\u0441\u0442\u043e \u0410\u043c\u0435\u0440\u0438\u043a\u0438, \u0432\u0456\u0434\u0441\u0432\u044f\u0442\u043a\u0443\u0432\u0430\u043b\u043e \u0441\u0432\u043e\u0454 500-\u0440\u0456\u0447\u0447\u044f \u0437 \u0434\u043d\u044f \u0432\u0456\u0434\u043a\u0440\u0438\u0442\u0442\u044f \u0425\u0440\u0438\u0441\u0442\u043e\u0444\u043e\u0440\u043e\u043c \u041a\u043e\u043b\u0443\u043c\u0431\u043e\u043c. \u0423 \u0421\u0430\u043d\u0442\u043e-\u0414\u043e\u043c\u0456\u043d\u0433\u043e \u0437\u043d\u0430\u0445\u043e\u0434\u044f\u0442\u044c\u0441\u044f \u043f\u0435\u0440\u0448\u0438\u0439 \u0441\u043e\u0431\u043e\u0440, \u0443\u043d\u0456\u0432\u0435\u0440\u0441\u0438\u0442\u0435\u0442 \u0456 \u0440\u0430\u0442\u0443\u0448\u0430 \u041d\u043e\u0432\u043e\u0433\u043e \u0421\u0432\u0456\u0442\u0443. \u0412\u0435\u0441\u044c \u0446\u0435\u043d\u0442\u0440 \u043c\u0456\u0441\u0442\u0430 \u043f\u0435\u0440\u0435\u043f\u043e\u0432\u043d\u0435\u043d\u0438\u0439 \u043a\u043e\u043b\u043e\u043d\u0456\u0430\u043b\u044c\u043d\u0438\u043c\u0438 \u0431\u0443\u0434\u0456\u0432\u043b\u044f\u043c\u0438 15-\u0433\u043e \u0456 16-\u0433\u043e \u0441\u0442\u043e\u043b\u0456\u0442\u044c.<\/div>\n<div>On this tour you will not only visit the most important historical buildings but also some museums and a fascinating cave. \u00abLos Tres Ojos\u00bb is the first stop where you will see a cave learn about Taino Indian life.<\/div>\n<div><\/div>\n<\/div>\n<\/div>\n<\/div>\n<\/div>\n<\/div>\n<\/div>\n<\/div>\n<\/div>\n<h4><em><strong>\u0429\u043e \u043f\u043e\u0442\u0440\u0456\u0431\u043d\u043e \u0432\u0437\u044f\u0442\u0438 \u0437 \u0441\u043e\u0431\u043e\u044e?<\/strong><\/em><\/h4>\n<ul>\n<li style=\"font-weight: 400;\"><span style=\"font-weight: 400;\">\u041a\u0430\u043c\u0435\u0440\u0430<\/span><\/li>\n<li style=\"font-weight: 400;\"><span style=\"font-weight: 400;\">\u0420\u0435\u043f\u0435\u043b\u0435\u043d\u0442\u043d\u0456 \u0431\u0440\u0443\u043d\u044c\u043a\u0438<\/span><\/li>\n<li style=\"font-weight: 400;\"><span style=\"font-weight: 400;\">\u0421\u043e\u043d\u0446\u0435\u0437\u0430\u0445\u0438\u0441\u043d\u0438\u0439 \u043a\u0440\u0435\u043c.<\/span><\/li>\n<li style=\"font-weight: 400;\"><span style=\"font-weight: 400;\">\u041a\u0430\u043f\u0435\u043b\u044e\u0445<\/span><\/li>\n<li style=\"font-weight: 400;\"><span style=\"font-weight: 400;\">\u0417\u0440\u0443\u0447\u043d\u0456 \u0448\u0442\u0430\u043d\u0438<\/span><\/li>\n<li style=\"font-weight: 400;\"><span style=\"font-weight: 400;\">\u0422\u0443\u0440\u0438\u0441\u0442\u0438\u0447\u043d\u0435 \u0432\u0437\u0443\u0442\u0442\u044f\u00a0<\/span><\/li>\n<li style=\"font-weight: 400;\"><span style=\"font-weight: 400;\">\u0411\u043e\u0441\u043e\u043d\u0456\u0436\u043a\u0438 \u0434\u043b\u044f \u0432\u0435\u0441\u043d\u044f\u043d\u0438\u0445 \u0440\u0430\u0439\u043e\u043d\u0456\u0432.<\/span><\/li>\n<li style=\"font-weight: 400;\"><span style=\"font-weight: 400;\">\u041a\u0443\u043f\u0430\u043b\u044c\u043d\u0438\u043a\u0438<\/span><\/li>\n<\/ul>\n<p>&nbsp;<\/p>\n<h4><b><i>Pickup Hotel <\/i><\/b><\/h4>\n<p><span style=\"font-weight: 400;\">\u041f\u0440\u043e\u043f\u043e\u043d\u0443\u0454\u0442\u044c\u0441\u044f \u0442\u0440\u0430\u043d\u0441\u0444\u0435\u0440 \u0434\u043b\u044f \u043c\u0430\u043d\u0434\u0440\u0456\u0432\u043d\u0438\u043a\u0456\u0432!<\/span><\/p>\n<p><span style=\"font-weight: 400;\">\u041c\u0438 \u0437\u0430\u0431\u0438\u0440\u0430\u0454\u043c\u043e \u0437 \u0443\u0441\u0456\u0445 \u0433\u043e\u0442\u0435\u043b\u0456\u0432 \u0443 \u041f\u0443\u043d\u0442\u0430-\u041a\u0430\u043d\u0456. \u041c\u0456\u0441\u0446\u0435 \u043e\u0442\u0440\u0438\u043c\u0430\u043d\u043d\u044f - \u0444\u043e\u0439\u0454 \u0433\u043e\u0442\u0435\u043b\u044e<br \/>\n\u042f\u043a\u0449\u043e \u0432\u0438 \u0437\u0443\u043f\u0438\u043d\u0438\u043b\u0438\u0441\u044f \u0432 \u043a\u043e\u043d\u0434\u043e\u043c\u0456\u043d\u0456\u0443\u043c\u0456 \u0432 \u0446\u044c\u043e\u043c\u0443 \u0440\u0430\u0439\u043e\u043d\u0456, \u043c\u0438 \u0437\u0430\u0431\u0435\u0440\u0435\u043c\u043e \u0432\u0430\u0441 \u0437 \u043a\u043e\u043d\u0434\u043e\u043c\u0456\u043d\u0456\u0443\u043c\u0443 \u0430\u0431\u043e \u0431\u0456\u043b\u044f \u0432\u0445\u043e\u0434\u0443 \u0432 \u043d\u0430\u0439\u0431\u043b\u0438\u0436\u0447\u0438\u0439 \u043a\u0443\u0440\u043e\u0440\u0442 ... \u041c\u0438 \u043f\u0440\u0438\u0437\u043d\u0430\u0447\u0430\u0454\u043c\u043e \u0437\u0443\u0441\u0442\u0440\u0456\u0447, \u0437\u0432'\u044f\u0437\u0430\u0432\u0448\u0438\u0441\u044c \u0437 \u043d\u0430\u043c\u0438 \u043f\u043e Whatsapp.<\/span><\/p>\n<p><b>\u0417\u0430\u0443\u0432\u0430\u0436\u0442\u0435:<\/b><span style=\"font-weight: 400;\"> \u042f\u043a\u0449\u043e \u0432\u0438 \u0440\u043e\u0431\u0438\u0442\u0435 \u0431\u0440\u043e\u043d\u044e\u0432\u0430\u043d\u043d\u044f \u043f\u0440\u043e\u0442\u044f\u0433\u043e\u043c 24 \u0433\u043e\u0434\u0438\u043d \u0437 \u043c\u043e\u043c\u0435\u043d\u0442\u0443 \u0432\u0456\u0434\u043f\u0440\u0430\u0432\u043b\u0435\u043d\u043d\u044f \u0442\u0443\u0440\u0443\/\u0435\u043a\u0441\u043a\u0443\u0440\u0441\u0456\u0457, \u043c\u0438 \u043c\u043e\u0436\u0435\u043c\u043e \u043e\u0440\u0433\u0430\u043d\u0456\u0437\u0443\u0432\u0430\u0442\u0438 \u0442\u0440\u0430\u043d\u0441\u0444\u0435\u0440 \u0437 \u0433\u043e\u0442\u0435\u043b\u044e. \u041f\u0456\u0441\u043b\u044f \u0437\u0430\u0432\u0435\u0440\u0448\u0435\u043d\u043d\u044f \u043f\u043e\u043a\u0443\u043f\u043a\u0438 \u043c\u0438 \u043d\u0430\u0434\u0456\u0448\u043b\u0435\u043c\u043e \u0432\u0430\u043c \u043f\u043e\u0432\u043d\u0443 \u043a\u043e\u043d\u0442\u0430\u043a\u0442\u043d\u0443 \u0456\u043d\u0444\u043e\u0440\u043c\u0430\u0446\u0456\u044e (\u043d\u043e\u043c\u0435\u0440 \u0442\u0435\u043b\u0435\u0444\u043e\u043d\u0443, \u0430\u0434\u0440\u0435\u0441\u0443 \u0435\u043b\u0435\u043a\u0442\u0440\u043e\u043d\u043d\u043e\u0457 \u043f\u043e\u0448\u0442\u0438 \u0442\u043e\u0449\u043e), \u0449\u043e\u0431 \u043d\u0430\u0448 \u043c\u0456\u0441\u0446\u0435\u0432\u0438\u0439 \u0433\u0456\u0434 \u0437\u043c\u0456\u0433 \u043e\u0440\u0433\u0430\u043d\u0456\u0437\u0443\u0432\u0430\u0442\u0438 \u0437\u0443\u0441\u0442\u0440\u0456\u0447.<\/span><\/p>\n<h4><b><i>\u041f\u0456\u0434\u0442\u0432\u0435\u0440\u0434\u0436\u0435\u043d\u043d\u044f \u0434\u043e\u0434\u0430\u0442\u043a\u043e\u0432\u043e\u0457 \u0456\u043d\u0444\u043e\u0440\u043c\u0430\u0446\u0456\u0457 <\/i><\/b><\/h4>\n<ol>\n<li>\u041a\u0432\u0438\u0442\u043a\u0438 - \u0446\u0435 \u043a\u0432\u0438\u0442\u0430\u043d\u0446\u0456\u044f \u043f\u0456\u0441\u043b\u044f \u043e\u043f\u043b\u0430\u0442\u0438 \u0446\u044c\u043e\u0433\u043e \u0442\u0443\u0440\u0443. \u0412\u0438 \u043c\u043e\u0436\u0435\u0442\u0435 \u043f\u043e\u043a\u0430\u0437\u0430\u0442\u0438 \u043f\u043b\u0430\u0442\u0456\u0436 \u043d\u0430 \u0441\u0432\u043e\u0454\u043c\u0443 \u0442\u0435\u043b\u0435\u0444\u043e\u043d\u0456.<\/li>\n<li style=\"font-weight: 400;\"><span style=\"font-weight: 400;\">\u041c\u0456\u0441\u0446\u0435 \u0437\u0443\u0441\u0442\u0440\u0456\u0447\u0456 \u0431\u0443\u0434\u0435 \u043f\u043e\u0432\u0456\u0434\u043e\u043c\u043b\u0435\u043d\u043e \u043f\u0456\u0441\u043b\u044f \u0437\u0430\u0432\u0435\u0440\u0448\u0435\u043d\u043d\u044f \u043f\u0440\u043e\u0446\u0435\u0441\u0443 \u0431\u0440\u043e\u043d\u044e\u0432\u0430\u043d\u043d\u044f.<\/span><\/li>\n<li style=\"font-weight: 400;\"><span style=\"font-weight: 400;\">\u0414\u0456\u0442\u0438 \u043f\u043e\u0432\u0438\u043d\u043d\u0456 \u0431\u0443\u0442\u0438 \u0432 \u0441\u0443\u043f\u0440\u043e\u0432\u043e\u0434\u0456 \u0434\u043e\u0440\u043e\u0441\u043b\u0438\u0445.<\/span><\/li>\n<li style=\"font-weight: 400;\"><span style=\"font-weight: 400;\"> \u041d\u0435 \u043f\u0440\u0438\u0441\u0442\u043e\u0441\u043e\u0432\u0430\u043d\u043e \u0434\u043b\u044f \u0456\u043d\u0432\u0430\u043b\u0456\u0434\u043d\u0438\u0445 \u0432\u0456\u0437\u043a\u0456\u0432 <\/span><\/li>\n<li style=\"font-weight: 400;\"><span style=\"font-weight: 400;\">\u041d\u0435\u043c\u043e\u0432\u043b\u044f\u0442\u0430 \u043f\u043e\u0432\u0438\u043d\u043d\u0456 \u0441\u0438\u0434\u0456\u0442\u0438 \u043d\u0430 \u043a\u043e\u043b\u0456\u043d\u0430\u0445 <\/span><\/li>\n<li style=\"font-weight: 400;\"><span style=\"font-weight: 400;\">\u041d\u0435 \u0440\u0435\u043a\u043e\u043c\u0435\u043d\u0434\u0443\u0454\u0442\u044c\u0441\u044f \u043c\u0430\u043d\u0434\u0440\u0456\u0432\u043d\u0438\u043a\u0430\u043c \u0456\u0437 \u043f\u0440\u043e\u0431\u043b\u0435\u043c\u0430\u043c\u0438 \u0441\u043f\u0438\u043d\u0438<\/span><\/li>\n<li style=\"font-weight: 400;\"><span style=\"font-weight: 400;\">\u041d\u0435 \u0440\u0435\u043a\u043e\u043c\u0435\u043d\u0434\u0443\u0454\u0442\u044c\u0441\u044f \u0434\u043b\u044f \u0432\u0430\u0433\u0456\u0442\u043d\u0438\u0445 \u043c\u0430\u043d\u0434\u0440\u0456\u0432\u043d\u0438\u0446\u044c <\/span><\/li>\n<li style=\"font-weight: 400;\"><span style=\"font-weight: 400;\"> \u0412\u0456\u0434\u0441\u0443\u0442\u043d\u0456\u0441\u0442\u044c \u043f\u0440\u043e\u0431\u043b\u0435\u043c \u0456\u0437 \u0441\u0435\u0440\u0446\u0435\u043c \u0430\u0431\u043e \u0456\u043d\u0448\u0438\u0445 \u0441\u0435\u0440\u0439\u043e\u0437\u043d\u0438\u0445 \u0437\u0430\u0445\u0432\u043e\u0440\u044e\u0432\u0430\u043d\u044c <\/span><\/li>\n<li style=\"font-weight: 400;\"><span style=\"font-weight: 400;\">\u0411\u0456\u043b\u044c\u0448\u0456\u0441\u0442\u044c \u043c\u0430\u043d\u0434\u0440\u0456\u0432\u043d\u0438\u043a\u0456\u0432 \u043c\u043e\u0436\u0443\u0442\u044c \u0432\u0437\u044f\u0442\u0438 \u0443\u0447\u0430\u0441\u0442\u044c<\/span><\/li>\n<\/ol>\n<h4><b><i>\u041f\u043e\u043b\u0456\u0442\u0438\u043a\u0430 \u0430\u043d\u0443\u043b\u044f\u0446\u0456\u0457<\/i><\/b><\/h4>\n<p>For a full refund, please read our Cancellations policies\u00a0<a href=\"https:\/\/www.ticketswhales.com\/online-booking\/\" target=\"_blank\" rel=\"noopener\" data-saferedirecturl=\"https:\/\/www.google.com\/url?q=https:\/\/www.ticketswhales.com\/online-booking\/&amp;source=gmail&amp;ust=1672449202351000&amp;usg=AOvVaw1yAeVAPktmaVCqDujgUn90\">Click here<\/a>. Funds will be lost if the reservation is cancelled the same day of the trip.<\/p>\n\n\t\t<\/div>\n\t<\/div>\n<div class=\"vc_btn3-container vc_btn3-inline\" ><button class=\"vc_general vc_btn3 vc_btn3-size-md vc_btn3-shape-rounded vc_btn3-style-modern vc_btn3-color-green\">\u0420\u0415\u0417\u0415\u0420\u0412\u0423\u0412\u0410\u0422\u0418 \u0417\u0410\u0420\u0410\u0417<\/button><\/div><\/div><\/div><\/div><\/div><div class=\"vc_row wpb_row vc_row-fluid\" ><div class=\"wpb_column vc_column_container vc_col-sm-12\"><div class=\"vc_column-inner\"><div class=\"wpb_wrapper\">\n\t<div class=\"wpb_video_widget wpb_content_element vc_clearfix   vc_video-aspect-ratio-169 vc_video-el-width-100 vc_video-align-left\" >\n\t\t<div class=\"wpb_wrapper\">\n\t\t\t<h2 class=\"wpb_heading wpb_video_heading\">\u0412\u0456\u0434\u0435\u043e \u0437 \u0421\u0430\u043d\u0442\u043e-\u0414\u043e\u043c\u0456\u043d\u0433\u043e:<\/h2>\n\t\t\t<div class=\"wpb_video_wrapper\"><iframe loading=\"lazy\" title=\"\u0421\u0430\u043d\u0442\u043e-\u0414\u043e\u043c\u0456\u043d\u0433\u043e, \u0441\u0442\u043e\u043b\u0438\u0446\u044f \u0414\u043e\u043c\u0456\u043d\u0456\u043a\u0430\u043d\u0441\u044c\u043a\u043e\u0457 \u0420\u0435\u0441\u043f\u0443\u0431\u043b\u0456\u043a\u0438 | \u041f\u041e\u0414\u041e\u0420\u041e\u0416\u041d\u0406\u0419 \u0429\u041e\u0414\u0415\u041d\u041d\u0418\u041a\" width=\"1100\" height=\"619\" src=\"https:\/\/www.youtube.com\/embed\/CixCl3alHJw?feature=oembed\" frameborder=\"0\" allow=\"accelerometer; autoplay; clipboard-write; encrypted-media; gyroscope; picture-in-picture; web-share\" allowfullscreen><\/iframe><\/div>\n\t\t<\/div>\n\t<\/div>\n<\/div><\/div><\/div><\/div><div class=\"vc_row wpb_row vc_row-fluid\" ><\/div><div class=\"wpb_column vc_column_container vc_col-sm-12\"><div class=\"vc_column-inner\"><div class=\"wpb_wrapper\"><div class=\"vc_btn3-container vc_btn3-inline\" ><button class=\"vc_general vc_btn3 vc_btn3-size-md vc_btn3-shape-rounded vc_btn3-style-modern vc_btn3-color-green\">\u0420\u0415\u0417\u0415\u0420\u0412\u0423\u0412\u0410\u0422\u0418 \u0417\u0410\u0420\u0410\u0417<\/button><\/div><\/div><\/div><\/div><div class=\"vc_empty_space\"   style=\"height: 32px\"><span class=\"vc_empty_space_inner\"><\/span><\/div><div class=\"vc_empty_space\"   style=\"height: 32px\"><span class=\"vc_empty_space_inner\"><\/span><\/div><div class=\"vc_row wpb_row vc_row-fluid\" ><div class=\"wpb_column vc_column_container vc_col-sm-12\"><div class=\"vc_column-inner\"><div class=\"wpb_wrapper\"><\/div><\/div><\/div><\/div>","protected":false},"excerpt":{"rendered":"<p><span style=\"vertical-align: inherit;\"><span style=\"vertical-align: inherit;\">Para experimentar verdaderamente la rica historia y cultura de la Rep\u00fablica Dominicana, \u00fanase a nosotros en un recorrido de todo el d\u00eda por Santo Domingo, la ciudad m\u00e1s antigua de Am\u00e9rica. <\/span><span style=\"vertical-align: inherit;\">Viajando en un autob\u00fas moderno, limpio y c\u00f3modo, ser\u00e1 entretenido por un gu\u00eda profesional que har\u00e1 que este viaje sea a la vez animado e informativo.<\/span><\/span><\/p>\n<p><span style=\"vertical-align: inherit;\"><span style=\"vertical-align: inherit;\">Ver\u00e1 muchos sitios interesantes en el camino, incluido el r\u00edo Chav\u00f3n, que ha aparecido en pel\u00edculas, como Apocalypse Now y Rambo. <\/span><span style=\"vertical-align: inherit;\">Visitando el Parque Nacional Los Tres Ojos y la Zona Colonial completa luego de un Almuerzo T\u00edpico Buffet.<\/span><\/span><\/p>\n<p>&nbsp;<\/p>\n<p><strong><span style=\"vertical-align: inherit;\"><span style=\"vertical-align: inherit;\">Seleccione la fecha para el City Tour:\u00a0<\/span><\/span><\/strong><\/p>","protected":false},"featured_media":11686,"template":"","meta":[],"product_brand":[],"product_cat":[576,120,135,569,591,303,304,305,122],"product_tag":[306,307,308,309,310,311,312,313,314,315,316],"class_list":{"0":"post-11657","1":"product","2":"type-product","3":"status-publish","4":"has-post-thumbnail","6":"product_cat-1-punta-cana","7":"product_cat-fees-entrace","8":"product_cat-lunch","9":"product_cat-punta-cana-group-tours","10":"product_cat-punta-cana-santo-domingo","11":"product_cat-santo-domingo-from-punta-cana","12":"product_cat-tours-excursion-santo-domingo","13":"product_cat-tours-and-excursion-punta-cana","14":"product_cat-tours-and-excursions","15":"product_tag-columbus-lighthouse","16":"product_tag-day-trip-santo-domingo","17":"product_tag-los-tres-ojos-national-park","18":"product_tag-los-tres-ojos-santo-domingo","19":"product_tag-santo-domingo-city-tour","20":"product_tag-santo-domingo-excursion","21":"product_tag-santo-domingo-tour","22":"product_tag-the-3-eyes","23":"product_tag-the-colonial-zone","24":"product_tag-the-national-palace","25":"product_tag-the-plaza-de-espana","27":"first","28":"instock","29":"sale","30":"sold-individually","31":"shipping-taxable","32":"product-type-external"},"_links":{"self":[{"href":"https:\/\/haitises.com\/uk\/wp-json\/wp\/v2\/product\/11657","targetHints":{"allow":["GET"]}}],"collection":[{"href":"https:\/\/haitises.com\/uk\/wp-json\/wp\/v2\/product"}],"about":[{"href":"https:\/\/haitises.com\/uk\/wp-json\/wp\/v2\/types\/product"}],"wp:featuredmedia":[{"embeddable":true,"href":"https:\/\/haitises.com\/uk\/wp-json\/wp\/v2\/media\/11686"}],"wp:attachment":[{"href":"https:\/\/haitises.com\/uk\/wp-json\/wp\/v2\/media?parent=11657"}],"wp:term":[{"taxonomy":"product_brand","embeddable":true,"href":"https:\/\/haitises.com\/uk\/wp-json\/wp\/v2\/product_brand?post=11657"},{"taxonomy":"product_cat","embeddable":true,"href":"https:\/\/haitises.com\/uk\/wp-json\/wp\/v2\/product_cat?post=11657"},{"taxonomy":"product_tag","embeddable":true,"href":"https:\/\/haitises.com\/uk\/wp-json\/wp\/v2\/product_tag?post=11657"}],"curies":[{"name":"wp","href":"https:\/\/api.w.org\/{rel}","templated":true}]}}