{"id":11306,"date":"2021-08-15T20:08:36","date_gmt":"2021-08-15T20:08:36","guid":{"rendered":"http:\/\/haitises.com\/?post_type=product&#038;p=11306"},"modified":"2024-04-09T18:32:32","modified_gmt":"2024-04-09T18:32:32","slug":"kayaking-in-los-haitises-with-tour-guide-from-cano-hondo-2-hours-2","status":"publish","type":"product","link":"https:\/\/haitises.com\/uk\/\u043f\u0440\u0438\u0432\u0430\u0442\u043d\u0438\u0439\/kayaking-in-los-haitises-with-tour-guide-from-cano-hondo-2-hours-2\/","title":{"rendered":"\u041a\u0430\u044f\u043a\u0456\u043d\u0433 \u0443 \u041b\u043e\u0441-\u0410\u0457\u0442\u0456\u0441\u0435\u0441\u0456 \u0437 \u0433\u0456\u0434\u043e\u043c \u0437 \u041a\u0430\u043d\u044c\u043e \u0425\u043e\u043d\u0434\u043e 2 \u0433\u043e\u0434\u0438\u043d\u0438"},"content":{"rendered":"<div class=\"vc_row wpb_row vc_row-fluid\" ><div class=\"wpb_column vc_column_container vc_col-sm-12\"><div class=\"vc_column-inner\"><div class=\"wpb_wrapper\">[mkdf_section_title title_tag=\u00bb\u00bb disable_break_words=\u00bbno\u00bb subtitle_tag=\u00bb\u00bb title=\u00bbKayaking in Los Haitises National Park with Tour guide from Ca\u00f1o Hondo 2 hours\u00bb subtitle=\u00bbKayaks &amp; Local Guide\u00bb]<\/div><\/div><\/div><\/div><div class=\"vc_row wpb_row vc_row-fluid\" ><div class=\"wpb_column vc_column_container vc_col-sm-12\"><div class=\"vc_column-inner\"><div class=\"wpb_wrapper\"><div class=\"vc_empty_space\"   style=\"height: 32px\"><span class=\"vc_empty_space_inner\"><\/span><\/div><\/div><\/div><\/div><\/div><div class=\"vc_row wpb_row vc_row-fluid\" ><div class=\"wpb_column vc_column_container vc_col-sm-12\"><div class=\"vc_column-inner\"><div class=\"wpb_wrapper\">\n\t<div class=\"wpb_text_column wpb_content_element\" >\n\t\t<div class=\"wpb_wrapper\">\n\t\t\t<h4><b><i>\u041e\u0433\u043b\u044f\u0434 <\/i><\/b><\/h4>\n<p>Kayaking Mangroves in Los Haitises National Park with a local tour guide 2 Hours. Visiting Mangroves in Cano Hondo River plus an Overview of the San Lorenzo Bay in Los Haitises National park, Sabana de la mar Cano Hondo area. In Case you will like longer: <a href=\"https:\/\/www.ticketswhales.com\/Tours-Excursions\/kayaking\/kayaking-in-los-haitises-with-tour-guide-from-cano-hondo-4-hours\/\" target=\"_blank\" rel=\"noopener\"><strong>Kayaking 4 Hours in Los Haitises.<\/strong><\/a><\/p>\n<ul>\n<li style=\"font-weight: 400;\"><span style=\"font-weight: 400;\">\u041f\u043e\u0441\u0456\u0431\u043d\u0438\u043a \u0437\u0430\u0431\u0435\u0437\u043f\u0435\u0447\u0443\u0454 \u0456\u043d\u0441\u0442\u0440\u0443\u043a\u0442\u0430\u0436 \u0442\u0430 \u043d\u0430\u0433\u043b\u044f\u0434<\/span><\/li>\n<li>Kayaks and Paddles available Doble for two people and Simple for just one person.<\/li>\n<\/ul>\n<p>&nbsp;<\/p>\n<h4><b>\u0412\u043a\u043b\u044e\u0447\u0435\u043d\u043d\u044f \u0442\u0430 \u0432\u0438\u043a\u043b\u044e\u0447\u0435\u043d\u043d\u044f<\/b><\/h4>\n<p>&nbsp;<\/p>\n<p><b>\u0412\u043a\u043b\u044e\u0447\u0435\u043d\u043d\u044f<\/b><\/p>\n<p>&nbsp;<\/p>\n<ol>\n<li style=\"font-weight: 400;\">Kayaking trip<\/li>\n<li style=\"font-weight: 400;\"><span style=\"font-weight: 400;\">\u0423\u0441\u0456 \u043f\u043e\u0434\u0430\u0442\u043a\u0438, \u0437\u0431\u043e\u0440\u0438 \u0442\u0430 \u0432\u0438\u0442\u0440\u0430\u0442\u0438 \u043d\u0430 \u043e\u0431\u0441\u043b\u0443\u0433\u043e\u0432\u0443\u0432\u0430\u043d\u043d\u044f<\/span><\/li>\n<li style=\"font-weight: 400;\"><span style=\"font-weight: 400;\">\u041c\u0456\u0441\u0446\u0435\u0432\u0456 \u043f\u043e\u0434\u0430\u0442\u043a\u0438<\/span><\/li>\n<li style=\"font-weight: 400;\"><span style=\"font-weight: 400;\">\u041c\u0456\u0441\u0446\u0435\u0432\u0438\u0439 \u0433\u0456\u0434<\/span><\/li>\n<\/ol>\n<p><b> \u0412\u0438\u043d\u044f\u0442\u043a\u0438<\/b><\/p>\n<ol>\n<li style=\"font-weight: 400;\"><span style=\"font-weight: 400;\">\u0427\u0430\u0439\u043e\u0432\u0456<\/span><\/li>\n<li style=\"font-weight: 400;\"><span style=\"font-weight: 400;\">\u041f\u0435\u0440\u0435\u043a\u0430\u0437<\/span><\/li>\n<li>Lunch is not included<\/li>\n<li>Caves are not included<\/li>\n<li style=\"font-weight: 400;\"><span style=\"font-weight: 400;\">\u0410\u043b\u043a\u043e\u0433\u043e\u043b\u044c\u043d\u0456 \u043d\u0430\u043f\u043e\u0457<\/span><\/li>\n<\/ol>\n<p>&nbsp;<\/p>\n<h4><em><strong>\u0412\u0438\u0457\u0437\u0434 \u0442\u0430 \u043f\u043e\u0432\u0435\u0440\u043d\u0435\u043d\u043d\u044f<\/strong><\/em><\/h4>\n<p><span style=\"font-weight: 400;\">\u041c\u0430\u043d\u0434\u0440\u0456\u0432\u043d\u0438\u043a \u043e\u0442\u0440\u0438\u043c\u0430\u0454 \u043c\u0456\u0441\u0446\u0435 \u0437\u0443\u0441\u0442\u0440\u0456\u0447\u0456 \u043f\u0456\u0441\u043b\u044f \u043f\u0440\u043e\u0446\u0435\u0441\u0443 \u0431\u0440\u043e\u043d\u044e\u0432\u0430\u043d\u043d\u044f. \u0415\u043a\u0441\u043a\u0443\u0440\u0441\u0456\u0457 \u043f\u043e\u0447\u0438\u043d\u0430\u044e\u0442\u044c\u0441\u044f \u0456 \u0437\u0430\u043a\u0456\u043d\u0447\u0443\u044e\u0442\u044c\u0441\u044f \u0432 \u043d\u0430\u0448\u0438\u0445 \u043c\u0456\u0441\u0446\u044f\u0445 \u0437\u0443\u0441\u0442\u0440\u0456\u0447\u0456.<\/span><\/p>\n<p>&nbsp;<\/p>\n<h4><b><i>\u0427\u043e\u0433\u043e \u043e\u0447\u0456\u043a\u0443\u0432\u0430\u0442\u0438?<\/i><\/b><\/h4>\n<p>&nbsp;<\/p>\n<p><em><strong>\u041a\u0443\u043f\u0443\u0439\u0442\u0435 \u043a\u0432\u0438\u0442\u043a\u0438.<\/strong><\/em> for visiting 2 hours by Kayaking the Ca\u00f1o Hondo River Forest ( Mangroves) with the local\u00a0tour guides.<\/p>\n<p>When we get all types of equipment required for your safety\u00a0 (Lifejackets, etc)\u00a0 \u00a0the action start Kayaking from Ca\u00f1o Hondo port River.<\/p>\n<p><span style=\"font-weight: 400;\">The tour, organized by \u00abBooking Adventures\u00bb starts at the meeting point set with the Tour Guide. <\/span>Taking kayaks and going through mangrove swamps, past ancient pirate caves, and into protected forests in this picturesque reserve starting from Cano Hondo Hotels area or from Sabana de la Mar,<\/p>\n<div class=\"body-description secondary\">\n<p>Come with Booking Adventures and start checking some bird-filled mangroves, rolling hills of lush vegetation and caves of <em><strong>Los Haitises National Park<\/strong><\/em>. Taking a Kayaks Excursion from Cano Hondo river, Sabana de la Mar. Through the mangroves and Land at the open San Lorenzo Bay, from where you can photograph the rugged forest landscape. Look to the water to spot <em><strong>Manatees<\/strong><\/em>, crustaceans, and <em><strong>dolphins.<\/strong><\/em><\/p>\n<p>In case you will like this trip Longer we have a second option: <a href=\"https:\/\/www.ticketswhales.com\/Tours-Excursions\/kayaking\/kayaking-in-los-haitises-with-tour-guide-from-cano-hondo-4-hours\/\" target=\"_blank\" rel=\"noopener\"><em><strong>Kayaking in Los Haitises 4 Hours<\/strong><\/em><\/a><\/p>\n<p>The Tour finish at the starting point in Los Haitises National Park. We Recommend this trip at 6: 00 am in Case you will like to see <em><strong>Manatees<\/strong><\/em>, crustaceans, and <em><strong>dolphins.<\/strong><\/em><\/p>\n<\/div>\n<p><em><strong>6:00 AM<\/strong><\/em> is early so there are not still boats at the National Park Los Haitises.<\/p>\n<h4><em><strong>\u0429\u043e \u043f\u043e\u0442\u0440\u0456\u0431\u043d\u043e \u0432\u0437\u044f\u0442\u0438 \u0437 \u0441\u043e\u0431\u043e\u044e?<\/strong><\/em><\/h4>\n<ul>\n<li style=\"font-weight: 400;\"><span style=\"font-weight: 400;\">\u041a\u0430\u043c\u0435\u0440\u0430<\/span><\/li>\n<li style=\"font-weight: 400;\"><span style=\"font-weight: 400;\">\u0420\u0435\u043f\u0435\u043b\u0435\u043d\u0442\u043d\u0456 \u0431\u0440\u0443\u043d\u044c\u043a\u0438<\/span><\/li>\n<li style=\"font-weight: 400;\"><span style=\"font-weight: 400;\">\u0441\u043e\u043d\u0446\u0435\u0437\u0430\u0445\u0438\u0441\u043d\u0438\u0439 \u043a\u0440\u0435\u043c<\/span><\/li>\n<li style=\"font-weight: 400;\"><span style=\"font-weight: 400;\">\u041a\u0430\u043f\u0435\u043b\u044e\u0445<\/span><\/li>\n<li style=\"font-weight: 400;\"><span style=\"font-weight: 400;\">\u0417\u0440\u0443\u0447\u043d\u0456 \u0448\u0442\u0430\u043d\u0438<\/span><\/li>\n<li style=\"font-weight: 400;\"><span style=\"font-weight: 400;\">Sandals\u00a0<\/span><\/li>\n<li style=\"font-weight: 400;\"><span style=\"font-weight: 400;\">\u041a\u0443\u043f\u0430\u043b\u044c\u043d\u0438\u043a\u0438<\/span><\/li>\n<\/ul>\n<p>&nbsp;<\/p>\n<h4><b><i>Pickup Hotel <\/i><\/b><\/h4>\n<p><span style=\"font-weight: 400;\">\u0412 \u0440\u0430\u043c\u043a\u0430\u0445 \u0446\u044c\u043e\u0433\u043e \u0442\u0443\u0440\u0443 \u0442\u0440\u0430\u043d\u0441\u0444\u0435\u0440 \u0437 \u0433\u043e\u0442\u0435\u043b\u044e \u043d\u0435 \u043f\u0440\u043e\u043f\u043e\u043d\u0443\u0454\u0442\u044c\u0441\u044f. <\/span><\/p>\n<p>&nbsp;<\/p>\n<p><b>\u0417\u0430\u0443\u0432\u0430\u0436\u0442\u0435:<\/b><span style=\"font-weight: 400;\"> \u044f\u043a\u0449\u043e \u0432\u0438 \u0437\u0434\u0456\u0439\u0441\u043d\u044e\u0454\u0442\u0435 \u0431\u0440\u043e\u043d\u044e\u0432\u0430\u043d\u043d\u044f \u043f\u0440\u043e\u0442\u044f\u0433\u043e\u043c 24 \u0433\u043e\u0434\u0438\u043d \u0434\u043e \u043f\u043e\u0447\u0430\u0442\u043a\u0443 \u0442\u0443\u0440\u0443\/\u0435\u043a\u0441\u043a\u0443\u0440\u0441\u0456\u0457, \u043c\u0438 \u043c\u043e\u0436\u0435\u043c\u043e \u043e\u0440\u0433\u0430\u043d\u0456\u0437\u0443\u0432\u0430\u0442\u0438 \u0442\u0440\u0430\u043d\u0441\u0444\u0435\u0440 \u0437 \u0433\u043e\u0442\u0435\u043b\u044e \u0437\u0430 \u0434\u043e\u0434\u0430\u0442\u043a\u043e\u0432\u0443 \u043f\u043b\u0430\u0442\u0443. \u041f\u0456\u0441\u043b\u044f \u0437\u0430\u0432\u0435\u0440\u0448\u0435\u043d\u043d\u044f \u043f\u043e\u043a\u0443\u043f\u043a\u0438 \u043c\u0438 \u043d\u0430\u0434\u0456\u0448\u043b\u0435\u043c\u043e \u0432\u0430\u043c \u043f\u043e\u0432\u043d\u0443 \u043a\u043e\u043d\u0442\u0430\u043a\u0442\u043d\u0443 \u0456\u043d\u0444\u043e\u0440\u043c\u0430\u0446\u0456\u044e (\u043d\u043e\u043c\u0435\u0440 \u0442\u0435\u043b\u0435\u0444\u043e\u043d\u0443, \u0430\u0434\u0440\u0435\u0441\u0443 \u0435\u043b\u0435\u043a\u0442\u0440\u043e\u043d\u043d\u043e\u0457 \u043f\u043e\u0448\u0442\u0438 \u0442\u043e\u0449\u043e), \u0449\u043e\u0431 \u043d\u0430\u0448 \u043c\u0456\u0441\u0446\u0435\u0432\u0438\u0439 \u0433\u0456\u0434 \u043c\u0456\u0433 \u043e\u0440\u0433\u0430\u043d\u0456\u0437\u0443\u0432\u0430\u0442\u0438 \u0437\u0443\u0441\u0442\u0440\u0456\u0447.<\/span><\/p>\n<h4><b><i>\u041f\u0456\u0434\u0442\u0432\u0435\u0440\u0434\u0436\u0435\u043d\u043d\u044f \u0434\u043e\u0434\u0430\u0442\u043a\u043e\u0432\u043e\u0457 \u0456\u043d\u0444\u043e\u0440\u043c\u0430\u0446\u0456\u0457 <\/i><\/b><\/h4>\n<ol>\n<li>\u041a\u0432\u0438\u0442\u043a\u0438 - \u0446\u0435 \u043a\u0432\u0438\u0442\u0430\u043d\u0446\u0456\u044f \u043f\u0456\u0441\u043b\u044f \u043e\u043f\u043b\u0430\u0442\u0438 \u0446\u044c\u043e\u0433\u043e \u0442\u0443\u0440\u0443. \u0412\u0438 \u043c\u043e\u0436\u0435\u0442\u0435 \u043f\u043e\u043a\u0430\u0437\u0430\u0442\u0438 \u043f\u043b\u0430\u0442\u0456\u0436 \u043d\u0430 \u0441\u0432\u043e\u0454\u043c\u0443 \u0442\u0435\u043b\u0435\u0444\u043e\u043d\u0456.<\/li>\n<li style=\"font-weight: 400;\"><span style=\"font-weight: 400;\">\u041c\u0456\u0441\u0446\u0435 \u0437\u0443\u0441\u0442\u0440\u0456\u0447\u0456 \u0431\u0443\u0434\u0435 \u043f\u043e\u0432\u0456\u0434\u043e\u043c\u043b\u0435\u043d\u043e \u043f\u0456\u0441\u043b\u044f \u0437\u0430\u0432\u0435\u0440\u0448\u0435\u043d\u043d\u044f \u043f\u0440\u043e\u0446\u0435\u0441\u0443 \u0431\u0440\u043e\u043d\u044e\u0432\u0430\u043d\u043d\u044f.<\/span><\/li>\n<li style=\"font-weight: 400;\"><span style=\"font-weight: 400;\">\u0414\u0456\u0442\u0438 \u043f\u043e\u0432\u0438\u043d\u043d\u0456 \u0431\u0443\u0442\u0438 \u0432 \u0441\u0443\u043f\u0440\u043e\u0432\u043e\u0434\u0456 \u0434\u043e\u0440\u043e\u0441\u043b\u0438\u0445.<\/span><\/li>\n<li style=\"font-weight: 400;\"><span style=\"font-weight: 400;\"> \u041d\u0435 \u043f\u0440\u0438\u0441\u0442\u043e\u0441\u043e\u0432\u0430\u043d\u043e \u0434\u043b\u044f \u0456\u043d\u0432\u0430\u043b\u0456\u0434\u043d\u0438\u0445 \u0432\u0456\u0437\u043a\u0456\u0432 <\/span><\/li>\n<li style=\"font-weight: 400;\"><span style=\"font-weight: 400;\">\u041d\u0435\u043c\u043e\u0432\u043b\u044f\u0442\u0430 \u043f\u043e\u0432\u0438\u043d\u043d\u0456 \u0441\u0438\u0434\u0456\u0442\u0438 \u043d\u0430 \u043a\u043e\u043b\u0456\u043d\u0430\u0445 <\/span><\/li>\n<li style=\"font-weight: 400;\"><span style=\"font-weight: 400;\">\u041d\u0435 \u0440\u0435\u043a\u043e\u043c\u0435\u043d\u0434\u0443\u0454\u0442\u044c\u0441\u044f \u043c\u0430\u043d\u0434\u0440\u0456\u0432\u043d\u0438\u043a\u0430\u043c \u0456\u0437 \u043f\u0440\u043e\u0431\u043b\u0435\u043c\u0430\u043c\u0438 \u0441\u043f\u0438\u043d\u0438<\/span><\/li>\n<li style=\"font-weight: 400;\"><span style=\"font-weight: 400;\">\u041d\u0435 \u0440\u0435\u043a\u043e\u043c\u0435\u043d\u0434\u0443\u0454\u0442\u044c\u0441\u044f \u0434\u043b\u044f \u0432\u0430\u0433\u0456\u0442\u043d\u0438\u0445 \u043c\u0430\u043d\u0434\u0440\u0456\u0432\u043d\u0438\u0446\u044c <\/span><\/li>\n<li style=\"font-weight: 400;\"><span style=\"font-weight: 400;\"> \u0412\u0456\u0434\u0441\u0443\u0442\u043d\u0456\u0441\u0442\u044c \u043f\u0440\u043e\u0431\u043b\u0435\u043c \u0456\u0437 \u0441\u0435\u0440\u0446\u0435\u043c \u0430\u0431\u043e \u0456\u043d\u0448\u0438\u0445 \u0441\u0435\u0440\u0439\u043e\u0437\u043d\u0438\u0445 \u0437\u0430\u0445\u0432\u043e\u0440\u044e\u0432\u0430\u043d\u044c <\/span><\/li>\n<li style=\"font-weight: 400;\"><span style=\"font-weight: 400;\">\u0411\u0456\u043b\u044c\u0448\u0456\u0441\u0442\u044c \u043c\u0430\u043d\u0434\u0440\u0456\u0432\u043d\u0438\u043a\u0456\u0432 \u043c\u043e\u0436\u0443\u0442\u044c \u0432\u0437\u044f\u0442\u0438 \u0443\u0447\u0430\u0441\u0442\u044c<\/span><\/li>\n<\/ol>\n<h4><b><i>\u041f\u043e\u043b\u0456\u0442\u0438\u043a\u0430 \u0430\u043d\u0443\u043b\u044f\u0446\u0456\u0457<\/i><\/b><\/h4>\n<p><span style=\"font-weight: 400;\">\u0429\u043e\u0431 \u043e\u0442\u0440\u0438\u043c\u0430\u0442\u0438 \u043f\u043e\u0432\u043d\u0435 \u0432\u0456\u0434\u0448\u043a\u043e\u0434\u0443\u0432\u0430\u043d\u043d\u044f, \u0441\u043a\u0430\u0441\u0443\u0439\u0442\u0435 \u0431\u0440\u043e\u043d\u044e\u0432\u0430\u043d\u043d\u044f \u0449\u043e\u043d\u0430\u0439\u043c\u0435\u043d\u0448\u0435 \u0437\u0430 24 \u0433\u043e\u0434\u0438\u043d\u0438 \u0434\u043e \u0434\u0430\u0442\u0438 \u043f\u043e\u0447\u0430\u0442\u043a\u0443 \u0434\u043e\u0441\u0432\u0456\u0434\u0443.<\/span><\/p>\n\n\t\t<\/div>\n\t<\/div>\n<\/div><\/div><\/div><\/div><div class=\"vc_row wpb_row vc_row-fluid\" ><div class=\"wpb_column vc_column_container vc_col-sm-12\"><div class=\"vc_column-inner\"><div class=\"wpb_wrapper\"><div class=\"vc_empty_space\"   style=\"height: 32px\"><span class=\"vc_empty_space_inner\"><\/span><\/div>\n\t<div class=\"wpb_text_column wpb_content_element\" >\n\t\t<div class=\"wpb_wrapper\">\n\t\t\t<h4>\u0417\u0432'\u044f\u0437\u0430\u0442\u0438\u0441\u044f \u0437 \u043d\u0430\u043c\u0438?<\/h4>\n<h5><em><strong>\u0411\u0440\u043e\u043d\u044e\u0432\u0430\u043d\u043d\u044f \u043f\u0440\u0438\u0433\u043e\u0434<\/strong><\/em><\/h5>\n<p><em><strong>\u041c\u0456\u0441\u0446\u0435\u0432\u0456 \u0436\u0438\u0442\u0435\u043b\u0456<\/strong> \u0456 <strong>\u0413\u0440\u043e\u043c\u0430\u0434\u044f\u043d\u0438<\/strong> \u0415\u043a\u0441\u043a\u0443\u0440\u0441\u043e\u0432\u043e\u0434\u0438 \u0442\u0430 \u043e\u0431\u0441\u043b\u0443\u0433\u043e\u0432\u0443\u0432\u0430\u043d\u043d\u044f \u0433\u043e\u0441\u0442\u0435\u0439<\/em><\/p>\n<p><span class=\"text-turquoise\">\u0411\u0440\u043e\u043d\u044e\u0432\u0430\u043d\u043d\u044f:<\/span> \u0422\u0443\u0440\u0438 \u0442\u0430 \u0435\u043a\u0441\u043a\u0443\u0440\u0441\u0456\u0457 \u0432 \u0414\u043e\u043c. Rep.<\/p>\n<p><img decoding=\"async\" class=\"emoji\" draggable=\"false\" src=\"https:\/\/s.w.org\/images\/core\/emoji\/11.2.0\/svg\/1f4de.svg\" alt=\"\ud83d\udcde\" title=\"\"> \u0422\u0435\u043b \/ Whatsapp\u00a0 <a href=\"tel:+1-809-720-6035\">+1-809-720-6035<\/a>.<\/p>\n<p><img decoding=\"async\" class=\"emoji\" draggable=\"false\" src=\"https:\/\/s.w.org\/images\/core\/emoji\/11.2.0\/svg\/1f4e9.svg\" alt=\"\ud83d\udce9\" title=\"\"> <a href=\"mailto:info@bookingadventures.com.do\">info@bookingadventures.com.do<\/a><\/p>\n<p><strong>\u041c\u0438 \u0433\u043d\u0443\u0447\u043a\u043e \u043d\u0430\u043b\u0430\u0448\u0442\u043e\u0432\u0443\u0454\u043c\u043e \u043f\u0440\u0438\u0432\u0430\u0442\u043d\u0456 \u0442\u0443\u0440\u0438 \u043f\u043e Whatsapp: <a href=\"tel:+18097206035\">+18097206035.<\/a><\/strong><\/p>\n\n\t\t<\/div>\n\t<\/div>\n<div class=\"vc_empty_space\"   style=\"height: 32px\"><span class=\"vc_empty_space_inner\"><\/span><\/div><\/div><\/div><\/div><\/div>","protected":false},"excerpt":{"rendered":"<p>Excursion to Los Haitises National Park starting from Sabana de la Mar or Ca\u00f1o Hondo Hotels. Kayaking Mangroves in Los Haitises National Park with a local tour guide. Visiting Mangroves in Ca\u00f1o Hondo River plus an Overview of the San Lorenzo Bay in Los Haitises National park, Sabana de la Mar Ca\u00f1o Hondo area. If you are interested in visit also the caves please book 4 Hours Kayaking <a href=\"https:\/\/www.ticketswhales.com\/Tours-Excursions\/kayaking\/kayaking-in-los-haitises-with-tour-guide-from-cano-hondo-4-hours\/\">trip here.<\/a><\/p>\n<ul>\n<li style=\"font-weight: 400;\"><span style=\"font-weight: 400;\">\u041f\u043e\u0441\u0456\u0431\u043d\u0438\u043a \u0437\u0430\u0431\u0435\u0437\u043f\u0435\u0447\u0443\u0454 \u0456\u043d\u0441\u0442\u0440\u0443\u043a\u0442\u0430\u0436 \u0442\u0430 \u043d\u0430\u0433\u043b\u044f\u0434<\/span><\/li>\n<li>Kayaks and Paddles available Doble for two people and Simple for just one person.<\/li>\n<\/ul>\n<p>&nbsp;<\/p>\n<p>Set this tour with a Hiking Trail and learn about the history of Los Haitises National Park with Locals.<\/p>\n<p>&nbsp;<\/p>\n<p><strong>\u0411\u0443\u0434\u044c \u043b\u0430\u0441\u043a\u0430, \u0432\u0438\u0431\u0435\u0440\u0456\u0442\u044c \u0434\u0430\u0442\u0443 \u0442\u0443\u0440\u0443\u00a0<\/strong><\/p>","protected":false},"featured_media":113,"template":"","meta":[],"product_brand":[],"product_cat":[119,96,144,98,121,99,122,123,124],"product_tag":[126,127,149,145,150,151,152,153,132,133,114,148,143],"class_list":{"0":"post-11306","1":"product","2":"type-product","3":"status-publish","4":"has-post-thumbnail","6":"product_cat-caves","7":"product_cat-hiking","8":"product_cat-kayaking","9":"product_cat-local-tour-guides","10":"product_cat-mangroves","11":"product_cat-swimming-natural-springs","12":"product_cat-tours-and-excursions","13":"product_cat-tours-excursions-los-haitises-national-park","14":"product_cat-tours-excursions-samana-bay-dominican-republic","15":"product_tag-cano-hondo","16":"product_tag-cano-hondo-hotel","17":"product_tag-cano-hondo-river","18":"product_tag-day-tour-cano-hondo","19":"product_tag-kayak-dominican-republic","20":"product_tag-kayak-los-haitises","21":"product_tag-kayak-tour","22":"product_tag-kayaking","23":"product_tag-los-haitises","24":"product_tag-los-haitises-national-park","25":"product_tag-sabana-de-la-mar","26":"product_tag-samana-excursions","27":"product_tag-samana-tours","29":"first","30":"instock","31":"sale","32":"sold-individually","33":"shipping-taxable","34":"product-type-external"},"_links":{"self":[{"href":"https:\/\/haitises.com\/uk\/wp-json\/wp\/v2\/product\/11306","targetHints":{"allow":["GET"]}}],"collection":[{"href":"https:\/\/haitises.com\/uk\/wp-json\/wp\/v2\/product"}],"about":[{"href":"https:\/\/haitises.com\/uk\/wp-json\/wp\/v2\/types\/product"}],"wp:featuredmedia":[{"embeddable":true,"href":"https:\/\/haitises.com\/uk\/wp-json\/wp\/v2\/media\/113"}],"wp:attachment":[{"href":"https:\/\/haitises.com\/uk\/wp-json\/wp\/v2\/media?parent=11306"}],"wp:term":[{"taxonomy":"product_brand","embeddable":true,"href":"https:\/\/haitises.com\/uk\/wp-json\/wp\/v2\/product_brand?post=11306"},{"taxonomy":"product_cat","embeddable":true,"href":"https:\/\/haitises.com\/uk\/wp-json\/wp\/v2\/product_cat?post=11306"},{"taxonomy":"product_tag","embeddable":true,"href":"https:\/\/haitises.com\/uk\/wp-json\/wp\/v2\/product_tag?post=11306"}],"curies":[{"name":"wp","href":"https:\/\/api.w.org\/{rel}","templated":true}]}}