{"id":610,"date":"2020-07-12T23:23:39","date_gmt":"2020-07-12T23:23:39","guid":{"rendered":"http:\/\/haitises.com\/?post_type=product&#038;p=610"},"modified":"2024-04-16T03:02:29","modified_gmt":"2024-04-16T03:02:29","slug":"excursion-de-observacion-de-ballenas-samana-cayo-levantado-bacardi-island","status":"publish","type":"product","link":"https:\/\/haitises.com\/tr\/ozel\/excursion-de-observacion-de-ballenas-samana-cayo-levantado-bacardi-island\/","title":{"rendered":"Excursi\u00f3n de Observaci\u00f3n de Ballenas Saman\u00e1 + Cayo Levantado (Bacardi Island)."},"content":{"rendered":"<div class=\"vc_row wpb_row vc_row-fluid\" ><div class=\"wpb_column vc_column_container vc_col-sm-12\"><div class=\"vc_column-inner\"><div class=\"wpb_wrapper\">[mkdf_section_title title_tag=\u00bb\u00bb disable_break_words=\u00bbno\u00bb subtitle_tag=\u00bb\u00bb title=\u00bbObservaci\u00f3n de Ballenas en Saman\u00e1 + Cayo Levantado desde el puerto de Saman\u00e1\u00bb subtitle=\u00bbExcursi\u00f3n de Ballenas en la Bah\u00eda de Saman\u00e1\u00bb]<\/div><\/div><\/div><\/div><div class=\"vc_row wpb_row vc_row-fluid\" ><div class=\"wpb_column vc_column_container vc_col-sm-12\"><div class=\"vc_column-inner\"><div class=\"wpb_wrapper\">\n\t<div class=\"wpb_text_column wpb_content_element\" >\n\t\t<div class=\"wpb_wrapper\">\n\t\t\t<h2>Avistamiento de Ballenas Saman\u00e1 + Cayo Levantado (Todo incluido en el precio del Boleto)<\/h2>\n<h3>Tan\u0131m<\/h3>\n<p>Excursi\u00f3n para avistamiento de ballenas en la bah\u00eda de Saman\u00e1 a partir del puerto de Saman\u00e1. Excursi\u00f3n de d\u00eda completo para observar ballenas en la bah\u00eda de Saman\u00e1 y visitar la hist\u00f3rica isla de Cayo Levantado, adem\u00e1s de un almuerzo en la playa.<\/p>\n<p>Primero, nos encontramos en nuestra oficina.<\/p>\n<p>Luego, la excursi\u00f3n comienza a las 9:00 a.m. y termina a las 5:00 p.m. Despu\u00e9s de abordar nuestro catamar\u00e1n o bote para visitar a las ballenas en su propio h\u00e1bitat.<\/p>\n<p>Desde las 9:00 a.m. hasta las 12:00 a.m. del mediod\u00eda Observaci\u00f3n de ballenas en el observatorio del santuario y luego de este viaje visitaremos la isla Bacardi \/ Cayo Levantado. En la isla de Bacardi, se proporcionar\u00e1 almuerzo buffet de estilo t\u00edpico dominicano.<\/p>\n<p>Cuando termina el almuerzo, se le permite nadar hasta las 4:30 p.m. La excursi\u00f3n finalizar\u00e1 a las 5:00 pm en el mismo puerto desde donde comenzar\u00e1.<\/p>\n<p><strong>Not:<\/strong> Este tour no es privado. Para un tour privado o simplemente avistamiento de ballenas sin Cayo Levantado, cont\u00e1ctenos.<\/p>\n<ul>\n<li>Avistamiento de ballenas<\/li>\n<li>Entradas al Observatorio<\/li>\n<li>Incluye almuerzo buffet en la playa.<\/li>\n<li>Transferencia de barco<\/li>\n<li>El Capit\u00e1n proporciona instrucci\u00f3n y supervisi\u00f3n.<\/li>\n<li>Gu\u00eda tur\u00edstico<\/li>\n<\/ul>\n<h3>Dahil edilenler ve hari\u00e7 tutulanlar<\/h3>\n<h4>Kapsamalar<\/h4>\n<ol>\n<li>Almuerzo buffet en la playa.<\/li>\n<li>Gu\u00eda tur\u00edstico<\/li>\n<li>Catamar\u00e1n o paseo en barco<\/li>\n<li>T\u00fcm vergiler, har\u00e7lar ve ta\u015f\u0131ma \u00fccretleri<\/li>\n<li>Yerel vergiler<\/li>\n<li>\u0130\u00e7ecekler<\/li>\n<\/ol>\n<h4>\u0130stisnalar<\/h4>\n<ol>\n<li>\u0130pu\u00e7lar\u0131<\/li>\n<li>Transfer Car<\/li>\n<li>Alkoll\u00fc i\u00e7ecekler<\/li>\n<\/ol>\n<h3><em>Kalk\u0131\u015f ve d\u00f6n\u00fc\u015f<\/em><\/h3>\n<p>Gezgin, rezervasyon i\u015fleminden sonra bir bulu\u015fma noktas\u0131na sahip olacakt\u0131r. Turlar bulu\u015fma noktalar\u0131m\u0131zda ba\u015flar ve biter.<\/p>\n<h3><em>Ne bekleyebilece\u011finizi?<\/em><\/h3>\n<p>Obtenga sus boletos para un d\u00eda de observaci\u00f3n de ballenas en la bah\u00eda de Saman\u00e1 y un maravilloso almuerzo y tiempo en la playa.<\/p>\n<p>Los viajes de avistamiento de ballenas est\u00e1n organizados por \u00abBooking Adventures\u00bb que comienza en el punto de encuentro establecido con el gu\u00eda tur\u00edstico. Almuerza en la playa y puedes quedarte todo el tiempo que quieras nadando. Si eres vegano, tambi\u00e9n podemos prepararte algo de comida.<\/p>\n<p><strong>Horario:<\/strong><\/p>\n<p>8:45 AM &#8211; 5:00 PM<\/p>\n<h3><em>Ne getirmelisiniz?<\/em><\/h3>\n<ol>\n<li>Kamera<\/li>\n<li>Kovucular<\/li>\n<li>g\u00fcne\u015f kremi<\/li>\n<li>\u015eapka<\/li>\n<li>Rahat pantolon<\/li>\n<li>Sandalias a la playa<\/li>\n<li>Mayo<\/li>\n<li>Efectivo para recuerdos<\/li>\n<\/ol>\n<h3><em>Otelden alma<\/em><\/h3>\n<p>Bu tur i\u00e7in otelden alma hizmeti sunulmamaktad\u0131r.<\/p>\n<p><strong>Not:<\/strong> tur\/gezi\u0307 kalki\u015f saati\u0307nden i\u0307ti\u0307baren 24 saat i\u0307\u00e7i\u0307nde rezervasyon yaptirirsaniz, ek \u00fccret kar\u015fili\u011finda otelden alim ayarlayabi\u0307li\u0307ri\u0307z. Sat\u0131n alma i\u015fleminiz tamamland\u0131ktan sonra, yerel tur rehberimizin teslim alma d\u00fczenlemelerini ayarlamas\u0131 i\u00e7in size tam ileti\u015fim bilgilerini (telefon numaras\u0131, e-posta adresi vb.) G\u00f6nderece\u011fiz.<\/p>\n<h3><em>Ek bilgilerin do\u011frulanmas\u0131<\/em><\/h3>\n<ul>\n<li>Biletler, bu Tur i\u00e7in \u00f6deme yap\u0131ld\u0131ktan sonra al\u0131nan Makbuzdur. \u00d6demeyi telefonunuzda g\u00f6sterebilirsiniz.<\/li>\n<li>Rezervasyon i\u015fleminin ard\u0131ndan bulu\u015fma noktas\u0131 al\u0131nacakt\u0131r.<\/li>\n<li>\u00c7ocuklara bir yeti\u015fkinin e\u015flik etmesi gerekmektedir.<\/li>\n<li>Accesible para sillas de ruedas<\/li>\n<li>Los infantes deben sentarse en el regazo<\/li>\n<li>\u00c7o\u011fu gezgin kat\u0131labilir.<\/li>\n<\/ul>\n<h3><em><strong>\u0130ptal politikas\u0131<\/strong><\/em><\/h3>\n<p>Tam para iadesi i\u00e7in deneyim ba\u015flang\u0131\u00e7 tarihinden en az 24 saat \u00f6nce iptal edin.<\/p>\n\n\t\t<\/div>\n\t<\/div>\n<\/div><\/div><\/div><\/div><div class=\"vc_row wpb_row vc_row-fluid\" ><div class=\"wpb_column vc_column_container vc_col-sm-12\"><div class=\"vc_column-inner\"><div class=\"wpb_wrapper\"><div class=\"vc_empty_space\"   style=\"height: 32px\"><span class=\"vc_empty_space_inner\"><\/span><\/div>\n\t<div class=\"wpb_video_widget wpb_content_element vc_clearfix   vc_video-aspect-ratio-169 vc_video-el-width-100 vc_video-align-left\" >\n\t\t<div class=\"wpb_wrapper\">\n\t\t\t\n\t\t\t<div class=\"wpb_video_wrapper\"><iframe loading=\"lazy\" title=\"Whales Watching Samana Bay Dominican Republic\" src=\"https:\/\/player.vimeo.com\/video\/337838231?dnt=1&amp;app_id=122963\" width=\"1100\" height=\"619\" frameborder=\"0\" allow=\"autoplay; fullscreen\" allowfullscreen><\/iframe><\/div>\n\t\t<\/div>\n\t<\/div>\n<div class=\"vc_empty_space\"   style=\"height: 32px\"><span class=\"vc_empty_space_inner\"><\/span><\/div><\/div><\/div><\/div><\/div><div class=\"vc_row wpb_row vc_row-fluid\" ><div class=\"wpb_column vc_column_container vc_col-sm-12\"><div class=\"vc_column-inner\"><div class=\"wpb_wrapper\"><div class=\"vc_empty_space\"   style=\"height: 32px\"><span class=\"vc_empty_space_inner\"><\/span><\/div>\n\t<div class=\"wpb_text_column wpb_content_element\" >\n\t\t<div class=\"wpb_wrapper\">\n\t\t\t<h4>\u00a1Cont\u00e1ctenos!<\/h4>\n<h5>Reserva de aventuras<\/h5>\n<p><em>Tur rehberleri <strong>Locales<\/strong> Ve <strong>ulusal<\/strong> y servicios para hu\u00e9spedes<\/em><\/p>\n<p>Rezervasyonlar: Dom. Cum. Turlar\u0131 ve Gezileri<\/p>\n<p>Tel\/Whatsapp +1-809-720-6035.<\/p>\n<p>info@bookingadventures.com.do<\/p>\n<p>Hacemos flexibles Configurando tours privados por <strong>Whatsapp:\u00a0<a href=\"tel:+18097206035\">+18097206035.<\/a><\/strong><\/p>\n\n\t\t<\/div>\n\t<\/div>\n<div class=\"vc_empty_space\"   style=\"height: 32px\"><span class=\"vc_empty_space_inner\"><\/span><\/div><\/div><\/div><\/div><\/div>","protected":false},"excerpt":{"rendered":"<p>Avistamiento de ballenas de Saman\u00e1 + recorrido por Cayo Levantado desde el puerto de Saman\u00e1 con gu\u00eda local naturalista. Visitando las ballenas jorobadas en el santuario y despu\u00e9s de la observaci\u00f3n de ballenas en la Bah\u00eda de Saman\u00e1, visite la isla de Bacard\u00ed para un almuerzo y tiempo en la playa.<\/p>\n<p>Despu\u00e9s de este viaje, lo llevaremos de regreso al punto de encuentro donde comenzamos.<\/p>\n<p><strong>Seleccione uno de los d\u00edas disponibles para esta excursi\u00f3n:<\/strong><\/p>","protected":false},"featured_media":254,"template":"","meta":[],"product_brand":[],"product_cat":[122,443,124,232],"product_tag":[137,139,233,225,147,148,143,234,235,236,237,238],"class_list":{"0":"post-610","1":"product","2":"type-product","3":"status-publish","4":"has-post-thumbnail","6":"product_cat-tours-and-excursions","7":"product_cat-tours-y-excursiones-es","8":"product_cat-tours-excursions-samana-bay-dominican-republic","9":"product_cat-whale-watching-samana","10":"product_tag-bacardi-island","11":"product_tag-cayo-levantado","12":"product_tag-las-galeras","13":"product_tag-las-terrenas","14":"product_tag-samana-bay","15":"product_tag-samana-excursions","16":"product_tag-samana-tours","17":"product_tag-whale-samana","18":"product_tag-whale-tours","19":"product_tag-whale-watching-dominican-republic","20":"product_tag-whale-watching-excursion","21":"product_tag-whale-watching-samana","23":"first","24":"instock","25":"sale","26":"sold-individually","27":"shipping-taxable","28":"product-type-external"},"_links":{"self":[{"href":"https:\/\/haitises.com\/tr\/wp-json\/wp\/v2\/product\/610","targetHints":{"allow":["GET"]}}],"collection":[{"href":"https:\/\/haitises.com\/tr\/wp-json\/wp\/v2\/product"}],"about":[{"href":"https:\/\/haitises.com\/tr\/wp-json\/wp\/v2\/types\/product"}],"wp:featuredmedia":[{"embeddable":true,"href":"https:\/\/haitises.com\/tr\/wp-json\/wp\/v2\/media\/254"}],"wp:attachment":[{"href":"https:\/\/haitises.com\/tr\/wp-json\/wp\/v2\/media?parent=610"}],"wp:term":[{"taxonomy":"product_brand","embeddable":true,"href":"https:\/\/haitises.com\/tr\/wp-json\/wp\/v2\/product_brand?post=610"},{"taxonomy":"product_cat","embeddable":true,"href":"https:\/\/haitises.com\/tr\/wp-json\/wp\/v2\/product_cat?post=610"},{"taxonomy":"product_tag","embeddable":true,"href":"https:\/\/haitises.com\/tr\/wp-json\/wp\/v2\/product_tag?post=610"}],"curies":[{"name":"wp","href":"https:\/\/api.w.org\/{rel}","templated":true}]}}