{"id":61,"date":"2020-06-14T11:56:47","date_gmt":"2020-06-14T11:56:47","guid":{"rendered":"http:\/\/haitises.com\/product\/import-placeholder-for-9252\/"},"modified":"2024-04-24T05:04:08","modified_gmt":"2024-04-24T05:04:08","slug":"yuruyus-boca-del-diablo-seytanin-agzindan-fronton-plajina-samana-gunluk-gezi\u0307","status":"publish","type":"product","link":"https:\/\/haitises.com\/tr\/ozel\/yuruyus-boca-del-diablo-seytanin-agzindan-fronton-plajina-samana-gunluk-gezi\u0307\/","title":{"rendered":"Boca del Diablo &#039;\u015eeytan\u0131n A\u011fz\u0131&#039; y\u00fcr\u00fcy\u00fc\u015f\u00fc, Samana&#039;daki Fronton Plaj\u0131&#039;na g\u00fcnl\u00fck gezi."},"content":{"rendered":"<div class=\"vc_row wpb_row vc_row-fluid\" ><div class=\"wpb_column vc_column_container vc_col-sm-12\"><div class=\"vc_column-inner\"><div class=\"wpb_wrapper\"><\/div><\/div><\/div><\/div><div class=\"vc_row wpb_row vc_row-fluid\" ><div class=\"wpb_column vc_column_container vc_col-sm-12\"><div class=\"vc_column-inner\"><div class=\"wpb_wrapper\">[mkdf_section_title title_tag=\u00bb\u00bb disable_break_words=\u00bbno\u00bb subtitle_tag=\u00bb\u00bb title=\u00bbBoca del Diablo \u2018Mouth of the Devil\u2019, to Fronton Beach, Samana day trip.\u00bb subtitle=\u00bbHiking\u00bb]\n\t<div class=\"wpb_text_column wpb_content_element\" >\n\t\t<div class=\"wpb_wrapper\">\n\t\t\t<h3>Boca del Diablo '\u015eeytan\u0131n A\u011fz\u0131' y\u00fcr\u00fcy\u00fc\u015f\u00fc, Fronton Plaj\u0131'na, Samana g\u00fcn\u00fcbirlik gezisi.<\/h3>\n<h4><b><i>Genel Bak\u0131\u015f <\/i><\/b><\/h4>\n<p>Gezi Las Galeras, Samana'daki bulu\u015fma noktam\u0131zda ba\u015fl\u0131yor. Samana'daki en muhte\u015fem y\u00fcr\u00fcy\u00fc\u015f. \u0130spanyolca Boca Del Diablo'daki \u015feytan\u0131n a\u011fz\u0131n\u0131 ziyaret etmek, kayalar\u0131n alt\u0131nda su bas\u0131nc\u0131 ile u\u00e7urumlar olu\u015fturan g\u00fcr\u00fclt\u00fc. Marmolit ma\u011faralar\u0131n\u0131 ve Boca del Diablo'yu ziyaret ettikten sonra, Dominik Cumhuriyeti'nin en muhte\u015fem plajlar\u0131ndan birine kadar hindistan cevizi orman\u0131 ve okyanusun muhte\u015fem manzaras\u0131 e\u015fli\u011finde y\u00fcr\u00fcy\u00fc\u015f\u00fcm\u00fcze devam ediyoruz. Fronton Plaj\u0131.<\/p>\n<p>Bu deneyimden sonra, Las Galeras Toplulu\u011fundaki Bulu\u015fma noktam\u0131za y\u00fcr\u00fcy\u00fc\u015fe geri d\u00f6neceksiniz.<\/p>\n<ul>\n<li style=\"font-weight: 400;\">\u00dccretler dahil<\/li>\n<li>At\u0131\u015ft\u0131rmal\u0131klar<\/li>\n<li style=\"font-weight: 400;\">\u0130ngilizce veya Frans\u0131zca Yerel Tur Rehberi<\/li>\n<li>Do\u011fa y\u00fcr\u00fcy\u00fc\u015f\u00fc<\/li>\n<\/ul>\n<p>&nbsp;<\/p>\n<h4><b>Dahil Edilenler ve Hari\u00e7 Tutulanlar<\/b><\/h4>\n<p>&nbsp;<\/p>\n<p><b>Kapsamalar<\/b><\/p>\n<ol>\n<li style=\"font-weight: 400;\">Boca del Diablo<\/li>\n<li>Marmolite Ma\u011faralar\u0131<\/li>\n<li>Fronton Plaj\u0131<\/li>\n<li style=\"font-weight: 400;\"><span style=\"font-weight: 400;\">T\u00fcm vergiler, har\u00e7lar ve i\u015flem \u00fccretleri<\/span><\/li>\n<li style=\"font-weight: 400;\"><span style=\"font-weight: 400;\">Yerel vergiler<\/span><\/li>\n<li>At\u0131\u015ft\u0131rmal\u0131klar<\/li>\n<li>Do\u011fa y\u00fcr\u00fcy\u00fc\u015f\u00fc<\/li>\n<li style=\"font-weight: 400;\"><span style=\"font-weight: 400;\">T\u00fcm faaliyetler<\/span><\/li>\n<li style=\"font-weight: 400;\"><span style=\"font-weight: 400;\">Yerel rehber<\/span><\/li>\n<\/ol>\n<p><b> \u0130stisnalar<\/b><\/p>\n<ol>\n<li style=\"font-weight: 400;\"><span style=\"font-weight: 400;\">Bah\u015fi\u015fler<\/span><\/li>\n<li>Ula\u015f\u0131m<\/li>\n<li>\u00d6\u011fle yeme\u011fi<\/li>\n<li style=\"font-weight: 400;\"><span style=\"font-weight: 400;\">Alkoll\u00fc i\u00e7ecekler<\/span><\/li>\n<\/ol>\n<p>&nbsp;<\/p>\n<h4><em><strong>Gidi\u015f &amp; D\u00f6n\u00fc\u015f<\/strong><\/em><\/h4>\n<p><span style=\"font-weight: 400;\">Yolcu, Rezervasyon \u0130\u015fleminden sonra bir bulu\u015fma noktas\u0131 alacakt\u0131r. Turlar bulu\u015fma noktalar\u0131n\u0131zda ba\u015flar ve biter.<\/span><\/p>\n<p>&nbsp;<\/p>\n<h3><\/h3>\n<h4><b><i>Ne bekleyebilece\u011finizi?<\/i><\/b><\/h4>\n<p><em><strong>Biletlerinizi al\u0131n<\/strong><\/em> Samana'daki Boca del diablo ve Fronton Plaj\u0131'n\u0131 ziyaret etmek i\u00e7in. G\u00fcn\u00fcbirlik Gezi. Las Galeras'tan ba\u015flayarak, hindistan cevizi a\u011fa\u00e7lar\u0131, manzaralar, da\u011flar, ku\u015flar ve Dominik Cumhuriyeti'nin en g\u00fczel plajlar\u0131ndan biri.<\/p>\n<p>The tour, organized by \u00abBooking Adventures\u00bb starts at the meeting point set with the Tour Guide. Come with Booking Adventures and start in boca del diablo a cavern with a vent where large waves\u00a0<img decoding=\"async\" class=\"emoji\" draggable=\"false\" src=\"http:\/\/twemoji.maxcdn.com\/16x16\/1f30a.png\" alt=\"\ud83c\udf0a\" title=\"\">\u00a0ve deniz suyu p\u00fcsk\u00fcr\u00fcyor\u00a0<img decoding=\"async\" class=\"emoji\" draggable=\"false\" src=\"http:\/\/twemoji.maxcdn.com\/16x16\/1f4a8.png\" alt=\"\ud83d\udca8\" title=\"\">\u00a0<img decoding=\"async\" class=\"emoji\" draggable=\"false\" src=\"http:\/\/twemoji.maxcdn.com\/16x16\/1f4a6.png\" alt=\"\ud83d\udca6\" title=\"\">\u00a0havaland\u0131rma deli\u011finden d\u0131\u015far\u0131. B\u00fcy\u00fck dalgalar tuzlu su damlac\u0131klar\u0131ndan olu\u015fan kal\u0131c\u0131 bir bulut olu\u015fturarak i\u00e7 kesimlere do\u011fru olduk\u00e7a uzaklara savrulurdu. Biz oradayken dalgalar\u0131n durumu vah\u015fiydi ve olduk\u00e7a iyi bir g\u00f6steri izledik.<\/p>\n<div class=\"body-description secondary\">\n<p>Bu deneyimden sonra en g\u00fczel plajlardan biri olan Fronton Plaj\u0131'na 1 30 dakikal\u0131k bir y\u00fcr\u00fcy\u00fc\u015f yapt\u0131k, farkl\u0131 manzaralar\u0131n\u0131 boyayan binlerce renk tonu... ve burada fronton plaj\u0131nda bir istisna yok. Etraf\u0131n\u0131zda her \u015fey var... sakinli\u011fi nas\u0131l hissetmem... bulundu\u011fum yerden durgunlu\u011fu... denizden b\u00fcy\u00fcl\u00fc bir manzara... eski da\u011flardan... ebedi g\u00fcne\u015fimiz taraf\u0131ndan \u00f6p\u00fclen g\u00fcne\u015f ve hi\u00e7 bitmeyen ufuk... \u00fczerimizdeki g\u00f6ky\u00fcz\u00fc. ve yine de tad\u0131n\u0131 \u00e7\u0131karacak daha \u00e7ok \u015fey var... orada hissetti\u011fimiz \u015fey bu.<\/p>\n<p>Ekstra bir \u00fccret kar\u015f\u0131l\u0131\u011f\u0131nda \u00f6\u011fle yeme\u011fi ve tekne turu ayarlayabiliriz.  Fronton Plaj\u0131'nda y\u00fczd\u00fckten sonra bulu\u015fma noktam\u0131za geri d\u00f6n\u00fcyoruz.<\/p>\n<p>&nbsp;<\/p>\n<p>&nbsp;<\/p>\n<\/div>\n<h4><em><strong>Ne getirmelisiniz?<\/strong><\/em><\/h4>\n<ul>\n<li style=\"font-weight: 400;\"><span style=\"font-weight: 400;\">kamera<\/span><\/li>\n<li style=\"font-weight: 400;\"><span style=\"font-weight: 400;\">Kovucu tomurcuklar<\/span><\/li>\n<li style=\"font-weight: 400;\"><span style=\"font-weight: 400;\">G\u00fcne\u015f Kremi<\/span><\/li>\n<li>Su<\/li>\n<li style=\"font-weight: 400;\"><span style=\"font-weight: 400;\">\u015eapka<\/span><\/li>\n<li style=\"font-weight: 400;\"><span style=\"font-weight: 400;\">Rahat pantolon<\/span><\/li>\n<li style=\"font-weight: 400;\"><span style=\"font-weight: 400;\">Orman i\u00e7in y\u00fcr\u00fcy\u00fc\u015f ayakkab\u0131s\u0131<\/span><\/li>\n<li style=\"font-weight: 400;\"><span style=\"font-weight: 400;\">Bahar b\u00f6lgelerine sandaletler.<\/span><\/li>\n<li style=\"font-weight: 400;\"><span style=\"font-weight: 400;\">Y\u00fczme giysileri<\/span><\/li>\n<\/ul>\n<p>&nbsp;<\/p>\n<h4><b><i>Otelden Alma <\/i><\/b><\/h4>\n<p><span style=\"font-weight: 400;\">Bu tur i\u00e7in otelden ara\u00e7la alma hizmeti sunulmamaktad\u0131r. <\/span><\/p>\n<p>&nbsp;<\/p>\n<p><b>Not:<\/b><span style=\"font-weight: 400;\"> Tur\/Gezi kalk\u0131\u015f saatinden sonraki 24 saat i\u00e7inde rezervasyon yap\u0131yorsan\u0131z, ekstra \u00dccret kar\u015f\u0131l\u0131\u011f\u0131nda otelden alma i\u015flemini d\u00fczenleyebiliriz. Sat\u0131n alma i\u015fleminiz tamamland\u0131ktan sonra, yerel Tur rehberimizin kar\u015f\u0131lama d\u00fczenlemelerini organize etmesi i\u00e7in size eksiksiz ileti\u015fim bilgilerini (telefon numaras\u0131, e-posta adresi vb.) G\u00f6nderece\u011fiz.<\/span><\/p>\n<h4><b><i>Ek Bilgi Onay\u0131 <\/i><\/b><\/h4>\n<ol>\n<li>Biletler bu Turu \u00f6dedikten sonra al\u0131nan Makbuzdur. \u00d6demeyi telefonunuzda g\u00f6sterebilirsiniz.<\/li>\n<li style=\"font-weight: 400;\"><span style=\"font-weight: 400;\">Rezervasyon \u0130\u015fleminden Sonra Bulu\u015fma Noktas\u0131na Al\u0131nacakt\u0131r.<\/span><\/li>\n<li style=\"font-weight: 400;\"><span style=\"font-weight: 400;\">\u00c7ocuklara bir yeti\u015fkinin e\u015flik etmesi gerekmektedir.<\/span><\/li>\n<li style=\"font-weight: 400;\"><span style=\"font-weight: 400;\"> Tekerlekli sandalye eri\u015fimine uygun de\u011fil <\/span><\/li>\n<li style=\"font-weight: 400;\"><span style=\"font-weight: 400;\">Bebekler kucakta oturmal\u0131 <\/span><\/li>\n<li style=\"font-weight: 400;\"><span style=\"font-weight: 400;\">S\u0131rt sorunu olan gezginler i\u00e7in \u00f6nerilmez<\/span><\/li>\n<li style=\"font-weight: 400;\"><span style=\"font-weight: 400;\">Hamile gezginler i\u00e7in \u00f6nerilmez <\/span><\/li>\n<li style=\"font-weight: 400;\"><span style=\"font-weight: 400;\"> Kalp problemi veya ba\u015fka ciddi t\u0131bbi durum yok <\/span><\/li>\n<li style=\"font-weight: 400;\"><span style=\"font-weight: 400;\">\u00c7o\u011fu gezgin kat\u0131labilir<\/span><\/li>\n<\/ol>\n<h4><b><i>\u0130ptal politikas\u0131<\/i><\/b><\/h4>\n<p><span style=\"font-weight: 400;\">Tam geri \u00f6deme i\u00e7in, deneyimin ba\u015flang\u0131\u00e7 tarihinden en az 24 saat \u00f6nce iptal edin. Rezervasyonun seyahatle ayn\u0131 g\u00fcn iptal edilmesi durumunda fonlar kaybedilecektir.<\/span><\/p>\n\n\t\t<\/div>\n\t<\/div>\n<\/div><\/div><\/div><\/div><div class=\"vc_row wpb_row vc_row-fluid\" ><div class=\"wpb_column vc_column_container vc_col-sm-12\"><div class=\"vc_column-inner\"><div class=\"wpb_wrapper\">\n\t<div class=\"wpb_video_widget wpb_content_element vc_clearfix   vc_video-aspect-ratio-169 vc_video-el-width-100 vc_video-align-left\" >\n\t\t<div class=\"wpb_wrapper\">\n\t\t\t<h2 class=\"wpb_heading wpb_video_heading\">Boca del diablo ve Fronton plaj\u0131<\/h2>\n\t\t\t<div class=\"wpb_video_wrapper\"><iframe loading=\"lazy\" title=\"Saman\u00e1 Yar\u0131madas\u0131, Dominik Cumhuriyeti (DJI Phantom 4 4K)\" width=\"1100\" height=\"619\" src=\"https:\/\/www.youtube.com\/embed\/DYDXVm8Q_iM?feature=oembed\" frameborder=\"0\" allow=\"accelerometer; autoplay; encrypted-media; gyroscope; picture-in-picture\" allowfullscreen><\/iframe><\/div>\n\t\t<\/div>\n\t<\/div>\n<\/div><\/div><\/div><\/div><div class=\"vc_row wpb_row vc_row-fluid\" ><div class=\"wpb_column vc_column_container vc_col-sm-12\"><div class=\"vc_column-inner\"><div class=\"wpb_wrapper\"><div class=\"vc_empty_space\"   style=\"height: 32px\"><span class=\"vc_empty_space_inner\"><\/span><\/div>\n\t<div class=\"wpb_text_column wpb_content_element\" >\n\t\t<div class=\"wpb_wrapper\">\n\t\t\t<h4>Bize Ula\u015f\u0131n?<\/h4>\n<h5>Rezervasyon Maceralar\u0131<\/h5>\n<p><em><strong>Yerliler<\/strong>\u00a0Ve\u00a0<strong>Vatanda\u015flar<\/strong>\u00a0Tur Rehberleri ve Misafir Hizmetleri<\/em><\/p>\n<p><span class=\"text-turquoise\">Rezervasyonlar:<\/span>\u00a0Dom. Cum. s\u0131n\u0131rlar\u0131ndaki Turlar ve Geziler<\/p>\n<p><img decoding=\"async\" class=\"emoji\" draggable=\"false\" src=\"https:\/\/s.w.org\/images\/core\/emoji\/11.2.0\/svg\/1f4de.svg\" alt=\"\ud83d\udcde\" title=\"\">\u00a0Tel\/Whatsapp\u00a0\u00a0<a href=\"tel:+1-809-720-6035\">+1-809-720-6035<\/a>.<\/p>\n<p><img decoding=\"async\" class=\"emoji\" draggable=\"false\" src=\"https:\/\/s.w.org\/images\/core\/emoji\/11.2.0\/svg\/1f4e9.svg\" alt=\"\ud83d\udce9\" title=\"\">\u00a0<a href=\"mailto:info@bookingadventures.com.do\">info@bookingadventures.com.do<\/a><\/p>\n<p><strong>Whatsapp ile \u00d6zel Turlar\u0131 Esnek Ayarl\u0131yoruz:\u00a0<a href=\"tel:+18097206035\">+18097206035.<\/a><\/strong><\/p>\n\n\t\t<\/div>\n\t<\/div>\n<div class=\"vc_empty_space\"   style=\"height: 32px\"><span class=\"vc_empty_space_inner\"><\/span><\/div><\/div><\/div><\/div><\/div>","protected":false},"excerpt":{"rendered":"<p>Gezi Las Galeras, Samana'daki bulu\u015fma noktam\u0131zda ba\u015fl\u0131yor. Samana'daki en muhte\u015fem y\u00fcr\u00fcy\u00fc\u015f. \u0130spanyolca Boca Del Diablo'daki \u015feytan\u0131n a\u011fz\u0131n\u0131 ziyaret etmek, kayalar\u0131n alt\u0131nda bir su \u00e7\u00f6keltisi ile glifler yapan g\u00fcr\u00fclt\u00fc. Marmolit ma\u011faralar\u0131n\u0131 ve Boca del Diablo'yu ziyaret ettikten sonra, Dominik Cumhuriyeti'nin en muhte\u015fem plajlar\u0131ndan birine kadar hindistan cevizi orman\u0131 ve okyanusun g\u00fczel manzaralar\u0131 e\u015fli\u011finde y\u00fcr\u00fcy\u00fc\u015f\u00fcm\u00fcze devam ediyoruz. Fronton Plaj\u0131.<\/p>\n<p>&nbsp;<\/p>\n<p><strong>L\u00fctfen Tur i\u00e7in tarih se\u00e7iniz:\u00a0<\/strong><\/p>","protected":false},"featured_media":337,"template":"","meta":[],"product_brand":[],"product_cat":[96,124],"product_tag":[206,225,132,133,146,226],"class_list":{"0":"post-61","1":"product","2":"type-product","3":"status-publish","4":"has-post-thumbnail","6":"product_cat-hiking","7":"product_cat-tours-excursions-samana-bay-dominican-republic","8":"product_tag-caves-los-haitises","9":"product_tag-las-terrenas","10":"product_tag-los-haitises","11":"product_tag-los-haitises-national-park","12":"product_tag-mangroves-los-haitises","13":"product_tag-transportation-los-haitises","15":"first","16":"instock","17":"sale","18":"sold-individually","19":"shipping-taxable","20":"product-type-external"},"_links":{"self":[{"href":"https:\/\/haitises.com\/tr\/wp-json\/wp\/v2\/product\/61","targetHints":{"allow":["GET"]}}],"collection":[{"href":"https:\/\/haitises.com\/tr\/wp-json\/wp\/v2\/product"}],"about":[{"href":"https:\/\/haitises.com\/tr\/wp-json\/wp\/v2\/types\/product"}],"wp:featuredmedia":[{"embeddable":true,"href":"https:\/\/haitises.com\/tr\/wp-json\/wp\/v2\/media\/337"}],"wp:attachment":[{"href":"https:\/\/haitises.com\/tr\/wp-json\/wp\/v2\/media?parent=61"}],"wp:term":[{"taxonomy":"product_brand","embeddable":true,"href":"https:\/\/haitises.com\/tr\/wp-json\/wp\/v2\/product_brand?post=61"},{"taxonomy":"product_cat","embeddable":true,"href":"https:\/\/haitises.com\/tr\/wp-json\/wp\/v2\/product_cat?post=61"},{"taxonomy":"product_tag","embeddable":true,"href":"https:\/\/haitises.com\/tr\/wp-json\/wp\/v2\/product_tag?post=61"}],"curies":[{"name":"wp","href":"https:\/\/api.w.org\/{rel}","templated":true}]}}