{"id":597,"date":"2020-07-03T18:18:34","date_gmt":"2020-07-03T18:18:34","guid":{"rendered":"http:\/\/haitises.com\/?post_type=product&#038;p=597"},"modified":"2024-04-16T18:07:59","modified_gmt":"2024-04-16T18:07:59","slug":"excursion-de-medio-dia-de-observacion-de-ballenas","status":"publish","type":"product","link":"https:\/\/haitises.com\/tr\/ozel\/excursion-de-medio-dia-de-observacion-de-ballenas\/","title":{"rendered":"Excursi\u00f3n de medio d\u00eda de Observaci\u00f3n de Ballenas"},"content":{"rendered":"<div class=\"vc_row wpb_row vc_row-fluid\" ><div class=\"wpb_column vc_column_container vc_col-sm-12\"><div class=\"vc_column-inner\"><div class=\"wpb_wrapper\">[mkdf_section_title subtitle_tag=\u00bb\u00bb subtitle=\u00bbMa\u00f1ana o tarde\u00bb]<\/div><\/div><\/div><\/div><div class=\"vc_row wpb_row vc_row-fluid\" ><div class=\"wpb_column vc_column_container vc_col-sm-12\"><div class=\"vc_column-inner\"><div class=\"wpb_wrapper\">\n\t<div class=\"wpb_text_column wpb_content_element\" >\n\t\t<div class=\"wpb_wrapper\">\n\t\t\t<h2>Excursi\u00f3n de Avistamiento de ballenas de medio d\u00eda Saman\u00e1 en catamar\u00e1n<\/h2>\n<h3>Tan\u0131m<\/h3>\n<p>Despu\u00e9s de abordar la embarcaci\u00f3n para visitar a las ballenas en su propio h\u00e1bitat. Nuestros capitanes est\u00e1n entrenados para asegurarse de que vean ballenas.<\/p>\n<p>De 9:00 a.m. a 12: 00 a mediod\u00eda o privado m\u00ednimo 4 personas de 1:00 p.m. a 3:30 p.m. Observatorio o avistamiento de ballenas y despu\u00e9s de este viaje de observaci\u00f3n de ballenas, volvemos al puerto principal de Saman\u00e1.<\/p>\n<p><strong>Not<\/strong>: Este tour no es privado. Si desea establecer un recorrido privado, cont\u00e1ctenos.<\/p>\n<ul>\n<li>Avistamiento de ballenas<\/li>\n<li>Transferencia de catamar\u00e1n en barco<\/li>\n<li>El Capit\u00e1n proporciona instrucci\u00f3n y supervisi\u00f3n.<\/li>\n<li>Gu\u00eda tur\u00edstico<\/li>\n<\/ul>\n<h3><em>Dahil edilenler ve hari\u00e7 tutulanlar<\/em><\/h3>\n<h4>Kapsamalar<\/h4>\n<ol>\n<li>Gu\u00eda tur\u00edstico<\/li>\n<li>Catamar\u00e1n o paseo en barco<\/li>\n<li>T\u00fcm vergiler, har\u00e7lar ve ta\u015f\u0131ma \u00fccretleri<\/li>\n<li>Yerel vergiler<\/li>\n<li>\u0130\u00e7ecekler<\/li>\n<li>Tabletas de Dramamine (Opcional)<\/li>\n<li>Tasas de entrada al Santuario. (Pulsera)<\/li>\n<\/ol>\n<h4>\u0130stisnalar<\/h4>\n<ol>\n<li>\u0130pu\u00e7lar\u0131<\/li>\n<li>Transfer Car<\/li>\n<li>Alkoll\u00fc i\u00e7ecekler<\/li>\n<\/ol>\n<h3>Kalk\u0131\u015f ve d\u00f6n\u00fc\u015f<\/h3>\n<p>Gezgin, rezervasyon i\u015fleminden sonra bir bulu\u015fma noktas\u0131na sahip olacakt\u0131r. Turlar bulu\u015fma noktalar\u0131m\u0131zda ba\u015flar ve biter.<\/p>\n<p>Avistamiento de ballenas de medio d\u00eda Saman\u00e1 en catamar\u00e1n.<\/p>\n<h3><em>Ne bekleyebilece\u011finizi?<\/em><\/h3>\n<p>Obtenga sus boletos para un viaje de medio d\u00eda de avistamiento de ballenas en la bah\u00eda de Saman\u00e1.<\/p>\n<p>El viaje de avistamiento de ballenas de medio d\u00eda, organizado por \u00abBooking Adventures\u00bb comienza en el punto de encuentro establecido con el gu\u00eda tur\u00edstico. El almuerzo en la playa no est\u00e1 incluido en este tour.<\/p>\n<p><strong>Horario:<\/strong><\/p>\n<p>8:45 AM &#8211; 12: 30 PM<\/p>\n<p>1: 00 Pm &#8211; 3: 30 PM. (Normalmente puede ser un viaje privado m\u00ednimo 4 personas o cont\u00e1ctenos).<\/p>\n<p>El tiempo puede cambiar dependiendo de cu\u00e1ntas ballenas vemos.<\/p>\n<h3><em>Ne getirmelisiniz?<\/em><\/h3>\n<ul>\n<li>Kamera<\/li>\n<li>Kovucular<\/li>\n<li>g\u00fcne\u015f kremi<\/li>\n<li>\u015eapka<\/li>\n<li>Rahat pantolon<\/li>\n<li>Mayo<\/li>\n<li>Efectivo para souvenirs<\/li>\n<\/ul>\n<h3><em>Otelden alma<\/em><\/h3>\n<p>Bu tur i\u00e7in otelden alma hizmeti sunulmamaktad\u0131r.<\/p>\n<p><strong>Not:<\/strong> tur\/gezi\u0307 kalki\u015f saati\u0307nden i\u0307ti\u0307baren 24 saat i\u0307\u00e7i\u0307nde rezervasyon yaptirirsaniz, ek \u00fccret kar\u015fili\u011finda otelden alim ayarlayabi\u0307li\u0307ri\u0307z. Sat\u0131n alma i\u015fleminiz tamamland\u0131ktan sonra, yerel tur rehberimizin teslim alma d\u00fczenlemelerini ayarlamas\u0131 i\u00e7in size tam ileti\u015fim bilgilerini (telefon numaras\u0131, e-posta adresi vb.) G\u00f6nderece\u011fiz.<\/p>\n<h3><em>Ek bilgilerin do\u011frulanmas\u0131<\/em><\/h3>\n<ul>\n<li>Biletler, bu Tur i\u00e7in \u00f6deme yap\u0131ld\u0131ktan sonra al\u0131nan Makbuzdur. \u00d6demeyi telefonunuzda g\u00f6sterebilirsiniz.<\/li>\n<li>Rezervasyon i\u015fleminin ard\u0131ndan bulu\u015fma noktas\u0131 al\u0131nacakt\u0131r.<\/li>\n<li>\u00c7ocuklara bir yeti\u015fkinin e\u015flik etmesi gerekmektedir.<\/li>\n<li>Accesible a silla de ruedas<\/li>\n<li>Los infantes deben sentarse en un asiento para beb\u00e9s o con un\u00a0 adulto<\/li>\n<li>\u00c7o\u011fu gezgin kat\u0131labilir.<\/li>\n<\/ul>\n<h3><em>\u0130ptal politikas\u0131<\/em><\/h3>\n<p>Tam para iadesi i\u00e7in deneyim ba\u015flang\u0131\u00e7 tarihinden en az 24 saat \u00f6nce iptal edin.<\/p>\n<h3><em>Bize \u015fu adresten ula\u015f\u0131n<\/em><br \/>\nTOUR BALLENAS SAMANA<\/h3>\n<p><em>Yerel ve ulusal tur rehberleri ve misafir hizmetleri<\/em><\/p>\n<p>Rezervasyonlar: Yurt Temsilciliklerinde Turlar ve Geziler.<\/p>\n<p>Tel\/Whatsapp +1-809-720-6035.<\/p>\n<p>info@bookingadventures.com.do<\/p>\n<p>Hacemos tours privados de configuraci\u00f3n flexible por Whatsapp: +18097206035.<\/p>\n\n\t\t<\/div>\n\t<\/div>\n<\/div><\/div><\/div><\/div>","protected":false},"excerpt":{"rendered":"<p>Avistamiento de ballenas de medio d\u00eda Bah\u00eda de Saman\u00e1, Rep\u00fablica Dominicana. Excursi\u00f3n de observaci\u00f3n de ballenas desde el puerto de Saman\u00e1 en un c\u00f3modo catamar\u00e1n. Reserve para la ma\u00f1ana o para la tarde excursiones para avistar ballenas. Reserve ahora esta excursi\u00f3n en la bah\u00eda de Saman\u00e1 para una buena experiencia de viaje de observaci\u00f3n de ballenas.<\/p>\n<p><em><strong>Por favor, seleccione la fecha de la excursi\u00f3n:<\/strong><\/em><\/p>","protected":false},"featured_media":427,"template":"","meta":[],"product_brand":[],"product_cat":[335,443,124,232],"product_tag":[336,201,271,234,235,236,337,338,238],"class_list":{"0":"post-597","1":"product","2":"type-product","3":"status-publish","4":"has-post-thumbnail","6":"product_cat-half-day-whale-watching-samana-in-catamaran","7":"product_cat-tours-y-excursiones-es","8":"product_cat-tours-excursions-samana-bay-dominican-republic","9":"product_cat-whale-watching-samana","10":"product_tag-half-day-whale-watching-samana-in-catamaran-morning-or-afternoon","11":"product_tag-private-tours-samana","12":"product_tag-samana-whale-watching","13":"product_tag-whale-samana","14":"product_tag-whale-tours","15":"product_tag-whale-watching-dominican-republic","16":"product_tag-whale-watching-las-galeras","17":"product_tag-whale-watching-las-terrenas","18":"product_tag-whale-watching-samana","20":"first","21":"instock","22":"sale","23":"sold-individually","24":"shipping-taxable","25":"product-type-external"},"_links":{"self":[{"href":"https:\/\/haitises.com\/tr\/wp-json\/wp\/v2\/product\/597","targetHints":{"allow":["GET"]}}],"collection":[{"href":"https:\/\/haitises.com\/tr\/wp-json\/wp\/v2\/product"}],"about":[{"href":"https:\/\/haitises.com\/tr\/wp-json\/wp\/v2\/types\/product"}],"wp:featuredmedia":[{"embeddable":true,"href":"https:\/\/haitises.com\/tr\/wp-json\/wp\/v2\/media\/427"}],"wp:attachment":[{"href":"https:\/\/haitises.com\/tr\/wp-json\/wp\/v2\/media?parent=597"}],"wp:term":[{"taxonomy":"product_brand","embeddable":true,"href":"https:\/\/haitises.com\/tr\/wp-json\/wp\/v2\/product_brand?post=597"},{"taxonomy":"product_cat","embeddable":true,"href":"https:\/\/haitises.com\/tr\/wp-json\/wp\/v2\/product_cat?post=597"},{"taxonomy":"product_tag","embeddable":true,"href":"https:\/\/haitises.com\/tr\/wp-json\/wp\/v2\/product_tag?post=597"}],"curies":[{"name":"wp","href":"https:\/\/api.w.org\/{rel}","templated":true}]}}