{"id":565,"date":"2020-06-27T16:23:17","date_gmt":"2020-06-27T16:23:17","guid":{"rendered":"http:\/\/haitises.com\/?post_type=product&#038;p=565"},"modified":"2024-04-17T17:12:17","modified_gmt":"2024-04-17T17:12:17","slug":"damajaguanin-27-su-bi\u0307ri\u0307ki\u0307nti\u0307si\u0307ne-gezi\u0307","status":"publish","type":"product","link":"https:\/\/haitises.com\/tr\/ozel\/damajaguanin-27-su-bi\u0307ri\u0307ki\u0307nti\u0307si\u0307ne-gezi\u0307\/","title":{"rendered":"Damajagua&#039;n\u0131n 27 Charcos&#039;una gezi"},"content":{"rendered":"<div class=\"vc_row wpb_row vc_row-fluid\" ><div class=\"wpb_column vc_column_container vc_col-sm-12\"><div class=\"vc_column-inner\"><div class=\"wpb_wrapper\">[mkdf_section_title subtitle_tag=\u00bb\u00bb subtitle=\u00bbAlmuerzo Inclu\u00eddo\u00bb]<\/div><\/div><\/div><\/div><div class=\"vc_row wpb_row vc_row-fluid\" ><div class=\"wpb_column vc_column_container vc_col-sm-12\"><div class=\"vc_column-inner\"><div class=\"wpb_wrapper\">\n\t<div class=\"wpb_text_column wpb_content_element\" >\n\t\t<div class=\"wpb_wrapper\">\n\t\t\t<h2>27 Puerto Plata'dan Damajagua \u015eelaleleri Turu. Yar\u0131m g\u00fcnl\u00fck gezi.<\/h2>\n<h5>27 Puerto Plata'dan Charcos de Damajagua Gezisi. Yar\u0131m g\u00fcnl\u00fck tur.<\/h5>\n<h3>Tan\u0131m<\/h3>\n<p>Yar\u0131m g\u00fcnl\u00fck bir gezi i\u00e7in biletlerinizi 27 Charcos de Damajagua'dan al\u0131n. \u00d6\u011fle yemekli ve turlu biletler Dominik Cumhuriyeti'nin en g\u00fczel \u015felalelerinde atlamay\u0131 ve y\u00fczmeyi i\u00e7erir. Ya\u015fam boyu s\u00fcrecek bir deneyim i\u00e7in g\u00fcvenlik ekipmanlar\u0131yla y\u00fcr\u00fcy\u00fc\u015f ve y\u00fczme!<\/p>\n<p>Bu deneyimden sonra tur rehberiyle bulu\u015faca\u011f\u0131n\u0131z yere geri d\u00f6neceksiniz.<\/p>\n<ul>\n<li>\u00dccretler dahil<\/li>\n<li>\u00d6\u011fle yeme\u011fi<\/li>\n<li>At\u0131\u015ft\u0131rmal\u0131klar<\/li>\n<li>\u0130ngilizce konu\u015fan yerel tur rehberi<\/li>\n<\/ul>\n<h3>Dahil edilenler ve hari\u00e7 tutulanlar<\/h3>\n<h4>Kapsamalar<\/h4>\n<ol>\n<li>Damajagua'n\u0131n 27 \u015felalesi<\/li>\n<li>\u00d6\u011fle yeme\u011fi<\/li>\n<li>T\u00fcm vergiler, har\u00e7lar ve ta\u015f\u0131ma \u00fccretleri<\/li>\n<li>Yerel vergiler<\/li>\n<li>\u0130\u00e7ecekler<\/li>\n<li>At\u0131\u015ft\u0131rmal\u0131klar<\/li>\n<li>T\u00fcm aktiviteler<\/li>\n<li>Yerel rehber<\/li>\n<\/ol>\n<h4>\u0130stisnalar<\/h4>\n<ol>\n<li>\u0130pu\u00e7lar\u0131<\/li>\n<li>Nakliye (bizimle ileti\u015fime ge\u00e7ti\u011finizde belirlenir)<\/li>\n<li>Alkoll\u00fc i\u00e7ecekler<\/li>\n<\/ol>\n<h3><em>Kalk\u0131\u015f ve d\u00f6n\u00fc\u015f<\/em><\/h3>\n<p>Yolcu, rezervasyon i\u015fleminden sonra bir bulu\u015fma noktas\u0131 alacakt\u0131r. Turlar bulu\u015fma noktalar\u0131nda ba\u015flar ve biter.<\/p>\n<p>27 Puerto Plata'dan Damajagua \u015eelaleleri Turu.<\/p>\n<h3><em>Ne bekleyebilece\u011finizi?<\/em><\/h3>\n<p>Puerto Plata'dan yapaca\u011f\u0131n\u0131z bu g\u00fcnl\u00fck gezide Dominik Cumhuriyeti'nin Kuzey Koridoru'nun tepelerinde sakl\u0131 Damajagua'n\u0131n g\u00f6zlerden uzak \u015felalelerini ke\u015ffedin. Yerel rehberinizle birlikte kire\u00e7ta\u015f\u0131 \u00fczerinde \u00e7a\u011flayan yirmi yedi el de\u011fmemi\u015f \u015felaleyi ke\u015ffedin. K\u0131sa bir g\u00fcvenlik brifingi al\u0131n, ard\u0131ndan atlay\u0131n, y\u00fcz\u00fcn ve do\u011fal kayd\u0131raklardan a\u015fa\u011f\u0131 kay\u0131n.<br \/>\n\u00d6\u011fle yeme\u011fi ve i\u00e7ecekler dahildir. G\u00fczel orman manzaras\u0131 e\u015fli\u011finde yoku\u015f yukar\u0131 40 dakikal\u0131k \u0131l\u0131ml\u0131 bir y\u00fcr\u00fcy\u00fc\u015f sizi 12. \u015felaleye g\u00f6t\u00fcr\u00fcr veya fiziksel durumunuz m\u00fckemmelse, 27 \u015felalenin tepesine (yakla\u015f\u0131k 70 dakika) y\u00fcr\u00fcy\u00fc\u015f yapmay\u0131 ve hepsini deneyimlemeyi se\u00e7in.<br \/>\nHer iki durumda da, as\u0131l e\u011flenceniz a\u015fa\u011f\u0131ya d\u00f6nd\u00fc\u011f\u00fcm\u00fczde ba\u015flar ve bir dizi muhte\u015fem \u015felale, kanyon ve mavi havuzdan atlar, kayar ve y\u00fczersiniz, y\u00fcz\u00fcn\u00fczde aptalca bir s\u0131r\u0131t\u0131\u015f ve hazine i\u00e7in inan\u0131lmaz an\u0131larla ortaya \u00e7\u0131kars\u0131n\u0131z. Parkurlar 25 feet'e (8 metre) kadar atlay\u0131\u015flar i\u00e7eriyor, ancak endi\u015felenmeyin, atlamak istemiyorsan\u0131z b\u00fcy\u00fck \u00e7ocuklar\u0131n ba\u015fka bir ini\u015f yolu var.<br \/>\nAna kampa 15 dakikal\u0131k bir y\u00fcr\u00fcy\u00fc\u015f ve kuru k\u0131yafet de\u011fi\u015fiminden sonra, \u0131zgara tavuk ve domuz eti, g\u00fcve\u00e7, pilav, makarna ve salatalar gibi lezzetli ve \u00e7e\u015fitli Dominik a\u00e7\u0131k b\u00fcfe \u00f6\u011fle yeme\u011finin tad\u0131n\u0131 \u00e7\u0131kar\u0131n.<br \/>\nYerel rom, me\u015frubat ve su i\u00e7ecekleri dahildir (bira mevcuttur ancak dahil de\u011fildir). \u00d6\u011fle yeme\u011finden sonra yerel rehberlere veda edin ve en iyi deneyiminiz kaydedilecek ve hayat\u0131n\u0131z\u0131n geri kalan\u0131 i\u00e7in foto\u011fraf veya video \u00e7ekilecektir.<\/p>\n<h3><em>Ne getirmelisiniz?<\/em><\/h3>\n<ul>\n<li>Kamera<\/li>\n<li>Kovucular<\/li>\n<li>G\u00fcne\u015f kremi<\/li>\n<li>\u015eapka<\/li>\n<li>Rahat pantolon<\/li>\n<li>Orman y\u00fcr\u00fcy\u00fc\u015f ayakkab\u0131lar\u0131<\/li>\n<li>Yay alanlar\u0131na sandaletler.<\/li>\n<li>Mayo<\/li>\n<\/ul>\n<h3><em>Otelden alma<\/em><\/h3>\n<p>Bu tur i\u00e7in otelden alma hizmeti sunulmamaktad\u0131r. Whatsapp +1 809-720-6035 ile bizimle ileti\u015fime ge\u00e7erek kar\u015f\u0131lama ayarlayaca\u011f\u0131z.<\/p>\n<p><strong>Not<\/strong>Tur\/gezi kalk\u0131\u015f saatinden sonraki 24 saat i\u00e7inde rezervasyon yaparsan\u0131z, ek \u00fccret kar\u015f\u0131l\u0131\u011f\u0131nda otelden alma ayarlayabiliriz. Sat\u0131n alma i\u015fleminiz tamamland\u0131ktan sonra, yerel tur rehberimizin teslim alma d\u00fczenlemelerini ayarlamas\u0131 i\u00e7in size tam ileti\u015fim bilgilerini (telefon numaras\u0131, e-posta adresi vb.) G\u00f6nderece\u011fiz.<\/p>\n<h3><em>Ek bilgilerin do\u011frulanmas\u0131<\/em><\/h3>\n<ul>\n<li>Biletler, bu Tur i\u00e7in \u00f6deme yap\u0131ld\u0131ktan sonra al\u0131nan Makbuzdur. \u00d6demeyi telefonunuzda g\u00f6sterebilirsiniz.<\/li>\n<li>Rezervasyon i\u015fleminin ard\u0131ndan bulu\u015fma noktas\u0131 al\u0131nacakt\u0131r.<\/li>\n<li>\u00c7ocuklara bir yeti\u015fkinin e\u015flik etmesi gerekmektedir.<\/li>\n<li>Tekerlekli sandalye eri\u015fimine uygun de\u011fil<\/li>\n<li>Bebekler bebek koltu\u011funda veya bir yeti\u015fkinle birlikte oturmal\u0131d\u0131r<\/li>\n<li>S\u0131rt sorunu olan gezginler i\u00e7in \u00f6nerilmez.<\/li>\n<li>Hamile kad\u0131nlara tavsiye edilmez.<\/li>\n<li>Kalp problemi ya da di\u011fer ciddi sa\u011fl\u0131k sorunlar\u0131 yok.<\/li>\n<li>\u00c7o\u011fu gezgin kat\u0131labilir.<\/li>\n<\/ul>\n<h3><em>\u0130ptal politikas\u0131<\/em><\/h3>\n<p>Tam para iadesi i\u00e7in deneyim ba\u015flang\u0131\u00e7 tarihinden en az 24 saat \u00f6nce iptal edin. Rezervasyonun seyahatle ayn\u0131 g\u00fcn iptal edilmesi durumunda para kayb\u0131 ya\u015fanacakt\u0131r.<\/p>\n\n\t\t<\/div>\n\t<\/div>\n<\/div><\/div><\/div><\/div><div class=\"vc_row wpb_row vc_row-fluid\" ><div class=\"wpb_column vc_column_container vc_col-sm-12\"><div class=\"vc_column-inner\"><div class=\"wpb_wrapper\">\n\t<div class=\"wpb_video_widget wpb_content_element vc_clearfix   vc_video-aspect-ratio-169 vc_video-el-width-100 vc_video-align-left\" >\n\t\t<div class=\"wpb_wrapper\">\n\t\t\t<h2 class=\"wpb_heading wpb_video_heading\">27 Puerto Plata'dan Damajagua \u015eelaleleri Turu:<\/h2>\n\t\t\t<div class=\"wpb_video_wrapper\"><iframe loading=\"lazy\" title=\"27 Damajagua \u015eelalesi by Booking Adventures &amp; Travel Dominik Cumhuriyeti\" width=\"1100\" height=\"619\" src=\"https:\/\/www.youtube.com\/embed\/AVNh_we_RQE?start=17&feature=oembed\" frameborder=\"0\" allow=\"accelerometer; autoplay; encrypted-media; gyroscope; picture-in-picture\" allowfullscreen><\/iframe><\/div>\n\t\t<\/div>\n\t<\/div>\n<\/div><\/div><\/div><\/div><div class=\"vc_row wpb_row vc_row-fluid\" ><div class=\"wpb_column vc_column_container vc_col-sm-12\"><div class=\"vc_column-inner\"><div class=\"wpb_wrapper\"><div class=\"vc_empty_space\"   style=\"height: 32px\"><span class=\"vc_empty_space_inner\"><\/span><\/div>\n\t<div class=\"wpb_text_column wpb_content_element\" >\n\t\t<div class=\"wpb_wrapper\">\n\t\t\t<h4>Bize \u015fu adresten ula\u015f\u0131n<\/h4>\n<h5>Macera Rezervasyonlar\u0131<\/h5>\n<p><strong><em>Yerel ve ulusal tur rehberleri ve misafir hizmetleri<\/em><\/strong><\/p>\n<p>Rezervasyonlar: Yurt Temsilciliklerinde Turlar ve Geziler.<\/p>\n<p>Tel\/Whatsapp +1-809-720-6035.<\/p>\n<p>info@bookingadventures.com.do<\/p>\n<p>Hacemos tours privados de configuraci\u00f3n flexible por Whatsapp: +18097206035.<\/p>\n\n\t\t<\/div>\n\t<\/div>\n<div class=\"vc_empty_space\"   style=\"height: 32px\"><span class=\"vc_empty_space_inner\"><\/span><\/div><\/div><\/div><\/div><\/div>","protected":false},"excerpt":{"rendered":"<p>Puerto Plata'daki Damajagua'n\u0131n 27 \u015felalesine yap\u0131lan bu gezi, \u00f6\u011fle yeme\u011fi ve 27 \u015felaleye gezi, y\u00fcr\u00fcy\u00fc\u015f ve nehir atlama.<\/p>\n<p>Puerto Plata'n\u0131n 27 \u015felalesine ekolojik gezi. Damajagua'n\u0131n 27 havuzuna yar\u0131m g\u00fcnl\u00fck bir gezi i\u00e7in biletlerinizi buradan al\u0131n. \u00d6\u011fle yeme\u011fi ve tur i\u00e7eren biletler Dominik Cumhuriyeti'nin en g\u00fczel \u015felalelerinde atlamay\u0131 ve y\u00fczmeyi i\u00e7erir. Hayat\u0131n\u0131z\u0131n en iyi deneyimi i\u00e7in g\u00fcvenlik ekipmanlar\u0131yla y\u00fcr\u00fcy\u00fc\u015f ve y\u00fczme!<\/p>\n<p><strong>L\u00fctfen Tur i\u00e7in tarih se\u00e7iniz:<\/strong><\/p>","protected":false},"featured_media":271,"template":"","meta":[],"product_brand":[],"product_cat":[239,240,120,96,135,122,443,241,100],"product_tag":[242,243,244,245,246,247,248,249,250,251,252,253,254,255,256,257,258],"class_list":{"0":"post-565","1":"product","2":"type-product","3":"status-publish","4":"has-post-thumbnail","6":"product_cat-27-waterfalls","7":"product_cat-damajagua","8":"product_cat-fees-entrace","9":"product_cat-hiking","10":"product_cat-lunch","11":"product_cat-tours-and-excursions","12":"product_cat-tours-y-excursiones-es","13":"product_cat-tours-excursions-27-waterfalls-puerto-plata-dominican-republic","14":"product_cat-waterfalls","15":"product_tag-27-charcos-de-damajagua","16":"product_tag-27-waterfalls","17":"product_tag-27-waterfalls-dominican-republic","18":"product_tag-27-waterfalls-dominican-republic-facts","19":"product_tag-27-waterfalls-excursion","20":"product_tag-27-waterfalls-puerto-plata","21":"product_tag-amber-cove-cruise-terminal-27-waterfalls","22":"product_tag-amber-cove-excursions","23":"product_tag-damajagua-falls-tours","24":"product_tag-damajagua-national-park","25":"product_tag-excursion-27-waterfalls","26":"product_tag-how-to-get-to-27-waterfalls-from-puerto-plata","27":"product_tag-jumping-27-waterfalls","28":"product_tag-los-27-charcos-de-puerto-plata","29":"product_tag-puerto-plata","30":"product_tag-things-to-do-in-amber-cove","31":"product_tag-tour-27-waterfalls","33":"first","34":"instock","35":"sale","36":"sold-individually","37":"shipping-taxable","38":"product-type-external"},"_links":{"self":[{"href":"https:\/\/haitises.com\/tr\/wp-json\/wp\/v2\/product\/565","targetHints":{"allow":["GET"]}}],"collection":[{"href":"https:\/\/haitises.com\/tr\/wp-json\/wp\/v2\/product"}],"about":[{"href":"https:\/\/haitises.com\/tr\/wp-json\/wp\/v2\/types\/product"}],"wp:featuredmedia":[{"embeddable":true,"href":"https:\/\/haitises.com\/tr\/wp-json\/wp\/v2\/media\/271"}],"wp:attachment":[{"href":"https:\/\/haitises.com\/tr\/wp-json\/wp\/v2\/media?parent=565"}],"wp:term":[{"taxonomy":"product_brand","embeddable":true,"href":"https:\/\/haitises.com\/tr\/wp-json\/wp\/v2\/product_brand?post=565"},{"taxonomy":"product_cat","embeddable":true,"href":"https:\/\/haitises.com\/tr\/wp-json\/wp\/v2\/product_cat?post=565"},{"taxonomy":"product_tag","embeddable":true,"href":"https:\/\/haitises.com\/tr\/wp-json\/wp\/v2\/product_tag?post=565"}],"curies":[{"name":"wp","href":"https:\/\/api.w.org\/{rel}","templated":true}]}}