{"id":564,"date":"2020-06-27T01:33:01","date_gmt":"2020-06-27T01:33:01","guid":{"rendered":"http:\/\/haitises.com\/?post_type=product&#038;p=564"},"modified":"2024-04-17T17:19:20","modified_gmt":"2024-04-17T17:19:20","slug":"los-haitises-kano-gezisi-2-saat","status":"publish","type":"product","link":"https:\/\/haitises.com\/tr\/ozel\/los-haitises-kano-gezisi-2-saat\/","title":{"rendered":"Los Haitises Kayak Gezisi 2 saat"},"content":{"rendered":"<div class=\"vc_row wpb_row vc_row-fluid\" ><div class=\"wpb_column vc_column_container vc_col-sm-12\"><div class=\"vc_column-inner\"><div class=\"wpb_wrapper\">[mkdf_section_title subtitle_tag=\u00bb\u00bb subtitle=\u00bbKayaks y gu\u00eda local\u00bb]<\/div><\/div><\/div><\/div><div class=\"vc_row wpb_row vc_row-fluid\" ><div class=\"wpb_column vc_column_container vc_col-sm-12\"><div class=\"vc_column-inner\"><div class=\"wpb_wrapper\"><div class=\"vc_empty_space\"   style=\"height: 32px\"><span class=\"vc_empty_space_inner\"><\/span><\/div><\/div><\/div><\/div><\/div><div class=\"vc_row wpb_row vc_row-fluid\" ><div class=\"wpb_column vc_column_container vc_col-sm-12\"><div class=\"vc_column-inner\"><div class=\"wpb_wrapper\">\n\t<div class=\"wpb_text_column wpb_content_element\" >\n\t\t<div class=\"wpb_wrapper\">\n\t\t\t<div class=\"vc_row wpb_row vc_row-fluid\">\n<div class=\"wpb_column vc_column_container vc_col-sm-12\">\n<div class=\"vc_column-inner\">\n<div class=\"wpb_wrapper\">\n<div class=\"mkdf-section-title-holder\">\n<div class=\"mkdf-st-inner\">\n<h2>Ca\u00f1o Hondo'da tur rehberi e\u015fli\u011finde Los Haitises Ulusal Park\u0131'nda kay\u0131k 2 saat<\/h2>\n<h3>Tan\u0131m<\/h3>\n<p>Los Haitises Ulusal Park\u0131'nda yerel bir rehber e\u015fli\u011finde 2 saat boyunca mangrov kanosu. Ca\u00f1o Hondo nehri \u00fczerindeki mangrovlar\u0131 ziyaret etmek ve Los Haitises Ulusal Park\u0131, Sabana de la mar Ca\u00f1o Hondo b\u00f6lgesindeki San Lorenzo k\u00f6rfezine genel bir bak\u0131\u015f. Daha uzun bir gezi isterseniz: Los Haitises'te 4 saat kayak.<\/p>\n<ul>\n<li>K\u0131lavuz talimat ve denetim sa\u011flar.<\/li>\n<li>Kanolar ve k\u00fcrekler mevcuttur \u0130ki ki\u015fi i\u00e7in \u00e7ift ki\u015filik ve bir ki\u015fi i\u00e7in tek ki\u015filik.<\/li>\n<\/ul>\n<h3>Dahil edilenler ve hari\u00e7 tutulanlar<\/h3>\n<h4>Kapsamalar<\/h4>\n<ol>\n<li>Kay\u0131k gezisi<\/li>\n<li>T\u00fcm vergiler, har\u00e7lar ve ta\u015f\u0131ma \u00fccretleri<\/li>\n<li>Yerel vergiler<\/li>\n<li>Yerel rehber<\/li>\n<\/ol>\n<h4>\u0130stisnalar<\/h4>\n<ol>\n<li>\u0130pu\u00e7lar\u0131<\/li>\n<li>Ula\u015f\u0131m<\/li>\n<li>\u00d6\u011fle Yeme\u011fi <em>Hay\u0131r<\/em> dahildir.<\/li>\n<li>Ma\u011faralar <em>Hay\u0131r<\/em> dahil edilmi\u015ftir<\/li>\n<li>Alkoll\u00fc i\u00e7ecekler<\/li>\n<\/ol>\n<h3><em>Kalk\u0131\u015f ve d\u00f6n\u00fc\u015f<\/em><\/h3>\n<p>Gezgin, rezervasyon i\u015fleminden sonra bir bulu\u015fma noktas\u0131na sahip olacakt\u0131r. Turlar bulu\u015fma noktalar\u0131m\u0131zda ba\u015flar ve biter.<\/p>\n<h3>Ne bekleyebilece\u011finizi?<\/h3>\n<p>Yerel tur rehberleri e\u015fli\u011finde Ca\u00f1o Hondo nehir orman\u0131nda (mangrovlar) 2 saatlik kano turu i\u00e7in biletlerinizi al\u0131n.<\/p>\n<p>G\u00fcvenli\u011finiz i\u00e7in gerekli t\u00fcm ekipmanlar\u0131 (can yelekleri, vb.) ald\u0131ktan sonra, Ca\u00f1o Hondo Nehri'nde kano eylemi ba\u015flayacakt\u0131r.<\/p>\n<p>El recorrido, organizado por \u00abBooking Adventures\u00bb, comienza en el punto de encuentro establecido con el gu\u00eda tur\u00edstico. Tomando kayaks y atravesando manglares, pasando por antiguas cuevas piratas y en bosques protegidos en esta pintoresca reserva a partir del \u00e1rea de los Hoteles Ca\u00f1o Hondo o de Sabana de la Mar.<\/p>\n<p>Booking Adventures ile gelin ve Los Haitises Ulusal Park\u0131'n\u0131n ku\u015flarla dolu mangrovlar\u0131n\u0131, yemye\u015fil tepelerini ve ma\u011faralar\u0131n\u0131 g\u00f6rmeye ba\u015flay\u0131n. Ca\u00f1o Hondo Nehri, Sabana de la Mar'dan bir kano turu yapmak. Mangrovlar\u0131n aras\u0131ndan ge\u00e7erek San Lorenzo'nun a\u00e7\u0131k k\u00f6rfezine inin ve buradan engebeli ormanl\u0131k manzaray\u0131 foto\u011fraflay\u0131n. Denizay\u0131lar\u0131n\u0131, kabuklular\u0131 ve yunuslar\u0131 g\u00f6rmek i\u00e7in suyun \u00fczerinden d\u0131\u015far\u0131 bak\u0131n.<\/p>\n<p>Bu geziyi be\u011fenmeniz durumunda, ikinci bir se\u00e7ene\u011fimiz var: Los Haitises'te 4 saat kano.<\/p>\n<p>Tur Los Haitises Ulusal Park\u0131'ndaki ba\u015flang\u0131\u00e7 noktas\u0131nda sona ermektedir. Denizay\u0131lar\u0131, kabuklular ve yunuslar\u0131 g\u00f6rmek istemeniz durumunda bu geziyi sabah 6: 00'da yapman\u0131z\u0131 \u00f6neririz.<\/p>\n<p>Sabah 6:00 erken bir saat, yani Los Haitises Ulusal Park\u0131'nda hen\u00fcz tekne yok.<\/p>\n<h3><em>Ne getirmelisiniz?<\/em><\/h3>\n<ul>\n<li>Kamera<\/li>\n<li>Kovucular<\/li>\n<li>G\u00fcne\u015f kremi<\/li>\n<li>\u015eapka<\/li>\n<li>Rahat pantolon<\/li>\n<li>Sandaletler<\/li>\n<li>Mayo<\/li>\n<\/ul>\n<h3><em>Otelden alma<\/em><\/h3>\n<p>Bu tur i\u00e7in otelden alma hizmeti sunulmamaktad\u0131r.<\/p>\n<p><strong>Not:<\/strong> tur\/gezi\u0307 kalki\u015f saati\u0307nden i\u0307ti\u0307baren 24 saat i\u0307\u00e7i\u0307nde rezervasyon yaptirirsaniz, ek \u00fccret kar\u015fili\u011finda otelden alim ayarlayabi\u0307li\u0307ri\u0307z. Sat\u0131n alma i\u015fleminiz tamamland\u0131ktan sonra, yerel tur rehberimizin teslim alma d\u00fczenlemelerini ayarlamas\u0131 i\u00e7in size tam ileti\u015fim bilgilerini (telefon numaras\u0131, e-posta adresi vb.) G\u00f6nderece\u011fiz.<\/p>\n<h3><em>Ek bilgilerin do\u011frulanmas\u0131<\/em><\/h3>\n<ul>\n<li>Biletler, bu Tur i\u00e7in \u00f6deme yap\u0131ld\u0131ktan sonra al\u0131nan Makbuzdur. \u00d6demeyi telefonunuzda g\u00f6sterebilirsiniz.<\/li>\n<li>Rezervasyon i\u015fleminin ard\u0131ndan bulu\u015fma noktas\u0131 al\u0131nacakt\u0131r.<\/li>\n<li>\u00c7ocuklara bir yeti\u015fkinin e\u015flik etmesi gerekmektedir.<\/li>\n<li>Tekerlekli sandalye eri\u015fimine uygun de\u011fil<\/li>\n<li>Bebekler bebek koltu\u011funda veya bir yeti\u015fkinle birlikte oturmal\u0131d\u0131r.<\/li>\n<li>S\u0131rt sorunu olan gezginler i\u00e7in \u00f6nerilmez.<\/li>\n<li>Hamile kad\u0131nlara tavsiye edilmez.<\/li>\n<li>Kalp problemi ya da di\u011fer ciddi sa\u011fl\u0131k sorunlar\u0131 yok.<\/li>\n<li>\u00c7o\u011fu gezgin kat\u0131labilir<\/li>\n<\/ul>\n<h3><em>\u0130ptal politikas\u0131<\/em><\/h3>\n<p>Tam para iadesi i\u00e7in deneyim ba\u015flang\u0131\u00e7 tarihinden en az 24 saat \u00f6nce iptal edin.<\/p>\n<h3><em>Bize Ula\u015f\u0131n?<\/em><\/h3>\n<p>Macera Rezervasyonlar\u0131<br \/>\nYerel ve ulusal tur rehberleri ve misafir hizmetleri<\/p>\n<p>Rezervasyonlar: Yurt Temsilciliklerinde Turlar ve Geziler.<\/p>\n<p>\ud83d\udcde Tel\/Whatsapp +1-809-720-6035.<\/p>\n<p>\ud83d\udce9 info@bookingadventures.com.do<\/p>\n<p>Hacemos tours privados con flexibilidad por Whatsapp: +18097206035.<\/p>\n<\/div>\n<\/div>\n<\/div>\n<\/div>\n<\/div>\n<\/div>\n<div class=\"vc_row wpb_row vc_row-fluid\">\n<div class=\"wpb_column vc_column_container vc_col-sm-12\">\n<div class=\"vc_column-inner\">\n<div class=\"wpb_wrapper\">\n<div class=\"wpb_text_column wpb_content_element\">\n<div class=\"wpb_wrapper\"><\/div>\n<\/div>\n<\/div>\n<\/div>\n<\/div>\n<\/div>\n\n\t\t<\/div>\n\t<\/div>\n<\/div><\/div><\/div><\/div>","protected":false},"excerpt":{"rendered":"<p>Sabana de la Mar veya Ca\u00f1o Hondo Otellerinden Los Haitises Ulusal Park\u0131na gezi. Los Haitises Ulusal Park\u0131'nda yerel bir tur rehberi e\u015fli\u011finde mangrov kanosu. Ca\u00f1o Hondo nehri \u00fczerindeki mangrovlar\u0131 ziyaret etmek ve Los Haitises Ulusal Park\u0131, Sabana de la Mar b\u00f6lgesi, Ca\u00f1o Hondo'daki San Lorenzo k\u00f6rfezine genel bir bak\u0131\u015f. Ma\u011faralar\u0131 da ziyaret etmek istiyorsan\u0131z, buradan 4 saatlik bir kay\u0131k gezisi i\u00e7in rezervasyon yapt\u0131r\u0131n.<\/p>\n<ul>\n<li>K\u0131lavuz talimat ve denetim sa\u011flar.<\/li>\n<li>Kanolar ve k\u00fcrekler mevcuttur \u0130ki ki\u015fi i\u00e7in \u00e7ift ki\u015filik ve bir ki\u015fi i\u00e7in tek ki\u015filik.<\/li>\n<\/ul>\n<p>Bu turu bir y\u00fcr\u00fcy\u00fc\u015f rotas\u0131 ile ayarlay\u0131n ve yerel halkla birlikte Los Haitises Ulusal Park\u0131'n\u0131n tarihi hakk\u0131nda bilgi edinin.<\/p>\n<p><strong>L\u00fctfen Tur i\u00e7in tarih se\u00e7iniz:<\/strong><\/p>","protected":false},"featured_media":113,"template":"","meta":[],"product_brand":[],"product_cat":[119,96,144,98,121,99,122,443,123,124],"product_tag":[126,127,149,145,150,151,152,153,132,133,114,148,143],"class_list":{"0":"post-564","1":"product","2":"type-product","3":"status-publish","4":"has-post-thumbnail","6":"product_cat-caves","7":"product_cat-hiking","8":"product_cat-kayaking","9":"product_cat-local-tour-guides","10":"product_cat-mangroves","11":"product_cat-swimming-natural-springs","12":"product_cat-tours-and-excursions","13":"product_cat-tours-y-excursiones-es","14":"product_cat-tours-excursions-los-haitises-national-park","15":"product_cat-tours-excursions-samana-bay-dominican-republic","16":"product_tag-cano-hondo","17":"product_tag-cano-hondo-hotel","18":"product_tag-cano-hondo-river","19":"product_tag-day-tour-cano-hondo","20":"product_tag-kayak-dominican-republic","21":"product_tag-kayak-los-haitises","22":"product_tag-kayak-tour","23":"product_tag-kayaking","24":"product_tag-los-haitises","25":"product_tag-los-haitises-national-park","26":"product_tag-sabana-de-la-mar","27":"product_tag-samana-excursions","28":"product_tag-samana-tours","30":"first","31":"instock","32":"sale","33":"sold-individually","34":"shipping-taxable","35":"product-type-external"},"_links":{"self":[{"href":"https:\/\/haitises.com\/tr\/wp-json\/wp\/v2\/product\/564","targetHints":{"allow":["GET"]}}],"collection":[{"href":"https:\/\/haitises.com\/tr\/wp-json\/wp\/v2\/product"}],"about":[{"href":"https:\/\/haitises.com\/tr\/wp-json\/wp\/v2\/types\/product"}],"wp:featuredmedia":[{"embeddable":true,"href":"https:\/\/haitises.com\/tr\/wp-json\/wp\/v2\/media\/113"}],"wp:attachment":[{"href":"https:\/\/haitises.com\/tr\/wp-json\/wp\/v2\/media?parent=564"}],"wp:term":[{"taxonomy":"product_brand","embeddable":true,"href":"https:\/\/haitises.com\/tr\/wp-json\/wp\/v2\/product_brand?post=564"},{"taxonomy":"product_cat","embeddable":true,"href":"https:\/\/haitises.com\/tr\/wp-json\/wp\/v2\/product_cat?post=564"},{"taxonomy":"product_tag","embeddable":true,"href":"https:\/\/haitises.com\/tr\/wp-json\/wp\/v2\/product_tag?post=564"}],"curies":[{"name":"wp","href":"https:\/\/api.w.org\/{rel}","templated":true}]}}