{"id":554,"date":"2020-06-22T17:36:48","date_gmt":"2020-06-22T17:36:48","guid":{"rendered":"http:\/\/haitises.com\/?post_type=product&#038;p=554"},"modified":"2024-04-17T20:44:54","modified_gmt":"2024-04-17T20:44:54","slug":"excursion-a-los-haitises-desde-sabana-de-la-mar-o-cano-hondo","status":"publish","type":"product","link":"https:\/\/haitises.com\/tr\/ozel\/excursion-a-los-haitises-desde-sabana-de-la-mar-o-cano-hondo\/","title":{"rendered":"Sabana de la Mar veya Ca\u00f1o Hondo&#039;dan Los Haitises&#039;e gezi"},"content":{"rendered":"<div class=\"vc_row wpb_row vc_row-fluid\" ><div class=\"wpb_column vc_column_container vc_col-sm-12\"><div class=\"vc_column-inner\"><div class=\"wpb_wrapper\">[mkdf_section_title subtitle_tag=\u00bb\u00bb subtitle=\u00bbTour normal a los Haitises\u00bb]<\/div><\/div><\/div><\/div><div class=\"vc_row wpb_row vc_row-fluid\" ><div class=\"wpb_column vc_column_container vc_col-sm-12\"><div class=\"vc_column-inner\"><div class=\"wpb_wrapper\">\n\t<div class=\"wpb_text_column wpb_content_element\" >\n\t\t<div class=\"wpb_wrapper\">\n\t\t\t<h2>Los Haitises Milli Park\u0131 Sabana de la Mar veya Hotel Cano Hondo&#039;dan.<\/h2>\n<h3>Tan\u0131m<\/h3>\n<p>Los Haitises Milli Park\u0131&#039;na normal bir \u00f6zel gezi. Bizimle gelin ve mangrovlar\u0131, ma\u011faralar\u0131 ve San Lorenzo K\u00f6rfezi&#039;ni ziyaret ederek Dominik Cumhuriyeti&#039;nin en g\u00fczel milli park\u0131n\u0131 ziyaret edin. Bu deneyim, Sabana de la Mar toplulu\u011funun Sabana de la Mar&#039;\u0131n tarihini \u00f6\u011frenmesiyle ba\u015flayabilir. Ayr\u0131ca bu geziye Ca\u00f1o Hondo liman\u0131ndan ba\u015fl\u0131yoruz.<\/p>\n<ul>\n<li>Vergiler dahil<\/li>\n<li>K\u0131lavuz talimat ve denetim sa\u011flar.<\/li>\n<li>Ca\u00f1o Hondo&#039;da \u00f6\u011fle yeme\u011fine \u00f6\u011fle yeme\u011fi dahil de\u011fildir Bu turu se\u00e7in: Los Haitises Plus Ca\u00f1o Hondo.<\/li>\n<\/ul>\n<h3>Dahil edilenler ve hari\u00e7 tutulanlar<\/h3>\n<h4>Kapsamalar<\/h4>\n<ol>\n<li>Los Haitises Turu + Ma\u011faralar ve Piktograflar<\/li>\n<li>T\u00fcm vergiler, har\u00e7lar ve i\u015flem \u00fccretleri.<\/li>\n<li>Yerel vergiler<\/li>\n<li>T\u00fcm aktiviteler<\/li>\n<li>Yerel rehber<\/li>\n<\/ol>\n<h4>\u0130stisnalar<\/h4>\n<ol>\n<li>\u0130pu\u00e7lar\u0131<\/li>\n<li>Ca\u00f1o Hondo&#039;da \u00f6\u011fle yeme\u011fine \u00f6\u011fle yeme\u011fi dahil de\u011fildir Bu turu se\u00e7in: Los Haitises Plus Ca\u00f1o Hondo.<\/li>\n<li>Ula\u015f\u0131m<\/li>\n<li>Alkoll\u00fc i\u00e7ecekler<\/li>\n<\/ol>\n<h3><em>Kalk\u0131\u015f ve d\u00f6n\u00fc\u015f<\/em><\/h3>\n<p>Gezgin, rezervasyon i\u015fleminden sonra bir bulu\u015fma noktas\u0131na sahip olacakt\u0131r. Turlar bulu\u015fma noktalar\u0131m\u0131zda ba\u015flar ve biter.<\/p>\n<h4><em>Ne bekleyebilece\u011finizi?<\/em><\/h4>\n<p>Ma\u011faralar, Mangrovlar ve San Lorenzo K\u00f6rfezi&#039;nin bulundu\u011fu Los Haitises Milli Park\u0131&#039;n\u0131 ziyaret etmek i\u00e7in biletlerinizi al\u0131n.<\/p>\n<p>Yerel rehberlerle Sabana de la Mar veya Ca\u00f1o Hondo otellerinden Los Haitises Milli Park\u0131&#039;n\u0131 ziyaret etmek i\u00e7in en d\u00fc\u015f\u00fck fiyat. Yolculuk Los Haitises Milli Park\u0131&#039;n\u0131n ana liman\u0131nda ba\u015fl\u0131yor. Bu gezi, muhte\u015fem Milli Park&#039;\u0131n orijinal hikayesini bilen yerel bir rehber e\u015fli\u011finde saat 10:00&#039;da ba\u015fl\u0131yor.<\/p>\n<p>Daha sonra can yelekli bir TEKNE ile Los Haitises Milli Park\u0131&#039;n\u0131n Ca\u00f1o Hondo (Derin Dere) ad\u0131 verilen ana liman\u0131ndan ba\u015fl\u0131yoruz. San Lorenzo K\u00f6rfezi&#039;ne ula\u015fana kadar k\u0131rm\u0131z\u0131 mangrov orman\u0131n\u0131n tad\u0131n\u0131 \u00e7\u0131karaca\u011f\u0131z. Saman\u00e1 K\u00f6rfezi&#039;ndeki k\u00fc\u00e7\u00fck koy. Ve i\u015fte ba\u015fl\u0131yoruz! G\u00f6rebilece\u011finiz ilk \u015fey, Mogotes ad\u0131 verilen devasa kire\u00e7ta\u015f\u0131 da\u011f adas\u0131n\u0131n koleksiyonudur. \u00dcstlerinde 700&#039;den fazla bitki t\u00fcr\u00fc ve etrafta u\u00e7u\u015fan \u00e7ok say\u0131da sulak alan ku\u015fu var. Daha sonra 750 y\u0131l \u00f6nceki yerli topluluklar\u0131m\u0131z\u0131n resimli resimlerinin bulundu\u011fu ma\u011faralar\u0131 ziyaret edece\u011fiz.<\/p>\n<p>Mangrovlar\u0131n aras\u0131ndan ge\u00e7erek engebeli orman manzaras\u0131n\u0131 foto\u011fraflayabilece\u011finiz a\u00e7\u0131k San Lorenzo K\u00f6rfezi&#039;ne inin. Denizay\u0131lar\u0131n\u0131, kabuklular\u0131 ve yunuslar\u0131 g\u00f6rmek i\u00e7in suya bak\u0131n.<\/p>\n<p>El nombre del parque nacional proviene de sus habitantes originales, los indios ta\u00ednos. En su idioma, \u00abHaitises\u00bb se traduce en tierras altas o colinas, una referencia a las empinadas formaciones geol\u00f3gicas de la costa con calizas. Avent\u00farate en el parque para explorar cuevas como la Cueva de la Arena y la Cueva de la L\u00ednea. Las cuevas en la reserva fueron utilizadas como refugio por los indios ta\u00ednos y, m\u00e1s tarde, por los piratas escondidos. Busque dibujos de indios que decoran algunas de las paredes. Despu\u00e9s de visitar el Parque Nacional Los Haitises, regresaremos al puerto donde comenz\u00f3 nuestro viaje.<\/p>\n<h3><em>Ne getirmelisiniz?<\/em><\/h3>\n<ul>\n<li>Kamera<\/li>\n<li>Kovucular<\/li>\n<li>g\u00fcne\u015f kremi<\/li>\n<li>\u015eapka<\/li>\n<li>Rahat pantolon<\/li>\n<li>Orman y\u00fcr\u00fcy\u00fc\u015f ayakkab\u0131lar\u0131<\/li>\n<li>Yay alanlar\u0131na sandaletler.<\/li>\n<li>Mayo<\/li>\n<\/ul>\n<h3><em>Otelden alma<\/em><\/h3>\n<p>Paraiso Ca\u00f1o Hondo veya Altos Ca\u00f1o Hondo Hotel&#039;de bulunuyorsan\u0131z, otelden alma hizmeti sunulmaktad\u0131r. Bulu\u015fma noktam\u0131z bu otellere 5 dakikal\u0131k y\u00fcr\u00fcme mesafesindedir.<\/p>\n<p><strong>Not<\/strong>- Tur\/gezi kalk\u0131\u015f saatinden sonraki 24 saat i\u00e7inde rezervasyon yaparsan\u0131z, Ca\u00f1o Hondo otellerinde de\u011filseniz ek \u00fccret kar\u015f\u0131l\u0131\u011f\u0131nda otelden kar\u015f\u0131lama ayarlayabiliriz. Sat\u0131n alma i\u015fleminiz tamamland\u0131\u011f\u0131nda, yerel tur rehberimizin teslim alma d\u00fczenlemelerini yapmas\u0131 i\u00e7in size tam ileti\u015fim bilgilerini (telefon numaras\u0131, e-posta adresi vb.) g\u00f6nderece\u011fiz.<\/p>\n<h3><em>Ek bilgilerin do\u011frulanmas\u0131<\/em><\/h3>\n<ul>\n<li>Biletler, bu Tur i\u00e7in \u00f6deme yap\u0131ld\u0131ktan sonra al\u0131nan Makbuzdur. \u00d6demeyi telefonunuzda g\u00f6sterebilirsiniz.<\/li>\n<li>Rezervasyon i\u015fleminin ard\u0131ndan bulu\u015fma noktas\u0131 al\u0131nacakt\u0131r.<\/li>\n<li>\u00c7ocuklara bir yeti\u015fkinin e\u015flik etmesi gerekmektedir.<\/li>\n<li>Tekerlekli sandalye eri\u015fimine uygun de\u011fil<\/li>\n<li>Bebekler bebek koltu\u011funda veya bir yeti\u015fkinle birlikte oturmal\u0131d\u0131r<\/li>\n<li>S\u0131rt sorunu olan gezginler i\u00e7in \u00f6nerilmez.<\/li>\n<li>Hamile kad\u0131nlara tavsiye edilmez.<\/li>\n<li>Kalp problemi ya da di\u011fer ciddi sa\u011fl\u0131k sorunlar\u0131 yok.<\/li>\n<li>\u00c7o\u011fu gezgin kat\u0131labilir.<\/li>\n<\/ul>\n<h3><em>\u0130ptal politikas\u0131<\/em><\/h3>\n<p>Tam para iadesi i\u00e7in deneyim ba\u015flang\u0131\u00e7 tarihinden en az 24 saat \u00f6nce iptal edin.<\/p>\n<h3><em>Bize Ula\u015f\u0131n?<\/em><\/h3>\n<p>Rezervasyon Maceralar\u0131<br \/>\nYerel ve ulusal tur rehberleri ve misafir hizmetleri<\/p>\n<p>Rezervasyonlar: Yurt Temsilciliklerinde Turlar ve Geziler.<\/p>\n<p>\ud83d\udcde Tel\/Whatsapp +1-809-720-6035.<\/p>\n<p>\ud83d\udce9 info@bookingadventures.com.do<\/p>\n<p>Whatsapp: +18097206035 ile esnek konfig\u00fcrasyonla \u00f6zel turlar d\u00fczenliyoruz.<\/p>\n\n\t\t<\/div>\n\t<\/div>\n<\/div><\/div><\/div><\/div>","protected":false},"excerpt":{"rendered":"<p>Yerel rehberlerle Sabana de la Mar veya Ca\u00f1o Hondo otellerinden Los Haitises Milli Park\u0131&#039;n\u0131 ziyaret etmek i\u00e7in en d\u00fc\u015f\u00fck fiyat. Yolculuk Los Haitises Milli Park\u0131&#039;n\u0131n ana liman\u0131nda ba\u015fl\u0131yor. Bu gezi, muhte\u015fem Milli Park&#039;\u0131n orijinal hikayesini bilen yerel bir rehber e\u015fli\u011finde saat 10:00&#039;da ba\u015fl\u0131yor.<\/p>\n<p>Daha sonra can yelekli bir TEKNE ile Los Haitises Milli Park\u0131&#039;n\u0131n Ca\u00f1o Hondo (Derin Dere) ad\u0131 verilen ana liman\u0131ndan ba\u015fl\u0131yoruz. Saman\u00e1 K\u00f6rfezi&#039;ndeki k\u00fc\u00e7\u00fck bir koy olan San Lorenzo K\u00f6rfezi&#039;ne ula\u015fana kadar k\u0131rm\u0131z\u0131 mangrov orman\u0131n\u0131n tad\u0131n\u0131 \u00e7\u0131karaca\u011f\u0131z. Ve i\u015fte ba\u015fl\u0131yoruz! G\u00f6rebilece\u011finiz ilk \u015fey, Mogotes ad\u0131 verilen devasa kire\u00e7ta\u015f\u0131 da\u011f adas\u0131n\u0131n koleksiyonudur. Bunlar\u0131n yan\u0131 s\u0131ra 700&#039;den fazla bitki t\u00fcr\u00fc ve \u00e7ok say\u0131da sulak alan ku\u015fu da etrafta u\u00e7uyor. Daha sonra 750 y\u0131l \u00f6nceki yerli topluluklar\u0131m\u0131z\u0131n resimli resimlerinin bulundu\u011fu ma\u011faralar\u0131 ziyaret edece\u011fiz.<\/p>\n<p><strong>L\u00fctfen Tur tarihini se\u00e7in\u00a0<\/strong><\/p>","protected":false},"featured_media":81,"template":"","meta":[],"product_brand":[],"product_cat":[119,120,98,121,99,122,443,123,124],"product_tag":[125,126,127,128,129,130,131,132,133,134,114],"class_list":{"0":"post-554","1":"product","2":"type-product","3":"status-publish","4":"has-post-thumbnail","6":"product_cat-caves","7":"product_cat-fees-entrace","8":"product_cat-local-tour-guides","9":"product_cat-mangroves","10":"product_cat-swimming-natural-springs","11":"product_cat-tours-and-excursions","12":"product_cat-tours-y-excursiones-es","13":"product_cat-tours-excursions-los-haitises-national-park","14":"product_cat-tours-excursions-samana-bay-dominican-republic","15":"product_tag-boat-tour","16":"product_tag-cano-hondo","17":"product_tag-cano-hondo-hotel","18":"product_tag-cano-hondo-tours","19":"product_tag-eco-tours","20":"product_tag-excursion","21":"product_tag-locals-guides","22":"product_tag-los-haitises","23":"product_tag-los-haitises-national-park","24":"product_tag-los-haitises-national-park-tour","25":"product_tag-sabana-de-la-mar","27":"first","28":"instock","29":"sale","30":"sold-individually","31":"shipping-taxable","32":"product-type-external"},"_links":{"self":[{"href":"https:\/\/haitises.com\/tr\/wp-json\/wp\/v2\/product\/554","targetHints":{"allow":["GET"]}}],"collection":[{"href":"https:\/\/haitises.com\/tr\/wp-json\/wp\/v2\/product"}],"about":[{"href":"https:\/\/haitises.com\/tr\/wp-json\/wp\/v2\/types\/product"}],"wp:featuredmedia":[{"embeddable":true,"href":"https:\/\/haitises.com\/tr\/wp-json\/wp\/v2\/media\/81"}],"wp:attachment":[{"href":"https:\/\/haitises.com\/tr\/wp-json\/wp\/v2\/media?parent=554"}],"wp:term":[{"taxonomy":"product_brand","embeddable":true,"href":"https:\/\/haitises.com\/tr\/wp-json\/wp\/v2\/product_brand?post=554"},{"taxonomy":"product_cat","embeddable":true,"href":"https:\/\/haitises.com\/tr\/wp-json\/wp\/v2\/product_cat?post=554"},{"taxonomy":"product_tag","embeddable":true,"href":"https:\/\/haitises.com\/tr\/wp-json\/wp\/v2\/product_tag?post=554"}],"curies":[{"name":"wp","href":"https:\/\/api.w.org\/{rel}","templated":true}]}}