{"id":551,"date":"2020-06-19T20:10:32","date_gmt":"2020-06-19T20:10:32","guid":{"rendered":"http:\/\/haitises.com\/?post_type=product&#038;p=551"},"modified":"2023-10-14T21:50:12","modified_gmt":"2023-10-14T21:50:12","slug":"excursion-al-los-haitises-y-cano-hondo-desde-samana","status":"publish","type":"product","link":"https:\/\/haitises.com\/tr\/ozel\/excursion-al-los-haitises-y-cano-hondo-desde-samana\/","title":{"rendered":"Saman\u00e1&#039;dan Los Haitises ve Ca\u00f1o Hondo&#039;ya gezi"},"content":{"rendered":"<div class=\"vc_row wpb_row vc_row-fluid\" ><div class=\"wpb_column vc_column_container vc_col-sm-12\"><div class=\"vc_column-inner\"><div class=\"wpb_wrapper\">[mkdf_section_title subtitle_tag=\u00bb\u00bb subtitle=\u00bbAlmuerzo y Nataci\u00f3n en Piscinas Naturales\u00bb]<\/div><\/div><\/div><\/div><div class=\"vc_row wpb_row vc_row-fluid\" ><div class=\"wpb_column vc_column_container vc_col-sm-12\"><div class=\"vc_column-inner\"><div class=\"wpb_wrapper\">\n\t<div class=\"wpb_text_column wpb_content_element\" >\n\t\t<div class=\"wpb_wrapper\">\n\t\t\t<h2>Los Haitises Milli Park\u0131 + Saman\u00e1 liman\u0131ndan Cano Hondo&#039;da \u00f6\u011fle yeme\u011fi.<\/h2>\n<h3><em>Tan\u0131m<\/em><\/h3>\n<p>Los Haitises Milli Park\u0131, Saman\u00e1 liman\u0131ndan ba\u015flayarak Ca\u00f1o Hondo Ecolodge&#039;da harika bir \u00f6\u011fle yeme\u011fi ve do\u011fal kaynaklarda y\u00fczme. Bizimle gelin ve Dominik Cumhuriyeti&#039;nin en g\u00fczel milli park\u0131n\u0131 ziyaret edin, mangrovlar\u0131, ma\u011faralar\u0131 ve San Lorenzo K\u00f6rfezi&#039;ni ziyaret edin ve g\u00fczel Saman\u00e1 K\u00f6rfezi&#039;ni ge\u00e7in. Ca\u00f1o Hondo&#039;da \u00f6\u011fle yeme\u011fi yedikten sonra birka\u00e7 saat do\u011fal havuzlarda y\u00fczme f\u0131rsat\u0131 bulacak ve ard\u0131ndan Saman\u00e1 liman\u0131na d\u00f6neceksiniz.<\/p>\n<p>Bu deneyimin ard\u0131ndan Saman\u00e1 liman\u0131na d\u00f6neceksiniz.<\/p>\n<ul>\n<li>Vergiler dahil<\/li>\n<li>K\u0131lavuz talimat ve denetim sa\u011flar.<\/li>\n<\/ul>\n<h3>Dahil edilenler ve hari\u00e7 tutulanlar<\/h3>\n<h4>Kapsamalar<\/h4>\n<ol>\n<li>Los Haitises Turu + Ma\u011faralar ve Piktograflar<\/li>\n<li>Ca\u00f1o Hondo&#039;da \u00f6\u011fle yeme\u011fi<\/li>\n<li>Do\u011fal havuzlarda y\u00fcz\u00fcn<\/li>\n<li>T\u00fcm vergiler, har\u00e7lar ve i\u015flem \u00fccretleri.<\/li>\n<li>Yerel vergiler<\/li>\n<li>\u0130\u00e7ecekler<\/li>\n<li>T\u00fcm aktiviteler<\/li>\n<li>Yerel rehber<\/li>\n<\/ol>\n<h4>\u0130stisnalar<\/h4>\n<ol>\n<li>\u0130pu\u00e7lar\u0131<\/li>\n<li>Aktar<\/li>\n<li>Alkoll\u00fc i\u00e7ecekler<\/li>\n<\/ol>\n<h3><em>Kalk\u0131\u015f ve d\u00f6n\u00fc\u015f<\/em><\/h3>\n<p>Gezgin, rezervasyon i\u015fleminden sonra bir bulu\u015fma noktas\u0131na sahip olacakt\u0131r. Turlar bulu\u015fma noktalar\u0131m\u0131zda ba\u015flar ve biter.<\/p>\n<h3><em>Ne bekleyebilece\u011finizi?<\/em><\/h3>\n<p>Ca\u00f1o Hondo&#039;da harika bir \u00f6\u011fle yeme\u011fi yiyerek ve do\u011fal havuzlarda y\u00fczerek Los Haitises Milli Park\u0131&#039;n\u0131 ziyaret etmek i\u00e7in biletlerinizi al\u0131n.<\/p>\n<p>Yerel bir rehber e\u015fli\u011finde tekne veya katamaranla Saman\u00e1 liman\u0131ndan ba\u015flayarak, Dominik Cumhuriyeti&#039;nin en g\u00fczel milli parklar\u0131ndan birini ziyaret etmek i\u00e7in Sabana de la Mar&#039;\u0131n yan\u0131ndaki Saman\u00e1 koyunu ge\u00e7iyoruz.<\/p>\n<h5>Los Haitises Ulusal Park\u0131.<\/h5>\n<p>\u00c7evredeki ku\u015flarla aday\u0131 ziyaret etmek. Yuvalama mevsiminde yuvalarda pelikan yavrular\u0131n\u0131 bile g\u00f6rebiliriz. Kayal\u0131k adalar\u0131n derinliklerine inin ve yerli halk\u0131n resimli ve petroglifli ma\u011faralar\u0131n\u0131 ziyaret edin.<\/p>\n<p>El recorrido, organizado por \u00abBooking Adventures\u00bb, comienza en el punto de encuentro establecido con el gu\u00eda tur\u00edstico. Ven con Booking Adventures y comienza a observar algunos manglares llenos de aves, colinas onduladas de exuberante vegetaci\u00f3n y cuevas del Parque Nacional Los Haitises.<\/p>\n<p>El nombre del parque nacional proviene de sus habitantes originales, los indios ta\u00ednos. En su idioma, \u00abHaitises\u00bb se traduce a tierras altas o colinas, una referencia a las empinadas formaciones geol\u00f3gicas de la costa con calizas. Avent\u00farate en el parque para explorar cuevas como la Cueva de la Arena y la Cueva de la L\u00ednea.<\/p>\n<p>Rezervdeki ma\u011faralar Ta\u00edno K\u0131z\u0131lderilileri ve daha sonra gizli korsanlar taraf\u0131ndan s\u0131\u011f\u0131nak olarak kullan\u0131ld\u0131. Baz\u0131 duvarlar\u0131 s\u00fcsleyen K\u0131z\u0131lderililerin \u00e7izimlerine bak\u0131n.<\/p>\n<p>Los Haitises Milli Park\u0131 gezimizin ard\u0131ndan Cano Hondo&#039;ya gidece\u011fiz. Cano Hondo&#039;da bu ekolojik tarih hakk\u0131nda bilgi edinecek ve Sabana de la mar toplulu\u011funun tipik yemekleriyle \u00f6\u011fle yeme\u011fi yiyeceksiniz.<\/p>\n<p>\u00d6\u011fle yeme\u011fi lezzetli olacak ama i\u015fimiz hen\u00fcz bitmedi. \u00d6\u011fle yeme\u011finin ard\u0131ndan Ca\u00f1o Hondo Nehri&#039;ne uzanan Jibales Nehri&#039;nden do\u011fal havuzlarda y\u00fczece\u011fiz. Saat 16.00&#039;ya kadar Ca\u00f1o Hondo&#039;da kal\u0131p Saman\u00e1 liman\u0131na d\u00f6nece\u011fiz. Tekrar mangrovlar\u0131n aras\u0131ndan ge\u00e7erek engebeli orman manzaras\u0131n\u0131 foto\u011fraflayabilece\u011finiz San Lorenzo&#039;nun a\u00e7\u0131k koyuna varaca\u011f\u0131z. Denizay\u0131lar\u0131n\u0131, kabuklular\u0131 ve yunuslar\u0131 g\u00f6rmek i\u00e7in suya bak\u0131n.<\/p>\n<p>\u015eu ana kadar tur rehberinizle anla\u015facaks\u0131n\u0131z ve bundan sonra Cano Hondo liman\u0131na gideceksiniz ve 30 dakika sonra Saman\u00e1 k\u00f6rfezini ge\u00e7en bir tekneyle Saman\u00e1 liman\u0131na geri d\u00f6neceksiniz.<\/p>\n<p>Bu geziyi daha \u00e7ok be\u011fendiyseniz \u015fu se\u00e7eneklerimiz var:<\/p>\n<p>Saman\u00e1 liman\u0131ndan Los Haitises + Cayo Levantado.<\/p>\n<h3><em>Ne getirmelisiniz?<\/em><\/h3>\n<ul>\n<li>Kamera<\/li>\n<li>Kovucular<\/li>\n<li>g\u00fcne\u015f kremi<\/li>\n<li>\u015eapka<\/li>\n<li>Rahat pantolon<\/li>\n<li>Orman y\u00fcr\u00fcy\u00fc\u015f ayakkab\u0131lar\u0131<\/li>\n<li>Yay alanlar\u0131na sandaletler.<\/li>\n<li>Mayo<\/li>\n<\/ul>\n<h3><em>Otelden alma<\/em><\/h3>\n<p>Bu tur i\u00e7in otelden alma hizmeti sunulmamaktad\u0131r.<\/p>\n<p><strong>Not:<\/strong> Tur\/gezi kalk\u0131\u015f saatinden sonraki 24 saat i\u00e7inde rezervasyon yaparsan\u0131z, ek \u00fccret kar\u015f\u0131l\u0131\u011f\u0131nda otelden kar\u015f\u0131lama ayarlayabiliriz. Sat\u0131n alma i\u015fleminiz tamamland\u0131\u011f\u0131nda, yerel tur rehberimizin teslim alma d\u00fczenlemelerini yapmas\u0131 i\u00e7in size tam ileti\u015fim bilgilerini (telefon numaras\u0131, e-posta adresi vb.) g\u00f6nderece\u011fiz.<\/p>\n<h3>Ek bilgilerin do\u011frulanmas\u0131<\/h3>\n<ol>\n<li>Biletler, bu Tur i\u00e7in \u00f6deme yap\u0131ld\u0131ktan sonra al\u0131nan Makbuzdur. \u00d6demeyi telefonunuzda g\u00f6sterebilirsiniz.<\/li>\n<li>Rezervasyon i\u015fleminin ard\u0131ndan bulu\u015fma noktas\u0131 al\u0131nacakt\u0131r.<\/li>\n<li>\u00c7ocuklara bir yeti\u015fkinin e\u015flik etmesi gerekmektedir.<\/li>\n<li>Tekerlekli sandalye eri\u015fimine uygun de\u011fil<\/li>\n<li>Bebekler, bebek koltuklar\u0131nda veya bir yeti\u015fkinle birlikte oturmal\u0131d\u0131r<\/li>\n<li>S\u0131rt sorunu olan gezginler i\u00e7in \u00f6nerilmez.<\/li>\n<li>Hamile kad\u0131nlara tavsiye edilmez.<\/li>\n<li>Kalp problemi ya da di\u011fer ciddi sa\u011fl\u0131k sorunlar\u0131 yok.<\/li>\n<li>\u00c7o\u011fu gezgin kat\u0131labilir.<\/li>\n<\/ol>\n<h3><em>\u0130ptal politikas\u0131<\/em><\/h3>\n<p>Tam para iadesi i\u00e7in deneyim ba\u015flang\u0131\u00e7 tarihinden en az 24 saat \u00f6nce iptal edin.<\/p>\n\n\t\t<\/div>\n\t<\/div>\n<\/div><\/div><\/div><\/div><div class=\"vc_row wpb_row vc_row-fluid\" ><div class=\"wpb_column vc_column_container vc_col-sm-12\"><div class=\"vc_column-inner\"><div class=\"wpb_wrapper\"><div class=\"vc_empty_space\"   style=\"height: 32px\"><span class=\"vc_empty_space_inner\"><\/span><\/div>\n\t<div class=\"wpb_video_widget wpb_content_element vc_clearfix   vc_video-aspect-ratio-169 vc_video-el-width-100 vc_video-align-left\" >\n\t\t<div class=\"wpb_wrapper\">\n\t\t\t\n\t\t\t<div class=\"wpb_video_wrapper\"><iframe loading=\"lazy\" title=\"Los Haitises Ulusal Park\u0131, Samana veya Sabana de la Mar&#039;dan Turlar ve Geziler. Buradan Rezervasyon Yap\u0131n:\" src=\"https:\/\/player.vimeo.com\/video\/346508015?dnt=1&amp;app_id=122963\" width=\"1100\" height=\"619\" frameborder=\"0\" allow=\"autoplay; fullscreen\" allowfullscreen><\/iframe><\/div>\n\t\t<\/div>\n\t<\/div>\n<\/div><\/div><\/div><\/div><div class=\"vc_row wpb_row vc_row-fluid\" ><div class=\"wpb_column vc_column_container vc_col-sm-12\"><div class=\"vc_column-inner\"><div class=\"wpb_wrapper\"><div class=\"vc_empty_space\"   style=\"height: 32px\"><span class=\"vc_empty_space_inner\"><\/span><\/div>\n\t<div class=\"wpb_text_column wpb_content_element\" >\n\t\t<div class=\"wpb_wrapper\">\n\t\t\t<h4>Bize Ula\u015f\u0131n?<\/h4>\n<h5>Macera Rezervasyonlar\u0131<\/h5>\n<p><em>Tur rehberleri<\/em> <em><strong>yerel<\/strong><\/em> Ve <strong><em>ulusal<\/em><\/strong> &amp;<em>\u00a0Konuk Hizmetleri<\/em><\/p>\n<p>Rezervasyonlar: Dom. Cum. Turlar\u0131 ve Gezileri<\/p>\n<p>Tel\/Whatsapp +1-809-720-6035.<\/p>\n<p>info@bookingadventures.com.do<\/p>\n<p>Whatsapp: +18097206035 ile esnek konfig\u00fcrasyona sahip \u00f6zel turlar\u0131m\u0131z.<\/p>\n\n\t\t<\/div>\n\t<\/div>\n<div class=\"vc_empty_space\"   style=\"height: 32px\"><span class=\"vc_empty_space_inner\"><\/span><\/div><\/div><\/div><\/div><\/div>","protected":false},"excerpt":{"rendered":"<p><strong>L\u00fctfen Tur Tarihini Se\u00e7iniz\u00a0<\/strong><\/p>","protected":false},"featured_media":104,"template":"","meta":[],"product_brand":[],"product_cat":[119,96,144,98,135,121,99,122,443,123,124],"product_tag":[126,127,128,145,132,133,146,147,148,143],"class_list":{"0":"post-551","1":"product","2":"type-product","3":"status-publish","4":"has-post-thumbnail","6":"product_cat-caves","7":"product_cat-hiking","8":"product_cat-kayaking","9":"product_cat-local-tour-guides","10":"product_cat-lunch","11":"product_cat-mangroves","12":"product_cat-swimming-natural-springs","13":"product_cat-tours-and-excursions","14":"product_cat-tours-y-excursiones-es","15":"product_cat-tours-excursions-los-haitises-national-park","16":"product_cat-tours-excursions-samana-bay-dominican-republic","17":"product_tag-cano-hondo","18":"product_tag-cano-hondo-hotel","19":"product_tag-cano-hondo-tours","20":"product_tag-day-tour-cano-hondo","21":"product_tag-los-haitises","22":"product_tag-los-haitises-national-park","23":"product_tag-mangroves-los-haitises","24":"product_tag-samana-bay","25":"product_tag-samana-excursions","26":"product_tag-samana-tours","28":"first","29":"instock","30":"sale","31":"sold-individually","32":"shipping-taxable","33":"product-type-external"},"_links":{"self":[{"href":"https:\/\/haitises.com\/tr\/wp-json\/wp\/v2\/product\/551","targetHints":{"allow":["GET"]}}],"collection":[{"href":"https:\/\/haitises.com\/tr\/wp-json\/wp\/v2\/product"}],"about":[{"href":"https:\/\/haitises.com\/tr\/wp-json\/wp\/v2\/types\/product"}],"wp:featuredmedia":[{"embeddable":true,"href":"https:\/\/haitises.com\/tr\/wp-json\/wp\/v2\/media\/104"}],"wp:attachment":[{"href":"https:\/\/haitises.com\/tr\/wp-json\/wp\/v2\/media?parent=551"}],"wp:term":[{"taxonomy":"product_brand","embeddable":true,"href":"https:\/\/haitises.com\/tr\/wp-json\/wp\/v2\/product_brand?post=551"},{"taxonomy":"product_cat","embeddable":true,"href":"https:\/\/haitises.com\/tr\/wp-json\/wp\/v2\/product_cat?post=551"},{"taxonomy":"product_tag","embeddable":true,"href":"https:\/\/haitises.com\/tr\/wp-json\/wp\/v2\/product_tag?post=551"}],"curies":[{"name":"wp","href":"https:\/\/api.w.org\/{rel}","templated":true}]}}