{"id":548,"date":"2020-06-15T15:48:44","date_gmt":"2020-06-15T15:48:44","guid":{"rendered":"http:\/\/haitises.com\/?post_type=product&#038;p=548"},"modified":"2024-04-19T15:58:28","modified_gmt":"2024-04-19T15:58:28","slug":"parque-nacional-los-haitises-excursion-de-kayak-y-senderismo","status":"publish","type":"product","link":"https:\/\/haitises.com\/tr\/ozel\/parque-nacional-los-haitises-excursion-de-kayak-y-senderismo\/","title":{"rendered":"Los Haitises Milli Park\u0131 Kano ve Y\u00fcr\u00fcy\u00fc\u015f Gezisi"},"content":{"rendered":"<div class=\"vc_row wpb_row vc_row-fluid\" ><div class=\"wpb_column vc_column_container vc_col-sm-12\"><div class=\"vc_column-inner\"><div class=\"wpb_wrapper\">\n\t<div class=\"wpb_text_column wpb_content_element\" >\n\t\t<div class=\"wpb_wrapper\">\n\t\t\t<h3>Tan\u0131m<\/h3>\n<p>Bu y\u00fcr\u00fcy\u00fc\u015f + kano rotas\u0131 Ca\u00f1o Hondo \/ Sabana de La Mar liman\u0131ndan ba\u015fl\u0131yor. Los Haitises Milli Park\u0131&#039;ndaki Sulak Orman boyunca yakla\u015f\u0131k 3 saat y\u00fcr\u00fcyece\u011fiz. Bu b\u00f6lgenin \u015fifal\u0131 bitkileri hakk\u0131nda bilgi edinecek, Los Haitises Milli Park\u0131 da\u011flar\u0131ndaki birincil ve ikincil geni\u015f yaprakl\u0131 ormanlar\u0131 g\u00f6recek ve ayn\u0131 zamanda Eko-B\u00f6lge&#039;nin do\u011fal havuzlar\u0131n\u0131n sular\u0131n\u0131n geldi\u011fi yerden Jivales Nehri&#039;nin kayna\u011f\u0131na ula\u015facaks\u0131n\u0131z. Loca \u00e7\u0131k Hondo Ca\u00f1o. Daha sonra g\u00fcvenli\u011finiz i\u00e7in gerekli ekipmanlar\u0131 (can yele\u011fi vb.), kanolar\u0131m\u0131z\u0131 al\u0131p mangrov ormanlar\u0131n\u0131 ge\u00e7iyoruz. Ku\u015flarla dolu baz\u0131 mangrov a\u011fa\u00e7lar\u0131n\u0131, g\u00fcr ye\u015filliklerle dolu ini\u015fli \u00e7\u0131k\u0131\u015fl\u0131 tepeleri g\u00f6receksiniz. Mangrovlar\u0131n aras\u0131ndan ge\u00e7erek muhte\u015fem orman manzaras\u0131n\u0131 foto\u011fraflayabilece\u011finiz San Lorenzo&#039;nun a\u00e7\u0131k koyuna inin.<\/p>\n<p>Bu deneyimin ard\u0131ndan Cano Hondo veya Sabana de la mar&#039;a d\u00f6neceksiniz.<\/p>\n<ul>\n<li>Vergiler dahil<\/li>\n<li>Los Haitises Milli Park\u0131&#039;na y\u00fcr\u00fcy\u00fc\u015f gezisi<\/li>\n<li>K\u0131lavuz talimat ve denetim sa\u011flar.<\/li>\n<\/ul>\n<h3>Dahil edilenler ve hari\u00e7 tutulanlar<\/h3>\n<h4>Kapsamalar<\/h4>\n<ol>\n<li>Los Haitises Ulusal Park\u0131<\/li>\n<li>Y\u00fcr\u00fcy\u00fc\u015f + Kano<\/li>\n<li>T\u00fcm vergiler, har\u00e7lar ve i\u015flem \u00fccretleri.<\/li>\n<li>Yerel vergiler<\/li>\n<li>\u0130\u00e7ecekler<\/li>\n<li>T\u00fcm aktiviteler<\/li>\n<li>Yerel rehber<\/li>\n<\/ol>\n<h4>\u0130stisnalar<\/h4>\n<ol>\n<li>\u0130pu\u00e7lar\u0131<\/li>\n<li>Ula\u015f\u0131m<\/li>\n<li>\u00d6\u011fle yeme\u011fi<\/li>\n<li>Alkoll\u00fc i\u00e7ecekler<\/li>\n<\/ol>\n<h3><em>Kalk\u0131\u015f ve d\u00f6n\u00fc\u015f<\/em><\/h3>\n<p>Gezgin, rezervasyon i\u015fleminden sonra bir bulu\u015fma noktas\u0131na sahip olacakt\u0131r. Turlar bulu\u015fma noktalar\u0131m\u0131zda ba\u015flar ve biter.<\/p>\n<h2>Y\u00fcr\u00fcy\u00fc\u015f + Kano Los Haitises Ulusal Park\u0131<\/h2>\n<h3><em>Ne bekleyebilece\u011finizi?<\/em><\/h3>\n<p>El nombre del parque nacional proviene de sus habitantes originales, los indios ta\u00ednos. En su idioma, \u00abHaitises\u00bb se traduce en tierras altas o colinas, una referencia a las empinadas formaciones geol\u00f3gicas de la costa con calizas. La actividad en Kayak es de 2 horas.<\/p>\n<p>Aprender sobre la historia y la naturaleza con gu\u00edas tur\u00edsticos locales que crecen como protectores y voluntarios ambientales dentro de esta \u00e1rea del proyecto. El recorrido, organizado por \u00abBooking Adventures\u00bb comienza en el punto de encuentro establecido con el gu\u00eda tur\u00edstico.<\/p>\n<p>Tarlalar ve tar\u0131m arazileri aras\u0131nda ilk y\u00fcr\u00fcy\u00fc\u015f\u00fcn ard\u0131ndan Hindistan cevizi ve Kakao orman\u0131nda y\u00fcr\u00fcmeye ba\u015flayacaks\u0131n\u0131z. Her dakika Los Haitises Milli Park\u0131 i\u00e7indeki birincil ve e\u015fsiz orman alan\u0131nda olun. Booking Adventures ile gelin ve baz\u0131 endemik ku\u015f, memeli ve bitki t\u00fcrlerini, yemye\u015fil bitki \u00f6rt\u00fcs\u00fcyle kapl\u0131 tepeleri ve Los Haitises Milli Park\u0131&#039;n\u0131n ma\u011faralar\u0131n\u0131 g\u00f6rmeye ba\u015flay\u0131n.<\/p>\n<p>El nombre del parque nacional proviene de sus habitantes originales, los indios ta\u00ednos. En su idioma, \u00abHaitises\u00bb se traduce en tierras altas o colinas, una referencia a las empinadas formaciones geol\u00f3gicas de la costa con calizas. Avent\u00farate en el parque para explorar cuevas como la Cueva de la Arena y la Cueva de la L\u00ednea. Puede combinar el recorrido en barco con el viaje de senderismo. Solo cont\u00e1ctenos.<\/p>\n<p>Rezervdeki ma\u011faralar Ta\u00edno K\u0131z\u0131lderilileri ve daha sonra gizli korsanlar taraf\u0131ndan s\u0131\u011f\u0131nak olarak kullan\u0131ld\u0131. Baz\u0131 duvarlar\u0131 s\u00fcsleyen K\u0131z\u0131lderililerin \u00e7izimlerine bak\u0131n. Ya\u011fmur ormanlar\u0131nda 700&#039;den fazla bitki t\u00fcr\u00fc var, bu y\u00fcr\u00fcy\u00fc\u015f rotas\u0131nda ziyaret\u00e7ilere bildi\u011fimiz t\u00fcm \u015fifal\u0131 bitkileri \u00f6\u011fretmeye \u00e7al\u0131\u015f\u0131yoruz.<\/p>\n<p>Gelin, \u00f6\u011frenin, y\u00fcr\u00fcy\u00fc\u015f yap\u0131n ve Los Haitises Milli Park\u0131&#039;n\u0131n ger\u00e7ek do\u011fas\u0131n\u0131n tad\u0131n\u0131 \u00e7\u0131kar\u0131n.<\/p>\n<h3><em>Ne getirmelisiniz?<\/em><\/h3>\n<ul>\n<li>Kamera<\/li>\n<li>Kovucular<\/li>\n<li>G\u00fcne\u015f kremi<\/li>\n<li>\u015eapka<\/li>\n<li>Rahat pantolon<\/li>\n<li>Orman y\u00fcr\u00fcy\u00fc\u015f ayakkab\u0131lar\u0131<\/li>\n<li>Yay alanlar\u0131na sandaletler.<\/li>\n<li>Mayo<\/li>\n<\/ul>\n<h3><em>Otelden alma<\/em><\/h3>\n<p>Bu tur i\u00e7in otelden alma hizmeti sunulmamaktad\u0131r. Yaln\u0131zca Cano Hondo Hotel&#039;de veya Sabana de la Mar b\u00f6lgesindeki Otellerdeyseniz.<\/p>\n<p><strong>Not<\/strong>: Tur\/gezi kalk\u0131\u015f saatinden sonraki 24 saat i\u00e7inde rezervasyon yaparsan\u0131z, Dominik Cumhuriyeti&#039;nin herhangi bir yerinden ek \u00fccret kar\u015f\u0131l\u0131\u011f\u0131nda otelden kar\u015f\u0131lama ayarlayabiliriz. Sat\u0131n alma i\u015fleminiz tamamland\u0131\u011f\u0131nda, yerel tur rehberimizin teslim alma d\u00fczenlemelerini yapmas\u0131 i\u00e7in size tam ileti\u015fim bilgilerini (telefon numaras\u0131, e-posta adresi vb.) g\u00f6nderece\u011fiz.<\/p>\n<h3><em>Ek bilgilerin do\u011frulanmas\u0131<\/em><\/h3>\n<ol>\n<li>Biletler, bu Tur i\u00e7in \u00f6deme yap\u0131ld\u0131ktan sonra al\u0131nan Makbuzdur. \u00d6demeyi telefonunuzda g\u00f6sterebilirsiniz.<\/li>\n<li>Rezervasyon i\u015fleminin ard\u0131ndan bulu\u015fma noktas\u0131 al\u0131nacakt\u0131r.<\/li>\n<li>\u00c7ocuklara bir yeti\u015fkinin e\u015flik etmesi gerekmektedir.<\/li>\n<li>Tekerlekli sandalye eri\u015fimine uygun de\u011fil<\/li>\n<li>Bebekler bebek koltuklar\u0131nda veya ebeveynleriyle birlikte oturmal\u0131d\u0131r<\/li>\n<li>S\u0131rt sorunu olan gezginler i\u00e7in \u00f6nerilmez.<\/li>\n<li>Hamile kad\u0131nlara tavsiye edilmez.<\/li>\n<li>Kalp problemi ya da di\u011fer ciddi sa\u011fl\u0131k sorunlar\u0131 yok.<\/li>\n<li>\u00c7o\u011fu gezgin kat\u0131labilir.<\/li>\n<\/ol>\n<h3><em>\u0130ptal politikas\u0131<\/em><\/h3>\n<p>Tam para iadesi i\u00e7in deneyim ba\u015flang\u0131\u00e7 tarihinden en az 24 saat \u00f6nce iptal edin. Rezervasyonun seyahatle ayn\u0131 g\u00fcn iptal edilmesi durumunda para kayb\u0131 ya\u015fanacakt\u0131r.<\/p>\n<h2>Ya\u011fmur Orman\u0131 Y\u00fcr\u00fcy\u00fc\u015f\u00fc ve Kano Gezintisi<br \/>\nY\u00fcr\u00fcy\u00fc\u015f + Kano Los Haitises Ulusal Park\u0131<\/h2>\n<p>Bu deneyim en az 2 kat\u0131l\u0131mc\u0131 gerektirir. 2 ya\u015f\u0131nda de\u011filseniz, l\u00fctfen bizimle ileti\u015fime ge\u00e7mekten \u00e7ekinmeyin!<\/p>\n<h3>Bize Ula\u015f\u0131n?<\/h3>\n<p><em>Rezervasyon Maceralar\u0131<\/em><br \/>\nYerel ve ulusal tur rehberleri ve misafir hizmetleri<\/p>\n<p>Rezervasyonlar: Yurt Temsilciliklerinde Turlar ve Geziler.<\/p>\n<p>\ud83d\udcde Tel\/Whatsapp +1-809-720-6035.<\/p>\n<p>\ud83d\udce9 info@bookingadventures.com.do<\/p>\n<p>Whatsapp: +18097206035 ile esnek konfig\u00fcrasyona sahip \u00f6zel turlar\u0131m\u0131z.<\/p>\n\n\t\t<\/div>\n\t<\/div>\n<\/div><\/div><\/div><\/div>","protected":false},"excerpt":{"rendered":"<p>Sabana de la mar&#039;dan yerel bir rehber e\u015fli\u011finde Los Haitises Milli Park\u0131&#039;ndaki mangrovlarda 3 saatlik y\u00fcr\u00fcy\u00fc\u015f ve kanoya binme. Ya\u011fmur ormanlar\u0131, Hindistan cevizi, kahve ve kakao alanlar\u0131n\u0131 ziyaret etmek. Los Haitises Milli Park\u0131&#039;n\u0131n orijinal tarihi hakk\u0131nda bilgi edinin.<\/p>\n<p><strong>Y\u00fcr\u00fcy\u00fc\u015f gezisinin tarihini se\u00e7in:<\/strong><\/p>","protected":false},"featured_media":515,"template":"","meta":[],"product_brand":[],"product_cat":[356,96,443,123,124],"product_tag":[341,206,129,130,412,413,221,414,415,152,153,198,133,416,215,217,417,223,114,418,148,143,419],"class_list":{"0":"post-548","1":"product","2":"type-product","3":"status-publish","4":"has-post-thumbnail","6":"product_cat-day-trips","7":"product_cat-hiking","8":"product_cat-tours-y-excursiones-es","9":"product_cat-tours-excursions-los-haitises-national-park","10":"product_cat-tours-excursions-samana-bay-dominican-republic","11":"product_tag-cano-hondo-sabana-de-la-mar","12":"product_tag-caves-los-haitises","13":"product_tag-eco-tours","14":"product_tag-excursion","15":"product_tag-hike-kayak","16":"product_tag-hike-kayak-los-haitises-national-park","17":"product_tag-hiking-los-haitises","18":"product_tag-hiking-sabana-de-la-mar","19":"product_tag-hiking-samana","20":"product_tag-kayak-tour","21":"product_tag-kayaking","22":"product_tag-kayaking-los-haitises","23":"product_tag-los-haitises-national-park","24":"product_tag-los-haitises-national-park-entrance-fee","25":"product_tag-los-haitises-national-park-tour-from-las-terrenas","26":"product_tag-los-haitises-national-park-tour-from-santo-domingo","27":"product_tag-los-haitises-national-park-weather","28":"product_tag-los-haitises-sabana-de-la-mar","29":"product_tag-sabana-de-la-mar","30":"product_tag-sabana-de-la-mar-tour","31":"product_tag-samana-excursions","32":"product_tag-samana-tours","33":"product_tag-secrets-of-los-haitises","35":"first","36":"instock","37":"sale","38":"sold-individually","39":"shipping-taxable","40":"product-type-external"},"_links":{"self":[{"href":"https:\/\/haitises.com\/tr\/wp-json\/wp\/v2\/product\/548","targetHints":{"allow":["GET"]}}],"collection":[{"href":"https:\/\/haitises.com\/tr\/wp-json\/wp\/v2\/product"}],"about":[{"href":"https:\/\/haitises.com\/tr\/wp-json\/wp\/v2\/types\/product"}],"wp:featuredmedia":[{"embeddable":true,"href":"https:\/\/haitises.com\/tr\/wp-json\/wp\/v2\/media\/515"}],"wp:attachment":[{"href":"https:\/\/haitises.com\/tr\/wp-json\/wp\/v2\/media?parent=548"}],"wp:term":[{"taxonomy":"product_brand","embeddable":true,"href":"https:\/\/haitises.com\/tr\/wp-json\/wp\/v2\/product_brand?post=548"},{"taxonomy":"product_cat","embeddable":true,"href":"https:\/\/haitises.com\/tr\/wp-json\/wp\/v2\/product_cat?post=548"},{"taxonomy":"product_tag","embeddable":true,"href":"https:\/\/haitises.com\/tr\/wp-json\/wp\/v2\/product_tag?post=548"}],"curies":[{"name":"wp","href":"https:\/\/api.w.org\/{rel}","templated":true}]}}