{"id":543,"date":"2020-06-14T19:18:13","date_gmt":"2020-06-14T19:18:13","guid":{"rendered":"http:\/\/haitises.com\/?post_type=product&#038;p=543"},"modified":"2024-08-22T05:45:22","modified_gmt":"2024-08-22T05:45:22","slug":"parque-nacional-los-haitises-desde-el-puerto-de-samana","status":"publish","type":"product","link":"https:\/\/haitises.com\/tr\/ozel\/parque-nacional-los-haitises-desde-el-puerto-de-samana\/","title":{"rendered":"Saman\u00e1 liman\u0131ndan Los Haitises Milli Park\u0131"},"content":{"rendered":"<div class=\"vc_row wpb_row vc_row-fluid\" ><div class=\"wpb_column vc_column_container vc_col-sm-12\"><div class=\"vc_column-inner\"><div class=\"wpb_wrapper\">\n\t<div class=\"wpb_text_column wpb_content_element\" >\n\t\t<div class=\"wpb_wrapper\">\n\t\t\t<h2>Parque Nacional de los Haitises (Bah\u00eda de Saman\u00e1) desde el puerto de Saman\u00e1<\/h2>\n<ul>\n<li>Excursi\u00f3n en barco al Parque Nacional Los Haitises<br \/>\n<h3>Tan\u0131m<\/h3>\n<p>Visite el parque nacional Los Haitises desde el puerto de Saman\u00e1. Ven con nosotros y visita el parque nacional m\u00e1s hermoso de la Rep\u00fablica Dominicana, visitando manglares, cuevas y la bah\u00eda de San Lorenzo, adem\u00e1s de cruzar la hermosa bah\u00eda de Saman\u00e1. Luego regreso al puerto de Saman\u00e1.<\/li>\n<\/ul>\n<p>Bu deneyimin ard\u0131ndan Saman\u00e1 liman\u0131na d\u00f6neceksiniz.<\/p>\n<ul>\n<li>Vergiler dahil<br \/>\nK\u0131lavuz talimat ve denetim sa\u011flar.<\/li>\n<li>Dahil edilenler ve hari\u00e7 tutulanlar<\/li>\n<\/ul>\n<h3>Kapsamalar<\/h3>\n<ol>\n<li>Los Haitises Turu + Ma\u011faralar ve Piktograflar<\/li>\n<li>T\u00fcm vergiler, har\u00e7lar ve i\u015flem \u00fccretleri.<\/li>\n<li>Yerel vergiler<\/li>\n<li>\u0130\u00e7ecekler<\/li>\n<li>T\u00fcm aktiviteler<\/li>\n<li>Yerel rehber<\/li>\n<\/ol>\n<h3>\u0130stisnalar<\/h3>\n<ol>\n<li>\u0130pu\u00e7lar\u0131<\/li>\n<li>Aktar<\/li>\n<li>Alkoll\u00fc i\u00e7ecekler<\/li>\n<li>Almuerzo no incluido, para el almuerzo incluye elegir uno de estos viajes: Los Haitises + Cayo Levantado desde el puerto de Saman\u00e1 o Los Haitises + Cano Hondo desde el puerto de Saman\u00e1.<\/li>\n<\/ol>\n<h3>Kalk\u0131\u015f ve d\u00f6n\u00fc\u015f<\/h3>\n<p>Gezgin, rezervasyon i\u015fleminden sonra bir bulu\u015fma noktas\u0131na sahip olacakt\u0131r. Turlar bulu\u015fma noktalar\u0131m\u0131zda ba\u015flar ve biter.<\/p>\n<h3>\u00bfQue esperar?<\/h3>\n<p>Obtenga sus boletos para visitar el Parque Nacional Los Haitises con un maravilloso almuerzo en Ca\u00f1o Hondo y Nataci\u00f3n en los manantiales naturales.<\/p>\n<p>Comenzando desde el puerto de Saman\u00e1 a bordo de un bote o catamar\u00e1n con un gu\u00eda tur\u00edstico local, pasamos la bah\u00eda de Saman\u00e1 al lado de Sabana de la Mar para visitar uno de los parques nacionales m\u00e1s bellos de la Rep\u00fablica Dominicana. El parque nacional de Haitises.<\/p>\n<p>Visitando la isla con p\u00e1jaros alrededor. En la temporada de anidaci\u00f3n, incluso podemos ver los pollitos pel\u00edcanos en los nidos. Entrar m\u00e1s en la isla rocosa y visitar las cuevas con pictograf\u00edas y petr\u00f3grafos de los pueblos ind\u00edgenas.<\/p>\n<p>El recorrido, organizado por \u00abBooking Adventures\u00bb, comienza en el punto de encuentro establecido con el gu\u00eda tur\u00edstico. Ven con Booking Adventures y comienza a observar algunos manglares llenos de p\u00e1jaros, colinas onduladas de exuberante vegetaci\u00f3n y cuevas del Parque Nacional Los Haitises.<\/p>\n<p>Mangrovlar\u0131n aras\u0131ndan ge\u00e7erek engebeli orman manzaras\u0131n\u0131 foto\u011fraflayabilece\u011finiz a\u00e7\u0131k San Lorenzo K\u00f6rfezi&#039;ne inin. Denizay\u0131lar\u0131n\u0131, kabuklular\u0131 ve yunuslar\u0131 g\u00f6rmek i\u00e7in suya bak\u0131n.<\/p>\n<p>El nombre del parque nacional proviene de sus habitantes originales, los indios ta\u00ednos. En su idioma, \u00abHaitises\u00bb se traduce en tierras altas o colinas, una referencia a las empinadas formaciones geol\u00f3gicas de la costa con calizas. Avent\u00farate en el parque para explorar cuevas como la Cueva de la Arena y la Cueva de la L\u00ednea. Las cuevas en la reserva fueron utilizadas como refugio por los indios ta\u00ednos y, m\u00e1s tarde, por los piratas escondidos. Busque dibujos de indios que decoran algunas de las paredes. Despu\u00e9s de visitar el Parque Nacional Los Haitises, regresaremos al puerto de Saman\u00e1 pasando la bah\u00eda de Saman\u00e1 30 minutos.<\/p>\n<p>Bu geziyi daha \u00e7ok be\u011fendiyseniz \u015fu se\u00e7eneklerimiz var:<\/p>\n<p>Saman\u00e1 liman\u0131ndan Los Haitises + Cayo Levantado.<br \/>\nLos Haitises + Cano Hondo desde el puerto de Saman\u00e1.<\/p>\n<h3>Ne getirmelisiniz?<\/h3>\n<ul>\n<li>Kamera<\/li>\n<li>Brotes repelentes<\/li>\n<li>g\u00fcne\u015f kremi<\/li>\n<li>\u015eapka<\/li>\n<li>Rahat pantolon<\/li>\n<li>Orman y\u00fcr\u00fcy\u00fc\u015f ayakkab\u0131lar\u0131<\/li>\n<li>Yay alanlar\u0131na sandaletler.<\/li>\n<li>Vestido nadador<\/li>\n<\/ul>\n<h3>Otelden alma<\/h3>\n<p>Bu tur i\u00e7in otelden alma hizmeti sunulmamaktad\u0131r.<\/p>\n<p>Nota: Si realiza la reserva dentro de las 24 horas de la hora de salida del tour \/ excursi\u00f3n, podemos organizar la recogida del hotel con cargos adicionales. Una vez que se complete su compra, le enviaremos informaci\u00f3n de contacto completa (n\u00famero de tel\u00e9fono, direcci\u00f3n de correo electr\u00f3nico, etc.) para que nuestro gu\u00eda tur\u00edstico local organice los arreglos de recogida.<\/p>\n<h3>Ek bilgilerin do\u011frulanmas\u0131<\/h3>\n<ol>\n<li>Biletler, bu Tur i\u00e7in \u00f6deme yap\u0131ld\u0131ktan sonra al\u0131nan Makbuzdur. \u00d6demeyi telefonunuzda g\u00f6sterebilirsiniz.<\/li>\n<li>Rezervasyon i\u015fleminin ard\u0131ndan bulu\u015fma noktas\u0131 al\u0131nacakt\u0131r.<\/li>\n<li>\u00c7ocuklara bir yeti\u015fkinin e\u015flik etmesi gerekmektedir.<\/li>\n<li>Tekerlekli sandalye eri\u015fimine uygun de\u011fil<\/li>\n<li>Los infantes deben sentarse en el regazo<\/li>\n<li>S\u0131rt sorunu olan gezginler i\u00e7in \u00f6nerilmez.<\/li>\n<li>No recomendado para viajeros embarazadas.<\/li>\n<li>Kalp problemi ya da di\u011fer ciddi sa\u011fl\u0131k sorunlar\u0131 yok.<\/li>\n<li>\u00c7o\u011fu gezgin kat\u0131labilir.<\/li>\n<\/ol>\n<h3>\u0130ptal politikas\u0131<\/h3>\n<p>Tam para iadesi i\u00e7in deneyim ba\u015flang\u0131\u00e7 tarihinden en az 24 saat \u00f6nce iptal edin.<\/p>\n<h3>Bize Ula\u015f\u0131n?<\/h3>\n<p>Rezervasyon Maceralar\u0131<br \/>\nYerel ve ulusal tur rehberleri ve misafir hizmetleri<\/p>\n<p>Rezervasyonlar: Dom. Cum. Turlar\u0131 ve Gezileri<\/p>\n<p>\ud83d\udcde Tel\/Whatsapp +1-809-720-6035.<\/p>\n<p>\ud83d\udce9 info@bookingadventures.com.do<\/p>\n<p>Hacemos tours privados con flexibilidad por Whatsapp: +18097206035.<\/p>\n\n\t\t<\/div>\n\t<\/div>\n<\/div><\/div><\/div><\/div><div class=\"vc_row wpb_row vc_row-fluid\" ><div class=\"wpb_column vc_column_container vc_col-sm-12\"><div class=\"vc_column-inner\"><div class=\"wpb_wrapper\"><div class=\"vc_empty_space\"   style=\"height: 32px\"><span class=\"vc_empty_space_inner\"><\/span><\/div>\n\t<div class=\"wpb_video_widget wpb_content_element vc_clearfix   vc_video-aspect-ratio-169 vc_video-el-width-100 vc_video-align-left\" >\n\t\t<div class=\"wpb_wrapper\">\n\t\t\t<h2 class=\"wpb_heading wpb_video_heading\">Los Haitises y M\u00e1s...<\/h2>\n\t\t\t<div class=\"wpb_video_wrapper\"><iframe loading=\"lazy\" title=\"Dominican Republic - Los Haitises caves (Tainos), Pictographs &amp; Petroglyphs\" width=\"1100\" height=\"619\" src=\"https:\/\/www.youtube.com\/embed\/o_ExYqtOlH8?feature=oembed\" frameborder=\"0\" allow=\"accelerometer; autoplay; encrypted-media; gyroscope; picture-in-picture\" allowfullscreen><\/iframe><\/div>\n\t\t<\/div>\n\t<\/div>\n<\/div><\/div><\/div><\/div>","protected":false},"excerpt":{"rendered":"<p>Viaje ecol\u00f3gico al Parque Nacional Los Haitises con un gu\u00eda local. Visitando los Cayos en el Parque Nacional Los Haitises, manglares, vegetaci\u00f3n, observaci\u00f3n de aves, cuevas, pictograf\u00edas y las \u00e1reas hist\u00f3ricas de Sabana de la Mar en el Parque Nacional Los Haitises.<\/p>\n<p>&nbsp;<\/p>\n<p><strong>Selecione la fecha de Su Visita:<\/strong><\/p>","protected":false},"featured_media":225,"template":"","meta":[],"product_brand":[],"product_cat":[121,435,430,443],"product_tag":[132,133,432,142,148,143],"class_list":{"0":"post-543","1":"product","2":"type-product","3":"status-publish","4":"has-post-thumbnail","6":"product_cat-mangroves","7":"product_cat-manglares","8":"product_cat-parque-nacional-los-haitises-samana","9":"product_cat-tours-y-excursiones-es","10":"product_tag-los-haitises","11":"product_tag-los-haitises-national-park","12":"product_tag-parque-nacional-los-haitises-samana","13":"product_tag-samana","14":"product_tag-samana-excursions","15":"product_tag-samana-tours","17":"first","18":"instock","19":"sale","20":"sold-individually","21":"shipping-taxable","22":"product-type-external"},"_links":{"self":[{"href":"https:\/\/haitises.com\/tr\/wp-json\/wp\/v2\/product\/543","targetHints":{"allow":["GET"]}}],"collection":[{"href":"https:\/\/haitises.com\/tr\/wp-json\/wp\/v2\/product"}],"about":[{"href":"https:\/\/haitises.com\/tr\/wp-json\/wp\/v2\/types\/product"}],"wp:featuredmedia":[{"embeddable":true,"href":"https:\/\/haitises.com\/tr\/wp-json\/wp\/v2\/media\/225"}],"wp:attachment":[{"href":"https:\/\/haitises.com\/tr\/wp-json\/wp\/v2\/media?parent=543"}],"wp:term":[{"taxonomy":"product_brand","embeddable":true,"href":"https:\/\/haitises.com\/tr\/wp-json\/wp\/v2\/product_brand?post=543"},{"taxonomy":"product_cat","embeddable":true,"href":"https:\/\/haitises.com\/tr\/wp-json\/wp\/v2\/product_cat?post=543"},{"taxonomy":"product_tag","embeddable":true,"href":"https:\/\/haitises.com\/tr\/wp-json\/wp\/v2\/product_tag?post=543"}],"curies":[{"name":"wp","href":"https:\/\/api.w.org\/{rel}","templated":true}]}}