{"id":157,"date":"2020-06-14T11:59:03","date_gmt":"2020-06-14T11:59:03","guid":{"rendered":"http:\/\/haitises.com\/product\/import-placeholder-for-9483\/"},"modified":"2024-04-22T15:35:27","modified_gmt":"2024-04-22T15:35:27","slug":"playa-rincon-rincon-beach-half-day-trip-samana-dominican-republic","status":"publish","type":"product","link":"https:\/\/haitises.com\/tr\/ozel\/playa-rincon-rincon-beach-half-day-trip-samana-dominican-republic\/","title":{"rendered":"Playa Rinc\u00f3n (Rincon Plaj\u0131), Yar\u0131m G\u00fcnl\u00fck Gezi, Saman\u00e1 - Dominik Cumhuriyeti."},"content":{"rendered":"<div class=\"vc_row wpb_row vc_row-fluid\" ><div class=\"wpb_column vc_column_container vc_col-sm-12\"><div class=\"vc_column-inner\"><div class=\"wpb_wrapper\">[mkdf_section_title title_tag=\u00bb\u00bb disable_break_words=\u00bbno\u00bb subtitle_tag=\u00bb\u00bb title=\u00bbPlaya Rinc\u00f3n, Playa Fronton + Playa Madame Beach, Saman\u00e1 &#8211; Dominican Republic.\u00bb subtitle=\u00bbLunch, Boat Ride and Private Transportation From Hotels.\u00bb]\n\t<div class=\"wpb_text_column wpb_content_element\" >\n\t\t<div class=\"wpb_wrapper\">\n\t\t\t<h3>Playa Rinc\u00f3n (Rincon Plaj\u0131), Yar\u0131m G\u00fcnl\u00fck Gezi, Saman\u00e1 - Dominik Cumhuriyeti.<\/h3>\n<h4><b><i>Genel Bak\u0131\u015f <\/i><\/b><\/h4>\n<p>The trip starts picking you up in your hotel or at the airport in Samana area or Las Galeras. Discover with us El Rincon beach, a pristine and long white sand beach, which borders a bay of calm turquoise waters, dotted with coconut trees, that captures the attention of all visitors. El Rincon is one of the ten best beaches in the word. In order to get to this unique beach, you will enjoy of the Dominican Republic life style while heading to the beach. On a bus will have a couple of stops in fruits stores where you can buy some if you wish to, will see local houses and learn about the Dominican real life.<\/p>\n<ul>\n<li>You will have lunch with your toes in the sand while Merengue and Bachata songs will be playing at \u00abEl Paraiso\u00bb \u00a0where you will be served a complete meal including a fish dish, accompanied by local drinks and cocktails.\u00a0 Here you will find a natural pearl that is considered one of the most beautiful beaches in the country. The white, fine sand, the turquoise sea and the meter-high palm trees speak for themselves.<\/li>\n<\/ul>\n<p>&nbsp;<\/p>\n<ul>\n<li>B\u00f6lgede G\u00fcvenlik deneyimine sahip Yerel Rehber.<\/li>\n<li>\u00d6zel ula\u015f\u0131m<\/li>\n<li>\u00dccretler dahil<\/li>\n<li>Sahilde \u00d6\u011fle Yeme\u011fi<\/li>\n<li>\u0130spanyolca, \u0130ngilizce veya Frans\u0131zca Yerel Tur Rehberi.<\/li>\n<li>Do\u011fa y\u00fcr\u00fcy\u00fc\u015f\u00fc<\/li>\n<\/ul>\n<h4><b>Dahil Edilenler ve Hari\u00e7 Tutulanlar<\/b><\/h4>\n<p>&nbsp;<\/p>\n<p><b>Kapsamalar<\/b><\/p>\n<ol>\n<li><span style=\"font-weight: 400;\">B\u00f6lgede G\u00fcvenlik deneyimine sahip Yerel Rehber.<\/span><\/li>\n<li>K\u00fc\u00e7\u00fck gruplar i\u00e7in \u00f6zel ula\u015f\u0131m<\/li>\n<li style=\"font-weight: 400;\">El Rincon Plaj\u0131<\/li>\n<li>Dominican House Ranch<\/li>\n<li>Cano Frio River<\/li>\n<li style=\"font-weight: 400;\"><span style=\"font-weight: 400;\">T\u00fcm vergiler, har\u00e7lar ve i\u015flem \u00fccretleri<\/span><\/li>\n<li style=\"font-weight: 400;\"><span style=\"font-weight: 400;\">Yerel vergiler<\/span><\/li>\n<li>Sahilde \u00d6\u011fle Yeme\u011fi<\/li>\n<li>Do\u011fa y\u00fcr\u00fcy\u00fc\u015f\u00fc<\/li>\n<li style=\"font-weight: 400;\"><span style=\"font-weight: 400;\">T\u00fcm faaliyetler<\/span><\/li>\n<\/ol>\n<p><b> \u0130stisnalar<\/b><\/p>\n<ol>\n<li style=\"font-weight: 400;\"><span style=\"font-weight: 400;\">Bah\u015fi\u015fler<\/span><\/li>\n<li>T\u00fcm \u0130\u00e7ecekler<\/li>\n<\/ol>\n<h4><em><strong>Gidi\u015f &amp; D\u00f6n\u00fc\u015f<\/strong><\/em><\/h4>\n<p><span style=\"font-weight: 400;\">Yolcu, Rezervasyon \u0130\u015fleminden sonra bir bulu\u015fma noktas\u0131 alacakt\u0131r. Turlar bulu\u015fma noktalar\u0131n\u0131zda ba\u015flar ve biter.<\/span><\/p>\n<h3>Playa Rinc\u00f3n (Rincon Plaj\u0131), Yar\u0131m G\u00fcnl\u00fck Gezi, Saman\u00e1 - Dominik Cumhuriyeti.<\/h3>\n<h4><em>Ne bekleyebilece\u011finizi?<\/em><\/h4>\n<p>After departing Samana hotels area and driving across Dominican streets, you will see and learn about local\u2019s life style.\u00a0 Visiting\u00a0 Playa Rinc\u00f3n is an unspoiled strip of white sand that stretches for about 2.5 miles (4 kilometers) along an undeveloped part of the coast. Fringed by a border of coconut palms and enclosed by mountain and cliff peaks at both ends, this secluded beach feels like a true utopia, cut off from civilization. Here the water is super clear and a surrounding coral reef ensures the safety of the beach which means you can go swimming with not risk. We will also visit Cano Frio River.<\/p>\n<p>&nbsp;<\/p>\n<p>This tour, organized by \u00abBooking Adventures\u00bb starts at the meeting point set with our Tour Guide. Come with Booking Adventures and have lunch at the beach and enjoy the one of the\u00a0most amazing beaches in Samana, Dominican Republic.<\/p>\n<h4><em><strong>Ne getirmelisiniz?<\/strong><\/em><\/h4>\n<ul>\n<li style=\"font-weight: 400;\"><span style=\"font-weight: 400;\">kamera<\/span><\/li>\n<li style=\"font-weight: 400;\"><span style=\"font-weight: 400;\">Kovucu tomurcuklar<\/span><\/li>\n<li style=\"font-weight: 400;\"><span style=\"font-weight: 400;\">G\u00fcne\u015f Kremi<\/span><\/li>\n<li>Su<\/li>\n<li style=\"font-weight: 400;\"><span style=\"font-weight: 400;\">\u015eapka<\/span><\/li>\n<li style=\"font-weight: 400;\"><span style=\"font-weight: 400;\">Rahat pantolon<\/span><\/li>\n<li style=\"font-weight: 400;\"><span style=\"font-weight: 400;\">Orman i\u00e7in y\u00fcr\u00fcy\u00fc\u015f ayakkab\u0131s\u0131<\/span><\/li>\n<li style=\"font-weight: 400;\"><span style=\"font-weight: 400;\">Bahar b\u00f6lgelerine sandaletler.<\/span><\/li>\n<li style=\"font-weight: 400;\"><span style=\"font-weight: 400;\">Y\u00fczme giysileri<\/span><\/li>\n<\/ul>\n<p>&nbsp;<\/p>\n<h4><b><i>Otelden Alma <\/i><\/b><\/h4>\n<p><span style=\"font-weight: 400;\">Bu tur i\u00e7in otelden alma hizmeti sunulmaktad\u0131r. <\/span><\/p>\n<p>&nbsp;<\/p>\n<p><b>Not:<\/b><span style=\"font-weight: 400;\"> Tur \/ Gezi kalk\u0131\u015f saatinden sonraki 24 saat i\u00e7inde rezervasyon yap\u0131yorsan\u0131z, otelden alma ayarlayabiliriz. Biz sadece Samana b\u00f6lgesinden al\u0131yoruz. Sat\u0131n alma i\u015fleminiz tamamland\u0131ktan sonra, yerel Tur rehberimizin teslim alma d\u00fczenlemelerini organize etmesi i\u00e7in size eksiksiz ileti\u015fim bilgilerini (telefon numaras\u0131, e-posta adresi vb.) G\u00f6nderece\u011fiz.<\/span><\/p>\n<h4><b><i>Ek Bilgi Onay\u0131 <\/i><\/b><\/h4>\n<ol>\n<li>Biletler bu Turu \u00f6dedikten sonra al\u0131nan Makbuzdur. \u00d6demeyi telefonunuzda g\u00f6sterebilirsiniz.<\/li>\n<li style=\"font-weight: 400;\"><span style=\"font-weight: 400;\">Rezervasyon \u0130\u015fleminden Sonra Bulu\u015fma Noktas\u0131na Al\u0131nacakt\u0131r.<\/span><\/li>\n<li style=\"font-weight: 400;\"><span style=\"font-weight: 400;\">\u00c7ocuklara bir yeti\u015fkinin e\u015flik etmesi gerekmektedir.<\/span><\/li>\n<li style=\"font-weight: 400;\"><span style=\"font-weight: 400;\"> Tekerlekli sandalye eri\u015fimine uygun de\u011fil <\/span><\/li>\n<li style=\"font-weight: 400;\"><span style=\"font-weight: 400;\">Bebekler kucakta oturmal\u0131 <\/span><\/li>\n<li style=\"font-weight: 400;\"><span style=\"font-weight: 400;\">S\u0131rt sorunu olan gezginler i\u00e7in \u00f6nerilmez<\/span><\/li>\n<li style=\"font-weight: 400;\"><span style=\"font-weight: 400;\">Hamile gezginler i\u00e7in \u00f6nerilmez <\/span><\/li>\n<li style=\"font-weight: 400;\"><span style=\"font-weight: 400;\"> Kalp problemi veya ba\u015fka ciddi t\u0131bbi durum yok <\/span><\/li>\n<li style=\"font-weight: 400;\"><span style=\"font-weight: 400;\">\u00c7o\u011fu gezgin kat\u0131labilir<\/span><\/li>\n<\/ol>\n<h4><b><i>\u0130ptal politikas\u0131<\/i><\/b><\/h4>\n<p><span style=\"font-weight: 400;\">Tam geri \u00f6deme i\u00e7in, deneyimin ba\u015flang\u0131\u00e7 tarihinden en az 24 saat \u00f6nce iptal edin. Rezervasyonun seyahatle ayn\u0131 g\u00fcn iptal edilmesi durumunda fonlar kaybedilecektir.<\/span><\/p>\n\n\t\t<\/div>\n\t<\/div>\n<\/div><\/div><\/div><\/div><div class=\"vc_row wpb_row vc_row-fluid\" ><div class=\"wpb_column vc_column_container vc_col-sm-12\"><div class=\"vc_column-inner\"><div class=\"wpb_wrapper\">\n\t<div class=\"wpb_video_widget wpb_content_element vc_clearfix   vc_video-aspect-ratio-169 vc_video-el-width-100 vc_video-align-left\" >\n\t\t<div class=\"wpb_wrapper\">\n\t\t\t<h2 class=\"wpb_heading wpb_video_heading\">Boca del diablo ve Fronton plaj\u0131<\/h2>\n\t\t\t<div class=\"wpb_video_wrapper\"><iframe loading=\"lazy\" title=\"Saman\u00e1 Yar\u0131madas\u0131, Dominik Cumhuriyeti (DJI Phantom 4 4K)\" width=\"1100\" height=\"619\" src=\"https:\/\/www.youtube.com\/embed\/DYDXVm8Q_iM?feature=oembed\" frameborder=\"0\" allow=\"accelerometer; autoplay; encrypted-media; gyroscope; picture-in-picture\" allowfullscreen><\/iframe><\/div>\n\t\t<\/div>\n\t<\/div>\n<\/div><\/div><\/div><\/div><div class=\"vc_row wpb_row vc_row-fluid\" ><div class=\"wpb_column vc_column_container vc_col-sm-12\"><div class=\"vc_column-inner\"><div class=\"wpb_wrapper\"><div class=\"vc_empty_space\"   style=\"height: 32px\"><span class=\"vc_empty_space_inner\"><\/span><\/div>\n\t<div class=\"wpb_text_column wpb_content_element\" >\n\t\t<div class=\"wpb_wrapper\">\n\t\t\t<h4>Bize Ula\u015f\u0131n?<\/h4>\n<h5>Rezervasyon Maceralar\u0131<\/h5>\n<p><em><strong>Yerliler<\/strong>\u00a0Ve\u00a0<strong>Vatanda\u015flar<\/strong>\u00a0Tur Rehberleri ve Misafir Hizmetleri<\/em><\/p>\n<p><span class=\"text-turquoise\">Rezervasyonlar:<\/span>\u00a0Dom. Cum. s\u0131n\u0131rlar\u0131ndaki Turlar ve Geziler<\/p>\n<p><img decoding=\"async\" class=\"emoji\" draggable=\"false\" src=\"https:\/\/s.w.org\/images\/core\/emoji\/11.2.0\/svg\/1f4de.svg\" alt=\"\ud83d\udcde\" title=\"\">\u00a0Tel\/Whatsapp\u00a0\u00a0<a href=\"tel:+1-809-720-6035\">+1-809-720-6035<\/a>.<\/p>\n<p><img decoding=\"async\" class=\"emoji\" draggable=\"false\" src=\"https:\/\/s.w.org\/images\/core\/emoji\/11.2.0\/svg\/1f4e9.svg\" alt=\"\ud83d\udce9\" title=\"\">\u00a0<a href=\"mailto:info@bookingadventures.com.do\">info@bookingadventures.com.do<\/a><\/p>\n<p><strong>Whatsapp ile \u00d6zel Turlar\u0131 Esnek Ayarl\u0131yoruz:\u00a0<a href=\"tel:+18097206035\">+18097206035.<\/a><\/strong><\/p>\n\n\t\t<\/div>\n\t<\/div>\n<div class=\"vc_empty_space\"   style=\"height: 32px\"><span class=\"vc_empty_space_inner\"><\/span><\/div><\/div><\/div><\/div><\/div>","protected":false},"excerpt":{"rendered":"<p>Visiting Playa el Rincon beach with Lunch at the beach, stopping on the way in Dominican House and fruit store plus swimming in the cristals waters of Cano Frio River. This is a half-day experience of the real Samana in the Dominican Republic.<\/p>\n<p>&nbsp;<\/p>\n<p><strong>L\u00fctfen Tur i\u00e7in tarih se\u00e7iniz:\u00a0<\/strong><\/p>","protected":false},"featured_media":227,"template":"","meta":[],"product_brand":[],"product_cat":[98,135,124],"product_tag":[195,332,333,201,334,270,148,143],"class_list":{"0":"post-157","1":"product","2":"type-product","3":"status-publish","4":"has-post-thumbnail","6":"product_cat-local-tour-guides","7":"product_cat-lunch","8":"product_cat-tours-excursions-samana-bay-dominican-republic","9":"product_tag-el-rincon-beach","10":"product_tag-playa-rincon","11":"product_tag-playa-rincon-tours","12":"product_tag-private-tours-samana","13":"product_tag-rincon-beach-tour","14":"product_tag-samana-dominican-republic","15":"product_tag-samana-excursions","16":"product_tag-samana-tours","18":"first","19":"instock","20":"sale","21":"sold-individually","22":"shipping-taxable","23":"product-type-external"},"_links":{"self":[{"href":"https:\/\/haitises.com\/tr\/wp-json\/wp\/v2\/product\/157","targetHints":{"allow":["GET"]}}],"collection":[{"href":"https:\/\/haitises.com\/tr\/wp-json\/wp\/v2\/product"}],"about":[{"href":"https:\/\/haitises.com\/tr\/wp-json\/wp\/v2\/types\/product"}],"wp:featuredmedia":[{"embeddable":true,"href":"https:\/\/haitises.com\/tr\/wp-json\/wp\/v2\/media\/227"}],"wp:attachment":[{"href":"https:\/\/haitises.com\/tr\/wp-json\/wp\/v2\/media?parent=157"}],"wp:term":[{"taxonomy":"product_brand","embeddable":true,"href":"https:\/\/haitises.com\/tr\/wp-json\/wp\/v2\/product_brand?post=157"},{"taxonomy":"product_cat","embeddable":true,"href":"https:\/\/haitises.com\/tr\/wp-json\/wp\/v2\/product_cat?post=157"},{"taxonomy":"product_tag","embeddable":true,"href":"https:\/\/haitises.com\/tr\/wp-json\/wp\/v2\/product_tag?post=157"}],"curies":[{"name":"wp","href":"https:\/\/api.w.org\/{rel}","templated":true}]}}