{"id":155,"date":"2020-06-14T11:59:03","date_gmt":"2020-06-14T11:59:03","guid":{"rendered":"http:\/\/haitises.com\/product\/import-placeholder-for-9463\/"},"modified":"2021-08-13T01:22:24","modified_gmt":"2021-08-13T01:22:24","slug":"miches-whales-watching-half-day-experience-media-luna-half-moon","status":"publish","type":"product","link":"https:\/\/haitises.com\/tr\/ozel\/miches-whales-watching-half-day-experience-media-luna-half-moon\/","title":{"rendered":"Miches Whales Watching Half Day Experience &#8211; Media Luna (Half-Moon)."},"content":{"rendered":"<div class=\"vc_row wpb_row vc_row-fluid\" ><div class=\"wpb_column vc_column_container vc_col-sm-12\"><div class=\"vc_column-inner\"><div class=\"wpb_wrapper\">[mkdf_section_title title_tag=\u00bb\u00bb disable_break_words=\u00bbno\u00bb subtitle_tag=\u00bb\u00bb title=\u00bbMiches Whales Watching Half Day Experience \u00bb subtitle=\u00bb Media Luna (Half-Moon) Incluided.\u00bb]<\/div><\/div><\/div><\/div><div class=\"vc_row wpb_row vc_row-fluid\" ><div class=\"wpb_column vc_column_container vc_col-sm-12\"><div class=\"vc_column-inner\"><div class=\"wpb_wrapper\">\n\t<div class=\"wpb_text_column wpb_content_element\" >\n\t\t<div class=\"wpb_wrapper\">\n\t\t\t<div class=\"vc_row wpb_row vc_row-fluid\">\n<div class=\"wpb_column vc_column_container vc_col-sm-12\">\n<div class=\"vc_column-inner\">\n<div class=\"wpb_wrapper\">\n<div class=\"wpb_text_column wpb_content_element\">\n<div class=\"wpb_wrapper\">\n<div class=\"vc_row wpb_row vc_row-fluid\">\n<div class=\"wpb_column vc_column_container vc_col-sm-12\">\n<div class=\"vc_column-inner\">\n<div class=\"wpb_wrapper\">\n<div class=\"wpb_text_column wpb_content_element\">\n<div class=\"wpb_wrapper\">\n<h4><b><i>Genel Bak\u0131\u015f<img decoding=\"async\" class=\"emoji\" draggable=\"false\" src=\"https:\/\/s.w.org\/images\/core\/emoji\/12.0.0-1\/svg\/1f433.svg\" alt=\"\ud83d\udc33\" title=\"\"><\/i><\/b><\/h4>\n<p>Aborting our Boat to visit the Humpbacks Whales in their own habitat.\u00a0 This experience incluide Natural Swimming Pool for Sea Stars and Fishes. Is allowed to bring snorkeling\u00a0 for the natural pools.<strong> Not:<\/strong> Not for swimming with Whales. Watching Our Captains are trained to make sure that you see whales.<\/p>\n<p>From 9:00 Am until 1:00 Pm.\u00a0 \u00a0Whale watching observatory and After this Whale Whatchig trip, we Come back to Miches Port.<\/p>\n<p><strong>Not:<\/strong> This tour is not Private. If you will like to set a Private tour just Contact us!<\/p>\n<ul>\n<li>Whale Watching trip<\/li>\n<li>Natural Swimming Pool for Star Fish Watching<\/li>\n<li>Boat\u00a0 Catamarn Transfer<\/li>\n<li>The Captain provides instruction and Supervision<\/li>\n<li>Tour Guide<\/li>\n<\/ul>\n<p>&nbsp;<\/p>\n<h4><b>Dahil Edilenler ve Hari\u00e7 Tutulanlar<\/b><\/h4>\n<p>&nbsp;<\/p>\n<p><b>Kapsamalar<\/b><\/p>\n<ol>\n<li>Tour Guide<\/li>\n<li>Catamaran or Boat Trip<\/li>\n<li>T\u00fcm vergiler, har\u00e7lar ve i\u015flem \u00fccretleri<\/li>\n<li>Yerel vergiler<\/li>\n<li>\u0130\u00e7ecekler<\/li>\n<li>Dramamine Tablets (Optional)<\/li>\n<li>Entrace fees to the Santuary. (Bracelet)<\/li>\n<\/ol>\n<p><b>\u0130stisnalar<\/b><\/p>\n<ol>\n<li>Bah\u015fi\u015fler<\/li>\n<li>Transfer Car<\/li>\n<li>Alkoll\u00fc i\u00e7ecekler<\/li>\n<\/ol>\n<p>&nbsp;<\/p>\n<h4><em><strong>Gidi\u015f &amp; D\u00f6n\u00fc\u015f<\/strong><\/em><\/h4>\n<p>The traveler will get a meeting point after the Reservation Process. Tours start and Finish in our meeting points.<\/p>\n<h3>Miches Whales Watching Half Day Experience &#8211; Media Luna (Half-Moon).<\/h3>\n<h4><b><i>Ne bekleyebilece\u011finizi?<\/i><\/b><\/h4>\n<p>&nbsp;<\/p>\n<p><em><strong>Biletlerinizi al\u0131n<\/strong><\/em> for a\u00a0 half day trip\u00a0 Whale Watching\u00a0 tour in Saman\u00e1 bay Starting From Miches.<\/p>\n<p>The whale watching trip half day, organized by \u201cBooking Adventures\u201d starts at the meeting point set with the Tour Guide. This trip visit Media Luna ( Half- Moon).\u00a0 Lunch at the beach is <strong>not<\/strong> incluide in this tour.<\/p>\n<p><strong>What is Media Luna?<\/strong><\/p>\n<p><span style=\"font-weight: 400;\">It is a place where the water level depends on the horizon of the tides or sea currents, which when it is high becomes deeper and when it is low, the flow of the pool decreases. <\/span><span style=\"font-weight: 400;\">Being hidden and being its access by the sea, makes it a magical and virgin place, for those who visit it not wanting to leave. <\/span><span style=\"font-weight: 400;\">Here there are no trees to shelter from the sun, but the water is cold by cradling or rocking trade winds in the area.<\/span><\/p>\n<p><span style=\"font-weight: 400;\">It can be summarized that it is a natural lagoon in the Atlantic Ocean, which owes its name to that observed from above resembles a crescent. <\/span><span style=\"font-weight: 400;\">The locals also call it as Cayo de la Media Luna, formed by coral reefs and white sand, of crystalline water dotted everywhere to break natural waves, which calm its waters. <\/span><span style=\"font-weight: 400;\">When the tide is stable its depth does not exceed three feet, which makes children and adults enjoy this heavenly place of salt water.<\/span><\/p>\n<p>&nbsp;<\/p>\n<p><strong>Timetable:<\/strong><\/p>\n<p>8:45 AM \u2013 12: 30 PM<\/p>\n<p>&nbsp;<\/p>\n<\/div>\n<p>Time can change depents how many whales we see.<\/p>\n<div class=\"wpb_wrapper\">\n<p>&nbsp;<\/p>\n<h4><em><strong>Ne getirmelisiniz?<\/strong><\/em><\/h4>\n<ul>\n<li>kamera<\/li>\n<li>Kovucu tomurcuklar<\/li>\n<li>G\u00fcne\u015f kremi<\/li>\n<li>\u015eapka<\/li>\n<li>Rahat pantolon<\/li>\n<li>Y\u00fczme giysileri<\/li>\n<li>Cash for souvenirs<\/li>\n<\/ul>\n<p>&nbsp;<\/p>\n<h4><b><i>Otelden Alma<\/i><\/b><\/h4>\n<p>Hotel pick-up is not offered for this tour. We Can Set it Via- Whatsapp.<\/p>\n<p>&nbsp;<\/p>\n<p><b>Not:<\/b>\u00a0Tur\/Gezi kalk\u0131\u015f saatinden sonraki 24 saat i\u00e7inde rezervasyon yapt\u0131r\u0131rsan\u0131z, ekstra \u00dccret kar\u015f\u0131l\u0131\u011f\u0131nda otelden al\u0131nmay\u0131 ayarlayabiliriz. Sat\u0131n alma i\u015fleminiz tamamland\u0131\u011f\u0131nda, yerel Tur rehberimizin kar\u015f\u0131lama d\u00fczenlemelerini organize etmesi i\u00e7in size tam ileti\u015fim bilgilerini (telefon numaras\u0131, e-posta adresi vb.) g\u00f6nderece\u011fiz.<\/p>\n<h4><b><i>Ek Bilgi Onay\u0131<\/i><\/b><\/h4>\n<ol>\n<li>Biletler bu Turu \u00f6dedikten sonra al\u0131nan Makbuzdur. \u00d6demeyi telefonunuzda g\u00f6sterebilirsiniz.<\/li>\n<li>Rezervasyon \u0130\u015fleminden Sonra Bulu\u015fma Noktas\u0131na Al\u0131nacakt\u0131r.<\/li>\n<li>\u00c7ocuklara bir yeti\u015fkinin e\u015flik etmesi gerekmektedir.<\/li>\n<li>wheelchair accessible<\/li>\n<li>Bebekler kucakta oturmal\u0131<\/li>\n<li>\u00c7o\u011fu gezgin kat\u0131labilir<\/li>\n<\/ol>\n<h4><b><i>\u0130ptal politikas\u0131<\/i><\/b><\/h4>\n<p>Tam para iadesi i\u00e7in deneyimin ba\u015flang\u0131\u00e7 tarihinden en az 24 saat \u00f6nce iptal edin.<\/p>\n<\/div>\n<\/div>\n<\/div>\n<\/div>\n<\/div>\n<\/div>\n<\/div>\n<\/div>\n<\/div>\n<\/div>\n<\/div>\n<\/div>\n<div class=\"vc_row wpb_row vc_row-fluid\">\n<div class=\"wpb_column vc_column_container vc_col-sm-12\">\n<div class=\"vc_column-inner\">\n<div class=\"wpb_wrapper\">\n<div class=\"vc_empty_space\"><\/div>\n<div class=\"wpb_text_column wpb_content_element\">\n<div class=\"wpb_wrapper\">\n<h4>Bize Ula\u015f\u0131n?<\/h4>\n<h5><b><i>TOUR WHALES SAMANA<\/i><\/b><\/h5>\n<p><em><strong>Yerliler<\/strong>\u00a0Ve\u00a0<strong>Vatanda\u015flar<\/strong>\u00a0Tur Rehberleri ve Misafir Hizmetleri<\/em><\/p>\n<p><span class=\"text-turquoise\">Rezervasyonlar:<\/span>\u00a0Dom. Cum. s\u0131n\u0131rlar\u0131ndaki Turlar ve Geziler<\/p>\n<p><img decoding=\"async\" class=\"emoji\" draggable=\"false\" src=\"https:\/\/s.w.org\/images\/core\/emoji\/11.2.0\/svg\/1f4de.svg\" alt=\"\ud83d\udcde\" title=\"\">\u00a0Tel\/Whatsapp\u00a0\u00a0<a href=\"tel:+1-809-720-6035\">+1-809-720-6035<\/a>.<\/p>\n<p><img decoding=\"async\" class=\"emoji\" draggable=\"false\" src=\"https:\/\/s.w.org\/images\/core\/emoji\/11.2.0\/svg\/1f4e9.svg\" alt=\"\ud83d\udce9\" title=\"\">\u00a0<a href=\"mailto:info@bookingadventures.com.do\">info@bookingadventures.com.do<\/a><\/p>\n<p><strong>Whatsapp ile \u00d6zel Turlar\u0131 Esnek Ayarl\u0131yoruz:\u00a0<a href=\"tel:+18097206035\">+18097206035.<\/a><\/strong><\/p>\n<\/div>\n<\/div>\n<\/div>\n<\/div>\n<\/div>\n<\/div>\n\n\t\t<\/div>\n\t<\/div>\n<\/div><\/div><\/div><\/div>","protected":false},"excerpt":{"rendered":"<p>Half-Day Whale Watching Samana Bay, Dominican Republic. Whale Watching from Miches port in a comfortable Catamaran Or Boat. Book in the Morning after breakfast for visiting Media Luna (Half Moon) and Whale watching. Book Now this excursion in Samana bay for a Good whale watching and sea start trip experience.<\/p>\n<p>Please Select the date for The Excursion:<\/p>","protected":false},"featured_media":440,"template":"","meta":[],"product_brand":[],"product_cat":[344,124,232],"product_tag":[345,346,113,269,201,147,271,234,235,236,337,338,238],"class_list":{"0":"post-155","1":"product","2":"type-product","3":"status-publish","4":"has-post-thumbnail","6":"product_cat-miches-whale-watching-and-media-luna","7":"product_cat-tours-excursions-samana-bay-dominican-republic","8":"product_cat-whale-watching-samana","9":"product_tag-half-day-whale-watching-miches","10":"product_tag-media-luna-miches","11":"product_tag-miches","12":"product_tag-miches-whale-watching","13":"product_tag-private-tours-samana","14":"product_tag-samana-bay","15":"product_tag-samana-whale-watching","16":"product_tag-whale-samana","17":"product_tag-whale-tours","18":"product_tag-whale-watching-dominican-republic","19":"product_tag-whale-watching-las-galeras","20":"product_tag-whale-watching-las-terrenas","21":"product_tag-whale-watching-samana","23":"first","24":"onbackorder","25":"sale","26":"virtual","27":"sold-individually","28":"purchasable","29":"product-type-simple"},"_links":{"self":[{"href":"https:\/\/haitises.com\/tr\/wp-json\/wp\/v2\/product\/155","targetHints":{"allow":["GET"]}}],"collection":[{"href":"https:\/\/haitises.com\/tr\/wp-json\/wp\/v2\/product"}],"about":[{"href":"https:\/\/haitises.com\/tr\/wp-json\/wp\/v2\/types\/product"}],"wp:featuredmedia":[{"embeddable":true,"href":"https:\/\/haitises.com\/tr\/wp-json\/wp\/v2\/media\/440"}],"wp:attachment":[{"href":"https:\/\/haitises.com\/tr\/wp-json\/wp\/v2\/media?parent=155"}],"wp:term":[{"taxonomy":"product_brand","embeddable":true,"href":"https:\/\/haitises.com\/tr\/wp-json\/wp\/v2\/product_brand?post=155"},{"taxonomy":"product_cat","embeddable":true,"href":"https:\/\/haitises.com\/tr\/wp-json\/wp\/v2\/product_cat?post=155"},{"taxonomy":"product_tag","embeddable":true,"href":"https:\/\/haitises.com\/tr\/wp-json\/wp\/v2\/product_tag?post=155"}],"curies":[{"name":"wp","href":"https:\/\/api.w.org\/{rel}","templated":true}]}}