{"id":128,"date":"2020-06-14T11:57:48","date_gmt":"2020-06-14T11:57:48","guid":{"rendered":"http:\/\/haitises.com\/product\/import-placeholder-for-9373\/"},"modified":"2024-04-22T15:59:45","modified_gmt":"2024-04-22T15:59:45","slug":"rincon-rincon-plaji-rincon-plaji-fronton-plaji-madame-plaji-samana-plaji-domi\u0307ni\u0307k-cumhuri\u0307yeti\u0307","status":"publish","type":"product","link":"https:\/\/haitises.com\/tr\/ozel\/rincon-rincon-plaji-rincon-plaji-fronton-plaji-madame-plaji-samana-plaji-domi\u0307ni\u0307k-cumhuri\u0307yeti\u0307\/","title":{"rendered":"Playa Rinc\u00f3n (Rincon Plaj\u0131), Playa Fronton + Playa Madame Plaj\u0131, Saman\u00e1 - Dominik Cumhuriyeti."},"content":{"rendered":"<div class=\"vc_row wpb_row vc_row-fluid\" ><div class=\"wpb_column vc_column_container vc_col-sm-12\"><div class=\"vc_column-inner\"><div class=\"wpb_wrapper\">[mkdf_section_title title_tag=\u00bb\u00bb disable_break_words=\u00bbno\u00bb subtitle_tag=\u00bb\u00bb title=\u00bbPlaya Rinc\u00f3n, Playa Fronton + Playa Madame Beach, Saman\u00e1 &#8211; Dominican Republic.\u00bb subtitle=\u00bbLunch, Boat Ride and Private Transportation From Hotels.\u00bb]\n\t<div class=\"wpb_text_column wpb_content_element\" >\n\t\t<div class=\"wpb_wrapper\">\n\t\t\t<h3>Playa Rinc\u00f3n, Playa Fronton + Playa Madame Plaj\u0131, Saman\u00e1 - Dominik Cumhuriyeti. Samana g\u00fcn\u00fcbirlik gezi.<\/h3>\n<h4><b><i>Genel Bak\u0131\u015f <\/i><\/b><\/h4>\n<p>Gezi, sizi Samana b\u00f6lgesindeki otelinizden veya airbnb'den alarak ba\u015flar. Bizimle birlikte b\u00f6lgenin 3 gizli ve vah\u015fi plaj\u0131n\u0131 ke\u015ffedin El Rincon plaj\u0131, Playa madame ve Playa Fronton . Saman\u00e1 yar\u0131madas\u0131ndaki en g\u00fczel gezilerden biri. \u015enorkelle y\u00fczebilece\u011finiz, bal\u0131klarla y\u00fczebilece\u011finiz ve mercanlar\u0131n\u0131 ke\u015ffedebilece\u011finiz, dinlenebilece\u011finiz ve muhte\u015fem manzaran\u0131n tad\u0131n\u0131 \u00e7\u0131karabilece\u011finiz bir mercan resifiyle \u00e7evrili, sadece tekneyle ula\u015f\u0131labilen bir plaj olan Playa Fronton'un e\u015fsiz atmosferine girin. Dinlenmek, y\u00fczmek ve ard\u0131ndan \u015fnorkelle y\u00fczmek i\u00e7in m\u00fckemmel olan ba\u015fka ve izole bir plaj olan Playa Madame'a hareket, burada ayr\u0131ca bir ma\u011faray\u0131 ziyaret edebilir ve harika an\u0131lar i\u00e7in harika videolar veya Foto\u011fraflar \u00e7ekebilirsiniz.<\/p>\n<p>You will have lunch with your toes in the sand to the sound of Merengue and Bachata at \u00abEl Paraiso\u00bb &#8211; The last restaurant before the jungle &#8211; where you will be served a complete meal including a fish dish, accompanied by local drinks and cocktails. On the way back we will stop at El Rincon Beach, here you will find a natural pearl that is considered one of the most beautiful beaches in the country. The white, fine sand, the turquoise sea and the meter-high palm trees speak for themselves.<\/p>\n<p>&nbsp;<\/p>\n<ul>\n<li><span style=\"font-weight: 400;\">B\u00f6lgede G\u00fcvenlik deneyimine sahip Yerel Rehber.<\/span><\/li>\n<li>\u015enorkel<\/li>\n<li>\u00d6zel Ta\u015f\u0131mac\u0131l\u0131k<\/li>\n<li style=\"font-weight: 400;\">\u00dccretler dahil<\/li>\n<li>Sahilde \u00d6\u011fle Yeme\u011fi<\/li>\n<li>Tekne gezintisi<\/li>\n<li style=\"font-weight: 400;\">\u0130spanyolca, \u0130ngilizce veya Frans\u0131zca Yerel Tur Rehberi.<\/li>\n<li>Do\u011fa y\u00fcr\u00fcy\u00fc\u015f\u00fc<\/li>\n<\/ul>\n<p>&nbsp;<\/p>\n<h4><b>Dahil Edilenler ve Hari\u00e7 Tutulanlar<\/b><\/h4>\n<p>&nbsp;<\/p>\n<p><b>Kapsamalar<\/b><\/p>\n<ol>\n<li><span style=\"font-weight: 400;\">B\u00f6lgede G\u00fcvenlik deneyimine sahip Yerel Rehber.<\/span><\/li>\n<li>K\u00fc\u00e7\u00fck gruplar i\u00e7in \u00f6zel ula\u015f\u0131m<\/li>\n<li>\u015enorkel<\/li>\n<li style=\"font-weight: 400;\">El Rincon Plaj\u0131<\/li>\n<li>Madam Beach<\/li>\n<li>Fronton Plaj\u0131<\/li>\n<li style=\"font-weight: 400;\"><span style=\"font-weight: 400;\">T\u00fcm vergiler, har\u00e7lar ve i\u015flem \u00fccretleri<\/span><\/li>\n<li style=\"font-weight: 400;\"><span style=\"font-weight: 400;\">Yerel vergiler<\/span><\/li>\n<li>Sahilde \u00d6\u011fle Yeme\u011fi<\/li>\n<li>Do\u011fa y\u00fcr\u00fcy\u00fc\u015f\u00fc<\/li>\n<li style=\"font-weight: 400;\"><span style=\"font-weight: 400;\">T\u00fcm faaliyetler<\/span><\/li>\n<\/ol>\n<p><b> \u0130stisnalar<\/b><\/p>\n<ol>\n<li style=\"font-weight: 400;\"><span style=\"font-weight: 400;\">Bah\u015fi\u015fler<\/span><\/li>\n<\/ol>\n<h4><em><strong>Gidi\u015f &amp; D\u00f6n\u00fc\u015f<\/strong><\/em><\/h4>\n<p><span style=\"font-weight: 400;\">Yolcu, Rezervasyon \u0130\u015fleminden sonra bir bulu\u015fma noktas\u0131 alacakt\u0131r. Turlar bulu\u015fma noktalar\u0131n\u0131zda ba\u015flar ve biter.<\/span><\/p>\n<h3>Playa Rinc\u00f3n, Playa Fronton + Playa Madame Plaj\u0131, Saman\u00e1 - Dominik Cumhuriyeti. Samana g\u00fcn\u00fcbirlik gezi.<\/h3>\n<h4><b><i>Ne bekleyebilece\u011finizi?<\/i><\/b><\/h4>\n<p><em><strong>Biletlerinizi al\u0131n<\/strong><\/em> Samana'daki Boca del diablo ve Fronton Plaj\u0131'n\u0131 ziyaret etmek i\u00e7in. G\u00fcn\u00fcbirlik Gezi. Samana oteller b\u00f6lgesinden ba\u015flayarak Dominik Cumhuriyeti \u00e7evresindeki en e\u015fsiz 3 plaj\u0131 ziyaret edin.  Playa Rinc\u00f3n, sahilin geli\u015fmemi\u015f bir b\u00f6l\u00fcm\u00fc boyunca yakla\u015f\u0131k 2,5 mil (4 kilometre) boyunca uzanan bozulmam\u0131\u015f bir beyaz kum \u015ferididir. Hindistan cevizi palmiyelerinden olu\u015fan bir s\u0131n\u0131rla \u00e7evrili ve her iki ucu da da\u011f ve u\u00e7urum tepeleriyle \u00e7evrili olan bu tenha plaj, medeniyetten kopuk ger\u00e7ek bir \u00fctopya hissi vermektedir.<\/p>\n<p>El Rincon plaj\u0131ndan sonra Madame'\u0131 ziyaret edece\u011fiz, Bu plaj bir \u015enorkel turunda (Playa Fronton dahil, a\u015fa\u011f\u0131ya bak\u0131n\u0131z) ortak bir ilk durakt\u0131r ve sadece tekne veya at ile eri\u015filebilir. Manzara dramatik olsa da, yak\u0131ndaki ma\u011faralar\u0131 kontrol etmeyi ve kayal\u0131klarda y\u00fcr\u00fcy\u00fc\u015f yapmay\u0131 \u00e7ok sevdik.<\/p>\n<p>Gezimizdeki son se\u00e7enek Fronton Plaj\u0131. Burada su s\u00fcper berrak, mavinin g\u00fczel bir tonu ve \u00e7evredeki mercan resifi plaj\u0131n y\u00fczmek i\u00e7in \u00e7ok g\u00fcvenli olmas\u0131n\u0131 sa\u011fl\u0131yor.<\/p>\n<p>&nbsp;<\/p>\n<p>The tour, organized by \u00abBooking Adventures\u00bb starts at the meeting point set with our Tour Guide. Come with Booking Adventures and have lunch at the beach and enyoy the 3 most amazing beaches in Samana, Dominican Republic.<\/p>\n<div class=\"body-description secondary\">\n<p>&nbsp;<\/p>\n<\/div>\n<h4><em><strong>Ne getirmelisiniz?<\/strong><\/em><\/h4>\n<ul>\n<li style=\"font-weight: 400;\"><span style=\"font-weight: 400;\">kamera<\/span><\/li>\n<li style=\"font-weight: 400;\"><span style=\"font-weight: 400;\">Kovucu tomurcuklar<\/span><\/li>\n<li style=\"font-weight: 400;\"><span style=\"font-weight: 400;\">G\u00fcne\u015f Kremi<\/span><\/li>\n<li>Su<\/li>\n<li style=\"font-weight: 400;\"><span style=\"font-weight: 400;\">\u015eapka<\/span><\/li>\n<li style=\"font-weight: 400;\"><span style=\"font-weight: 400;\">Rahat pantolon<\/span><\/li>\n<li style=\"font-weight: 400;\"><span style=\"font-weight: 400;\">Orman i\u00e7in y\u00fcr\u00fcy\u00fc\u015f ayakkab\u0131s\u0131<\/span><\/li>\n<li style=\"font-weight: 400;\"><span style=\"font-weight: 400;\">Bahar b\u00f6lgelerine sandaletler.<\/span><\/li>\n<li style=\"font-weight: 400;\"><span style=\"font-weight: 400;\">Y\u00fczme giysileri<\/span><\/li>\n<\/ul>\n<p>&nbsp;<\/p>\n<h4><b><i>Otelden Alma <\/i><\/b><\/h4>\n<p><span style=\"font-weight: 400;\">Bu tur i\u00e7in otelden alma hizmeti sunulmaktad\u0131r. <\/span><\/p>\n<p>&nbsp;<\/p>\n<p><b>Not:<\/b><span style=\"font-weight: 400;\"> Tur \/ Gezi kalk\u0131\u015f saatinden sonraki 24 saat i\u00e7inde rezervasyon yap\u0131yorsan\u0131z, otelden alma ayarlayabiliriz. Biz sadece Samana b\u00f6lgesinden al\u0131yoruz. Sat\u0131n alma i\u015fleminiz tamamland\u0131ktan sonra, yerel Tur rehberimizin teslim alma d\u00fczenlemelerini organize etmesi i\u00e7in size eksiksiz ileti\u015fim bilgilerini (telefon numaras\u0131, e-posta adresi vb.) G\u00f6nderece\u011fiz.<\/span><\/p>\n<h4><b><i>Ek Bilgi Onay\u0131 <\/i><\/b><\/h4>\n<ol>\n<li>Biletler bu Turu \u00f6dedikten sonra al\u0131nan Makbuzdur. \u00d6demeyi telefonunuzda g\u00f6sterebilirsiniz.<\/li>\n<li style=\"font-weight: 400;\"><span style=\"font-weight: 400;\">Rezervasyon \u0130\u015fleminden Sonra Bulu\u015fma Noktas\u0131na Al\u0131nacakt\u0131r.<\/span><\/li>\n<li style=\"font-weight: 400;\"><span style=\"font-weight: 400;\">\u00c7ocuklara bir yeti\u015fkinin e\u015flik etmesi gerekmektedir.<\/span><\/li>\n<li style=\"font-weight: 400;\"><span style=\"font-weight: 400;\"> Tekerlekli sandalye eri\u015fimine uygun de\u011fil <\/span><\/li>\n<li style=\"font-weight: 400;\"><span style=\"font-weight: 400;\">Bebekler kucakta oturmal\u0131 <\/span><\/li>\n<li style=\"font-weight: 400;\"><span style=\"font-weight: 400;\">S\u0131rt sorunu olan gezginler i\u00e7in \u00f6nerilmez<\/span><\/li>\n<li style=\"font-weight: 400;\"><span style=\"font-weight: 400;\">Hamile gezginler i\u00e7in \u00f6nerilmez <\/span><\/li>\n<li style=\"font-weight: 400;\"><span style=\"font-weight: 400;\"> Kalp problemi veya ba\u015fka ciddi t\u0131bbi durum yok <\/span><\/li>\n<li style=\"font-weight: 400;\"><span style=\"font-weight: 400;\">\u00c7o\u011fu gezgin kat\u0131labilir<\/span><\/li>\n<\/ol>\n<h4><b><i>\u0130ptal politikas\u0131<\/i><\/b><\/h4>\n<p><span style=\"font-weight: 400;\">Tam geri \u00f6deme i\u00e7in, deneyimin ba\u015flang\u0131\u00e7 tarihinden en az 24 saat \u00f6nce iptal edin. Rezervasyonun seyahatle ayn\u0131 g\u00fcn iptal edilmesi durumunda fonlar kaybedilecektir.<\/span><\/p>\n\n\t\t<\/div>\n\t<\/div>\n<\/div><\/div><\/div><\/div><div class=\"vc_row wpb_row vc_row-fluid\" ><div class=\"wpb_column vc_column_container vc_col-sm-12\"><div class=\"vc_column-inner\"><div class=\"wpb_wrapper\">\n\t<div class=\"wpb_video_widget wpb_content_element vc_clearfix   vc_video-aspect-ratio-169 vc_video-el-width-100 vc_video-align-left\" >\n\t\t<div class=\"wpb_wrapper\">\n\t\t\t<h2 class=\"wpb_heading wpb_video_heading\">Boca del diablo ve Fronton plaj\u0131<\/h2>\n\t\t\t<div class=\"wpb_video_wrapper\"><iframe loading=\"lazy\" title=\"Saman\u00e1 Yar\u0131madas\u0131, Dominik Cumhuriyeti (DJI Phantom 4 4K)\" width=\"1100\" height=\"619\" src=\"https:\/\/www.youtube.com\/embed\/DYDXVm8Q_iM?feature=oembed\" frameborder=\"0\" allow=\"accelerometer; autoplay; encrypted-media; gyroscope; picture-in-picture\" allowfullscreen><\/iframe><\/div>\n\t\t<\/div>\n\t<\/div>\n<\/div><\/div><\/div><\/div><div class=\"vc_row wpb_row vc_row-fluid\" ><div class=\"wpb_column vc_column_container vc_col-sm-12\"><div class=\"vc_column-inner\"><div class=\"wpb_wrapper\"><div class=\"vc_empty_space\"   style=\"height: 32px\"><span class=\"vc_empty_space_inner\"><\/span><\/div>\n\t<div class=\"wpb_text_column wpb_content_element\" >\n\t\t<div class=\"wpb_wrapper\">\n\t\t\t<h4>Bize Ula\u015f\u0131n?<\/h4>\n<h5>Rezervasyon Maceralar\u0131<\/h5>\n<p><em><strong>Yerliler<\/strong>\u00a0Ve\u00a0<strong>Vatanda\u015flar<\/strong>\u00a0Tur Rehberleri ve Misafir Hizmetleri<\/em><\/p>\n<p><span class=\"text-turquoise\">Rezervasyonlar:<\/span>\u00a0Dom. Cum. s\u0131n\u0131rlar\u0131ndaki Turlar ve Geziler<\/p>\n<p><img decoding=\"async\" class=\"emoji\" draggable=\"false\" src=\"https:\/\/s.w.org\/images\/core\/emoji\/11.2.0\/svg\/1f4de.svg\" alt=\"\ud83d\udcde\" title=\"\">\u00a0Tel\/Whatsapp\u00a0\u00a0<a href=\"tel:+1-809-720-6035\">+1-809-720-6035<\/a>.<\/p>\n<p><img decoding=\"async\" class=\"emoji\" draggable=\"false\" src=\"https:\/\/s.w.org\/images\/core\/emoji\/11.2.0\/svg\/1f4e9.svg\" alt=\"\ud83d\udce9\" title=\"\">\u00a0<a href=\"mailto:info@bookingadventures.com.do\">info@bookingadventures.com.do<\/a><\/p>\n<p><strong>Whatsapp ile \u00d6zel Turlar\u0131 Esnek Ayarl\u0131yoruz:\u00a0<a href=\"tel:+18097206035\">+18097206035.<\/a><\/strong><\/p>\n\n\t\t<\/div>\n\t<\/div>\n<div class=\"vc_empty_space\"   style=\"height: 32px\"><span class=\"vc_empty_space_inner\"><\/span><\/div><\/div><\/div><\/div><\/div>","protected":false},"excerpt":{"rendered":"<p>Gezi, Samana b\u00f6lgesindeki otelinizden veya Airbnb'nizden sizi alarak ba\u015flar. Bizimle birlikte b\u00f6lgenin 3 gizli ve vah\u015fi plaj\u0131n\u0131 ke\u015ffedin El Rincon plaj\u0131, Playa madame ve Playa Fronton. Saman\u00e1 yar\u0131madas\u0131ndaki en g\u00fczel gezilerden biri. \u00c7evresinde \u015fnorkelle y\u00fczebilece\u011finiz, bal\u0131klarla y\u00fczebilece\u011finiz ve mercanlar\u0131n\u0131 ke\u015ffedebilece\u011finiz bir mercan kayal\u0131\u011f\u0131yla \u00e7evrili, sadece tekneyle ula\u015f\u0131labilen bir plaj olan Playa Fronton'un e\u015fsiz atmosferine girin ve rahatlay\u0131n ve muhte\u015fem manzaran\u0131n tad\u0131n\u0131 \u00e7\u0131kar\u0131n. Rahatlama, y\u00fczme ve ard\u0131ndan \u015fnorkelle y\u00fczmek i\u00e7in ba\u015fka ve izole edilmi\u015f m\u00fckemmel bir plaj olan Playa Madame'a hareket, burada bir ma\u011faray\u0131 ziyaret edebilir ve harika an\u0131lar i\u00e7in harika videolar veya Foto\u011fraflar \u00e7ekebilirsiniz.<\/p>\n<p>&nbsp;<\/p>\n<p><strong>L\u00fctfen Tur i\u00e7in tarih se\u00e7iniz:\u00a0<\/strong><\/p>","protected":false},"featured_media":414,"template":"","meta":[],"product_brand":[],"product_cat":[98,135,124],"product_tag":[329,330,331,332,333,201,334,270,148,143],"class_list":{"0":"post-128","1":"product","2":"type-product","3":"status-publish","4":"has-post-thumbnail","6":"product_cat-local-tour-guides","7":"product_cat-lunch","8":"product_cat-tours-excursions-samana-bay-dominican-republic","9":"product_tag-fronton-beach","10":"product_tag-madame-beach","11":"product_tag-playa-fronton-playa-madame-beach","12":"product_tag-playa-rincon","13":"product_tag-playa-rincon-tours","14":"product_tag-private-tours-samana","15":"product_tag-rincon-beach-tour","16":"product_tag-samana-dominican-republic","17":"product_tag-samana-excursions","18":"product_tag-samana-tours","20":"first","21":"instock","22":"sale","23":"sold-individually","24":"shipping-taxable","25":"product-type-external"},"_links":{"self":[{"href":"https:\/\/haitises.com\/tr\/wp-json\/wp\/v2\/product\/128","targetHints":{"allow":["GET"]}}],"collection":[{"href":"https:\/\/haitises.com\/tr\/wp-json\/wp\/v2\/product"}],"about":[{"href":"https:\/\/haitises.com\/tr\/wp-json\/wp\/v2\/types\/product"}],"wp:featuredmedia":[{"embeddable":true,"href":"https:\/\/haitises.com\/tr\/wp-json\/wp\/v2\/media\/414"}],"wp:attachment":[{"href":"https:\/\/haitises.com\/tr\/wp-json\/wp\/v2\/media?parent=128"}],"wp:term":[{"taxonomy":"product_brand","embeddable":true,"href":"https:\/\/haitises.com\/tr\/wp-json\/wp\/v2\/product_brand?post=128"},{"taxonomy":"product_cat","embeddable":true,"href":"https:\/\/haitises.com\/tr\/wp-json\/wp\/v2\/product_cat?post=128"},{"taxonomy":"product_tag","embeddable":true,"href":"https:\/\/haitises.com\/tr\/wp-json\/wp\/v2\/product_tag?post=128"}],"curies":[{"name":"wp","href":"https:\/\/api.w.org\/{rel}","templated":true}]}}