{"id":11702,"date":"2023-10-04T07:40:35","date_gmt":"2023-10-04T07:40:35","guid":{"rendered":"http:\/\/haitises.com\/?post_type=product&#038;p=11702"},"modified":"2024-03-28T15:26:25","modified_gmt":"2024-03-28T15:26:25","slug":"gezi-balina-izleme-samana-bay-cayo-levantado-dan-porto-plata-ozel-ulasim","status":"publish","type":"product","link":"https:\/\/haitises.com\/tr\/ozel\/gezi-balina-izleme-samana-bay-cayo-levantado-dan-porto-plata-ozel-ulasim\/","title":{"rendered":"Excursion Whale Watching Saman\u00e1 bay + Cayo Levantado  from Puerto Plata (Private Transportation)"},"content":{"rendered":"<div class=\"vc_row wpb_row vc_row-fluid\" ><\/div><div class=\"wpb_column vc_column_container vc_col-sm-12\"><div class=\"vc_column-inner\"><div class=\"wpb_wrapper\"><\/div><\/div><\/div>\n\t<div class=\"wpb_text_column wpb_content_element\" >\n\t\t<div class=\"wpb_wrapper\">\n\t\t\t\n\t\t<\/div>\n\t<\/div>\n<div class=\"vc_row wpb_row vc_row-fluid\">\n<div class=\"wpb_column vc_column_container vc_col-sm-12\">\n<div class=\"vc_column-inner\">\n<div class=\"wpb_wrapper\">\n<div class=\"wpb_text_column wpb_content_element\">\n<div class=\"wpb_wrapper\">\n<h3>Excursion Whale Watching Samana bay + Cayo Levantado from Puerto Plata (Private Transportation)<\/h3>\n<p>Starting from Puerto Plata, Sosua or Cabarete. We pick you up at your place and drive to Saman\u00e1 Bay. This Trip starts at Saman\u00e1 port at 9:00 Am and Finishes at 5:00 Pm but we can be flexible with the time to bring you back to your place.<\/p>\n<p>After aborting our Catamaran or Boat to visit the Whales in their own habitat. From 9:00 Am until 12:00-noon Whale observatory and After this Whale watching trip we will visit Bacardi Island \/ Cayo Levantado. In Bacardi Island, Lunch Buffet from typical Dominican Style will be provided. When lunch is finished you are allowed to swim until 4:30 pm. Tour will be finished at the same port from where will start at 5:00 pm.<\/p>\n<p><em><strong>Note: This tour is Not Private.\u00a0 Just Private transportation from Puerto Plata. For Private boat tour please contact us.<\/strong><\/em><\/p>\n<ul>\n<li>Whale Watching trip<\/li>\n<li>Pick up from Puerto Plata areas.<\/li>\n<li>Entrance fees to Observatory<\/li>\n<li>Includes Buffet lunch on the beach<\/li>\n<li>Boat Transfer<\/li>\n<li>The Captain provides instruction and Supervision<\/li>\n<li>Tour Guide<\/li>\n<\/ul>\n<p>&nbsp;<\/p>\n<h4><b>Dahil Edilenler ve Hari\u00e7 Tutulanlar<\/b><\/h4>\n<p>&nbsp;<\/p>\n<p><b>Kapsamalar<\/b><\/p>\n<p>&nbsp;<\/p>\n<ol>\n<li>Sahilde a\u00e7\u0131k b\u00fcfe \u00f6\u011fle yeme\u011fi<\/li>\n<li>Transfer Car<\/li>\n<li>Tour Guide at the Whale Watching trip<\/li>\n<li>Catamaran or Boat Trip<\/li>\n<li>T\u00fcm vergiler, har\u00e7lar ve i\u015flem \u00fccretleri<\/li>\n<li>Yerel vergiler<\/li>\n<li>\u0130\u00e7ecekler<\/li>\n<\/ol>\n<p><b>\u0130stisnalar<\/b><\/p>\n<ol>\n<li>Bah\u015fi\u015fler<\/li>\n<li>Alkoll\u00fc i\u00e7ecekler<\/li>\n<\/ol>\n<p>&nbsp;<\/p>\n<h4><em><strong>Gidi\u015f &amp; D\u00f6n\u00fc\u015f<\/strong><\/em><\/h4>\n<p>The traveler will get a meeting point time after the Reservation Process. Tours start and Finished in our meeting points.<\/p>\n<p>&nbsp;<\/p>\n<h4><b><i>Ne bekleyebilece\u011finizi?<\/i><\/b><\/h4>\n<p>&nbsp;<\/p>\n<p><em><strong>Biletlerinizi al\u0131n<\/strong><\/em> for a day Whale Watching tour in Samana bay starting from Sosua, Cabarete or any area in Puerto Plata. avoid transportation with big groups and enjoy a wonderful lunch and beach time.<\/p>\n<p>The Daypass for whale watching from Puerto Plata is organized by \u201cBooking Adventures\u201d starts at the meeting point set with the by whatsapp or mail. Lunch at the beach and you can stay as long as you want swimming around. If you are Vegan we also can set some food for you.<\/p>\n<p><strong>Timetable:<\/strong><\/p>\n<p>5:45 AM \u2013 4:00 PM time may change according to your needs.<\/p>\n<p>&nbsp;<\/p>\n<h4><em><strong>Ne getirmelisiniz?<\/strong><\/em><\/h4>\n<ul>\n<li>kamera<\/li>\n<li>Kovucu tomurcuklar<\/li>\n<li>G\u00fcne\u015f kremi<\/li>\n<li>\u015eapka<\/li>\n<li>Rahat pantolon<\/li>\n<li>Sandaletlerle sahile<\/li>\n<li>Y\u00fczme giysileri<\/li>\n<li>Cash for souvenirs<\/li>\n<\/ul>\n<p>&nbsp;<\/p>\n<h4><b><i>Otelden Alma<\/i><\/b><\/h4>\n<p>Bu tur i\u00e7in otelden alma hizmeti sunulmaktad\u0131r.<\/p>\n<p>&nbsp;<\/p>\n<p><b>Not:<\/b> if you are booking within 24 hours of the tour\/Excursion departure time, we will make arrangements for hotel pick-up. Once your purchase is complete, we will send you complete contact information (phone number, email address, etc.) for our local Tour guide to organize pick-up arrangements.<\/p>\n<h4><b><i>Ek Bilgi Onay\u0131<\/i><\/b><\/h4>\n<ol>\n<li>Biletler bu Turu \u00f6dedikten sonra al\u0131nan Makbuzdur. \u00d6demeyi telefonunuzda g\u00f6sterebilirsiniz.<\/li>\n<li>Rezervasyon \u0130\u015fleminden Sonra Bulu\u015fma Noktas\u0131na Al\u0131nacakt\u0131r.<\/li>\n<li>\u00c7ocuklara bir yeti\u015fkinin e\u015flik etmesi gerekmektedir.<\/li>\n<li>wheelchair accessible<\/li>\n<li>Bebekler kucakta oturmal\u0131<\/li>\n<li>\u00c7o\u011fu gezgin kat\u0131labilir<\/li>\n<\/ol>\n<h4><b><i>\u0130ptal politikas\u0131<\/i><\/b><\/h4>\n<p>Tam para iadesi i\u00e7in deneyimin ba\u015flang\u0131\u00e7 tarihinden en az 24 saat \u00f6nce iptal edin.<\/p>\n<\/div>\n<\/div>\n<\/div>\n<\/div>\n<\/div>\n<\/div>\n<div class=\"vc_row wpb_row vc_row-fluid\">\n<div class=\"wpb_column vc_column_container vc_col-sm-12\">\n<div class=\"vc_column-inner\">\n<div class=\"wpb_wrapper\">\n<div class=\"wpb_text_column wpb_content_element\">\n<div class=\"wpb_wrapper\">\n<h4>Bize Ula\u015f\u0131n?<\/h4>\n<h5><b><i>TOUR WHALES SAMANA<\/i><\/b><\/h5>\n<p><em><strong>Yerliler<\/strong>\u00a0Ve\u00a0<strong>Vatanda\u015flar<\/strong>\u00a0Tur Rehberleri ve Misafir Hizmetleri<\/em><\/p>\n<p><span class=\"text-turquoise\"><span style=\"vertical-align: inherit;\"><span style=\"vertical-align: inherit;\">Reservas:<\/span><\/span><\/span><span style=\"vertical-align: inherit;\"><span style=\"vertical-align: inherit;\"> \u00a0Tours y Excursiones en Dom. <\/span><span style=\"vertical-align: inherit;\">Reps.<\/span><\/span><\/p>\n<p><img decoding=\"async\" class=\"emoji\" draggable=\"false\" src=\"https:\/\/s.w.org\/images\/core\/emoji\/11.2.0\/svg\/1f4de.svg\" alt=\"\ud83d\udcde\" title=\"\"><span style=\"vertical-align: inherit;\"><span style=\"vertical-align: inherit;\">\u00a0Tel\/Whatsapp\u00a0\u00a0 <\/span><\/span><a href=\"tel:+1-809-720-6035\"><span style=\"vertical-align: inherit;\"><span style=\"vertical-align: inherit;\">+ 1-809-720-6035<\/span><\/span><\/a><span style=\"vertical-align: inherit;\"><span style=\"vertical-align: inherit;\"> .<\/span><\/span><\/p>\n<p><img decoding=\"async\" class=\"emoji\" draggable=\"false\" src=\"https:\/\/s.w.org\/images\/core\/emoji\/11.2.0\/svg\/1f4e9.svg\" alt=\"\ud83d\udce9\" title=\"\">\u00a0<a href=\"mailto:info@bookingadventures.com.do\"><span style=\"vertical-align: inherit;\"><span style=\"vertical-align: inherit;\">info@bookingadventures.com.do<\/span><\/span><\/a><\/p>\n<p><strong><span style=\"vertical-align: inherit;\"><span style=\"vertical-align: inherit;\">Somos tours privados de configuraci\u00f3n flexible por Whatsapp:\u00a0 <\/span><\/span><a href=\"tel:+18097206035\"><span style=\"vertical-align: inherit;\"><span style=\"vertical-align: inherit;\">+18097206035.<\/span><\/span><\/a><\/strong><\/p>\n<\/div>\n<\/div>\n<\/div>\n<\/div>\n<\/div>\n<\/div>\n<p><span style=\"vertical-align: inherit;\"><span style=\"vertical-align: inherit;\">[\/ vc_column_text] [\/ vc_column] [\/ vc_row]<\/span><\/span><\/p>","protected":false},"excerpt":{"rendered":"<p><span style=\"vertical-align: inherit;\"><span style=\"vertical-align: inherit;\">Desde Puerto Plata, Sosua o Cabarete hasta el puerto de la bah\u00eda de Saman\u00e1. <\/span><span style=\"vertical-align: inherit;\">Con Gu\u00edas Tur\u00edsticos Profesionales Naturalistas en Avistamiento de Ballenas. <\/span><span style=\"vertical-align: inherit;\">Si desea ponerse en contacto con nosotros para recibir asesoramiento, env\u00ede un correo electr\u00f3nico, Whatsapp o Llamadas disponibles.<\/span><\/span><\/p>\n<p><span style=\"vertical-align: inherit;\"><span style=\"vertical-align: inherit;\">Por favor reserve sus boletos con tiempo. <\/span><span style=\"vertical-align: inherit;\">En la temporada de ballenas hay muchas reservas y nos gustar\u00eda tener sus entradas a salvo para usted. <\/span><span style=\"vertical-align: inherit;\">Establecer lugar para recoger y tiempo con nosotros.<\/span><\/span><\/p>\n<p><em><strong><span style=\"vertical-align: inherit;\"><span style=\"vertical-align: inherit;\">Seleccione la fecha de la excursi\u00f3n:<\/span><\/span><\/strong><\/em><\/p>","protected":false},"featured_media":11739,"template":"","meta":[],"product_brand":[],"product_cat":[584,571,492,493,494,495,496,497,485,498,499],"product_tag":[142,488,489,393,490,234,236,491],"class_list":{"0":"post-11702","1":"product","2":"type-product","3":"status-publish","4":"has-post-thumbnail","6":"product_cat-1-puerto-plata","7":"product_cat-1-samana","8":"product_cat-puerto-plata-2021","9":"product_cat-tours-excursions","10":"product_cat-tours-excursions-whale-watching-samana-bay-dominican-republic","11":"product_cat-whale-miches","12":"product_cat-whale-sabana-de-la-mar","13":"product_cat-whale-samana","14":"product_cat-whale-watching","15":"product_cat-whale-watching-puerto-plata","16":"product_cat-whale-watching-punta-cana","17":"product_tag-samana","18":"product_tag-samana-tour","19":"product_tag-whale","20":"product_tag-whale-punta-cana","21":"product_tag-whale-sabana-de-la-mar","22":"product_tag-whale-samana","23":"product_tag-whale-watching-dominican-republic","24":"product_tag-whales-trips","26":"first","27":"instock","28":"sale","29":"shipping-taxable","30":"product-type-external"},"_links":{"self":[{"href":"https:\/\/haitises.com\/tr\/wp-json\/wp\/v2\/product\/11702","targetHints":{"allow":["GET"]}}],"collection":[{"href":"https:\/\/haitises.com\/tr\/wp-json\/wp\/v2\/product"}],"about":[{"href":"https:\/\/haitises.com\/tr\/wp-json\/wp\/v2\/types\/product"}],"wp:featuredmedia":[{"embeddable":true,"href":"https:\/\/haitises.com\/tr\/wp-json\/wp\/v2\/media\/11739"}],"wp:attachment":[{"href":"https:\/\/haitises.com\/tr\/wp-json\/wp\/v2\/media?parent=11702"}],"wp:term":[{"taxonomy":"product_brand","embeddable":true,"href":"https:\/\/haitises.com\/tr\/wp-json\/wp\/v2\/product_brand?post=11702"},{"taxonomy":"product_cat","embeddable":true,"href":"https:\/\/haitises.com\/tr\/wp-json\/wp\/v2\/product_cat?post=11702"},{"taxonomy":"product_tag","embeddable":true,"href":"https:\/\/haitises.com\/tr\/wp-json\/wp\/v2\/product_tag?post=11702"}],"curies":[{"name":"wp","href":"https:\/\/api.w.org\/{rel}","templated":true}]}}