{"id":11355,"date":"2021-08-15T20:08:48","date_gmt":"2021-08-15T20:08:48","guid":{"rendered":"http:\/\/haitises.com\/?post_type=product&#038;p=11355"},"modified":"2024-04-06T17:53:09","modified_gmt":"2024-04-06T17:53:09","slug":"birdwatching-punta-cana-birding-tours-from-punta-cana-to-los-haitises-national-park","status":"publish","type":"product","link":"https:\/\/haitises.com\/tr\/ozel\/birdwatching-punta-cana-birding-tours-from-punta-cana-to-los-haitises-national-park\/","title":{"rendered":"Punta Cana Ku\u015f G\u00f6zlemcili\u011fi - Punta Cana'dan Los Haitises Ulusal Park\u0131'na Ku\u015f G\u00f6zlem Turlar\u0131"},"content":{"rendered":"<div class=\"vc_row wpb_row vc_row-fluid\" ><div class=\"wpb_column vc_column_container vc_col-sm-12\"><div class=\"vc_column-inner\"><div class=\"wpb_wrapper\">[mkdf_section_title title_tag=\u00bb\u00bb disable_break_words=\u00bbno\u00bb subtitle_tag=\u00bb\u00bb title=\u00bbBirding Tours from Punta Cana to Los Haitises National Park\u00bb subtitle=\u00bbBirdwatching in Los Haitises National Park\u00bb]<\/div><\/div><\/div><\/div><div class=\"vc_row wpb_row vc_row-fluid\" ><div class=\"wpb_column vc_column_container vc_col-sm-12\"><div class=\"vc_column-inner\"><div class=\"wpb_wrapper\">\n\t<div class=\"wpb_text_column wpb_content_element\" >\n\t\t<div class=\"wpb_wrapper\">\n\t\t\t<h4><b><i>Genel Bak\u0131\u015f <\/i><\/b><\/h4>\n<section><\/section>\n<p>Only visits offered in the Dominican Republic with National and Locals Tours Guides Certificated by the Ministry of Tourism in The Dominican Republic. Contact direct locals experts and visit Los Haitises, National Park. While most people head out by boat to explore the park and its caves, islands. We will be focused on the Ornithologist studies in Los Haitises National park. Enjoying and learning about Projects for the protection of wildlife on Private trips.<\/p>\n<p>We are conserving 110 species of birds which you can find in Los Haitises National Park. Walking through this magical forest in search of parrots, Todys, Ridgway\u2019s Hawks, tanagers, hummingbirds, and much more. Providing interesting History about all these birds which you can see on the Humit trail. We know the spots habitats of Ridgway\u2019s, Ashy Faced Owls, and other endemics species. This Tour is focusing on nature and is more concentrated on the information about wildlife with expect locals tour guides certificated as Ornithologist.<\/p>\n<p><strong>Usually is a private tour for a truly high-quality experience.<\/strong><\/p>\n<p>Check here the list of the most common birds in our trips: <a href=\"https:\/\/avibase.bsc-eoc.org\/checklist.jsp?lang=ES&amp;p2=1&amp;list=clements&amp;synlang=EN&amp;region=DO0005&amp;version=text&amp;lifelist=&amp;highlight=0\" target=\"_blank\" rel=\"noopener\"><strong>CLICK HERE<\/strong><\/a><\/p>\n<h4><\/h4>\n<h4><b>Dahil Edilenler ve Hari\u00e7 Tutulanlar<\/b><\/h4>\n<p><b>Kapsamalar<\/b><\/p>\n<ol>\n<li style=\"font-weight: 400;\">Park patikalar\u0131nda 3 saatlik ku\u015f y\u00fcr\u00fcy\u00fc\u015f\u00fc<\/li>\n<li style=\"font-weight: 400;\"><span style=\"font-weight: 400;\">All taxes, fees, and handling charges<\/span><\/li>\n<li style=\"font-weight: 400;\"><span style=\"font-weight: 400;\">Yerel vergiler<\/span><\/li>\n<li>\u00d6\u011fle yeme\u011fi<\/li>\n<li style=\"font-weight: 400;\">Yetkililer Ekolog tur rehberleri \u0130ngilizce\/\u0130spanyolca<\/li>\n<li>Transfer from Punta Cana<\/li>\n<\/ol>\n<p><b> \u0130stisnalar<\/b><\/p>\n<ol>\n<li style=\"font-weight: 400;\"><span style=\"font-weight: 400;\">Bah\u015fi\u015fler<\/span><\/li>\n<li style=\"font-weight: 400;\"><span style=\"font-weight: 400;\">Alcoholic drinks<\/span><\/li>\n<\/ol>\n<p>&nbsp;<\/p>\n<h4><em><strong>Gidi\u015f &amp; D\u00f6n\u00fc\u015f<\/strong><\/em><\/h4>\n<p><span style=\"font-weight: 400;\">The tour, organized by \u00abBooking Adventures locals Ornithologist tour Guides\u00bb starts at the meeting point set with the Tour Guide. The traveler will get a meeting point after the Reservation Process. Tours start and Finished at our meeting points.<\/span><\/p>\n<p>&nbsp;<\/p>\n<h4><b><i>Ne bekleyebilece\u011finizi?<\/i><\/b><\/h4>\n<p><em><strong>Biletinizi al\u0131n<\/strong><\/em> for birdwatching in Los Haitises National Park From Punta Cana. Trip from Punta cana to the National park is around 1: 45 minutes. When you arrive to the park we get \u00a030 min hiking and watching the Hawks we have the option to continue hiking around and check for Parrots, piculets, and Others Endemics species in Los Haitises National Park.<\/p>\n<p>Los Haitises National Park has just two Trails for Birding in Sabana de la Mar. On the way to Los Hiatises National Park, we stop in some spots to see more birds.<\/p>\n<p>After 4 and half hours of learning about birds in Los Haitises National Park, this excursion ends in the same place as started.<\/p>\n<p><strong>Not: Bu turlar Resmi Ekolog tur rehberleri ile yap\u0131lmaktad\u0131r. Parkta \u00e7ok fazla uzman bulunmad\u0131\u011f\u0131ndan l\u00fctfen zaman\u0131nda rezervasyon yapt\u0131r\u0131n.<\/strong><\/p>\n<p>&nbsp;<\/p>\n<h4><em><strong>Ne getirmelisiniz?<\/strong><\/em><\/h4>\n<ul>\n<li style=\"font-weight: 400;\"><span style=\"font-weight: 400;\">kamera<\/span><\/li>\n<li>Binok\u00fcler<\/li>\n<li style=\"font-weight: 400;\"><span style=\"font-weight: 400;\">Kovucu tomurcuklar<\/span><\/li>\n<li style=\"font-weight: 400;\"><span style=\"font-weight: 400;\">G\u00fcne\u015f kremi<\/span><\/li>\n<li style=\"font-weight: 400;\"><span style=\"font-weight: 400;\">\u015eapka<\/span><\/li>\n<li style=\"font-weight: 400;\"><span style=\"font-weight: 400;\">Rahat pantolon<\/span><\/li>\n<li style=\"font-weight: 400;\"><span style=\"font-weight: 400;\">Orman i\u00e7in y\u00fcr\u00fcy\u00fc\u015f ayakkab\u0131s\u0131<\/span><\/li>\n<li style=\"font-weight: 400;\"><span style=\"font-weight: 400;\">Bahar b\u00f6lgelerine sandaletler.<\/span><\/li>\n<li style=\"font-weight: 400;\"><span style=\"font-weight: 400;\">Y\u00fczme giysileri<\/span><\/li>\n<\/ul>\n<p>&nbsp;<\/p>\n<h4><b><i>Otelden Alma <\/i><\/b><\/h4>\n<p><span style=\"font-weight: 400;\">Bu tur i\u00e7in otelden alma hizmeti sunulmaktad\u0131r. <\/span><\/p>\n<p><b>Not:<\/b><span style=\"font-weight: 400;\"> If you are booking within 24 hours of the tour\/Excursion departure time, we can arrange hotel pick-up in Punta Cana. Once your purchase is complete, we will send you complete contact information (phone number, email address, etc.) for our local Tour guide to organize pick-up arrangements.<\/span><\/p>\n<h4><b><i>Ek Bilgi Onay\u0131 <\/i><\/b><\/h4>\n<ol>\n<li>Biletler bu Turu \u00f6dedikten sonra al\u0131nan Makbuzdur. \u00d6demeyi telefonunuzda g\u00f6sterebilirsiniz.<\/li>\n<li style=\"font-weight: 400;\"><span style=\"font-weight: 400;\">Rezervasyon \u0130\u015fleminden Sonra Bulu\u015fma Noktas\u0131na Al\u0131nacakt\u0131r.<\/span><\/li>\n<li style=\"font-weight: 400;\"><span style=\"font-weight: 400;\">\u00c7ocuklara bir yeti\u015fkinin e\u015flik etmesi gerekmektedir.<\/span><\/li>\n<li style=\"font-weight: 400;\"><span style=\"font-weight: 400;\"> Tekerlekli sandalye eri\u015fimine uygun de\u011fil <\/span><\/li>\n<li style=\"font-weight: 400;\"><span style=\"font-weight: 400;\">Bebekler kucakta oturmal\u0131 <\/span><\/li>\n<li style=\"font-weight: 400;\"><span style=\"font-weight: 400;\">S\u0131rt sorunu olan gezginler i\u00e7in \u00f6nerilmez<\/span><\/li>\n<li style=\"font-weight: 400;\"><span style=\"font-weight: 400;\">Hamile gezginler i\u00e7in \u00f6nerilmez <\/span><\/li>\n<li style=\"font-weight: 400;\"><span style=\"font-weight: 400;\"> Kalp problemi veya ba\u015fka ciddi t\u0131bbi durum yok <\/span><\/li>\n<li style=\"font-weight: 400;\"><span style=\"font-weight: 400;\">\u00c7o\u011fu gezgin kat\u0131labilir<\/span><\/li>\n<\/ol>\n<p>Bu tur Minimum 2 ki\u015fi ve Maksimum 15 ki\u015fi i\u00e7in sunulmaktad\u0131r. Daha az ki\u015fi olmas\u0131 durumunda l\u00fctfen bizimle ileti\u015fime ge\u00e7in.<\/p>\n<h4><b><i>\u0130ptal politikas\u0131<\/i><\/b><\/h4>\n<p><span style=\"font-weight: 400;\">Tam para iadesi i\u00e7in deneyimin ba\u015flang\u0131\u00e7 tarihinden en az 24 saat \u00f6nce iptal edin.<\/span><\/p>\n\n\t\t<\/div>\n\t<\/div>\n<\/div><\/div><\/div><\/div><div class=\"vc_row wpb_row vc_row-fluid\" ><div class=\"wpb_column vc_column_container vc_col-sm-12\"><div class=\"vc_column-inner\"><div class=\"wpb_wrapper\">\n\t<div class=\"wpb_text_column wpb_content_element\" >\n\t\t<div class=\"wpb_wrapper\">\n\t\t\t<h4>Bize Ula\u015f\u0131n?<\/h4>\n<h5><em><strong>Rezervasyon Maceralar\u0131<\/strong><\/em><\/h5>\n<p><em><strong>Yerliler<\/strong> Ve <strong>Vatanda\u015flar<\/strong> Tur Rehberleri ve Misafir Hizmetleri<\/em><\/p>\n<p><span class=\"text-turquoise\">Rezervasyonlar:<\/span> Dom. Cum. s\u0131n\u0131rlar\u0131ndaki Turlar ve Geziler<\/p>\n<p><img decoding=\"async\" class=\"emoji\" draggable=\"false\" src=\"https:\/\/s.w.org\/images\/core\/emoji\/11.2.0\/svg\/1f4de.svg\" alt=\"\ud83d\udcde\" title=\"\"> Tel\/Whatsapp\u00a0 <a href=\"tel:+1-809-720-6035\">+1-809-720-6035<\/a>.<\/p>\n<p><img decoding=\"async\" class=\"emoji\" draggable=\"false\" src=\"https:\/\/s.w.org\/images\/core\/emoji\/11.2.0\/svg\/1f4e9.svg\" alt=\"\ud83d\udce9\" title=\"\"> <a href=\"mailto:info@bookingadventures.com.do\">info@bookingadventures.com.do<\/a><\/p>\n<p><strong>Whatsapp ile \u00d6zel Turlar\u0131 Esnek Ayarl\u0131yoruz: <a href=\"tel:+18097206035\">+18097206035.<\/a><\/strong><\/p>\n\n\t\t<\/div>\n\t<\/div>\n<\/div><\/div><\/div><\/div>","protected":false},"excerpt":{"rendered":"<p>Birding Full morning in Los Haitises National Park Rain Forest trails. This park has an array of bird and animal species and is a favorite for bird-watchers. While the number seen might be higher than other locations, Cano Hondo\u2019s location in a slight wetland area of the country means the rainforest is more open with fewer cacao and coffee plantations, making wildlife-spotting easier. This is a private trip. You can choose to pick a time when to start the birdwatching experience and when to be back in Punta Cana.<\/p>\n<p><em><strong>Please Select the date for The Activity.<\/strong><\/em><\/p>","protected":false},"featured_media":11028,"template":"","meta":[],"product_brand":[],"product_cat":[119,120,96,98,121,426,122,123,124],"product_tag":[176,177,178,179,448,180,181,182,184,185,186,132,187,133,189,191,192,114,193],"class_list":{"0":"post-11355","1":"product","2":"type-product","3":"status-publish","4":"has-post-thumbnail","6":"product_cat-caves","7":"product_cat-fees-entrace","8":"product_cat-hiking","9":"product_cat-local-tour-guides","10":"product_cat-mangroves","11":"product_cat-private-tours-excursions","12":"product_cat-tours-and-excursions","13":"product_cat-tours-excursions-los-haitises-national-park","14":"product_cat-tours-excursions-samana-bay-dominican-republic","15":"product_tag-biding-sabana-de-la-mar","16":"product_tag-birding","17":"product_tag-birding-dominican-republic","18":"product_tag-birding-in-los-haitises","19":"product_tag-birding-tour-from-punta-cana","20":"product_tag-birdwatching","21":"product_tag-birdwatching-dominicana","22":"product_tag-birdwtaching","23":"product_tag-carretera-cano-hondo","24":"product_tag-eco-lodge-paraiso-cano-hondo","25":"product_tag-hire-a-guide-in-los-haitises","26":"product_tag-los-haitises","27":"product_tag-los-haitises-birding","28":"product_tag-los-haitises-national-park","29":"product_tag-los-haitises-national-park-cano-hondo","30":"product_tag-nature","31":"product_tag-ridgways-hawk","32":"product_tag-sabana-de-la-mar","33":"product_tag-wildlife","35":"first","36":"instock","37":"sale","38":"sold-individually","39":"shipping-taxable","40":"product-type-external"},"_links":{"self":[{"href":"https:\/\/haitises.com\/tr\/wp-json\/wp\/v2\/product\/11355","targetHints":{"allow":["GET"]}}],"collection":[{"href":"https:\/\/haitises.com\/tr\/wp-json\/wp\/v2\/product"}],"about":[{"href":"https:\/\/haitises.com\/tr\/wp-json\/wp\/v2\/types\/product"}],"wp:featuredmedia":[{"embeddable":true,"href":"https:\/\/haitises.com\/tr\/wp-json\/wp\/v2\/media\/11028"}],"wp:attachment":[{"href":"https:\/\/haitises.com\/tr\/wp-json\/wp\/v2\/media?parent=11355"}],"wp:term":[{"taxonomy":"product_brand","embeddable":true,"href":"https:\/\/haitises.com\/tr\/wp-json\/wp\/v2\/product_brand?post=11355"},{"taxonomy":"product_cat","embeddable":true,"href":"https:\/\/haitises.com\/tr\/wp-json\/wp\/v2\/product_cat?post=11355"},{"taxonomy":"product_tag","embeddable":true,"href":"https:\/\/haitises.com\/tr\/wp-json\/wp\/v2\/product_tag?post=11355"}],"curies":[{"name":"wp","href":"https:\/\/api.w.org\/{rel}","templated":true}]}}