{"id":11350,"date":"2021-08-15T20:08:48","date_gmt":"2021-08-15T20:08:48","guid":{"rendered":"http:\/\/haitises.com\/?post_type=product&#038;p=11350"},"modified":"2024-04-05T21:12:32","modified_gmt":"2024-04-05T21:12:32","slug":"bahia-de-las-aguilas-beach-day-trip-by-boat-day-pass-snorkeling-lunch-2","status":"publish","type":"product","link":"https:\/\/haitises.com\/tr\/ozel\/bahia-de-las-aguilas-beach-day-trip-by-boat-day-pass-snorkeling-lunch-2\/","title":{"rendered":"Bahia de las Aguilas: Tekne ile G\u00fcn\u00fcbirlik Plaj Gezisi - G\u00fcnl\u00fck Ge\u00e7i\u015f - \u015enorkelle Dalma ve \u00d6\u011fle Yeme\u011fi"},"content":{"rendered":"<div class=\"vc_row wpb_row vc_row-fluid\" ><div class=\"wpb_column vc_column_container vc_col-sm-12\"><div class=\"vc_column-inner\"><div class=\"wpb_wrapper\">[mkdf_section_title title_tag=\u00bb\u00bb disable_break_words=\u00bbno\u00bb subtitle_tag=\u00bb\u00bb title=\u00bbBah\u00eda de las Aguilas: Beach Day Trip by Boat\u00bb subtitle=\u00bbDay Pass &#8211; Snorkeling &amp; Lunch\u00bb]<\/div><\/div><\/div><\/div><div class=\"vc_row wpb_row vc_row-fluid\" ><div class=\"wpb_column vc_column_container vc_col-sm-12\"><div class=\"vc_column-inner\"><div class=\"wpb_wrapper\">\n\t<div class=\"wpb_text_column wpb_content_element\" >\n\t\t<div class=\"wpb_wrapper\">\n\t\t\t<h4><b><i>Genel Bak\u0131\u015f<\/i><\/b><\/h4>\n<p>Sahilde bir g\u00fcn\u00fcn tad\u0131n\u0131 \u00e7\u0131kar\u0131n ve turistik b\u00f6lgelerden ve t\u00fcm stresten uzakta ruhunuzun akmas\u0131na izin verin. Gelin ve Jaragua Ulusal park\u0131n\u0131 ve Bahia de las \u00c1guilas'\u0131 ke\u015ffedin. K\u00fc\u00e7\u00fck liman ve bal\u0131k\u00e7\u0131 k\u00f6y\u00fc Cabo Rojo'nun nefes kesici manzaras\u0131na sahip g\u00fczel bir yol boyunca ilerleyin. Las Cuevas'ta sizi d\u00fcnyan\u0131n en g\u00fczel do\u011fal plajlar\u0131ndan birine 15 dakikal\u0131k bir yolculu\u011fa \u00e7\u0131karan bir tekneye binersiniz. Bah\u00eda de las Aguilas'\u0131n kumlar\u0131 tertemizdir ve koy 8 km'lik bir alan\u0131 kaplamaktad\u0131r. Turkuazdan opal mavisine uzanan tonlarda parlayan kristal berrakl\u0131\u011f\u0131ndaki suyun ufukta eridi\u011fi ola\u011fan\u00fcst\u00fc bir k\u0131y\u0131 manzaras\u0131n\u0131 deneyimleyin. \u00d6\u011fle yeme\u011fi plajda servis edilir, y\u00fczmeye veya \u015fnorkelle dalmaya gidin ve bu el de\u011fmemi\u015f do\u011fal cenneti ke\u015ffedin.<\/p>\n<p>&nbsp;<\/p>\n<ul>\n<li>B\u00f6lgede G\u00fcvenlik deneyimine sahip Yerel Rehber.<\/li>\n<li>\u00d6zel ula\u015f\u0131m<\/li>\n<li>\u00dccretler dahil<\/li>\n<li>\u00d6\u011fle yeme\u011fi<\/li>\n<li>\u0130spanyolca, \u0130ngilizce veya Frans\u0131zca Yerel Tur Rehberi.<\/li>\n<li>Do\u011fa y\u00fcr\u00fcy\u00fc\u015f\u00fc<\/li>\n<li>\u015enorkelle Dalma<\/li>\n<\/ul>\n<h4><b>Dahil Edilenler ve Hari\u00e7 Tutulanlar<\/b><\/h4>\n<p>&nbsp;<\/p>\n<p><b>Kapsamalar<\/b><\/p>\n<ol>\n<li>B\u00f6lgede G\u00fcvenlik deneyimine sahip Yerel Rehber.<\/li>\n<li>K\u00fc\u00e7\u00fck gruplar i\u00e7in \u00f6zel ula\u015f\u0131m<\/li>\n<li>T\u00fcm vergiler, har\u00e7lar ve i\u015flem \u00fccretleri<\/li>\n<li>Yerel vergiler<\/li>\n<li>\u00d6\u011fle yeme\u011fi<\/li>\n<li>Do\u011fa y\u00fcr\u00fcy\u00fc\u015f\u00fc<\/li>\n<li>Do\u011fal Havuzlar<\/li>\n<li>\u015enorkelle Dalma<\/li>\n<li>T\u00fcm faaliyetler<\/li>\n<\/ol>\n<p><b>\u0130stisnalar<\/b><\/p>\n<ol>\n<li>Bah\u015fi\u015fler<\/li>\n<li>T\u00fcm \u0130\u00e7ecekler<\/li>\n<\/ol>\n<h4><em><strong>Gidi\u015f &amp; D\u00f6n\u00fc\u015f<\/strong><\/em><\/h4>\n<p>Yolcu, Rezervasyon \u0130\u015fleminden sonra bir bulu\u015fma noktas\u0131 alacakt\u0131r. Turlar bulu\u015fma noktalar\u0131n\u0131zda ba\u015flar ve biter.<\/p>\n<h2 class=\"styles__heading___mD4_3\" data-radium=\"true\">Bahia de las Aguilas: Tekne ile G\u00fcn\u00fcbirlik Plaj Gezisi - G\u00fcnl\u00fck Ge\u00e7i\u015f - \u015enorkel ve \u00d6\u011fle Yeme\u011fi<\/h2>\n<h4><em>Ne bekleyebilece\u011finizi?<\/em><\/h4>\n<p>Playa de las Aguilas ad\u0131n\u0131 yerli kartaldan alm\u0131\u015ft\u0131r. T\u00fcm \u00fclkenin en g\u00fczel plaj\u0131 olarak bilinmektedir. Park\u0131n iklimi \u00e7ok kurakt\u0131r ve bitki \u00f6rt\u00fcs\u00fc \u00e7o\u011funlukla kakt\u00fcsler ve di\u011fer \u00e7\u00f6l bitkilerinden olu\u015fmaktad\u0131r. Koy boyunca uzanan k\u0131rm\u0131z\u0131 toprak yol bir Afrika savan\u0131 manzaras\u0131yla kar\u015f\u0131la\u015ft\u0131r\u0131labilir.<br \/>\nBal\u0131k\u00e7\u0131lar ve beyaz kumlu plajlar\u0131 ve berrak sular\u0131 sevenler i\u00e7in bu cenneti ke\u015ffedin. Ama \u00f6nce, yerel bal\u0131k\u00e7\u0131lar\u0131n ma\u011faralar\u0131n i\u00e7inde ya\u015fad\u0131\u011f\u0131 La Cueva k\u00f6y\u00fcne gidin.<\/p>\n<p>Bu m\u00fckemmel anda eksik olan bir \u015fey var m\u0131?<\/p>\n<p>Sakin deniz ve hafif r\u00fczgar, g\u00fcne\u015f ve s\u0131caktan \u00e7ok fazla etkilenmenizi engelleyecektir. Bir g\u00fcnl\u00fc\u011f\u00fcne ka\u015fif olun ve ekolojik, do\u011fal ve tamamen bozulmam\u0131\u015f bir cenneti ke\u015ffedin. K\u00f6rfezde 76's\u0131 s\u00fcrekli ya\u015fayan, 10'u endemik ve 47'si g\u00f6\u00e7men olmak \u00fczere 130'dan fazla ku\u015f t\u00fcr\u00fcn\u00fc g\u00f6zlemleyebilirsiniz.<\/p>\n<p>08.00 - Otelinizden ayr\u0131l\u0131\u015f<br \/>\n09.30 - \u0130zleme platformundan manzaran\u0131n tad\u0131n\u0131 \u00e7\u0131karmak i\u00e7in Laguna de Oviedo'da k\u0131sa bir mola<br \/>\n11.00 - La Cueva k\u00f6y\u00fcnden Bahia de las Aguilas'a tekne ile hareket<br \/>\n12.30 - Sahilde tipik \u00f6\u011fle yeme\u011fi<br \/>\n03.00 - La Cueva'ya d\u00f6n\u00fc\u015f<br \/>\n06.00 - Otelinize var\u0131\u015f<\/p>\n<h4><em><strong>Ne getirmelisiniz?<\/strong><\/em><\/h4>\n<ul>\n<li>kamera<\/li>\n<li>Kovucu tomurcuklar<\/li>\n<li>G\u00fcne\u015f Kremi<\/li>\n<li>Su<\/li>\n<li>\u015eapka<\/li>\n<li>Rahat pantolon<\/li>\n<li>Orman i\u00e7in y\u00fcr\u00fcy\u00fc\u015f ayakkab\u0131s\u0131<\/li>\n<li>Bahar b\u00f6lgelerine sandaletler.<\/li>\n<li>Y\u00fczme giysileri<\/li>\n<\/ul>\n<p>&nbsp;<\/p>\n<h4><b><i>Otelden Alma<\/i><\/b><\/h4>\n<p>Bu tur i\u00e7in otelden alma hizmeti sunulmaktad\u0131r. Otelinizden alma\/ula\u015f\u0131m (Barahona\/Paraiso\/Los Patos b\u00f6lgesi).<\/p>\n<p><b>Not:<\/b>\u00a0Tur \/ Gezi kalk\u0131\u015f saatinden sonraki 24 saat i\u00e7inde rezervasyon yap\u0131yorsan\u0131z, otelden alma ayarlayabiliriz. Biz sadece Samana b\u00f6lgesinden al\u0131yoruz. Sat\u0131n alma i\u015fleminiz tamamland\u0131ktan sonra, yerel Tur rehberimizin teslim alma d\u00fczenlemelerini organize etmesi i\u00e7in size eksiksiz ileti\u015fim bilgilerini (telefon numaras\u0131, e-posta adresi vb.) G\u00f6nderece\u011fiz.<\/p>\n<h4><b><i>Ek Bilgi Onay\u0131<\/i><\/b><\/h4>\n<ol>\n<li>Biletler bu Turu \u00f6dedikten sonra al\u0131nan Makbuzdur. \u00d6demeyi telefonunuzda g\u00f6sterebilirsiniz.<\/li>\n<li>Rezervasyon \u0130\u015fleminden Sonra Bulu\u015fma Noktas\u0131na Al\u0131nacakt\u0131r.<\/li>\n<li>\u00c7ocuklara bir yeti\u015fkinin e\u015flik etmesi gerekmektedir.<\/li>\n<li>Tekerlekli sandalye eri\u015fimine uygun de\u011fil<\/li>\n<li>Bebekler kucakta oturmal\u0131<\/li>\n<li>S\u0131rt sorunu olan gezginler i\u00e7in \u00f6nerilmez<\/li>\n<li>Hamile gezginler i\u00e7in \u00f6nerilmez<\/li>\n<li>Kalp problemi veya ba\u015fka ciddi t\u0131bbi durum yok<\/li>\n<li>\u00c7o\u011fu gezgin kat\u0131labilir<\/li>\n<\/ol>\n<h4><b><i>\u0130ptal politikas\u0131<\/i><\/b><\/h4>\n<p>Tam geri \u00f6deme i\u00e7in, deneyimin ba\u015flang\u0131\u00e7 tarihinden en az 24 saat \u00f6nce iptal edin. Rezervasyonun seyahatle ayn\u0131 g\u00fcn iptal edilmesi durumunda fonlar kaybedilecektir.<\/p>\n\n\t\t<\/div>\n\t<\/div>\n<\/div><\/div><\/div><\/div>","protected":false},"excerpt":{"rendered":"<p>Barahona'dan Bahia las Aguilas i\u00e7in G\u00fcnl\u00fck Ge\u00e7i\u015f Bileti sat\u0131n al\u0131n. Jaragua milli park\u0131ndan ge\u00e7erek bir teknenin sizi bekledi\u011fi Cabo Rojo'ya do\u011fru yol al\u0131n. Tekne ile 15 dakikal\u0131k bir yolculuktan sonra, \u00fclkenin en g\u00fczel plaj\u0131 olarak kabul edilen g\u00fczel ve izole Bahia de las Aguilas'a ula\u015facaks\u0131n\u0131z. \u00d6\u011fle yeme\u011fi plajda servis edilecek ve y\u00fczmeye gitme veya sadece plajda rahatlama \u015fans\u0131n\u0131z olacak. Bu 8 km uzunlu\u011fundaki plaj\u0131n bozulmam\u0131\u015f beyaz kumlar\u0131n\u0131n tad\u0131n\u0131 \u00e7\u0131kar\u0131n.<\/p>\n<p>&nbsp;<\/p>\n<p><strong>Bu gezi i\u00e7in g\u00fcn se\u00e7in:<\/strong><\/p>","protected":false},"featured_media":500,"template":"","meta":[],"product_brand":[],"product_cat":[396,135],"product_tag":[397,398,399,400,401,402,403,404,405,406,407,408,409,410,411],"class_list":{"0":"post-11350","1":"product","2":"type-product","3":"status-publish","4":"has-post-thumbnail","6":"product_cat-bahia-de-las-aguilas-dominican-republic","7":"product_cat-lunch","8":"product_tag-bahia-de-las-aguilas","9":"product_tag-bahia-de-las-aguilas-pedernales","10":"product_tag-bahia-de-las-aguilas-beach-tour","11":"product_tag-bahia-de-las-aguilas-hoteles","12":"product_tag-bahia-de-las-aguilas-map","13":"product_tag-bahia-de-las-aguilas-private-tour","14":"product_tag-bahia-de-las-aguilas-republica-dominicana-hotel","15":"product_tag-bahia-de-las-aguilas-tour-from-punta-cana","16":"product_tag-bahia-de-las-aguilas-beach-day-trip-by-boat","17":"product_tag-bahia-las-aguilas-tours","18":"product_tag-barahona-tours","19":"product_tag-closest-airport-to-bahia-de-las-aguilas","20":"product_tag-hotel-barahona","21":"product_tag-playa-bahia-de-las-aguilas-dominican-republic","22":"product_tag-tours-a-bahia-de-las-aguilas-desde-santo-domingo","24":"first","25":"instock","26":"sale","27":"sold-individually","28":"shipping-taxable","29":"product-type-external"},"_links":{"self":[{"href":"https:\/\/haitises.com\/tr\/wp-json\/wp\/v2\/product\/11350","targetHints":{"allow":["GET"]}}],"collection":[{"href":"https:\/\/haitises.com\/tr\/wp-json\/wp\/v2\/product"}],"about":[{"href":"https:\/\/haitises.com\/tr\/wp-json\/wp\/v2\/types\/product"}],"wp:featuredmedia":[{"embeddable":true,"href":"https:\/\/haitises.com\/tr\/wp-json\/wp\/v2\/media\/500"}],"wp:attachment":[{"href":"https:\/\/haitises.com\/tr\/wp-json\/wp\/v2\/media?parent=11350"}],"wp:term":[{"taxonomy":"product_brand","embeddable":true,"href":"https:\/\/haitises.com\/tr\/wp-json\/wp\/v2\/product_brand?post=11350"},{"taxonomy":"product_cat","embeddable":true,"href":"https:\/\/haitises.com\/tr\/wp-json\/wp\/v2\/product_cat?post=11350"},{"taxonomy":"product_tag","embeddable":true,"href":"https:\/\/haitises.com\/tr\/wp-json\/wp\/v2\/product_tag?post=11350"}],"curies":[{"name":"wp","href":"https:\/\/api.w.org\/{rel}","templated":true}]}}