{"id":11321,"date":"2021-08-15T20:08:36","date_gmt":"2021-08-15T20:08:36","guid":{"rendered":"http:\/\/haitises.com\/?post_type=product&#038;p=11321"},"modified":"2024-04-10T20:10:34","modified_gmt":"2024-04-10T20:10:34","slug":"los-haitises-national-park-tour-from-las-terrenas-samana-half-day-trip-2","status":"publish","type":"product","link":"https:\/\/haitises.com\/tr\/ozel\/los-haitises-national-park-tour-from-las-terrenas-samana-half-day-trip-2\/","title":{"rendered":"Las Terrenas, Samana&#039;dan Los Haitises Ulusal Park\u0131 Turu. Yar\u0131m G\u00fcn Gezisi."},"content":{"rendered":"<div class=\"vc_row wpb_row vc_row-fluid\" ><div class=\"wpb_column vc_column_container vc_col-sm-12\"><div class=\"vc_column-inner\"><div class=\"wpb_wrapper\">[mkdf_section_title title_tag=\u00bb\u00bb disable_break_words=\u00bbno\u00bb subtitle_tag=\u00bb\u00bb title=\u00bbLos Haitises National Park Tour from Las Terrenas de Samana. Half Day Trip.\u00bb subtitle=\u00bbTransportation &amp; Lunch Included\u00bb]<\/div><\/div><\/div><\/div><div class=\"vc_row wpb_row vc_row-fluid\" ><div class=\"wpb_column vc_column_container vc_col-sm-12\"><div class=\"vc_column-inner\"><div class=\"wpb_wrapper\">\n\t<div class=\"wpb_text_column wpb_content_element\" >\n\t\t<div class=\"wpb_wrapper\">\n\t\t\t<h3>Los Haitises National Park Tour from Las Terrenas de Samana. Half Day Trip.<\/h3>\n<h4><b><i>Genel Bak\u0131\u015f <\/i><\/b><\/h4>\n<p>Los Haitises National Park Tour from Las Terrenas de Samana. Half Day Trip. Starting from your hotel at Las Terrenas in Samana. We will drive to Sanchez Comunity where the Boat will be taken across Samana Bay. Visiting Rio Naranjo, passing by Fishing Community into Los Haitises National Park, 3 Caves, Boca Tiburon cave, Birding Key Island plus Mangroves in Saman\u00e1 Bay.<\/p>\n<p>After this experience, you will get Back to Las Terrenas Community from where we pick you up.<\/p>\n<ul>\n<li style=\"font-weight: 400;\">\u00dccretler dahil<\/li>\n<li>\u00d6\u011fle yeme\u011fi<\/li>\n<li>At\u0131\u015ft\u0131rmal\u0131klar<\/li>\n<li style=\"font-weight: 400;\">\u0130ngilizce veya Frans\u0131zca Yerel Tur Rehberi<\/li>\n<li>Ula\u015f\u0131m<\/li>\n<li>Tekne Gezisi<\/li>\n<\/ul>\n<p>&nbsp;<\/p>\n<h4><b>Dahil Edilenler ve Hari\u00e7 Tutulanlar<\/b><\/h4>\n<p>&nbsp;<\/p>\n<p><b>Kapsamalar<\/b><\/p>\n<ol>\n<li style=\"font-weight: 400;\">Los Haitises Turu + Ma\u011faralar ve Piktograflar<\/li>\n<li>\u00d6\u011fle yeme\u011fi<\/li>\n<li style=\"font-weight: 400;\"><span style=\"font-weight: 400;\">T\u00fcm vergiler, har\u00e7lar ve i\u015flem \u00fccretleri<\/span><\/li>\n<li style=\"font-weight: 400;\"><span style=\"font-weight: 400;\">Yerel vergiler<\/span><\/li>\n<li style=\"font-weight: 400;\"><span style=\"font-weight: 400;\">\u0130\u00e7ecekler<\/span><\/li>\n<li>At\u0131\u015ft\u0131rmal\u0131klar<\/li>\n<li style=\"font-weight: 400;\"><span style=\"font-weight: 400;\">T\u00fcm faaliyetler<\/span><\/li>\n<li style=\"font-weight: 400;\"><span style=\"font-weight: 400;\">Yerel rehber<\/span><\/li>\n<\/ol>\n<p><b> \u0130stisnalar<\/b><\/p>\n<ol>\n<li style=\"font-weight: 400;\"><span style=\"font-weight: 400;\">Bah\u015fi\u015fler<\/span><\/li>\n<li style=\"font-weight: 400;\"><span style=\"font-weight: 400;\">Alkoll\u00fc i\u00e7ecekler<\/span><\/li>\n<\/ol>\n<p>&nbsp;<\/p>\n<h4><em><strong>Gidi\u015f &amp; D\u00f6n\u00fc\u015f<\/strong><\/em><\/h4>\n<p><span style=\"font-weight: 400;\">Yolcu, Rezervasyon \u0130\u015fleminden sonra bir bulu\u015fma noktas\u0131 alacakt\u0131r. Turlar bulu\u015fma noktalar\u0131n\u0131zda ba\u015flar ve biter.<\/span><\/p>\n<p>&nbsp;<\/p>\n<h4><\/h4>\n<h4><\/h4>\n<h4><\/h4>\n<h4><\/h4>\n<h3>Los Haitises National Park from Las Terrenas<\/h3>\n<h4><b><i>Ne bekleyebilece\u011finizi?<\/i><\/b><\/h4>\n<p><em><strong>Biletlerinizi al\u0131n<\/strong><\/em> for visiting Los Haitises National Park Tour from Las Terrenas de Samana. Half Day Trip. Starting from Las Terrenas, Saman\u00e1 with transportation to port for onboard of a Boat with a Local tour guide we pass Saman\u00e1 bay to Los Haitises, Sabana de la Mar side to Visit one of the most beautiful national parks of the Dominican Republic. <strong>Los<em>\u00a0Haitises National Park<\/em>.<\/strong><\/p>\n<p>The tour, organized by \u00abBooking Adventures\u00bb starts at the meeting point set with the Tour Guide. Come with Booking Adventures and start checking some bird-filled mangroves, rolling hills of lush vegetation and caves of <em><strong>Los Haitises Ulusal Park\u0131<\/strong><\/em>. Etrafta ku\u015flarla birlikte aday\u0131 ziyaret etmek. Yuvalama mevsiminde, yuvalardaki Pelecanos yavrular\u0131n\u0131 bile g\u00f6rebiliriz. Rocky Adalar\u0131'n\u0131n daha fazla i\u00e7ine girmek ve yerli halktan kalma piktograflar ve petrograflar\u0131n bulundu\u011fu Ma\u011faralar\u0131 ziyaret etmek.<\/p>\n<p>Mangrovlar\u0131n aras\u0131ndan ge\u00e7erek a\u00e7\u0131k San Lorenzo K\u00f6rfezi'ne, Sabana de la Mar'a inin ve buradan engebeli orman manzaras\u0131n\u0131 foto\u011fraflay\u0131n. G\u00f6rmek i\u00e7in suya bak\u0131n <em><strong>Denizay\u0131lar\u0131<\/strong><\/em>kabuklular ve <em><strong>Yunuslar.<\/strong><\/em><\/p>\n<div class=\"body-description secondary\">\n<p>Milli park\u0131n ad\u0131 ilk sakinleri olan Taino yerlilerinden gelmektedir. Onlar\u0131n dilinde \"Haitises\", k\u0131y\u0131 \u015feridinin kire\u00e7ta\u015flar\u0131yla kapl\u0131 dik jeolojik olu\u015fumlar\u0131na bir g\u00f6nderme olarak yaylalar ya da tepeler anlam\u0131na gelmektedir. Cueva San Gabriel gibi ma\u011faralar\u0131 ke\u015ffetmek i\u00e7in park\u0131n derinliklerine do\u011fru ilerleyin, <em><strong>Cueva de la Arena, <\/strong><\/em>Ve <strong><em>Cueva de la L\u00ednea.<\/em><\/strong><\/p>\n<p>These Caves in the reserve were used as shelter by the Taino Indians and, later, by hiding pirates. Look for drawings by Indians that decorate some of the walls. After visiting Los Haitises National Park we will go back to Sanchez, Saman\u00e1.<\/p>\n<p>Passing Saman\u00e1 bay 30 min. We will have a typical lunch,\u00a0 If you are vegan no worries we also have food for you!<\/p>\n<p>After Lunch, we get back to Las Terrenas!!<\/p>\n<\/div>\n<p>Bu geziyi daha uzun veya daha k\u0131sa sevmeniz durumunda bu se\u00e7eneklerimiz var:<\/p>\n<ol>\n<li><a href=\"https:\/\/www.ticketswhales.com\/tour\/the-haitises-national-park-tour-from-samana-port\/\" target=\"_blank\" rel=\"noopener\">Just Los Haitises from Saman\u00e1 Port.<\/a><\/li>\n<li><a href=\"https:\/\/www.ticketswhales.com\/tour\/los-haitises-national-park-lunch-at-cano-hondo-from-samana-port\/\" target=\"_blank\" rel=\"noopener\">Los Haitises + Ca\u00f1o Hondo from Saman\u00e1 Port.<\/a><\/li>\n<\/ol>\n<p>&nbsp;<\/p>\n<h4><em><strong>Ne getirmelisiniz?<\/strong><\/em><\/h4>\n<ul>\n<li style=\"font-weight: 400;\"><span style=\"font-weight: 400;\">kamera<\/span><\/li>\n<li style=\"font-weight: 400;\"><span style=\"font-weight: 400;\">Kovucu tomurcuklar<\/span><\/li>\n<li style=\"font-weight: 400;\"><span style=\"font-weight: 400;\">G\u00fcne\u015f Kremi<\/span><\/li>\n<li style=\"font-weight: 400;\"><span style=\"font-weight: 400;\">\u015eapka<\/span><\/li>\n<li style=\"font-weight: 400;\"><span style=\"font-weight: 400;\">Rahat pantolon<\/span><\/li>\n<li style=\"font-weight: 400;\"><span style=\"font-weight: 400;\">Orman i\u00e7in y\u00fcr\u00fcy\u00fc\u015f ayakkab\u0131s\u0131<\/span><\/li>\n<li style=\"font-weight: 400;\"><span style=\"font-weight: 400;\">Bahar b\u00f6lgelerine sandaletler.<\/span><\/li>\n<li style=\"font-weight: 400;\"><span style=\"font-weight: 400;\">Y\u00fczme giysileri<\/span><\/li>\n<\/ul>\n<p>&nbsp;<\/p>\n<h4><b><i>Otelden Alma <\/i><\/b><\/h4>\n<p><span style=\"font-weight: 400;\">Bu tur i\u00e7in otelden ara\u00e7la alma hizmeti sunulmamaktad\u0131r. <\/span><\/p>\n<p>&nbsp;<\/p>\n<p><b>Not:<\/b><span style=\"font-weight: 400;\"> Tur\/Gezi kalk\u0131\u015f saatinden sonraki 24 saat i\u00e7inde rezervasyon yap\u0131yorsan\u0131z, ekstra \u00dccret kar\u015f\u0131l\u0131\u011f\u0131nda otelden alma i\u015flemini d\u00fczenleyebiliriz. Sat\u0131n alma i\u015fleminiz tamamland\u0131ktan sonra, yerel Tur rehberimizin kar\u015f\u0131lama d\u00fczenlemelerini organize etmesi i\u00e7in size eksiksiz ileti\u015fim bilgilerini (telefon numaras\u0131, e-posta adresi vb.) G\u00f6nderece\u011fiz.<\/span><\/p>\n<h4><b><i>Ek Bilgi Onay\u0131 <\/i><\/b><\/h4>\n<ol>\n<li>Biletler bu Turu \u00f6dedikten sonra al\u0131nan Makbuzdur. \u00d6demeyi telefonunuzda g\u00f6sterebilirsiniz.<\/li>\n<li style=\"font-weight: 400;\"><span style=\"font-weight: 400;\">Rezervasyon \u0130\u015fleminden Sonra Bulu\u015fma Noktas\u0131na Al\u0131nacakt\u0131r.<\/span><\/li>\n<li style=\"font-weight: 400;\"><span style=\"font-weight: 400;\">\u00c7ocuklara bir yeti\u015fkinin e\u015flik etmesi gerekmektedir.<\/span><\/li>\n<li style=\"font-weight: 400;\"><span style=\"font-weight: 400;\"> Tekerlekli sandalye eri\u015fimine uygun de\u011fil <\/span><\/li>\n<li style=\"font-weight: 400;\"><span style=\"font-weight: 400;\">Bebekler kucakta oturmal\u0131 <\/span><\/li>\n<li style=\"font-weight: 400;\"><span style=\"font-weight: 400;\">S\u0131rt sorunu olan gezginler i\u00e7in \u00f6nerilmez<\/span><\/li>\n<li style=\"font-weight: 400;\"><span style=\"font-weight: 400;\">Hamile gezginler i\u00e7in \u00f6nerilmez <\/span><\/li>\n<li style=\"font-weight: 400;\"><span style=\"font-weight: 400;\"> Kalp problemi veya ba\u015fka ciddi t\u0131bbi durum yok <\/span><\/li>\n<li style=\"font-weight: 400;\"><span style=\"font-weight: 400;\">\u00c7o\u011fu gezgin kat\u0131labilir<\/span><\/li>\n<\/ol>\n<h4><b><i>\u0130ptal politikas\u0131<\/i><\/b><\/h4>\n<p><span style=\"font-weight: 400;\">Tam geri \u00f6deme i\u00e7in, deneyimin ba\u015flang\u0131\u00e7 tarihinden en az 24 saat \u00f6nce iptal edin. Rezervasyonun seyahatle ayn\u0131 g\u00fcn iptal edilmesi durumunda fonlar kaybedilecektir.<\/span><\/p>\n\n\t\t<\/div>\n\t<\/div>\n<\/div><\/div><\/div><\/div><div class=\"vc_row wpb_row vc_row-fluid\" ><div class=\"wpb_column vc_column_container vc_col-sm-12\"><div class=\"vc_column-inner\"><div class=\"wpb_wrapper\">\n\t<div class=\"wpb_video_widget wpb_content_element vc_clearfix   vc_video-aspect-ratio-169 vc_video-el-width-100 vc_video-align-left\" >\n\t\t<div class=\"wpb_wrapper\">\n\t\t\t\n\t\t\t<div class=\"wpb_video_wrapper\"><iframe loading=\"lazy\" title=\"Los Haitises Ulusal Park\u0131, Samana veya Sabana de la Mar&#039;dan Turlar ve Geziler. Buradan Rezervasyon Yap\u0131n:\" src=\"https:\/\/player.vimeo.com\/video\/346508015?dnt=1&amp;app_id=122963&amp;h=6e684a1c21\" width=\"1100\" height=\"619\" frameborder=\"0\" allow=\"autoplay; fullscreen; picture-in-picture\" allowfullscreen><\/iframe><\/div>\n\t\t<\/div>\n\t<\/div>\n<\/div><\/div><\/div><\/div><div class=\"vc_row wpb_row vc_row-fluid\" ><div class=\"wpb_column vc_column_container vc_col-sm-12\"><div class=\"vc_column-inner\"><div class=\"wpb_wrapper\"><div class=\"vc_empty_space\"   style=\"height: 32px\"><span class=\"vc_empty_space_inner\"><\/span><\/div>\n\t<div class=\"wpb_text_column wpb_content_element\" >\n\t\t<div class=\"wpb_wrapper\">\n\t\t\t<h4>Bize Ula\u015f\u0131n?<\/h4>\n<h5>Rezervasyon Maceralar\u0131<\/h5>\n<p><em><strong>Yerliler<\/strong>\u00a0Ve\u00a0<strong>Vatanda\u015flar<\/strong>\u00a0Tur Rehberleri ve Misafir Hizmetleri<\/em><\/p>\n<p><span class=\"text-turquoise\">Rezervasyonlar:<\/span>\u00a0Dom. Cum. s\u0131n\u0131rlar\u0131ndaki Turlar ve Geziler<\/p>\n<p><img decoding=\"async\" class=\"emoji\" draggable=\"false\" src=\"https:\/\/s.w.org\/images\/core\/emoji\/11.2.0\/svg\/1f4de.svg\" alt=\"\ud83d\udcde\" title=\"\">\u00a0Tel\/Whatsapp\u00a0\u00a0<a href=\"tel:+1-809-720-6035\">+1-809-720-6035<\/a>.<\/p>\n<p><img decoding=\"async\" class=\"emoji\" draggable=\"false\" src=\"https:\/\/s.w.org\/images\/core\/emoji\/11.2.0\/svg\/1f4e9.svg\" alt=\"\ud83d\udce9\" title=\"\">\u00a0<a href=\"mailto:info@bookingadventures.com.do\">info@bookingadventures.com.do<\/a><\/p>\n<p><strong>Whatsapp ile \u00d6zel Turlar\u0131 Esnek Ayarl\u0131yoruz:\u00a0<a href=\"tel:+18097206035\">+18097206035.<\/a><\/strong><\/p>\n\n\t\t<\/div>\n\t<\/div>\n<div class=\"vc_empty_space\"   style=\"height: 32px\"><span class=\"vc_empty_space_inner\"><\/span><\/div><\/div><\/div><\/div><\/div>","protected":false},"excerpt":{"rendered":"<p>This excursion from Las Terrenas to Los Haitises National Park includes Lunch and Transportation for a visit to the 3 main caves, an exploration of 2 different mangroves and of course fishing bird watching.<\/p>\n<p>Ecological Trip to Los Haitises National Park with a Local Tour guide. Visiting the Cays in Los Haitises National Park, Mangroves, Vegetation, Birding, Caves, Pictographs and the historical areas of Sabana de la Mar in Los Haitises National Park.<\/p>\n<p>&nbsp;<\/p>\n<p><strong>L\u00fctfen Tur i\u00e7in tarih se\u00e7iniz:\u00a0<\/strong><\/p>","protected":false},"featured_media":252,"template":"","meta":[],"product_brand":[],"product_cat":[122,124],"product_tag":[206,225,132,133,146,226],"class_list":{"0":"post-11321","1":"product","2":"type-product","3":"status-publish","4":"has-post-thumbnail","6":"product_cat-tours-and-excursions","7":"product_cat-tours-excursions-samana-bay-dominican-republic","8":"product_tag-caves-los-haitises","9":"product_tag-las-terrenas","10":"product_tag-los-haitises","11":"product_tag-los-haitises-national-park","12":"product_tag-mangroves-los-haitises","13":"product_tag-transportation-los-haitises","15":"first","16":"instock","17":"sale","18":"shipping-taxable","19":"product-type-external"},"_links":{"self":[{"href":"https:\/\/haitises.com\/tr\/wp-json\/wp\/v2\/product\/11321","targetHints":{"allow":["GET"]}}],"collection":[{"href":"https:\/\/haitises.com\/tr\/wp-json\/wp\/v2\/product"}],"about":[{"href":"https:\/\/haitises.com\/tr\/wp-json\/wp\/v2\/types\/product"}],"wp:featuredmedia":[{"embeddable":true,"href":"https:\/\/haitises.com\/tr\/wp-json\/wp\/v2\/media\/252"}],"wp:attachment":[{"href":"https:\/\/haitises.com\/tr\/wp-json\/wp\/v2\/media?parent=11321"}],"wp:term":[{"taxonomy":"product_brand","embeddable":true,"href":"https:\/\/haitises.com\/tr\/wp-json\/wp\/v2\/product_brand?post=11321"},{"taxonomy":"product_cat","embeddable":true,"href":"https:\/\/haitises.com\/tr\/wp-json\/wp\/v2\/product_cat?post=11321"},{"taxonomy":"product_tag","embeddable":true,"href":"https:\/\/haitises.com\/tr\/wp-json\/wp\/v2\/product_tag?post=11321"}],"curies":[{"name":"wp","href":"https:\/\/api.w.org\/{rel}","templated":true}]}}