{"id":11316,"date":"2021-08-15T20:08:36","date_gmt":"2021-08-15T20:08:36","guid":{"rendered":"http:\/\/haitises.com\/?post_type=product&#038;p=11316"},"modified":"2024-04-10T16:08:18","modified_gmt":"2024-04-10T16:08:18","slug":"los-haitises-national-park-playa-el-rincon-beach-2","status":"publish","type":"product","link":"https:\/\/haitises.com\/tr\/ozel\/los-haitises-national-park-playa-el-rincon-beach-2\/","title":{"rendered":"Los Haitises Milli Park\u0131 + Playa el Rinc\u00f3n plaj\u0131"},"content":{"rendered":"<div class=\"vc_row wpb_row vc_row-fluid\" ><div class=\"wpb_column vc_column_container vc_col-sm-12\"><div class=\"vc_column-inner\"><div class=\"wpb_wrapper\">[mkdf_section_title title_tag=\u00bb\u00bb disable_break_words=\u00bbno\u00bb subtitle_tag=\u00bb\u00bb title=\u00bbLos Haitises National Park + Playa el Rinc\u00f3n beach\u00bb subtitle=\u00bbCaves, Mangroves, Lunch &amp; Swimming at The Beach\u00bb]<\/div><\/div><\/div><\/div><div class=\"vc_row wpb_row vc_row-fluid\" ><div class=\"wpb_column vc_column_container vc_col-sm-12\"><div class=\"vc_column-inner\"><div class=\"wpb_wrapper\">\n\t<div class=\"wpb_text_column wpb_content_element\" >\n\t\t<div class=\"wpb_wrapper\">\n\t\t\t<h4><b><i>Genel Bak\u0131\u015f <\/i><\/b><\/h4>\n<p>Los Haitises National Park and Playa El Rincon with Lunch on the beach. Come with us and visit the most beautiful national park of Dominican Republic, Visiting Mangroves, Caves and San Lorenzo Bay. After back to Samana port to take a\u00a0 private trip to Playa El Rincon Beach with Lunch on the Beach<\/p>\n<p>Bu deneyimden sonra, sahilde zaman\u0131n\u0131z\u0131 ve sahilde yerel \u00f6\u011fle yeme\u011finizi alacaks\u0131n\u0131z.<\/p>\n<ul>\n<li style=\"font-weight: 400;\"><span style=\"font-weight: 400;\">Sahilde a\u00e7\u0131k b\u00fcfe \u00f6\u011fle yeme\u011fi dahildir <\/span><\/li>\n<li style=\"font-weight: 400;\">\u00dccretler dahil<\/li>\n<li style=\"font-weight: 400;\"><span style=\"font-weight: 400;\">K\u0131lavuz talimat ve g\u00f6zetim sa\u011flar<\/span><\/li>\n<\/ul>\n<p>&nbsp;<\/p>\n<h4><b>Dahil Edilenler ve Hari\u00e7 Tutulanlar<\/b><\/h4>\n<p>&nbsp;<\/p>\n<p><b>Kapsamalar<\/b><\/p>\n<ol>\n<li style=\"font-weight: 400;\"><span style=\"font-weight: 400;\">\u00a0lunch on the beach<\/span><\/li>\n<li style=\"font-weight: 400;\">Los Haitises Tour + Playa El Rincon<\/li>\n<li style=\"font-weight: 400;\"><span style=\"font-weight: 400;\">T\u00fcm vergiler, har\u00e7lar ve i\u015flem \u00fccretleri<\/span><\/li>\n<li style=\"font-weight: 400;\"><span style=\"font-weight: 400;\">Yerel vergiler<\/span><\/li>\n<li style=\"font-weight: 400;\"><span style=\"font-weight: 400;\">\u0130\u00e7ecekler<\/span><\/li>\n<li style=\"font-weight: 400;\"><span style=\"font-weight: 400;\">T\u00fcm faaliyetler<\/span><\/li>\n<li style=\"font-weight: 400;\"><span style=\"font-weight: 400;\">Yerel rehber<\/span><\/li>\n<\/ol>\n<p><b> \u0130stisnalar<\/b><\/p>\n<ol>\n<li style=\"font-weight: 400;\"><span style=\"font-weight: 400;\">Bah\u015fi\u015fler<\/span><\/li>\n<li style=\"font-weight: 400;\"><span style=\"font-weight: 400;\">Aktar<\/span><\/li>\n<li style=\"font-weight: 400;\"><span style=\"font-weight: 400;\">Alkoll\u00fc i\u00e7ecekler<\/span><\/li>\n<\/ol>\n<p>&nbsp;<\/p>\n<h4><em><strong>Gidi\u015f &amp; D\u00f6n\u00fc\u015f<\/strong><\/em><\/h4>\n<p><span style=\"font-weight: 400;\">Rezervasyon S\u00fcrecinden sonra gezgin bir bulu\u015fma noktas\u0131na sahip olacakt\u0131r. Turlar bulu\u015fma noktalar\u0131m\u0131zda ba\u015flar ve biter.<\/span><\/p>\n<p>&nbsp;<\/p>\n<h4><b><i>Ne bekleyebilece\u011finizi?<\/i><\/b><\/h4>\n<p>&nbsp;<\/p>\n<p><em><strong>Biletlerinizi al\u0131n<\/strong><\/em> for visiting Los Haitises National Park with a wonderful lunch at Playa El Rincon Beach.<\/p>\n<p><span style=\"font-weight: 400;\">The tour, organized by \u00abBooking Adventures\u00bb starts at the meeting point set with the Tour Guide.<\/span><\/p>\n<div class=\"teaser-description\">Take a boat tour through Samana bay to Visit Los Haitises National Park, Going by mangrove swamps, past ancient pirate caves and into protected forests in this picturesque reserve.<\/div>\n<div class=\"body-description secondary\">\n<p>Come with Booking Adventures and start checking some bird-filled mangroves, rolling hills of lush vegetation and caves of <em><strong>Los Haitises Ulusal Park\u0131<\/strong><\/em>. Taking a boat Excursion from Samana Port.<\/p>\n<p>The national park\u2019s name comes from its original inhabitants, the Taino Indians. In their language \u201cHaitises\u201d translates to highlands or Hills, a reference to the coastline\u2019s steep geological formations with Limestones. Venture deeper into the park to explore caves such as the <em><strong>Cueva de la Arena<\/strong><\/em> Ve <strong><em>Cueva de la L\u00cdnea.<\/em><\/strong> Caves in the reserve were used as shelter by the Taino Indians and, later, by hiding pirates. Look for drawings by Indians that decorate some of the walls.<\/p>\n<p>After visiting Los Haitises National Park we will take the boat and going through the mangroves and Land at the open San Lorenzo Bay directly to\u00a0 Saman\u00e1 Port. In Saman\u00e1 Port, we take our private Transportation to El Rinc\u00f3n beach for lunch.<\/p>\n<p>Lunch will be delicious but we did not finish yet. After lunchtime, you will have time to enjoy the beach or just sit in a shade and enjoy Pi\u00f1a Colada or Coco Loco in one of typical Dominican bar. Around 4:30 pm leaving from the beach and coming back to Saman\u00e1.<\/p>\n<\/div>\n<p>In the beach and you can stay as long you want swimming around. Frite fish and Tostones are offered! If you are Vegan we also can set some food for you.<\/p>\n<p>&nbsp;<\/p>\n<h4><em><strong>Ne getirmelisiniz?<\/strong><\/em><\/h4>\n<ul>\n<li style=\"font-weight: 400;\"><span style=\"font-weight: 400;\">kamera<\/span><\/li>\n<li style=\"font-weight: 400;\"><span style=\"font-weight: 400;\">Kovucu tomurcuklar<\/span><\/li>\n<li style=\"font-weight: 400;\"><span style=\"font-weight: 400;\">G\u00fcne\u015f kremi<\/span><\/li>\n<li style=\"font-weight: 400;\"><span style=\"font-weight: 400;\">\u015eapka<\/span><\/li>\n<li style=\"font-weight: 400;\"><span style=\"font-weight: 400;\">Rahat pantolon<\/span><\/li>\n<li style=\"font-weight: 400;\"><span style=\"font-weight: 400;\">Orman i\u00e7in y\u00fcr\u00fcy\u00fc\u015f ayakkab\u0131s\u0131<\/span><\/li>\n<li style=\"font-weight: 400;\"><span style=\"font-weight: 400;\">Sandaletlerle sahile<\/span><\/li>\n<li style=\"font-weight: 400;\"><span style=\"font-weight: 400;\">Y\u00fczme giysileri<\/span><\/li>\n<\/ul>\n<p>&nbsp;<\/p>\n<h4><b><i>Otelden Alma <\/i><\/b><\/h4>\n<p><span style=\"font-weight: 400;\">Bu tur i\u00e7in otelden ara\u00e7la alma hizmeti sunulmamaktad\u0131r. <\/span><\/p>\n<p>&nbsp;<\/p>\n<p><b>Not:<\/b><span style=\"font-weight: 400;\"> Tur\/Gezi kalk\u0131\u015f saatinden sonraki 24 saat i\u00e7inde rezervasyon yapt\u0131r\u0131rsan\u0131z, ekstra \u00dccret kar\u015f\u0131l\u0131\u011f\u0131nda otelden al\u0131nmay\u0131 ayarlayabiliriz. Sat\u0131n alma i\u015fleminiz tamamland\u0131\u011f\u0131nda, yerel Tur rehberimizin kar\u015f\u0131lama d\u00fczenlemelerini organize etmesi i\u00e7in size tam ileti\u015fim bilgilerini (telefon numaras\u0131, e-posta adresi vb.) g\u00f6nderece\u011fiz.<\/span><\/p>\n<h4><b><i>Ek Bilgi Onay\u0131 <\/i><\/b><\/h4>\n<ol>\n<li>Tickets are the Receipt after paying this Tour. You can showthe payment on your phone.<\/li>\n<li style=\"font-weight: 400;\"><span style=\"font-weight: 400;\">Rezervasyon \u0130\u015fleminden Sonra Bulu\u015fma Noktas\u0131na Al\u0131nacakt\u0131r.<\/span><\/li>\n<li style=\"font-weight: 400;\"><span style=\"font-weight: 400;\">\u00c7ocuklara bir yeti\u015fkinin e\u015flik etmesi gerekmektedir.<\/span><\/li>\n<li style=\"font-weight: 400;\"><span style=\"font-weight: 400;\"> Tekerlekli sandalye eri\u015fimine uygun de\u011fil <\/span><\/li>\n<li style=\"font-weight: 400;\"><span style=\"font-weight: 400;\">Bebekler kucakta oturmal\u0131 <\/span><\/li>\n<li style=\"font-weight: 400;\"><span style=\"font-weight: 400;\">S\u0131rt sorunu olan gezginler i\u00e7in \u00f6nerilmez<\/span><\/li>\n<li style=\"font-weight: 400;\"><span style=\"font-weight: 400;\">Hamile gezginler i\u00e7in \u00f6nerilmez <\/span><\/li>\n<li style=\"font-weight: 400;\"><span style=\"font-weight: 400;\"> Kalp problemi veya ba\u015fka ciddi t\u0131bbi durum yok <\/span><\/li>\n<li style=\"font-weight: 400;\"><span style=\"font-weight: 400;\">\u00c7o\u011fu gezgin kat\u0131labilir<\/span><\/li>\n<\/ol>\n<h4><b><i>\u0130ptal politikas\u0131<\/i><\/b><\/h4>\n<p><span style=\"font-weight: 400;\">Tam para iadesi i\u00e7in deneyimin ba\u015flang\u0131\u00e7 tarihinden en az 24 saat \u00f6nce iptal edin.<\/span><\/p>\n\n\t\t<\/div>\n\t<\/div>\n<div class=\"vc_empty_space\"   style=\"height: 32px\"><span class=\"vc_empty_space_inner\"><\/span><\/div><\/div><\/div><\/div><\/div><div class=\"vc_row wpb_row vc_row-fluid\" ><div class=\"wpb_column vc_column_container vc_col-sm-12\"><div class=\"vc_column-inner\"><div class=\"wpb_wrapper\"><\/div><\/div><\/div><\/div>","protected":false},"excerpt":{"rendered":"<p>Los Haitises National Park and Playa El Rinc\u00f3n with Lunch on the beach. Come with us and visit the most beautiful national park of the Dominican Republic, Visiting Mangroves, Caves and San Lorenzo Bay. After back to Saman\u00e1 port to take a\u00a0 private trip to Playa El Rinc\u00f3n Beach with Lunch on the Beach.<\/p>\n<p>Get your tickets with offers here&#8230;<\/p>\n<p>&nbsp;<\/p>\n<p><strong>L\u00fctfen Tur Tarihini Se\u00e7iniz\u00a0<\/strong><\/p>","protected":false},"featured_media":227,"template":"","meta":[],"product_brand":[],"product_cat":[98,135,124,154],"product_tag":[138,195,196,142,147,148,143],"class_list":{"0":"post-11316","1":"product","2":"type-product","3":"status-publish","4":"has-post-thumbnail","6":"product_cat-local-tour-guides","7":"product_cat-lunch","8":"product_cat-tours-excursions-samana-bay-dominican-republic","9":"product_cat-trails-or-paths","10":"product_tag-beach-time","11":"product_tag-el-rincon-beach","12":"product_tag-playa-el-rincon","13":"product_tag-samana","14":"product_tag-samana-bay","15":"product_tag-samana-excursions","16":"product_tag-samana-tours","18":"first","19":"instock","20":"sale","21":"sold-individually","22":"shipping-taxable","23":"product-type-external"},"_links":{"self":[{"href":"https:\/\/haitises.com\/tr\/wp-json\/wp\/v2\/product\/11316","targetHints":{"allow":["GET"]}}],"collection":[{"href":"https:\/\/haitises.com\/tr\/wp-json\/wp\/v2\/product"}],"about":[{"href":"https:\/\/haitises.com\/tr\/wp-json\/wp\/v2\/types\/product"}],"wp:featuredmedia":[{"embeddable":true,"href":"https:\/\/haitises.com\/tr\/wp-json\/wp\/v2\/media\/227"}],"wp:attachment":[{"href":"https:\/\/haitises.com\/tr\/wp-json\/wp\/v2\/media?parent=11316"}],"wp:term":[{"taxonomy":"product_brand","embeddable":true,"href":"https:\/\/haitises.com\/tr\/wp-json\/wp\/v2\/product_brand?post=11316"},{"taxonomy":"product_cat","embeddable":true,"href":"https:\/\/haitises.com\/tr\/wp-json\/wp\/v2\/product_cat?post=11316"},{"taxonomy":"product_tag","embeddable":true,"href":"https:\/\/haitises.com\/tr\/wp-json\/wp\/v2\/product_tag?post=11316"}],"curies":[{"name":"wp","href":"https:\/\/api.w.org\/{rel}","templated":true}]}}