{"id":11312,"date":"2021-08-15T20:08:36","date_gmt":"2021-08-15T20:08:36","guid":{"rendered":"http:\/\/haitises.com\/?post_type=product&#038;p=11312"},"modified":"2024-04-10T14:25:59","modified_gmt":"2024-04-10T14:25:59","slug":"birdwatching-in-los-haitises-national-park-2","status":"publish","type":"product","link":"https:\/\/haitises.com\/tr\/ozel\/birdwatching-in-los-haitises-national-park-2\/","title":{"rendered":"Los Haitises Ulusal Park\u0131&#039;nda Ku\u015f G\u00f6zlemcili\u011fi"},"content":{"rendered":"<div class=\"vc_row wpb_row vc_row-fluid\" ><div class=\"wpb_column vc_column_container vc_col-sm-12\"><div class=\"vc_column-inner\"><div class=\"wpb_wrapper\">[mkdf_section_title title_tag=\u00bb\u00bb disable_break_words=\u00bbno\u00bb subtitle_tag=\u00bb\u00bb title=\u00bbRidgway&#8217;s Hawk Tour\u00bb subtitle=\u00bbBirding in Los Haitises National Park\u00bb]<\/div><\/div><\/div><\/div><div class=\"vc_row wpb_row vc_row-fluid\" ><div class=\"wpb_column vc_column_container vc_col-sm-12\"><div class=\"vc_column-inner\"><div class=\"wpb_wrapper\">\n\t<div class=\"wpb_text_column wpb_content_element\" >\n\t\t<div class=\"wpb_wrapper\">\n\t\t\t<h4><b><i>Genel Bak\u0131\u015f <\/i><\/b><\/h4>\n<section><\/section>\n<p>We are conserving 110 species of birds which you can find in Los Haitises National Park. Walking through this magical forest in search of parrots, Todys, Ridgway\u2019s Hawks, tanagers, hummingbirds, and much more. Providing interesting History about all these birds which you can see on the Humit trail. We know the spots habitats of Ridgway\u2019s, Ashy Faced Owls and other endemics species. This Tour is focus on nature and is more concentrated in the information about wildlife.<\/p>\n<p><strong>Ger\u00e7ekten y\u00fcksek kaliteli bir deneyim i\u00e7in genellikle \u00f6zel bir turdur.<\/strong><\/p>\n<h4><\/h4>\n<h4><b>Dahil Edilenler ve Hari\u00e7 Tutulanlar<\/b><\/h4>\n<p><b>Kapsamalar<\/b><\/p>\n<ol>\n<li style=\"font-weight: 400;\">Park patikalar\u0131nda 3 saatlik ku\u015f y\u00fcr\u00fcy\u00fc\u015f\u00fc<\/li>\n<li style=\"font-weight: 400;\"><span style=\"font-weight: 400;\">T\u00fcm vergiler, har\u00e7lar ve i\u015flem \u00fccretleri<\/span><\/li>\n<li style=\"font-weight: 400;\"><span style=\"font-weight: 400;\">Yerel vergiler<\/span><\/li>\n<li style=\"font-weight: 400;\">Yetkililer Ekolog tur rehberleri \u0130ngilizce\/\u0130spanyolca<\/li>\n<\/ol>\n<p><b> \u0130stisnalar<\/b><\/p>\n<ol>\n<li style=\"font-weight: 400;\"><span style=\"font-weight: 400;\">Bah\u015fi\u015fler<\/span><\/li>\n<li style=\"font-weight: 400;\"><span style=\"font-weight: 400;\">Aktar<\/span><\/li>\n<li style=\"font-weight: 400;\"><span style=\"font-weight: 400;\">\u0130\u00e7ecek<\/span><\/li>\n<\/ol>\n<p>&nbsp;<\/p>\n<h4><em><strong>Gidi\u015f &amp; D\u00f6n\u00fc\u015f<\/strong><\/em><\/h4>\n<p><span style=\"font-weight: 400;\">The tour, organized by \u00abBooking Adventures\u00bb starts at the meeting point set with the Tour Guide. The traveler will get a meeting point after the Reservation Process. Tours start and Finished in our meeting points.<\/span><\/p>\n<p>&nbsp;<\/p>\n<h4><b><i>Ne bekleyebilece\u011finizi?<\/i><\/b><\/h4>\n<p><em><strong>Biletinizi al\u0131n<\/strong><\/em> Los Haitises Ulusal Park\u0131'nda ku\u015f g\u00f6zlemcili\u011fi i\u00e7in.<\/p>\n<p>Bu gezi, bulu\u015fma noktas\u0131ndan Ridgway patikalar\u0131ndan Yuvalama alanlar\u0131na do\u011fru y\u00fcr\u00fcy\u00fc\u015fle ba\u015flar. 30 dakika y\u00fcr\u00fcy\u00fc\u015f yapt\u0131ktan ve \u015eahinleri izledikten sonra y\u00fcr\u00fcy\u00fc\u015fe devam etme ve Los Haitises Ulusal Park\u0131'ndaki Papa\u011fanlar\u0131, pikuletleri ve Di\u011fer Endemik t\u00fcrleri kontrol etme se\u00e7ene\u011fimiz var.<\/p>\n<p>Los Haitises Ulusal Park\u0131'nda Sabana de la Mar'da Ku\u015f G\u00f6zlemcili\u011fi i\u00e7in sadece iki Parkur bulunmaktad\u0131r. Los Haitises Ulusal Park\u0131'na giderken daha fazla ku\u015f g\u00f6rmek i\u00e7in baz\u0131 noktalarda duruyoruz.<\/p>\n<p>San Lorenzo K\u00f6rfezindeydik. iki Ma\u011faray\u0131 ziyaret edece\u011fiz, \u0130spanyolca Cueva de la Arena olarak adland\u0131r\u0131lan \u00dcz\u00fcc\u00fc Ma\u011fara; Bu Ma\u011farada, bu b\u00f6lgede kalan Tainos topluluklar\u0131ndan petrograflar\u0131 g\u00f6rebiliriz. ve ma\u011faralar\u0131 bir tap\u0131nak olarak kullan\u0131yor.<\/p>\n<p>Daha sonra, 2.243 orijinal piktograf\u0131n bulundu\u011fu Linea Ma\u011faras\u0131'na gidiyoruz ve tur rehberimiz size arkeologlardan bu piktograflar hakk\u0131nda bilgi veriyor.<\/p>\n<p>Tekneyi tekrar Pajaros adas\u0131na (Ku\u015flar Adas\u0131) g\u00f6t\u00fcrerek Los Haitises Ulusal Park\u0131 \u00e7evresindeki sulak alan ku\u015flar\u0131n\u0131n \u00e7o\u011funu g\u00f6rebiliyoruz. \u00c7\u00fcnk\u00fc b\u00fct\u00fcn ku\u015flar suda de\u011fil.<\/p>\n<p>Los Haitises Ulusal Park\u0131'nda ku\u015flar hakk\u0131nda 4 bu\u00e7uk saat \u00f6\u011frendikten sonra, bu gezi ba\u015flad\u0131\u011f\u0131 yerde sona eriyor.<\/p>\n<p><strong>Not: Bu turlar Resmi Ekolog tur rehberleri ile yap\u0131lmaktad\u0131r. Parkta \u00e7ok fazla uzman bulunmad\u0131\u011f\u0131ndan l\u00fctfen zaman\u0131nda rezervasyon yapt\u0131r\u0131n.<\/strong><\/p>\n<p>&nbsp;<\/p>\n<h4><em><strong>Ne getirmelisiniz?<\/strong><\/em><\/h4>\n<ul>\n<li style=\"font-weight: 400;\"><span style=\"font-weight: 400;\">kamera<\/span><\/li>\n<li>Binok\u00fcler<\/li>\n<li style=\"font-weight: 400;\"><span style=\"font-weight: 400;\">Kovucu tomurcuklar<\/span><\/li>\n<li style=\"font-weight: 400;\"><span style=\"font-weight: 400;\">G\u00fcne\u015f kremi<\/span><\/li>\n<li style=\"font-weight: 400;\"><span style=\"font-weight: 400;\">\u015eapka<\/span><\/li>\n<li style=\"font-weight: 400;\"><span style=\"font-weight: 400;\">Rahat pantolon<\/span><\/li>\n<li style=\"font-weight: 400;\"><span style=\"font-weight: 400;\">Orman i\u00e7in y\u00fcr\u00fcy\u00fc\u015f ayakkab\u0131s\u0131<\/span><\/li>\n<li style=\"font-weight: 400;\"><span style=\"font-weight: 400;\">Bahar b\u00f6lgelerine sandaletler.<\/span><\/li>\n<li style=\"font-weight: 400;\"><span style=\"font-weight: 400;\">Y\u00fczme giysileri<\/span><\/li>\n<\/ul>\n<p>&nbsp;<\/p>\n<h4><b><i>Otelden Alma <\/i><\/b><\/h4>\n<p><span style=\"font-weight: 400;\">Bu tur i\u00e7in otelden ara\u00e7la alma hizmeti sunulmamaktad\u0131r. <\/span><\/p>\n<p>&nbsp;<\/p>\n<p><b>Not:<\/b><span style=\"font-weight: 400;\"> Tur\/Gezi kalk\u0131\u015f saatinden sonraki 24 saat i\u00e7inde rezervasyon yap\u0131yorsan\u0131z, ekstra \u00dccret kar\u015f\u0131l\u0131\u011f\u0131nda otelden alma i\u015flemini d\u00fczenleyebiliriz. Sat\u0131n alma i\u015fleminiz tamamland\u0131ktan sonra, yerel Tur rehberimizin kar\u015f\u0131lama d\u00fczenlemelerini organize etmesi i\u00e7in size eksiksiz ileti\u015fim bilgilerini (telefon numaras\u0131, e-posta adresi vb.) G\u00f6nderece\u011fiz.<\/span><\/p>\n<h4><b><i>Ek Bilgi Onay\u0131 <\/i><\/b><\/h4>\n<ol>\n<li>Biletler bu Turu \u00f6dedikten sonra al\u0131nan Makbuzdur. \u00d6demeyi telefonunuzda g\u00f6sterebilirsiniz.<\/li>\n<li style=\"font-weight: 400;\"><span style=\"font-weight: 400;\">Rezervasyon \u0130\u015fleminden Sonra Bulu\u015fma Noktas\u0131na Al\u0131nacakt\u0131r.<\/span><\/li>\n<li style=\"font-weight: 400;\"><span style=\"font-weight: 400;\">\u00c7ocuklara bir yeti\u015fkinin e\u015flik etmesi gerekmektedir.<\/span><\/li>\n<li style=\"font-weight: 400;\"><span style=\"font-weight: 400;\"> Tekerlekli sandalye eri\u015fimine uygun de\u011fil <\/span><\/li>\n<li style=\"font-weight: 400;\"><span style=\"font-weight: 400;\">Bebekler kucakta oturmal\u0131 <\/span><\/li>\n<li style=\"font-weight: 400;\"><span style=\"font-weight: 400;\">S\u0131rt sorunu olan gezginler i\u00e7in \u00f6nerilmez<\/span><\/li>\n<li style=\"font-weight: 400;\"><span style=\"font-weight: 400;\">Hamile gezginler i\u00e7in \u00f6nerilmez <\/span><\/li>\n<li style=\"font-weight: 400;\"><span style=\"font-weight: 400;\"> Kalp problemi veya ba\u015fka ciddi t\u0131bbi durum yok <\/span><\/li>\n<li style=\"font-weight: 400;\"><span style=\"font-weight: 400;\">\u00c7o\u011fu gezgin kat\u0131labilir<\/span><\/li>\n<\/ol>\n<p>Bu tur Minimum 2 ki\u015fi ve Maksimum 15 ki\u015fi i\u00e7in sunulmaktad\u0131r. Daha az ki\u015fi olmas\u0131 durumunda l\u00fctfen bizimle ileti\u015fime ge\u00e7in.<\/p>\n<h4><b><i>\u0130ptal politikas\u0131<\/i><\/b><\/h4>\n<p><span style=\"font-weight: 400;\">Tam para iadesi i\u00e7in deneyimin ba\u015flang\u0131\u00e7 tarihinden en az 24 saat \u00f6nce iptal edin.<\/span><\/p>\n\n\t\t<\/div>\n\t<\/div>\n<\/div><\/div><\/div><\/div><div class=\"vc_row wpb_row vc_row-fluid\" ><div class=\"wpb_column vc_column_container vc_col-sm-12\"><div class=\"vc_column-inner\"><div class=\"wpb_wrapper\">\n\t<div class=\"wpb_text_column wpb_content_element\" >\n\t\t<div class=\"wpb_wrapper\">\n\t\t\t<h4>Bize Ula\u015f\u0131n?<\/h4>\n<h5><em><strong>Rezervasyon Maceralar\u0131<\/strong><\/em><\/h5>\n<p><em><strong>Yerliler<\/strong> Ve <strong>Vatanda\u015flar<\/strong> Tur Rehberleri ve Misafir Hizmetleri<\/em><\/p>\n<p><span class=\"text-turquoise\">Rezervasyonlar:<\/span> Dom. Cum. s\u0131n\u0131rlar\u0131ndaki Turlar ve Geziler<\/p>\n<p><img decoding=\"async\" class=\"emoji\" draggable=\"false\" src=\"https:\/\/s.w.org\/images\/core\/emoji\/11.2.0\/svg\/1f4de.svg\" alt=\"\ud83d\udcde\" title=\"\"> Tel\/Whatsapp\u00a0 <a href=\"tel:+1-809-720-6035\">+1-809-720-6035<\/a>.<\/p>\n<p><img decoding=\"async\" class=\"emoji\" draggable=\"false\" src=\"https:\/\/s.w.org\/images\/core\/emoji\/11.2.0\/svg\/1f4e9.svg\" alt=\"\ud83d\udce9\" title=\"\"> <a href=\"mailto:info@bookingadventures.com.do\">info@bookingadventures.com.do<\/a><\/p>\n<p><strong>Whatsapp ile \u00d6zel Turlar\u0131 Esnek Ayarl\u0131yoruz: <a href=\"tel:+18097206035\">+18097206035.<\/a><\/strong><\/p>\n\n\t\t<\/div>\n\t<\/div>\n<\/div><\/div><\/div><\/div>","protected":false},"excerpt":{"rendered":"<p>Yerel Tur rehberi ile Los Haitises Ulusal Park\u0131 gezisi ku\u015f g\u00f6zlemcili\u011fi + Ma\u011faralar \u00fczerine yo\u011funla\u015fmaktad\u0131r. Los Haitises Ulusal Park\u0131'ndaki Koylar\u0131, Mangrovlar\u0131, Bitki \u00d6rt\u00fcs\u00fcn\u00fc, Ku\u015f\u00e7ulu\u011fu, Ma\u011faralar\u0131, Piktograflar\u0131 ve Sabana de la Mar'\u0131n tarihi alanlar\u0131n\u0131 ziyaret etmek.<\/p>\n<p>&nbsp;<\/p>\n<p><em><strong>L\u00fctfen Tur Tarihini Se\u00e7iniz\u00a0<\/strong><\/em><\/p>","protected":false},"featured_media":177,"template":"","meta":[],"product_brand":[],"product_cat":[119,120,96,98,121,122,123,124],"product_tag":[176,177,178,179,448,180,181,182,183,184,185,186,132,187,133,189,190,191,192,114,142,147,193],"class_list":{"0":"post-11312","1":"product","2":"type-product","3":"status-publish","4":"has-post-thumbnail","6":"product_cat-caves","7":"product_cat-fees-entrace","8":"product_cat-hiking","9":"product_cat-local-tour-guides","10":"product_cat-mangroves","11":"product_cat-tours-and-excursions","12":"product_cat-tours-excursions-los-haitises-national-park","13":"product_cat-tours-excursions-samana-bay-dominican-republic","14":"product_tag-biding-sabana-de-la-mar","15":"product_tag-birding","16":"product_tag-birding-dominican-republic","17":"product_tag-birding-in-los-haitises","18":"product_tag-birding-tour-from-punta-cana","19":"product_tag-birdwatching","20":"product_tag-birdwatching-dominicana","21":"product_tag-birdwtaching","22":"product_tag-boat-tour-birding","23":"product_tag-carretera-cano-hondo","24":"product_tag-eco-lodge-paraiso-cano-hondo","25":"product_tag-hire-a-guide-in-los-haitises","26":"product_tag-los-haitises","27":"product_tag-los-haitises-birding","28":"product_tag-los-haitises-national-park","29":"product_tag-los-haitises-national-park-cano-hondo","30":"product_tag-los-haitises-samana","31":"product_tag-nature","32":"product_tag-ridgways-hawk","33":"product_tag-sabana-de-la-mar","34":"product_tag-samana","35":"product_tag-samana-bay","36":"product_tag-wildlife","38":"first","39":"instock","40":"sale","41":"sold-individually","42":"shipping-taxable","43":"product-type-external"},"_links":{"self":[{"href":"https:\/\/haitises.com\/tr\/wp-json\/wp\/v2\/product\/11312","targetHints":{"allow":["GET"]}}],"collection":[{"href":"https:\/\/haitises.com\/tr\/wp-json\/wp\/v2\/product"}],"about":[{"href":"https:\/\/haitises.com\/tr\/wp-json\/wp\/v2\/types\/product"}],"wp:featuredmedia":[{"embeddable":true,"href":"https:\/\/haitises.com\/tr\/wp-json\/wp\/v2\/media\/177"}],"wp:attachment":[{"href":"https:\/\/haitises.com\/tr\/wp-json\/wp\/v2\/media?parent=11312"}],"wp:term":[{"taxonomy":"product_brand","embeddable":true,"href":"https:\/\/haitises.com\/tr\/wp-json\/wp\/v2\/product_brand?post=11312"},{"taxonomy":"product_cat","embeddable":true,"href":"https:\/\/haitises.com\/tr\/wp-json\/wp\/v2\/product_cat?post=11312"},{"taxonomy":"product_tag","embeddable":true,"href":"https:\/\/haitises.com\/tr\/wp-json\/wp\/v2\/product_tag?post=11312"}],"curies":[{"name":"wp","href":"https:\/\/api.w.org\/{rel}","templated":true}]}}