{"id":11302,"date":"2021-08-15T20:08:36","date_gmt":"2021-08-15T20:08:36","guid":{"rendered":"http:\/\/haitises.com\/?post_type=product&#038;p=11302"},"modified":"2021-08-15T20:08:37","modified_gmt":"2021-08-15T20:08:37","slug":"salto-de-la-jalda-national-park-the-highest-waterfall-in-the-caribbean-272-feet-2","status":"publish","type":"product","link":"https:\/\/haitises.com\/tr\/ozel\/salto-de-la-jalda-national-park-the-highest-waterfall-in-the-caribbean-272-feet-2\/","title":{"rendered":"Salto de la Jalda Milli Park\u0131 - Karayipler&#039;deki en y\u00fcksek \u015eelale 82 metre"},"content":{"rendered":"<div class=\"vc_row wpb_row vc_row-fluid\" ><div class=\"wpb_column vc_column_container vc_col-sm-12\"><div class=\"vc_column-inner\"><div class=\"wpb_wrapper\">[mkdf_section_title title_tag=\u00bb\u00bb disable_break_words=\u00bbno\u00bb subtitle_tag=\u00bb\u00bb text_font_weight=\u00bb\u00bb title=\u00bbSalto de la Jalda National Park\u00bb subtitle=\u00bbThe highest Waterfall in Caribbean 272 feet\u00bb text=\u00bbHike or Horses Riding.\u00bb]<\/div><\/div><\/div><\/div><div class=\"vc_row wpb_row vc_row-fluid\" ><div class=\"wpb_column vc_column_container vc_col-sm-12\"><div class=\"vc_column-inner\"><div class=\"wpb_wrapper\">\n\t<div class=\"wpb_text_column wpb_content_element\" >\n\t\t<div class=\"wpb_wrapper\">\n\t\t\t<h4><b><i>Genel Bak\u0131\u015f <\/i><\/b><\/h4>\n<p>Bu \u00f6zel bir turdur\u00a0<strong>La Jalda \u015eelaleleri<\/strong> At binme veya Y\u00fcr\u00fcy\u00fc\u015f ile. Hindistan Cevizi Palmiyeleri G\u00f6lgelik alt\u0131nda Kakao ve Kahve orman\u0131n\u0131 ziyaret etmek. \u015eelalelere vard\u0131\u011f\u0131n\u0131zda y\u00fczmenize ve Yerel Rehberinizle zaman\u0131 ayarlaman\u0131za izin verilir.<\/p>\n<p>Yerel halkla birlikte \u00f6\u011frenin ve G\u00fcvenli bir yolculuk yap\u0131n. Biletlerinizi Bug\u00fcnden Al\u0131n.<\/p>\n<p>&nbsp;<\/p>\n<ul>\n<li>At Binme veya Y\u00fcr\u00fcy\u00fc\u015f<\/li>\n<li style=\"font-weight: 400;\"><span style=\"font-weight: 400;\">K\u0131lavuz talimatlar ve Denetim sa\u011flar<\/span><\/li>\n<li>Milli Park \u00dccretleri<\/li>\n<\/ul>\n<p>&nbsp;<\/p>\n<h4><b>Dahil Edilenler ve Hari\u00e7 Tutulanlar<\/b><\/h4>\n<p>&nbsp;<\/p>\n<p><b>Kapsamalar<\/b><\/p>\n<ol>\n<li style=\"font-weight: 400;\"><span style=\"font-weight: 400;\">Y\u00fcr\u00fcy\u00fc\u015f veya At Binme Turu<\/span><\/li>\n<li style=\"font-weight: 400;\"><span style=\"font-weight: 400;\">T\u00fcm vergiler, har\u00e7lar ve i\u015flem \u00fccretleri<\/span><\/li>\n<li style=\"font-weight: 400;\"><span style=\"font-weight: 400;\">Yerel vergiler<\/span><\/li>\n<li style=\"font-weight: 400;\"><span style=\"font-weight: 400;\">\u0130\u00e7ecekler<\/span><\/li>\n<li style=\"font-weight: 400;\"><span style=\"font-weight: 400;\">T\u00fcm faaliyetler<\/span><\/li>\n<li style=\"font-weight: 400;\"><span style=\"font-weight: 400;\">Yerel rehber<\/span><\/li>\n<\/ol>\n<p><b> \u0130stisnalar<\/b><\/p>\n<ol>\n<li style=\"font-weight: 400;\"><span style=\"font-weight: 400;\">Bah\u015fi\u015fler<\/span><\/li>\n<li style=\"font-weight: 400;\"><span style=\"font-weight: 400;\">Aktar<\/span><\/li>\n<li>\u00d6\u011fle yeme\u011fi<\/li>\n<li style=\"font-weight: 400;\"><span style=\"font-weight: 400;\">Alkoll\u00fc i\u00e7ecekler<\/span><\/li>\n<\/ol>\n<p>&nbsp;<\/p>\n<h4><em><strong>Gidi\u015f &amp; D\u00f6n\u00fc\u015f<\/strong><\/em><\/h4>\n<p><span style=\"font-weight: 400;\">Rezervasyon S\u00fcrecinden sonra gezgin bir bulu\u015fma noktas\u0131na sahip olacakt\u0131r. Turlar bulu\u015fma noktalar\u0131m\u0131zda ba\u015flar ve biter.<\/span><\/p>\n<p>&nbsp;<\/p>\n<h2>Salto de la Jalda Ulusal Park\u0131'nda Y\u00fcr\u00fcy\u00fc\u015f<\/h2>\n<h4><b><i>Ne bekleyebilece\u011finizi?<\/i><\/b><\/h4>\n<p><em><strong>Biletlerinizi al\u0131n<\/strong><\/em> Karayipler'in En Y\u00fcksek \u015eelalesi'ni ziyaret etti\u011finiz i\u00e7in.\u00a0 <strong>El Salto la Jalda<\/strong> Y\u00fcr\u00fcy\u00fc\u015f ve at binme.<\/p>\n<p><span style=\"font-weight: 400;\">The tour, organized by \u00abBooking Adventures\u00bb starts at the meeting point set with the Tour Guide. <\/span>Turumuza ba\u015flamak i\u00e7in<strong> Denizin Savanas\u0131<\/strong>. Then we get into the vehicle we drive 25 min to Magua Community. Where we will meet our local hiking guides. Living your vehicle in a safe parking place, we go on horse riding or on foot to the National Park Salto de La Jalda, with a time of three hours to arrive there.<\/p>\n<p>Yol 6,5 kilometreden olu\u015fuyor, Dominik Orman\u0131 boyunca Cacaos, Hindistancevizi ve Kahve orman\u0131ndan ge\u00e7en uzun bir deneyim.  T\u00fcm gezimizde, Magua Nehri'nin yak\u0131n\u0131ndan ge\u00e7ece\u011fiz ve \u00e7ok zorlanmadan yakla\u015f\u0131k 8 kez ge\u00e7ece\u011fiz.<\/p>\n<p>Parkurun neredeyse tamam\u0131, b\u00f6lge Salto de La Jalda Milli Park\u0131 ilan edilmeden \u00f6nce dikilmi\u015f b\u00fcy\u00fck miktarda kakao orman\u0131n\u0131n g\u00f6lgesine sahiptir. Ekoturizm maceras\u0131n\u0131n bu ilk b\u00f6l\u00fcm\u00fcnde ku\u015flar\u0131n \u015fark\u0131lar\u0131n\u0131n, su ak\u0131nt\u0131lar\u0131n\u0131n sesinin, \u00e7o\u011funlukla d\u00fcz arazinin ve t\u00fcm ye\u015fil bitki \u00f6rt\u00fcs\u00fcn\u00fcn tad\u0131n\u0131 \u00e7\u0131karabilirsiniz.<\/p>\n<p>La Jalda Milli Park\u0131 arazisinde kakaonun yan\u0131 s\u0131ra kahve tarlalar\u0131n\u0131 da g\u00f6rebilirsiniz. \u015eelaleye varmak \u00fczereyken, Jalda Ulusal Park\u0131'na tahsis edilmi\u015f Magua kasabas\u0131na \u00f6zg\u00fc park korucular\u0131n\u0131n evlerine u\u011fruyoruz. Orada Salto de La Jalda'n\u0131n genel olarak muhte\u015fem manzaras\u0131n\u0131 g\u00f6rebilece\u011finiz k\u0131sa bir mola verebilirsiniz.<\/p>\n<p>\u015eelalelere kadar devam edece\u011fiz. orada y\u00fczmek ve birka\u00e7 saat sonra ayn\u0131 patikadan araca geri d\u00f6nmek. Bu ekstrem bir macera. L\u00fctfen y\u00fcr\u00fcy\u00fc\u015f i\u00e7in ko\u015fullar\u0131n\u0131z yoksa ata binmeniz gerekir.<\/p>\n<p>&nbsp;<\/p>\n<h4><em><strong>Ne getirmelisiniz?<\/strong><\/em><\/h4>\n<ul>\n<li style=\"font-weight: 400;\"><span style=\"font-weight: 400;\">kamera<\/span><\/li>\n<li style=\"font-weight: 400;\"><span style=\"font-weight: 400;\">Kovucu tomurcuklar<\/span><\/li>\n<li style=\"font-weight: 400;\"><span style=\"font-weight: 400;\">G\u00fcne\u015f kremi<\/span><\/li>\n<li style=\"font-weight: 400;\"><span style=\"font-weight: 400;\">\u015eapka<\/span><\/li>\n<li style=\"font-weight: 400;\"><span style=\"font-weight: 400;\">Rahat pantolon<\/span><\/li>\n<li style=\"font-weight: 400;\"><span style=\"font-weight: 400;\">Orman i\u00e7in y\u00fcr\u00fcy\u00fc\u015f ayakkab\u0131s\u0131<\/span><\/li>\n<li style=\"font-weight: 400;\"><span style=\"font-weight: 400;\">Y\u00fczme giysileri<\/span><\/li>\n<li>Ekstra Su \u015ei\u015fesi<\/li>\n<li>\u00d6\u011fle yeme\u011fi veya at\u0131\u015ft\u0131rmal\u0131klar<\/li>\n<\/ul>\n<p>&nbsp;<\/p>\n<h4><b><i>Otelden Alma <\/i><\/b><\/h4>\n<p><span style=\"font-weight: 400;\">Bu tur i\u00e7in otelden ara\u00e7la alma hizmeti sunulmamaktad\u0131r. <\/span><\/p>\n<p>&nbsp;<\/p>\n<p><b>Not:<\/b><span style=\"font-weight: 400;\"> Tur\/Gezi kalk\u0131\u015f saatinden sonraki 24 saat i\u00e7inde rezervasyon yap\u0131yorsan\u0131z, ekstra \u00dccret kar\u015f\u0131l\u0131\u011f\u0131nda otelden alma i\u015flemini d\u00fczenleyebiliriz. Sat\u0131n alma i\u015fleminiz tamamland\u0131ktan sonra, yerel Tur rehberimizin kar\u015f\u0131lama d\u00fczenlemelerini organize etmesi i\u00e7in size eksiksiz ileti\u015fim bilgilerini (telefon numaras\u0131, e-posta adresi vb.) G\u00f6nderece\u011fiz.<\/span><\/p>\n<h4><b><i>Ek Bilgi Onay\u0131 <\/i><\/b><\/h4>\n<ol>\n<li>Biletler bu Turu \u00f6dedikten sonra al\u0131nan Makbuzdur. \u00d6demeyi telefonunuzda g\u00f6sterebilirsiniz.<\/li>\n<li style=\"font-weight: 400;\"><span style=\"font-weight: 400;\">Rezervasyon \u0130\u015fleminden Sonra Bulu\u015fma Noktas\u0131na Al\u0131nacakt\u0131r.<\/span><\/li>\n<li style=\"font-weight: 400;\"><span style=\"font-weight: 400;\">\u00c7ocuklara bir yeti\u015fkinin e\u015flik etmesi gerekmektedir.<\/span><\/li>\n<li style=\"font-weight: 400;\"><span style=\"font-weight: 400;\"> Tekerlekli sandalye eri\u015fimine uygun de\u011fil <\/span><\/li>\n<li style=\"font-weight: 400;\"><span style=\"font-weight: 400;\">Bu gezi i\u00e7in Bebeklere izin verilmez<\/span><\/li>\n<li style=\"font-weight: 400;\"><span style=\"font-weight: 400;\">S\u0131rt sorunu olan gezginler i\u00e7in \u00f6nerilmez<\/span><\/li>\n<li style=\"font-weight: 400;\"><span style=\"font-weight: 400;\">Hamile gezginler i\u00e7in \u00f6nerilmez <\/span><\/li>\n<li style=\"font-weight: 400;\"><span style=\"font-weight: 400;\"> Kalp problemi veya ba\u015fka ciddi t\u0131bbi durum yok <\/span><\/li>\n<li style=\"font-weight: 400;\"><span style=\"font-weight: 400;\">\u00c7o\u011fu gezgin kat\u0131labilir<\/span><\/li>\n<\/ol>\n<h4><b><i>\u0130ptal politikas\u0131<\/i><\/b><\/h4>\n<p><span style=\"font-weight: 400;\">Tam para iadesi i\u00e7in deneyimin ba\u015flang\u0131\u00e7 tarihinden en az 24 saat \u00f6nce iptal edin.<\/span><\/p>\n\n\t\t<\/div>\n\t<\/div>\n<\/div><\/div><\/div><\/div><div class=\"vc_row wpb_row vc_row-fluid\" ><div class=\"wpb_column vc_column_container vc_col-sm-12\"><div class=\"vc_column-inner\"><div class=\"wpb_wrapper\">\n\t<div class=\"wpb_text_column wpb_content_element\" >\n\t\t<div class=\"wpb_wrapper\">\n\t\t\t<h4>Bize Ula\u015f\u0131n?<\/h4>\n<h5><em><strong>Rezervasyon Maceralar\u0131<\/strong><\/em><\/h5>\n<p><em><strong>Yerliler<\/strong> Ve <strong>Vatanda\u015flar<\/strong> Tur Rehberleri ve Misafir Hizmetleri<\/em><\/p>\n<p><span class=\"text-turquoise\">Rezervasyonlar:<\/span> Dom. Cum. s\u0131n\u0131rlar\u0131ndaki Turlar ve Geziler<\/p>\n<p><img decoding=\"async\" class=\"emoji\" draggable=\"false\" src=\"https:\/\/s.w.org\/images\/core\/emoji\/11.2.0\/svg\/1f4de.svg\" alt=\"\ud83d\udcde\" title=\"\"> Tel\/Whatsapp\u00a0 <a href=\"tel:+1-809-720-6035\">+1-809-720-6035<\/a>.<\/p>\n<p><img decoding=\"async\" class=\"emoji\" draggable=\"false\" src=\"https:\/\/s.w.org\/images\/core\/emoji\/11.2.0\/svg\/1f4e9.svg\" alt=\"\ud83d\udce9\" title=\"\"> <a href=\"mailto:info@bookingadventures.com.do\">info@bookingadventures.com.do<\/a><\/p>\n<p><strong>Whatsapp ile \u00d6zel Turlar\u0131 Esnek Ayarl\u0131yoruz: <a href=\"tel:+18097206035\">+18097206035.<\/a><\/strong><\/p>\n\n\t\t<\/div>\n\t<\/div>\n<\/div><\/div><\/div><\/div>","protected":false},"excerpt":{"rendered":"<p>Karayipler'in en y\u00fcksek \u015felalesine do\u011fru ekstrem bir macera. Yerlilerle birlikte \u015eelaleye y\u00fcr\u00fcy\u00fc\u015fe veya Ata binmeye gelin. Ormandaki ger\u00e7ek Dominik ya\u015fam tarz\u0131n\u0131 \u00f6\u011frenmek. Dominik Cumhuriyeti'ndeki en b\u00fcy\u00fck Kakao a\u011fa\u00e7lar\u0131 orman\u0131n\u0131 ziyaret etmek ve Yerli Tur rehberleri ile bu hikayeyi \u00f6\u011frenmek.<\/p>\n<p>Bu geziye rezervasyon yapt\u0131\u011f\u0131n\u0131zda Magua, Sabana de la Mar Toplulu\u011fu'ndan Aileleri desteklemi\u015f olursunuz. Y\u0131l boyunca turistlerin olmad\u0131\u011f\u0131 bir yer. Para bu yerel halkta kal\u0131yor.<\/p>\n<p>&nbsp;<\/p>\n<p><strong>L\u00fctfen Tur Tarihini Se\u00e7iniz\u00a0<\/strong><\/p>","protected":false},"featured_media":62,"template":"","meta":[],"product_brand":[],"product_cat":[95,96,97,98,99,100],"product_tag":[101,102,103,104,105,106,107,108,109,110,111,112,113,114,115,116,117,118],"class_list":{"0":"post-11302","1":"product","2":"type-product","3":"status-publish","4":"has-post-thumbnail","6":"product_cat-hike-to-miches-la-jalda-waterfall-waterfalls","7":"product_cat-hiking","8":"product_cat-horse-riding-to-waterfalls","9":"product_cat-local-tour-guides","10":"product_cat-swimming-natural-springs","11":"product_cat-waterfalls","12":"product_tag-higthest-waterfall-in-the-caribean","13":"product_tag-hike-la-jalda","14":"product_tag-hike-to-miches-la-jalda-waterfall-waterfalls","15":"product_tag-hiking","16":"product_tag-la-jalda-excursions","17":"product_tag-la-jalda-horses","18":"product_tag-la-jalda-national-park","19":"product_tag-la-jalda-waterfall","20":"product_tag-leaping","21":"product_tag-leaping-jalda","22":"product_tag-magua","23":"product_tag-magua-la-jalda","24":"product_tag-miches","25":"product_tag-sabana-de-la-mar","26":"product_tag-salto-de-la-jalda","27":"product_tag-salto-la-jalda-sabana-de-la-mar","28":"product_tag-salto-la-jalda-tours","29":"product_tag-waterfalls","31":"first","32":"instock","33":"sale","34":"featured","35":"virtual","36":"sold-individually","37":"purchasable","38":"product-type-simple"},"_links":{"self":[{"href":"https:\/\/haitises.com\/tr\/wp-json\/wp\/v2\/product\/11302","targetHints":{"allow":["GET"]}}],"collection":[{"href":"https:\/\/haitises.com\/tr\/wp-json\/wp\/v2\/product"}],"about":[{"href":"https:\/\/haitises.com\/tr\/wp-json\/wp\/v2\/types\/product"}],"wp:featuredmedia":[{"embeddable":true,"href":"https:\/\/haitises.com\/tr\/wp-json\/wp\/v2\/media\/62"}],"wp:attachment":[{"href":"https:\/\/haitises.com\/tr\/wp-json\/wp\/v2\/media?parent=11302"}],"wp:term":[{"taxonomy":"product_brand","embeddable":true,"href":"https:\/\/haitises.com\/tr\/wp-json\/wp\/v2\/product_brand?post=11302"},{"taxonomy":"product_cat","embeddable":true,"href":"https:\/\/haitises.com\/tr\/wp-json\/wp\/v2\/product_cat?post=11302"},{"taxonomy":"product_tag","embeddable":true,"href":"https:\/\/haitises.com\/tr\/wp-json\/wp\/v2\/product_tag?post=11302"}],"curies":[{"name":"wp","href":"https:\/\/api.w.org\/{rel}","templated":true}]}}