{"id":11065,"date":"2021-04-09T10:46:12","date_gmt":"2021-04-09T10:46:12","guid":{"rendered":"http:\/\/haitises.com\/product\/import-placeholder-for-11569\/"},"modified":"2024-04-12T17:39:32","modified_gmt":"2024-04-12T17:39:32","slug":"private-kayaking-snorkeling-with-lunch-on-cayo-levantado-island","status":"publish","type":"product","link":"https:\/\/haitises.com\/tr\/ozel\/private-kayaking-snorkeling-with-lunch-on-cayo-levantado-island\/","title":{"rendered":"Private Kayaking &#038; Snorkeling with Lunch on Cayo Levantado Island"},"content":{"rendered":"<div class=\"vc_row wpb_row vc_row-fluid\" ><div class=\"wpb_column vc_column_container vc_col-sm-12\"><div class=\"vc_column-inner\"><div class=\"wpb_wrapper\"><div class=\"vc_empty_space\"   style=\"height: 32px\"><span class=\"vc_empty_space_inner\"><\/span><\/div>[mkdf_section_title title_tag=\u00bb\u00bb disable_break_words=\u00bbno\u00bb subtitle_tag=\u00bb\u00bb title=\u00bbPrivate Kayaking &amp; Snorkeling with Lunch on Cayo Levantado Island\u00bb subtitle=\u00bbFrom Saman\u00e1 port Private Tour\u00bb]<div class=\"vc_empty_space\"   style=\"height: 32px\"><span class=\"vc_empty_space_inner\"><\/span><\/div><\/div><\/div><\/div><\/div><div class=\"vc_row wpb_row vc_row-fluid\" ><div class=\"wpb_column vc_column_container vc_col-sm-12\"><div class=\"vc_column-inner\"><div class=\"wpb_wrapper\">\n\t<div class=\"wpb_text_column wpb_content_element\" >\n\t\t<div class=\"wpb_wrapper\">\n\t\t\t<div class=\"vc_row wpb_row vc_row-fluid\">\n<div class=\"wpb_column vc_column_container vc_col-sm-12\">\n<div class=\"vc_column-inner\">\n<div class=\"wpb_wrapper\">\n<div class=\"wpb_text_column wpb_content_element\">\n<div class=\"wpb_wrapper\">\n<div class=\"vc_row wpb_row vc_row-fluid\">\n<div class=\"wpb_column vc_column_container vc_col-sm-12\">\n<div class=\"vc_column-inner\">\n<div class=\"wpb_wrapper\">\n<div class=\"wpb_text_column wpb_content_element\">\n<div class=\"wpb_wrapper\">\n<h4><b><i>Genel Bak\u0131\u015f<img decoding=\"async\" class=\"emoji\" draggable=\"false\" src=\"https:\/\/s.w.org\/images\/core\/emoji\/12.0.0-1\/svg\/1f433.svg\" alt=\"\ud83d\udc33\" title=\"\"><\/i><\/b><\/h4>\n<p><strong>Avoid big groups of tourists<\/strong> and make your Private Kayaking &amp; Snorkeling Tour in Saman\u00e1 Bay starting from Saman\u00e1 port.<\/p>\n<p>Admire 40 min unparalleled panoramic views of the Samana Bay from the sea in kayak going for snorkeling in the crystal waters off a nearby beach of the famous Cayo Levantado\/Bacardi island. Where we can stretch our legs and wear our snorkeling kits, there&#8217;s another world to explore!<br \/>\nAfter snorkeling we will go to take a typical Dominican lunch provided on the beach and discover the most beautiful island in the Dominican Republic. Home to a beautiful luxury hotel, white sandy beaches, lush rain-forest and incredible skilled artists offering their handmade paintings and other products.<\/p>\n<p>What you can do on the island?<br \/>\nSwimming, walking around, playing volleyball, taking photos, snorkeling, enjoying the beach or just relaxing in shadow and taking a refreshing beverage (Pi\u00f1a Colada, Coco Loco, Cuba Libre etc.) There are many options how to enjoy the island for everyone!<\/p>\n<p>On our way back to Samana we change perspective and our attention is captured by details that we had not noticed before, enjoying every single meter approximately 40 min.<\/p>\n<p>We are the only one who offer this Tour in the whole Dominican Republic! This unique experience is a nature and sea lover\u2019s dream come true.<\/p>\n<p><strong>Not:<\/strong> This tour is Private. (Just you and family or friends and Tour Guide).<\/p>\n<p>&nbsp;<\/p>\n<h4><b>Dahil Edilenler ve Hari\u00e7 Tutulanlar<\/b><\/h4>\n<p>&nbsp;<\/p>\n<p><b>Kapsamalar<\/b><\/p>\n<p>&nbsp;<\/p>\n<ol>\n<li>Sahilde a\u00e7\u0131k b\u00fcfe \u00f6\u011fle yeme\u011fi<\/li>\n<li>Tour Guide<\/li>\n<li>Kayaks, paddle<\/li>\n<li>Lifejacket<\/li>\n<li>Snorkeling kit<\/li>\n<li>T\u00fcm vergiler, har\u00e7lar ve i\u015flem \u00fccretleri<\/li>\n<li>Yerel vergiler<\/li>\n<li>Beverages (Bottle of water per person)<\/li>\n<\/ol>\n<p><b>\u0130stisnalar<\/b><\/p>\n<ol>\n<li>Bah\u015fi\u015fler<\/li>\n<li>Transfer Car<\/li>\n<li>Alkoll\u00fc i\u00e7ecekler<\/li>\n<\/ol>\n<p>&nbsp;<\/p>\n<h4><em><strong>Gidi\u015f &amp; D\u00f6n\u00fc\u015f<\/strong><\/em><\/h4>\n<p>This trip starts at 8:00 Am and finishes around 4:00 Pm. But because it will be a private trip you may set the time for starting and to finish.<\/p>\n<p>The traveler will get a meeting point after the Reservation Process. Tours start and Finish in our meeting points.<\/p>\n<p>&nbsp;<\/p>\n<h4><b><i>Ne bekleyebilece\u011finizi?<\/i><\/b><\/h4>\n<p>&nbsp;<\/p>\n<p><em><strong>Biletlerinizi al\u0131n<\/strong><\/em> for Kayaking &amp; Snorkeling in Samana Bay. 40 min of unparalleled panoramic views of the Samana Bay from the sea in kayak and snorkeling in the crystal waters off a nearby beach of the famous Cayo Levantado\/Bacardi. Typical Dominican Lunch provided on the beach. In the whale watching season there is possibility to see the humpback whales.<\/p>\n<p>The Kayaking &amp; Snorkeling Tour, organized by \u201cBooking Adventures\u201d starts at the meeting point set with the Tour Guide. Lunch at the beach and you can stay as long as you want swimming around. If you are Vegan we also can set some food for you.<\/p>\n<p><strong>Timetable:<\/strong><\/p>\n<p>8:00 AM \u2013 4:00 PM<\/p>\n<p>&nbsp;<\/p>\n<h4><em><strong>Ne getirmelisiniz?<\/strong><\/em><\/h4>\n<ul>\n<li>kamera<\/li>\n<li>Towel<\/li>\n<li>Sun protection<\/li>\n<li>\u015eapka<\/li>\n<li>Comfortable pants and shoes<\/li>\n<li>Sandals to the beach<\/li>\n<li>Y\u00fczme giysileri<\/li>\n<li>Cash for souvenirs<\/li>\n<\/ul>\n<p>&nbsp;<\/p>\n<h4><b><i>Otelden Alma<\/i><\/b><\/h4>\n<p>Bu tur i\u00e7in otelden ara\u00e7la alma hizmeti sunulmamaktad\u0131r.<\/p>\n<p>&nbsp;<\/p>\n<p><b>Not:<\/b>\u00a0Tur\/Gezi kalk\u0131\u015f saatinden sonraki 24 saat i\u00e7inde rezervasyon yapt\u0131r\u0131rsan\u0131z, ekstra \u00dccret kar\u015f\u0131l\u0131\u011f\u0131nda otelden al\u0131nmay\u0131 ayarlayabiliriz. Sat\u0131n alma i\u015fleminiz tamamland\u0131\u011f\u0131nda, yerel Tur rehberimizin kar\u015f\u0131lama d\u00fczenlemelerini organize etmesi i\u00e7in size tam ileti\u015fim bilgilerini (telefon numaras\u0131, e-posta adresi vb.) g\u00f6nderece\u011fiz.<\/p>\n<h4><b><i>Ek Bilgi Onay\u0131<\/i><\/b><\/h4>\n<ol>\n<li>Biletler bu Turu \u00f6dedikten sonra al\u0131nan Makbuzdur. \u00d6demeyi telefonunuzda g\u00f6sterebilirsiniz.<\/li>\n<li>Rezervasyon \u0130\u015fleminden Sonra Bulu\u015fma Noktas\u0131na Al\u0131nacakt\u0131r.<\/li>\n<li>\u00c7ocuklara bir yeti\u015fkinin e\u015flik etmesi gerekmektedir.<\/li>\n<li>wheelchair accessible<\/li>\n<li>Bebekler kucakta oturmal\u0131<\/li>\n<li>\u00c7o\u011fu gezgin kat\u0131labilir<\/li>\n<\/ol>\n<h4><b><i>\u0130ptal politikas\u0131<\/i><\/b><\/h4>\n<p>Tam para iadesi i\u00e7in deneyimin ba\u015flang\u0131\u00e7 tarihinden en az 24 saat \u00f6nce iptal edin.<\/p>\n<\/div>\n<\/div>\n<\/div>\n<\/div>\n<\/div>\n<\/div>\n<\/div>\n<\/div>\n<\/div>\n<\/div>\n<\/div>\n<\/div>\n<div class=\"vc_row wpb_row vc_row-fluid\">\n<div class=\"wpb_column vc_column_container vc_col-sm-12\">\n<div class=\"vc_column-inner\">\n<div class=\"wpb_wrapper\">\n<div class=\"vc_empty_space\"><\/div>\n<div class=\"wpb_text_column wpb_content_element\">\n<div class=\"wpb_wrapper\">\n<h4>Bize Ula\u015f\u0131n?<\/h4>\n<h5><b><i>Rezervasyon Maceralar\u0131<\/i><\/b><\/h5>\n<p><em><strong>Yerliler<\/strong>\u00a0Ve\u00a0<strong>Vatanda\u015flar<\/strong>\u00a0Tur Rehberleri ve Misafir Hizmetleri<\/em><\/p>\n<p><span class=\"text-turquoise\">Rezervasyonlar:<\/span>\u00a0Dom. Cum. s\u0131n\u0131rlar\u0131ndaki Turlar ve Geziler<\/p>\n<p><img decoding=\"async\" class=\"emoji\" draggable=\"false\" src=\"https:\/\/s.w.org\/images\/core\/emoji\/11.2.0\/svg\/1f4de.svg\" alt=\"\ud83d\udcde\" title=\"\">\u00a0Tel\/Whatsapp\u00a0\u00a0<a href=\"tel:+1-809-720-6035\">+1-809-720-6035<\/a>.<\/p>\n<p><img decoding=\"async\" class=\"emoji\" draggable=\"false\" src=\"https:\/\/s.w.org\/images\/core\/emoji\/11.2.0\/svg\/1f4e9.svg\" alt=\"\ud83d\udce9\" title=\"\">\u00a0<a href=\"mailto:info@bookingadventures.com.do\">info@bookingadventures.com.do<\/a><\/p>\n<p><strong>Whatsapp ile \u00d6zel Turlar\u0131 Esnek Ayarl\u0131yoruz:\u00a0<a href=\"tel:+18097206035\">+18097206035.<\/a><\/strong><\/p>\n<\/div>\n<\/div>\n<\/div>\n<\/div>\n<\/div>\n<\/div>\n\n\t\t<\/div>\n\t<\/div>\n<\/div><\/div><\/div><\/div>","protected":false},"excerpt":{"rendered":"<p>Private Kayaking and Snorkeling tour in Samana Bay, Dominican Republic with Local Tour Guides. Feel free to set up your starting time that suit you. Book now this Excursion in Samana Bay to live the true Caribbean Adventure.<\/p>\n<p>Note: This tour is a private!<\/p>\n<p>&nbsp;<\/p>\n<p><em><strong>Please Select the date for The Excursion:<\/strong><\/em><\/p>","protected":false},"featured_media":11086,"template":"","meta":[],"product_brand":[],"product_cat":[124],"product_tag":[137,162,197,201,143,271,354,234],"class_list":{"0":"post-11065","1":"product","2":"type-product","3":"status-publish","4":"has-post-thumbnail","6":"product_cat-tours-excursions-samana-bay-dominican-republic","7":"product_tag-bacardi-island","8":"product_tag-cayo-levantado-day-pass","9":"product_tag-kayaking-dominican-republic","10":"product_tag-private-tours-samana","11":"product_tag-samana-tours","12":"product_tag-samana-whale-watching","13":"product_tag-snorkeling","14":"product_tag-whale-samana","16":"first","17":"instock","18":"sale","19":"sold-individually","20":"shipping-taxable","21":"product-type-external"},"_links":{"self":[{"href":"https:\/\/haitises.com\/tr\/wp-json\/wp\/v2\/product\/11065","targetHints":{"allow":["GET"]}}],"collection":[{"href":"https:\/\/haitises.com\/tr\/wp-json\/wp\/v2\/product"}],"about":[{"href":"https:\/\/haitises.com\/tr\/wp-json\/wp\/v2\/types\/product"}],"wp:featuredmedia":[{"embeddable":true,"href":"https:\/\/haitises.com\/tr\/wp-json\/wp\/v2\/media\/11086"}],"wp:attachment":[{"href":"https:\/\/haitises.com\/tr\/wp-json\/wp\/v2\/media?parent=11065"}],"wp:term":[{"taxonomy":"product_brand","embeddable":true,"href":"https:\/\/haitises.com\/tr\/wp-json\/wp\/v2\/product_brand?post=11065"},{"taxonomy":"product_cat","embeddable":true,"href":"https:\/\/haitises.com\/tr\/wp-json\/wp\/v2\/product_cat?post=11065"},{"taxonomy":"product_tag","embeddable":true,"href":"https:\/\/haitises.com\/tr\/wp-json\/wp\/v2\/product_tag?post=11065"}],"curies":[{"name":"wp","href":"https:\/\/api.w.org\/{rel}","templated":true}]}}