{"id":10913,"date":"2020-07-19T00:16:18","date_gmt":"2020-07-19T00:16:18","guid":{"rendered":"http:\/\/haitises.com\/?post_type=product&#038;p=10913"},"modified":"2024-04-15T18:40:08","modified_gmt":"2024-04-15T18:40:08","slug":"bahia-de-las-aguilas-dia-de-playa-y-tour-en-bote-pasa-dia-esnorquel-almuerzo","status":"publish","type":"product","link":"https:\/\/haitises.com\/tr\/ozel\/bahia-de-las-aguilas-dia-de-playa-y-tour-en-bote-pasa-dia-esnorquel-almuerzo\/","title":{"rendered":"Bahia de las Aguilas: Plaj G\u00fcn\u00fc ve Tekne Turu - G\u00fcnl\u00fck Ge\u00e7i\u015f - \u015enorkelle Dalma ve \u00d6\u011fle Yeme\u011fi"},"content":{"rendered":"<div class=\"vc_row wpb_row vc_row-fluid\" ><div class=\"wpb_column vc_column_container vc_col-sm-12\"><div class=\"vc_column-inner\"><div class=\"wpb_wrapper\">[mkdf_section_title title_tag=\u00bb\u00bb disable_break_words=\u00bbno\u00bb subtitle_tag=\u00bb\u00bb title=\u00bbBah\u00eda de las \u00c1guilas: D\u00eda de playa y viaje en bote\u00bb subtitle=\u00bbPasa d\u00eda &#8211; Esn\u00f3rquel &amp; Almuerzo\u00bb]<\/div><\/div><\/div><\/div><div class=\"vc_row wpb_row vc_row-fluid\" ><div class=\"wpb_column vc_column_container vc_col-sm-12\"><div class=\"vc_column-inner\"><div class=\"wpb_wrapper\">\n\t<div class=\"wpb_text_column wpb_content_element\" >\n\t\t<div class=\"wpb_wrapper\">\n\t\t\t<h3>Tan\u0131m<\/h3>\n<p>Disfruta de un d\u00eda en la playa y deja que tu esp\u00edritu fluya, lejos de las zonas tur\u00edsticas y de todo el estr\u00e9s. Ven y descubre el Parque Nacional Jaragua y Bah\u00eda de las \u00c1guilas. Conduzca por un hermoso camino con impresionantes vistas del peque\u00f1o puerto y el pueblo pesquero de Cabo Rojo. En Las Cuevas abordas un bote que te lleva en un viaje de 15 minutos a una de las playas naturales m\u00e1s bellas del mundo. Las arenas de la Bah\u00eda de las \u00c1guilas son v\u00edrgenes y la bah\u00eda cubre 8 km. Experimente un paisaje costero excepcional con aguas cristalinas que brillan en tonos que van desde el azul turquesa hasta el azul \u00f3palo derriti\u00e9ndose en el horizonte. El almuerzo se sirve en la playa, nada o practica snorkel y explora este para\u00edso natural virgen.<\/p>\n<ul>\n<li>Gu\u00eda local con experiencia en seguridad en la zona.<\/li>\n<li>Transporte privado<\/li>\n<li>\u00dccretler dahil<\/li>\n<li>\u00d6\u011fle yeme\u011fi<\/li>\n<li>Gu\u00eda de turismo local en espa\u00f1ol, ingl\u00e9s o franc\u00e9s.<\/li>\n<li>Excursionismo<\/li>\n<li>Bucear<\/li>\n<\/ul>\n<h3>Dahil edilenler ve hari\u00e7 tutulanlar<\/h3>\n<h4>Kapsamalar<\/h4>\n<ol>\n<li>Gu\u00eda local con experiencia en seguridad en la zona.<\/li>\n<li>Transporte privado para grupos peque\u00f1os.<\/li>\n<li>T\u00fcm vergiler, har\u00e7lar ve ta\u015f\u0131ma \u00fccretleri<\/li>\n<li>Yerel vergiler<\/li>\n<li>\u00d6\u011fle yeme\u011fi<\/li>\n<li>Excursionismo<\/li>\n<li>Piscinas Naturales<\/li>\n<li>Bucear<\/li>\n<li>T\u00fcm aktiviteler<\/li>\n<\/ol>\n<h4>\u0130stisnalar<\/h4>\n<ol>\n<li>\u0130pu\u00e7lar\u0131<\/li>\n<li>Todas las bebidas<\/li>\n<\/ol>\n<h3><em>Kalk\u0131\u015f ve d\u00f6n\u00fc\u015f<\/em><\/h3>\n<p>Yolcu, rezervasyon i\u015fleminden sonra bir bulu\u015fma noktas\u0131 alacakt\u0131r. Turlar bulu\u015fma noktalar\u0131nda ba\u015flar ve biter.<\/p>\n<p>Bah\u00eda de las Aguilas: excursi\u00f3n de un d\u00eda a la playa en bote &#8211; Pase de un d\u00eda &#8211; Snorkeling y almuerzo<\/p>\n<h3><em>Ne bekleyebilece\u011finizi?<\/em><\/h3>\n<p>Playa de las Aguilas lleva el nombre del \u00e1guila ind\u00edgena. Es conocida como la playa m\u00e1s hermosa de todo el pa\u00eds. El clima del parque es muy \u00e1rido y la vegetaci\u00f3n se compone principalmente de cactus y otras plantas del desierto. El camino de tierra roja que corre a lo largo de la bah\u00eda es comparable a un paisaje de sabana africana.<br \/>\nDescubra este para\u00edso para los pescadores y amantes de las playas de arena blanca y aguas cristalinas. Pero primero, viaja al pueblo La Cueva, donde los pescadores locales viven dentro de las cuevas.<\/p>\n<p>\u00bfFalta algo en este momento perfecto de la imagen?<\/p>\n<p>El mar en calma y el viento suave evitar\u00e1n que sufras demasiado por el sol y el calor. Convi\u00e9rtete en un explorador por el d\u00eda y descubre un para\u00edso ecol\u00f3gico, natural y totalmente virgen. Puede observar m\u00e1s de 130 especies de aves, 76 de las cuales viven permanentemente en la bah\u00eda, 10 son end\u00e9micas y 47 son migrantes.<\/p>\n<p><strong>Horario:<\/strong><\/p>\n<ul>\n<li>08.00 &#8211; Salida desde su hotel<\/li>\n<li>09.30 &#8211; Parada corta en la Laguna de Oviedo para disfrutar de la vista desde la plataforma de observaci\u00f3n.<\/li>\n<li>11.00 &#8211; Salida en bote desde el pueblo La Cueva hacia la Bah\u00eda de las Aguilas<\/li>\n<li>12.30 &#8211; Almuerzo t\u00edpico en la playa.<\/li>\n<li>03.00 &#8211; Regreso a La Cueva<\/li>\n<li>06.00 &#8211; Llegada a su hotel<\/li>\n<\/ul>\n<h3><em>Ne getirmelisiniz?<\/em><\/h3>\n<ul>\n<li>Kamera<\/li>\n<li>Kovucular<\/li>\n<li>G\u00fcne\u015f kremi<\/li>\n<li>Agua<\/li>\n<li>\u015eapka<\/li>\n<li>Rahat pantolon<\/li>\n<li>Orman y\u00fcr\u00fcy\u00fc\u015f ayakkab\u0131lar\u0131<\/li>\n<li>Yay alanlar\u0131na sandaletler.<\/li>\n<li>Mayo<\/li>\n<\/ul>\n<h3><em>Otelden alma<\/em><\/h3>\n<p>Se ofrece recogida en el hotel para este recorrido. Recogida \/ Transporte desde su hotel (\u00e1rea de Barahona \/ Paraiso \/ Los Patos).<\/p>\n<p><strong>Not:<\/strong> Si realiza la reserva dentro de las 24 horas de la hora de salida del tour \/ excursi\u00f3n, podemos organizar la recogida en el hotel. Acabamos de recoger en el \u00e1rea de Saman\u00e1. Una vez que se complete su compra, le enviaremos informaci\u00f3n de contacto completa (n\u00famero de tel\u00e9fono, direcci\u00f3n de correo electr\u00f3nico, etc.) para que nuestro gu\u00eda tur\u00edstico local organice los arreglos de recogida.<\/p>\n<h3><em>Ek bilgilerin do\u011frulanmas\u0131<\/em><\/h3>\n<ol>\n<li>Biletler, bu Tur i\u00e7in \u00f6deme yap\u0131ld\u0131ktan sonra al\u0131nan Makbuzdur. \u00d6demeyi telefonunuzda g\u00f6sterebilirsiniz.<\/li>\n<li>Rezervasyon i\u015fleminin ard\u0131ndan bulu\u015fma noktas\u0131 al\u0131nacakt\u0131r.<\/li>\n<li>\u00c7ocuklara bir yeti\u015fkinin e\u015flik etmesi gerekmektedir.<\/li>\n<li>Tekerlekli sandalye eri\u015fimine uygun de\u011fil<\/li>\n<li>Los infantes deben sentarse en el regazo<\/li>\n<li>S\u0131rt sorunu olan gezginler i\u00e7in \u00f6nerilmez.<\/li>\n<li>No recomendado para muejeres embarazadas.<\/li>\n<li>Kalp problemi ya da di\u011fer ciddi sa\u011fl\u0131k sorunlar\u0131 yok.<\/li>\n<li>\u00c7o\u011fu gezgin kat\u0131labilir.<\/li>\n<\/ol>\n<h3><em>\u0130ptal politikas\u0131<\/em><\/h3>\n<p>Tam para iadesi i\u00e7in deneyim ba\u015flang\u0131\u00e7 tarihinden en az 24 saat \u00f6nce iptal edin. Rezervasyonun seyahatle ayn\u0131 g\u00fcn iptal edilmesi durumunda para kayb\u0131 ya\u015fanacakt\u0131r.<\/p>\n<p>&nbsp;<\/p>\n<p>&nbsp;<\/p>\n<h4>Bize \u015fu adresten ula\u015f\u0131n<\/h4>\n<h5>Reserva de Aventuras<\/h5>\n<p><em>Tur rehberleri <strong>Locales<\/strong> Ve <strong>ulusal<\/strong> y servicios para hu\u00e9spedes<\/em><\/p>\n<p>Rezervasyonlar: Dom. Cum. Turlar\u0131 ve Gezileri<\/p>\n<p>Tel\/Whatsapp +1-809-720-6035.<\/p>\n<p>info@bookingadventures.com.do<\/p>\n<p>Somos flexibles Configurando tours privados por<strong>\u00a0Whatsapp: <a href=\"tel:+18097206035\">+18097206035.<\/a><\/strong><\/p>\n\n\t\t<\/div>\n\t<\/div>\n<\/div><\/div><\/div><\/div>","protected":false},"excerpt":{"rendered":"<p>La mejor actividad\u00a0 para visitar Bah\u00eda Las Aguilas desde Barahona. Conduce por el parque nacional Jaragua y dir\u00edgete a Cabo Rojo, donde te espera un bote. Despu\u00e9s de un paseo de 15 minutos con el bote, llegar\u00e1 a la hermosa y aislada Bah\u00eda de las \u00c1guilas, que se considera la playa m\u00e1s hermosa del pa\u00eds. El almuerzo se servir\u00e1 en la playa y tendr\u00e1 la oportunidad de nadar o simplemente relajarse en la playa. Disfruta de la arena blanca de esta playa de 8 km de largo.<\/p>\n<p>&nbsp;<\/p>\n<p><strong>Seleccione la fecha para este Tour:<\/strong><\/p>","protected":false},"featured_media":500,"template":"","meta":[],"product_brand":[],"product_cat":[396,135,443],"product_tag":[397,398,399,400,401,402,403,404,405,406,407,408,409,410,411],"class_list":{"0":"post-10913","1":"product","2":"type-product","3":"status-publish","4":"has-post-thumbnail","6":"product_cat-bahia-de-las-aguilas-dominican-republic","7":"product_cat-lunch","8":"product_cat-tours-y-excursiones-es","9":"product_tag-bahia-de-las-aguilas","10":"product_tag-bahia-de-las-aguilas-pedernales","11":"product_tag-bahia-de-las-aguilas-beach-tour","12":"product_tag-bahia-de-las-aguilas-hoteles","13":"product_tag-bahia-de-las-aguilas-map","14":"product_tag-bahia-de-las-aguilas-private-tour","15":"product_tag-bahia-de-las-aguilas-republica-dominicana-hotel","16":"product_tag-bahia-de-las-aguilas-tour-from-punta-cana","17":"product_tag-bahia-de-las-aguilas-beach-day-trip-by-boat","18":"product_tag-bahia-las-aguilas-tours","19":"product_tag-barahona-tours","20":"product_tag-closest-airport-to-bahia-de-las-aguilas","21":"product_tag-hotel-barahona","22":"product_tag-playa-bahia-de-las-aguilas-dominican-republic","23":"product_tag-tours-a-bahia-de-las-aguilas-desde-santo-domingo","25":"first","26":"instock","27":"sale","28":"sold-individually","29":"shipping-taxable","30":"product-type-external"},"_links":{"self":[{"href":"https:\/\/haitises.com\/tr\/wp-json\/wp\/v2\/product\/10913","targetHints":{"allow":["GET"]}}],"collection":[{"href":"https:\/\/haitises.com\/tr\/wp-json\/wp\/v2\/product"}],"about":[{"href":"https:\/\/haitises.com\/tr\/wp-json\/wp\/v2\/types\/product"}],"wp:featuredmedia":[{"embeddable":true,"href":"https:\/\/haitises.com\/tr\/wp-json\/wp\/v2\/media\/500"}],"wp:attachment":[{"href":"https:\/\/haitises.com\/tr\/wp-json\/wp\/v2\/media?parent=10913"}],"wp:term":[{"taxonomy":"product_brand","embeddable":true,"href":"https:\/\/haitises.com\/tr\/wp-json\/wp\/v2\/product_brand?post=10913"},{"taxonomy":"product_cat","embeddable":true,"href":"https:\/\/haitises.com\/tr\/wp-json\/wp\/v2\/product_cat?post=10913"},{"taxonomy":"product_tag","embeddable":true,"href":"https:\/\/haitises.com\/tr\/wp-json\/wp\/v2\/product_tag?post=10913"}],"curies":[{"name":"wp","href":"https:\/\/api.w.org\/{rel}","templated":true}]}}