{"id":548,"date":"2020-06-15T15:48:44","date_gmt":"2020-06-15T15:48:44","guid":{"rendered":"http:\/\/haitises.com\/?post_type=product&#038;p=548"},"modified":"2024-04-19T15:58:28","modified_gmt":"2024-04-19T15:58:28","slug":"parque-nacional-los-haitises-excursion-de-kayak-y-senderismo","status":"publish","type":"product","link":"https:\/\/haitises.com\/th\/\u0e2a\u0e48\u0e27\u0e19\u0e15\u0e31\u0e27\/parque-nacional-los-haitises-excursion-de-kayak-y-senderismo\/","title":{"rendered":"\u0e1e\u0e32\u0e22\u0e40\u0e23\u0e37\u0e2d\u0e04\u0e32\u0e22\u0e31\u0e04\u0e43\u0e19\u0e2d\u0e38\u0e17\u0e22\u0e32\u0e19\u0e41\u0e2b\u0e48\u0e07\u0e0a\u0e32\u0e15\u0e34 Los Haitises \u0e41\u0e25\u0e30\u0e40\u0e14\u0e34\u0e19\u0e1b\u0e48\u0e32"},"content":{"rendered":"<div class=\"vc_row wpb_row vc_row-fluid\" ><div class=\"wpb_column vc_column_container vc_col-sm-12\"><div class=\"vc_column-inner\"><div class=\"wpb_wrapper\">\n\t<div class=\"wpb_text_column wpb_content_element\" >\n\t\t<div class=\"wpb_wrapper\">\n\t\t\t<h3>\u0e04\u0e33\u0e2d\u0e18\u0e34\u0e1a\u0e32\u0e22<\/h3>\n<p>\u0e40\u0e2a\u0e49\u0e19\u0e17\u0e32\u0e07\u0e40\u0e14\u0e34\u0e19\u0e1b\u0e48\u0e32 + \u0e1e\u0e32\u0e22\u0e40\u0e23\u0e37\u0e2d\u0e04\u0e32\u0e22\u0e31\u0e04\u0e19\u0e35\u0e49\u0e40\u0e23\u0e34\u0e48\u0e21\u0e15\u0e49\u0e19\u0e08\u0e32\u0e01\u0e17\u0e48\u0e32\u0e40\u0e23\u0e37\u0e2d Ca\u00f1o Hondo \/ Sabana de La Mar \u0e40\u0e23\u0e32\u0e08\u0e30\u0e40\u0e14\u0e34\u0e19\u0e44\u0e1b\u0e15\u0e32\u0e21\u0e1b\u0e48\u0e32\u0e40\u0e1b\u0e35\u0e22\u0e01\u0e43\u0e19\u0e2d\u0e38\u0e17\u0e22\u0e32\u0e19\u0e41\u0e2b\u0e48\u0e07\u0e0a\u0e32\u0e15\u0e34 Los Haitises \u0e1b\u0e23\u0e30\u0e21\u0e32\u0e13 3 \u0e0a\u0e31\u0e48\u0e27\u0e42\u0e21\u0e07 \u0e04\u0e38\u0e13\u0e08\u0e30\u0e44\u0e14\u0e49\u0e40\u0e23\u0e35\u0e22\u0e19\u0e23\u0e39\u0e49\u0e40\u0e01\u0e35\u0e48\u0e22\u0e27\u0e01\u0e31\u0e1a\u0e1e\u0e37\u0e0a\u0e2a\u0e21\u0e38\u0e19\u0e44\u0e1e\u0e23\u0e43\u0e19\u0e1e\u0e37\u0e49\u0e19\u0e17\u0e35\u0e48\u0e19\u0e35\u0e49 \u0e0a\u0e21\u0e1b\u0e48\u0e32\u0e43\u0e1a\u0e01\u0e27\u0e49\u0e32\u0e07\u0e1b\u0e10\u0e21\u0e20\u0e39\u0e21\u0e34\u0e41\u0e25\u0e30\u0e17\u0e38\u0e15\u0e34\u0e22\u0e20\u0e39\u0e21\u0e34\u0e43\u0e19\u0e20\u0e39\u0e40\u0e02\u0e32\u0e02\u0e2d\u0e07\u0e2d\u0e38\u0e17\u0e22\u0e32\u0e19\u0e41\u0e2b\u0e48\u0e07\u0e0a\u0e32\u0e15\u0e34 Los Haitises \u0e41\u0e25\u0e30\u0e43\u0e19\u0e40\u0e27\u0e25\u0e32\u0e40\u0e14\u0e35\u0e22\u0e27\u0e01\u0e31\u0e19\u0e01\u0e47\u0e44\u0e1b\u0e16\u0e36\u0e07\u0e15\u0e49\u0e19\u0e19\u0e49\u0e33\u0e02\u0e2d\u0e07\u0e41\u0e21\u0e48\u0e19\u0e49\u0e33 Jivales \u0e08\u0e32\u0e01\u0e08\u0e38\u0e14\u0e17\u0e35\u0e48\u0e19\u0e49\u0e33\u0e43\u0e19\u0e41\u0e2d\u0e48\u0e07\u0e18\u0e23\u0e23\u0e21\u0e0a\u0e32\u0e15\u0e34\u0e02\u0e2d\u0e07\u0e23\u0e30\u0e1a\u0e1a\u0e19\u0e34\u0e40\u0e27\u0e28 \u0e22\u0e37\u0e48\u0e19\u0e2d\u0e2d\u0e01\u0e21\u0e32 \u0e2e\u0e2d\u0e19\u0e42\u0e14 \u0e04\u0e32\u0e42\u0e19 \u0e08\u0e32\u0e01\u0e19\u0e31\u0e49\u0e19\u0e40\u0e23\u0e32\u0e01\u0e47\u0e19\u0e33\u0e2d\u0e38\u0e1b\u0e01\u0e23\u0e13\u0e4c\u0e17\u0e35\u0e48\u0e08\u0e33\u0e40\u0e1b\u0e47\u0e19\u0e40\u0e1e\u0e37\u0e48\u0e2d\u0e04\u0e27\u0e32\u0e21\u0e1b\u0e25\u0e2d\u0e14\u0e20\u0e31\u0e22\u0e02\u0e2d\u0e07\u0e04\u0e38\u0e13 (\u0e40\u0e2a\u0e37\u0e49\u0e2d\u0e0a\u0e39\u0e0a\u0e35\u0e1e \u0e2f\u0e25\u0e2f) \u0e1e\u0e32\u0e22\u0e40\u0e23\u0e37\u0e2d\u0e04\u0e32\u0e22\u0e31\u0e04 \u0e41\u0e25\u0e30\u0e02\u0e49\u0e32\u0e21\u0e1b\u0e48\u0e32\u0e0a\u0e32\u0e22\u0e40\u0e25\u0e19 \u0e04\u0e38\u0e13\u0e08\u0e30\u0e40\u0e2b\u0e47\u0e19\u0e1b\u0e48\u0e32\u0e0a\u0e32\u0e22\u0e40\u0e25\u0e19\u0e17\u0e35\u0e48\u0e40\u0e15\u0e47\u0e21\u0e44\u0e1b\u0e14\u0e49\u0e27\u0e22\u0e19\u0e01 \u0e40\u0e19\u0e34\u0e19\u0e40\u0e02\u0e32\u0e17\u0e35\u0e48\u0e40\u0e02\u0e35\u0e22\u0e27\u0e02\u0e08\u0e35 \u0e1c\u0e48\u0e32\u0e19\u0e1b\u0e48\u0e32\u0e0a\u0e32\u0e22\u0e40\u0e25\u0e19\u0e41\u0e25\u0e30\u0e17\u0e35\u0e48\u0e14\u0e34\u0e19\u0e43\u0e19\u0e2d\u0e48\u0e32\u0e27\u0e40\u0e1b\u0e34\u0e14\u0e02\u0e2d\u0e07 San Lorenzo \u0e08\u0e32\u0e01\u0e08\u0e38\u0e14\u0e17\u0e35\u0e48\u0e04\u0e38\u0e13\u0e2a\u0e32\u0e21\u0e32\u0e23\u0e16\u0e16\u0e48\u0e32\u0e22\u0e20\u0e32\u0e1e\u0e17\u0e34\u0e27\u0e17\u0e31\u0e28\u0e19\u0e4c\u0e1b\u0e48\u0e32\u0e44\u0e21\u0e49\u0e2d\u0e31\u0e19\u0e19\u0e48\u0e32\u0e2d\u0e31\u0e28\u0e08\u0e23\u0e23\u0e22\u0e4c\u0e44\u0e14\u0e49<\/p>\n<p>\u0e2b\u0e25\u0e31\u0e07\u0e08\u0e32\u0e01\u0e1b\u0e23\u0e30\u0e2a\u0e1a\u0e01\u0e32\u0e23\u0e13\u0e4c\u0e19\u0e35\u0e49 \u0e04\u0e38\u0e13\u0e08\u0e30\u0e01\u0e25\u0e31\u0e1a\u0e44\u0e1b\u0e17\u0e35\u0e48 Cano Hondo \u0e2b\u0e23\u0e37\u0e2d Sabana de la mar<\/p>\n<ul>\n<li>\u0e23\u0e27\u0e21\u0e20\u0e32\u0e29\u0e35\u0e41\u0e25\u0e49\u0e27<\/li>\n<li>\u0e17\u0e31\u0e27\u0e23\u0e4c\u0e40\u0e14\u0e34\u0e19\u0e1b\u0e48\u0e32\u0e44\u0e1b\u0e22\u0e31\u0e07\u0e2d\u0e38\u0e17\u0e22\u0e32\u0e19\u0e41\u0e2b\u0e48\u0e07\u0e0a\u0e32\u0e15\u0e34 Los Haitises<\/li>\n<li>\u0e04\u0e39\u0e48\u0e21\u0e37\u0e2d\u0e19\u0e35\u0e49\u0e08\u0e30\u0e43\u0e2b\u0e49\u0e04\u0e33\u0e41\u0e19\u0e30\u0e19\u0e33\u0e41\u0e25\u0e30\u0e01\u0e32\u0e23\u0e01\u0e33\u0e01\u0e31\u0e1a\u0e14\u0e39\u0e41\u0e25<\/li>\n<\/ul>\n<h3>\u0e01\u0e32\u0e23\u0e23\u0e27\u0e21\u0e41\u0e25\u0e30\u0e01\u0e32\u0e23\u0e22\u0e01\u0e40\u0e27\u0e49\u0e19<\/h3>\n<h4>\u0e01\u0e32\u0e23\u0e23\u0e27\u0e21<\/h4>\n<ol>\n<li>\u0e2d\u0e38\u0e17\u0e22\u0e32\u0e19\u0e41\u0e2b\u0e48\u0e07\u0e0a\u0e32\u0e15\u0e34\u0e25\u0e2d\u0e2a\u0e40\u0e2e\u0e15\u0e34\u0e40\u0e0b\u0e2a<\/li>\n<li>\u0e40\u0e14\u0e34\u0e19\u0e1b\u0e48\u0e32+\u0e1e\u0e32\u0e22\u0e40\u0e23\u0e37\u0e2d\u0e04\u0e32\u0e22\u0e31\u0e04<\/li>\n<li>\u0e20\u0e32\u0e29\u0e35 \u0e04\u0e48\u0e32\u0e18\u0e23\u0e23\u0e21\u0e40\u0e19\u0e35\u0e22\u0e21 \u0e41\u0e25\u0e30\u0e04\u0e48\u0e32\u0e18\u0e23\u0e23\u0e21\u0e40\u0e19\u0e35\u0e22\u0e21\u0e01\u0e32\u0e23\u0e08\u0e31\u0e14\u0e01\u0e32\u0e23\u0e17\u0e31\u0e49\u0e07\u0e2b\u0e21\u0e14<\/li>\n<li>\u0e20\u0e32\u0e29\u0e35\u0e17\u0e49\u0e2d\u0e07\u0e16\u0e34\u0e48\u0e19<\/li>\n<li>\u0e40\u0e04\u0e23\u0e37\u0e48\u0e2d\u0e07\u0e14\u0e37\u0e48\u0e21<\/li>\n<li>\u0e01\u0e34\u0e08\u0e01\u0e23\u0e23\u0e21\u0e17\u0e31\u0e49\u0e07\u0e2b\u0e21\u0e14<\/li>\n<li>\u0e21\u0e31\u0e04\u0e04\u0e38\u0e40\u0e17\u0e28\u0e01\u0e4c\u0e17\u0e49\u0e2d\u0e07\u0e16\u0e34\u0e48\u0e19<\/li>\n<\/ol>\n<h4>\u0e02\u0e49\u0e2d\u0e22\u0e01\u0e40\u0e27\u0e49\u0e19<\/h4>\n<ol>\n<li>\u0e40\u0e04\u0e25\u0e47\u0e14\u0e25\u0e31\u0e1a<\/li>\n<li>\u0e02\u0e19\u0e2a\u0e48\u0e07<\/li>\n<li>\u0e2d\u0e32\u0e2b\u0e32\u0e23\u0e01\u0e25\u0e32\u0e07\u0e27\u0e31\u0e19<\/li>\n<li>\u0e40\u0e04\u0e23\u0e37\u0e48\u0e2d\u0e07\u0e14\u0e37\u0e48\u0e21\u0e41\u0e2d\u0e25\u0e01\u0e2d\u0e2e\u0e2d\u0e25\u0e4c<\/li>\n<\/ol>\n<h3><em>\u0e2d\u0e2d\u0e01\u0e40\u0e14\u0e34\u0e19\u0e17\u0e32\u0e07\u0e41\u0e25\u0e30\u0e01\u0e25\u0e31\u0e1a<\/em><\/h3>\n<p>\u0e1c\u0e39\u0e49\u0e40\u0e14\u0e34\u0e19\u0e17\u0e32\u0e07\u0e08\u0e30\u0e44\u0e14\u0e49\u0e23\u0e31\u0e1a\u0e08\u0e38\u0e14\u0e19\u0e31\u0e14\u0e1e\u0e1a\u0e2b\u0e25\u0e31\u0e07\u0e08\u0e32\u0e01\u0e02\u0e31\u0e49\u0e19\u0e15\u0e2d\u0e19\u0e01\u0e32\u0e23\u0e08\u0e2d\u0e07 \u0e17\u0e31\u0e27\u0e23\u0e4c\u0e40\u0e23\u0e34\u0e48\u0e21\u0e15\u0e49\u0e19\u0e41\u0e25\u0e30\u0e2a\u0e34\u0e49\u0e19\u0e2a\u0e38\u0e14\u0e17\u0e35\u0e48\u0e08\u0e38\u0e14\u0e19\u0e31\u0e14\u0e1e\u0e1a\u0e02\u0e2d\u0e07\u0e40\u0e23\u0e32<\/p>\n<h2>\u0e40\u0e14\u0e34\u0e19\u0e1b\u0e48\u0e32 + \u0e1e\u0e32\u0e22\u0e40\u0e23\u0e37\u0e2d\u0e04\u0e32\u0e22\u0e31\u0e04\u0e2d\u0e38\u0e17\u0e22\u0e32\u0e19\u0e41\u0e2b\u0e48\u0e07\u0e0a\u0e32\u0e15\u0e34 Los Haitises<\/h2>\n<h3><em>\u0e04\u0e32\u0e14\u0e2b\u0e27\u0e31\u0e07\u0e2d\u0e30\u0e44\u0e23?<\/em><\/h3>\n<p>El nombre del parque nacional proviene de sus habitantes originales, los indios ta\u00ednos. En su idioma, \u00abHaitises\u00bb se traduce en tierras altas o colinas, una referencia a las empinadas formaciones geol\u00f3gicas de la costa con calizas. La actividad en Kayak es de 2 horas.<\/p>\n<p>Aprender sobre la historia y la naturaleza con gu\u00edas tur\u00edsticos locales que crecen como protectores y voluntarios ambientales dentro de esta \u00e1rea del proyecto. El recorrido, organizado por \u00abBooking Adventures\u00bb comienza en el punto de encuentro establecido con el gu\u00eda tur\u00edstico.<\/p>\n<p>\u0e2b\u0e25\u0e31\u0e07\u0e08\u0e32\u0e01\u0e40\u0e14\u0e34\u0e19\u0e1c\u0e48\u0e32\u0e19\u0e17\u0e38\u0e48\u0e07\u0e19\u0e32\u0e41\u0e25\u0e30\u0e1e\u0e37\u0e49\u0e19\u0e17\u0e35\u0e48\u0e40\u0e1e\u0e32\u0e30\u0e1b\u0e25\u0e39\u0e01\u0e41\u0e25\u0e49\u0e27 \u0e04\u0e38\u0e13\u0e08\u0e30\u0e40\u0e23\u0e34\u0e48\u0e21\u0e40\u0e14\u0e34\u0e19\u0e1c\u0e48\u0e32\u0e19\u0e1b\u0e48\u0e32\u0e21\u0e30\u0e1e\u0e23\u0e49\u0e32\u0e27\u0e41\u0e25\u0e30\u0e42\u0e01\u0e42\u0e01\u0e49 \u0e43\u0e0a\u0e49\u0e40\u0e27\u0e25\u0e32\u0e17\u0e38\u0e01\u0e19\u0e32\u0e17\u0e35\u0e20\u0e32\u0e22\u0e43\u0e19\u0e1e\u0e37\u0e49\u0e19\u0e17\u0e35\u0e48\u0e1b\u0e48\u0e32\u0e2b\u0e25\u0e31\u0e01\u0e41\u0e25\u0e30\u0e21\u0e35\u0e40\u0e2d\u0e01\u0e25\u0e31\u0e01\u0e29\u0e13\u0e4c\u0e20\u0e32\u0e22\u0e43\u0e19\u0e2d\u0e38\u0e17\u0e22\u0e32\u0e19\u0e41\u0e2b\u0e48\u0e07\u0e0a\u0e32\u0e15\u0e34 Los Haitises \u0e21\u0e32\u0e1e\u0e23\u0e49\u0e2d\u0e21\u0e01\u0e31\u0e1a Booking Adventures \u0e41\u0e25\u0e30\u0e40\u0e23\u0e34\u0e48\u0e21\u0e0a\u0e21\u0e19\u0e01 \u0e2a\u0e31\u0e15\u0e27\u0e4c\u0e40\u0e25\u0e35\u0e49\u0e22\u0e07\u0e25\u0e39\u0e01\u0e14\u0e49\u0e27\u0e22\u0e19\u0e21 \u0e41\u0e25\u0e30\u0e1e\u0e37\u0e0a\u0e40\u0e09\u0e1e\u0e32\u0e30\u0e16\u0e34\u0e48\u0e19 \u0e40\u0e19\u0e34\u0e19\u0e40\u0e02\u0e32\u0e17\u0e35\u0e48\u0e1b\u0e01\u0e04\u0e25\u0e38\u0e21\u0e44\u0e1b\u0e14\u0e49\u0e27\u0e22\u0e1e\u0e37\u0e0a\u0e1e\u0e31\u0e19\u0e18\u0e38\u0e4c\u0e40\u0e02\u0e35\u0e22\u0e27\u0e0a\u0e2d\u0e38\u0e48\u0e21 \u0e41\u0e25\u0e30\u0e16\u0e49\u0e33\u0e43\u0e19\u0e2d\u0e38\u0e17\u0e22\u0e32\u0e19\u0e41\u0e2b\u0e48\u0e07\u0e0a\u0e32\u0e15\u0e34 Los Haitises<\/p>\n<p>El nombre del parque nacional proviene de sus habitantes originales, los indios ta\u00ednos. En su idioma, \u00abHaitises\u00bb se traduce en tierras altas o colinas, una referencia a las empinadas formaciones geol\u00f3gicas de la costa con calizas. Avent\u00farate en el parque para explorar cuevas como la Cueva de la Arena y la Cueva de la L\u00ednea. Puede combinar el recorrido en barco con el viaje de senderismo. Solo cont\u00e1ctenos.<\/p>\n<p>\u0e16\u0e49\u0e33\u0e43\u0e19\u0e40\u0e02\u0e15\u0e2a\u0e07\u0e27\u0e19\u0e16\u0e39\u0e01\u0e43\u0e0a\u0e49\u0e40\u0e1b\u0e47\u0e19\u0e17\u0e35\u0e48\u0e2b\u0e25\u0e1a\u0e20\u0e31\u0e22\u0e42\u0e14\u0e22\u0e0a\u0e32\u0e27\u0e2d\u0e34\u0e19\u0e40\u0e14\u0e35\u0e22\u0e19\u0e41\u0e14\u0e07 Ta\u00edno \u0e41\u0e25\u0e30\u0e15\u0e48\u0e2d\u0e21\u0e32\u0e16\u0e39\u0e01\u0e43\u0e0a\u0e49\u0e42\u0e14\u0e22\u0e42\u0e08\u0e23\u0e2a\u0e25\u0e31\u0e14\u0e17\u0e35\u0e48\u0e0b\u0e48\u0e2d\u0e19\u0e2d\u0e22\u0e39\u0e48 \u0e21\u0e2d\u0e07\u0e2b\u0e32\u0e20\u0e32\u0e1e\u0e27\u0e32\u0e14\u0e02\u0e2d\u0e07\u0e0a\u0e32\u0e27\u0e2d\u0e34\u0e19\u0e40\u0e14\u0e35\u0e22\u0e17\u0e35\u0e48\u0e01\u0e33\u0e25\u0e31\u0e07\u0e15\u0e01\u0e41\u0e15\u0e48\u0e07\u0e1c\u0e19\u0e31\u0e07\u0e1a\u0e32\u0e07\u0e2a\u0e48\u0e27\u0e19 \u0e43\u0e19\u0e1b\u0e48\u0e32\u0e1d\u0e19\u0e21\u0e35\u0e1e\u0e37\u0e0a\u0e21\u0e32\u0e01\u0e01\u0e27\u0e48\u0e32 700 \u0e2a\u0e32\u0e22\u0e1e\u0e31\u0e19\u0e18\u0e38\u0e4c \u0e40\u0e23\u0e32\u0e1e\u0e22\u0e32\u0e22\u0e32\u0e21\u0e2a\u0e2d\u0e19\u0e19\u0e31\u0e01\u0e17\u0e48\u0e2d\u0e07\u0e40\u0e17\u0e35\u0e48\u0e22\u0e27\u0e40\u0e01\u0e35\u0e48\u0e22\u0e27\u0e01\u0e31\u0e1a\u0e1e\u0e37\u0e0a\u0e2a\u0e21\u0e38\u0e19\u0e44\u0e1e\u0e23\u0e17\u0e31\u0e49\u0e07\u0e2b\u0e21\u0e14\u0e17\u0e35\u0e48\u0e40\u0e23\u0e32\u0e23\u0e39\u0e49\u0e08\u0e31\u0e01\u0e43\u0e19\u0e40\u0e2a\u0e49\u0e19\u0e17\u0e32\u0e07\u0e40\u0e14\u0e34\u0e19\u0e1b\u0e48\u0e32\u0e19\u0e35\u0e49<\/p>\n<p>\u0e21\u0e32\u0e40\u0e23\u0e35\u0e22\u0e19\u0e23\u0e39\u0e49 \u0e40\u0e14\u0e34\u0e19\u0e1b\u0e48\u0e32 \u0e41\u0e25\u0e30\u0e40\u0e1e\u0e25\u0e34\u0e14\u0e40\u0e1e\u0e25\u0e34\u0e19\u0e44\u0e1b\u0e01\u0e31\u0e1a\u0e18\u0e23\u0e23\u0e21\u0e0a\u0e32\u0e15\u0e34\u0e17\u0e35\u0e48\u0e41\u0e17\u0e49\u0e08\u0e23\u0e34\u0e07\u0e02\u0e2d\u0e07\u0e2d\u0e38\u0e17\u0e22\u0e32\u0e19\u0e41\u0e2b\u0e48\u0e07\u0e0a\u0e32\u0e15\u0e34 Los Haitises<\/p>\n<h3><em>\u0e04\u0e38\u0e13\u0e04\u0e27\u0e23\u0e19\u0e33\u0e2d\u0e30\u0e44\u0e23\u0e21\u0e32\u0e1a\u0e49\u0e32\u0e07?<\/em><\/h3>\n<ul>\n<li>\u0e01\u0e25\u0e49\u0e2d\u0e07<\/li>\n<li>\u0e44\u0e25\u0e48<\/li>\n<li>\u0e04\u0e23\u0e35\u0e21\u0e01\u0e31\u0e19\u0e41\u0e14\u0e14<\/li>\n<li>\u0e2b\u0e21\u0e27\u0e01<\/li>\n<li>\u0e01\u0e32\u0e07\u0e40\u0e01\u0e07\u0e43\u0e2a\u0e48\u0e2a\u0e1a\u0e32\u0e22<\/li>\n<li>\u0e23\u0e2d\u0e07\u0e40\u0e17\u0e49\u0e32\u0e40\u0e14\u0e34\u0e19\u0e1b\u0e48\u0e32<\/li>\n<li>\u0e23\u0e2d\u0e07\u0e40\u0e17\u0e49\u0e32\u0e41\u0e15\u0e30\u0e44\u0e1b\u0e22\u0e31\u0e07\u0e1e\u0e37\u0e49\u0e19\u0e17\u0e35\u0e48\u0e2a\u0e1b\u0e23\u0e34\u0e07<\/li>\n<li>\u0e0a\u0e38\u0e14\u0e27\u0e48\u0e32\u0e22\u0e19\u0e49\u0e33<\/li>\n<\/ul>\n<h3><em>\u0e23\u0e16\u0e44\u0e1b\u0e23\u0e31\u0e1a\u0e17\u0e35\u0e48\u0e42\u0e23\u0e07\u0e41\u0e23\u0e21<\/em><\/h3>\n<p>\u0e44\u0e21\u0e48\u0e21\u0e35\u0e1a\u0e23\u0e34\u0e01\u0e32\u0e23\u0e44\u0e1b\u0e23\u0e31\u0e1a\u0e17\u0e35\u0e48\u0e42\u0e23\u0e07\u0e41\u0e23\u0e21\u0e2a\u0e33\u0e2b\u0e23\u0e31\u0e1a\u0e17\u0e31\u0e27\u0e23\u0e4c\u0e19\u0e35\u0e49 \u0e40\u0e09\u0e1e\u0e32\u0e30\u0e43\u0e19\u0e01\u0e23\u0e13\u0e35\u0e17\u0e35\u0e48\u0e04\u0e38\u0e13\u0e2d\u0e22\u0e39\u0e48\u0e17\u0e35\u0e48\u0e42\u0e23\u0e07\u0e41\u0e23\u0e21 Cano Hondo \u0e2b\u0e23\u0e37\u0e2d\u0e42\u0e23\u0e07\u0e41\u0e23\u0e21\u0e43\u0e19\u0e1e\u0e37\u0e49\u0e19\u0e17\u0e35\u0e48 Sabana de la Mar<\/p>\n<p><strong>\u0e1a\u0e31\u0e19\u0e17\u0e36\u0e01<\/strong>: \u0e2b\u0e32\u0e01\u0e04\u0e38\u0e13\u0e08\u0e2d\u0e07\u0e20\u0e32\u0e22\u0e43\u0e19 24 \u0e0a\u0e31\u0e48\u0e27\u0e42\u0e21\u0e07\u0e02\u0e2d\u0e07\u0e40\u0e27\u0e25\u0e32\u0e2d\u0e2d\u0e01\u0e40\u0e14\u0e34\u0e19\u0e17\u0e32\u0e07\u0e02\u0e2d\u0e07\u0e17\u0e31\u0e27\u0e23\u0e4c\/\u0e01\u0e32\u0e23\u0e17\u0e48\u0e2d\u0e07\u0e40\u0e17\u0e35\u0e48\u0e22\u0e27 \u0e40\u0e23\u0e32\u0e2a\u0e32\u0e21\u0e32\u0e23\u0e16\u0e08\u0e31\u0e14\u0e1a\u0e23\u0e34\u0e01\u0e32\u0e23\u0e44\u0e1b\u0e23\u0e31\u0e1a\u0e17\u0e35\u0e48\u0e42\u0e23\u0e07\u0e41\u0e23\u0e21\u0e42\u0e14\u0e22\u0e21\u0e35\u0e04\u0e48\u0e32\u0e43\u0e0a\u0e49\u0e08\u0e48\u0e32\u0e22\u0e40\u0e1e\u0e34\u0e48\u0e21\u0e40\u0e15\u0e34\u0e21\u0e08\u0e32\u0e01\u0e17\u0e38\u0e01\u0e17\u0e35\u0e48\u0e43\u0e19\u0e2a\u0e32\u0e18\u0e32\u0e23\u0e13\u0e23\u0e31\u0e10\u0e42\u0e14\u0e21\u0e34\u0e19\u0e34\u0e01\u0e31\u0e19 \u0e40\u0e21\u0e37\u0e48\u0e2d\u0e01\u0e32\u0e23\u0e0b\u0e37\u0e49\u0e2d\u0e02\u0e2d\u0e07\u0e04\u0e38\u0e13\u0e40\u0e2a\u0e23\u0e47\u0e08\u0e2a\u0e21\u0e1a\u0e39\u0e23\u0e13\u0e4c \u0e40\u0e23\u0e32\u0e08\u0e30\u0e2a\u0e48\u0e07\u0e02\u0e49\u0e2d\u0e21\u0e39\u0e25\u0e15\u0e34\u0e14\u0e15\u0e48\u0e2d\u0e17\u0e35\u0e48\u0e04\u0e23\u0e1a\u0e16\u0e49\u0e27\u0e19 (\u0e2b\u0e21\u0e32\u0e22\u0e40\u0e25\u0e02\u0e42\u0e17\u0e23\u0e28\u0e31\u0e1e\u0e17\u0e4c \u0e17\u0e35\u0e48\u0e2d\u0e22\u0e39\u0e48\u0e2d\u0e35\u0e40\u0e21\u0e25 \u0e2f\u0e25\u0e2f) \u0e43\u0e2b\u0e49\u0e01\u0e31\u0e1a\u0e44\u0e01\u0e14\u0e4c\u0e19\u0e33\u0e40\u0e17\u0e35\u0e48\u0e22\u0e27\u0e17\u0e49\u0e2d\u0e07\u0e16\u0e34\u0e48\u0e19\u0e02\u0e2d\u0e07\u0e40\u0e23\u0e32\u0e40\u0e1e\u0e37\u0e48\u0e2d\u0e08\u0e31\u0e14\u0e40\u0e15\u0e23\u0e35\u0e22\u0e21\u0e01\u0e32\u0e23\u0e44\u0e1b\u0e23\u0e31\u0e1a<\/p>\n<h3><em>\u0e01\u0e32\u0e23\u0e22\u0e37\u0e19\u0e22\u0e31\u0e19\u0e02\u0e49\u0e2d\u0e21\u0e39\u0e25\u0e40\u0e1e\u0e34\u0e48\u0e21\u0e40\u0e15\u0e34\u0e21<\/em><\/h3>\n<ol>\n<li>\u0e15\u0e31\u0e4b\u0e27\u0e40\u0e1b\u0e47\u0e19\u0e43\u0e1a\u0e40\u0e2a\u0e23\u0e47\u0e08\u0e23\u0e31\u0e1a\u0e40\u0e07\u0e34\u0e19\u0e2b\u0e25\u0e31\u0e07\u0e08\u0e32\u0e01\u0e0a\u0e33\u0e23\u0e30\u0e04\u0e48\u0e32\u0e17\u0e31\u0e27\u0e23\u0e4c\u0e04\u0e23\u0e31\u0e49\u0e07\u0e19\u0e35\u0e49 \u0e04\u0e38\u0e13\u0e2a\u0e32\u0e21\u0e32\u0e23\u0e16\u0e41\u0e2a\u0e14\u0e07\u0e01\u0e32\u0e23\u0e0a\u0e33\u0e23\u0e30\u0e40\u0e07\u0e34\u0e19\u0e1a\u0e19\u0e42\u0e17\u0e23\u0e28\u0e31\u0e1e\u0e17\u0e4c\u0e02\u0e2d\u0e07\u0e04\u0e38\u0e13\u0e44\u0e14\u0e49<\/li>\n<li>\u0e08\u0e38\u0e14\u0e19\u0e31\u0e14\u0e1e\u0e1a\u0e08\u0e30\u0e44\u0e14\u0e49\u0e23\u0e31\u0e1a\u0e2b\u0e25\u0e31\u0e07\u0e08\u0e32\u0e01\u0e02\u0e31\u0e49\u0e19\u0e15\u0e2d\u0e19\u0e01\u0e32\u0e23\u0e08\u0e2d\u0e07<\/li>\n<li>\u0e40\u0e14\u0e47\u0e01\u0e08\u0e30\u0e15\u0e49\u0e2d\u0e07\u0e21\u0e35\u0e1c\u0e39\u0e49\u0e43\u0e2b\u0e0d\u0e48\u0e21\u0e32\u0e14\u0e49\u0e27\u0e22<\/li>\n<li>\u0e44\u0e21\u0e48\u0e23\u0e2d\u0e07\u0e23\u0e31\u0e1a\u0e40\u0e01\u0e49\u0e32\u0e2d\u0e35\u0e49\u0e23\u0e16\u0e40\u0e02\u0e47\u0e19<\/li>\n<li>\u0e40\u0e14\u0e47\u0e01\u0e17\u0e32\u0e23\u0e01\u0e04\u0e27\u0e23\u0e19\u0e31\u0e48\u0e07\u0e1a\u0e19\u0e17\u0e35\u0e48\u0e19\u0e31\u0e48\u0e07\u0e40\u0e14\u0e47\u0e01\u0e2b\u0e23\u0e37\u0e2d\u0e23\u0e48\u0e27\u0e21\u0e01\u0e31\u0e1a\u0e1c\u0e39\u0e49\u0e1b\u0e01\u0e04\u0e23\u0e2d\u0e07<\/li>\n<li>\u0e44\u0e21\u0e48\u0e41\u0e19\u0e30\u0e19\u0e33\u0e2a\u0e33\u0e2b\u0e23\u0e31\u0e1a\u0e19\u0e31\u0e01\u0e40\u0e14\u0e34\u0e19\u0e17\u0e32\u0e07\u0e17\u0e35\u0e48\u0e21\u0e35\u0e1b\u0e31\u0e0d\u0e2b\u0e32\u0e40\u0e01\u0e35\u0e48\u0e22\u0e27\u0e01\u0e31\u0e1a\u0e2b\u0e25\u0e31\u0e07<\/li>\n<li>\u0e44\u0e21\u0e48\u0e41\u0e19\u0e30\u0e19\u0e33\u0e2a\u0e33\u0e2b\u0e23\u0e31\u0e1a\u0e2a\u0e15\u0e23\u0e35\u0e21\u0e35\u0e04\u0e23\u0e23\u0e20\u0e4c<\/li>\n<li>\u0e44\u0e21\u0e48\u0e21\u0e35\u0e1b\u0e31\u0e0d\u0e2b\u0e32\u0e40\u0e01\u0e35\u0e48\u0e22\u0e27\u0e01\u0e31\u0e1a\u0e2b\u0e31\u0e27\u0e43\u0e08\u0e2b\u0e23\u0e37\u0e2d\u0e2d\u0e32\u0e01\u0e32\u0e23\u0e1b\u0e48\u0e27\u0e22\u0e23\u0e49\u0e32\u0e22\u0e41\u0e23\u0e07\u0e2d\u0e37\u0e48\u0e19\u0e46<\/li>\n<li>\u0e19\u0e31\u0e01\u0e17\u0e48\u0e2d\u0e07\u0e40\u0e17\u0e35\u0e48\u0e22\u0e27\u0e2a\u0e48\u0e27\u0e19\u0e43\u0e2b\u0e0d\u0e48\u0e2a\u0e32\u0e21\u0e32\u0e23\u0e16\u0e40\u0e02\u0e49\u0e32\u0e23\u0e48\u0e27\u0e21\u0e44\u0e14\u0e49<\/li>\n<\/ol>\n<h3><em>\u0e19\u0e42\u0e22\u0e1a\u0e32\u0e22\u0e01\u0e32\u0e23\u0e22\u0e01\u0e40\u0e25\u0e34\u0e01<\/em><\/h3>\n<p>\u0e2b\u0e32\u0e01\u0e15\u0e49\u0e2d\u0e07\u0e01\u0e32\u0e23\u0e04\u0e37\u0e19\u0e40\u0e07\u0e34\u0e19\u0e40\u0e15\u0e47\u0e21\u0e08\u0e33\u0e19\u0e27\u0e19 \u0e42\u0e1b\u0e23\u0e14\u0e22\u0e01\u0e40\u0e25\u0e34\u0e01\u0e25\u0e48\u0e27\u0e07\u0e2b\u0e19\u0e49\u0e32\u0e2d\u0e22\u0e48\u0e32\u0e07\u0e19\u0e49\u0e2d\u0e22 24 \u0e0a\u0e31\u0e48\u0e27\u0e42\u0e21\u0e07\u0e01\u0e48\u0e2d\u0e19\u0e27\u0e31\u0e19\u0e40\u0e23\u0e34\u0e48\u0e21\u0e1b\u0e23\u0e30\u0e2a\u0e1a\u0e01\u0e32\u0e23\u0e13\u0e4c \u0e40\u0e07\u0e34\u0e19\u0e08\u0e30\u0e2a\u0e39\u0e0d\u0e2b\u0e32\u0e22\u0e2b\u0e32\u0e01\u0e01\u0e32\u0e23\u0e08\u0e2d\u0e07\u0e16\u0e39\u0e01\u0e22\u0e01\u0e40\u0e25\u0e34\u0e01\u0e43\u0e19\u0e27\u0e31\u0e19\u0e40\u0e14\u0e35\u0e22\u0e27\u0e01\u0e31\u0e1a\u0e01\u0e32\u0e23\u0e40\u0e14\u0e34\u0e19\u0e17\u0e32\u0e07<\/p>\n<h2>\u0e40\u0e14\u0e34\u0e19\u0e1b\u0e48\u0e32\u0e41\u0e25\u0e30\u0e1e\u0e32\u0e22\u0e40\u0e23\u0e37\u0e2d\u0e04\u0e32\u0e22\u0e31\u0e04\u0e43\u0e19\u0e1b\u0e48\u0e32\u0e1d\u0e19<br \/>\n\u0e40\u0e14\u0e34\u0e19\u0e1b\u0e48\u0e32 + \u0e1e\u0e32\u0e22\u0e40\u0e23\u0e37\u0e2d\u0e04\u0e32\u0e22\u0e31\u0e04\u0e2d\u0e38\u0e17\u0e22\u0e32\u0e19\u0e41\u0e2b\u0e48\u0e07\u0e0a\u0e32\u0e15\u0e34 Los Haitises<\/h2>\n<p>\u0e1b\u0e23\u0e30\u0e2a\u0e1a\u0e01\u0e32\u0e23\u0e13\u0e4c\u0e19\u0e35\u0e49\u0e15\u0e49\u0e2d\u0e07\u0e21\u0e35\u0e1c\u0e39\u0e49\u0e40\u0e02\u0e49\u0e32\u0e23\u0e48\u0e27\u0e21\u0e2d\u0e22\u0e48\u0e32\u0e07\u0e19\u0e49\u0e2d\u0e22 2 \u0e04\u0e19 \u0e2b\u0e32\u0e01\u0e04\u0e38\u0e13\u0e2d\u0e32\u0e22\u0e38\u0e44\u0e21\u0e48\u0e16\u0e36\u0e07 2 \u0e1b\u0e35\u0e42\u0e1b\u0e23\u0e14\u0e15\u0e34\u0e14\u0e15\u0e48\u0e2d\u0e40\u0e23\u0e32!<\/p>\n<h3>\u0e15\u0e34\u0e14\u0e15\u0e48\u0e2d\u0e40\u0e23\u0e32?<\/h3>\n<p><em>\u0e08\u0e2d\u0e07\u0e01\u0e32\u0e23\u0e1c\u0e08\u0e0d\u0e20\u0e31\u0e22<\/em><br \/>\n\u0e21\u0e31\u0e04\u0e04\u0e38\u0e40\u0e17\u0e28\u0e01\u0e4c\u0e17\u0e49\u0e2d\u0e07\u0e16\u0e34\u0e48\u0e19\u0e41\u0e25\u0e30\u0e23\u0e30\u0e14\u0e31\u0e1a\u0e0a\u0e32\u0e15\u0e34\u0e41\u0e25\u0e30\u0e1a\u0e23\u0e34\u0e01\u0e32\u0e23\u0e41\u0e02\u0e01<\/p>\n<p>\u0e01\u0e32\u0e23\u0e08\u0e2d\u0e07: \u0e17\u0e31\u0e27\u0e23\u0e4c\u0e41\u0e25\u0e30\u0e17\u0e31\u0e28\u0e19\u0e28\u0e36\u0e01\u0e29\u0e32\u0e43\u0e19 Dom \u0e15\u0e31\u0e27\u0e41\u0e17\u0e19<\/p>\n<p>\ud83d\udcde \u0e42\u0e17\u0e23\/\u0e27\u0e2d\u0e17\u0e2a\u0e4c\u0e41\u0e2d\u0e1e +1-809-720-6035.<\/p>\n<p>info@bookingadventures.com.do<\/p>\n<p>\u0e40\u0e23\u0e32\u0e40\u0e1b\u0e47\u0e19\u0e17\u0e31\u0e27\u0e23\u0e4c\u0e2a\u0e48\u0e27\u0e19\u0e15\u0e31\u0e27\u0e17\u0e35\u0e48\u0e21\u0e35\u0e01\u0e32\u0e23\u0e01\u0e33\u0e2b\u0e19\u0e14\u0e04\u0e48\u0e32\u0e17\u0e35\u0e48\u0e22\u0e37\u0e14\u0e2b\u0e22\u0e38\u0e48\u0e19\u0e42\u0e14\u0e22 Whatsapp: +18097206035<\/p>\n\n\t\t<\/div>\n\t<\/div>\n<\/div><\/div><\/div><\/div>","protected":false},"excerpt":{"rendered":"<p>\u0e40\u0e14\u0e34\u0e19\u0e1b\u0e48\u0e32\u0e41\u0e25\u0e30\u0e1e\u0e32\u0e22\u0e40\u0e23\u0e37\u0e2d\u0e04\u0e32\u0e22\u0e31\u0e04 3 \u0e0a\u0e31\u0e48\u0e27\u0e42\u0e21\u0e07\u0e43\u0e19\u0e1b\u0e48\u0e32\u0e0a\u0e32\u0e22\u0e40\u0e25\u0e19\u0e43\u0e19\u0e2d\u0e38\u0e17\u0e22\u0e32\u0e19\u0e41\u0e2b\u0e48\u0e07\u0e0a\u0e32\u0e15\u0e34 Los Haitises \u0e1e\u0e23\u0e49\u0e2d\u0e21\u0e44\u0e01\u0e14\u0e4c\u0e17\u0e49\u0e2d\u0e07\u0e16\u0e34\u0e48\u0e19\u0e08\u0e32\u0e01 Sabana de la mar \u0e40\u0e22\u0e35\u0e48\u0e22\u0e21\u0e0a\u0e21\u0e1e\u0e37\u0e49\u0e19\u0e17\u0e35\u0e48\u0e1b\u0e48\u0e32\u0e1d\u0e19 \u0e21\u0e30\u0e1e\u0e23\u0e49\u0e32\u0e27 \u0e01\u0e32\u0e41\u0e1f \u0e41\u0e25\u0e30\u0e42\u0e01\u0e42\u0e01\u0e49 \u0e40\u0e23\u0e35\u0e22\u0e19\u0e23\u0e39\u0e49\u0e40\u0e01\u0e35\u0e48\u0e22\u0e27\u0e01\u0e31\u0e1a\u0e1b\u0e23\u0e30\u0e27\u0e31\u0e15\u0e34\u0e28\u0e32\u0e2a\u0e15\u0e23\u0e4c\u0e14\u0e31\u0e49\u0e07\u0e40\u0e14\u0e34\u0e21\u0e02\u0e2d\u0e07\u0e2d\u0e38\u0e17\u0e22\u0e32\u0e19\u0e41\u0e2b\u0e48\u0e07\u0e0a\u0e32\u0e15\u0e34 Los Haitises<\/p>\n<p><strong>\u0e40\u0e25\u0e37\u0e2d\u0e01\u0e27\u0e31\u0e19\u0e40\u0e14\u0e34\u0e19\u0e17\u0e32\u0e07\u0e40\u0e14\u0e34\u0e19\u0e1b\u0e48\u0e32:<\/strong><\/p>","protected":false},"featured_media":515,"template":"","meta":[],"product_brand":[],"product_cat":[356,96,443,123,124],"product_tag":[341,206,129,130,412,413,221,414,415,152,153,198,133,416,215,217,417,223,114,418,148,143,419],"class_list":{"0":"post-548","1":"product","2":"type-product","3":"status-publish","4":"has-post-thumbnail","6":"product_cat-day-trips","7":"product_cat-hiking","8":"product_cat-tours-y-excursiones-es","9":"product_cat-tours-excursions-los-haitises-national-park","10":"product_cat-tours-excursions-samana-bay-dominican-republic","11":"product_tag-cano-hondo-sabana-de-la-mar","12":"product_tag-caves-los-haitises","13":"product_tag-eco-tours","14":"product_tag-excursion","15":"product_tag-hike-kayak","16":"product_tag-hike-kayak-los-haitises-national-park","17":"product_tag-hiking-los-haitises","18":"product_tag-hiking-sabana-de-la-mar","19":"product_tag-hiking-samana","20":"product_tag-kayak-tour","21":"product_tag-kayaking","22":"product_tag-kayaking-los-haitises","23":"product_tag-los-haitises-national-park","24":"product_tag-los-haitises-national-park-entrance-fee","25":"product_tag-los-haitises-national-park-tour-from-las-terrenas","26":"product_tag-los-haitises-national-park-tour-from-santo-domingo","27":"product_tag-los-haitises-national-park-weather","28":"product_tag-los-haitises-sabana-de-la-mar","29":"product_tag-sabana-de-la-mar","30":"product_tag-sabana-de-la-mar-tour","31":"product_tag-samana-excursions","32":"product_tag-samana-tours","33":"product_tag-secrets-of-los-haitises","35":"first","36":"instock","37":"sale","38":"sold-individually","39":"shipping-taxable","40":"product-type-external"},"_links":{"self":[{"href":"https:\/\/haitises.com\/th\/wp-json\/wp\/v2\/product\/548","targetHints":{"allow":["GET"]}}],"collection":[{"href":"https:\/\/haitises.com\/th\/wp-json\/wp\/v2\/product"}],"about":[{"href":"https:\/\/haitises.com\/th\/wp-json\/wp\/v2\/types\/product"}],"wp:featuredmedia":[{"embeddable":true,"href":"https:\/\/haitises.com\/th\/wp-json\/wp\/v2\/media\/515"}],"wp:attachment":[{"href":"https:\/\/haitises.com\/th\/wp-json\/wp\/v2\/media?parent=548"}],"wp:term":[{"taxonomy":"product_brand","embeddable":true,"href":"https:\/\/haitises.com\/th\/wp-json\/wp\/v2\/product_brand?post=548"},{"taxonomy":"product_cat","embeddable":true,"href":"https:\/\/haitises.com\/th\/wp-json\/wp\/v2\/product_cat?post=548"},{"taxonomy":"product_tag","embeddable":true,"href":"https:\/\/haitises.com\/th\/wp-json\/wp\/v2\/product_tag?post=548"}],"curies":[{"name":"wp","href":"https:\/\/api.w.org\/{rel}","templated":true}]}}