{"id":11632,"date":"2023-10-04T07:39:46","date_gmt":"2023-10-04T07:39:46","guid":{"rendered":"http:\/\/haitises.com\/?post_type=product&#038;p=11632"},"modified":"2024-04-01T19:33:46","modified_gmt":"2024-04-01T19:33:46","slug":"\u0e25\u0e2d\u0e2a\u0e40\u0e2e\u0e15\u0e34\u0e40\u0e0b\u0e2a\u0e2d\u0e38\u0e17\u0e22\u0e32\u0e19\u0e41\u0e2b\u0e48\u0e07\u0e0a\u0e32-2","status":"publish","type":"product","link":"https:\/\/haitises.com\/th\/\u0e2a\u0e48\u0e27\u0e19\u0e15\u0e31\u0e27\/\u0e25\u0e2d\u0e2a\u0e40\u0e2e\u0e15\u0e34\u0e40\u0e0b\u0e2a\u0e2d\u0e38\u0e17\u0e22\u0e32\u0e19\u0e41\u0e2b\u0e48\u0e07\u0e0a\u0e32-2\/","title":{"rendered":"\u0e17\u0e31\u0e27\u0e23\u0e4c\u0e2d\u0e38\u0e17\u0e22\u0e32\u0e19\u0e41\u0e2b\u0e48\u0e07\u0e0a\u0e32\u0e15\u0e34 Los Haitises \u0e08\u0e32\u0e01\u0e17\u0e48\u0e32\u0e40\u0e23\u0e37\u0e2d Saman\u00e1"},"content":{"rendered":"<div class=\"vc_row wpb_row vc_row-fluid\" ><div class=\"wpb_column vc_column_container vc_col-sm-12\"><div class=\"vc_column-inner\"><div class=\"wpb_wrapper\">[mkdf_section_title title_tag=\u00bb\u00bb disable_break_words=\u00bbno\u00bb subtitle_tag=\u00bb\u00bb title=\u00bbLos Haitises National Park Boat Tour\u00bb subtitle=\u00bbJust Los Haitises National Park\u00bb]<\/div><\/div><\/div><\/div><div class=\"vc_row wpb_row vc_row-fluid\" ><div class=\"wpb_column vc_column_container vc_col-sm-12\"><div class=\"vc_column-inner\"><div class=\"wpb_wrapper\"><div class=\"vc_btn3-container vc_btn3-inline\" ><button class=\"vc_general vc_btn3 vc_btn3-size-md vc_btn3-shape-rounded vc_btn3-style-modern vc_btn3-color-green\">\u0e08\u0e2d\u0e07\u0e15\u0e2d\u0e19\u0e19\u0e35\u0e49<\/button><\/div>\n\t<div class=\"wpb_text_column wpb_content_element\" >\n\t\t<div class=\"wpb_wrapper\">\n\t\t\t<h4><b><i>\u0e20\u0e32\u0e1e\u0e23\u0e27\u0e21 <\/i><\/b><\/h4>\n<p>\u0e40\u0e22\u0e35\u0e48\u0e22\u0e21\u0e0a\u0e21\u0e2d\u0e38\u0e17\u0e22\u0e32\u0e19\u0e41\u0e2b\u0e48\u0e07\u0e0a\u0e32\u0e15\u0e34 Los Haitises \u0e42\u0e14\u0e22\u0e40\u0e23\u0e34\u0e48\u0e21\u0e08\u0e32\u0e01\u0e17\u0e48\u0e32\u0e40\u0e23\u0e37\u0e2d Saman\u00e1 \u0e21\u0e32\u0e01\u0e31\u0e1a\u0e40\u0e23\u0e32\u0e41\u0e25\u0e30\u0e40\u0e22\u0e35\u0e48\u0e22\u0e21\u0e0a\u0e21\u0e2d\u0e38\u0e17\u0e22\u0e32\u0e19\u0e41\u0e2b\u0e48\u0e07\u0e0a\u0e32\u0e15\u0e34\u0e17\u0e35\u0e48\u0e2a\u0e27\u0e22\u0e17\u0e35\u0e48\u0e2a\u0e38\u0e14\u0e02\u0e2d\u0e07\u0e2a\u0e32\u0e18\u0e32\u0e23\u0e13\u0e23\u0e31\u0e10\u0e42\u0e14\u0e21\u0e34\u0e19\u0e34\u0e01\u0e31\u0e19 \u0e40\u0e22\u0e35\u0e48\u0e22\u0e21\u0e0a\u0e21\u0e1b\u0e48\u0e32\u0e0a\u0e32\u0e22\u0e40\u0e25\u0e19 \u0e16\u0e49\u0e33 \u0e41\u0e25\u0e30\u0e2d\u0e48\u0e32\u0e27\u0e0b\u0e32\u0e19\u0e25\u0e2d\u0e40\u0e23\u0e19\u0e42\u0e0b \u0e1e\u0e23\u0e49\u0e2d\u0e21\u0e02\u0e49\u0e32\u0e21\u0e2d\u0e48\u0e32\u0e27\u0e0b\u0e32\u0e21\u0e32\u0e19\u0e32\u0e2d\u0e31\u0e19\u0e07\u0e14\u0e07\u0e32\u0e21 \u0e08\u0e32\u0e01\u0e19\u0e31\u0e49\u0e19\u0e01\u0e25\u0e31\u0e1a\u0e2a\u0e39\u0e48\u0e17\u0e48\u0e32\u0e40\u0e23\u0e37\u0e2d\u0e0b\u0e32\u0e21\u0e32\u0e19\u0e32<\/p>\n<p>\u0e2b\u0e25\u0e31\u0e07\u0e08\u0e32\u0e01\u0e1b\u0e23\u0e30\u0e2a\u0e1a\u0e01\u0e32\u0e23\u0e13\u0e4c\u0e19\u0e35\u0e49 \u0e04\u0e38\u0e13\u0e08\u0e30\u0e44\u0e14\u0e49\u0e40\u0e14\u0e34\u0e19\u0e17\u0e32\u0e07\u0e01\u0e25\u0e31\u0e1a\u0e44\u0e1b\u0e22\u0e31\u0e07\u0e17\u0e48\u0e32\u0e40\u0e23\u0e37\u0e2d\u0e0b\u0e32\u0e21\u0e32\u0e19\u0e32<\/p>\n<ul>\n<li style=\"font-weight: 400;\">\u0e23\u0e27\u0e21\u0e04\u0e48\u0e32\u0e18\u0e23\u0e23\u0e21\u0e40\u0e19\u0e35\u0e22\u0e21\u0e41\u0e25\u0e49\u0e27<\/li>\n<li style=\"font-weight: 400;\"><span style=\"font-weight: 400;\">\u0e04\u0e39\u0e48\u0e21\u0e37\u0e2d\u0e43\u0e2b\u0e49\u0e04\u0e33\u0e41\u0e19\u0e30\u0e19\u0e33\u0e41\u0e25\u0e30\u0e01\u0e32\u0e23\u0e01\u0e33\u0e01\u0e31\u0e1a\u0e14\u0e39\u0e41\u0e25<\/span><\/li>\n<\/ul>\n<p>&nbsp;<\/p>\n<h4><b>\u0e01\u0e32\u0e23\u0e23\u0e27\u0e21\u0e41\u0e25\u0e30\u0e01\u0e32\u0e23\u0e22\u0e01\u0e40\u0e27\u0e49\u0e19<\/b><\/h4>\n<p>&nbsp;<\/p>\n<p><b>\u0e01\u0e32\u0e23\u0e23\u0e27\u0e21<\/b><\/p>\n<p>&nbsp;<\/p>\n<ol>\n<li style=\"font-weight: 400;\">\u0e17\u0e31\u0e27\u0e23\u0e4c Los Haitises + \u0e16\u0e49\u0e33\u0e41\u0e25\u0e30\u0e2a\u0e31\u0e0d\u0e25\u0e31\u0e01\u0e29\u0e13\u0e4c<\/li>\n<li style=\"font-weight: 400;\"><span style=\"font-weight: 400;\">\u0e20\u0e32\u0e29\u0e35 \u0e04\u0e48\u0e32\u0e18\u0e23\u0e23\u0e21\u0e40\u0e19\u0e35\u0e22\u0e21 \u0e41\u0e25\u0e30\u0e04\u0e48\u0e32\u0e18\u0e23\u0e23\u0e21\u0e40\u0e19\u0e35\u0e22\u0e21\u0e01\u0e32\u0e23\u0e08\u0e31\u0e14\u0e01\u0e32\u0e23\u0e17\u0e31\u0e49\u0e07\u0e2b\u0e21\u0e14<\/span><\/li>\n<li style=\"font-weight: 400;\"><span style=\"font-weight: 400;\">\u0e20\u0e32\u0e29\u0e35\u0e17\u0e49\u0e2d\u0e07\u0e16\u0e34\u0e48\u0e19<\/span><\/li>\n<li style=\"font-weight: 400;\"><span style=\"font-weight: 400;\">\u0e40\u0e04\u0e23\u0e37\u0e48\u0e2d\u0e07\u0e14\u0e37\u0e48\u0e21<\/span><\/li>\n<li style=\"font-weight: 400;\"><span style=\"font-weight: 400;\">\u0e17\u0e38\u0e01\u0e01\u0e34\u0e08\u0e01\u0e23\u0e23\u0e21<\/span><\/li>\n<li style=\"font-weight: 400;\"><span style=\"font-weight: 400;\">\u0e21\u0e31\u0e04\u0e04\u0e38\u0e40\u0e17\u0e28\u0e01\u0e4c\u0e17\u0e49\u0e2d\u0e07\u0e16\u0e34\u0e48\u0e19<\/span><\/li>\n<\/ol>\n<p><b> \u0e02\u0e49\u0e2d\u0e22\u0e01\u0e40\u0e27\u0e49\u0e19<\/b><\/p>\n<ol>\n<li style=\"font-weight: 400;\"><span style=\"font-weight: 400;\">\u0e1a\u0e33\u0e40\u0e2b\u0e19\u0e47\u0e08<\/span><\/li>\n<li style=\"font-weight: 400;\"><span style=\"font-weight: 400;\">\u0e42\u0e2d\u0e19\u0e22\u0e49\u0e32\u0e22<\/span><\/li>\n<li style=\"font-weight: 400;\"><span style=\"font-weight: 400;\">\u0e40\u0e04\u0e23\u0e37\u0e48\u0e2d\u0e07\u0e14\u0e37\u0e48\u0e21\u0e41\u0e2d\u0e25\u0e01\u0e2d\u0e2e\u0e2d\u0e25\u0e4c<\/span><\/li>\n<li>\u0e44\u0e21\u0e48\u0e23\u0e27\u0e21\u0e2d\u0e32\u0e2b\u0e32\u0e23\u0e01\u0e25\u0e32\u0e07\u0e27\u0e31\u0e19 \u0e2a\u0e33\u0e2b\u0e23\u0e31\u0e1a\u0e21\u0e37\u0e49\u0e2d\u0e01\u0e25\u0e32\u0e07\u0e27\u0e31\u0e19\u0e43\u0e2b\u0e49\u0e40\u0e25\u0e37\u0e2d\u0e01\u0e2b\u0e19\u0e36\u0e48\u0e07\u0e43\u0e19\u0e17\u0e23\u0e34\u0e1b\u0e40\u0e2b\u0e25\u0e48\u0e32\u0e19\u0e35\u0e49:\u00a0 <a href=\"https:\/\/www.ticketswhales.com\/tour\/los-haitises-national-park-tour-from-samana-port\/\" target=\"_blank\" rel=\"noopener\">\u0e25\u0e2d\u0e2a \u0e40\u0e2e\u0e15\u0e34\u0e0b\u0e34\u0e2a + \u0e01\u0e32\u0e42\u0e22 \u0e40\u0e25\u0e1a\u0e31\u0e19\u0e15\u0e32\u0e42\u0e14\u0e49<\/a> \u0e08\u0e32\u0e01\u0e17\u0e48\u0e32\u0e40\u0e23\u0e37\u0e2d\u0e0b\u0e32\u0e21\u0e32\u0e19\u0e32\u0e2b\u0e23\u0e37\u0e2d<a href=\"https:\/\/www.ticketswhales.com\/tour\/los-haitises-national-park-lunch-at-cano-hondo-from-samana-port\/\" target=\"_blank\" rel=\"noopener\"><em><strong> Los Haitises + Cano Hondo \u0e08\u0e32\u0e01\u0e17\u0e48\u0e32\u0e40\u0e23\u0e37\u0e2d Samana<\/strong><\/em><\/a><\/li>\n<\/ol>\n<p>&nbsp;<\/p>\n<h4><em><strong>\u0e2d\u0e2d\u0e01\u0e40\u0e14\u0e34\u0e19\u0e17\u0e32\u0e07\u0e41\u0e25\u0e30\u0e01\u0e25\u0e31\u0e1a<\/strong><\/em><\/h4>\n<p><span style=\"font-weight: 400;\">\u0e1c\u0e39\u0e49\u0e40\u0e14\u0e34\u0e19\u0e17\u0e32\u0e07\u0e08\u0e30\u0e44\u0e14\u0e49\u0e23\u0e31\u0e1a\u0e08\u0e38\u0e14\u0e19\u0e31\u0e14\u0e1e\u0e1a\u0e2b\u0e25\u0e31\u0e07\u0e08\u0e32\u0e01\u0e02\u0e31\u0e49\u0e19\u0e15\u0e2d\u0e19\u0e01\u0e32\u0e23\u0e08\u0e2d\u0e07 \u0e17\u0e31\u0e27\u0e23\u0e4c\u0e40\u0e23\u0e34\u0e48\u0e21\u0e15\u0e49\u0e19\u0e41\u0e25\u0e30\u0e2a\u0e34\u0e49\u0e19\u0e2a\u0e38\u0e14\u0e43\u0e19\u0e08\u0e38\u0e14\u0e19\u0e31\u0e14\u0e1e\u0e1a\u0e02\u0e2d\u0e07\u0e40\u0e23\u0e32<\/span><\/p>\n<p>&nbsp;<\/p>\n<h4><b><i>\u0e04\u0e32\u0e14\u0e2b\u0e27\u0e31\u0e07\u0e2d\u0e30\u0e44\u0e23?<\/i><\/b><\/h4>\n<p>&nbsp;<\/p>\n<p><em><strong>\u0e23\u0e31\u0e1a\u0e15\u0e31\u0e4b\u0e27\u0e02\u0e2d\u0e07\u0e04\u0e38\u0e13<\/strong><\/em> \u0e2a\u0e33\u0e2b\u0e23\u0e31\u0e1a\u0e01\u0e32\u0e23\u0e40\u0e22\u0e35\u0e48\u0e22\u0e21\u0e0a\u0e21\u0e2d\u0e38\u0e17\u0e22\u0e32\u0e19\u0e41\u0e2b\u0e48\u0e07\u0e0a\u0e32\u0e15\u0e34 Los Haitises \u0e1e\u0e23\u0e49\u0e2d\u0e21\u0e23\u0e31\u0e1a\u0e1b\u0e23\u0e30\u0e17\u0e32\u0e19\u0e2d\u0e32\u0e2b\u0e32\u0e23\u0e01\u0e25\u0e32\u0e07\u0e27\u0e31\u0e19\u0e40\u0e25\u0e34\u0e28\u0e23\u0e2a\u0e17\u0e35\u0e48 Ca\u00f1o Hondo \u0e41\u0e25\u0e30\u0e27\u0e48\u0e32\u0e22\u0e19\u0e49\u0e33\u0e17\u0e35\u0e48\u0e19\u0e49\u0e33\u0e1e\u0e38\u0e18\u0e23\u0e23\u0e21\u0e0a\u0e32\u0e15\u0e34<\/p>\n<p>\u0e40\u0e23\u0e34\u0e48\u0e21\u0e15\u0e49\u0e19\u0e08\u0e32\u0e01\u0e17\u0e48\u0e32\u0e40\u0e23\u0e37\u0e2dSaman\u00e1\u0e1a\u0e19\u0e40\u0e23\u0e37\u0e2d\u0e2b\u0e23\u0e37\u0e2d\u0e40\u0e23\u0e37\u0e2d\u0e04\u0e32\u0e15\u0e32\u0e21\u0e32\u0e23\u0e31\u0e19\u0e1e\u0e23\u0e49\u0e2d\u0e21\u0e44\u0e01\u0e14\u0e4c\u0e19\u0e33\u0e40\u0e17\u0e35\u0e48\u0e22\u0e27\u0e17\u0e49\u0e2d\u0e07\u0e16\u0e34\u0e48\u0e19 \u0e40\u0e23\u0e32\u0e08\u0e30\u0e1c\u0e48\u0e32\u0e19\u0e2d\u0e48\u0e32\u0e27Saman\u00e1\u0e44\u0e1b\u0e22\u0e31\u0e07\u0e1d\u0e31\u0e48\u0e07 Sabana de la Mar \u0e40\u0e1e\u0e37\u0e48\u0e2d\u0e40\u0e22\u0e35\u0e48\u0e22\u0e21\u0e0a\u0e21\u0e2d\u0e38\u0e17\u0e22\u0e32\u0e19\u0e41\u0e2b\u0e48\u0e07\u0e0a\u0e32\u0e15\u0e34\u0e17\u0e35\u0e48\u0e2a\u0e27\u0e22\u0e17\u0e35\u0e48\u0e2a\u0e38\u0e14\u0e41\u0e2b\u0e48\u0e07\u0e2b\u0e19\u0e36\u0e48\u0e07\u0e02\u0e2d\u0e07\u0e2a\u0e32\u0e18\u0e32\u0e23\u0e13\u0e23\u0e31\u0e10\u0e42\u0e14\u0e21\u0e34\u0e19\u0e34\u0e01\u0e31\u0e19 <em><strong>\u0e2d\u0e38\u0e17\u0e22\u0e32\u0e19\u0e41\u0e2b\u0e48\u0e07\u0e0a\u0e32\u0e15\u0e34\u0e40\u0e2e\u0e15\u0e34<\/strong><\/em>.<\/p>\n<p>\u0e40\u0e17\u0e35\u0e48\u0e22\u0e27\u0e40\u0e01\u0e32\u0e30\u0e17\u0e35\u0e48\u0e21\u0e35\u0e19\u0e01\u0e2d\u0e22\u0e39\u0e48\u0e23\u0e2d\u0e1a\u0e46 \u0e43\u0e19\u0e24\u0e14\u0e39\u0e27\u0e32\u0e07\u0e44\u0e02\u0e48 \u0e40\u0e23\u0e32\u0e22\u0e31\u0e07\u0e40\u0e2b\u0e47\u0e19\u0e25\u0e39\u0e01\u0e19\u0e01\u0e01\u0e23\u0e30\u0e17\u0e38\u0e07\u0e2d\u0e22\u0e39\u0e48\u0e43\u0e19\u0e23\u0e31\u0e07\u0e14\u0e49\u0e27\u0e22\u0e0b\u0e49\u0e33 \u0e40\u0e02\u0e49\u0e32\u0e16\u0e36\u0e07\u0e40\u0e01\u0e32\u0e30\u0e2b\u0e34\u0e19\u0e44\u0e14\u0e49\u0e21\u0e32\u0e01\u0e02\u0e36\u0e49\u0e19\u0e41\u0e25\u0e30\u0e40\u0e22\u0e35\u0e48\u0e22\u0e21\u0e0a\u0e21\u0e16\u0e49\u0e33\u0e1e\u0e23\u0e49\u0e2d\u0e21\u0e23\u0e39\u0e1b\u0e20\u0e32\u0e1e\u0e41\u0e25\u0e30 petrographs \u0e08\u0e32\u0e01\u0e04\u0e19\u0e1e\u0e37\u0e49\u0e19\u0e40\u0e21\u0e37\u0e2d\u0e07<\/p>\n<p>The tour, organized by \u00abBooking Adventures\u00bb starts at the meeting point set with the Tour Guide. Come with Booking Adventures and start checking some bird-filled mangroves, rolling hills of lush vegetation and caves of <em><strong>\u0e2d\u0e38\u0e17\u0e22\u0e32\u0e19\u0e41\u0e2b\u0e48\u0e07\u0e0a\u0e32\u0e15\u0e34\u0e25\u0e2d\u0e2a\u0e40\u0e2e\u0e15\u0e34\u0e40\u0e0b\u0e2a<\/strong><\/em>.<\/p>\n<p>\u0e1c\u0e48\u0e32\u0e19\u0e1b\u0e48\u0e32\u0e0a\u0e32\u0e22\u0e40\u0e25\u0e19\u0e41\u0e25\u0e30\u0e25\u0e07\u0e08\u0e2d\u0e14\u0e17\u0e35\u0e48\u0e2d\u0e48\u0e32\u0e27 San Lorenzo \u0e17\u0e35\u0e48\u0e40\u0e1b\u0e34\u0e14\u0e42\u0e25\u0e48\u0e07 \u0e0b\u0e36\u0e48\u0e07\u0e04\u0e38\u0e13\u0e2a\u0e32\u0e21\u0e32\u0e23\u0e16\u0e16\u0e48\u0e32\u0e22\u0e20\u0e32\u0e1e\u0e17\u0e34\u0e27\u0e17\u0e31\u0e28\u0e19\u0e4c\u0e1b\u0e48\u0e32\u0e2d\u0e31\u0e19\u0e02\u0e23\u0e38\u0e02\u0e23\u0e30\u0e44\u0e14\u0e49 \u0e21\u0e2d\u0e07\u0e44\u0e1b\u0e17\u0e32\u0e07\u0e19\u0e49\u0e33\u0e40\u0e1e\u0e37\u0e48\u0e2d\u0e2a\u0e31\u0e07\u0e40\u0e01\u0e15 <em><strong>\u0e1e\u0e30\u0e22\u0e39\u0e19<\/strong><\/em>, \u0e2a\u0e31\u0e15\u0e27\u0e4c\u0e19\u0e49\u0e33\u0e17\u0e35\u0e48\u0e21\u0e35\u0e40\u0e1b\u0e25\u0e37\u0e2d\u0e01\u0e41\u0e02\u0e47\u0e07\u0e41\u0e25\u0e30 <em><strong>\u0e1b\u0e25\u0e32\u0e42\u0e25\u0e21\u0e32<\/strong><\/em><\/p>\n<div class=\"body-description secondary\">\n<p>\u0e0a\u0e37\u0e48\u0e2d\u0e02\u0e2d\u0e07\u0e2d\u0e38\u0e17\u0e22\u0e32\u0e19\u0e41\u0e2b\u0e48\u0e07\u0e0a\u0e32\u0e15\u0e34\u0e19\u0e35\u0e49\u0e21\u0e32\u0e08\u0e32\u0e01\u0e0a\u0e19\u0e40\u0e1c\u0e48\u0e32\u0e2d\u0e34\u0e19\u0e40\u0e14\u0e35\u0e22\u0e19\u0e41\u0e14\u0e07 Taino \u0e17\u0e35\u0e48\u0e2d\u0e32\u0e28\u0e31\u0e22\u0e2d\u0e22\u0e39\u0e48\u0e14\u0e31\u0e49\u0e07\u0e40\u0e14\u0e34\u0e21 \u0e43\u0e19\u0e20\u0e32\u0e29\u0e32\u0e02\u0e2d\u0e07\u0e1e\u0e27\u0e01\u0e40\u0e02\u0e32 &quot;\u0e40\u0e2e\u0e15\u0e34&quot; \u0e41\u0e1b\u0e25\u0e27\u0e48\u0e32\u0e17\u0e35\u0e48\u0e23\u0e32\u0e1a\u0e2a\u0e39\u0e07\u0e2b\u0e23\u0e37\u0e2d\u0e40\u0e19\u0e34\u0e19\u0e40\u0e02\u0e32 \u0e0b\u0e36\u0e48\u0e07\u0e2b\u0e21\u0e32\u0e22\u0e16\u0e36\u0e07\u0e01\u0e32\u0e23\u0e01\u0e48\u0e2d\u0e15\u0e31\u0e27\u0e17\u0e32\u0e07\u0e18\u0e23\u0e13\u0e35\u0e27\u0e34\u0e17\u0e22\u0e32\u0e17\u0e35\u0e48\u0e2a\u0e39\u0e07\u0e0a\u0e31\u0e19\u0e02\u0e2d\u0e07\u0e41\u0e19\u0e27\u0e0a\u0e32\u0e22\u0e1d\u0e31\u0e48\u0e07\u0e17\u0e35\u0e48\u0e21\u0e35\u0e2b\u0e34\u0e19\u0e1b\u0e39\u0e19 \u0e1c\u0e08\u0e0d\u0e20\u0e31\u0e22\u0e25\u0e36\u0e01\u0e40\u0e02\u0e49\u0e32\u0e44\u0e1b\u0e43\u0e19\u0e2d\u0e38\u0e17\u0e22\u0e32\u0e19\u0e40\u0e1e\u0e37\u0e48\u0e2d\u0e2a\u0e33\u0e23\u0e27\u0e08\u0e16\u0e49\u0e33\u0e15\u0e48\u0e32\u0e07\u0e46 \u0e40\u0e0a\u0e48\u0e19 <em><strong>\u0e16\u0e49\u0e33\u0e17\u0e23\u0e32\u0e22<\/strong><\/em> \u0e41\u0e25\u0e30 <strong><em>\u0e16\u0e49\u0e33\u0e44\u0e25\u0e19\u0e4c.<\/em><\/strong> \u0e16\u0e49\u0e33\u0e43\u0e19\u0e40\u0e02\u0e15\u0e2a\u0e07\u0e27\u0e19\u0e16\u0e39\u0e01\u0e43\u0e0a\u0e49\u0e40\u0e1b\u0e47\u0e19\u0e17\u0e35\u0e48\u0e2b\u0e25\u0e1a\u0e20\u0e31\u0e22\u0e02\u0e2d\u0e07\u0e0a\u0e32\u0e27\u0e2d\u0e34\u0e19\u0e40\u0e14\u0e35\u0e22 Taino \u0e41\u0e25\u0e30\u0e15\u0e48\u0e2d\u0e21\u0e32\u0e01\u0e47\u0e0b\u0e48\u0e2d\u0e19\u0e42\u0e08\u0e23\u0e2a\u0e25\u0e31\u0e14 \u0e21\u0e2d\u0e07\u0e2b\u0e32\u0e20\u0e32\u0e1e\u0e27\u0e32\u0e14\u0e02\u0e2d\u0e07\u0e0a\u0e32\u0e27\u0e2d\u0e34\u0e19\u0e40\u0e14\u0e35\u0e22\u0e17\u0e35\u0e48\u0e15\u0e01\u0e41\u0e15\u0e48\u0e07\u0e1c\u0e19\u0e31\u0e07\u0e1a\u0e32\u0e07\u0e2a\u0e48\u0e27\u0e19 \u0e2b\u0e25\u0e31\u0e07\u0e08\u0e32\u0e01\u0e40\u0e22\u0e35\u0e48\u0e22\u0e21\u0e0a\u0e21\u0e2d\u0e38\u0e17\u0e22\u0e32\u0e19\u0e41\u0e2b\u0e48\u0e07\u0e0a\u0e32\u0e15\u0e34 Los Haitises \u0e41\u0e25\u0e49\u0e27 \u0e40\u0e23\u0e32\u0e08\u0e30\u0e01\u0e25\u0e31\u0e1a\u0e44\u0e1b\u0e17\u0e35\u0e48\u0e17\u0e48\u0e32\u0e40\u0e23\u0e37\u0e2d Saman\u00e1 \u0e1c\u0e48\u0e32\u0e19\u0e2d\u0e48\u0e32\u0e27 Saman\u00e1 30 \u0e19\u0e32\u0e17\u0e35<\/p>\n<\/div>\n<p>\u0e43\u0e19\u0e01\u0e23\u0e13\u0e35\u0e17\u0e35\u0e48\u0e04\u0e38\u0e13\u0e15\u0e49\u0e2d\u0e07\u0e01\u0e32\u0e23\u0e01\u0e32\u0e23\u0e40\u0e14\u0e34\u0e19\u0e17\u0e32\u0e07\u0e04\u0e23\u0e31\u0e49\u0e07\u0e19\u0e35\u0e49\u0e2d\u0e35\u0e01\u0e15\u0e48\u0e2d\u0e44\u0e1b \u0e40\u0e23\u0e32\u0e21\u0e35\u0e15\u0e31\u0e27\u0e40\u0e25\u0e37\u0e2d\u0e01\u0e40\u0e2b\u0e25\u0e48\u0e32\u0e19\u0e35\u0e49:<\/p>\n<ol>\n<li><a href=\"https:\/\/www.ticketswhales.com\/tour\/los-haitises-national-park-tour-from-samana-port\/\" target=\"_blank\" rel=\"noopener\">Los Haitises + Cayo Levantado \u0e08\u0e32\u0e01\u0e17\u0e48\u0e32\u0e40\u0e23\u0e37\u0e2d Samana<\/a><\/li>\n<li><a href=\"https:\/\/www.ticketswhales.com\/tour\/los-haitises-national-park-lunch-at-cano-hondo-from-samana-port\/\" target=\"_blank\" rel=\"noopener\">Los Haitises + Cano Hondo \u0e08\u0e32\u0e01\u0e17\u0e48\u0e32\u0e40\u0e23\u0e37\u0e2d Samana<\/a><\/li>\n<\/ol>\n<p>&nbsp;<\/p>\n<h4><em><strong>\u0e04\u0e38\u0e13\u0e04\u0e27\u0e23\u0e19\u0e33\u0e2d\u0e30\u0e44\u0e23\u0e21\u0e32\u0e1a\u0e49\u0e32\u0e07?<\/strong><\/em><\/h4>\n<ul>\n<li style=\"font-weight: 400;\"><span style=\"font-weight: 400;\">\u0e01\u0e25\u0e49\u0e2d\u0e07<\/span><\/li>\n<li style=\"font-weight: 400;\"><span style=\"font-weight: 400;\">\u0e15\u0e32\u0e02\u0e31\u0e1a\u0e44\u0e25\u0e48<\/span><\/li>\n<li style=\"font-weight: 400;\"><span style=\"font-weight: 400;\">\u0e04\u0e23\u0e35\u0e21\u0e01\u0e31\u0e19\u0e41\u0e14\u0e14<\/span><\/li>\n<li style=\"font-weight: 400;\"><span style=\"font-weight: 400;\">\u0e2b\u0e21\u0e27\u0e01<\/span><\/li>\n<li style=\"font-weight: 400;\"><span style=\"font-weight: 400;\">\u0e01\u0e32\u0e07\u0e40\u0e01\u0e07\u0e43\u0e2a\u0e48\u0e2a\u0e1a\u0e32\u0e22<\/span><\/li>\n<li style=\"font-weight: 400;\"><span style=\"font-weight: 400;\">\u0e23\u0e2d\u0e07\u0e40\u0e17\u0e49\u0e32\u0e40\u0e14\u0e34\u0e19\u0e1b\u0e48\u0e32\u0e2a\u0e33\u0e2b\u0e23\u0e31\u0e1a\u0e1b\u0e48\u0e32<\/span><\/li>\n<li style=\"font-weight: 400;\"><span style=\"font-weight: 400;\">\u0e23\u0e2d\u0e07\u0e40\u0e17\u0e49\u0e32\u0e41\u0e15\u0e30\u0e44\u0e1b\u0e22\u0e31\u0e07\u0e1e\u0e37\u0e49\u0e19\u0e17\u0e35\u0e48\u0e24\u0e14\u0e39\u0e43\u0e1a\u0e44\u0e21\u0e49\u0e1c\u0e25\u0e34<\/span><\/li>\n<li style=\"font-weight: 400;\"><span style=\"font-weight: 400;\">\u0e0a\u0e38\u0e14\u0e27\u0e48\u0e32\u0e22\u0e19\u0e49\u0e33<\/span><\/li>\n<\/ul>\n<p>&nbsp;<\/p>\n<h4><b><i>\u0e23\u0e16\u0e44\u0e1b\u0e23\u0e31\u0e1a\u0e17\u0e35\u0e48\u0e42\u0e23\u0e07\u0e41\u0e23\u0e21 <\/i><\/b><\/h4>\n<p><span style=\"font-weight: 400;\">\u0e44\u0e21\u0e48\u0e21\u0e35\u0e1a\u0e23\u0e34\u0e01\u0e32\u0e23\u0e44\u0e1b\u0e23\u0e31\u0e1a\u0e17\u0e35\u0e48\u0e42\u0e23\u0e07\u0e41\u0e23\u0e21\u0e2a\u0e33\u0e2b\u0e23\u0e31\u0e1a\u0e17\u0e31\u0e27\u0e23\u0e4c\u0e19\u0e35\u0e49 <\/span><\/p>\n<p>&nbsp;<\/p>\n<p><b>\u0e1a\u0e31\u0e19\u0e17\u0e36\u0e01:<\/b><span style=\"font-weight: 400;\"> \u0e2b\u0e32\u0e01\u0e04\u0e38\u0e13\u0e08\u0e2d\u0e07\u0e20\u0e32\u0e22\u0e43\u0e19 24 \u0e0a\u0e31\u0e48\u0e27\u0e42\u0e21\u0e07\u0e19\u0e31\u0e1a\u0e08\u0e32\u0e01\u0e40\u0e27\u0e25\u0e32\u0e2d\u0e2d\u0e01\u0e40\u0e14\u0e34\u0e19\u0e17\u0e32\u0e07\u0e02\u0e2d\u0e07\u0e17\u0e31\u0e27\u0e23\u0e4c\/\u0e01\u0e32\u0e23\u0e40\u0e14\u0e34\u0e19\u0e17\u0e32\u0e07 \u0e40\u0e23\u0e32\u0e2a\u0e32\u0e21\u0e32\u0e23\u0e16\u0e08\u0e31\u0e14\u0e40\u0e15\u0e23\u0e35\u0e22\u0e21\u0e1a\u0e23\u0e34\u0e01\u0e32\u0e23\u0e44\u0e1b\u0e23\u0e31\u0e1a\u0e17\u0e35\u0e48\u0e42\u0e23\u0e07\u0e41\u0e23\u0e21\u0e42\u0e14\u0e22\u0e21\u0e35\u0e04\u0e48\u0e32\u0e43\u0e0a\u0e49\u0e08\u0e48\u0e32\u0e22\u0e40\u0e1e\u0e34\u0e48\u0e21\u0e40\u0e15\u0e34\u0e21 \u0e40\u0e21\u0e37\u0e48\u0e2d\u0e01\u0e32\u0e23\u0e0b\u0e37\u0e49\u0e2d\u0e02\u0e2d\u0e07\u0e04\u0e38\u0e13\u0e40\u0e2a\u0e23\u0e47\u0e08\u0e2a\u0e21\u0e1a\u0e39\u0e23\u0e13\u0e4c \u0e40\u0e23\u0e32\u0e08\u0e30\u0e2a\u0e48\u0e07\u0e02\u0e49\u0e2d\u0e21\u0e39\u0e25\u0e15\u0e34\u0e14\u0e15\u0e48\u0e2d\u0e17\u0e35\u0e48\u0e04\u0e23\u0e1a\u0e16\u0e49\u0e27\u0e19 (\u0e2b\u0e21\u0e32\u0e22\u0e40\u0e25\u0e02\u0e42\u0e17\u0e23\u0e28\u0e31\u0e1e\u0e17\u0e4c \u0e17\u0e35\u0e48\u0e2d\u0e22\u0e39\u0e48\u0e2d\u0e35\u0e40\u0e21\u0e25 \u0e2f\u0e25\u0e2f) \u0e43\u0e2b\u0e49\u0e01\u0e31\u0e1a\u0e44\u0e01\u0e14\u0e4c\u0e19\u0e33\u0e40\u0e17\u0e35\u0e48\u0e22\u0e27\u0e17\u0e49\u0e2d\u0e07\u0e16\u0e34\u0e48\u0e19\u0e02\u0e2d\u0e07\u0e40\u0e23\u0e32\u0e40\u0e1e\u0e37\u0e48\u0e2d\u0e08\u0e31\u0e14\u0e01\u0e32\u0e23\u0e40\u0e23\u0e37\u0e48\u0e2d\u0e07\u0e01\u0e32\u0e23\u0e23\u0e31\u0e1a\u0e2a\u0e48\u0e07<\/span><\/p>\n<h4><b><i>\u0e01\u0e32\u0e23\u0e22\u0e37\u0e19\u0e22\u0e31\u0e19\u0e02\u0e49\u0e2d\u0e21\u0e39\u0e25\u0e40\u0e1e\u0e34\u0e48\u0e21\u0e40\u0e15\u0e34\u0e21 <\/i><\/b><\/h4>\n<ol>\n<li>\u0e15\u0e31\u0e4b\u0e27\u0e40\u0e1b\u0e47\u0e19\u0e43\u0e1a\u0e40\u0e2a\u0e23\u0e47\u0e08\u0e23\u0e31\u0e1a\u0e40\u0e07\u0e34\u0e19\u0e2b\u0e25\u0e31\u0e07\u0e08\u0e32\u0e01\u0e0a\u0e33\u0e23\u0e30\u0e04\u0e48\u0e32\u0e17\u0e31\u0e27\u0e23\u0e4c\u0e19\u0e35\u0e49 \u0e04\u0e38\u0e13\u0e2a\u0e32\u0e21\u0e32\u0e23\u0e16\u0e41\u0e2a\u0e14\u0e07\u0e01\u0e32\u0e23\u0e0a\u0e33\u0e23\u0e30\u0e40\u0e07\u0e34\u0e19\u0e1a\u0e19\u0e42\u0e17\u0e23\u0e28\u0e31\u0e1e\u0e17\u0e4c\u0e02\u0e2d\u0e07\u0e04\u0e38\u0e13\u0e44\u0e14\u0e49<\/li>\n<li style=\"font-weight: 400;\"><span style=\"font-weight: 400;\">\u0e08\u0e38\u0e14\u0e19\u0e31\u0e14\u0e1e\u0e1a\u0e08\u0e30\u0e44\u0e14\u0e49\u0e23\u0e31\u0e1a\u0e2b\u0e25\u0e31\u0e07\u0e08\u0e32\u0e01\u0e02\u0e31\u0e49\u0e19\u0e15\u0e2d\u0e19\u0e01\u0e32\u0e23\u0e08\u0e2d\u0e07<\/span><\/li>\n<li style=\"font-weight: 400;\"><span style=\"font-weight: 400;\">\u0e40\u0e14\u0e47\u0e01\u0e08\u0e30\u0e15\u0e49\u0e2d\u0e07\u0e21\u0e35\u0e1c\u0e39\u0e49\u0e43\u0e2b\u0e0d\u0e48\u0e21\u0e32\u0e14\u0e49\u0e27\u0e22<\/span><\/li>\n<li style=\"font-weight: 400;\"><span style=\"font-weight: 400;\"> \u0e44\u0e21\u0e48\u0e23\u0e2d\u0e07\u0e23\u0e31\u0e1a\u0e40\u0e01\u0e49\u0e32\u0e2d\u0e35\u0e49\u0e23\u0e16\u0e40\u0e02\u0e47\u0e19 <\/span><\/li>\n<li style=\"font-weight: 400;\"><span style=\"font-weight: 400;\">\u0e17\u0e32\u0e23\u0e01\u0e08\u0e30\u0e15\u0e49\u0e2d\u0e07\u0e19\u0e31\u0e48\u0e07\u0e1a\u0e19\u0e15\u0e31\u0e01 <\/span><\/li>\n<li style=\"font-weight: 400;\"><span style=\"font-weight: 400;\">\u0e44\u0e21\u0e48\u0e41\u0e19\u0e30\u0e19\u0e33\u0e2a\u0e33\u0e2b\u0e23\u0e31\u0e1a\u0e19\u0e31\u0e01\u0e40\u0e14\u0e34\u0e19\u0e17\u0e32\u0e07\u0e17\u0e35\u0e48\u0e21\u0e35\u0e1b\u0e31\u0e0d\u0e2b\u0e32\u0e40\u0e01\u0e35\u0e48\u0e22\u0e27\u0e01\u0e31\u0e1a\u0e2b\u0e25\u0e31\u0e07<\/span><\/li>\n<li style=\"font-weight: 400;\"><span style=\"font-weight: 400;\">\u0e44\u0e21\u0e48\u0e41\u0e19\u0e30\u0e19\u0e33\u0e2a\u0e33\u0e2b\u0e23\u0e31\u0e1a\u0e19\u0e31\u0e01\u0e40\u0e14\u0e34\u0e19\u0e17\u0e32\u0e07\u0e17\u0e35\u0e48\u0e15\u0e31\u0e49\u0e07\u0e04\u0e23\u0e23\u0e20\u0e4c <\/span><\/li>\n<li style=\"font-weight: 400;\"><span style=\"font-weight: 400;\"> \u0e44\u0e21\u0e48\u0e21\u0e35\u0e1b\u0e31\u0e0d\u0e2b\u0e32\u0e40\u0e01\u0e35\u0e48\u0e22\u0e27\u0e01\u0e31\u0e1a\u0e2b\u0e31\u0e27\u0e43\u0e08\u0e2b\u0e23\u0e37\u0e2d\u0e2d\u0e32\u0e01\u0e32\u0e23\u0e1b\u0e48\u0e27\u0e22\u0e23\u0e49\u0e32\u0e22\u0e41\u0e23\u0e07\u0e2d\u0e37\u0e48\u0e19\u0e46 <\/span><\/li>\n<li style=\"font-weight: 400;\"><span style=\"font-weight: 400;\">\u0e19\u0e31\u0e01\u0e17\u0e48\u0e2d\u0e07\u0e40\u0e17\u0e35\u0e48\u0e22\u0e27\u0e2a\u0e48\u0e27\u0e19\u0e43\u0e2b\u0e0d\u0e48\u0e2a\u0e32\u0e21\u0e32\u0e23\u0e16\u0e40\u0e02\u0e49\u0e32\u0e23\u0e48\u0e27\u0e21\u0e44\u0e14\u0e49<\/span><\/li>\n<\/ol>\n<h4><b><i>\u0e19\u0e42\u0e22\u0e1a\u0e32\u0e22\u0e01\u0e32\u0e23\u0e22\u0e01\u0e40\u0e25\u0e34\u0e01<\/i><\/b><\/h4>\n<p>For a full refund, please read our Cancellations policies\u00a0<a href=\"https:\/\/www.ticketswhales.com\/online-booking\/\" target=\"_blank\" rel=\"noopener\" data-saferedirecturl=\"https:\/\/www.google.com\/url?q=https:\/\/www.ticketswhales.com\/online-booking\/&amp;source=gmail&amp;ust=1672529771100000&amp;usg=AOvVaw2NIGJBZ0qjB5RhPUl5Obc7\">\u0e04\u0e25\u0e34\u0e01\u0e17\u0e35\u0e48\u0e19\u0e35\u0e48<\/a>. Funds will be lost if the reservation is cancelled the same day of the trip.<\/p>\n\n\t\t<\/div>\n\t<\/div>\n<\/div><\/div><\/div><\/div><div class=\"vc_row wpb_row vc_row-fluid\" ><\/div><div class=\"wpb_column vc_column_container vc_col-sm-12\"><div class=\"vc_column-inner\"><div class=\"wpb_wrapper\"><\/div><\/div><\/div><div class=\"vc_empty_space\"   style=\"height: 32px\"><span class=\"vc_empty_space_inner\"><\/span><\/div><div class=\"vc_empty_space\"   style=\"height: 32px\"><span class=\"vc_empty_space_inner\"><\/span><\/div><div class=\"vc_row wpb_row vc_row-fluid\" ><div class=\"wpb_column vc_column_container vc_col-sm-12\"><div class=\"vc_column-inner\"><div class=\"wpb_wrapper\"><div class=\"vc_btn3-container vc_btn3-inline\" ><button class=\"vc_general vc_btn3 vc_btn3-size-md vc_btn3-shape-rounded vc_btn3-style-modern vc_btn3-color-green\">\u0e08\u0e2d\u0e07\u0e15\u0e2d\u0e19\u0e19\u0e35\u0e49<\/button><\/div><\/div><\/div><\/div><\/div>","protected":false},"excerpt":{"rendered":"<p><span style=\"vertical-align: inherit;\"><span style=\"vertical-align: inherit;\">Viaje ecol\u00f3gico al Parque Nacional Los Haitises con un gu\u00eda tur\u00edstico local. <\/span><span style=\"vertical-align: inherit;\">Visitando los Cayos en el Parque Nacional Los Haitises, Manglares, Vegetaci\u00f3n, Observaci\u00f3n de aves, Cuevas, Pictogramas y las \u00e1reas hist\u00f3ricas de Sabana de la Mar en el Parque Nacional Los Haitises.<\/span><\/span><\/p>\n<p>&nbsp;<\/p>\n<p><em><strong><span style=\"vertical-align: inherit;\"><span style=\"vertical-align: inherit;\">Seleccione la fecha para el tour\u00a0<\/span><\/span><\/strong><\/em><\/p>","protected":false},"featured_media":11651,"template":"","meta":[],"product_brand":[],"product_cat":[571,566,119,120,98,121],"product_tag":[132,133,142,147,148,143],"class_list":{"0":"post-11632","1":"product","2":"type-product","3":"status-publish","4":"has-post-thumbnail","6":"product_cat-1-samana","7":"product_cat-boat-trip-los-haitises","8":"product_cat-caves","9":"product_cat-fees-entrace","10":"product_cat-local-tour-guides","11":"product_cat-mangroves","12":"product_tag-los-haitises","13":"product_tag-los-haitises-national-park","14":"product_tag-samana","15":"product_tag-samana-bay","16":"product_tag-samana-excursions","17":"product_tag-samana-tours","19":"first","20":"instock","21":"sale","22":"sold-individually","23":"shipping-taxable","24":"product-type-external"},"_links":{"self":[{"href":"https:\/\/haitises.com\/th\/wp-json\/wp\/v2\/product\/11632","targetHints":{"allow":["GET"]}}],"collection":[{"href":"https:\/\/haitises.com\/th\/wp-json\/wp\/v2\/product"}],"about":[{"href":"https:\/\/haitises.com\/th\/wp-json\/wp\/v2\/types\/product"}],"wp:featuredmedia":[{"embeddable":true,"href":"https:\/\/haitises.com\/th\/wp-json\/wp\/v2\/media\/11651"}],"wp:attachment":[{"href":"https:\/\/haitises.com\/th\/wp-json\/wp\/v2\/media?parent=11632"}],"wp:term":[{"taxonomy":"product_brand","embeddable":true,"href":"https:\/\/haitises.com\/th\/wp-json\/wp\/v2\/product_brand?post=11632"},{"taxonomy":"product_cat","embeddable":true,"href":"https:\/\/haitises.com\/th\/wp-json\/wp\/v2\/product_cat?post=11632"},{"taxonomy":"product_tag","embeddable":true,"href":"https:\/\/haitises.com\/th\/wp-json\/wp\/v2\/product_tag?post=11632"}],"curies":[{"name":"wp","href":"https:\/\/api.w.org\/{rel}","templated":true}]}}