{"id":608,"date":"2020-07-12T21:05:28","date_gmt":"2020-07-12T21:05:28","guid":{"rendered":"http:\/\/haitises.com\/?post_type=product&#038;p=608"},"modified":"2024-04-16T03:21:46","modified_gmt":"2024-04-16T03:21:46","slug":"tour-privado-ballenas-y-cayo-levantado-desde-el-puerto-de-samana","status":"publish","type":"product","link":"https:\/\/haitises.com\/sv\/privat\/tour-privado-ballenas-y-cayo-levantado-desde-el-puerto-de-samana\/","title":{"rendered":"Privat val- och Cayo Levantado-tur fr\u00e5n hamnen i Saman\u00e1"},"content":{"rendered":"<div class=\"vc_row wpb_row vc_row-fluid\" ><div class=\"wpb_column vc_column_container vc_col-sm-12\"><div class=\"vc_column-inner\"><div class=\"wpb_wrapper\"><div class=\"vc_empty_space\"   style=\"height: 32px\"><span class=\"vc_empty_space_inner\"><\/span><\/div>[mkdf_section_title title_tag=\u00bb\u00bb disable_break_words=\u00bbno\u00bb subtitle_tag=\u00bb\u00bb title=\u00bbSamana Cayo Levantado + Excursi\u00f3n de Ballenas\u00bb subtitle=\u00bbTour en bote desde el puerto de Saman\u00e1\u00bb]<div class=\"vc_message_box vc_message_box-standard vc_message_box-rounded vc_color-info\" ><div class=\"vc_message_box-icon\"><i class=\"fas fa-info-circle\"><\/i><\/div><p>Este es un tour privado m\u00ednimo 4 personas. Para reservar el mismo viaje en grupos de catamar\u00e1n, haga clic aqu\u00ed.<br \/>\nSi son menos de 4 personas y le gustar\u00eda privado, cont\u00e1ctenos.<\/p>\n<\/div><div class=\"vc_empty_space\"   style=\"height: 32px\"><span class=\"vc_empty_space_inner\"><\/span><\/div><\/div><\/div><\/div><\/div><div class=\"vc_row wpb_row vc_row-fluid\" ><div class=\"wpb_column vc_column_container vc_col-sm-12\"><div class=\"vc_column-inner\"><div class=\"wpb_wrapper\">\n\t<div class=\"wpb_text_column wpb_content_element\" >\n\t\t<div class=\"wpb_wrapper\">\n\t\t\t<h3>Beskrivning<\/h3>\n<p>Evite grandes grupos de turistas y haga su observaci\u00f3n de ballenas en la bah\u00eda de Saman\u00e1 desde el puerto de Saman\u00e1 en un bote privado. Este viaje comienza a las 9:00 a.m. y termina a las 5:00 p.m. Pero debido a que ser\u00e1 un viaje privado, puede establecer el tiempo para comenzar y terminar. Reuni\u00f3n antes en nuestra oficina al lado del restaurante Royal. Despu\u00e9s de abortar nuestro barco para visitar a las ballenas en su propio h\u00e1bitat. Nuestros capitanes est\u00e1n entrenados para asegurarse de que veas ballenas.<\/p>\n<p>Desde las 9:00 am hasta las 12: 00-mediod\u00eda Observatorio de avistamiento de ballenas y despu\u00e9s de este viaje visitaremos la isla Bacardi \/ Cayo Levantado. En la isla de Bacardi, se proporcionar\u00e1 un almuerzo buffet de estilo t\u00edpico dominicano (arroz, frijoles, pescado, ensaladas &#8230;). Cuando termina el almuerzo, se le permite nadar hasta las 4:30 p.m. El recorrido finalizar\u00e1 a las 5:00 pm en el mismo puerto desde donde comenzar\u00e1.<\/p>\n<p><strong>Notera:<\/strong> Este tour es privado. (Solo usted y su familia o amigos a bordo con el capit\u00e1n y el gu\u00eda tur\u00edstico).<\/p>\n<ul>\n<li>Avistamiento de ballenas<\/li>\n<li>Entradas al Observatorio<\/li>\n<li>Inkluderar buff\u00e9 lunch p\u00e5 stranden.<\/li>\n<li>Transporte de barco<\/li>\n<li>El Capit\u00e1n proporciona instrucci\u00f3n y supervisi\u00f3n.<\/li>\n<li>Gu\u00eda tur\u00edstico<\/li>\n<\/ul>\n<h3>Inklusioner och undantag<\/h3>\n<h4>Inklusioner<\/h4>\n<ol>\n<li>Lunchbuff\u00e9 p\u00e5 stranden.<\/li>\n<li>Gu\u00eda tur\u00edstico<\/li>\n<li>Catamar\u00e1n o paseo en barco<\/li>\n<li>Alla skatter, avgifter och hanteringsavgifter<\/li>\n<li>Lokala skatter<\/li>\n<li>Drycker<\/li>\n<\/ol>\n<h4>Uteslutningar<\/h4>\n<ol>\n<li>Tips<\/li>\n<li>\u00d6verf\u00f6ra bil<\/li>\n<li>Alkoholhaltiga drycker<\/li>\n<\/ol>\n<h3><em>Avresa och hemresa<\/em><\/h3>\n<p>El viajero obtendr\u00e1 un punto de encuentro despu\u00e9s del proceso de reserva. Los tours comienzan y finalizan en nuestros puntos de encuentro.<\/p>\n<h3><em>Vad du kan f\u00f6rv\u00e4nta?<\/em><\/h3>\n<p>Obtenga sus boletos para un d\u00eda de visita privada de avistamiento de ballenas en la bah\u00eda de Saman\u00e1, adem\u00e1s de un maravilloso almuerzo y tiempo de playa en la isla de Bacardi.<\/p>\n<p>El Daypass para la observaci\u00f3n de ballenas, organizado por \u00abBooking Adventures\u00bb comienza en el punto de encuentro establecido con el gu\u00eda tur\u00edstico. Almuerza en la playa y puedes quedarte todo el tiempo que quieras nadando. Si eres vegano, tambi\u00e9n podemos prepararte algo de comida.<\/p>\n<p><strong>Horario:<\/strong><\/p>\n<p>8:45 AM &#8211; 5:00 PM<\/p>\n<h3><em>Vad ska du ta med?<\/em><\/h3>\n<ul>\n<li>Kamera<\/li>\n<li>Repellenter<\/li>\n<li>Solskydd<\/li>\n<li>Hatt<\/li>\n<li>Bekv\u00e4ma byxor<\/li>\n<li>Sandaler till stranden<\/li>\n<li>Baddr\u00e4kt<\/li>\n<li>Kontanter f\u00f6r souvenirer<\/li>\n<\/ul>\n<h3><em>Hotellh\u00e4mtning<\/em><\/h3>\n<p>Hotellh\u00e4mtning erbjuds inte f\u00f6r denna turn\u00e9.<\/p>\n<p><strong>Notera:<\/strong> Om du bokar inom 24 timmar efter turn\u00e9ns\/utflyktens avg\u00e5ngstid kan vi ordna hotellh\u00e4mtning med extra avgifter. N\u00e4r ditt k\u00f6p \u00e4r slutf\u00f6rt skickar vi fullst\u00e4ndig kontaktinformation (telefonnummer, e-postadress, etc.) till dig s\u00e5 att v\u00e5r lokala reseguide kan ordna h\u00e4mtning.<\/p>\n<h3><em>Bekr\u00e4ftelse av ytterligare information<\/em><\/h3>\n<ul>\n<li>Biljetterna \u00e4r kvittot efter betalning f\u00f6r denna turn\u00e9. Du kan visa betalningen p\u00e5 din telefon.<\/li>\n<li>M\u00f6tesplatsen kommer att tas emot efter bokningsprocessen.<\/li>\n<li>Barn m\u00e5ste \u00e5tf\u00f6ljas av en vuxen.<\/li>\n<li>Tillg\u00e4nglig f\u00f6r rullstolsburna<\/li>\n<li>Los infantes deben sentarse en el regazo<\/li>\n<li>De flesta resen\u00e4rer kan delta.<\/li>\n<\/ul>\n<h3><em>Avbokningsregler<\/em><\/h3>\n<p>F\u00f6r full \u00e5terbetalning, avboka minst 24 timmar innan upplevelsens startdatum.<\/p>\n<h3>!Cont\u00e1ctenos!<br \/>\nTOUR BALLENAS SAMANA<\/h3>\n<p>Reseguider\u00a0<strong>lokal<\/strong> och <strong>nationell<\/strong> och g\u00e4sttj\u00e4nster<\/p>\n<p>Bokningar: Rundturer och utflykter i Dom. Rep.<\/p>\n<p>Tel\/Whatsapp +1-809-720-6035.<\/p>\n<p>info@bookingadventures.com.do<\/p>\n<p>Hacemos tours privados de configuraci\u00f3n flexible por Whatsapp: +18097206035.<\/p>\n\n\t\t<\/div>\n\t<\/div>\n<\/div><\/div><\/div><\/div>","protected":false},"excerpt":{"rendered":"<p>Excursi\u00f3n privada de avistamiento de ballenas en la bah\u00eda de Saman\u00e1, Rep\u00fablica Dominicana, con gu\u00edas locales. No dudes en programar tu hora de llegada o terminar la excursi\u00f3n. El almuerzo y el horario son establecidos por usted mismo. Reserve ahora esta excursi\u00f3n en la bah\u00eda de Saman\u00e1 para una buena experiencia de viaje de observaci\u00f3n de ballenas.<\/p>\n<p>Nota: Este tour es un Tour privado con un pago m\u00ednimo. Para unirse a un grupo de observaci\u00f3n de ballenas con el mismo precio en Catamar\u00e1n, HAGA CLIC AQU\u00cd.<\/p>\n<p><strong>Por favor, seleccione la fecha de la excursi\u00f3n:<\/strong><\/p>","protected":false},"featured_media":259,"template":"","meta":[],"product_brand":[],"product_cat":[443,124,232],"product_tag":[137,162,201,143,277,271,278,234,279,280,236],"class_list":{"0":"post-608","1":"product","2":"type-product","3":"status-publish","4":"has-post-thumbnail","6":"product_cat-tours-y-excursiones-es","7":"product_cat-tours-excursions-samana-bay-dominican-republic","8":"product_cat-whale-watching-samana","9":"product_tag-bacardi-island","10":"product_tag-cayo-levantado-day-pass","11":"product_tag-private-tours-samana","12":"product_tag-samana-tours","13":"product_tag-samana-whale","14":"product_tag-samana-whale-watching","15":"product_tag-samana-whale-watching-excursions","16":"product_tag-whale-samana","17":"product_tag-whale-watching","18":"product_tag-whale-watching-2020","19":"product_tag-whale-watching-dominican-republic","21":"first","22":"instock","23":"sale","24":"sold-individually","25":"shipping-taxable","26":"product-type-external"},"_links":{"self":[{"href":"https:\/\/haitises.com\/sv\/wp-json\/wp\/v2\/product\/608","targetHints":{"allow":["GET"]}}],"collection":[{"href":"https:\/\/haitises.com\/sv\/wp-json\/wp\/v2\/product"}],"about":[{"href":"https:\/\/haitises.com\/sv\/wp-json\/wp\/v2\/types\/product"}],"wp:featuredmedia":[{"embeddable":true,"href":"https:\/\/haitises.com\/sv\/wp-json\/wp\/v2\/media\/259"}],"wp:attachment":[{"href":"https:\/\/haitises.com\/sv\/wp-json\/wp\/v2\/media?parent=608"}],"wp:term":[{"taxonomy":"product_brand","embeddable":true,"href":"https:\/\/haitises.com\/sv\/wp-json\/wp\/v2\/product_brand?post=608"},{"taxonomy":"product_cat","embeddable":true,"href":"https:\/\/haitises.com\/sv\/wp-json\/wp\/v2\/product_cat?post=608"},{"taxonomy":"product_tag","embeddable":true,"href":"https:\/\/haitises.com\/sv\/wp-json\/wp\/v2\/product_tag?post=608"}],"curies":[{"name":"wp","href":"https:\/\/api.w.org\/{rel}","templated":true}]}}