{"id":607,"date":"2020-07-11T21:05:03","date_gmt":"2020-07-11T21:05:03","guid":{"rendered":"http:\/\/haitises.com\/?post_type=product&#038;p=607"},"modified":"2024-04-16T04:05:26","modified_gmt":"2024-04-16T04:05:26","slug":"excursion-samana-zipline-tirolesa-el-valle-con-almuerzo-en-la-playa","status":"publish","type":"product","link":"https:\/\/haitises.com\/sv\/privat\/excursion-samana-zipline-tirolesa-el-valle-con-almuerzo-en-la-playa\/","title":{"rendered":"Saman\u00e1 Zipline (Zip Line) El Valle-utflykt med lunch p\u00e5 stranden"},"content":{"rendered":"<div class=\"vc_row wpb_row vc_row-fluid\" ><div class=\"wpb_column vc_column_container vc_col-sm-12\"><div class=\"vc_column-inner\"><div class=\"wpb_wrapper\">[mkdf_section_title subtitle_tag=\u00bb\u00bb subtitle=\u00bb Aventura de Zip Line\u00bb]<\/div><\/div><\/div><\/div><div class=\"vc_row wpb_row vc_row-fluid\" ><div class=\"wpb_column vc_column_container vc_col-sm-12\"><div class=\"vc_column-inner\"><div class=\"wpb_wrapper\"><div class=\"vc_empty_space\"   style=\"height: 32px\"><span class=\"vc_empty_space_inner\"><\/span><\/div><\/div><\/div><\/div><\/div><div class=\"vc_row wpb_row vc_row-fluid\" ><div class=\"wpb_column vc_column_container vc_col-sm-12\"><div class=\"vc_column-inner\"><div class=\"wpb_wrapper\">\n\t<div class=\"wpb_text_column wpb_content_element\" >\n\t\t<div class=\"wpb_wrapper\">\n\t\t\t<h2>Zip Line (Zip Line) Saman\u00e1, El Valle med lunch p\u00e5 stranden<\/h2>\n<h3>Beskrivning<\/h3>\n<p>Zip line i Saman\u00e1, El Valle plus lunch p\u00e5 stranden. F\u00f6lj med oss och bes\u00f6k en av de l\u00e4ngsta zip-linjerna i Karibien. 12 linjer, 13 stationer och mer \u00e4n 7 400 fot kabel. Ge dig upp och f\u00f6lj dina guider p\u00e5 tolv zipline-plattformar som korsar linjer upp till 1 000 fot (304 meter) medan du njuter av flygvyer \u00f6ver landskapet.<\/p>\n<p>Efter denna upplevelse f\u00e5r du din strandtid plus en lokal lunch p\u00e5 stranden.<\/p>\n<ul>\n<li>Inkluderar buff\u00e9 lunch p\u00e5 stranden.<\/li>\n<li>Zipline i regnskogen och f\u00e5 utsikt \u00f6ver landskapet<\/li>\n<li>Guiden ger instruktioner och handledning.<\/li>\n<\/ul>\n<h3>Inklusioner och undantag<\/h3>\n<h4>Inklusioner<\/h4>\n<ol>\n<li>Lunchbuff\u00e9 p\u00e5 stranden.<\/li>\n<li>Zipline Tour<\/li>\n<li>Kaffe och kakaoskog<\/li>\n<li>Alla skatter, avgifter och avgifter<\/li>\n<li>Lokala skatter<\/li>\n<li>Drycker<\/li>\n<li>Alla aktiviteter<\/li>\n<li>Lokal guide<\/li>\n<\/ol>\n<h3>Uteslutningar<\/h3>\n<ol>\n<li>Tips<\/li>\n<li>\u00d6verf\u00f6ra<\/li>\n<li>Alkoholhaltiga drycker<\/li>\n<\/ol>\n<h3><em>Avresa och hemresa<\/em><\/h3>\n<p>Resen\u00e4ren kommer att f\u00e5 en m\u00f6tesplats efter bokningsprocessen. Turerna b\u00f6rjar och slutar vid v\u00e5ra m\u00f6tesplatser.<\/p>\n<h3><em>Vad du kan f\u00f6rv\u00e4nta?<\/em><\/h3>\n<p>Skaffa dina biljetter f\u00f6r att bes\u00f6ka El Valle Zipline i Saman\u00e1, plus en underbar lunch och strandtid p\u00e5 El Valle-stranden.<\/p>\n<p>Efter att ha skaffat all typ av utrustning som kr\u00e4vs f\u00f6r din s\u00e4kerhet (sele, hj\u00e4lmar, etc.), kommer \u00e5tg\u00e4rden att b\u00f6rja, g\u00e5 lite genom den fuktiga kokos- och kakaoskogen i Saman\u00e1.<\/p>\n<p>El recorrido, organizado por \u00abBooking Adventures\u00bb comienza en el punto de encuentro establecido con el gu\u00eda tur\u00edstico. Con una caba\u00f1a de la zona, donde reciben a los invitados con una degustaci\u00f3n de chocolate y caf\u00e9 org\u00e1nico y un trago de Mamajuana tambi\u00e9n. La emoci\u00f3n comienza en el momento en que los gu\u00edas de Zip-Line comienzan a colocar todo el equipo regulador en cada Zipliner y explican paso a paso qu\u00e9 hacer en la Zip Line. Se requerir\u00e1 el uso de cascos de seguridad con arn\u00e9s doble &#8230; la adrenalina comienza a surtir efecto, suda e incluso se arrepiente para ver la distancia del primer salto. Espere y participe en la \u00abl\u00ednea de seguridad\u00bb en el cable de acero, as\u00ed que es hora de liberar su cuerpo, experimentar la sensaci\u00f3n de volar, volar de plataforma en plataforma y disfrutar del aire con una vista privilegiada de las monta\u00f1as exuberantes, antiguas y tropicales. .<\/p>\n<p>Boknings\u00e4ventyr, Zip-Line el Valle best\u00e5r av 12 plattformar sammankopplade med tre st\u00e5lkablar f\u00f6r totalt 7 400 fot kablar, som st\u00f6der 13 tusen pund vardera, d\u00e4r \u00e4ventyrare glider med start fr\u00e5n den f\u00f6rsta b\u00e5tinspirerade plattformspiraten och en str\u00e4cka p\u00e5 1 000 fot fr\u00e5n den andra plattformen, p\u00e5 en h\u00f6jd av mer \u00e4n 400 fot. Piruett, skrik av sp\u00e4nning eller bara distrahera dina \u00f6gon i 360 graders vinkel och uppt\u00e4ck den frodigaste tropiska skogen som v\u00e4xer i hj\u00e4rtat av bergen.<\/p>\n<p>\u00c5k kablarna f\u00f6r m\u00e5nga stationer och hamna vid El Valle-stranden. Den h\u00e4r stranden \u00e4r en av de vackraste i Saman\u00e1 och det \u00e4r vanligtvis inte m\u00e5nga som bes\u00f6ker det omgivande omr\u00e5det.<\/p>\n<p>\u00c4t lunch p\u00e5 stranden och du kan stanna s\u00e5 l\u00e4nge du vill bada. Stekt fisk och Tostones erbjuds! Om du \u00e4r vegan kan vi \u00e4ven laga lite mat \u00e5t dig.<\/p>\n<h3><em>Vad ska du ta med?<\/em><\/h3>\n<ul>\n<li>Kamera<\/li>\n<li>Repellenter<\/li>\n<li>Solskydd<\/li>\n<li>Hatt<\/li>\n<li>Bekv\u00e4ma byxor<\/li>\n<li>Skogsvandringsskor<\/li>\n<li>Sandaler till stranden<\/li>\n<li>Baddr\u00e4kt<\/li>\n<\/ul>\n<h3><em>Hotellh\u00e4mtning<\/em><\/h3>\n<p>Hotellh\u00e4mtning erbjuds inte f\u00f6r denna turn\u00e9.<\/p>\n<p><strong>Notera:<\/strong> Om du bokar inom 24 timmar efter turn\u00e9ns\/utflyktens avg\u00e5ngstid kan vi ordna hotellh\u00e4mtning med extra avgifter. N\u00e4r ditt k\u00f6p \u00e4r slutf\u00f6rt skickar vi fullst\u00e4ndig kontaktinformation (telefonnummer, e-postadress, etc.) till dig s\u00e5 att v\u00e5r lokala reseguide kan ordna h\u00e4mtning.<\/p>\n<h3><em>Bekr\u00e4ftelse av ytterligare information<\/em><\/h3>\n<ul>\n<li>Biljetterna \u00e4r kvittot efter betalning f\u00f6r denna turn\u00e9. Du kan visa betalningen p\u00e5 din telefon.<\/li>\n<li>M\u00f6tesplatsen kommer att tas emot efter bokningsprocessen.<\/li>\n<li>Barn m\u00e5ste \u00e5tf\u00f6ljas av en vuxen.<\/li>\n<li>Deltagarna m\u00e5ste v\u00e4ga minst 45 pund.<\/li>\n<li>Ingen maxvikt, men selarna ska passa din kropp. (storlek 54 midja max.)<\/li>\n<li>Du kan Zip dubbel, med barn eller med n\u00e5gon speciell.<\/li>\n<\/ul>\n<p><strong>Notera:<\/strong> Det finns en 100 yards promenad uppf\u00f6r en brant grusbacke f\u00f6r att n\u00e5 den f\u00f6rsta plattformen.<\/p>\n<ul>\n<li>Ej rullstolsanpassat<\/li>\n<li>Sp\u00e4dbarn m\u00e5ste sitta med en vuxen<\/li>\n<li>Rekommenderas inte f\u00f6r resen\u00e4rer med ryggproblem.<\/li>\n<li>Rekommenderas inte f\u00f6r gravida kvinnor.<\/li>\n<li>Inga hj\u00e4rtproblem eller andra allvarliga medicinska tillst\u00e5nd.<\/li>\n<li>De flesta resen\u00e4rer kan delta.<\/li>\n<\/ul>\n<h3><em>Avbokningsregler<\/em><\/h3>\n<p>F\u00f6r full \u00e5terbetalning, avboka minst 24 timmar f\u00f6re aktivitetens startdatum.<\/p>\n\n\t\t<\/div>\n\t<\/div>\n<\/div><\/div><\/div><\/div><div class=\"vc_row wpb_row vc_row-fluid\" ><div class=\"wpb_column vc_column_container vc_col-sm-12\"><div class=\"vc_column-inner\"><div class=\"wpb_wrapper\">\n\t<div class=\"wpb_text_column wpb_content_element\" >\n\t\t<div class=\"wpb_wrapper\">\n\t\t\t<h4>Kontakta oss!<\/h4>\n<h5>\u00e4ventyrsreservat<\/h5>\n<p><em>Reseguider <strong>lokal<\/strong> och <strong>nationell<\/strong> och g\u00e4sttj\u00e4nster<\/em><\/p>\n<p>Bokningar: Rundturer och utflykter i Dom. Rep.<\/p>\n<p>Tel\/Whatsapp +1-809-720-6035.<\/p>\n<p>info@bookingadventures.com.do<\/p>\n<p>Vi g\u00f6r privata turer med flexibel konfiguration av Whatsapp:<strong>\u00a0<a href=\"tel:+18097206035\">+18097206035.<\/a><\/strong><\/p>\n\n\t\t<\/div>\n\t<\/div>\n<div class=\"vc_empty_space\"   style=\"height: 32px\"><span class=\"vc_empty_space_inner\"><\/span><\/div><\/div><\/div><\/div><\/div>","protected":false},"excerpt":{"rendered":"<p>Zip line i Saman\u00e1, El Valle plus lunch p\u00e5 stranden. F\u00f6lj med oss och bes\u00f6k en av de l\u00e4ngsta zip-linjerna i Karibien, 12 linjer, 13 stationer och mer \u00e4n 7 400 fot kabel!<\/p>\n<p>Efter denna upplevelse f\u00e5r du din strandtid plus en lokal lunch p\u00e5 stranden.<\/p>\n<p><em><strong>V\u00e4lj datum f\u00f6r turn\u00e9n:<\/strong><\/em><\/p>","protected":false},"featured_media":132,"template":"","meta":[],"product_brand":[],"product_cat":[96,135,122,443,123,124],"product_tag":[138,157,158,142,147,148,143,159,160,161],"class_list":{"0":"post-607","1":"product","2":"type-product","3":"status-publish","4":"has-post-thumbnail","6":"product_cat-hiking","7":"product_cat-lunch","8":"product_cat-tours-and-excursions","9":"product_cat-tours-y-excursiones-es","10":"product_cat-tours-excursions-los-haitises-national-park","11":"product_cat-tours-excursions-samana-bay-dominican-republic","12":"product_tag-beach-time","13":"product_tag-el-valle-beach","14":"product_tag-playa-el-valle","15":"product_tag-samana","16":"product_tag-samana-bay","17":"product_tag-samana-excursions","18":"product_tag-samana-tours","19":"product_tag-tours-dominican-republic","20":"product_tag-zip-line","21":"product_tag-zip-line-samana","23":"first","24":"instock","25":"sale","26":"sold-individually","27":"shipping-taxable","28":"product-type-external"},"_links":{"self":[{"href":"https:\/\/haitises.com\/sv\/wp-json\/wp\/v2\/product\/607","targetHints":{"allow":["GET"]}}],"collection":[{"href":"https:\/\/haitises.com\/sv\/wp-json\/wp\/v2\/product"}],"about":[{"href":"https:\/\/haitises.com\/sv\/wp-json\/wp\/v2\/types\/product"}],"wp:featuredmedia":[{"embeddable":true,"href":"https:\/\/haitises.com\/sv\/wp-json\/wp\/v2\/media\/132"}],"wp:attachment":[{"href":"https:\/\/haitises.com\/sv\/wp-json\/wp\/v2\/media?parent=607"}],"wp:term":[{"taxonomy":"product_brand","embeddable":true,"href":"https:\/\/haitises.com\/sv\/wp-json\/wp\/v2\/product_brand?post=607"},{"taxonomy":"product_cat","embeddable":true,"href":"https:\/\/haitises.com\/sv\/wp-json\/wp\/v2\/product_cat?post=607"},{"taxonomy":"product_tag","embeddable":true,"href":"https:\/\/haitises.com\/sv\/wp-json\/wp\/v2\/product_tag?post=607"}],"curies":[{"name":"wp","href":"https:\/\/api.w.org\/{rel}","templated":true}]}}