{"id":600,"date":"2020-07-04T19:39:50","date_gmt":"2020-07-04T19:39:50","guid":{"rendered":"http:\/\/haitises.com\/?post_type=product&#038;p=600"},"modified":"2024-04-16T17:14:51","modified_gmt":"2024-04-16T17:14:51","slug":"para-seglingsutflykt-fran-punta-cana-30-usd","status":"publish","type":"product","link":"https:\/\/haitises.com\/sv\/privat\/para-seglingsutflykt-fran-punta-cana-30-usd\/","title":{"rendered":"Utflykt med parasailing fr\u00e5n Punta Cana 30 USD"},"content":{"rendered":"<div class=\"vc_row wpb_row vc_row-fluid\" ><div class=\"wpb_column vc_column_container vc_col-sm-12\"><div class=\"vc_column-inner\"><div class=\"wpb_wrapper\">\n\t<div class=\"wpb_text_column wpb_content_element\" >\n\t\t<div class=\"wpb_wrapper\">\n\t\t\t<p>u<\/p>\n\n\t\t<\/div>\n\t<\/div>\n<\/div><\/div><\/div><\/div><div class=\"vc_row wpb_row vc_row-fluid\" ><div class=\"wpb_column vc_column_container vc_col-sm-12\"><div class=\"vc_column-inner\"><div class=\"wpb_wrapper\">[mkdf_section_title subtitle_tag=\u00bb\u00bb text_font_weight=\u00bb\u00bb subtitle=\u00bbDesde los hoteles de Punta Cana\u00bb text=\u00bbNota: Este recorrido comienza a las 7:00 am. Dependiendo de d\u00f3nde est\u00e9 el horario de recogida de los hoteles, puede cambiar. Costo adicional para recoger en \u00e1reas no incluidas en nuestra descripci\u00f3n\u00bb]<\/div><\/div><\/div><\/div><div class=\"vc_row wpb_row vc_row-fluid\" ><div class=\"wpb_column vc_column_container vc_col-sm-12\"><div class=\"vc_column-inner\"><div class=\"wpb_wrapper\"><div class=\"vc_empty_space\"   style=\"height: 32px\"><span class=\"vc_empty_space_inner\"><\/span><\/div><\/div><\/div><\/div><\/div><div class=\"vc_row wpb_row vc_row-fluid\" ><div class=\"wpb_column vc_column_container vc_col-sm-12\"><div class=\"vc_column-inner\"><div class=\"wpb_wrapper\">\n\t<div class=\"wpb_text_column wpb_content_element\" >\n\t\t<div class=\"wpb_wrapper\">\n\t\t\t<h2>Parasailing-tur fr\u00e5n Punta Cana<\/h2>\n<h3>Beskrivning<\/h3>\n<p>Parasailing \u00f6ver kusten i Punta Cana \/ Bavaro under denna 40 minuters aktivitet med avg\u00e5ng fr\u00e5n Punta Cana. Dra nytta av expertisen hos ett av de mest erfarna parasailingf\u00f6retagen i Dominikanska republiken, med \u00f6ver 60 000 flygningar sedan 2001. F\u00e5 en hisnande utsikt \u00f6ver str\u00e4nderna, det turkosa vattnet och de vidstr\u00e4ckta resorterna som ligger l\u00e4ngs kusten n\u00e4r du flyger hundratals meter upp i luften. Ta med solkr\u00e4m, badkl\u00e4der och en k\u00e4nsla f\u00f6r \u00e4ventyr. Panoramaflygtur Ta en b\u00e5ttur och se sev\u00e4rdheterna fr\u00e5n vattnet V\u00e4lj mellan avg\u00e5ng p\u00e5 morgonen eller eftermiddagen Gratis h\u00e4mtning och l\u00e4mning p\u00e5 hotellet ing\u00e5r.<\/p>\n<ul>\n<li>Val av flera utflykter under dagen.<\/li>\n<li>Njut av fantastiska vyer fr\u00e5n luften<\/li>\n<li>Med familj och v\u00e4nner<\/li>\n<li>Upph\u00e4mtning fr\u00e5n en m\u00f6tesplats i stadens centrum<\/li>\n<li>Romantisk upplevelse, perfekt f\u00f6r par.<\/li>\n<\/ul>\n<h3>Inklusioner och undantag<\/h3>\n<h4>Inklusioner<\/h4>\n<ol>\n<li>Fallsk\u00e4rmshoppning<\/li>\n<li>H\u00e4mtning med buss fr\u00e5n ditt hotell<\/li>\n<li>Alla skatter, avgifter och avgifter<\/li>\n<li>Drycker<\/li>\n<\/ol>\n<h4>Uteslutningar<\/h4>\n<ol>\n<li>Tips<\/li>\n<li>Lunch<\/li>\n<\/ol>\n<h3><em>Avresa och hemresa<\/em><\/h3>\n<p>Resen\u00e4ren kommer att f\u00e5 en m\u00f6tesplats efter bokningsprocessen. Turerna b\u00f6rjar och slutar vid v\u00e5ra m\u00f6tesplatser.<\/p>\n<h3><em>Vad du kan f\u00f6rv\u00e4nta?<\/em><\/h3>\n<p>F\u00f6rest\u00e4ll dig att du sv\u00e4var 150 meter upp i luften, den svala vinden smeker ditt ansikte medan du kopplar av med en spektakul\u00e4r utsikt \u00f6ver kusten mellan B\u00e1varo och Punta Cana. Sluta fantisera och f\u00f6lj med oss p\u00e5 en riktigt sp\u00e4nnande \u00e5ktur, en of\u00f6rgl\u00f6mlig upplevelse. Allt du beh\u00f6ver \u00e4r solkr\u00e4m och en baddr\u00e4kt, medan du njuter av den sp\u00e4nnande \u00e5kturen. Flyg med Dominikanska republikens fr\u00e4msta parasailingf\u00f6retag. Med \u00f6ver 60 000 flygningar sedan 2001 \u00e4r v\u00e5ra kvalificerade kaptener och bes\u00e4ttning bland de mest erfarna i branschen.<\/p>\n<p><strong>Kalender:<\/strong><\/p>\n<p>7:00 AM - 7:00 PM ... Tiden \u00e4ndras beroende p\u00e5 var du befinner dig i Punta Cana.<\/p>\n<h3><em>Vad ska du ta med?<\/em><\/h3>\n<ul>\n<li>Kamera<\/li>\n<li>Repellenter<\/li>\n<li>Solskydd<\/li>\n<li>Hatt<\/li>\n<li>Bekv\u00e4ma byxor<\/li>\n<li>Skogsvandringsskor<\/li>\n<li>Sandaler till stranden<\/li>\n<li>Baddr\u00e4kt<\/li>\n<li>Kontanter f\u00f6r souvenirer<\/li>\n<\/ul>\n<h3><em>Hotellh\u00e4mtning<\/em><\/h3>\n<p>Upph\u00e4mtning av resen\u00e4rer erbjuds!<\/p>\n<p>Vi h\u00e4mtar fr\u00e5n alla hotell i Punta Cana. Upph\u00e4mtningsplatsen \u00e4r hotellets lobby.<br \/>\nOm du bor i en l\u00e4genhet i omr\u00e5det h\u00e4mtar vi dig vid l\u00e4genheten eller vid ing\u00e5ngen till n\u00e4rmaste resort. Vi st\u00e4ller in upph\u00e4mtning genom att kontakta oss via Whatsapp.<\/p>\n<p><strong>Notera:<\/strong> Om du bokar inom 24 timmar f\u00f6re avresan f\u00f6r turen\/utflykten kan vi ordna upph\u00e4mtning p\u00e5 hotellet. N\u00e4r ditt k\u00f6p \u00e4r slutf\u00f6rt skickar vi dig fullst\u00e4ndig kontaktinformation (telefonnummer, e-postadress etc.) f\u00f6r v\u00e5r lokala reseledare f\u00f6r att ordna upph\u00e4mtningsarrangemang.<\/p>\n<h3><em>Bekr\u00e4ftelse av ytterligare information<\/em><\/h3>\n<ul>\n<li>Biljetterna \u00e4r kvittot efter betalning f\u00f6r denna turn\u00e9. Du kan visa betalningen p\u00e5 din telefon.<\/li>\n<li>M\u00f6tesplatsen kommer att tas emot efter bokningsprocessen.<\/li>\n<li>Barn m\u00e5ste \u00e5tf\u00f6ljas av en vuxen.<\/li>\n<li>Tillg\u00e4nglig f\u00f6r rullstolsburna<\/li>\n<li>Sp\u00e4dbarn ska sitta i ett sp\u00e4dbarnss\u00e4te eller tillsammans med en vuxen.<\/li>\n<li>De flesta resen\u00e4rer kan delta.<\/li>\n<\/ul>\n<h3><em>Avbokningsregler<\/em><\/h3>\n<p>F\u00f6r full \u00e5terbetalning, avboka minst 24 timmar innan upplevelsens startdatum.<\/p>\n\n\t\t<\/div>\n\t<\/div>\n<\/div><\/div><\/div><\/div><div class=\"vc_row wpb_row vc_row-fluid\" ><div class=\"wpb_column vc_column_container vc_col-sm-12\"><div class=\"vc_column-inner\"><div class=\"wpb_wrapper\"><div class=\"vc_empty_space\"   style=\"height: 32px\"><span class=\"vc_empty_space_inner\"><\/span><\/div>\n\t<div class=\"wpb_text_column wpb_content_element\" >\n\t\t<div class=\"wpb_wrapper\">\n\t\t\t<h4>Kontakta oss p\u00e5<\/h4>\n<h5>\u00c4ventyrsreservationer<\/h5>\n<p><em>Reseguider <strong>lokal<\/strong> och <strong>nationell<\/strong> och g\u00e4sttj\u00e4nster<\/em><\/p>\n<p>Bokningar: Rundturer och utflykter i Dom. Rep.<\/p>\n<p>Tel\/Whatsapp +1-809-720-6035.<\/p>\n<p>info@bookingadventures.com.do<\/p>\n<p>Hacemos tours privados de configuraci\u00f3n flexible por Whatsapp: +18097206035.<\/p>\n\n\t\t<\/div>\n\t<\/div>\n<div class=\"vc_empty_space\"   style=\"height: 32px\"><span class=\"vc_empty_space_inner\"><\/span><\/div><\/div><\/div><\/div><\/div>","protected":false},"excerpt":{"rendered":"<p>Parasailing i Punta Cana \u00e4r ett fantastiskt \u00e4ventyr och en av de b\u00e4sta sakerna att g\u00f6ra i Punta Cana. Kustlinjen fr\u00e5n 200 meter upp i luften, n\u00e4r du seglar, \u00e4r helt hisnande.<\/p>\n<p>Parasailing \u00e4r en enkel och rolig upplevelse f\u00f6r alla familjemedlemmar. Som det fr\u00e4msta parasailing- och \u00e4ventyrsf\u00f6retaget i Dominikanska republiken \u00e4r v\u00e5rt parasailing-team bland de mest erfarna i Punta Cana, med \u00f6ver 16 \u00e5rs erfarenhet av flygning. Du kan njuta av ca 15 minuters flygning medan du njuter av den vackra panoramautsikten.<\/p>\n<p><strong>V\u00e4lj datum f\u00f6r turn\u00e9n:<\/strong><\/p>","protected":false},"featured_media":451,"template":"","meta":[],"product_brand":[],"product_cat":[359,305,122,443,259],"product_tag":[167,360,361,141,362,228,171],"class_list":{"0":"post-600","1":"product","2":"type-product","3":"status-publish","4":"has-post-thumbnail","6":"product_cat-parasaling","7":"product_cat-tours-and-excursion-punta-cana","8":"product_cat-tours-and-excursions","9":"product_cat-tours-y-excursiones-es","10":"product_cat-tours-excursions-punta-cana-dominican-republic","11":"product_tag-catamaran","12":"product_tag-parasail-punta-cana","13":"product_tag-parasailing-in-punta-cana","14":"product_tag-punta-cana","15":"product_tag-punta-cana-catamaran-party-with-snorkeling-and-parasailing","16":"product_tag-punta-cana-tours","17":"product_tag-saona-island","19":"first","20":"instock","21":"sale","22":"featured","23":"sold-individually","24":"shipping-taxable","25":"product-type-external"},"_links":{"self":[{"href":"https:\/\/haitises.com\/sv\/wp-json\/wp\/v2\/product\/600","targetHints":{"allow":["GET"]}}],"collection":[{"href":"https:\/\/haitises.com\/sv\/wp-json\/wp\/v2\/product"}],"about":[{"href":"https:\/\/haitises.com\/sv\/wp-json\/wp\/v2\/types\/product"}],"wp:featuredmedia":[{"embeddable":true,"href":"https:\/\/haitises.com\/sv\/wp-json\/wp\/v2\/media\/451"}],"wp:attachment":[{"href":"https:\/\/haitises.com\/sv\/wp-json\/wp\/v2\/media?parent=600"}],"wp:term":[{"taxonomy":"product_brand","embeddable":true,"href":"https:\/\/haitises.com\/sv\/wp-json\/wp\/v2\/product_brand?post=600"},{"taxonomy":"product_cat","embeddable":true,"href":"https:\/\/haitises.com\/sv\/wp-json\/wp\/v2\/product_cat?post=600"},{"taxonomy":"product_tag","embeddable":true,"href":"https:\/\/haitises.com\/sv\/wp-json\/wp\/v2\/product_tag?post=600"}],"curies":[{"name":"wp","href":"https:\/\/api.w.org\/{rel}","templated":true}]}}