{"id":596,"date":"2020-07-02T18:32:15","date_gmt":"2020-07-02T18:32:15","guid":{"rendered":"http:\/\/haitises.com\/?post_type=product&#038;p=596"},"modified":"2024-04-16T18:28:21","modified_gmt":"2024-04-16T18:28:21","slug":"cuatro-aventuras-paravelismo-crucero-de-esnorquel-tiburones-y-rayas-en-piscinas-naturales-desde-punta-cana","status":"publish","type":"product","link":"https:\/\/haitises.com\/sv\/privat\/cuatro-aventuras-paravelismo-crucero-de-esnorquel-tiburones-y-rayas-en-piscinas-naturales-desde-punta-cana\/","title":{"rendered":"Fyra \u00e4ventyr: Parasailing, snorkling, hajar och stingrockor i naturliga pooler fr\u00e5n Punta Cana"},"content":{"rendered":"<div class=\"vc_row wpb_row vc_row-fluid\" ><div class=\"wpb_column vc_column_container vc_col-sm-12\"><div class=\"vc_column-inner\"><div class=\"wpb_wrapper\">[mkdf_section_title subtitle_tag=\u00bb\u00bb text_font_weight=\u00bb\u00bb subtitle=\u00bbDesde los hoteles de Punta Cana\u00bb text=\u00bbNota: Este recorrido comienza en diferentes horarios entre las 7:00 a.m. y las 4:00 p.m. Adem\u00e1s, puedes ver delfines pero no nadar con delfines. Dependiendo de cu\u00e1l sea el horario de Recogida en Hoteles, la hora puede cambiar. Costo adicional para recoger en \u00e1reas no incluidas en nuestra descripci\u00f3n.\u00bb]<\/div><\/div><\/div><\/div><div class=\"vc_row wpb_row vc_row-fluid\" ><div class=\"wpb_column vc_column_container vc_col-sm-12\"><div class=\"vc_column-inner\"><div class=\"wpb_wrapper\"><div class=\"vc_empty_space\"   style=\"height: 32px\"><span class=\"vc_empty_space_inner\"><\/span><\/div><\/div><\/div><\/div><\/div><div class=\"vc_row wpb_row vc_row-fluid\" ><div class=\"wpb_column vc_column_container vc_col-sm-12\"><div class=\"vc_column-inner\"><div class=\"wpb_wrapper\">\n\t<div class=\"wpb_text_column wpb_content_element\" >\n\t\t<div class=\"wpb_wrapper\">\n\t\t\t<h2>Cuatro aventuras: crucero en paraca\u00eddas, sn\u00f3rkel, tiburones y rayas en piscinas naturales desde Punta Cana<\/h2>\n<h3>Beskrivning<\/h3>\n<p>Experimenta la emoci\u00f3n de cuatro aventuras en una con este tour \u00e9pico desde Punta Cana. Rel\u00e1jate a bordo de un catamar\u00e1n de dos pisos, descubre las maravillas del mar y disfruta de encuentros cercanos con la vida marina. Podr\u00e1 bucear en una espectacular barrera de arrecifes rodeada de peces tropicales y experimentar la diversi\u00f3n de un espect\u00e1culo marino interactivo completo con tiburones y rayas. Esta popular opci\u00f3n de viaje incluye bebidas ilimitadas en el mejor bote de fiesta y es perfecta para divertirse con familiares y amigos. Despu\u00e9s de probar la vida bajo el agua, \u00a1explora desde arriba con una parasail emocionante a 500 pies sobre la superficie del agua!<\/p>\n<ul>\n<li>Val av flera utflykter under dagen.<\/li>\n<li>Para los amantes del mar<\/li>\n<li>Njut av fantastiska vyer fr\u00e5n luften<\/li>\n<li>En familia y amigos<\/li>\n<li>Upph\u00e4mtning fr\u00e5n en m\u00f6tesplats i stadens centrum<\/li>\n<li>Romantisk upplevelse, perfekt f\u00f6r par.<\/li>\n<\/ul>\n<h3>Inklusioner och undantag<\/h3>\n<h4>Inklusioner<\/h4>\n<ol>\n<li>Fallsk\u00e4rmshoppning<\/li>\n<li>Crucero de sn\u00f3rkel, tiburones y rayas en piscinas naturales<\/li>\n<li>H\u00e4mtning med buss fr\u00e5n ditt hotell<\/li>\n<li>Alla skatter, avgifter och hanteringsavgifter<\/li>\n<li>Lokala skatter<\/li>\n<li>Drycker<\/li>\n<\/ol>\n<h4>Uteslutningar<\/h4>\n<ol>\n<li>Tips<\/li>\n<li>Lunch<\/li>\n<\/ol>\n<h3><em>Avresa och hemresa<\/em><\/h3>\n<p>Resen\u00e4ren kommer att f\u00e5 en m\u00f6tesplats efter bokningsprocessen. Turerna b\u00f6rjar och slutar vid v\u00e5ra m\u00f6tesplatser.<\/p>\n<h3><em>Vad du kan f\u00f6rv\u00e4nta?<\/em><\/h3>\n<p>Viaje c\u00f3modo con aire acondicionado desde su hotel de Punta Cana a un hermoso catamar\u00e1n de dos pisos y viaje a la impresionante belleza de Punta Cana con un equipo experto. Recorra la playa de B\u00e1varo y practique snorkel en arrecifes de coral y peces tropicales bajo la supervisi\u00f3n de buzos profesionales. Luego, dir\u00edgete a un parque marino donde tendr\u00e1s un encuentro cercano con rayas y tiburones d\u00f3ciles. Nade y practique snorkel rodeado de estas criaturas gigantes y obtenga una visi\u00f3n m\u00e1s profunda de su equipo de gu\u00edas.<\/p>\n<p>Luego disfrutar\u00e1s del tiempo en una refrescante piscina natural donde nadar\u00e1s y te relajar\u00e1s con una cerveza fr\u00eda en la mano. Sum\u00e9rgete en las golosinas de un bar flotante y escucha mientras un DJ local bombea ritmos en este incre\u00edble entorno isle\u00f1o.<\/p>\n<p>Experimenta la emoci\u00f3n de las aguas cristalinas del oc\u00e9ano con juegos, bebidas y entretenimiento. Su recorrido concluye con una aventura \u00e9pica de parasailing desde la playa de Cortesito. Despu\u00e9s de una visi\u00f3n general de seguridad, volar\u00e1s por encima de las impresionantes aguas azules y disfrutar\u00e1s de incre\u00edbles vistas tropicales mientras vuelas por el para\u00edso. Volver\u00e1 a la costa de manera segura antes de regresar a su hotel con su transporte.<\/p>\n<p>Kalender:<\/p>\n<p>7:00 AM &#8211; 4:00 PM &#8230; Cambio de hora dependiendo de en qu\u00e9 lugar de Punta Cana se encuentre. Cont\u00e1ctenos para establecer la hora.<\/p>\n<h3><em>Vad ska du ta med?<\/em><\/h3>\n<ul>\n<li>Kamera<\/li>\n<li>Repellenter<\/li>\n<li>Solskydd<\/li>\n<li>Hatt<\/li>\n<li>Bekv\u00e4ma byxor<\/li>\n<li>Skogsvandringsskor<\/li>\n<li>Sandaler till stranden<\/li>\n<li>Baddr\u00e4kt<\/li>\n<li>Kontanter f\u00f6r souvenirer<\/li>\n<\/ul>\n<h3><em>Hotellh\u00e4mtning<\/em><\/h3>\n<p>Se ofrece recogida de viajeros!<\/p>\n<p>Vi h\u00e4mtar fr\u00e5n alla hotell i Punta Cana. Upph\u00e4mtningsplatsen \u00e4r hotellets lobby.<br \/>\nSi se hospeda en un condominio en el \u00e1rea, lo recogeremos en el condominio o en la entrada del resort m\u00e1s cercano. Configuramos Recogerlo contactando con nosotros por Whatsapp.<\/p>\n<p><strong>Notera:<\/strong> Om du bokar inom 24 timmar f\u00f6re avresan f\u00f6r turen\/utflykten kan vi ordna upph\u00e4mtning p\u00e5 hotellet. N\u00e4r ditt k\u00f6p \u00e4r slutf\u00f6rt skickar vi dig fullst\u00e4ndig kontaktinformation (telefonnummer, e-postadress etc.) f\u00f6r v\u00e5r lokala reseledare f\u00f6r att ordna upph\u00e4mtningsarrangemang.<\/p>\n<h3><em>Bekr\u00e4ftelse av ytterligare information<\/em><\/h3>\n<ul>\n<li>Biljetterna \u00e4r kvittot efter betalning f\u00f6r denna turn\u00e9. Du kan visa betalningen p\u00e5 din telefon.<\/li>\n<li>M\u00f6tesplatsen kommer att tas emot efter bokningsprocessen.<\/li>\n<li>Barn m\u00e5ste \u00e5tf\u00f6ljas av en vuxen.<br \/>\nsilla de ruedas accesible<\/li>\n<li>Los infantes deben sentarse en el un asiento para beb\u00e9s o con un adulto<\/li>\n<li>De flesta resen\u00e4rer kan delta.<\/li>\n<\/ul>\n<h3><em>Avbokningsregler<\/em><\/h3>\n<p>F\u00f6r full \u00e5terbetalning, avboka minst 24 timmar innan upplevelsens startdatum.<\/p>\n\n\t\t<\/div>\n\t<\/div>\n<\/div><\/div><\/div><\/div><div class=\"vc_row wpb_row vc_row-fluid\" ><div class=\"wpb_column vc_column_container vc_col-sm-12\"><div class=\"vc_column-inner\"><div class=\"wpb_wrapper\"><div class=\"vc_empty_space\"   style=\"height: 32px\"><span class=\"vc_empty_space_inner\"><\/span><\/div>\n\t<div class=\"wpb_text_column wpb_content_element\" >\n\t\t<div class=\"wpb_wrapper\">\n\t\t\t<h4>Kontakta oss p\u00e5<\/h4>\n<h5>\u00c4ventyrsreservationer<\/h5>\n<p><strong><em>Lokala och nationella reseledare och g\u00e4sttj\u00e4nster<\/em><\/strong><\/p>\n<p>Bokningar: Turer och utflykter i Dom.<\/p>\n<p>Tel\/Whatsapp +1-809-720-6035.<\/p>\n<p>info@bookingadventures.com.do<\/p>\n<p>Hacemos tours privados de configuraci\u00f3n flexible por Whatsapp: +18097206035.<\/p>\n\n\t\t<\/div>\n\t<\/div>\n<div class=\"vc_empty_space\"   style=\"height: 32px\"><span class=\"vc_empty_space_inner\"><\/span><\/div><\/div><\/div><\/div><\/div>","protected":false},"excerpt":{"rendered":"<p>Paravelismo en Punta Cana es una aventura incre\u00edble y una de las mejores cosas que hacer en Punta Cana. La costa desde 200 pi\u00e9s en el aire, mientras navegas, es absolutamente impresionante.<\/p>\n<p>Paravelismo es una experiencia simple y divertida para todos los miembros de la familia. Como la principal compa\u00f1\u00eda de paravelismo y aventura en la Rep\u00fablica Dominicana, nuestro equipo de parasailing se encuentra entre los m\u00e1s experimentados en Punta Cana, con m\u00e1s de 16 a\u00f1os de experiencia en vuelos. Puede disfrutar de unos 15 minutos de vuelo mientras disfruta de la hermosa vista panor\u00e1mica.<\/p>\n<p><strong>V\u00e4lj datum f\u00f6r turn\u00e9n:<\/strong><\/p>","protected":false},"featured_media":457,"template":"","meta":[],"product_brand":[],"product_cat":[359,363,305,122,443,259],"product_tag":[167,364,365,366,367,360,361,141,362,368,228,369,171,370,371,372],"class_list":{"0":"post-596","1":"product","2":"type-product","3":"status-publish","4":"has-post-thumbnail","6":"product_cat-parasaling","7":"product_cat-sharks-rays-in-natural-pools","8":"product_cat-tours-and-excursion-punta-cana","9":"product_cat-tours-and-excursions","10":"product_cat-tours-y-excursiones-es","11":"product_cat-tours-excursions-punta-cana-dominican-republic","12":"product_tag-catamaran","13":"product_tag-cheap-punta-cana-excursions","14":"product_tag-four-adventures-parasailing","15":"product_tag-natural-pool-punta-cana","16":"product_tag-natural-swimming-pool-punta-cana","17":"product_tag-parasail-punta-cana","18":"product_tag-parasailing-in-punta-cana","19":"product_tag-punta-cana","20":"product_tag-punta-cana-catamaran-party-with-snorkeling-and-parasailing","21":"product_tag-punta-cana-sharks","22":"product_tag-punta-cana-tours","23":"product_tag-rays-from-punta-cana","24":"product_tag-saona-island","25":"product_tag-sharks-rays-in-natural-pools-from-punta-cana","26":"product_tag-snorkeling-cruise","27":"product_tag-swimming-with-sharks-punta-cana","29":"first","30":"instock","31":"sale","32":"featured","33":"sold-individually","34":"shipping-taxable","35":"product-type-external"},"_links":{"self":[{"href":"https:\/\/haitises.com\/sv\/wp-json\/wp\/v2\/product\/596","targetHints":{"allow":["GET"]}}],"collection":[{"href":"https:\/\/haitises.com\/sv\/wp-json\/wp\/v2\/product"}],"about":[{"href":"https:\/\/haitises.com\/sv\/wp-json\/wp\/v2\/types\/product"}],"wp:featuredmedia":[{"embeddable":true,"href":"https:\/\/haitises.com\/sv\/wp-json\/wp\/v2\/media\/457"}],"wp:attachment":[{"href":"https:\/\/haitises.com\/sv\/wp-json\/wp\/v2\/media?parent=596"}],"wp:term":[{"taxonomy":"product_brand","embeddable":true,"href":"https:\/\/haitises.com\/sv\/wp-json\/wp\/v2\/product_brand?post=596"},{"taxonomy":"product_cat","embeddable":true,"href":"https:\/\/haitises.com\/sv\/wp-json\/wp\/v2\/product_cat?post=596"},{"taxonomy":"product_tag","embeddable":true,"href":"https:\/\/haitises.com\/sv\/wp-json\/wp\/v2\/product_tag?post=596"}],"curies":[{"name":"wp","href":"https:\/\/api.w.org\/{rel}","templated":true}]}}